{"id":14452,"date":"2024-09-12T16:41:48","date_gmt":"2024-09-12T15:41:48","guid":{"rendered":"https:\/\/swissgliders.ch\/?post_type=product&#038;p=14452"},"modified":"2025-05-24T09:56:24","modified_gmt":"2025-05-24T08:56:24","slug":"neo-lawinen-rucksack-arva-reactor-32l","status":"publish","type":"product","link":"https:\/\/swissgliders.ch\/de\/produkt\/neo-lawinen-rucksack-arva-reactor-32l\/","title":{"rendered":"Neo Lawinen Rucksack ARVA Reactor 32L"},"content":{"rendered":"<h3>Lawinen-Rucksack NEO ARVA Reactor 32l<\/h3>\n<p><img loading=\"lazy\" decoding=\"async\" class=\"\" src=\"https:\/\/www.neo-paragliders.fr\/web\/image\/product.product\/7062\/image_1024\/Lawinen-Rucksack%20NEO%20ARVA%20Reactor%2032l?unique=4209f87\" alt=\"Lawinen-Rucksack NEO ARVA Reactor 32l\" width=\"387\" height=\"445\" \/><\/p>\n<p>LAWINENRUCKSACK ARVA<\/p>\n<p>IDEAL BEIM SPEEDRIDING<\/p>\n<p>NEO entwickelte mit seinem Partner ARVA einen Lawinenrucksack, der auf die speziellen Bed\u00fcrfnisse beim Speedriding zugeschnitten wurde. Bei einem Fassungsverm\u00f6gen von 32 Litern findet auch ein Speedriding-Schirm noch darin Platz. In Kombination mit dem Body Picture-Gurtzeug tr\u00e4gt sich der ARVA Lawinenrucksack so, als w\u00e4r er gar nicht da.<\/p>\n<p>Was ist ein Lawinen-Rucksack?<br \/>\nWas ist das REACTOR System von ARVA?<\/p>\n<p>Die Antworten gibt&#8217;s\u00a0<a href=\"https:\/\/www.arva-equipment.com\/fr\/11-sacs-airbag\">HIER<\/a><\/p>\n<p>Mit seinem gro\u00dfen Fassungsverm\u00f6gen kombiniert der REACTOR 32 ein Lawinenrucksack-System mit einem gut ausgestatteten Rucksack f\u00fcr eine optimale Balance. Dank seiner zahlreichen Trageoptionen und seines geringen Gewichts eignet sich der R32 nicht nur f\u00fcr Speedriding, sondern auch f\u00fcr Freeride-Skiing und Skitouren.<\/p>\n<p>3 Hauptf\u00e4cher:<\/p>\n<ul>\n<li>Ein gro\u00dfes Fach f\u00fcr den Speedriding-Schirm<\/li>\n<\/ul>\n<ul>\n<li>Ein Fach f\u00fcr Lawinenschaufel und -sonde.<\/li>\n<\/ul>\n<ul>\n<li>Ein Fach f\u00fcr Skibrille und weitere Kleinigkeiten<\/li>\n<\/ul>\n<p>Wird ohne ARVA Stahl- oder Karbonflasche ausgeliefert.<\/p>\n<section class=\"s_text_block o_colored_level undefined pt56 pb48\" data-snippet=\"s_text_block\" data-name=\"Technical data - Heading\">\n<div class=\"s_allow_columns container\"><\/div>\n<\/section>\n<section class=\"s_showcase o_colored_level undefined pb0 pt0\" data-vcss=\"002\" data-snippet=\"s_showcase\" data-name=\"Technical data - Table\">\n<div class=\"container\">\n<div class=\"row no-gutters s_col_no_resize s_col_no_bgcolor s_nb_column_fixed\">\n<div class=\"col-lg\">\n<div class=\"row\">\n<div class=\"col-lg-12 o_colored_level pt0 pb8\" data-name=\"Block\">\n<h3>TECHNISCHE DATEN<\/h3>\n<p>Technische Beschreibung des Produktes<\/p>\n<p><strong>KONZEPT<\/strong><\/p>\n<p>Lawinenrucksack f\u00fcr die Bed\u00fcrfnisse beim Speedriding<\/p>\n<p>R\u00fcckensystem: ARVA Tourenrucksack<\/p>\n<p>Lawinenschutz: ARVA Reactor<\/p>\n<p><strong>VOLUMEN<\/strong><\/p>\n<p>32 l<\/p>\n<p><strong>GEWICHT<\/strong><\/p>\n<p>2,4 kg<\/p>\n<p><strong>LIEFERUMFANG<\/strong><\/p>\n<p>&#8211; Befestigungsm\u00f6glochkeiten f\u00fcr: Skis (diagonal) \/ Snowboard \/ Eispickel \/ St\u00f6cke<\/p>\n<p>&#8211; Fidlock -Verschlu\u00df f\u00fcr NEO SpeedPack<\/p>\n<p>Optional erh\u00e4ltlich:<\/p>\n<p>&#8211; NEO Helmhalter, Trinksystem<\/p>\n<p>&#8211; ARVA-Zubeh\u00f6r (LVS, Sonde, Schaufel)<\/p>\n<p>&nbsp;<\/p>\n<\/div>\n<\/div>\n<\/div>\n<\/div>\n<\/div>\n<\/section>\n<p>Farbe:\u00a0Noir<br \/>\nGr\u00f6\u00dfen:\u00a032L<\/p>\n<p>&nbsp;<\/p>\n<p>Mehr <a href=\"https:\/\/www.neo-paragliders.fr\/de\/shop\/lawinen-rucksack-neo-arva-reactor-32l-1741\">Infos<\/a><\/p>\n<p>Falls dieser Artikel nicht an Lager ist, wird er f\u00fcr dich bestellt. Lieferfrist auf Anfrage.<\/p>\n<p>&nbsp;<\/p>\n","protected":false},"excerpt":{"rendered":"<h3>Lawinen-Rucksack NEO ARVA Reactor 32l<\/h3>\n<p><img loading=\"lazy\" decoding=\"async\" class=\"\" src=\"https:\/\/www.neo-paragliders.fr\/web\/image\/product.product\/7062\/image_1024\/Lawinen-Rucksack%20NEO%20ARVA%20Reactor%2032l?unique=4209f87\" alt=\"Lawinen-Rucksack NEO ARVA Reactor 32l\" width=\"387\" height=\"445\" \/><\/p>\n<p>LAWINENRUCKSACK ARVA<\/p>\n<p>IDEAL BEIM SPEEDRIDING<\/p>\n<p>NEO entwickelte mit seinem Partner ARVA einen Lawinenrucksack, der auf die speziellen Bed\u00fcrfnisse beim Speedriding zugeschnitten wurde. Bei einem Fassungsverm\u00f6gen von 32 Litern findet auch ein Speedriding-Schirm noch darin Platz. In Kombination mit dem Body Picture-Gurtzeug tr\u00e4gt sich der ARVA Lawinenrucksack so, als w\u00e4r er gar nicht da.<\/p>\n<p>Was ist ein Lawinen-Rucksack?<br \/>\nWas ist das REACTOR System von ARVA?<\/p>\n<p>Die Antworten gibt&#8217;s\u00a0<a href=\"https:\/\/www.arva-equipment.com\/fr\/11-sacs-airbag\">HIER<\/a><\/p>\n<p>Mit seinem gro\u00dfen Fassungsverm\u00f6gen kombiniert der REACTOR 32 ein Lawinenrucksack-System mit einem gut ausgestatteten Rucksack f\u00fcr eine optimale Balance. Dank seiner zahlreichen Trageoptionen und seines geringen Gewichts eignet sich der R32 nicht nur f\u00fcr Speedriding, sondern auch f\u00fcr Freeride-Skiing und Skitouren.<\/p>\n<p>3 Hauptf\u00e4cher:<\/p>\n<ul>\n<li>Ein gro\u00dfes Fach f\u00fcr den Speedriding-Schirm<\/li>\n<\/ul>\n<ul>\n<li>Ein Fach f\u00fcr Lawinenschaufel und -sonde.<\/li>\n<\/ul>\n<ul>\n<li>Ein Fach f\u00fcr Skibrille und weitere Kleinigkeiten<\/li>\n<\/ul>\n<p>Wird ohne ARVA Stahl- oder Karbonflasche ausgeliefert.<\/p>\n<section class=\"s_text_block o_colored_level undefined pt56 pb48\" data-snippet=\"s_text_block\" data-name=\"Technical data - Heading\">\n<div class=\"s_allow_columns container\"><\/div>\n<\/section>\n<section class=\"s_showcase o_colored_level undefined pb0 pt0\" data-vcss=\"002\" data-snippet=\"s_showcase\" data-name=\"Technical data - Table\">\n<div class=\"container\">\n<div class=\"row no-gutters s_col_no_resize s_col_no_bgcolor s_nb_column_fixed\">\n<div class=\"col-lg\">\n<div class=\"row\">\n<div class=\"col-lg-12 o_colored_level pt0 pb8\" data-name=\"Block\">\n<h3>TECHNISCHE DATEN<\/h3>\n<p>Technische Beschreibung des Produktes<\/p>\n<p><strong>KONZEPT<\/strong><\/p>\n<p>Lawinenrucksack f\u00fcr die Bed\u00fcrfnisse beim Speedriding<\/p>\n<p>R\u00fcckensystem: ARVA Tourenrucksack<\/p>\n<p>Lawinenschutz: ARVA Reactor<\/p>\n<p><strong>VOLUMEN<\/strong><\/p>\n<p>32 l<\/p>\n<p><strong>GEWICHT<\/strong><\/p>\n<p>2,4 kg<\/p>\n<p><strong>LIEFERUMFANG<\/strong><\/p>\n<p>&#8211; Befestigungsm\u00f6glochkeiten f\u00fcr: Skis (diagonal) \/ Snowboard \/ Eispickel \/ St\u00f6cke<\/p>\n<p>&#8211; Fidlock -Verschlu\u00df f\u00fcr NEO SpeedPack<\/p>\n<p>Optional erh\u00e4ltlich:<\/p>\n<p>&#8211; NEO Helmhalter, Trinksystem<\/p>\n<p>&#8211; ARVA-Zubeh\u00f6r (LVS, Sonde, Schaufel)<\/p>\n<p>&nbsp;<\/p>\n<\/div>\n<\/div>\n<\/div>\n<\/div>\n<\/div>\n<\/section>\n<p>Farbe:\u00a0Noir<br \/>\nGr\u00f6\u00dfen:\u00a032L<\/p>\n<p>&nbsp;<\/p>\n<p>Mehr <a href=\"https:\/\/www.neo-paragliders.fr\/de\/shop\/lawinen-rucksack-neo-arva-reactor-32l-1741\">Infos<\/a><\/p>\n<p>Falls dieser Artikel nicht an Lager ist, wird er f\u00fcr dich bestellt. Lieferfrist auf Anfrage.<\/p>\n<p>&nbsp;<\/p>\n","protected":false},"featured_media":14454,"comment_status":"closed","ping_status":"closed","template":"","meta":[],"product_brand":[],"product_cat":[2072],"product_tag":[2210,90],"class_list":{"0":"post-14452","1":"product","2":"type-product","3":"status-publish","4":"has-post-thumbnail","6":"product_cat-gleitschirm-rucksaecke","7":"product_tag-rucksack","8":"product_tag-verkaufsartikel","9":"product_shipping_class-priority-2kg-de","11":"first","12":"instock","13":"sale","14":"shipping-taxable","15":"purchasable","16":"product-type-simple"},"yoast_head":"<!-- This site is optimized with the Yoast SEO Premium plugin v26.1 (Yoast SEO v27.3) - https:\/\/yoast.com\/product\/yoast-seo-premium-wordpress\/ -->\n<title>Neo Lawinen Rucksack ARVA Reactor 32L | Gleitschirmschule Thun, Bern, Interlaken<\/title>\n<meta name=\"description\" content=\"Neo LAWINENRUCKSACK ARVAIDEAL BEIM SPEEDRIDINGNEO entwickelte mit seinem Partner ARVA einen Lawinenrucksack, der auf die speziellen Bed\u00fcrfnisse beim Speedriding zugeschnitten wurde. Bei einem Fassungsverm\u00f6gen von 32 Litern findet auch ein Speedriding-Schirm noch darin Platz. In Kombination mit dem Body Picture-Gurtzeug tr\u00e4gt sich der ARVA Lawinenrucksack so, als w\u00e4r er gar nicht da.\" \/>\n<meta name=\"robots\" content=\"index, follow, max-snippet:-1, max-image-preview:large, max-video-preview:-1\" \/>\n<link rel=\"canonical\" href=\"https:\/\/swissgliders.ch\/de\/produkt\/neo-lawinen-rucksack-arva-reactor-32l\/\" \/>\n<meta property=\"og:locale\" content=\"de_DE\" \/>\n<meta property=\"og:type\" content=\"article\" \/>\n<meta property=\"og:title\" content=\"Neo Lawinen Rucksack ARVA Reactor 32L\" \/>\n<meta property=\"og:description\" content=\"Neo LAWINENRUCKSACK ARVAIDEAL BEIM SPEEDRIDINGNEO entwickelte mit seinem Partner ARVA einen Lawinenrucksack, der auf die speziellen Bed\u00fcrfnisse beim Speedriding zugeschnitten wurde. Bei einem Fassungsverm\u00f6gen von 32 Litern findet auch ein Speedriding-Schirm noch darin Platz. In Kombination mit dem Body Picture-Gurtzeug tr\u00e4gt sich der ARVA Lawinenrucksack so, als w\u00e4r er gar nicht da.\" \/>\n<meta property=\"og:url\" content=\"https:\/\/swissgliders.ch\/de\/produkt\/neo-lawinen-rucksack-arva-reactor-32l\/\" \/>\n<meta property=\"og:site_name\" content=\"Gleitschirmschule Thun, Bern, Interlaken\" \/>\n<meta property=\"article:publisher\" content=\"https:\/\/www.facebook.com\/swissgliders\" \/>\n<meta property=\"article:modified_time\" content=\"2025-05-24T08:56:24+00:00\" \/>\n<meta property=\"og:image\" content=\"https:\/\/swissgliders.ch\/wp-content\/uploads\/2024\/09\/Neo_Rucksack_Lawinen-1.jpg\" \/>\n\t<meta property=\"og:image:width\" content=\"784\" \/>\n\t<meta property=\"og:image:height\" content=\"497\" \/>\n\t<meta property=\"og:image:type\" content=\"image\/jpeg\" \/>\n<meta name=\"twitter:card\" content=\"summary_large_image\" \/>\n<meta name=\"twitter:site\" content=\"@Swissgliders\" \/>\n<meta name=\"twitter:label1\" content=\"Preis\" \/>\n\t<meta name=\"twitter:data1\" content=\"&#067;&#072;&#070;&nbsp;751.00\" \/>\n\t<meta name=\"twitter:label2\" content=\"Verf\u00fcgbarkeit\" \/>\n\t<meta name=\"twitter:data2\" content=\"Auf Lager\" \/>\n<script type=\"application\/ld+json\" class=\"yoast-schema-graph\">{\"@context\":\"https:\\\/\\\/schema.org\",\"@graph\":[{\"@type\":\"WebPage\",\"@id\":\"https:\\\/\\\/swissgliders.ch\\\/de\\\/produkt\\\/neo-lawinen-rucksack-arva-reactor-32l\\\/\",\"url\":\"https:\\\/\\\/swissgliders.ch\\\/de\\\/produkt\\\/neo-lawinen-rucksack-arva-reactor-32l\\\/\",\"name\":\"Neo Lawinen Rucksack ARVA Reactor 32L | Gleitschirmschule Thun, Bern, Interlaken\",\"isPartOf\":{\"@id\":\"https:\\\/\\\/swissgliders.ch\\\/de\\\/#website\"},\"primaryImageOfPage\":{\"@id\":\"https:\\\/\\\/swissgliders.ch\\\/de\\\/produkt\\\/neo-lawinen-rucksack-arva-reactor-32l\\\/#primaryimage\"},\"image\":{\"@id\":\"https:\\\/\\\/swissgliders.ch\\\/de\\\/produkt\\\/neo-lawinen-rucksack-arva-reactor-32l\\\/#primaryimage\"},\"thumbnailUrl\":\"https:\\\/\\\/swissgliders.ch\\\/wp-content\\\/uploads\\\/2024\\\/09\\\/Neo_Rucksack_Lawinen-1.jpg\",\"datePublished\":\"2024-09-12T15:41:48+00:00\",\"dateModified\":\"2025-05-24T08:56:24+00:00\",\"description\":\"Neo LAWINENRUCKSACK ARVAIDEAL BEIM SPEEDRIDINGNEO entwickelte mit seinem Partner ARVA einen Lawinenrucksack, der auf die speziellen Bed\u00fcrfnisse beim Speedriding zugeschnitten wurde. Bei einem Fassungsverm\u00f6gen von 32 Litern findet auch ein Speedriding-Schirm noch darin Platz. In Kombination mit dem Body Picture-Gurtzeug tr\u00e4gt sich der ARVA Lawinenrucksack so, als w\u00e4r er gar nicht da.\",\"breadcrumb\":{\"@id\":\"https:\\\/\\\/swissgliders.ch\\\/de\\\/produkt\\\/neo-lawinen-rucksack-arva-reactor-32l\\\/#breadcrumb\"},\"inLanguage\":\"de\",\"potentialAction\":[{\"@type\":\"ReadAction\",\"target\":[\"https:\\\/\\\/swissgliders.ch\\\/de\\\/produkt\\\/neo-lawinen-rucksack-arva-reactor-32l\\\/\"]}]},{\"@type\":\"ImageObject\",\"inLanguage\":\"de\",\"@id\":\"https:\\\/\\\/swissgliders.ch\\\/de\\\/produkt\\\/neo-lawinen-rucksack-arva-reactor-32l\\\/#primaryimage\",\"url\":\"https:\\\/\\\/swissgliders.ch\\\/wp-content\\\/uploads\\\/2024\\\/09\\\/Neo_Rucksack_Lawinen-1.jpg\",\"contentUrl\":\"https:\\\/\\\/swissgliders.ch\\\/wp-content\\\/uploads\\\/2024\\\/09\\\/Neo_Rucksack_Lawinen-1.jpg\",\"width\":784,\"height\":497,\"caption\":\"Neo_Rucksack_Lawinen-1\"},{\"@type\":\"BreadcrumbList\",\"@id\":\"https:\\\/\\\/swissgliders.ch\\\/de\\\/produkt\\\/neo-lawinen-rucksack-arva-reactor-32l\\\/#breadcrumb\",\"itemListElement\":[{\"@type\":\"ListItem\",\"position\":1,\"name\":\"Startseite\",\"item\":\"https:\\\/\\\/swissgliders.ch\\\/de\\\/willkommen\\\/\"},{\"@type\":\"ListItem\",\"position\":2,\"name\":\"Gleitschirm Shop\",\"item\":\"https:\\\/\\\/swissgliders.ch\\\/de\\\/gleitschirm-shop\\\/\"},{\"@type\":\"ListItem\",\"position\":3,\"name\":\"Neo Lawinen Rucksack ARVA Reactor 32L\"}]},{\"@type\":\"WebSite\",\"@id\":\"https:\\\/\\\/swissgliders.ch\\\/de\\\/#website\",\"url\":\"https:\\\/\\\/swissgliders.ch\\\/de\\\/\",\"name\":\"Gleitschirmschule Thun, Bern, Interlaken\",\"description\":\"Gleitschirmschule Thun, Bern, Interlaken\",\"publisher\":{\"@id\":\"https:\\\/\\\/swissgliders.ch\\\/de\\\/#organization\"},\"potentialAction\":[{\"@type\":\"SearchAction\",\"target\":{\"@type\":\"EntryPoint\",\"urlTemplate\":\"https:\\\/\\\/swissgliders.ch\\\/de\\\/?s={search_term_string}\"},\"query-input\":{\"@type\":\"PropertyValueSpecification\",\"valueRequired\":true,\"valueName\":\"search_term_string\"}}],\"inLanguage\":\"de\"},{\"@type\":\"Organization\",\"@id\":\"https:\\\/\\\/swissgliders.ch\\\/de\\\/#organization\",\"name\":\"Swissgliders Gleitschirmflugschule Thun\",\"url\":\"https:\\\/\\\/swissgliders.ch\\\/de\\\/\",\"logo\":{\"@type\":\"ImageObject\",\"inLanguage\":\"de\",\"@id\":\"https:\\\/\\\/swissgliders.ch\\\/de\\\/#\\\/schema\\\/logo\\\/image\\\/\",\"url\":\"https:\\\/\\\/swissgliders.ch\\\/wp-content\\\/uploads\\\/2019\\\/12\\\/swissgliders-logo-rgb-square-L-no-ch-01.png\",\"contentUrl\":\"https:\\\/\\\/swissgliders.ch\\\/wp-content\\\/uploads\\\/2019\\\/12\\\/swissgliders-logo-rgb-square-L-no-ch-01.png\",\"width\":2500,\"height\":2500,\"caption\":\"Swissgliders Gleitschirmflugschule Thun\"},\"image\":{\"@id\":\"https:\\\/\\\/swissgliders.ch\\\/de\\\/#\\\/schema\\\/logo\\\/image\\\/\"},\"sameAs\":[\"https:\\\/\\\/www.facebook.com\\\/swissgliders\",\"https:\\\/\\\/x.com\\\/Swissgliders\",\"https:\\\/\\\/www.instagram.com\\\/swissgliders\\\/\",\"https:\\\/\\\/www.youtube.com\\\/channel\\\/UCMCtGdepy9vBhrhX3V_oJOA\"],\"hasMerchantReturnPolicy\":{\"@type\":\"MerchantReturnPolicy\",\"merchantReturnLink\":\"https:\\\/\\\/swissgliders.ch\\\/de\\\/allgemeine-geschaftsbedingungen\\\/\"}}]}<\/script>\n<meta property=\"product:price:amount\" content=\"751.00\" \/>\n<meta property=\"product:price:currency\" content=\"CHF\" \/>\n<meta property=\"og:availability\" content=\"instock\" \/>\n<meta property=\"product:availability\" content=\"instock\" \/>\n<meta property=\"product:condition\" content=\"new\" \/>\n<!-- \/ Yoast SEO Premium plugin. -->","yoast_head_json":{"title":"Neo Lawinen Rucksack ARVA Reactor 32L | Gleitschirmschule Thun, Bern, Interlaken","description":"Neo LAWINENRUCKSACK ARVAIDEAL BEIM SPEEDRIDINGNEO entwickelte mit seinem Partner ARVA einen Lawinenrucksack, der auf die speziellen Bed\u00fcrfnisse beim Speedriding zugeschnitten wurde. Bei einem Fassungsverm\u00f6gen von 32 Litern findet auch ein Speedriding-Schirm noch darin Platz. In Kombination mit dem Body Picture-Gurtzeug tr\u00e4gt sich der ARVA Lawinenrucksack so, als w\u00e4r er gar nicht da.","robots":{"index":"index","follow":"follow","max-snippet":"max-snippet:-1","max-image-preview":"max-image-preview:large","max-video-preview":"max-video-preview:-1"},"canonical":"https:\/\/swissgliders.ch\/de\/produkt\/neo-lawinen-rucksack-arva-reactor-32l\/","og_locale":"de_DE","og_type":"article","og_title":"Neo Lawinen Rucksack ARVA Reactor 32L","og_description":"Neo LAWINENRUCKSACK ARVAIDEAL BEIM SPEEDRIDINGNEO entwickelte mit seinem Partner ARVA einen Lawinenrucksack, der auf die speziellen Bed\u00fcrfnisse beim Speedriding zugeschnitten wurde. Bei einem Fassungsverm\u00f6gen von 32 Litern findet auch ein Speedriding-Schirm noch darin Platz. In Kombination mit dem Body Picture-Gurtzeug tr\u00e4gt sich der ARVA Lawinenrucksack so, als w\u00e4r er gar nicht da.","og_url":"https:\/\/swissgliders.ch\/de\/produkt\/neo-lawinen-rucksack-arva-reactor-32l\/","og_site_name":"Gleitschirmschule Thun, Bern, Interlaken","article_publisher":"https:\/\/www.facebook.com\/swissgliders","article_modified_time":"2025-05-24T08:56:24+00:00","og_image":[{"width":784,"height":497,"url":"https:\/\/swissgliders.ch\/wp-content\/uploads\/2024\/09\/Neo_Rucksack_Lawinen-1.jpg","type":"image\/jpeg"}],"twitter_card":"summary_large_image","twitter_site":"@Swissgliders","twitter_misc":{"Preis":"&#67;&#72;&#70;&nbsp;751.00","Verf\u00fcgbarkeit":"Auf Lager"},"schema":{"@context":"https:\/\/schema.org","@graph":[{"@type":"WebPage","@id":"https:\/\/swissgliders.ch\/de\/produkt\/neo-lawinen-rucksack-arva-reactor-32l\/","url":"https:\/\/swissgliders.ch\/de\/produkt\/neo-lawinen-rucksack-arva-reactor-32l\/","name":"Neo Lawinen Rucksack ARVA Reactor 32L | Gleitschirmschule Thun, Bern, Interlaken","isPartOf":{"@id":"https:\/\/swissgliders.ch\/de\/#website"},"primaryImageOfPage":{"@id":"https:\/\/swissgliders.ch\/de\/produkt\/neo-lawinen-rucksack-arva-reactor-32l\/#primaryimage"},"image":{"@id":"https:\/\/swissgliders.ch\/de\/produkt\/neo-lawinen-rucksack-arva-reactor-32l\/#primaryimage"},"thumbnailUrl":"https:\/\/swissgliders.ch\/wp-content\/uploads\/2024\/09\/Neo_Rucksack_Lawinen-1.jpg","datePublished":"2024-09-12T15:41:48+00:00","dateModified":"2025-05-24T08:56:24+00:00","description":"Neo LAWINENRUCKSACK ARVAIDEAL BEIM SPEEDRIDINGNEO entwickelte mit seinem Partner ARVA einen Lawinenrucksack, der auf die speziellen Bed\u00fcrfnisse beim Speedriding zugeschnitten wurde. Bei einem Fassungsverm\u00f6gen von 32 Litern findet auch ein Speedriding-Schirm noch darin Platz. In Kombination mit dem Body Picture-Gurtzeug tr\u00e4gt sich der ARVA Lawinenrucksack so, als w\u00e4r er gar nicht da.","breadcrumb":{"@id":"https:\/\/swissgliders.ch\/de\/produkt\/neo-lawinen-rucksack-arva-reactor-32l\/#breadcrumb"},"inLanguage":"de","potentialAction":[{"@type":"ReadAction","target":["https:\/\/swissgliders.ch\/de\/produkt\/neo-lawinen-rucksack-arva-reactor-32l\/"]}]},{"@type":"ImageObject","inLanguage":"de","@id":"https:\/\/swissgliders.ch\/de\/produkt\/neo-lawinen-rucksack-arva-reactor-32l\/#primaryimage","url":"https:\/\/swissgliders.ch\/wp-content\/uploads\/2024\/09\/Neo_Rucksack_Lawinen-1.jpg","contentUrl":"https:\/\/swissgliders.ch\/wp-content\/uploads\/2024\/09\/Neo_Rucksack_Lawinen-1.jpg","width":784,"height":497,"caption":"Neo_Rucksack_Lawinen-1"},{"@type":"BreadcrumbList","@id":"https:\/\/swissgliders.ch\/de\/produkt\/neo-lawinen-rucksack-arva-reactor-32l\/#breadcrumb","itemListElement":[{"@type":"ListItem","position":1,"name":"Startseite","item":"https:\/\/swissgliders.ch\/de\/willkommen\/"},{"@type":"ListItem","position":2,"name":"Gleitschirm Shop","item":"https:\/\/swissgliders.ch\/de\/gleitschirm-shop\/"},{"@type":"ListItem","position":3,"name":"Neo Lawinen Rucksack ARVA Reactor 32L"}]},{"@type":"WebSite","@id":"https:\/\/swissgliders.ch\/de\/#website","url":"https:\/\/swissgliders.ch\/de\/","name":"Gleitschirmschule Thun, Bern, Interlaken","description":"Gleitschirmschule Thun, Bern, Interlaken","publisher":{"@id":"https:\/\/swissgliders.ch\/de\/#organization"},"potentialAction":[{"@type":"SearchAction","target":{"@type":"EntryPoint","urlTemplate":"https:\/\/swissgliders.ch\/de\/?s={search_term_string}"},"query-input":{"@type":"PropertyValueSpecification","valueRequired":true,"valueName":"search_term_string"}}],"inLanguage":"de"},{"@type":"Organization","@id":"https:\/\/swissgliders.ch\/de\/#organization","name":"Swissgliders Gleitschirmflugschule Thun","url":"https:\/\/swissgliders.ch\/de\/","logo":{"@type":"ImageObject","inLanguage":"de","@id":"https:\/\/swissgliders.ch\/de\/#\/schema\/logo\/image\/","url":"https:\/\/swissgliders.ch\/wp-content\/uploads\/2019\/12\/swissgliders-logo-rgb-square-L-no-ch-01.png","contentUrl":"https:\/\/swissgliders.ch\/wp-content\/uploads\/2019\/12\/swissgliders-logo-rgb-square-L-no-ch-01.png","width":2500,"height":2500,"caption":"Swissgliders Gleitschirmflugschule Thun"},"image":{"@id":"https:\/\/swissgliders.ch\/de\/#\/schema\/logo\/image\/"},"sameAs":["https:\/\/www.facebook.com\/swissgliders","https:\/\/x.com\/Swissgliders","https:\/\/www.instagram.com\/swissgliders\/","https:\/\/www.youtube.com\/channel\/UCMCtGdepy9vBhrhX3V_oJOA"],"hasMerchantReturnPolicy":{"@type":"MerchantReturnPolicy","merchantReturnLink":"https:\/\/swissgliders.ch\/de\/allgemeine-geschaftsbedingungen\/"}}]},"product_price_amount":"751.00","product_price_currency":"CHF","og_availability":"instock","product_availability":"instock","product_condition":"new"},"_links":{"self":[{"href":"https:\/\/swissgliders.ch\/de\/wp-json\/wp\/v2\/product\/14452","targetHints":{"allow":["GET"]}}],"collection":[{"href":"https:\/\/swissgliders.ch\/de\/wp-json\/wp\/v2\/product"}],"about":[{"href":"https:\/\/swissgliders.ch\/de\/wp-json\/wp\/v2\/types\/product"}],"replies":[{"embeddable":true,"href":"https:\/\/swissgliders.ch\/de\/wp-json\/wp\/v2\/comments?post=14452"}],"wp:featuredmedia":[{"embeddable":true,"href":"https:\/\/swissgliders.ch\/de\/wp-json\/wp\/v2\/media\/14454"}],"wp:attachment":[{"href":"https:\/\/swissgliders.ch\/de\/wp-json\/wp\/v2\/media?parent=14452"}],"wp:term":[{"taxonomy":"product_brand","embeddable":true,"href":"https:\/\/swissgliders.ch\/de\/wp-json\/wp\/v2\/product_brand?post=14452"},{"taxonomy":"product_cat","embeddable":true,"href":"https:\/\/swissgliders.ch\/de\/wp-json\/wp\/v2\/product_cat?post=14452"},{"taxonomy":"product_tag","embeddable":true,"href":"https:\/\/swissgliders.ch\/de\/wp-json\/wp\/v2\/product_tag?post=14452"}],"curies":[{"name":"wp","href":"https:\/\/api.w.org\/{rel}","templated":true}]}}