{"id":14462,"date":"2024-09-12T18:11:48","date_gmt":"2024-09-12T17:11:48","guid":{"rendered":"https:\/\/swissgliders.ch\/?post_type=product&#038;p=14462"},"modified":"2025-06-04T07:02:14","modified_gmt":"2025-06-04T06:02:14","slug":"neo-fly-lite-bag-herren","status":"publish","type":"product","link":"https:\/\/swissgliders.ch\/de\/produkt\/neo-fly-lite-bag-herren\/","title":{"rendered":"Neo Fly Lite Bag Herren"},"content":{"rendered":"<h4>EINFACH UND HALTBAR<\/h4>\n<h4>ULTRALEICHTER RUCKSACK<\/h4>\n<p><img loading=\"lazy\" decoding=\"async\" class=\"\" src=\"https:\/\/www.neo-paragliders.fr\/web\/image\/product.product\/7064\/image_1024\/Fly%20Lite%2050%20L%20Herren?unique=e275c37\" alt=\"Fly Lite 50 L Herren\" width=\"473\" height=\"358\" \/><\/p>\n<p>Der Rucksack bietet ein optimales Verh\u00e4ltnis von Gewicht, Ergonomie und Haltbarkeit und ist dank des extrem abriebfesten NEO Dyneema-Tuchs nicht mit anderen Leichtrucks\u00e4cken vergleichbar. Das exklusive Material wurde speziell von NEO in Zusammenarbeit mit dem Hersteller entwickelt und erm\u00f6glicht es, leichtere und dabei robuste Produkte zu entwickeln.<\/p>\n<p>&nbsp;<\/p>\n<p><img loading=\"lazy\" decoding=\"async\" class=\"\" src=\"https:\/\/www.neo-paragliders.fr\/web\/image\/30730-22a20c34\/neo-litebag-outside3.jpg?access_token=923db191-472b-46af-9f42-0f17e57780be\" width=\"570\" height=\"380\" \/><\/p>\n<h4>TECHNISCHE DATEN<\/h4>\n<p>Technische Beschreibung des Produktes<\/p>\n<p>KONZEPT: Ergonomische Passform, hervorragendes Verh\u00e4ltnis von Gewicht zu Widerstandsf\u00e4higkeit dank des exklusiv hergestellten Dyneema-Ripstop-Gewebes, Trail-Running-Tragegurte<\/p>\n<p>HAUPTMATERIALIEN: Enorm zug- und abriebfestes Dyneema-Polyamid-Ripstop-Gewebe, YKK-Rei\u00dfverschl\u00fcsse, Lycra, Hypalon<\/p>\n<p>OPTIONALES ZUBEH\u00d6R: Helmhalter, Hydrapack Ultraflask<\/p>\n<p>HERSTELLUNG: Frankreich<\/p>\n<p>FARBE:\u00a0Hellgrau mit hellblau<\/p>\n<p><strong>GR\u00d6SSEN: \u00a0\u00a0<\/strong><\/p>\n<p>Rucksackvolum: 30L, Gewicht 430g <a href=\"https:\/\/www.neo-paragliders.fr\/de\/shop\/fly-lite-30-l-herren-1742\">Lite Bag 30l Herren<\/a><\/p>\n<p>Rucksackvolum: 50L, Gewicht 685g <a href=\"https:\/\/www.neo-paragliders.fr\/de\/shop\/fly-lite-50-l-herren-1743\">Lite Bag 50L Herren<\/a><\/p>\n<p>Rucksackvolum: 70L, Gewicht 730g <a href=\"https:\/\/www.neo-paragliders.fr\/de\/shop\/fly-lite-70l-herren-1744\">Lite Bag 70L Herren<\/a><\/p>\n<p>Rucksackvolum: 90L, Gewicht 750g <a href=\"https:\/\/www.neo-paragliders.fr\/de\/shop\/fly-lite-90-l-herren-1745\">Lite Bag 90L Herren<\/a><\/p>\n<p>&nbsp;<\/p>\n<p><strong>DAS TUCH<\/strong><\/p>\n<p>Das exklusive Material wurde speziell von NEO in Zusammenarbeit mit dem Hersteller entwickelt und erm\u00f6glicht es, leichtere und dabei robuste Produkte zu entwickeln.<\/p>\n<p><img loading=\"lazy\" decoding=\"async\" class=\"\" src=\"https:\/\/www.neo-paragliders.fr\/web\/image\/28964-7f564749\/neo-lite-bag-50L-photo-detail-03.jpg?access_token=00aeddce-4c2f-42f5-83bf-0ce0d394e4ce\" width=\"255\" height=\"383\" \/><\/p>\n<p>&nbsp;<\/p>\n<p><strong>DAS KONZEPT<\/strong><\/p>\n<p>Das Konzept dieses Ultraleicht-Rucksacks basiert auf dem Anspruch, das Gewicht optimal verteilen zu k\u00f6nnen. Das Tragesystem verbindet die Schultergurte direkt mit der Last, anstatt wie \u00fcblich mit dem R\u00fcckenteil. Das ergonomisch geformte R\u00fcckenteil sowie der H\u00fcftgurt wurden f\u00fcr hohen Tragekomfort auf langen Touren entwickelt.\u00a0Der 90-Liter Rucksack bietet klassische Schultergurte mit abnehmbaren Halterungen f\u00fcr Wasserflaschen. Ein innenliegendes Befestigungssystem sorgt daf\u00fcr, dass der Schirm sicher an Ort und Stelle bleibt. Um den Tragekomfort noch zu verbessern, kann der Rucksack au\u00dfen mit vier Riemen komprimiert werden.<\/p>\n<p><img loading=\"lazy\" decoding=\"async\" class=\"\" src=\"https:\/\/www.neo-paragliders.fr\/web\/image\/28966-8f0ee72e\/neo-lite-bag-50L-photo-detail-04.jpg?access_token=c9cc5874-7e87-4b82-9e45-70a6d37df082\" width=\"453\" height=\"302\" \/><\/p>\n<p>&nbsp;<\/p>\n<p>Falls dieser Artikel nicht an Lager ist, wird er f\u00fcr dich bestellt. Lieferfrist auf Anfrage.<\/p>\n","protected":false},"excerpt":{"rendered":"<h4>EINFACH UND HALTBAR<\/h4>\n<h4>ULTRALEICHTER RUCKSACK<\/h4>\n<p><img loading=\"lazy\" decoding=\"async\" class=\"\" src=\"https:\/\/www.neo-paragliders.fr\/web\/image\/product.product\/7064\/image_1024\/Fly%20Lite%2050%20L%20Herren?unique=e275c37\" alt=\"Fly Lite 50 L Herren\" width=\"473\" height=\"358\" \/><\/p>\n<p>Der Rucksack bietet ein optimales Verh\u00e4ltnis von Gewicht, Ergonomie und Haltbarkeit und ist dank des extrem abriebfesten NEO Dyneema-Tuchs nicht mit anderen Leichtrucks\u00e4cken vergleichbar. Das exklusive Material wurde speziell von NEO in Zusammenarbeit mit dem Hersteller entwickelt und erm\u00f6glicht es, leichtere und dabei robuste Produkte zu entwickeln.<\/p>\n<p>&nbsp;<\/p>\n<p><img loading=\"lazy\" decoding=\"async\" class=\"\" src=\"https:\/\/www.neo-paragliders.fr\/web\/image\/30730-22a20c34\/neo-litebag-outside3.jpg?access_token=923db191-472b-46af-9f42-0f17e57780be\" width=\"570\" height=\"380\" \/><\/p>\n<h4>TECHNISCHE DATEN<\/h4>\n<p>Technische Beschreibung des Produktes<\/p>\n<p>KONZEPT: Ergonomische Passform, hervorragendes Verh\u00e4ltnis von Gewicht zu Widerstandsf\u00e4higkeit dank des exklusiv hergestellten Dyneema-Ripstop-Gewebes, Trail-Running-Tragegurte<\/p>\n<p>HAUPTMATERIALIEN: Enorm zug- und abriebfestes Dyneema-Polyamid-Ripstop-Gewebe, YKK-Rei\u00dfverschl\u00fcsse, Lycra, Hypalon<\/p>\n<p>OPTIONALES ZUBEH\u00d6R: Helmhalter, Hydrapack Ultraflask<\/p>\n<p>HERSTELLUNG: Frankreich<\/p>\n<p>FARBE:\u00a0Hellgrau mit hellblau<\/p>\n<p><strong>GR\u00d6SSEN: \u00a0\u00a0<\/strong><\/p>\n<p>Rucksackvolum: 30L, Gewicht 430g <a href=\"https:\/\/www.neo-paragliders.fr\/de\/shop\/fly-lite-30-l-herren-1742\">Lite Bag 30l Herren<\/a><\/p>\n<p>Rucksackvolum: 50L, Gewicht 685g <a href=\"https:\/\/www.neo-paragliders.fr\/de\/shop\/fly-lite-50-l-herren-1743\">Lite Bag 50L Herren<\/a><\/p>\n<p>Rucksackvolum: 70L, Gewicht 730g <a href=\"https:\/\/www.neo-paragliders.fr\/de\/shop\/fly-lite-70l-herren-1744\">Lite Bag 70L Herren<\/a><\/p>\n<p>Rucksackvolum: 90L, Gewicht 750g <a href=\"https:\/\/www.neo-paragliders.fr\/de\/shop\/fly-lite-90-l-herren-1745\">Lite Bag 90L Herren<\/a><\/p>\n<p>&nbsp;<\/p>\n<p><strong>DAS TUCH<\/strong><\/p>\n<p>Das exklusive Material wurde speziell von NEO in Zusammenarbeit mit dem Hersteller entwickelt und erm\u00f6glicht es, leichtere und dabei robuste Produkte zu entwickeln.<\/p>\n<p><img loading=\"lazy\" decoding=\"async\" class=\"\" src=\"https:\/\/www.neo-paragliders.fr\/web\/image\/28964-7f564749\/neo-lite-bag-50L-photo-detail-03.jpg?access_token=00aeddce-4c2f-42f5-83bf-0ce0d394e4ce\" width=\"255\" height=\"383\" \/><\/p>\n<p>&nbsp;<\/p>\n<p><strong>DAS KONZEPT<\/strong><\/p>\n<p>Das Konzept dieses Ultraleicht-Rucksacks basiert auf dem Anspruch, das Gewicht optimal verteilen zu k\u00f6nnen. Das Tragesystem verbindet die Schultergurte direkt mit der Last, anstatt wie \u00fcblich mit dem R\u00fcckenteil. Das ergonomisch geformte R\u00fcckenteil sowie der H\u00fcftgurt wurden f\u00fcr hohen Tragekomfort auf langen Touren entwickelt.\u00a0Der 90-Liter Rucksack bietet klassische Schultergurte mit abnehmbaren Halterungen f\u00fcr Wasserflaschen. Ein innenliegendes Befestigungssystem sorgt daf\u00fcr, dass der Schirm sicher an Ort und Stelle bleibt. Um den Tragekomfort noch zu verbessern, kann der Rucksack au\u00dfen mit vier Riemen komprimiert werden.<\/p>\n<p><img loading=\"lazy\" decoding=\"async\" class=\"\" src=\"https:\/\/www.neo-paragliders.fr\/web\/image\/28966-8f0ee72e\/neo-lite-bag-50L-photo-detail-04.jpg?access_token=c9cc5874-7e87-4b82-9e45-70a6d37df082\" width=\"453\" height=\"302\" \/><\/p>\n<p>&nbsp;<\/p>\n<p>Falls dieser Artikel nicht an Lager ist, wird er f\u00fcr dich bestellt. Lieferfrist auf Anfrage.<\/p>\n","protected":false},"featured_media":14467,"comment_status":"closed","ping_status":"closed","template":"","meta":[],"product_brand":[],"product_cat":[2072],"product_tag":[2210,90],"class_list":{"0":"post-14462","1":"product","2":"type-product","3":"status-publish","4":"has-post-thumbnail","6":"product_cat-gleitschirm-rucksaecke","7":"product_tag-rucksack","8":"product_tag-verkaufsartikel","9":"product_shipping_class-priority-2kg-de","11":"first","12":"instock","13":"sale","14":"shipping-taxable","15":"purchasable","16":"product-type-variable"},"yoast_head":"<!-- This site is optimized with the Yoast SEO Premium plugin v26.1 (Yoast SEO v27.3) - https:\/\/yoast.com\/product\/yoast-seo-premium-wordpress\/ -->\n<title>Neo Fly Lite Bag Herren | Gleitschirmschule Thun, Bern, Interlaken<\/title>\n<meta name=\"description\" content=\"Neo Fly Lite Bag Herren EINFACH UND HALTBARULTRALEICHTER RUCKSACK Der Rucksack bietet ein optimales Verh\u00e4ltnis von Gewicht, Ergonomie und Haltbarkeit und ist dank des extrem abriebfesten NEO Dyneema-Tuchs nicht mit anderen Leichtrucks\u00e4cken vergleichbar. Das exklusive Material wurde speziell von NEO in Zusammenarbeit mit dem Hersteller entwickelt und erm\u00f6glicht es, leichtere und dabei robuste Produkte zu entwickeln.\" \/>\n<meta name=\"robots\" content=\"index, follow, max-snippet:-1, max-image-preview:large, max-video-preview:-1\" \/>\n<link rel=\"canonical\" href=\"https:\/\/swissgliders.ch\/de\/produkt\/neo-fly-lite-bag-herren\/\" \/>\n<meta property=\"og:locale\" content=\"de_DE\" \/>\n<meta property=\"og:type\" content=\"article\" \/>\n<meta property=\"og:title\" content=\"Neo Fly Lite Bag Herren\" \/>\n<meta property=\"og:description\" content=\"Neo Fly Lite Bag Herren EINFACH UND HALTBARULTRALEICHTER RUCKSACK Der Rucksack bietet ein optimales Verh\u00e4ltnis von Gewicht, Ergonomie und Haltbarkeit und ist dank des extrem abriebfesten NEO Dyneema-Tuchs nicht mit anderen Leichtrucks\u00e4cken vergleichbar. Das exklusive Material wurde speziell von NEO in Zusammenarbeit mit dem Hersteller entwickelt und erm\u00f6glicht es, leichtere und dabei robuste Produkte zu entwickeln.\" \/>\n<meta property=\"og:url\" content=\"https:\/\/swissgliders.ch\/de\/produkt\/neo-fly-lite-bag-herren\/\" \/>\n<meta property=\"og:site_name\" content=\"Gleitschirmschule Thun, Bern, Interlaken\" \/>\n<meta property=\"article:publisher\" content=\"https:\/\/www.facebook.com\/swissgliders\" \/>\n<meta property=\"article:modified_time\" content=\"2025-06-04T06:02:14+00:00\" \/>\n<meta property=\"og:image\" content=\"https:\/\/swissgliders.ch\/wp-content\/uploads\/2024\/09\/Neo_Lite_Bag_Herren-1.png\" \/>\n\t<meta property=\"og:image:width\" content=\"1110\" \/>\n\t<meta property=\"og:image:height\" content=\"425\" \/>\n\t<meta property=\"og:image:type\" content=\"image\/png\" \/>\n<meta name=\"twitter:card\" content=\"summary_large_image\" \/>\n<meta name=\"twitter:site\" content=\"@Swissgliders\" \/>\n<meta name=\"twitter:label1\" content=\"Verf\u00fcgbarkeit\" \/>\n\t<meta name=\"twitter:data1\" content=\"Auf Lager\" \/>\n<script type=\"application\/ld+json\" class=\"yoast-schema-graph\">{\"@context\":\"https:\\\/\\\/schema.org\",\"@graph\":[{\"@type\":\"WebPage\",\"@id\":\"https:\\\/\\\/swissgliders.ch\\\/de\\\/produkt\\\/neo-fly-lite-bag-herren\\\/\",\"url\":\"https:\\\/\\\/swissgliders.ch\\\/de\\\/produkt\\\/neo-fly-lite-bag-herren\\\/\",\"name\":\"Neo Fly Lite Bag Herren | Gleitschirmschule Thun, Bern, Interlaken\",\"isPartOf\":{\"@id\":\"https:\\\/\\\/swissgliders.ch\\\/de\\\/#website\"},\"primaryImageOfPage\":{\"@id\":\"https:\\\/\\\/swissgliders.ch\\\/de\\\/produkt\\\/neo-fly-lite-bag-herren\\\/#primaryimage\"},\"image\":{\"@id\":\"https:\\\/\\\/swissgliders.ch\\\/de\\\/produkt\\\/neo-fly-lite-bag-herren\\\/#primaryimage\"},\"thumbnailUrl\":\"https:\\\/\\\/swissgliders.ch\\\/wp-content\\\/uploads\\\/2024\\\/09\\\/Neo_Lite_Bag_Herren-1.png\",\"datePublished\":\"2024-09-12T17:11:48+00:00\",\"dateModified\":\"2025-06-04T06:02:14+00:00\",\"description\":\"Neo Fly Lite Bag Herren EINFACH UND HALTBARULTRALEICHTER RUCKSACK Der Rucksack bietet ein optimales Verh\u00e4ltnis von Gewicht, Ergonomie und Haltbarkeit und ist dank des extrem abriebfesten NEO Dyneema-Tuchs nicht mit anderen Leichtrucks\u00e4cken vergleichbar. Das exklusive Material wurde speziell von NEO in Zusammenarbeit mit dem Hersteller entwickelt und erm\u00f6glicht es, leichtere und dabei robuste Produkte zu entwickeln.\",\"breadcrumb\":{\"@id\":\"https:\\\/\\\/swissgliders.ch\\\/de\\\/produkt\\\/neo-fly-lite-bag-herren\\\/#breadcrumb\"},\"inLanguage\":\"de\",\"potentialAction\":[{\"@type\":\"ReadAction\",\"target\":[\"https:\\\/\\\/swissgliders.ch\\\/de\\\/produkt\\\/neo-fly-lite-bag-herren\\\/\"]}]},{\"@type\":\"ImageObject\",\"inLanguage\":\"de\",\"@id\":\"https:\\\/\\\/swissgliders.ch\\\/de\\\/produkt\\\/neo-fly-lite-bag-herren\\\/#primaryimage\",\"url\":\"https:\\\/\\\/swissgliders.ch\\\/wp-content\\\/uploads\\\/2024\\\/09\\\/Neo_Lite_Bag_Herren-1.png\",\"contentUrl\":\"https:\\\/\\\/swissgliders.ch\\\/wp-content\\\/uploads\\\/2024\\\/09\\\/Neo_Lite_Bag_Herren-1.png\",\"width\":1110,\"height\":425,\"caption\":\"Neo_Rucksack_Lite_Bag_Herren-1\"},{\"@type\":\"BreadcrumbList\",\"@id\":\"https:\\\/\\\/swissgliders.ch\\\/de\\\/produkt\\\/neo-fly-lite-bag-herren\\\/#breadcrumb\",\"itemListElement\":[{\"@type\":\"ListItem\",\"position\":1,\"name\":\"Startseite\",\"item\":\"https:\\\/\\\/swissgliders.ch\\\/de\\\/willkommen\\\/\"},{\"@type\":\"ListItem\",\"position\":2,\"name\":\"Gleitschirm Shop\",\"item\":\"https:\\\/\\\/swissgliders.ch\\\/de\\\/gleitschirm-shop\\\/\"},{\"@type\":\"ListItem\",\"position\":3,\"name\":\"Neo Fly Lite Bag Herren\"}]},{\"@type\":\"WebSite\",\"@id\":\"https:\\\/\\\/swissgliders.ch\\\/de\\\/#website\",\"url\":\"https:\\\/\\\/swissgliders.ch\\\/de\\\/\",\"name\":\"Gleitschirmschule Thun, Bern, Interlaken\",\"description\":\"Gleitschirmschule Thun, Bern, Interlaken\",\"publisher\":{\"@id\":\"https:\\\/\\\/swissgliders.ch\\\/de\\\/#organization\"},\"potentialAction\":[{\"@type\":\"SearchAction\",\"target\":{\"@type\":\"EntryPoint\",\"urlTemplate\":\"https:\\\/\\\/swissgliders.ch\\\/de\\\/?s={search_term_string}\"},\"query-input\":{\"@type\":\"PropertyValueSpecification\",\"valueRequired\":true,\"valueName\":\"search_term_string\"}}],\"inLanguage\":\"de\"},{\"@type\":\"Organization\",\"@id\":\"https:\\\/\\\/swissgliders.ch\\\/de\\\/#organization\",\"name\":\"Swissgliders Gleitschirmflugschule Thun\",\"url\":\"https:\\\/\\\/swissgliders.ch\\\/de\\\/\",\"logo\":{\"@type\":\"ImageObject\",\"inLanguage\":\"de\",\"@id\":\"https:\\\/\\\/swissgliders.ch\\\/de\\\/#\\\/schema\\\/logo\\\/image\\\/\",\"url\":\"https:\\\/\\\/swissgliders.ch\\\/wp-content\\\/uploads\\\/2019\\\/12\\\/swissgliders-logo-rgb-square-L-no-ch-01.png\",\"contentUrl\":\"https:\\\/\\\/swissgliders.ch\\\/wp-content\\\/uploads\\\/2019\\\/12\\\/swissgliders-logo-rgb-square-L-no-ch-01.png\",\"width\":2500,\"height\":2500,\"caption\":\"Swissgliders Gleitschirmflugschule Thun\"},\"image\":{\"@id\":\"https:\\\/\\\/swissgliders.ch\\\/de\\\/#\\\/schema\\\/logo\\\/image\\\/\"},\"sameAs\":[\"https:\\\/\\\/www.facebook.com\\\/swissgliders\",\"https:\\\/\\\/x.com\\\/Swissgliders\",\"https:\\\/\\\/www.instagram.com\\\/swissgliders\\\/\",\"https:\\\/\\\/www.youtube.com\\\/channel\\\/UCMCtGdepy9vBhrhX3V_oJOA\"],\"hasMerchantReturnPolicy\":{\"@type\":\"MerchantReturnPolicy\",\"merchantReturnLink\":\"https:\\\/\\\/swissgliders.ch\\\/de\\\/allgemeine-geschaftsbedingungen\\\/\"}}]}<\/script>\n<meta property=\"og:availability\" content=\"instock\" \/>\n<meta property=\"product:availability\" content=\"instock\" \/>\n<meta property=\"product:condition\" content=\"new\" \/>\n<!-- \/ Yoast SEO Premium plugin. -->","yoast_head_json":{"title":"Neo Fly Lite Bag Herren | Gleitschirmschule Thun, Bern, Interlaken","description":"Neo Fly Lite Bag Herren EINFACH UND HALTBARULTRALEICHTER RUCKSACK Der Rucksack bietet ein optimales Verh\u00e4ltnis von Gewicht, Ergonomie und Haltbarkeit und ist dank des extrem abriebfesten NEO Dyneema-Tuchs nicht mit anderen Leichtrucks\u00e4cken vergleichbar. Das exklusive Material wurde speziell von NEO in Zusammenarbeit mit dem Hersteller entwickelt und erm\u00f6glicht es, leichtere und dabei robuste Produkte zu entwickeln.","robots":{"index":"index","follow":"follow","max-snippet":"max-snippet:-1","max-image-preview":"max-image-preview:large","max-video-preview":"max-video-preview:-1"},"canonical":"https:\/\/swissgliders.ch\/de\/produkt\/neo-fly-lite-bag-herren\/","og_locale":"de_DE","og_type":"article","og_title":"Neo Fly Lite Bag Herren","og_description":"Neo Fly Lite Bag Herren EINFACH UND HALTBARULTRALEICHTER RUCKSACK Der Rucksack bietet ein optimales Verh\u00e4ltnis von Gewicht, Ergonomie und Haltbarkeit und ist dank des extrem abriebfesten NEO Dyneema-Tuchs nicht mit anderen Leichtrucks\u00e4cken vergleichbar. Das exklusive Material wurde speziell von NEO in Zusammenarbeit mit dem Hersteller entwickelt und erm\u00f6glicht es, leichtere und dabei robuste Produkte zu entwickeln.","og_url":"https:\/\/swissgliders.ch\/de\/produkt\/neo-fly-lite-bag-herren\/","og_site_name":"Gleitschirmschule Thun, Bern, Interlaken","article_publisher":"https:\/\/www.facebook.com\/swissgliders","article_modified_time":"2025-06-04T06:02:14+00:00","og_image":[{"width":1110,"height":425,"url":"https:\/\/swissgliders.ch\/wp-content\/uploads\/2024\/09\/Neo_Lite_Bag_Herren-1.png","type":"image\/png"}],"twitter_card":"summary_large_image","twitter_site":"@Swissgliders","twitter_misc":{"Verf\u00fcgbarkeit":"Auf Lager"},"schema":{"@context":"https:\/\/schema.org","@graph":[{"@type":"WebPage","@id":"https:\/\/swissgliders.ch\/de\/produkt\/neo-fly-lite-bag-herren\/","url":"https:\/\/swissgliders.ch\/de\/produkt\/neo-fly-lite-bag-herren\/","name":"Neo Fly Lite Bag Herren | Gleitschirmschule Thun, Bern, Interlaken","isPartOf":{"@id":"https:\/\/swissgliders.ch\/de\/#website"},"primaryImageOfPage":{"@id":"https:\/\/swissgliders.ch\/de\/produkt\/neo-fly-lite-bag-herren\/#primaryimage"},"image":{"@id":"https:\/\/swissgliders.ch\/de\/produkt\/neo-fly-lite-bag-herren\/#primaryimage"},"thumbnailUrl":"https:\/\/swissgliders.ch\/wp-content\/uploads\/2024\/09\/Neo_Lite_Bag_Herren-1.png","datePublished":"2024-09-12T17:11:48+00:00","dateModified":"2025-06-04T06:02:14+00:00","description":"Neo Fly Lite Bag Herren EINFACH UND HALTBARULTRALEICHTER RUCKSACK Der Rucksack bietet ein optimales Verh\u00e4ltnis von Gewicht, Ergonomie und Haltbarkeit und ist dank des extrem abriebfesten NEO Dyneema-Tuchs nicht mit anderen Leichtrucks\u00e4cken vergleichbar. Das exklusive Material wurde speziell von NEO in Zusammenarbeit mit dem Hersteller entwickelt und erm\u00f6glicht es, leichtere und dabei robuste Produkte zu entwickeln.","breadcrumb":{"@id":"https:\/\/swissgliders.ch\/de\/produkt\/neo-fly-lite-bag-herren\/#breadcrumb"},"inLanguage":"de","potentialAction":[{"@type":"ReadAction","target":["https:\/\/swissgliders.ch\/de\/produkt\/neo-fly-lite-bag-herren\/"]}]},{"@type":"ImageObject","inLanguage":"de","@id":"https:\/\/swissgliders.ch\/de\/produkt\/neo-fly-lite-bag-herren\/#primaryimage","url":"https:\/\/swissgliders.ch\/wp-content\/uploads\/2024\/09\/Neo_Lite_Bag_Herren-1.png","contentUrl":"https:\/\/swissgliders.ch\/wp-content\/uploads\/2024\/09\/Neo_Lite_Bag_Herren-1.png","width":1110,"height":425,"caption":"Neo_Rucksack_Lite_Bag_Herren-1"},{"@type":"BreadcrumbList","@id":"https:\/\/swissgliders.ch\/de\/produkt\/neo-fly-lite-bag-herren\/#breadcrumb","itemListElement":[{"@type":"ListItem","position":1,"name":"Startseite","item":"https:\/\/swissgliders.ch\/de\/willkommen\/"},{"@type":"ListItem","position":2,"name":"Gleitschirm Shop","item":"https:\/\/swissgliders.ch\/de\/gleitschirm-shop\/"},{"@type":"ListItem","position":3,"name":"Neo Fly Lite Bag Herren"}]},{"@type":"WebSite","@id":"https:\/\/swissgliders.ch\/de\/#website","url":"https:\/\/swissgliders.ch\/de\/","name":"Gleitschirmschule Thun, Bern, Interlaken","description":"Gleitschirmschule Thun, Bern, Interlaken","publisher":{"@id":"https:\/\/swissgliders.ch\/de\/#organization"},"potentialAction":[{"@type":"SearchAction","target":{"@type":"EntryPoint","urlTemplate":"https:\/\/swissgliders.ch\/de\/?s={search_term_string}"},"query-input":{"@type":"PropertyValueSpecification","valueRequired":true,"valueName":"search_term_string"}}],"inLanguage":"de"},{"@type":"Organization","@id":"https:\/\/swissgliders.ch\/de\/#organization","name":"Swissgliders Gleitschirmflugschule Thun","url":"https:\/\/swissgliders.ch\/de\/","logo":{"@type":"ImageObject","inLanguage":"de","@id":"https:\/\/swissgliders.ch\/de\/#\/schema\/logo\/image\/","url":"https:\/\/swissgliders.ch\/wp-content\/uploads\/2019\/12\/swissgliders-logo-rgb-square-L-no-ch-01.png","contentUrl":"https:\/\/swissgliders.ch\/wp-content\/uploads\/2019\/12\/swissgliders-logo-rgb-square-L-no-ch-01.png","width":2500,"height":2500,"caption":"Swissgliders Gleitschirmflugschule Thun"},"image":{"@id":"https:\/\/swissgliders.ch\/de\/#\/schema\/logo\/image\/"},"sameAs":["https:\/\/www.facebook.com\/swissgliders","https:\/\/x.com\/Swissgliders","https:\/\/www.instagram.com\/swissgliders\/","https:\/\/www.youtube.com\/channel\/UCMCtGdepy9vBhrhX3V_oJOA"],"hasMerchantReturnPolicy":{"@type":"MerchantReturnPolicy","merchantReturnLink":"https:\/\/swissgliders.ch\/de\/allgemeine-geschaftsbedingungen\/"}}]},"og_availability":"instock","product_availability":"instock","product_condition":"new"},"_links":{"self":[{"href":"https:\/\/swissgliders.ch\/de\/wp-json\/wp\/v2\/product\/14462","targetHints":{"allow":["GET"]}}],"collection":[{"href":"https:\/\/swissgliders.ch\/de\/wp-json\/wp\/v2\/product"}],"about":[{"href":"https:\/\/swissgliders.ch\/de\/wp-json\/wp\/v2\/types\/product"}],"replies":[{"embeddable":true,"href":"https:\/\/swissgliders.ch\/de\/wp-json\/wp\/v2\/comments?post=14462"}],"wp:featuredmedia":[{"embeddable":true,"href":"https:\/\/swissgliders.ch\/de\/wp-json\/wp\/v2\/media\/14467"}],"wp:attachment":[{"href":"https:\/\/swissgliders.ch\/de\/wp-json\/wp\/v2\/media?parent=14462"}],"wp:term":[{"taxonomy":"product_brand","embeddable":true,"href":"https:\/\/swissgliders.ch\/de\/wp-json\/wp\/v2\/product_brand?post=14462"},{"taxonomy":"product_cat","embeddable":true,"href":"https:\/\/swissgliders.ch\/de\/wp-json\/wp\/v2\/product_cat?post=14462"},{"taxonomy":"product_tag","embeddable":true,"href":"https:\/\/swissgliders.ch\/de\/wp-json\/wp\/v2\/product_tag?post=14462"}],"curies":[{"name":"wp","href":"https:\/\/api.w.org\/{rel}","templated":true}]}}