{"id":14482,"date":"2024-09-13T05:22:29","date_gmt":"2024-09-13T04:22:29","guid":{"rendered":"https:\/\/swissgliders.ch\/?post_type=product&#038;p=14482"},"modified":"2025-06-04T06:59:29","modified_gmt":"2025-06-04T05:59:29","slug":"neo-fly-lite-bag-damen","status":"publish","type":"product","link":"https:\/\/swissgliders.ch\/de\/produkt\/neo-fly-lite-bag-damen\/","title":{"rendered":"Neo Fly Lite Bag Damen"},"content":{"rendered":"<h4>EINFACH UND HALTBAR<\/h4>\n<h4>ULTRALEICHTER RUCKSACK F\u00dcR FRAUEN<\/h4>\n<p><img decoding=\"async\" src=\"https:\/\/www.neo-paragliders.fr\/web\/image\/product.product\/7068\/image_1024\/Fly%20Lite%2050%20L%20Damen?unique=93a9f5a\" alt=\"Fly Lite 50 L Damen\" \/><\/p>\n<p>Der Rucksack bietet ein optimales Verh\u00e4ltnis von Gewicht, Ergonomie und Haltbarkeit und ist dank des extrem abriebfesten NEO Dyneema-Tuchs nicht mit anderen Leichtrucks\u00e4cken vergleichbar. Das exklusive Material wurde speziell von NEO in Zusammenarbeit mit dem Hersteller entwickelt und erm\u00f6glicht es, leichtere und dabei robuste Produkte zu entwickeln.<\/p>\n<p>&nbsp;<\/p>\n<h4>TECHNISCHE DATEN<\/h4>\n<p>Technische Beschreibung des Produktes<\/p>\n<p>KONZEPT: Ergonomische Passform extra f\u00fcr Frauen, hervorragendes Verh\u00e4ltnis von Gewicht zu Widerstandsf\u00e4higkeit dank des exklusiv hergestellten Dyneema-Ripstop-Gewebes, Trail-Running-Tragegurte<\/p>\n<p>HAUPTMATERIALIEN: Enorm zug- und abriebfestes Dyneema-Polyamid-Ripstop-Gewebe, YKK-Rei\u00dfverschl\u00fcsse, Lycra, Hypalon<\/p>\n<p>OPTIONALES ZUBEH\u00d6R: Helmhalter, Hydrapack Ultraflask<\/p>\n<p>HERSTELLUNG: Frankreich<\/p>\n<p>FARBE: Hellgrau mit Pink<\/p>\n<p><strong><br \/>\nGR\u00d6SSEN: \u00a0\u00a0<\/strong><\/p>\n<p>Rucksackvolum: 30L, Gewicht 430g <a href=\"https:\/\/www.neo-paragliders.fr\/de\/shop\/fly-lite-30-l-damen-1746\">Lite Bag 30l Damen<\/a><\/p>\n<p>Rucksackvolum: 50L, Gewicht 685g <a href=\"https:\/\/www.neo-paragliders.fr\/de\/shop\/fly-lite-50-l-damen-1747\">Lite Bag 50L Damen<\/a><\/p>\n<p>Rucksackvolum: 70L, Gewicht 730g <a href=\"https:\/\/www.neo-paragliders.fr\/de\/shop\/fly-lite-70-l-damen-1748\">Lite Bag 70L Damen<\/a><\/p>\n<p>Rucksackvolum: 90L, Gewicht 750g <a href=\"https:\/\/www.neo-paragliders.fr\/de\/shop\/fly-lite-90-l-damen-1749\">Lite Bag 90L Damen<\/a><\/p>\n<p><img loading=\"lazy\" decoding=\"async\" class=\"\" src=\"https:\/\/www.neo-paragliders.fr\/web\/image\/29026-25c3d2ab\/neo-women-lite-bag-30L-photo-outdoor-04.jpg?access_token=2fad44ba-c1e7-4000-9e8e-30c6ef7f60ff\" width=\"512\" height=\"341\" \/><\/p>\n<p>&nbsp;<\/p>\n<p><strong>DAS TUCH<\/strong><\/p>\n<p>Das exklusive Material wurde speziell von NEO in Zusammenarbeit mit dem Hersteller entwickelt und erm\u00f6glicht es, leichtere und dabei robuste Produkte zu entwickeln.<\/p>\n<p><img loading=\"lazy\" decoding=\"async\" class=\"\" src=\"https:\/\/www.neo-paragliders.fr\/web\/image\/29023-1a9502ef\/neo-women-lite-bag-30L-photo-outdoor-10.jpg?access_token=479b1673-9eaa-47c6-bc3b-ec7cc7623596\" width=\"517\" height=\"344\" \/><\/p>\n<p><strong>DAS KONZEPT<\/strong><\/p>\n<p>Das Konzept dieses Ultraleicht-Rucksacks basiert auf dem Anspruch, das Gewicht optimal verteilen zu k\u00f6nnen. Das NEO-Lastverteilungssystem verbindet die Schultergurte direkt mit der Last, anstatt wie \u00fcblich mit dem R\u00fcckenteil. Das ergonomisch geformte R\u00fcckenteil wurde f\u00fcr hohen Tragekomfort auf langen Touren entwickelt. Der 30-Liter Rucksack bietet Schultergurte im Stil von Trailrunning-Rucks\u00e4cken mit Halterungen f\u00fcr Wasserflaschen.<\/p>\n<p><img loading=\"lazy\" decoding=\"async\" class=\"\" src=\"https:\/\/www.neo-paragliders.fr\/web\/image\/29024-c3d82ded\/neo-women-lite-bag-30L-photo-outdoor-03.jpg?access_token=7a57d4c7-35ac-4a7d-afd5-951659ac2ed6\" width=\"530\" height=\"353\" \/><\/p>\n<p>&nbsp;<\/p>\n<h4>EXTRA F\u00dcR FRAUEN<\/h4>\n<p>NEO ist sich der gro\u00dfen Unterschiede zwischen den K\u00f6rperformen von M\u00e4nnern und Frauen bewusst und wollte einen Rucksack von Frauen f\u00fcr Frauen entwerfen. Die grundlegenden Elemente unserer Lite-Rucks\u00e4cke beinhalten: Dyneema-Ripstop-Gewebe, hochwertige Rei\u00dfverschl\u00fcsse und Verst\u00e4rkungen, das NEO- Lastverteilungssystem.<\/p>\n<p>Wir haben dem Rucksack nicht nur bei der Optik einen weiblicheren Touch verliehen, sondern vorab speziell die Unterschiede untersucht, die dazu f\u00fchren, dass das Tragen eines normalen Rucksacks f\u00fcr einen Mann angenehm ist, f\u00fcr eine Frau aber nicht.<\/p>\n<p>Wir haben dann entsprechend der Ergebnisse das Design unserer Rucks\u00e4cke \u00fcberarbeitet und das Tragesystem komplett auf die weibliche Anatomie angepasst.<\/p>\n<p>&#8211; Schulterbreite,<br \/>\n&#8211; L\u00e4nge und Breite des R\u00fcckens,<br \/>\n&#8211; Form der H\u00fcften, Taille und der Brust<br \/>\nsind allesamt Elemente, die sich von denen der M\u00e4nner stark unterscheiden.<\/p>\n<p>Endlich k\u00f6nnen auch Frauen ihre Ausr\u00fcstung bequem tragen &#8211; und kommen vor ihrem Flug ganz entspannt am Startplatz an!<\/p>\n<p><img loading=\"lazy\" decoding=\"async\" class=\"\" src=\"https:\/\/www.neo-paragliders.fr\/web\/image\/29065-f3d6bcfc\/neo-women-lite-bag-30L-illustration-01.jpg?access_token=5d42622d-4f3f-4876-a391-84a63f441d11\" width=\"428\" height=\"777\" \/><\/p>\n<p>&nbsp;<\/p>\n<p>&nbsp;<\/p>\n<p>Falls dieser Artikel nicht an Lager ist, wird er f\u00fcr dich bestellt. Lieferfrist auf Anfrage.<\/p>\n","protected":false},"excerpt":{"rendered":"<h4>EINFACH UND HALTBAR<\/h4>\n<h4>ULTRALEICHTER RUCKSACK F\u00dcR FRAUEN<\/h4>\n<p><img decoding=\"async\" src=\"https:\/\/www.neo-paragliders.fr\/web\/image\/product.product\/7068\/image_1024\/Fly%20Lite%2050%20L%20Damen?unique=93a9f5a\" alt=\"Fly Lite 50 L Damen\" \/><\/p>\n<p>Der Rucksack bietet ein optimales Verh\u00e4ltnis von Gewicht, Ergonomie und Haltbarkeit und ist dank des extrem abriebfesten NEO Dyneema-Tuchs nicht mit anderen Leichtrucks\u00e4cken vergleichbar. Das exklusive Material wurde speziell von NEO in Zusammenarbeit mit dem Hersteller entwickelt und erm\u00f6glicht es, leichtere und dabei robuste Produkte zu entwickeln.<\/p>\n<p>&nbsp;<\/p>\n<h4>TECHNISCHE DATEN<\/h4>\n<p>Technische Beschreibung des Produktes<\/p>\n<p>KONZEPT: Ergonomische Passform extra f\u00fcr Frauen, hervorragendes Verh\u00e4ltnis von Gewicht zu Widerstandsf\u00e4higkeit dank des exklusiv hergestellten Dyneema-Ripstop-Gewebes, Trail-Running-Tragegurte<\/p>\n<p>HAUPTMATERIALIEN: Enorm zug- und abriebfestes Dyneema-Polyamid-Ripstop-Gewebe, YKK-Rei\u00dfverschl\u00fcsse, Lycra, Hypalon<\/p>\n<p>OPTIONALES ZUBEH\u00d6R: Helmhalter, Hydrapack Ultraflask<\/p>\n<p>HERSTELLUNG: Frankreich<\/p>\n<p>FARBE: Hellgrau mit Pink<\/p>\n<p><strong><br \/>\nGR\u00d6SSEN: \u00a0\u00a0<\/strong><\/p>\n<p>Rucksackvolum: 30L, Gewicht 430g <a href=\"https:\/\/www.neo-paragliders.fr\/de\/shop\/fly-lite-30-l-damen-1746\">Lite Bag 30l Damen<\/a><\/p>\n<p>Rucksackvolum: 50L, Gewicht 685g <a href=\"https:\/\/www.neo-paragliders.fr\/de\/shop\/fly-lite-50-l-damen-1747\">Lite Bag 50L Damen<\/a><\/p>\n<p>Rucksackvolum: 70L, Gewicht 730g <a href=\"https:\/\/www.neo-paragliders.fr\/de\/shop\/fly-lite-70-l-damen-1748\">Lite Bag 70L Damen<\/a><\/p>\n<p>Rucksackvolum: 90L, Gewicht 750g <a href=\"https:\/\/www.neo-paragliders.fr\/de\/shop\/fly-lite-90-l-damen-1749\">Lite Bag 90L Damen<\/a><\/p>\n<p><img loading=\"lazy\" decoding=\"async\" class=\"\" src=\"https:\/\/www.neo-paragliders.fr\/web\/image\/29026-25c3d2ab\/neo-women-lite-bag-30L-photo-outdoor-04.jpg?access_token=2fad44ba-c1e7-4000-9e8e-30c6ef7f60ff\" width=\"512\" height=\"341\" \/><\/p>\n<p>&nbsp;<\/p>\n<p><strong>DAS TUCH<\/strong><\/p>\n<p>Das exklusive Material wurde speziell von NEO in Zusammenarbeit mit dem Hersteller entwickelt und erm\u00f6glicht es, leichtere und dabei robuste Produkte zu entwickeln.<\/p>\n<p><img loading=\"lazy\" decoding=\"async\" class=\"\" src=\"https:\/\/www.neo-paragliders.fr\/web\/image\/29023-1a9502ef\/neo-women-lite-bag-30L-photo-outdoor-10.jpg?access_token=479b1673-9eaa-47c6-bc3b-ec7cc7623596\" width=\"517\" height=\"344\" \/><\/p>\n<p><strong>DAS KONZEPT<\/strong><\/p>\n<p>Das Konzept dieses Ultraleicht-Rucksacks basiert auf dem Anspruch, das Gewicht optimal verteilen zu k\u00f6nnen. Das NEO-Lastverteilungssystem verbindet die Schultergurte direkt mit der Last, anstatt wie \u00fcblich mit dem R\u00fcckenteil. Das ergonomisch geformte R\u00fcckenteil wurde f\u00fcr hohen Tragekomfort auf langen Touren entwickelt. Der 30-Liter Rucksack bietet Schultergurte im Stil von Trailrunning-Rucks\u00e4cken mit Halterungen f\u00fcr Wasserflaschen.<\/p>\n<p><img loading=\"lazy\" decoding=\"async\" class=\"\" src=\"https:\/\/www.neo-paragliders.fr\/web\/image\/29024-c3d82ded\/neo-women-lite-bag-30L-photo-outdoor-03.jpg?access_token=7a57d4c7-35ac-4a7d-afd5-951659ac2ed6\" width=\"530\" height=\"353\" \/><\/p>\n<p>&nbsp;<\/p>\n<h4>EXTRA F\u00dcR FRAUEN<\/h4>\n<p>NEO ist sich der gro\u00dfen Unterschiede zwischen den K\u00f6rperformen von M\u00e4nnern und Frauen bewusst und wollte einen Rucksack von Frauen f\u00fcr Frauen entwerfen. Die grundlegenden Elemente unserer Lite-Rucks\u00e4cke beinhalten: Dyneema-Ripstop-Gewebe, hochwertige Rei\u00dfverschl\u00fcsse und Verst\u00e4rkungen, das NEO- Lastverteilungssystem.<\/p>\n<p>Wir haben dem Rucksack nicht nur bei der Optik einen weiblicheren Touch verliehen, sondern vorab speziell die Unterschiede untersucht, die dazu f\u00fchren, dass das Tragen eines normalen Rucksacks f\u00fcr einen Mann angenehm ist, f\u00fcr eine Frau aber nicht.<\/p>\n<p>Wir haben dann entsprechend der Ergebnisse das Design unserer Rucks\u00e4cke \u00fcberarbeitet und das Tragesystem komplett auf die weibliche Anatomie angepasst.<\/p>\n<p>&#8211; Schulterbreite,<br \/>\n&#8211; L\u00e4nge und Breite des R\u00fcckens,<br \/>\n&#8211; Form der H\u00fcften, Taille und der Brust<br \/>\nsind allesamt Elemente, die sich von denen der M\u00e4nner stark unterscheiden.<\/p>\n<p>Endlich k\u00f6nnen auch Frauen ihre Ausr\u00fcstung bequem tragen &#8211; und kommen vor ihrem Flug ganz entspannt am Startplatz an!<\/p>\n<p><img loading=\"lazy\" decoding=\"async\" class=\"\" src=\"https:\/\/www.neo-paragliders.fr\/web\/image\/29065-f3d6bcfc\/neo-women-lite-bag-30L-illustration-01.jpg?access_token=5d42622d-4f3f-4876-a391-84a63f441d11\" width=\"428\" height=\"777\" \/><\/p>\n<p>&nbsp;<\/p>\n<p>&nbsp;<\/p>\n<p>Falls dieser Artikel nicht an Lager ist, wird er f\u00fcr dich bestellt. Lieferfrist auf Anfrage.<\/p>\n","protected":false},"featured_media":14495,"comment_status":"closed","ping_status":"closed","template":"","meta":[],"product_brand":[],"product_cat":[2072],"product_tag":[2210,90],"class_list":{"0":"post-14482","1":"product","2":"type-product","3":"status-publish","4":"has-post-thumbnail","6":"product_cat-gleitschirm-rucksaecke","7":"product_tag-rucksack","8":"product_tag-verkaufsartikel","9":"product_shipping_class-priority-2kg-de","11":"first","12":"instock","13":"sale","14":"shipping-taxable","15":"purchasable","16":"product-type-variable"},"yoast_head":"<!-- This site is optimized with the Yoast SEO Premium plugin v26.1 (Yoast SEO v27.3) - https:\/\/yoast.com\/product\/yoast-seo-premium-wordpress\/ -->\n<title>Neo Fly Lite Bag Damen | Gleitschirmschule Thun, Bern, Interlaken<\/title>\n<meta name=\"description\" content=\"Neo Fly Lite Bag Damen EINFACH UND HALTBARULTRALEICHTER RUCKSACK Der Rucksack bietet ein optimales Verh\u00e4ltnis von Gewicht, Ergonomie und Haltbarkeit und ist dank des extrem abriebfesten NEO Dyneema-Tuchs nicht mit anderen Leichtrucks\u00e4cken vergleichbar. Das exklusive Material wurde speziell von NEO in Zusammenarbeit mit dem Hersteller entwickelt und erm\u00f6glicht es, leichtere und dabei robuste Produkte zu entwickeln. NEO ist sich der gro\u00dfen Unterschiede zwischen den K\u00f6rperformen von M\u00e4nnern und Frauen bewusst und wollte einen Rucksack von Frauen f\u00fcr Frauen entwerfen. Die grundlegenden Elemente unserer Lite-Rucks\u00e4cke beinhalten: Dyneema-Ripstop-Gewebe, hochwertige Rei\u00dfverschl\u00fcsse und Verst\u00e4rkungen, das NEO- Lastverteilungssystem.\" \/>\n<meta name=\"robots\" content=\"index, follow, max-snippet:-1, max-image-preview:large, max-video-preview:-1\" \/>\n<link rel=\"canonical\" href=\"https:\/\/swissgliders.ch\/de\/produkt\/neo-fly-lite-bag-damen\/\" \/>\n<meta property=\"og:locale\" content=\"de_DE\" \/>\n<meta property=\"og:type\" content=\"article\" \/>\n<meta property=\"og:title\" content=\"Neo Fly Lite Bag Damen\" \/>\n<meta property=\"og:description\" content=\"Neo Fly Lite Bag Damen EINFACH UND HALTBARULTRALEICHTER RUCKSACK Der Rucksack bietet ein optimales Verh\u00e4ltnis von Gewicht, Ergonomie und Haltbarkeit und ist dank des extrem abriebfesten NEO Dyneema-Tuchs nicht mit anderen Leichtrucks\u00e4cken vergleichbar. Das exklusive Material wurde speziell von NEO in Zusammenarbeit mit dem Hersteller entwickelt und erm\u00f6glicht es, leichtere und dabei robuste Produkte zu entwickeln. NEO ist sich der gro\u00dfen Unterschiede zwischen den K\u00f6rperformen von M\u00e4nnern und Frauen bewusst und wollte einen Rucksack von Frauen f\u00fcr Frauen entwerfen. Die grundlegenden Elemente unserer Lite-Rucks\u00e4cke beinhalten: Dyneema-Ripstop-Gewebe, hochwertige Rei\u00dfverschl\u00fcsse und Verst\u00e4rkungen, das NEO- Lastverteilungssystem.\" \/>\n<meta property=\"og:url\" content=\"https:\/\/swissgliders.ch\/de\/produkt\/neo-fly-lite-bag-damen\/\" \/>\n<meta property=\"og:site_name\" content=\"Gleitschirmschule Thun, Bern, Interlaken\" \/>\n<meta property=\"article:publisher\" content=\"https:\/\/www.facebook.com\/swissgliders\" \/>\n<meta property=\"article:modified_time\" content=\"2025-06-04T05:59:29+00:00\" \/>\n<meta property=\"og:image\" content=\"https:\/\/swissgliders.ch\/wp-content\/uploads\/2024\/09\/Neo_Rucksack_Lite-Bag_Damen-1.jpg\" \/>\n\t<meta property=\"og:image:width\" content=\"558\" \/>\n\t<meta property=\"og:image:height\" content=\"379\" \/>\n\t<meta property=\"og:image:type\" content=\"image\/jpeg\" \/>\n<meta name=\"twitter:card\" content=\"summary_large_image\" \/>\n<meta name=\"twitter:site\" content=\"@Swissgliders\" \/>\n<meta name=\"twitter:label1\" content=\"Verf\u00fcgbarkeit\" \/>\n\t<meta name=\"twitter:data1\" content=\"Auf Lager\" \/>\n<script type=\"application\/ld+json\" class=\"yoast-schema-graph\">{\"@context\":\"https:\\\/\\\/schema.org\",\"@graph\":[{\"@type\":\"WebPage\",\"@id\":\"https:\\\/\\\/swissgliders.ch\\\/de\\\/produkt\\\/neo-fly-lite-bag-damen\\\/\",\"url\":\"https:\\\/\\\/swissgliders.ch\\\/de\\\/produkt\\\/neo-fly-lite-bag-damen\\\/\",\"name\":\"Neo Fly Lite Bag Damen | Gleitschirmschule Thun, Bern, Interlaken\",\"isPartOf\":{\"@id\":\"https:\\\/\\\/swissgliders.ch\\\/de\\\/#website\"},\"primaryImageOfPage\":{\"@id\":\"https:\\\/\\\/swissgliders.ch\\\/de\\\/produkt\\\/neo-fly-lite-bag-damen\\\/#primaryimage\"},\"image\":{\"@id\":\"https:\\\/\\\/swissgliders.ch\\\/de\\\/produkt\\\/neo-fly-lite-bag-damen\\\/#primaryimage\"},\"thumbnailUrl\":\"https:\\\/\\\/swissgliders.ch\\\/wp-content\\\/uploads\\\/2024\\\/09\\\/Neo_Rucksack_Lite-Bag_Damen-1.jpg\",\"datePublished\":\"2024-09-13T04:22:29+00:00\",\"dateModified\":\"2025-06-04T05:59:29+00:00\",\"description\":\"Neo Fly Lite Bag Damen EINFACH UND HALTBARULTRALEICHTER RUCKSACK Der Rucksack bietet ein optimales Verh\u00e4ltnis von Gewicht, Ergonomie und Haltbarkeit und ist dank des extrem abriebfesten NEO Dyneema-Tuchs nicht mit anderen Leichtrucks\u00e4cken vergleichbar. Das exklusive Material wurde speziell von NEO in Zusammenarbeit mit dem Hersteller entwickelt und erm\u00f6glicht es, leichtere und dabei robuste Produkte zu entwickeln. NEO ist sich der gro\u00dfen Unterschiede zwischen den K\u00f6rperformen von M\u00e4nnern und Frauen bewusst und wollte einen Rucksack von Frauen f\u00fcr Frauen entwerfen. Die grundlegenden Elemente unserer Lite-Rucks\u00e4cke beinhalten: Dyneema-Ripstop-Gewebe, hochwertige Rei\u00dfverschl\u00fcsse und Verst\u00e4rkungen, das NEO- Lastverteilungssystem.\",\"breadcrumb\":{\"@id\":\"https:\\\/\\\/swissgliders.ch\\\/de\\\/produkt\\\/neo-fly-lite-bag-damen\\\/#breadcrumb\"},\"inLanguage\":\"de\",\"potentialAction\":[{\"@type\":\"ReadAction\",\"target\":[\"https:\\\/\\\/swissgliders.ch\\\/de\\\/produkt\\\/neo-fly-lite-bag-damen\\\/\"]}]},{\"@type\":\"ImageObject\",\"inLanguage\":\"de\",\"@id\":\"https:\\\/\\\/swissgliders.ch\\\/de\\\/produkt\\\/neo-fly-lite-bag-damen\\\/#primaryimage\",\"url\":\"https:\\\/\\\/swissgliders.ch\\\/wp-content\\\/uploads\\\/2024\\\/09\\\/Neo_Rucksack_Lite-Bag_Damen-1.jpg\",\"contentUrl\":\"https:\\\/\\\/swissgliders.ch\\\/wp-content\\\/uploads\\\/2024\\\/09\\\/Neo_Rucksack_Lite-Bag_Damen-1.jpg\",\"width\":558,\"height\":379,\"caption\":\"Neo_Rucksack_Lite Bag_Damen-1\"},{\"@type\":\"BreadcrumbList\",\"@id\":\"https:\\\/\\\/swissgliders.ch\\\/de\\\/produkt\\\/neo-fly-lite-bag-damen\\\/#breadcrumb\",\"itemListElement\":[{\"@type\":\"ListItem\",\"position\":1,\"name\":\"Startseite\",\"item\":\"https:\\\/\\\/swissgliders.ch\\\/de\\\/willkommen\\\/\"},{\"@type\":\"ListItem\",\"position\":2,\"name\":\"Gleitschirm Shop\",\"item\":\"https:\\\/\\\/swissgliders.ch\\\/de\\\/gleitschirm-shop\\\/\"},{\"@type\":\"ListItem\",\"position\":3,\"name\":\"Neo Fly Lite Bag Damen\"}]},{\"@type\":\"WebSite\",\"@id\":\"https:\\\/\\\/swissgliders.ch\\\/de\\\/#website\",\"url\":\"https:\\\/\\\/swissgliders.ch\\\/de\\\/\",\"name\":\"Gleitschirmschule Thun, Bern, Interlaken\",\"description\":\"Gleitschirmschule Thun, Bern, Interlaken\",\"publisher\":{\"@id\":\"https:\\\/\\\/swissgliders.ch\\\/de\\\/#organization\"},\"potentialAction\":[{\"@type\":\"SearchAction\",\"target\":{\"@type\":\"EntryPoint\",\"urlTemplate\":\"https:\\\/\\\/swissgliders.ch\\\/de\\\/?s={search_term_string}\"},\"query-input\":{\"@type\":\"PropertyValueSpecification\",\"valueRequired\":true,\"valueName\":\"search_term_string\"}}],\"inLanguage\":\"de\"},{\"@type\":\"Organization\",\"@id\":\"https:\\\/\\\/swissgliders.ch\\\/de\\\/#organization\",\"name\":\"Swissgliders Gleitschirmflugschule Thun\",\"url\":\"https:\\\/\\\/swissgliders.ch\\\/de\\\/\",\"logo\":{\"@type\":\"ImageObject\",\"inLanguage\":\"de\",\"@id\":\"https:\\\/\\\/swissgliders.ch\\\/de\\\/#\\\/schema\\\/logo\\\/image\\\/\",\"url\":\"https:\\\/\\\/swissgliders.ch\\\/wp-content\\\/uploads\\\/2019\\\/12\\\/swissgliders-logo-rgb-square-L-no-ch-01.png\",\"contentUrl\":\"https:\\\/\\\/swissgliders.ch\\\/wp-content\\\/uploads\\\/2019\\\/12\\\/swissgliders-logo-rgb-square-L-no-ch-01.png\",\"width\":2500,\"height\":2500,\"caption\":\"Swissgliders Gleitschirmflugschule Thun\"},\"image\":{\"@id\":\"https:\\\/\\\/swissgliders.ch\\\/de\\\/#\\\/schema\\\/logo\\\/image\\\/\"},\"sameAs\":[\"https:\\\/\\\/www.facebook.com\\\/swissgliders\",\"https:\\\/\\\/x.com\\\/Swissgliders\",\"https:\\\/\\\/www.instagram.com\\\/swissgliders\\\/\",\"https:\\\/\\\/www.youtube.com\\\/channel\\\/UCMCtGdepy9vBhrhX3V_oJOA\"],\"hasMerchantReturnPolicy\":{\"@type\":\"MerchantReturnPolicy\",\"merchantReturnLink\":\"https:\\\/\\\/swissgliders.ch\\\/de\\\/allgemeine-geschaftsbedingungen\\\/\"}}]}<\/script>\n<meta property=\"og:availability\" content=\"instock\" \/>\n<meta property=\"product:availability\" content=\"instock\" \/>\n<meta property=\"product:condition\" content=\"new\" \/>\n<!-- \/ Yoast SEO Premium plugin. -->","yoast_head_json":{"title":"Neo Fly Lite Bag Damen | Gleitschirmschule Thun, Bern, Interlaken","description":"Neo Fly Lite Bag Damen EINFACH UND HALTBARULTRALEICHTER RUCKSACK Der Rucksack bietet ein optimales Verh\u00e4ltnis von Gewicht, Ergonomie und Haltbarkeit und ist dank des extrem abriebfesten NEO Dyneema-Tuchs nicht mit anderen Leichtrucks\u00e4cken vergleichbar. Das exklusive Material wurde speziell von NEO in Zusammenarbeit mit dem Hersteller entwickelt und erm\u00f6glicht es, leichtere und dabei robuste Produkte zu entwickeln. NEO ist sich der gro\u00dfen Unterschiede zwischen den K\u00f6rperformen von M\u00e4nnern und Frauen bewusst und wollte einen Rucksack von Frauen f\u00fcr Frauen entwerfen. Die grundlegenden Elemente unserer Lite-Rucks\u00e4cke beinhalten: Dyneema-Ripstop-Gewebe, hochwertige Rei\u00dfverschl\u00fcsse und Verst\u00e4rkungen, das NEO- Lastverteilungssystem.","robots":{"index":"index","follow":"follow","max-snippet":"max-snippet:-1","max-image-preview":"max-image-preview:large","max-video-preview":"max-video-preview:-1"},"canonical":"https:\/\/swissgliders.ch\/de\/produkt\/neo-fly-lite-bag-damen\/","og_locale":"de_DE","og_type":"article","og_title":"Neo Fly Lite Bag Damen","og_description":"Neo Fly Lite Bag Damen EINFACH UND HALTBARULTRALEICHTER RUCKSACK Der Rucksack bietet ein optimales Verh\u00e4ltnis von Gewicht, Ergonomie und Haltbarkeit und ist dank des extrem abriebfesten NEO Dyneema-Tuchs nicht mit anderen Leichtrucks\u00e4cken vergleichbar. Das exklusive Material wurde speziell von NEO in Zusammenarbeit mit dem Hersteller entwickelt und erm\u00f6glicht es, leichtere und dabei robuste Produkte zu entwickeln. NEO ist sich der gro\u00dfen Unterschiede zwischen den K\u00f6rperformen von M\u00e4nnern und Frauen bewusst und wollte einen Rucksack von Frauen f\u00fcr Frauen entwerfen. Die grundlegenden Elemente unserer Lite-Rucks\u00e4cke beinhalten: Dyneema-Ripstop-Gewebe, hochwertige Rei\u00dfverschl\u00fcsse und Verst\u00e4rkungen, das NEO- Lastverteilungssystem.","og_url":"https:\/\/swissgliders.ch\/de\/produkt\/neo-fly-lite-bag-damen\/","og_site_name":"Gleitschirmschule Thun, Bern, Interlaken","article_publisher":"https:\/\/www.facebook.com\/swissgliders","article_modified_time":"2025-06-04T05:59:29+00:00","og_image":[{"width":558,"height":379,"url":"https:\/\/swissgliders.ch\/wp-content\/uploads\/2024\/09\/Neo_Rucksack_Lite-Bag_Damen-1.jpg","type":"image\/jpeg"}],"twitter_card":"summary_large_image","twitter_site":"@Swissgliders","twitter_misc":{"Verf\u00fcgbarkeit":"Auf Lager"},"schema":{"@context":"https:\/\/schema.org","@graph":[{"@type":"WebPage","@id":"https:\/\/swissgliders.ch\/de\/produkt\/neo-fly-lite-bag-damen\/","url":"https:\/\/swissgliders.ch\/de\/produkt\/neo-fly-lite-bag-damen\/","name":"Neo Fly Lite Bag Damen | Gleitschirmschule Thun, Bern, Interlaken","isPartOf":{"@id":"https:\/\/swissgliders.ch\/de\/#website"},"primaryImageOfPage":{"@id":"https:\/\/swissgliders.ch\/de\/produkt\/neo-fly-lite-bag-damen\/#primaryimage"},"image":{"@id":"https:\/\/swissgliders.ch\/de\/produkt\/neo-fly-lite-bag-damen\/#primaryimage"},"thumbnailUrl":"https:\/\/swissgliders.ch\/wp-content\/uploads\/2024\/09\/Neo_Rucksack_Lite-Bag_Damen-1.jpg","datePublished":"2024-09-13T04:22:29+00:00","dateModified":"2025-06-04T05:59:29+00:00","description":"Neo Fly Lite Bag Damen EINFACH UND HALTBARULTRALEICHTER RUCKSACK Der Rucksack bietet ein optimales Verh\u00e4ltnis von Gewicht, Ergonomie und Haltbarkeit und ist dank des extrem abriebfesten NEO Dyneema-Tuchs nicht mit anderen Leichtrucks\u00e4cken vergleichbar. Das exklusive Material wurde speziell von NEO in Zusammenarbeit mit dem Hersteller entwickelt und erm\u00f6glicht es, leichtere und dabei robuste Produkte zu entwickeln. NEO ist sich der gro\u00dfen Unterschiede zwischen den K\u00f6rperformen von M\u00e4nnern und Frauen bewusst und wollte einen Rucksack von Frauen f\u00fcr Frauen entwerfen. Die grundlegenden Elemente unserer Lite-Rucks\u00e4cke beinhalten: Dyneema-Ripstop-Gewebe, hochwertige Rei\u00dfverschl\u00fcsse und Verst\u00e4rkungen, das NEO- Lastverteilungssystem.","breadcrumb":{"@id":"https:\/\/swissgliders.ch\/de\/produkt\/neo-fly-lite-bag-damen\/#breadcrumb"},"inLanguage":"de","potentialAction":[{"@type":"ReadAction","target":["https:\/\/swissgliders.ch\/de\/produkt\/neo-fly-lite-bag-damen\/"]}]},{"@type":"ImageObject","inLanguage":"de","@id":"https:\/\/swissgliders.ch\/de\/produkt\/neo-fly-lite-bag-damen\/#primaryimage","url":"https:\/\/swissgliders.ch\/wp-content\/uploads\/2024\/09\/Neo_Rucksack_Lite-Bag_Damen-1.jpg","contentUrl":"https:\/\/swissgliders.ch\/wp-content\/uploads\/2024\/09\/Neo_Rucksack_Lite-Bag_Damen-1.jpg","width":558,"height":379,"caption":"Neo_Rucksack_Lite Bag_Damen-1"},{"@type":"BreadcrumbList","@id":"https:\/\/swissgliders.ch\/de\/produkt\/neo-fly-lite-bag-damen\/#breadcrumb","itemListElement":[{"@type":"ListItem","position":1,"name":"Startseite","item":"https:\/\/swissgliders.ch\/de\/willkommen\/"},{"@type":"ListItem","position":2,"name":"Gleitschirm Shop","item":"https:\/\/swissgliders.ch\/de\/gleitschirm-shop\/"},{"@type":"ListItem","position":3,"name":"Neo Fly Lite Bag Damen"}]},{"@type":"WebSite","@id":"https:\/\/swissgliders.ch\/de\/#website","url":"https:\/\/swissgliders.ch\/de\/","name":"Gleitschirmschule Thun, Bern, Interlaken","description":"Gleitschirmschule Thun, Bern, Interlaken","publisher":{"@id":"https:\/\/swissgliders.ch\/de\/#organization"},"potentialAction":[{"@type":"SearchAction","target":{"@type":"EntryPoint","urlTemplate":"https:\/\/swissgliders.ch\/de\/?s={search_term_string}"},"query-input":{"@type":"PropertyValueSpecification","valueRequired":true,"valueName":"search_term_string"}}],"inLanguage":"de"},{"@type":"Organization","@id":"https:\/\/swissgliders.ch\/de\/#organization","name":"Swissgliders Gleitschirmflugschule Thun","url":"https:\/\/swissgliders.ch\/de\/","logo":{"@type":"ImageObject","inLanguage":"de","@id":"https:\/\/swissgliders.ch\/de\/#\/schema\/logo\/image\/","url":"https:\/\/swissgliders.ch\/wp-content\/uploads\/2019\/12\/swissgliders-logo-rgb-square-L-no-ch-01.png","contentUrl":"https:\/\/swissgliders.ch\/wp-content\/uploads\/2019\/12\/swissgliders-logo-rgb-square-L-no-ch-01.png","width":2500,"height":2500,"caption":"Swissgliders Gleitschirmflugschule Thun"},"image":{"@id":"https:\/\/swissgliders.ch\/de\/#\/schema\/logo\/image\/"},"sameAs":["https:\/\/www.facebook.com\/swissgliders","https:\/\/x.com\/Swissgliders","https:\/\/www.instagram.com\/swissgliders\/","https:\/\/www.youtube.com\/channel\/UCMCtGdepy9vBhrhX3V_oJOA"],"hasMerchantReturnPolicy":{"@type":"MerchantReturnPolicy","merchantReturnLink":"https:\/\/swissgliders.ch\/de\/allgemeine-geschaftsbedingungen\/"}}]},"og_availability":"instock","product_availability":"instock","product_condition":"new"},"_links":{"self":[{"href":"https:\/\/swissgliders.ch\/de\/wp-json\/wp\/v2\/product\/14482","targetHints":{"allow":["GET"]}}],"collection":[{"href":"https:\/\/swissgliders.ch\/de\/wp-json\/wp\/v2\/product"}],"about":[{"href":"https:\/\/swissgliders.ch\/de\/wp-json\/wp\/v2\/types\/product"}],"replies":[{"embeddable":true,"href":"https:\/\/swissgliders.ch\/de\/wp-json\/wp\/v2\/comments?post=14482"}],"wp:featuredmedia":[{"embeddable":true,"href":"https:\/\/swissgliders.ch\/de\/wp-json\/wp\/v2\/media\/14495"}],"wp:attachment":[{"href":"https:\/\/swissgliders.ch\/de\/wp-json\/wp\/v2\/media?parent=14482"}],"wp:term":[{"taxonomy":"product_brand","embeddable":true,"href":"https:\/\/swissgliders.ch\/de\/wp-json\/wp\/v2\/product_brand?post=14482"},{"taxonomy":"product_cat","embeddable":true,"href":"https:\/\/swissgliders.ch\/de\/wp-json\/wp\/v2\/product_cat?post=14482"},{"taxonomy":"product_tag","embeddable":true,"href":"https:\/\/swissgliders.ch\/de\/wp-json\/wp\/v2\/product_tag?post=14482"}],"curies":[{"name":"wp","href":"https:\/\/api.w.org\/{rel}","templated":true}]}}