{"id":14573,"date":"2024-09-24T21:14:33","date_gmt":"2024-09-24T20:14:33","guid":{"rendered":"https:\/\/swissgliders.ch\/?post_type=product&#038;p=14573"},"modified":"2024-09-24T21:45:54","modified_gmt":"2024-09-24T20:45:54","slug":"skywalk-range-x-alps3-athlete-version","status":"publish","type":"product","link":"https:\/\/swissgliders.ch\/de\/produkt\/skywalk-range-x-alps3-athlete-version\/","title":{"rendered":"Skywalk RANGE X-ALPS3 Athlete Version"},"content":{"rendered":"<div class=\"et_pb_module et_pb_text et_pb_text_0 et_pb_bg_layout_light et_pb_text_align_left\">\n<div class=\"et_pb_text_inner\">\n<div class=\"lg:max-w-5xl mx-auto px-4 py-6 lg:py-8 xl:px-0 pb-4\">\n<div class=\"pt-2 lg:pb-8\">\n<div class=\"relative overflow-x-auto\">\n<div class=\"et_pb_module et_pb_text et_pb_text_0 et_pb_bg_layout_light et_pb_text_align_left\">\n<div class=\"et_pb_text_inner\">\n<div class=\"lg:max-w-5xl mx-auto px-4 py-6 lg:py-8 xl:px-0 pb-4\">\n<div class=\"pt-2 lg:pb-8\">\n<div class=\"relative overflow-x-auto\">\n<div class=\"et_pb_column et_pb_column_1_2 et_pb_column_0 et_pb_css_mix_blend_mode_passthrough\">\n<div class=\"et_pb_module et_pb_text et_pb_text_0 et_pb_text_align_left et_pb_bg_layout_light\">\n<div class=\"et_pb_text_inner\">\n<h1>100% Race Hike&amp;Fly Race Power<\/h1>\n<\/div>\n<\/div>\n<div class=\"et_pb_module et_pb_text et_pb_text_1 et_pb_text_align_justified et_pb_bg_layout_light\">\n<div class=\"et_pb_text_inner\">\n<p><span data-contrast=\"auto\">Mit dem RANGE X-ALPS3 Athlete Version Gurtzeug flie\u00dft pure Race-DNA durch jede Naht! Urspr\u00fcnglich speziell f\u00fcr die h\u00e4rtesten Anforderungen der Red Bull X-Alps entwickelt, hat dieses Gurtzeug bereits mehrfach auf den hochkar\u00e4tigsten Hike&amp;Fly Wettbewerben seine Klasse bewiesen. Jetzt steht es allen Athleten zur Verf\u00fcgung, die bereit sind, sich den ultimativen Herausforderungen zu stellen.<\/span><span data-ccp-props=\"{&quot;201341983&quot;:0,&quot;335559739&quot;:0,&quot;335559740&quot;:240}\">\u00a0<\/span><\/p>\n<p><span data-contrast=\"auto\">Das Gurtzeug vereint die bew\u00e4hrte Flugstabilit\u00e4t und den Sitzkomfort des RANGE X-ALPS3 mit einer kompromisslosen Ausrichtung auf Racing. Der ultraleichte, minimalistische Aufbau bringt es auf sensationelle 1,32 kg \u2013 ein unschlagbarer Wert f\u00fcr ein vollverkleidetes Liegegurtzeug! Dabei wurde kein Kompromiss bei der Sicherheit eingegangen: Der PERMAIR Protektor bietet maximalen Schutz und erstreckt sich bis zum R\u00fccken, damit du auch in Extremsituationen bestens gesch\u00fctzt bist.<\/span><span data-ccp-props=\"{&quot;201341983&quot;:0,&quot;335559739&quot;:0,&quot;335559740&quot;:240}\">\u00a0<\/span><\/p>\n<\/div>\n<\/div>\n<\/div>\n<div class=\"et_pb_column et_pb_column_1_2 et_pb_column_1 et_pb_css_mix_blend_mode_passthrough et-last-child\">\n<div class=\"et_pb_module et_pb_text et_pb_text_2 et_pb_text_align_left et_pb_bg_layout_light\">\n<div class=\"et_pb_text_inner\">\n<h1>Leicht. Kompakt. Intuitiv.<\/h1>\n<\/div>\n<\/div>\n<div class=\"et_pb_module et_pb_text et_pb_text_3 et_pb_text_align_justified et_pb_bg_layout_light\">\n<div class=\"et_pb_text_inner\">\n<p><span data-contrast=\"auto\">Die aerodynamische Silhouette dieses Gurtzeugs ist dein Schl\u00fcssel zu herausragender Performance auf langen Gleitpassagen. Mit zwei Stauf\u00e4chern und einem Cockpit Pouch ist genug Platz f\u00fcr dein wichtigstes Equipment. Bist du bereit, dein n\u00e4chstes Abenteuer anzutreten und deine Grenzen zu verschieben? <\/span><\/p>\n<p><span data-contrast=\"auto\">Die RANGE X-ALPS3 Athlete Version wartet auf dich!<\/span><span data-ccp-props=\"{&quot;201341983&quot;:0,&quot;335559739&quot;:0,&quot;335559740&quot;:240}\">\u00a0<\/span><\/p>\n<\/div>\n<\/div>\n<\/div>\n<\/div>\n<\/div>\n<\/div>\n<\/div>\n<\/div>\n<\/div>\n<\/div>\n<\/div>\n<\/div>\n<\/div>\n","protected":false},"excerpt":{"rendered":"<div class=\"et_pb_module et_pb_text et_pb_text_0 et_pb_bg_layout_light et_pb_text_align_left\">\n<div class=\"et_pb_text_inner\">\n<div class=\"lg:max-w-5xl mx-auto px-4 py-6 lg:py-8 xl:px-0 pb-4\">\n<div class=\"pt-2 lg:pb-8\">\n<div><\/div>\n<div class=\"relative overflow-x-auto\"><strong>100% Race Hike&amp;Fly Race Power<\/strong><\/div>\n<\/div>\n<\/div>\n<\/div>\n<\/div>\n<div class=\"et_pb_module et_pb_text et_pb_text_0 et_pb_bg_layout_light et_pb_text_align_left\">\n<div class=\"et_pb_text_inner\">\n<div class=\"lg:max-w-5xl mx-auto px-4 py-6 lg:py-8 xl:px-0 pb-4\">\n<div class=\"pt-2 lg:pb-8\">\n<div class=\"relative overflow-x-auto\">\n<div class=\"et_pb_module et_pb_text et_pb_text_0 et_pb_bg_layout_light et_pb_text_align_left\">\n<div class=\"et_pb_text_inner\">\n<div class=\"lg:max-w-5xl mx-auto px-4 py-6 lg:py-8 xl:px-0 pb-4\">\n<div class=\"pt-2 lg:pb-8\">\n<div class=\"relative overflow-x-auto\">\n<div class=\"et_pb_column et_pb_column_1_2 et_pb_column_0 et_pb_css_mix_blend_mode_passthrough\">\n<div class=\"et_pb_module et_pb_text et_pb_text_1 et_pb_text_align_justified et_pb_bg_layout_light\">\n<div class=\"et_pb_text_inner\">\n<p><span data-contrast=\"auto\">Mit dem RANGE X-ALPS3 Athlete Version Gurtzeug flie\u00dft pure Race-DNA durch jede Naht! Urspr\u00fcnglich speziell f\u00fcr die h\u00e4rtesten Anforderungen der Red Bull X-Alps entwickelt, hat dieses Gurtzeug bereits mehrfach auf den hochkar\u00e4tigsten Hike&amp;Fly Wettbewerben seine Klasse bewiesen. Jetzt steht es allen Athleten zur Verf\u00fcgung, die bereit sind, sich den ultimativen Herausforderungen zu stellen.<\/span><\/p>\n<p><span data-contrast=\"auto\">Das Gurtzeug vereint die bew\u00e4hrte Flugstabilit\u00e4t und den Sitzkomfort des RANGE X-ALPS3 mit einer kompromisslosen Ausrichtung auf Racing. Der ultraleichte, minimalistische Aufbau bringt es auf sensationelle 1,32 kg \u2013 ein unschlagbarer Wert f\u00fcr ein vollverkleidetes Liegegurtzeug! Dabei wurde kein Kompromiss bei der Sicherheit eingegangen: Der PERMAIR Protektor bietet maximalen Schutz und erstreckt sich bis zum R\u00fccken, damit du auch in Extremsituationen bestens gesch\u00fctzt bist.<\/span><\/p>\n<p><strong>Leicht. Kompakt. Intuitiv.<\/strong><\/p>\n<p>Die aerodynamische Silhouette dieses Gurtzeugs ist dein Schl\u00fcssel zu herausragender Performance auf langen Gleitpassagen. Mit zwei Stauf\u00e4chern und einem Cockpit Pouch ist genug Platz f\u00fcr dein wichtigstes Equipment. Bist du bereit, dein n\u00e4chstes Abenteuer anzutreten und deine Grenzen zu verschieben?<\/p>\n<\/div>\n<\/div>\n<\/div>\n<div class=\"et_pb_column et_pb_column_1_2 et_pb_column_1 et_pb_css_mix_blend_mode_passthrough et-last-child\">\n<div class=\"et_pb_module et_pb_text et_pb_text_3 et_pb_text_align_justified et_pb_bg_layout_light\">\n<div class=\"et_pb_text_inner\">\n<p><span data-contrast=\"auto\">Die RANGE X-ALPS3 Athlete Version wartet auf dich!<\/span><span data-ccp-props=\"{&quot;201341983&quot;:0,&quot;335559739&quot;:0,&quot;335559740&quot;:240}\">\u00a0<\/span><\/p>\n<p>Das ultimative Paket mit dem neuen <a href=\"https:\/\/swissgliders.ch\/de\/produkt\/skywalk-sage-en-c\/\" target=\"_blank\" rel=\"noopener\">SAGE<\/a><\/p>\n<\/div>\n<\/div>\n<\/div>\n<\/div>\n<\/div>\n<\/div>\n<\/div>\n<\/div>\n<\/div>\n<\/div>\n<\/div>\n<\/div>\n<\/div>\n<p>Mehr <a href=\"https:\/\/skywalk.info\/de\/project\/range-x-alps-3-av\/\" target=\"_blank\" rel=\"noopener noreferrer\">Infos<\/a><\/p>\n<p>Falls dieser Artikel nicht an Lager ist, wird er f\u00fcr dich bestellt. Lieferfrist ca. 1 Woche.<\/p>\n","protected":false},"featured_media":14574,"comment_status":"closed","ping_status":"closed","template":"","meta":[],"product_brand":[],"product_cat":[1026],"product_tag":[1040,999,90],"class_list":{"0":"post-14573","1":"product","2":"type-product","3":"status-publish","4":"has-post-thumbnail","6":"product_cat-leichte-gleitschirmgurtzeuge","7":"product_tag-leichtgurtzeug","8":"product_tag-liegegurtzeug","9":"product_tag-verkaufsartikel","10":"product_shipping_class-priority-10kg-de","12":"first","13":"instock","14":"sale","15":"shipping-taxable","16":"purchasable","17":"product-type-variable"},"yoast_head":"<!-- This site is optimized with the Yoast SEO Premium plugin v26.1 (Yoast SEO v27.3) - https:\/\/yoast.com\/product\/yoast-seo-premium-wordpress\/ -->\n<title>Skywalk RANGE X-ALPS3 Athlete Version | Gleitschirmschule Thun, Bern, Interlaken<\/title>\n<meta name=\"description\" content=\"Mit dem RANGE X-ALPS3 Athlete Version Gurtzeug flie\u00dft pure Race-DNA durch jede Naht! Urspr\u00fcnglich speziell f\u00fcr die h\u00e4rtesten Anforderungen der Red Bull X-Alps entwickelt, hat dieses Gurtzeug bereits mehrfach auf den hochkar\u00e4tigsten Hike&amp;Fly Wettbewerben seine Klasse bewiesen. Jetzt steht es allen Athleten zur Verf\u00fcgung, die bereit sind, sich den ultimativen Herausforderungen zu stellen.\" \/>\n<meta name=\"robots\" content=\"index, follow, max-snippet:-1, max-image-preview:large, max-video-preview:-1\" \/>\n<link rel=\"canonical\" href=\"https:\/\/swissgliders.ch\/de\/produkt\/skywalk-range-x-alps3-athlete-version\/\" \/>\n<meta property=\"og:locale\" content=\"de_DE\" \/>\n<meta property=\"og:type\" content=\"article\" \/>\n<meta property=\"og:title\" content=\"Skywalk RANGE X-ALPS3 Athlete Version\" \/>\n<meta property=\"og:description\" content=\"Mit dem RANGE X-ALPS3 Athlete Version Gurtzeug flie\u00dft pure Race-DNA durch jede Naht! Urspr\u00fcnglich speziell f\u00fcr die h\u00e4rtesten Anforderungen der Red Bull X-Alps entwickelt, hat dieses Gurtzeug bereits mehrfach auf den hochkar\u00e4tigsten Hike&amp;Fly Wettbewerben seine Klasse bewiesen. Jetzt steht es allen Athleten zur Verf\u00fcgung, die bereit sind, sich den ultimativen Herausforderungen zu stellen.\" \/>\n<meta property=\"og:url\" content=\"https:\/\/swissgliders.ch\/de\/produkt\/skywalk-range-x-alps3-athlete-version\/\" \/>\n<meta property=\"og:site_name\" content=\"Gleitschirmschule Thun, Bern, Interlaken\" \/>\n<meta property=\"article:publisher\" content=\"https:\/\/www.facebook.com\/swissgliders\" \/>\n<meta property=\"article:modified_time\" content=\"2024-09-24T20:45:54+00:00\" \/>\n<meta property=\"og:image\" content=\"https:\/\/swissgliders.ch\/wp-content\/uploads\/2024\/09\/RXA3AV-Rucken-und-Sitzstaufach.png\" \/>\n\t<meta property=\"og:image:width\" content=\"1600\" \/>\n\t<meta property=\"og:image:height\" content=\"1200\" \/>\n\t<meta property=\"og:image:type\" content=\"image\/png\" \/>\n<meta name=\"twitter:card\" content=\"summary_large_image\" \/>\n<meta name=\"twitter:site\" content=\"@Swissgliders\" \/>\n<meta name=\"twitter:label1\" content=\"Verf\u00fcgbarkeit\" \/>\n\t<meta name=\"twitter:data1\" content=\"Auf Lager\" \/>\n<script type=\"application\/ld+json\" class=\"yoast-schema-graph\">{\"@context\":\"https:\\\/\\\/schema.org\",\"@graph\":[{\"@type\":\"WebPage\",\"@id\":\"https:\\\/\\\/swissgliders.ch\\\/de\\\/produkt\\\/skywalk-range-x-alps3-athlete-version\\\/\",\"url\":\"https:\\\/\\\/swissgliders.ch\\\/de\\\/produkt\\\/skywalk-range-x-alps3-athlete-version\\\/\",\"name\":\"Skywalk RANGE X-ALPS3 Athlete Version | Gleitschirmschule Thun, Bern, Interlaken\",\"isPartOf\":{\"@id\":\"https:\\\/\\\/swissgliders.ch\\\/de\\\/#website\"},\"primaryImageOfPage\":{\"@id\":\"https:\\\/\\\/swissgliders.ch\\\/de\\\/produkt\\\/skywalk-range-x-alps3-athlete-version\\\/#primaryimage\"},\"image\":{\"@id\":\"https:\\\/\\\/swissgliders.ch\\\/de\\\/produkt\\\/skywalk-range-x-alps3-athlete-version\\\/#primaryimage\"},\"thumbnailUrl\":\"https:\\\/\\\/swissgliders.ch\\\/wp-content\\\/uploads\\\/2024\\\/09\\\/RXA3AV-Rucken-und-Sitzstaufach.png\",\"datePublished\":\"2024-09-24T20:14:33+00:00\",\"dateModified\":\"2024-09-24T20:45:54+00:00\",\"description\":\"Mit dem RANGE X-ALPS3 Athlete Version Gurtzeug flie\u00dft pure Race-DNA durch jede Naht! Urspr\u00fcnglich speziell f\u00fcr die h\u00e4rtesten Anforderungen der Red Bull X-Alps entwickelt, hat dieses Gurtzeug bereits mehrfach auf den hochkar\u00e4tigsten Hike&Fly Wettbewerben seine Klasse bewiesen. Jetzt steht es allen Athleten zur Verf\u00fcgung, die bereit sind, sich den ultimativen Herausforderungen zu stellen.\",\"breadcrumb\":{\"@id\":\"https:\\\/\\\/swissgliders.ch\\\/de\\\/produkt\\\/skywalk-range-x-alps3-athlete-version\\\/#breadcrumb\"},\"inLanguage\":\"de\",\"potentialAction\":[{\"@type\":\"ReadAction\",\"target\":[\"https:\\\/\\\/swissgliders.ch\\\/de\\\/produkt\\\/skywalk-range-x-alps3-athlete-version\\\/\"]}]},{\"@type\":\"ImageObject\",\"inLanguage\":\"de\",\"@id\":\"https:\\\/\\\/swissgliders.ch\\\/de\\\/produkt\\\/skywalk-range-x-alps3-athlete-version\\\/#primaryimage\",\"url\":\"https:\\\/\\\/swissgliders.ch\\\/wp-content\\\/uploads\\\/2024\\\/09\\\/RXA3AV-Rucken-und-Sitzstaufach.png\",\"contentUrl\":\"https:\\\/\\\/swissgliders.ch\\\/wp-content\\\/uploads\\\/2024\\\/09\\\/RXA3AV-Rucken-und-Sitzstaufach.png\",\"width\":1600,\"height\":1200,\"caption\":\"skywalk-rangexalps-athlete-version-1\"},{\"@type\":\"BreadcrumbList\",\"@id\":\"https:\\\/\\\/swissgliders.ch\\\/de\\\/produkt\\\/skywalk-range-x-alps3-athlete-version\\\/#breadcrumb\",\"itemListElement\":[{\"@type\":\"ListItem\",\"position\":1,\"name\":\"Startseite\",\"item\":\"https:\\\/\\\/swissgliders.ch\\\/de\\\/willkommen\\\/\"},{\"@type\":\"ListItem\",\"position\":2,\"name\":\"Gleitschirm Shop\",\"item\":\"https:\\\/\\\/swissgliders.ch\\\/de\\\/gleitschirm-shop\\\/\"},{\"@type\":\"ListItem\",\"position\":3,\"name\":\"Skywalk RANGE X-ALPS3 Athlete Version\"}]},{\"@type\":\"WebSite\",\"@id\":\"https:\\\/\\\/swissgliders.ch\\\/de\\\/#website\",\"url\":\"https:\\\/\\\/swissgliders.ch\\\/de\\\/\",\"name\":\"Gleitschirmschule Thun, Bern, Interlaken\",\"description\":\"Gleitschirmschule Thun, Bern, Interlaken\",\"publisher\":{\"@id\":\"https:\\\/\\\/swissgliders.ch\\\/de\\\/#organization\"},\"potentialAction\":[{\"@type\":\"SearchAction\",\"target\":{\"@type\":\"EntryPoint\",\"urlTemplate\":\"https:\\\/\\\/swissgliders.ch\\\/de\\\/?s={search_term_string}\"},\"query-input\":{\"@type\":\"PropertyValueSpecification\",\"valueRequired\":true,\"valueName\":\"search_term_string\"}}],\"inLanguage\":\"de\"},{\"@type\":\"Organization\",\"@id\":\"https:\\\/\\\/swissgliders.ch\\\/de\\\/#organization\",\"name\":\"Swissgliders Gleitschirmflugschule Thun\",\"url\":\"https:\\\/\\\/swissgliders.ch\\\/de\\\/\",\"logo\":{\"@type\":\"ImageObject\",\"inLanguage\":\"de\",\"@id\":\"https:\\\/\\\/swissgliders.ch\\\/de\\\/#\\\/schema\\\/logo\\\/image\\\/\",\"url\":\"https:\\\/\\\/swissgliders.ch\\\/wp-content\\\/uploads\\\/2019\\\/12\\\/swissgliders-logo-rgb-square-L-no-ch-01.png\",\"contentUrl\":\"https:\\\/\\\/swissgliders.ch\\\/wp-content\\\/uploads\\\/2019\\\/12\\\/swissgliders-logo-rgb-square-L-no-ch-01.png\",\"width\":2500,\"height\":2500,\"caption\":\"Swissgliders Gleitschirmflugschule Thun\"},\"image\":{\"@id\":\"https:\\\/\\\/swissgliders.ch\\\/de\\\/#\\\/schema\\\/logo\\\/image\\\/\"},\"sameAs\":[\"https:\\\/\\\/www.facebook.com\\\/swissgliders\",\"https:\\\/\\\/x.com\\\/Swissgliders\",\"https:\\\/\\\/www.instagram.com\\\/swissgliders\\\/\",\"https:\\\/\\\/www.youtube.com\\\/channel\\\/UCMCtGdepy9vBhrhX3V_oJOA\"],\"hasMerchantReturnPolicy\":{\"@type\":\"MerchantReturnPolicy\",\"merchantReturnLink\":\"https:\\\/\\\/swissgliders.ch\\\/de\\\/allgemeine-geschaftsbedingungen\\\/\"}}]}<\/script>\n<meta property=\"og:availability\" content=\"instock\" \/>\n<meta property=\"product:availability\" content=\"instock\" \/>\n<meta property=\"product:condition\" content=\"new\" \/>\n<!-- \/ Yoast SEO Premium plugin. -->","yoast_head_json":{"title":"Skywalk RANGE X-ALPS3 Athlete Version | Gleitschirmschule Thun, Bern, Interlaken","description":"Mit dem RANGE X-ALPS3 Athlete Version Gurtzeug flie\u00dft pure Race-DNA durch jede Naht! Urspr\u00fcnglich speziell f\u00fcr die h\u00e4rtesten Anforderungen der Red Bull X-Alps entwickelt, hat dieses Gurtzeug bereits mehrfach auf den hochkar\u00e4tigsten Hike&Fly Wettbewerben seine Klasse bewiesen. Jetzt steht es allen Athleten zur Verf\u00fcgung, die bereit sind, sich den ultimativen Herausforderungen zu stellen.","robots":{"index":"index","follow":"follow","max-snippet":"max-snippet:-1","max-image-preview":"max-image-preview:large","max-video-preview":"max-video-preview:-1"},"canonical":"https:\/\/swissgliders.ch\/de\/produkt\/skywalk-range-x-alps3-athlete-version\/","og_locale":"de_DE","og_type":"article","og_title":"Skywalk RANGE X-ALPS3 Athlete Version","og_description":"Mit dem RANGE X-ALPS3 Athlete Version Gurtzeug flie\u00dft pure Race-DNA durch jede Naht! Urspr\u00fcnglich speziell f\u00fcr die h\u00e4rtesten Anforderungen der Red Bull X-Alps entwickelt, hat dieses Gurtzeug bereits mehrfach auf den hochkar\u00e4tigsten Hike&Fly Wettbewerben seine Klasse bewiesen. Jetzt steht es allen Athleten zur Verf\u00fcgung, die bereit sind, sich den ultimativen Herausforderungen zu stellen.","og_url":"https:\/\/swissgliders.ch\/de\/produkt\/skywalk-range-x-alps3-athlete-version\/","og_site_name":"Gleitschirmschule Thun, Bern, Interlaken","article_publisher":"https:\/\/www.facebook.com\/swissgliders","article_modified_time":"2024-09-24T20:45:54+00:00","og_image":[{"width":1600,"height":1200,"url":"https:\/\/swissgliders.ch\/wp-content\/uploads\/2024\/09\/RXA3AV-Rucken-und-Sitzstaufach.png","type":"image\/png"}],"twitter_card":"summary_large_image","twitter_site":"@Swissgliders","twitter_misc":{"Verf\u00fcgbarkeit":"Auf Lager"},"schema":{"@context":"https:\/\/schema.org","@graph":[{"@type":"WebPage","@id":"https:\/\/swissgliders.ch\/de\/produkt\/skywalk-range-x-alps3-athlete-version\/","url":"https:\/\/swissgliders.ch\/de\/produkt\/skywalk-range-x-alps3-athlete-version\/","name":"Skywalk RANGE X-ALPS3 Athlete Version | Gleitschirmschule Thun, Bern, Interlaken","isPartOf":{"@id":"https:\/\/swissgliders.ch\/de\/#website"},"primaryImageOfPage":{"@id":"https:\/\/swissgliders.ch\/de\/produkt\/skywalk-range-x-alps3-athlete-version\/#primaryimage"},"image":{"@id":"https:\/\/swissgliders.ch\/de\/produkt\/skywalk-range-x-alps3-athlete-version\/#primaryimage"},"thumbnailUrl":"https:\/\/swissgliders.ch\/wp-content\/uploads\/2024\/09\/RXA3AV-Rucken-und-Sitzstaufach.png","datePublished":"2024-09-24T20:14:33+00:00","dateModified":"2024-09-24T20:45:54+00:00","description":"Mit dem RANGE X-ALPS3 Athlete Version Gurtzeug flie\u00dft pure Race-DNA durch jede Naht! Urspr\u00fcnglich speziell f\u00fcr die h\u00e4rtesten Anforderungen der Red Bull X-Alps entwickelt, hat dieses Gurtzeug bereits mehrfach auf den hochkar\u00e4tigsten Hike&Fly Wettbewerben seine Klasse bewiesen. Jetzt steht es allen Athleten zur Verf\u00fcgung, die bereit sind, sich den ultimativen Herausforderungen zu stellen.","breadcrumb":{"@id":"https:\/\/swissgliders.ch\/de\/produkt\/skywalk-range-x-alps3-athlete-version\/#breadcrumb"},"inLanguage":"de","potentialAction":[{"@type":"ReadAction","target":["https:\/\/swissgliders.ch\/de\/produkt\/skywalk-range-x-alps3-athlete-version\/"]}]},{"@type":"ImageObject","inLanguage":"de","@id":"https:\/\/swissgliders.ch\/de\/produkt\/skywalk-range-x-alps3-athlete-version\/#primaryimage","url":"https:\/\/swissgliders.ch\/wp-content\/uploads\/2024\/09\/RXA3AV-Rucken-und-Sitzstaufach.png","contentUrl":"https:\/\/swissgliders.ch\/wp-content\/uploads\/2024\/09\/RXA3AV-Rucken-und-Sitzstaufach.png","width":1600,"height":1200,"caption":"skywalk-rangexalps-athlete-version-1"},{"@type":"BreadcrumbList","@id":"https:\/\/swissgliders.ch\/de\/produkt\/skywalk-range-x-alps3-athlete-version\/#breadcrumb","itemListElement":[{"@type":"ListItem","position":1,"name":"Startseite","item":"https:\/\/swissgliders.ch\/de\/willkommen\/"},{"@type":"ListItem","position":2,"name":"Gleitschirm Shop","item":"https:\/\/swissgliders.ch\/de\/gleitschirm-shop\/"},{"@type":"ListItem","position":3,"name":"Skywalk RANGE X-ALPS3 Athlete Version"}]},{"@type":"WebSite","@id":"https:\/\/swissgliders.ch\/de\/#website","url":"https:\/\/swissgliders.ch\/de\/","name":"Gleitschirmschule Thun, Bern, Interlaken","description":"Gleitschirmschule Thun, Bern, Interlaken","publisher":{"@id":"https:\/\/swissgliders.ch\/de\/#organization"},"potentialAction":[{"@type":"SearchAction","target":{"@type":"EntryPoint","urlTemplate":"https:\/\/swissgliders.ch\/de\/?s={search_term_string}"},"query-input":{"@type":"PropertyValueSpecification","valueRequired":true,"valueName":"search_term_string"}}],"inLanguage":"de"},{"@type":"Organization","@id":"https:\/\/swissgliders.ch\/de\/#organization","name":"Swissgliders Gleitschirmflugschule Thun","url":"https:\/\/swissgliders.ch\/de\/","logo":{"@type":"ImageObject","inLanguage":"de","@id":"https:\/\/swissgliders.ch\/de\/#\/schema\/logo\/image\/","url":"https:\/\/swissgliders.ch\/wp-content\/uploads\/2019\/12\/swissgliders-logo-rgb-square-L-no-ch-01.png","contentUrl":"https:\/\/swissgliders.ch\/wp-content\/uploads\/2019\/12\/swissgliders-logo-rgb-square-L-no-ch-01.png","width":2500,"height":2500,"caption":"Swissgliders Gleitschirmflugschule Thun"},"image":{"@id":"https:\/\/swissgliders.ch\/de\/#\/schema\/logo\/image\/"},"sameAs":["https:\/\/www.facebook.com\/swissgliders","https:\/\/x.com\/Swissgliders","https:\/\/www.instagram.com\/swissgliders\/","https:\/\/www.youtube.com\/channel\/UCMCtGdepy9vBhrhX3V_oJOA"],"hasMerchantReturnPolicy":{"@type":"MerchantReturnPolicy","merchantReturnLink":"https:\/\/swissgliders.ch\/de\/allgemeine-geschaftsbedingungen\/"}}]},"og_availability":"instock","product_availability":"instock","product_condition":"new"},"_links":{"self":[{"href":"https:\/\/swissgliders.ch\/de\/wp-json\/wp\/v2\/product\/14573","targetHints":{"allow":["GET"]}}],"collection":[{"href":"https:\/\/swissgliders.ch\/de\/wp-json\/wp\/v2\/product"}],"about":[{"href":"https:\/\/swissgliders.ch\/de\/wp-json\/wp\/v2\/types\/product"}],"replies":[{"embeddable":true,"href":"https:\/\/swissgliders.ch\/de\/wp-json\/wp\/v2\/comments?post=14573"}],"wp:featuredmedia":[{"embeddable":true,"href":"https:\/\/swissgliders.ch\/de\/wp-json\/wp\/v2\/media\/14574"}],"wp:attachment":[{"href":"https:\/\/swissgliders.ch\/de\/wp-json\/wp\/v2\/media?parent=14573"}],"wp:term":[{"taxonomy":"product_brand","embeddable":true,"href":"https:\/\/swissgliders.ch\/de\/wp-json\/wp\/v2\/product_brand?post=14573"},{"taxonomy":"product_cat","embeddable":true,"href":"https:\/\/swissgliders.ch\/de\/wp-json\/wp\/v2\/product_cat?post=14573"},{"taxonomy":"product_tag","embeddable":true,"href":"https:\/\/swissgliders.ch\/de\/wp-json\/wp\/v2\/product_tag?post=14573"}],"curies":[{"name":"wp","href":"https:\/\/api.w.org\/{rel}","templated":true}]}}