{"id":14650,"date":"2024-09-26T14:35:06","date_gmt":"2024-09-26T13:35:06","guid":{"rendered":"https:\/\/swissgliders.ch\/?post_type=product&#038;p=14650"},"modified":"2025-05-30T12:31:26","modified_gmt":"2025-05-30T11:31:26","slug":"neo-stringpack-2-0","status":"publish","type":"product","link":"https:\/\/swissgliders.ch\/de\/produkt\/neo-stringpack-2-0\/","title":{"rendered":"Neo Stringpack 2.0"},"content":{"rendered":"<div class=\"et_pb_module et_pb_text et_pb_text_0 et_pb_bg_layout_light et_pb_text_align_left\">\n<div class=\"et_pb_text_inner\">\n<h4><img decoding=\"async\" src=\"https:\/\/th.bing.com\/th\/id\/OIP.AgcazwVxFCKLyQq2YwG5RAHaFj?rs=1&amp;pid=ImgDetMain\" alt=\"Gleitschirm Direkt Shop | NEO String Pack 2.0 | kaufen\" \/><\/h4>\n<h4>\nWANDELN NICHT WENDEN<\/h4>\n<div class=\"col-lg-6 pt16 pb16 o_colored_level\"><\/div>\n<div class=\"col-lg-6 pt16 pb16 o_colored_level\">\n<p>Der Stringpack kommt zur\u00fcck! Fast 10 Jahre nach der ersten Version und einem Zwischenspiel mit dem Shorty, ist es immer noch dasselbe Konzept.\u00a0Er setzt sich zusammen aus dem String 3.0 und einem Rucksack und ergibt somit ein wandelbares Rucksack-Gurtzeug. Wie alle unsere leichten Produkte ist auch der\u00a0Stringpack sehr einfach zu bedienen und sorgt daf\u00fcr, dass man sich nur um das Wesentliche k\u00fcmmern muss: Wandern und Fliegen.\u00a0Die Verwendung unseres Ripstop-Gewebes mit Dyneema bietet einen Kompromiss aus Leichtigkeit und Haltbarkeit, den wir seit Langem in Erprobung haben.<\/p>\n<\/div>\n<div class=\"col-lg-6 pt16 pb16 o_colored_level\"><img loading=\"lazy\" decoding=\"async\" class=\"\" src=\"https:\/\/www.ukairsports.com\/app\/uploads\/NEO-stringpack2.0-18-scaled.jpg\" alt=\"NEO Stringpack 2.0 ultralight convertible backpack and harness\" width=\"282\" height=\"423\" \/><\/div>\n<div class=\"col-lg-6 pt16 pb16 o_colored_level\">\n<h2><\/h2>\n<p>Der Stringpack ist kein Wendegurtzeug.<\/p>\n<p>R\u00fcckenverst\u00e4rkung und Schultergurte sind f\u00fcrs Wandern und Fliegen dieselben. Diese Technik spart Gewicht und Tragevolumen und macht das Ganze einfacher zu benutzen.<\/p>\n<p>Auch die Positionierung des Rucksacks beim Fliegen ist effizienter.<\/p>\n<\/div>\n<div class=\"col-lg-6 pt16 pb16 o_colored_level\"><\/div>\n<div class=\"col-lg-6 pt16 pb16 o_colored_level\">\n<h4>\u00a0VOLUMEN 55 Liter (Hike) und 40 Liter (Fly)<\/h4>\n<p>Der Stringpack hat ein Rucksackvolumen von 55 Litern im Wandermodus. Dies ist f\u00fcr viele Gleitschirme geeignet ist, von Leichtschirmen bis hin zu normalen EN-B-Schirmen in kleineren Gr\u00f6\u00dfen.<\/p>\n<p>F\u00fcr einige volumin\u00f6se Schirme wird das Packen in einem Kompressionssack empfohlen. Beim Fliegen wird das Volumen auf 40 Liter reduziert, um zu verhindern, dass die Zuladung im R\u00fcckenfach zu sehr in den unteren Bereich absinkt.<\/p>\n<p>Eine gro\u00dfe Fronttasche erm\u00f6glicht das schnelle Verstauen von beispielsweise einer Jacke, ohne den ganzen Rucksack \u00f6ffnen zu m\u00fcssen.<\/p>\n<p>Ein Zugang von der Oberseite des Rucksacks erm\u00f6glicht das Verstauen von Frontcontainer und Helm.<\/p>\n<section class=\"s_text_block o_colored_level undefined pb0 pt40\" data-snippet=\"s_text_block\" data-name=\"Technical data - Heading\">\n<div class=\"s_allow_columns container\">\n<h4><\/h4>\n<h4>TECHNISCHE DATEN<\/h4>\n<\/div>\n<\/section>\n<section class=\"s_showcase o_colored_level undefined pt0 pb40\" data-vcss=\"002\" data-snippet=\"s_showcase\" data-name=\"Technical Data - Stay Up\">\n<div class=\"container\">\n<div class=\"row no-gutters s_col_no_resize s_col_no_bgcolor s_nb_column_fixed\">\n<div class=\"col-lg text-lg-right\">\n<div class=\"row\">\n<div class=\"col-lg-12 o_colored_level pt0 pb8\" data-name=\"Block\">\n<div class=\"s_showcase_title d-flex flex-lg-row-reverse mb-2\">\n<p><i class=\"fa fa-2x fa-pencil float-left ml-lg-3 mr-3 mr-lg-0 s_showcase_icon text-600\" title=\"\" data-original-title=\"\" aria-describedby=\"tooltip258996\"><\/i><b class=\"o_default_snippet_text\">TYP<\/b><\/p>\n<\/div>\n<p>Ultraleichtes Rucksackgurtzeug (wandelbar)<\/p>\n<\/div>\n<div class=\"col-lg-12 o_colored_level pt0 pb8\" data-name=\"Block\">\n<div class=\"s_showcase_title d-flex mb-2 flex-lg-row-reverse\">\n<p class=\"o_default_snippet_text\"><strong>KONZEPT<\/strong><\/p>\n<\/div>\n<p>Leichter Rucksack, bequem und robust mit ingetriertem Gurtzeug.<\/p>\n<\/div>\n<div class=\"col-lg-12 o_colored_level pt0 pb8\" data-name=\"Block\">\n<div class=\"s_showcase_title d-flex mb-2 flex-lg-row-reverse\">\n<p class=\"o_default_snippet_text\"><strong>GEWICHT<\/strong><\/p>\n<\/div>\n<p>870 g &#8211; Gr\u00f6\u00dfe M (ohne Karabiner und ohne Protektor)<\/p>\n<\/div>\n<div class=\"col-lg-12 o_colored_level pt0 pb4\" data-name=\"Block\">\n<div class=\"s_showcase_title d-flex flex-lg-row-reverse mb-2\">\n<p class=\"o_default_snippet_text\"><strong>GEOMETRIE<\/strong><\/p>\n<\/div>\n<p>ABS mit Beinschlaufen, frontale NEO-\u00d6ffnung<\/p>\n<\/div>\n<div class=\"o_colored_level col-lg-12 pb8 pt16\" data-name=\"Block\">\n<div class=\"s_showcase_title d-flex mb-2 flex-lg-row-reverse\">\n<p class=\"o_default_snippet_text\"><strong>HAUPTMATERIALIEN<\/strong><\/p>\n<\/div>\n<p>Stoff: Polyamid Dyneema Ripstop \/ Gurte: HMPE, Polyamid \/<br \/>\nVerst\u00e4rkungen: Hypalon, PE-Schaum<\/p>\n<\/div>\n<\/div>\n<\/div>\n<div class=\"col-lg\">\n<div class=\"row\">\n<div class=\"o_colored_level pt0 pb8 col-lg-11 offset-lg-1\" data-name=\"Block\">\n<div class=\"s_showcase_title d-flex mb-2\">\n<p><i class=\"fa fa-2x mr-3 s_showcase_icon text-600 fa-user-plus\" title=\"\" data-original-title=\"\" aria-describedby=\"tooltip779992\"><\/i><strong>PROTEKTOR<\/strong><\/p>\n<p>Koroyd PROPACK &#8211; f\u00fcr den R\u00fccken. 15 mm dick &#8211; 150 g<\/p>\n<\/div>\n<\/div>\n<div class=\"o_colored_level pt0 pb0 col-lg-11 offset-lg-1\" data-name=\"Block\">\n<p class=\"s_showcase_title d-flex mb-2\"><strong>ZERTIFIZIERUNG<\/strong><\/p>\n<p>EN 1651 + LTF09<\/p>\n<\/div>\n<div class=\"o_colored_level pt0 pb0 col-lg-11 offset-lg-1\" data-name=\"Block\">\n<div class=\"s_showcase_title d-flex mb-2\">\n<p><i class=\"fa fa-2x fa-expand mr-3 s_showcase_icon text-600\" title=\"\" data-original-title=\"\" aria-describedby=\"tooltip779992\"><\/i><strong>GR\u00d6SSEN<\/strong><\/p>\n<\/div>\n<p>S &#8211; M &#8211; L<\/p>\n<\/div>\n<div class=\"o_colored_level pt0 pb8 col-lg-11 offset-lg-1\" data-name=\"Block\">\n<div class=\"s_showcase_title d-flex mb-2\">\n<p><i class=\"fa fa-2x mr-3 s_showcase_icon text-600 fa-chain\" title=\"\" data-original-title=\"\" aria-describedby=\"tooltip779992\"><\/i><strong>KARABINER<\/strong><\/p>\n<\/div>\n<p>NEO AUSTRIALPIN Rocket (64 g) als optinales Zubeh\u00f6r<\/p>\n<\/div>\n<div class=\"o_colored_level pt0 pb8 col-lg-11 offset-lg-1\" data-name=\"Block\">\n<div class=\"s_showcase_title d-flex mb-2\">\n<p class=\"o_default_snippet_text\"><strong>OPTIONALES ZUBEH\u00d6R<\/strong><\/p>\n<\/div>\n<p>Container lite 2.0 \/ String Permair \/ String Speedsystem \/ Helm-Halter<\/p>\n<\/div>\n<div class=\"o_colored_level pt0 pb8 col-lg-11 offset-lg-1\" data-name=\"Block\">\n<div class=\"s_showcase_title d-flex mb-2\">\n<p class=\"o_default_snippet_text\"><strong>HERSTELLUNG<\/strong><\/p>\n<\/div>\n<p>Doussard, Frankreich<\/p>\n<\/div>\n<\/div>\n<\/div>\n<\/div>\n<\/div>\n<\/section>\n<p>&nbsp;<\/p>\n<\/div>\n<\/div>\n<\/div>\n<p>Mehr <a href=\"https:\/\/www.neo-paragliders.fr\/de\/shop\/stringpack-2-0-6934\" target=\"_blank\" rel=\"noopener noreferrer\">Infos<\/a><\/p>\n<p>Falls dieser Artikel nicht an Lager ist, wird er f\u00fcr dich bestellt. Lieferfrist auf Anfrage.<\/p>\n","protected":false},"excerpt":{"rendered":"<div class=\"et_pb_module et_pb_text et_pb_text_0 et_pb_bg_layout_light et_pb_text_align_left\">\n<div class=\"et_pb_text_inner\">\n<h4><img decoding=\"async\" src=\"https:\/\/th.bing.com\/th\/id\/OIP.AgcazwVxFCKLyQq2YwG5RAHaFj?rs=1&amp;pid=ImgDetMain\" alt=\"Gleitschirm Direkt Shop | NEO String Pack 2.0 | kaufen\" \/><\/h4>\n<h4>\nWANDELN NICHT WENDEN<\/h4>\n<div class=\"col-lg-6 pt16 pb16 o_colored_level\"><\/div>\n<div class=\"col-lg-6 pt16 pb16 o_colored_level\">\n<p>Der Stringpack kommt zur\u00fcck! Fast 10 Jahre nach der ersten Version und einem Zwischenspiel mit dem Shorty, ist es immer noch dasselbe Konzept.\u00a0Er setzt sich zusammen aus dem String 3.0 und einem Rucksack und ergibt somit ein wandelbares Rucksack-Gurtzeug. Wie alle unsere leichten Produkte ist auch der\u00a0Stringpack sehr einfach zu bedienen und sorgt daf\u00fcr, dass man sich nur um das Wesentliche k\u00fcmmern muss: Wandern und Fliegen.\u00a0Die Verwendung unseres Ripstop-Gewebes mit Dyneema bietet einen Kompromiss aus Leichtigkeit und Haltbarkeit, den wir seit Langem in Erprobung haben.<\/p>\n<\/div>\n<div class=\"col-lg-6 pt16 pb16 o_colored_level\"><img loading=\"lazy\" decoding=\"async\" class=\"\" src=\"https:\/\/www.ukairsports.com\/app\/uploads\/NEO-stringpack2.0-18-scaled.jpg\" alt=\"NEO Stringpack 2.0 ultralight convertible backpack and harness\" width=\"282\" height=\"423\" \/><\/div>\n<div class=\"col-lg-6 pt16 pb16 o_colored_level\">\n<h2><\/h2>\n<p>Der Stringpack ist kein Wendegurtzeug.<\/p>\n<p>R\u00fcckenverst\u00e4rkung und Schultergurte sind f\u00fcrs Wandern und Fliegen dieselben. Diese Technik spart Gewicht und Tragevolumen und macht das Ganze einfacher zu benutzen.<\/p>\n<p>Auch die Positionierung des Rucksacks beim Fliegen ist effizienter.<\/p>\n<\/div>\n<div class=\"col-lg-6 pt16 pb16 o_colored_level\"><\/div>\n<div class=\"col-lg-6 pt16 pb16 o_colored_level\">\n<h4>\u00a0VOLUMEN 55 Liter (Hike) und 40 Liter (Fly)<\/h4>\n<p>Der Stringpack hat ein Rucksackvolumen von 55 Litern im Wandermodus. Dies ist f\u00fcr viele Gleitschirme geeignet ist, von Leichtschirmen bis hin zu normalen EN-B-Schirmen in kleineren Gr\u00f6\u00dfen.<\/p>\n<p>F\u00fcr einige volumin\u00f6se Schirme wird das Packen in einem Kompressionssack empfohlen. Beim Fliegen wird das Volumen auf 40 Liter reduziert, um zu verhindern, dass die Zuladung im R\u00fcckenfach zu sehr in den unteren Bereich absinkt.<\/p>\n<p>Eine gro\u00dfe Fronttasche erm\u00f6glicht das schnelle Verstauen von beispielsweise einer Jacke, ohne den ganzen Rucksack \u00f6ffnen zu m\u00fcssen.<\/p>\n<p>Ein Zugang von der Oberseite des Rucksacks erm\u00f6glicht das Verstauen von Frontcontainer und Helm.<\/p>\n<section class=\"s_text_block o_colored_level undefined pb0 pt40\" data-snippet=\"s_text_block\" data-name=\"Technical data - Heading\">\n<div class=\"s_allow_columns container\">\n<h4><\/h4>\n<h4>TECHNISCHE DATEN<\/h4>\n<\/div>\n<\/section>\n<section class=\"s_showcase o_colored_level undefined pt0 pb40\" data-vcss=\"002\" data-snippet=\"s_showcase\" data-name=\"Technical Data - Stay Up\">\n<div class=\"container\">\n<div class=\"row no-gutters s_col_no_resize s_col_no_bgcolor s_nb_column_fixed\">\n<div class=\"col-lg text-lg-right\">\n<div class=\"row\">\n<div class=\"col-lg-12 o_colored_level pt0 pb8\" data-name=\"Block\">\n<div class=\"s_showcase_title d-flex flex-lg-row-reverse mb-2\">\n<p><i class=\"fa fa-2x fa-pencil float-left ml-lg-3 mr-3 mr-lg-0 s_showcase_icon text-600\" title=\"\" data-original-title=\"\" aria-describedby=\"tooltip258996\"><\/i><b class=\"o_default_snippet_text\">TYP<\/b><\/p>\n<\/div>\n<p>Ultraleichtes Rucksackgurtzeug (wandelbar)<\/p>\n<\/div>\n<div class=\"col-lg-12 o_colored_level pt0 pb8\" data-name=\"Block\">\n<div class=\"s_showcase_title d-flex mb-2 flex-lg-row-reverse\">\n<p class=\"o_default_snippet_text\"><strong>KONZEPT<\/strong><\/p>\n<\/div>\n<p>Leichter Rucksack, bequem und robust mit ingetriertem Gurtzeug.<\/p>\n<\/div>\n<div class=\"col-lg-12 o_colored_level pt0 pb8\" data-name=\"Block\">\n<div class=\"s_showcase_title d-flex mb-2 flex-lg-row-reverse\">\n<p class=\"o_default_snippet_text\"><strong>GEWICHT<\/strong><\/p>\n<\/div>\n<p>870 g &#8211; Gr\u00f6\u00dfe M (ohne Karabiner und ohne Protektor)<\/p>\n<\/div>\n<div class=\"col-lg-12 o_colored_level pt0 pb4\" data-name=\"Block\">\n<div class=\"s_showcase_title d-flex flex-lg-row-reverse mb-2\">\n<p class=\"o_default_snippet_text\"><strong>GEOMETRIE<\/strong><\/p>\n<\/div>\n<p>ABS mit Beinschlaufen, frontale NEO-\u00d6ffnung<\/p>\n<\/div>\n<div class=\"o_colored_level col-lg-12 pb8 pt16\" data-name=\"Block\">\n<div class=\"s_showcase_title d-flex mb-2 flex-lg-row-reverse\">\n<p class=\"o_default_snippet_text\"><strong>HAUPTMATERIALIEN<\/strong><\/p>\n<\/div>\n<p>Stoff: Polyamid Dyneema Ripstop \/ Gurte: HMPE, Polyamid \/<br \/>\nVerst\u00e4rkungen: Hypalon, PE-Schaum<\/p>\n<\/div>\n<\/div>\n<\/div>\n<div class=\"col-lg\">\n<div class=\"row\">\n<div class=\"o_colored_level pt0 pb8 col-lg-11 offset-lg-1\" data-name=\"Block\">\n<div class=\"s_showcase_title d-flex mb-2\">\n<p><i class=\"fa fa-2x mr-3 s_showcase_icon text-600 fa-user-plus\" title=\"\" data-original-title=\"\" aria-describedby=\"tooltip779992\"><\/i><strong>PROTEKTOR<\/strong><\/p>\n<p>Koroyd PROPACK &#8211; f\u00fcr den R\u00fccken. 15 mm dick &#8211; 150 g<\/p>\n<\/div>\n<\/div>\n<div class=\"o_colored_level pt0 pb0 col-lg-11 offset-lg-1\" data-name=\"Block\">\n<p class=\"s_showcase_title d-flex mb-2\"><strong>ZERTIFIZIERUNG<\/strong><\/p>\n<p>EN 1651 + LTF09<\/p>\n<\/div>\n<div class=\"o_colored_level pt0 pb0 col-lg-11 offset-lg-1\" data-name=\"Block\">\n<div class=\"s_showcase_title d-flex mb-2\">\n<p><i class=\"fa fa-2x fa-expand mr-3 s_showcase_icon text-600\" title=\"\" data-original-title=\"\" aria-describedby=\"tooltip779992\"><\/i><strong>GR\u00d6SSEN<\/strong><\/p>\n<\/div>\n<p>S &#8211; M &#8211; L<\/p>\n<\/div>\n<div class=\"o_colored_level pt0 pb8 col-lg-11 offset-lg-1\" data-name=\"Block\">\n<div class=\"s_showcase_title d-flex mb-2\">\n<p><i class=\"fa fa-2x mr-3 s_showcase_icon text-600 fa-chain\" title=\"\" data-original-title=\"\" aria-describedby=\"tooltip779992\"><\/i><strong>KARABINER<\/strong><\/p>\n<\/div>\n<p>NEO AUSTRIALPIN Rocket (64 g) als optinales Zubeh\u00f6r<\/p>\n<\/div>\n<div class=\"o_colored_level pt0 pb8 col-lg-11 offset-lg-1\" data-name=\"Block\">\n<div class=\"s_showcase_title d-flex mb-2\">\n<p class=\"o_default_snippet_text\"><strong>OPTIONALES ZUBEH\u00d6R<\/strong><\/p>\n<\/div>\n<p>Container lite 2.0 \/ String Permair \/ String Speedsystem \/ Helm-Halter<\/p>\n<\/div>\n<div class=\"o_colored_level pt0 pb8 col-lg-11 offset-lg-1\" data-name=\"Block\">\n<div class=\"s_showcase_title d-flex mb-2\">\n<p class=\"o_default_snippet_text\"><strong>HERSTELLUNG<\/strong><\/p>\n<\/div>\n<p>Doussard, Frankreich<\/p>\n<\/div>\n<\/div>\n<\/div>\n<\/div>\n<\/div>\n<\/section>\n<p>&nbsp;<\/p>\n<\/div>\n<\/div>\n<\/div>\n<p>Mehr <a href=\"https:\/\/www.neo-paragliders.fr\/de\/shop\/stringpack-2-0-6934\" target=\"_blank\" rel=\"noopener noreferrer\">Infos<\/a><\/p>\n<p>Falls dieser Artikel nicht an Lager ist, wird er f\u00fcr dich bestellt. Lieferfrist auf Anfrage.<\/p>\n","protected":false},"featured_media":14654,"comment_status":"closed","ping_status":"closed","template":"","meta":[],"product_brand":[],"product_cat":[1026],"product_tag":[1040,1965,90],"class_list":{"0":"post-14650","1":"product","2":"type-product","3":"status-publish","4":"has-post-thumbnail","6":"product_cat-leichte-gleitschirmgurtzeuge","7":"product_tag-leichtgurtzeug","8":"product_tag-ultraleichtgurtzeug","9":"product_tag-verkaufsartikel","10":"product_shipping_class-priority-10kg-de","12":"first","13":"instock","14":"sale","15":"shipping-taxable","16":"purchasable","17":"product-type-variable"},"yoast_head":"<!-- This site is optimized with the Yoast SEO Premium plugin v26.1 (Yoast SEO v27.3) - https:\/\/yoast.com\/product\/yoast-seo-premium-wordpress\/ -->\n<title>Neo Stringpack 2.0 | Gleitschirmschule Thun, Bern, Interlaken<\/title>\n<meta name=\"description\" content=\"Neo String Pack 2.0 erstetzt sich aus String 3.0 und einem Rucksack und ergibt somit ein wandelbares Rucksack-Gurtzeug\" \/>\n<meta name=\"robots\" content=\"index, follow, max-snippet:-1, max-image-preview:large, max-video-preview:-1\" \/>\n<link rel=\"canonical\" href=\"https:\/\/swissgliders.ch\/de\/produkt\/neo-stringpack-2-0\/\" \/>\n<meta property=\"og:locale\" content=\"de_DE\" \/>\n<meta property=\"og:type\" content=\"article\" \/>\n<meta property=\"og:title\" content=\"Neo Stringpack 2.0\" \/>\n<meta property=\"og:description\" content=\"Neo String Pack 2.0 erstetzt sich aus String 3.0 und einem Rucksack und ergibt somit ein wandelbares Rucksack-Gurtzeug\" \/>\n<meta property=\"og:url\" content=\"https:\/\/swissgliders.ch\/de\/produkt\/neo-stringpack-2-0\/\" \/>\n<meta property=\"og:site_name\" content=\"Gleitschirmschule Thun, Bern, Interlaken\" \/>\n<meta property=\"article:publisher\" content=\"https:\/\/www.facebook.com\/swissgliders\" \/>\n<meta property=\"article:modified_time\" content=\"2025-05-30T11:31:26+00:00\" \/>\n<meta property=\"og:image\" content=\"https:\/\/swissgliders.ch\/wp-content\/uploads\/2024\/09\/Neo_Gurtzeug_String-Pack-2.0-2.png\" \/>\n\t<meta property=\"og:image:width\" content=\"1920\" \/>\n\t<meta property=\"og:image:height\" content=\"1235\" \/>\n\t<meta property=\"og:image:type\" content=\"image\/png\" \/>\n<meta name=\"twitter:card\" content=\"summary_large_image\" \/>\n<meta name=\"twitter:site\" content=\"@Swissgliders\" \/>\n<meta name=\"twitter:label1\" content=\"Verf\u00fcgbarkeit\" \/>\n\t<meta name=\"twitter:data1\" content=\"Auf Lager\" \/>\n<script type=\"application\/ld+json\" class=\"yoast-schema-graph\">{\"@context\":\"https:\\\/\\\/schema.org\",\"@graph\":[{\"@type\":\"WebPage\",\"@id\":\"https:\\\/\\\/swissgliders.ch\\\/de\\\/produkt\\\/neo-stringpack-2-0\\\/\",\"url\":\"https:\\\/\\\/swissgliders.ch\\\/de\\\/produkt\\\/neo-stringpack-2-0\\\/\",\"name\":\"Neo Stringpack 2.0 | Gleitschirmschule Thun, Bern, Interlaken\",\"isPartOf\":{\"@id\":\"https:\\\/\\\/swissgliders.ch\\\/de\\\/#website\"},\"primaryImageOfPage\":{\"@id\":\"https:\\\/\\\/swissgliders.ch\\\/de\\\/produkt\\\/neo-stringpack-2-0\\\/#primaryimage\"},\"image\":{\"@id\":\"https:\\\/\\\/swissgliders.ch\\\/de\\\/produkt\\\/neo-stringpack-2-0\\\/#primaryimage\"},\"thumbnailUrl\":\"https:\\\/\\\/swissgliders.ch\\\/wp-content\\\/uploads\\\/2024\\\/09\\\/Neo_Gurtzeug_String-Pack-2.0-2.png\",\"datePublished\":\"2024-09-26T13:35:06+00:00\",\"dateModified\":\"2025-05-30T11:31:26+00:00\",\"description\":\"Neo String Pack 2.0 erstetzt sich aus String 3.0 und einem Rucksack und ergibt somit ein wandelbares Rucksack-Gurtzeug\",\"breadcrumb\":{\"@id\":\"https:\\\/\\\/swissgliders.ch\\\/de\\\/produkt\\\/neo-stringpack-2-0\\\/#breadcrumb\"},\"inLanguage\":\"de\",\"potentialAction\":[{\"@type\":\"ReadAction\",\"target\":[\"https:\\\/\\\/swissgliders.ch\\\/de\\\/produkt\\\/neo-stringpack-2-0\\\/\"]}]},{\"@type\":\"ImageObject\",\"inLanguage\":\"de\",\"@id\":\"https:\\\/\\\/swissgliders.ch\\\/de\\\/produkt\\\/neo-stringpack-2-0\\\/#primaryimage\",\"url\":\"https:\\\/\\\/swissgliders.ch\\\/wp-content\\\/uploads\\\/2024\\\/09\\\/Neo_Gurtzeug_String-Pack-2.0-2.png\",\"contentUrl\":\"https:\\\/\\\/swissgliders.ch\\\/wp-content\\\/uploads\\\/2024\\\/09\\\/Neo_Gurtzeug_String-Pack-2.0-2.png\",\"width\":1920,\"height\":1235,\"caption\":\"Neo_Gurtzeug_String Pack 2.0-2\"},{\"@type\":\"BreadcrumbList\",\"@id\":\"https:\\\/\\\/swissgliders.ch\\\/de\\\/produkt\\\/neo-stringpack-2-0\\\/#breadcrumb\",\"itemListElement\":[{\"@type\":\"ListItem\",\"position\":1,\"name\":\"Startseite\",\"item\":\"https:\\\/\\\/swissgliders.ch\\\/de\\\/willkommen\\\/\"},{\"@type\":\"ListItem\",\"position\":2,\"name\":\"Gleitschirm Shop\",\"item\":\"https:\\\/\\\/swissgliders.ch\\\/de\\\/gleitschirm-shop\\\/\"},{\"@type\":\"ListItem\",\"position\":3,\"name\":\"Neo Stringpack 2.0\"}]},{\"@type\":\"WebSite\",\"@id\":\"https:\\\/\\\/swissgliders.ch\\\/de\\\/#website\",\"url\":\"https:\\\/\\\/swissgliders.ch\\\/de\\\/\",\"name\":\"Gleitschirmschule Thun, Bern, Interlaken\",\"description\":\"Gleitschirmschule Thun, Bern, Interlaken\",\"publisher\":{\"@id\":\"https:\\\/\\\/swissgliders.ch\\\/de\\\/#organization\"},\"potentialAction\":[{\"@type\":\"SearchAction\",\"target\":{\"@type\":\"EntryPoint\",\"urlTemplate\":\"https:\\\/\\\/swissgliders.ch\\\/de\\\/?s={search_term_string}\"},\"query-input\":{\"@type\":\"PropertyValueSpecification\",\"valueRequired\":true,\"valueName\":\"search_term_string\"}}],\"inLanguage\":\"de\"},{\"@type\":\"Organization\",\"@id\":\"https:\\\/\\\/swissgliders.ch\\\/de\\\/#organization\",\"name\":\"Swissgliders Gleitschirmflugschule Thun\",\"url\":\"https:\\\/\\\/swissgliders.ch\\\/de\\\/\",\"logo\":{\"@type\":\"ImageObject\",\"inLanguage\":\"de\",\"@id\":\"https:\\\/\\\/swissgliders.ch\\\/de\\\/#\\\/schema\\\/logo\\\/image\\\/\",\"url\":\"https:\\\/\\\/swissgliders.ch\\\/wp-content\\\/uploads\\\/2019\\\/12\\\/swissgliders-logo-rgb-square-L-no-ch-01.png\",\"contentUrl\":\"https:\\\/\\\/swissgliders.ch\\\/wp-content\\\/uploads\\\/2019\\\/12\\\/swissgliders-logo-rgb-square-L-no-ch-01.png\",\"width\":2500,\"height\":2500,\"caption\":\"Swissgliders Gleitschirmflugschule Thun\"},\"image\":{\"@id\":\"https:\\\/\\\/swissgliders.ch\\\/de\\\/#\\\/schema\\\/logo\\\/image\\\/\"},\"sameAs\":[\"https:\\\/\\\/www.facebook.com\\\/swissgliders\",\"https:\\\/\\\/x.com\\\/Swissgliders\",\"https:\\\/\\\/www.instagram.com\\\/swissgliders\\\/\",\"https:\\\/\\\/www.youtube.com\\\/channel\\\/UCMCtGdepy9vBhrhX3V_oJOA\"],\"hasMerchantReturnPolicy\":{\"@type\":\"MerchantReturnPolicy\",\"merchantReturnLink\":\"https:\\\/\\\/swissgliders.ch\\\/de\\\/allgemeine-geschaftsbedingungen\\\/\"}}]}<\/script>\n<meta property=\"og:availability\" content=\"instock\" \/>\n<meta property=\"product:availability\" content=\"instock\" \/>\n<meta property=\"product:condition\" content=\"new\" \/>\n<!-- \/ Yoast SEO Premium plugin. -->","yoast_head_json":{"title":"Neo Stringpack 2.0 | Gleitschirmschule Thun, Bern, Interlaken","description":"Neo String Pack 2.0 erstetzt sich aus String 3.0 und einem Rucksack und ergibt somit ein wandelbares Rucksack-Gurtzeug","robots":{"index":"index","follow":"follow","max-snippet":"max-snippet:-1","max-image-preview":"max-image-preview:large","max-video-preview":"max-video-preview:-1"},"canonical":"https:\/\/swissgliders.ch\/de\/produkt\/neo-stringpack-2-0\/","og_locale":"de_DE","og_type":"article","og_title":"Neo Stringpack 2.0","og_description":"Neo String Pack 2.0 erstetzt sich aus String 3.0 und einem Rucksack und ergibt somit ein wandelbares Rucksack-Gurtzeug","og_url":"https:\/\/swissgliders.ch\/de\/produkt\/neo-stringpack-2-0\/","og_site_name":"Gleitschirmschule Thun, Bern, Interlaken","article_publisher":"https:\/\/www.facebook.com\/swissgliders","article_modified_time":"2025-05-30T11:31:26+00:00","og_image":[{"width":1920,"height":1235,"url":"https:\/\/swissgliders.ch\/wp-content\/uploads\/2024\/09\/Neo_Gurtzeug_String-Pack-2.0-2.png","type":"image\/png"}],"twitter_card":"summary_large_image","twitter_site":"@Swissgliders","twitter_misc":{"Verf\u00fcgbarkeit":"Auf Lager"},"schema":{"@context":"https:\/\/schema.org","@graph":[{"@type":"WebPage","@id":"https:\/\/swissgliders.ch\/de\/produkt\/neo-stringpack-2-0\/","url":"https:\/\/swissgliders.ch\/de\/produkt\/neo-stringpack-2-0\/","name":"Neo Stringpack 2.0 | Gleitschirmschule Thun, Bern, Interlaken","isPartOf":{"@id":"https:\/\/swissgliders.ch\/de\/#website"},"primaryImageOfPage":{"@id":"https:\/\/swissgliders.ch\/de\/produkt\/neo-stringpack-2-0\/#primaryimage"},"image":{"@id":"https:\/\/swissgliders.ch\/de\/produkt\/neo-stringpack-2-0\/#primaryimage"},"thumbnailUrl":"https:\/\/swissgliders.ch\/wp-content\/uploads\/2024\/09\/Neo_Gurtzeug_String-Pack-2.0-2.png","datePublished":"2024-09-26T13:35:06+00:00","dateModified":"2025-05-30T11:31:26+00:00","description":"Neo String Pack 2.0 erstetzt sich aus String 3.0 und einem Rucksack und ergibt somit ein wandelbares Rucksack-Gurtzeug","breadcrumb":{"@id":"https:\/\/swissgliders.ch\/de\/produkt\/neo-stringpack-2-0\/#breadcrumb"},"inLanguage":"de","potentialAction":[{"@type":"ReadAction","target":["https:\/\/swissgliders.ch\/de\/produkt\/neo-stringpack-2-0\/"]}]},{"@type":"ImageObject","inLanguage":"de","@id":"https:\/\/swissgliders.ch\/de\/produkt\/neo-stringpack-2-0\/#primaryimage","url":"https:\/\/swissgliders.ch\/wp-content\/uploads\/2024\/09\/Neo_Gurtzeug_String-Pack-2.0-2.png","contentUrl":"https:\/\/swissgliders.ch\/wp-content\/uploads\/2024\/09\/Neo_Gurtzeug_String-Pack-2.0-2.png","width":1920,"height":1235,"caption":"Neo_Gurtzeug_String Pack 2.0-2"},{"@type":"BreadcrumbList","@id":"https:\/\/swissgliders.ch\/de\/produkt\/neo-stringpack-2-0\/#breadcrumb","itemListElement":[{"@type":"ListItem","position":1,"name":"Startseite","item":"https:\/\/swissgliders.ch\/de\/willkommen\/"},{"@type":"ListItem","position":2,"name":"Gleitschirm Shop","item":"https:\/\/swissgliders.ch\/de\/gleitschirm-shop\/"},{"@type":"ListItem","position":3,"name":"Neo Stringpack 2.0"}]},{"@type":"WebSite","@id":"https:\/\/swissgliders.ch\/de\/#website","url":"https:\/\/swissgliders.ch\/de\/","name":"Gleitschirmschule Thun, Bern, Interlaken","description":"Gleitschirmschule Thun, Bern, Interlaken","publisher":{"@id":"https:\/\/swissgliders.ch\/de\/#organization"},"potentialAction":[{"@type":"SearchAction","target":{"@type":"EntryPoint","urlTemplate":"https:\/\/swissgliders.ch\/de\/?s={search_term_string}"},"query-input":{"@type":"PropertyValueSpecification","valueRequired":true,"valueName":"search_term_string"}}],"inLanguage":"de"},{"@type":"Organization","@id":"https:\/\/swissgliders.ch\/de\/#organization","name":"Swissgliders Gleitschirmflugschule Thun","url":"https:\/\/swissgliders.ch\/de\/","logo":{"@type":"ImageObject","inLanguage":"de","@id":"https:\/\/swissgliders.ch\/de\/#\/schema\/logo\/image\/","url":"https:\/\/swissgliders.ch\/wp-content\/uploads\/2019\/12\/swissgliders-logo-rgb-square-L-no-ch-01.png","contentUrl":"https:\/\/swissgliders.ch\/wp-content\/uploads\/2019\/12\/swissgliders-logo-rgb-square-L-no-ch-01.png","width":2500,"height":2500,"caption":"Swissgliders Gleitschirmflugschule Thun"},"image":{"@id":"https:\/\/swissgliders.ch\/de\/#\/schema\/logo\/image\/"},"sameAs":["https:\/\/www.facebook.com\/swissgliders","https:\/\/x.com\/Swissgliders","https:\/\/www.instagram.com\/swissgliders\/","https:\/\/www.youtube.com\/channel\/UCMCtGdepy9vBhrhX3V_oJOA"],"hasMerchantReturnPolicy":{"@type":"MerchantReturnPolicy","merchantReturnLink":"https:\/\/swissgliders.ch\/de\/allgemeine-geschaftsbedingungen\/"}}]},"og_availability":"instock","product_availability":"instock","product_condition":"new"},"_links":{"self":[{"href":"https:\/\/swissgliders.ch\/de\/wp-json\/wp\/v2\/product\/14650","targetHints":{"allow":["GET"]}}],"collection":[{"href":"https:\/\/swissgliders.ch\/de\/wp-json\/wp\/v2\/product"}],"about":[{"href":"https:\/\/swissgliders.ch\/de\/wp-json\/wp\/v2\/types\/product"}],"replies":[{"embeddable":true,"href":"https:\/\/swissgliders.ch\/de\/wp-json\/wp\/v2\/comments?post=14650"}],"wp:featuredmedia":[{"embeddable":true,"href":"https:\/\/swissgliders.ch\/de\/wp-json\/wp\/v2\/media\/14654"}],"wp:attachment":[{"href":"https:\/\/swissgliders.ch\/de\/wp-json\/wp\/v2\/media?parent=14650"}],"wp:term":[{"taxonomy":"product_brand","embeddable":true,"href":"https:\/\/swissgliders.ch\/de\/wp-json\/wp\/v2\/product_brand?post=14650"},{"taxonomy":"product_cat","embeddable":true,"href":"https:\/\/swissgliders.ch\/de\/wp-json\/wp\/v2\/product_cat?post=14650"},{"taxonomy":"product_tag","embeddable":true,"href":"https:\/\/swissgliders.ch\/de\/wp-json\/wp\/v2\/product_tag?post=14650"}],"curies":[{"name":"wp","href":"https:\/\/api.w.org\/{rel}","templated":true}]}}