{"id":14703,"date":"2024-09-26T16:19:04","date_gmt":"2024-09-26T15:19:04","guid":{"rendered":"https:\/\/swissgliders.ch\/?post_type=product&#038;p=14703"},"modified":"2025-06-04T06:54:55","modified_gmt":"2025-06-04T05:54:55","slug":"neo-frontcontainer","status":"publish","type":"product","link":"https:\/\/swissgliders.ch\/de\/produkt\/neo-frontcontainer\/","title":{"rendered":"Neo Frontcontainer"},"content":{"rendered":"<div class=\"et_pb_module et_pb_text et_pb_text_1 et_pb_text_align_left et_pb_bg_layout_light\">\n<div class=\"et_pb_text_inner\">\n<div class=\"et_pb_module et_pb_text et_pb_text_0 et_pb_text_align_left et_pb_bg_layout_light\">\n<p><span style=\"font-size: 18px; font-weight: 600;\">SIMPEL UND EFFIZIENT<\/span><\/p>\n<p>&nbsp;<\/p>\n<\/div>\n<\/div>\n<\/div>\n<div class=\"et_pb_blurb_description\">\n<div class=\"et_pb_all_tabs\">\n<section id=\"product_detail\" class=\"container py-2 oe_website_sale \" data-view-track=\"0\">\n<div class=\"row\">\n<div id=\"product_details\" class=\"col-md-6 col-xl-4\">\n<form action=\"https:\/\/fly.neoatelier.fr\/de\/shop\/cart\/update\" method=\"POST\">\n<div class=\"js_product js_main_product\">\n<div class=\"availability_messages o_not_editable\"><img loading=\"lazy\" decoding=\"async\" class=\"\" src=\"https:\/\/www.neo-paragliders.fr\/web\/image\/product.product\/7076\/image_1024\/Frontcontainer%20(Tube)?unique=6c945ac\" alt=\"Frontcontainer\" width=\"491\" height=\"327\" \/><\/div>\n<\/div>\n<\/form>\n<div>\n<div id=\"product_attributes_simple\">\n<p class=\"text-muted\">\n<\/div>\n<\/div>\n<\/div>\n<\/div>\n<\/section>\n<div id=\"product_full_description\" class=\"oe_structure oe_empty mt16\">\n<section class=\"s_text_image o_colored_level pb64 pt88\" data-snippet=\"s_image_text\" data-name=\"Product Description - text\">\n<div class=\"container\">\n<div class=\"row align-items-start\">\n<div class=\"pt16 pb16 o_colored_level col-lg-6\">\n<h6><span style=\"font-size: 16px;\">Der Frontcontainer f\u00fcr einen Rettungsschirm sollte den Piloten nicht behindern und muss einfach zu installieren und sicher in der Anwendung sein.<\/span><\/h6>\n<\/div>\n<div class=\"pt16 o_colored_level col-lg-5 offset-lg-1 pb0\">\n<p>Das ist eine Aussage, die logisch klingt, aber bei weitem nicht auf alle Produkte auf dem Markt zutrifft.<\/p>\n<p>Daher haben wir beschlossen, einen Frontcontainer zu entwerfen, der unseren Bed\u00fcrfnissen entspricht.<\/p>\n<div class=\"col-lg-6 pt16 pb16 o_colored_level\"><\/div>\n<div class=\"col-lg-6 pt16 pb16 o_colored_level\">\n<h4>VIELSEITIG<\/h4>\n<p>Um sich an die gro\u00dfe Auswahl an Rettungsschirmen anzupassen, haben wir die Stoffbahnen entsprechend bearbeitet. Sie wurden so geformt, gen\u00e4ht und zusammengef\u00fcgt, dass sie sich genau an die Form des Rettungsschirms anpassen. Der Stoff wurde so ausgew\u00e4hlt, dass er ein sehr gutes Verh\u00e4ltnis von Gewicht zu Haltbarkeit bietet.<\/p>\n<p>Erh\u00e4ltlich in 3 Gr\u00f6\u00dfen:<\/p>\n<p>&#8211; M z.B. f\u00fcr <a href=\"https:\/\/swissgliders.ch\/de\/produkt\/gin-yeti-6-en-a\/\">GIN Yeti<\/a> #27, Skywalk Pepper Cross 90 oder Gin Yeti UL M + L<\/p>\n<p>&#8211; L f\u00fcr z. B. <a href=\"https:\/\/swissgliders.ch\/de\/produkt\/gin-yeti-6-en-a\/\">GIN Yeti<\/a> 35 und 40, <a href=\"https:\/\/swissgliders.ch\/de\/produkt\/skywalk-pepper-cross-light\/\">Skywalk Pepper Cross<\/a> 110\/135, <a href=\"https:\/\/swissgliders.ch\/de\/produkt\/high-adventure-beamer-3-light-rettungsgeraet-notschirm\/\">Beamer Lite<\/a>, Sky Lite L, Companion SQR 100\/120, SQR light 120, Supair Shine S\/M, Evocross 100\/120<\/p>\n<p>&#8211; Tube: universell f\u00fcr alle klassischen Rettungen<\/p>\n<p><img loading=\"lazy\" decoding=\"async\" class=\"\" src=\"https:\/\/www.neo-paragliders.fr\/web\/image\/29551-b4bd5dda\/neo-container-tube-photo-detail-01.jpg?access_token=5dfd3e56-8611-43fc-a32f-dbd1b0e28bad\" width=\"553\" height=\"367\" \/><\/p>\n<p>&nbsp;<\/p>\n<h4><strong>DIE VORTEILE<\/strong><\/h4>\n<p><span style=\"font-family: Roboto, Odoo Unicode Support Noto, sans-serif;\">&#8211; Der Rettungsgriff ist sehr gut zu sehen und zu greifen. Die zum Herausziehen der Rettung erforderliche Kraft entspricht der EN-Norm.<\/span><\/p>\n<p><span style=\"font-family: Roboto, Odoo Unicode Support Noto, sans-serif;\">&#8211; Die Position der Befestigungspunkte des Containers am Gurtzeug verhindert, dass der Piloten beim Start und w\u00e4hrend des Fluges behindert wird. Au\u00dferdem sorgt sie daf\u00fcr, dass der Griff besser sichtbar ist. Das Ablesen deiner Fluginstrumente ist einfach, wenn sie auf dem Klettverschluss des Containers angebracht sind.<\/span><\/p>\n<p><span style=\"font-family: Roboto, Odoo Unicode Support Noto, sans-serif;\">&#8211; Das &#8222;Ein-Punkt-Befestigungssystem&#8220; ist simpel: Vor dem Start verbindest du den Container mit dem Gurtzeug mit einer einzigen Schlaufe an jedem Hauptkarabiner. Es ist somit quasi unm\u00f6glich, das Einh\u00e4ngen des Containers zu vergessen.<\/span><\/p>\n<p><span style=\"font-family: Roboto, Odoo Unicode Support Noto, sans-serif;\">&#8211; Die L\u00e4nge der Aufh\u00e4ngung kann w\u00e4hrend des Fluges genau angepasst werden.<\/span><\/p>\n<p><span style=\"font-family: Roboto, Odoo Unicode Support Noto, sans-serif;\">&#8211; Der NEO-Container passt an NEO-Gurtzeuge sowie auch an Gurtzeuge anderer Marken.<\/span><\/p>\n<p><span style=\"font-family: Roboto, Odoo Unicode Support Noto, sans-serif;\">&#8211; Wie bei allen NEO-Produkten ist \u00fcberfl\u00fcssiges Gewicht nicht enthalten. Der Frontcontainer ist haltbar und wiegt etwas mehr als 130 Gramm.<\/span><\/p>\n<p><img loading=\"lazy\" decoding=\"async\" class=\"\" src=\"https:\/\/www.neo-paragliders.fr\/web\/image\/29974-9dccdd8a\/neo-container-photo-detail-02.jpg?access_token=4f59665f-e270-4fe5-98cc-2b417eddbcd7\" width=\"466\" height=\"309\" \/><\/p>\n<h4>GR\u00d6SSENTABELLE<\/h4>\n<p><img loading=\"lazy\" decoding=\"async\" class=\"\" src=\"https:\/\/www.neo-paragliders.fr\/web\/image\/28936-41cf8fe2\/tailles%20container.png?access_token=7a8b28eb-2bbf-4b43-a6dc-c0176170dbbf\" width=\"1012\" height=\"366\" \/><\/p>\n<\/div>\n<\/div>\n<\/div>\n<\/div>\n<\/section>\n<\/div>\n<\/div>\n<\/div>\n<p><strong>Frontcontainer inkl. V-Leine 125cm<\/strong><\/p>\n<p>Mehr <a href=\"https:\/\/www.neo-paragliders.fr\/de\/shop\/frontcontainer-1754\" target=\"_blank\" rel=\"noopener noreferrer\">Infos<\/a><\/p>\n<p>Falls dieser Artikel nicht an Lager ist, wird er f\u00fcr dich bestellt. Lieferfrist auf Anfrage.<\/p>\n","protected":false},"excerpt":{"rendered":"<div class=\"et_pb_module et_pb_text et_pb_text_1 et_pb_text_align_left et_pb_bg_layout_light\">\n<div class=\"et_pb_text_inner\">\n<div class=\"et_pb_module et_pb_text et_pb_text_0 et_pb_text_align_left et_pb_bg_layout_light\">\n<p><span style=\"font-size: 18px; font-weight: 600;\">SIMPEL UND EFFIZIENT<\/span><\/p>\n<p>&nbsp;<\/p>\n<\/div>\n<\/div>\n<\/div>\n<div class=\"et_pb_blurb_description\">\n<div class=\"et_pb_all_tabs\">\n<section id=\"product_detail\" class=\"container py-2 oe_website_sale \" data-view-track=\"0\">\n<div class=\"row\">\n<div id=\"product_details\" class=\"col-md-6 col-xl-4\">\n<form action=\"https:\/\/fly.neoatelier.fr\/de\/shop\/cart\/update\" method=\"POST\">\n<div class=\"js_product js_main_product\">\n<div class=\"availability_messages o_not_editable\"><img loading=\"lazy\" decoding=\"async\" class=\"\" src=\"https:\/\/www.neo-paragliders.fr\/web\/image\/product.product\/7076\/image_1024\/Frontcontainer%20(Tube)?unique=6c945ac\" alt=\"Frontcontainer\" width=\"491\" height=\"327\" \/><\/div>\n<\/div>\n<\/form>\n<div>\n<div id=\"product_attributes_simple\">\n<p class=\"text-muted\">\n<\/div>\n<\/div>\n<\/div>\n<\/div>\n<\/section>\n<div id=\"product_full_description\" class=\"oe_structure oe_empty mt16\">\n<section class=\"s_text_image o_colored_level pb64 pt88\" data-snippet=\"s_image_text\" data-name=\"Product Description - text\">\n<div class=\"container\">\n<div class=\"row align-items-start\">\n<div class=\"pt16 pb16 o_colored_level col-lg-6\">\n<h6><span style=\"font-size: 16px;\">Der Frontcontainer f\u00fcr einen Rettungsschirm sollte den Piloten nicht behindern und muss einfach zu installieren und sicher in der Anwendung sein.<\/span><\/h6>\n<\/div>\n<div class=\"pt16 o_colored_level col-lg-5 offset-lg-1 pb0\">\n<p>Das ist eine Aussage, die logisch klingt, aber bei weitem nicht auf alle Produkte auf dem Markt zutrifft.<\/p>\n<p>Daher haben wir beschlossen, einen Frontcontainer zu entwerfen, der unseren Bed\u00fcrfnissen entspricht.<\/p>\n<div class=\"col-lg-6 pt16 pb16 o_colored_level\"><\/div>\n<div class=\"col-lg-6 pt16 pb16 o_colored_level\">\n<h4>VIELSEITIG<\/h4>\n<p>Um sich an die gro\u00dfe Auswahl an Rettungsschirmen anzupassen, haben wir die Stoffbahnen entsprechend bearbeitet. Sie wurden so geformt, gen\u00e4ht und zusammengef\u00fcgt, dass sie sich genau an die Form des Rettungsschirms anpassen. Der Stoff wurde so ausgew\u00e4hlt, dass er ein sehr gutes Verh\u00e4ltnis von Gewicht zu Haltbarkeit bietet.<\/p>\n<p>Erh\u00e4ltlich in 3 Gr\u00f6\u00dfen:<\/p>\n<p>&#8211; M z.B. f\u00fcr <a href=\"https:\/\/swissgliders.ch\/de\/produkt\/gin-yeti-6-en-a\/\">GIN Yeti<\/a> #27, Skywalk Pepper Cross 90 oder Gin Yeti UL M + L<\/p>\n<p>&#8211; L f\u00fcr z. B. <a href=\"https:\/\/swissgliders.ch\/de\/produkt\/gin-yeti-6-en-a\/\">GIN Yeti<\/a> 35 und 40, <a href=\"https:\/\/swissgliders.ch\/de\/produkt\/skywalk-pepper-cross-light\/\">Skywalk Pepper Cross<\/a> 110\/135, <a href=\"https:\/\/swissgliders.ch\/de\/produkt\/high-adventure-beamer-3-light-rettungsgeraet-notschirm\/\">Beamer Lite<\/a>, Sky Lite L, Companion SQR 100\/120, SQR light 120, Supair Shine S\/M, Evocross 100\/120<\/p>\n<p>&#8211; Tube: universell f\u00fcr alle klassischen Rettungen<\/p>\n<p><img loading=\"lazy\" decoding=\"async\" class=\"\" src=\"https:\/\/www.neo-paragliders.fr\/web\/image\/29551-b4bd5dda\/neo-container-tube-photo-detail-01.jpg?access_token=5dfd3e56-8611-43fc-a32f-dbd1b0e28bad\" width=\"553\" height=\"367\" \/><\/p>\n<p>&nbsp;<\/p>\n<h4><strong>DIE VORTEILE<\/strong><\/h4>\n<p><span style=\"font-family: Roboto, Odoo Unicode Support Noto, sans-serif;\">&#8211; Der Rettungsgriff ist sehr gut zu sehen und zu greifen. Die zum Herausziehen der Rettung erforderliche Kraft entspricht der EN-Norm.<\/span><\/p>\n<p><span style=\"font-family: Roboto, Odoo Unicode Support Noto, sans-serif;\">&#8211; Die Position der Befestigungspunkte des Containers am Gurtzeug verhindert, dass der Piloten beim Start und w\u00e4hrend des Fluges behindert wird. Au\u00dferdem sorgt sie daf\u00fcr, dass der Griff besser sichtbar ist. Das Ablesen deiner Fluginstrumente ist einfach, wenn sie auf dem Klettverschluss des Containers angebracht sind.<\/span><\/p>\n<p><span style=\"font-family: Roboto, Odoo Unicode Support Noto, sans-serif;\">&#8211; Das &#8222;Ein-Punkt-Befestigungssystem&#8220; ist simpel: Vor dem Start verbindest du den Container mit dem Gurtzeug mit einer einzigen Schlaufe an jedem Hauptkarabiner. Es ist somit quasi unm\u00f6glich, das Einh\u00e4ngen des Containers zu vergessen.<\/span><\/p>\n<p><span style=\"font-family: Roboto, Odoo Unicode Support Noto, sans-serif;\">&#8211; Die L\u00e4nge der Aufh\u00e4ngung kann w\u00e4hrend des Fluges genau angepasst werden.<\/span><\/p>\n<p><span style=\"font-family: Roboto, Odoo Unicode Support Noto, sans-serif;\">&#8211; Der NEO-Container passt an NEO-Gurtzeuge sowie auch an Gurtzeuge anderer Marken.<\/span><\/p>\n<p><span style=\"font-family: Roboto, Odoo Unicode Support Noto, sans-serif;\">&#8211; Wie bei allen NEO-Produkten ist \u00fcberfl\u00fcssiges Gewicht nicht enthalten. Der Frontcontainer ist haltbar und wiegt etwas mehr als 130 Gramm.<\/span><\/p>\n<p><img loading=\"lazy\" decoding=\"async\" class=\"\" src=\"https:\/\/www.neo-paragliders.fr\/web\/image\/29974-9dccdd8a\/neo-container-photo-detail-02.jpg?access_token=4f59665f-e270-4fe5-98cc-2b417eddbcd7\" width=\"466\" height=\"309\" \/><\/p>\n<h4>GR\u00d6SSENTABELLE<\/h4>\n<p><img loading=\"lazy\" decoding=\"async\" class=\"\" src=\"https:\/\/www.neo-paragliders.fr\/web\/image\/28936-41cf8fe2\/tailles%20container.png?access_token=7a8b28eb-2bbf-4b43-a6dc-c0176170dbbf\" width=\"1012\" height=\"366\" \/><\/p>\n<\/div>\n<\/div>\n<\/div>\n<\/div>\n<\/section>\n<\/div>\n<\/div>\n<\/div>\n<p>Mehr <a href=\"https:\/\/www.neo-paragliders.fr\/de\/shop\/frontcontainer-1754\" target=\"_blank\" rel=\"noopener noreferrer\">Infos<\/a><\/p>\n<p>Falls dieser Artikel nicht an Lager ist, wird er f\u00fcr dich bestellt. Lieferfrist auf Anfrage.<\/p>\n","protected":false},"featured_media":14705,"comment_status":"closed","ping_status":"closed","template":"","meta":[],"product_brand":[],"product_cat":[2082,402],"product_tag":[2083,410],"class_list":{"0":"post-14703","1":"product","2":"type-product","3":"status-publish","4":"has-post-thumbnail","6":"product_cat-gleitschirm-rettungs-frontcontainer","7":"product_cat-gleitschirm-zubehoer","8":"product_tag-frontcontainer","9":"product_tag-zubehoer","10":"product_shipping_class-priority-2kg-de","12":"first","13":"instock","14":"sale","15":"shipping-taxable","16":"purchasable","17":"product-type-variable"},"yoast_head":"<!-- This site is optimized with the Yoast SEO Premium plugin v26.1 (Yoast SEO v27.3) - https:\/\/yoast.com\/product\/yoast-seo-premium-wordpress\/ -->\n<title>Neo Frontcontainer | Gleitschirmschule Thun, Bern, Interlaken<\/title>\n<meta name=\"description\" content=\"Neo \u00a0FRONTCONTAINER Der Frontcontainer f\u00fcr einen Rettungsschirm sollte den Piloten nicht behindern und muss einfach zu installieren und sicher in der Anwendung sein. Das ist eine Aussage, die logisch klingt, aber bei weitem nicht auf alle Produkte auf dem Markt zutrifft. Daher haben wir beschlossen, einen Frontcontainer zu entwerfen, der unseren Bed\u00fcrfnissen entspricht.\" \/>\n<meta name=\"robots\" content=\"index, follow, max-snippet:-1, max-image-preview:large, max-video-preview:-1\" \/>\n<link rel=\"canonical\" href=\"https:\/\/swissgliders.ch\/de\/produkt\/neo-frontcontainer\/\" \/>\n<meta property=\"og:locale\" content=\"de_DE\" \/>\n<meta property=\"og:type\" content=\"article\" \/>\n<meta property=\"og:title\" content=\"Neo Frontcontainer\" \/>\n<meta property=\"og:description\" content=\"Neo \u00a0FRONTCONTAINER Der Frontcontainer f\u00fcr einen Rettungsschirm sollte den Piloten nicht behindern und muss einfach zu installieren und sicher in der Anwendung sein. Das ist eine Aussage, die logisch klingt, aber bei weitem nicht auf alle Produkte auf dem Markt zutrifft. Daher haben wir beschlossen, einen Frontcontainer zu entwerfen, der unseren Bed\u00fcrfnissen entspricht.\" \/>\n<meta property=\"og:url\" content=\"https:\/\/swissgliders.ch\/de\/produkt\/neo-frontcontainer\/\" \/>\n<meta property=\"og:site_name\" content=\"Gleitschirmschule Thun, Bern, Interlaken\" \/>\n<meta property=\"article:publisher\" content=\"https:\/\/www.facebook.com\/swissgliders\" \/>\n<meta property=\"article:modified_time\" content=\"2025-06-04T05:54:55+00:00\" \/>\n<meta property=\"og:image\" content=\"https:\/\/swissgliders.ch\/wp-content\/uploads\/2024\/09\/Neo_Frontcontainer-1.jpg\" \/>\n\t<meta property=\"og:image:width\" content=\"690\" \/>\n\t<meta property=\"og:image:height\" content=\"458\" \/>\n\t<meta property=\"og:image:type\" content=\"image\/jpeg\" \/>\n<meta name=\"twitter:card\" content=\"summary_large_image\" \/>\n<meta name=\"twitter:site\" content=\"@Swissgliders\" \/>\n<meta name=\"twitter:label1\" content=\"Verf\u00fcgbarkeit\" \/>\n\t<meta name=\"twitter:data1\" content=\"Auf Lager\" \/>\n<script type=\"application\/ld+json\" class=\"yoast-schema-graph\">{\"@context\":\"https:\\\/\\\/schema.org\",\"@graph\":[{\"@type\":\"WebPage\",\"@id\":\"https:\\\/\\\/swissgliders.ch\\\/de\\\/produkt\\\/neo-frontcontainer\\\/\",\"url\":\"https:\\\/\\\/swissgliders.ch\\\/de\\\/produkt\\\/neo-frontcontainer\\\/\",\"name\":\"Neo Frontcontainer | Gleitschirmschule Thun, Bern, Interlaken\",\"isPartOf\":{\"@id\":\"https:\\\/\\\/swissgliders.ch\\\/de\\\/#website\"},\"primaryImageOfPage\":{\"@id\":\"https:\\\/\\\/swissgliders.ch\\\/de\\\/produkt\\\/neo-frontcontainer\\\/#primaryimage\"},\"image\":{\"@id\":\"https:\\\/\\\/swissgliders.ch\\\/de\\\/produkt\\\/neo-frontcontainer\\\/#primaryimage\"},\"thumbnailUrl\":\"https:\\\/\\\/swissgliders.ch\\\/wp-content\\\/uploads\\\/2024\\\/09\\\/Neo_Frontcontainer-1.jpg\",\"datePublished\":\"2024-09-26T15:19:04+00:00\",\"dateModified\":\"2025-06-04T05:54:55+00:00\",\"description\":\"Neo \u00a0FRONTCONTAINER Der Frontcontainer f\u00fcr einen Rettungsschirm sollte den Piloten nicht behindern und muss einfach zu installieren und sicher in der Anwendung sein. Das ist eine Aussage, die logisch klingt, aber bei weitem nicht auf alle Produkte auf dem Markt zutrifft. Daher haben wir beschlossen, einen Frontcontainer zu entwerfen, der unseren Bed\u00fcrfnissen entspricht.\",\"breadcrumb\":{\"@id\":\"https:\\\/\\\/swissgliders.ch\\\/de\\\/produkt\\\/neo-frontcontainer\\\/#breadcrumb\"},\"inLanguage\":\"de\",\"potentialAction\":[{\"@type\":\"ReadAction\",\"target\":[\"https:\\\/\\\/swissgliders.ch\\\/de\\\/produkt\\\/neo-frontcontainer\\\/\"]}]},{\"@type\":\"ImageObject\",\"inLanguage\":\"de\",\"@id\":\"https:\\\/\\\/swissgliders.ch\\\/de\\\/produkt\\\/neo-frontcontainer\\\/#primaryimage\",\"url\":\"https:\\\/\\\/swissgliders.ch\\\/wp-content\\\/uploads\\\/2024\\\/09\\\/Neo_Frontcontainer-1.jpg\",\"contentUrl\":\"https:\\\/\\\/swissgliders.ch\\\/wp-content\\\/uploads\\\/2024\\\/09\\\/Neo_Frontcontainer-1.jpg\",\"width\":690,\"height\":458},{\"@type\":\"BreadcrumbList\",\"@id\":\"https:\\\/\\\/swissgliders.ch\\\/de\\\/produkt\\\/neo-frontcontainer\\\/#breadcrumb\",\"itemListElement\":[{\"@type\":\"ListItem\",\"position\":1,\"name\":\"Startseite\",\"item\":\"https:\\\/\\\/swissgliders.ch\\\/de\\\/willkommen\\\/\"},{\"@type\":\"ListItem\",\"position\":2,\"name\":\"Gleitschirm Shop\",\"item\":\"https:\\\/\\\/swissgliders.ch\\\/de\\\/gleitschirm-shop\\\/\"},{\"@type\":\"ListItem\",\"position\":3,\"name\":\"Neo Frontcontainer\"}]},{\"@type\":\"WebSite\",\"@id\":\"https:\\\/\\\/swissgliders.ch\\\/de\\\/#website\",\"url\":\"https:\\\/\\\/swissgliders.ch\\\/de\\\/\",\"name\":\"Gleitschirmschule Thun, Bern, Interlaken\",\"description\":\"Gleitschirmschule Thun, Bern, Interlaken\",\"publisher\":{\"@id\":\"https:\\\/\\\/swissgliders.ch\\\/de\\\/#organization\"},\"potentialAction\":[{\"@type\":\"SearchAction\",\"target\":{\"@type\":\"EntryPoint\",\"urlTemplate\":\"https:\\\/\\\/swissgliders.ch\\\/de\\\/?s={search_term_string}\"},\"query-input\":{\"@type\":\"PropertyValueSpecification\",\"valueRequired\":true,\"valueName\":\"search_term_string\"}}],\"inLanguage\":\"de\"},{\"@type\":\"Organization\",\"@id\":\"https:\\\/\\\/swissgliders.ch\\\/de\\\/#organization\",\"name\":\"Swissgliders Gleitschirmflugschule Thun\",\"url\":\"https:\\\/\\\/swissgliders.ch\\\/de\\\/\",\"logo\":{\"@type\":\"ImageObject\",\"inLanguage\":\"de\",\"@id\":\"https:\\\/\\\/swissgliders.ch\\\/de\\\/#\\\/schema\\\/logo\\\/image\\\/\",\"url\":\"https:\\\/\\\/swissgliders.ch\\\/wp-content\\\/uploads\\\/2019\\\/12\\\/swissgliders-logo-rgb-square-L-no-ch-01.png\",\"contentUrl\":\"https:\\\/\\\/swissgliders.ch\\\/wp-content\\\/uploads\\\/2019\\\/12\\\/swissgliders-logo-rgb-square-L-no-ch-01.png\",\"width\":2500,\"height\":2500,\"caption\":\"Swissgliders Gleitschirmflugschule Thun\"},\"image\":{\"@id\":\"https:\\\/\\\/swissgliders.ch\\\/de\\\/#\\\/schema\\\/logo\\\/image\\\/\"},\"sameAs\":[\"https:\\\/\\\/www.facebook.com\\\/swissgliders\",\"https:\\\/\\\/x.com\\\/Swissgliders\",\"https:\\\/\\\/www.instagram.com\\\/swissgliders\\\/\",\"https:\\\/\\\/www.youtube.com\\\/channel\\\/UCMCtGdepy9vBhrhX3V_oJOA\"],\"hasMerchantReturnPolicy\":{\"@type\":\"MerchantReturnPolicy\",\"merchantReturnLink\":\"https:\\\/\\\/swissgliders.ch\\\/de\\\/allgemeine-geschaftsbedingungen\\\/\"}}]}<\/script>\n<meta property=\"og:availability\" content=\"instock\" \/>\n<meta property=\"product:availability\" content=\"instock\" \/>\n<meta property=\"product:condition\" content=\"new\" \/>\n<!-- \/ Yoast SEO Premium plugin. -->","yoast_head_json":{"title":"Neo Frontcontainer | Gleitschirmschule Thun, Bern, Interlaken","description":"Neo \u00a0FRONTCONTAINER Der Frontcontainer f\u00fcr einen Rettungsschirm sollte den Piloten nicht behindern und muss einfach zu installieren und sicher in der Anwendung sein. Das ist eine Aussage, die logisch klingt, aber bei weitem nicht auf alle Produkte auf dem Markt zutrifft. Daher haben wir beschlossen, einen Frontcontainer zu entwerfen, der unseren Bed\u00fcrfnissen entspricht.","robots":{"index":"index","follow":"follow","max-snippet":"max-snippet:-1","max-image-preview":"max-image-preview:large","max-video-preview":"max-video-preview:-1"},"canonical":"https:\/\/swissgliders.ch\/de\/produkt\/neo-frontcontainer\/","og_locale":"de_DE","og_type":"article","og_title":"Neo Frontcontainer","og_description":"Neo \u00a0FRONTCONTAINER Der Frontcontainer f\u00fcr einen Rettungsschirm sollte den Piloten nicht behindern und muss einfach zu installieren und sicher in der Anwendung sein. Das ist eine Aussage, die logisch klingt, aber bei weitem nicht auf alle Produkte auf dem Markt zutrifft. Daher haben wir beschlossen, einen Frontcontainer zu entwerfen, der unseren Bed\u00fcrfnissen entspricht.","og_url":"https:\/\/swissgliders.ch\/de\/produkt\/neo-frontcontainer\/","og_site_name":"Gleitschirmschule Thun, Bern, Interlaken","article_publisher":"https:\/\/www.facebook.com\/swissgliders","article_modified_time":"2025-06-04T05:54:55+00:00","og_image":[{"width":690,"height":458,"url":"https:\/\/swissgliders.ch\/wp-content\/uploads\/2024\/09\/Neo_Frontcontainer-1.jpg","type":"image\/jpeg"}],"twitter_card":"summary_large_image","twitter_site":"@Swissgliders","twitter_misc":{"Verf\u00fcgbarkeit":"Auf Lager"},"schema":{"@context":"https:\/\/schema.org","@graph":[{"@type":"WebPage","@id":"https:\/\/swissgliders.ch\/de\/produkt\/neo-frontcontainer\/","url":"https:\/\/swissgliders.ch\/de\/produkt\/neo-frontcontainer\/","name":"Neo Frontcontainer | Gleitschirmschule Thun, Bern, Interlaken","isPartOf":{"@id":"https:\/\/swissgliders.ch\/de\/#website"},"primaryImageOfPage":{"@id":"https:\/\/swissgliders.ch\/de\/produkt\/neo-frontcontainer\/#primaryimage"},"image":{"@id":"https:\/\/swissgliders.ch\/de\/produkt\/neo-frontcontainer\/#primaryimage"},"thumbnailUrl":"https:\/\/swissgliders.ch\/wp-content\/uploads\/2024\/09\/Neo_Frontcontainer-1.jpg","datePublished":"2024-09-26T15:19:04+00:00","dateModified":"2025-06-04T05:54:55+00:00","description":"Neo \u00a0FRONTCONTAINER Der Frontcontainer f\u00fcr einen Rettungsschirm sollte den Piloten nicht behindern und muss einfach zu installieren und sicher in der Anwendung sein. Das ist eine Aussage, die logisch klingt, aber bei weitem nicht auf alle Produkte auf dem Markt zutrifft. Daher haben wir beschlossen, einen Frontcontainer zu entwerfen, der unseren Bed\u00fcrfnissen entspricht.","breadcrumb":{"@id":"https:\/\/swissgliders.ch\/de\/produkt\/neo-frontcontainer\/#breadcrumb"},"inLanguage":"de","potentialAction":[{"@type":"ReadAction","target":["https:\/\/swissgliders.ch\/de\/produkt\/neo-frontcontainer\/"]}]},{"@type":"ImageObject","inLanguage":"de","@id":"https:\/\/swissgliders.ch\/de\/produkt\/neo-frontcontainer\/#primaryimage","url":"https:\/\/swissgliders.ch\/wp-content\/uploads\/2024\/09\/Neo_Frontcontainer-1.jpg","contentUrl":"https:\/\/swissgliders.ch\/wp-content\/uploads\/2024\/09\/Neo_Frontcontainer-1.jpg","width":690,"height":458},{"@type":"BreadcrumbList","@id":"https:\/\/swissgliders.ch\/de\/produkt\/neo-frontcontainer\/#breadcrumb","itemListElement":[{"@type":"ListItem","position":1,"name":"Startseite","item":"https:\/\/swissgliders.ch\/de\/willkommen\/"},{"@type":"ListItem","position":2,"name":"Gleitschirm Shop","item":"https:\/\/swissgliders.ch\/de\/gleitschirm-shop\/"},{"@type":"ListItem","position":3,"name":"Neo Frontcontainer"}]},{"@type":"WebSite","@id":"https:\/\/swissgliders.ch\/de\/#website","url":"https:\/\/swissgliders.ch\/de\/","name":"Gleitschirmschule Thun, Bern, Interlaken","description":"Gleitschirmschule Thun, Bern, Interlaken","publisher":{"@id":"https:\/\/swissgliders.ch\/de\/#organization"},"potentialAction":[{"@type":"SearchAction","target":{"@type":"EntryPoint","urlTemplate":"https:\/\/swissgliders.ch\/de\/?s={search_term_string}"},"query-input":{"@type":"PropertyValueSpecification","valueRequired":true,"valueName":"search_term_string"}}],"inLanguage":"de"},{"@type":"Organization","@id":"https:\/\/swissgliders.ch\/de\/#organization","name":"Swissgliders Gleitschirmflugschule Thun","url":"https:\/\/swissgliders.ch\/de\/","logo":{"@type":"ImageObject","inLanguage":"de","@id":"https:\/\/swissgliders.ch\/de\/#\/schema\/logo\/image\/","url":"https:\/\/swissgliders.ch\/wp-content\/uploads\/2019\/12\/swissgliders-logo-rgb-square-L-no-ch-01.png","contentUrl":"https:\/\/swissgliders.ch\/wp-content\/uploads\/2019\/12\/swissgliders-logo-rgb-square-L-no-ch-01.png","width":2500,"height":2500,"caption":"Swissgliders Gleitschirmflugschule Thun"},"image":{"@id":"https:\/\/swissgliders.ch\/de\/#\/schema\/logo\/image\/"},"sameAs":["https:\/\/www.facebook.com\/swissgliders","https:\/\/x.com\/Swissgliders","https:\/\/www.instagram.com\/swissgliders\/","https:\/\/www.youtube.com\/channel\/UCMCtGdepy9vBhrhX3V_oJOA"],"hasMerchantReturnPolicy":{"@type":"MerchantReturnPolicy","merchantReturnLink":"https:\/\/swissgliders.ch\/de\/allgemeine-geschaftsbedingungen\/"}}]},"og_availability":"instock","product_availability":"instock","product_condition":"new"},"_links":{"self":[{"href":"https:\/\/swissgliders.ch\/de\/wp-json\/wp\/v2\/product\/14703","targetHints":{"allow":["GET"]}}],"collection":[{"href":"https:\/\/swissgliders.ch\/de\/wp-json\/wp\/v2\/product"}],"about":[{"href":"https:\/\/swissgliders.ch\/de\/wp-json\/wp\/v2\/types\/product"}],"replies":[{"embeddable":true,"href":"https:\/\/swissgliders.ch\/de\/wp-json\/wp\/v2\/comments?post=14703"}],"wp:featuredmedia":[{"embeddable":true,"href":"https:\/\/swissgliders.ch\/de\/wp-json\/wp\/v2\/media\/14705"}],"wp:attachment":[{"href":"https:\/\/swissgliders.ch\/de\/wp-json\/wp\/v2\/media?parent=14703"}],"wp:term":[{"taxonomy":"product_brand","embeddable":true,"href":"https:\/\/swissgliders.ch\/de\/wp-json\/wp\/v2\/product_brand?post=14703"},{"taxonomy":"product_cat","embeddable":true,"href":"https:\/\/swissgliders.ch\/de\/wp-json\/wp\/v2\/product_cat?post=14703"},{"taxonomy":"product_tag","embeddable":true,"href":"https:\/\/swissgliders.ch\/de\/wp-json\/wp\/v2\/product_tag?post=14703"}],"curies":[{"name":"wp","href":"https:\/\/api.w.org\/{rel}","templated":true}]}}