{"id":14791,"date":"2024-09-30T10:37:06","date_gmt":"2024-09-30T09:37:06","guid":{"rendered":"https:\/\/swissgliders.ch\/?post_type=product&#038;p=14791"},"modified":"2024-12-20T16:28:35","modified_gmt":"2024-12-20T15:28:35","slug":"niviuk-hiko-p-en-b","status":"publish","type":"product","link":"https:\/\/swissgliders.ch\/de\/produkt\/niviuk-hiko-p-en-b\/","title":{"rendered":"Niviuk Hiko P EN-B"},"content":{"rendered":"<div>\n<div>\n<div id=\"content_especificaciones\">\n<h3><b>FORTSCHRITTE MACHEN MIT LEICHTIGKEIT<\/b><\/h3>\n<p>&nbsp;<\/p>\n<p><img decoding=\"async\" src=\"https:\/\/shop.flugschule-hochries.de\/thumbnail\/e2\/31\/a4\/1727960443\/Color-tekno-Hiko%20P-Niviuk%20Paragliders_1920x1920.jpg\" alt=\"Niviuk Hiko P\" \/><\/p>\n<\/div>\n<\/div>\n<\/div>\n<p>Der Hiko P ist ein ultraleichter Intermediate EN B Schirm \u2013 ein Allrounder, f\u00fcr eine breite Range an Piloten geeignet. Er begleitet dich auf deinem Weg vom Anf\u00e4nger zum Thermikflieger, bis hin zu deinen ersten Streckenfl\u00fcgen. Erfahrene Piloten, die mit Sicherheit und Komfort unterwegs sein wollen \u2013 sowie leicht im Hike &amp; Fly, finden im Hiko P den richtigen Flightbuddy. Der Einsatz von leichtesten Materialien, wie z.B. den IKS 1000 und eine gewichtsoptimierte Innenstruktur machen es m\u00f6glich. Starte ins Abenteuer, entdecke neue, entlegene Startpl\u00e4tze mit deinem neuen Hiko P auf dem R\u00fccken und entwickle deine fliegerischen F\u00e4higkeiten.<\/p>\n<p><strong>Fortschritte machen<\/strong><br \/>\nEntwickle deine Fliegerskills weiter, bei jedem Flug gewinnst du Selbstvertrauen und baust deine F\u00e4higkeiten aus. Der Hiko P ist perfekt f\u00fcr alle, die gerade ihre Ausbildung abgeschlossen haben und nun durchstarten wollen.<\/p>\n<p><strong>Cross Country<\/strong><br \/>\nDie ersten Streckenkilometer mit deinem neuen Mid EN B-Fl\u00fcgel &#8211; Leistung erleben, gleichzeitig bist du sicher und kontrolliert unterwegs.<\/p>\n<p><strong>Hike &amp; fly<\/strong><br \/>\nDie Leichtversion P ist perfekt f\u00fcr Hike &amp; Fly Touren geeignet. Kompakt und leicht konzipiert, l\u00e4sst sich der Hiko P einfach auf den Berg tragen und bietet dir danach herrliche Flugerlebnisse in unber\u00fchrter Natur.<\/p>\n<div class=\"titol\"><strong>Einfach zu fliegen und leistungsstark<\/strong><\/div>\n<div>Ein zug\u00e4nglicher, einfach zu fliegender Schirm f\u00fcr Piloten im Stadium der Weiterentwicklung, der f\u00fcr die Kategorie au\u00dfergw\u00f6hnliche Leistung bietet. Auch erfahrenere Streckenpiloten f\u00fchlen sich unter dem Hiko P zu Hause. Er positioniert sich in der Mitte zwischen dem einsteigergeeignetem Hook und dem High B Performance\u00a0<strong><a href=\"https:\/\/swissgliders.ch\/de\/produkt\/niviuk-ikuma-3-p-en-b\/\" target=\"_self\" rel=\"noopener\">Ikuma P<\/a><\/strong>.<\/div>\n<div class=\"\">\n<h4 data-aos=\"fade-in\"><\/h4>\n<h4 class=\"titol titol_generic aos-init aos-animate\" data-aos=\"fade-in\">Technische Daten<\/h4>\n<\/div>\n<div id=\"content_especificaciones\">\n<table id=\"tabla_especificaciones\" class=\"aos-init aos-animate\" cellspacing=\"0\" data-aos=\"fade-up\">\n<thead>\n<tr>\n<th><\/th>\n<th><\/th>\n<th><\/th>\n<th width=\"165\"><b>20<\/b><\/th>\n<th width=\"165\"><b>22<\/b><\/th>\n<th width=\"165\"><b>24<\/b><\/th>\n<th width=\"165\"><b>26<\/b><\/th>\n<th width=\"165\"><b>28<\/b><\/th>\n<\/tr>\n<\/thead>\n<tbody>\n<tr>\n<td><b>ZELLEN<\/b><\/td>\n<td>ANZAHL<\/td>\n<td><\/td>\n<td>55<\/td>\n<td>55<\/td>\n<td>55<\/td>\n<td>55<\/td>\n<td>55<\/td>\n<\/tr>\n<tr>\n<td><b>STRECKUNG<\/b><\/td>\n<td>AUSGELEGT<\/td>\n<td><\/td>\n<td>5,5<\/td>\n<td>5,5<\/td>\n<td>5,5<\/td>\n<td>5,5<\/td>\n<td>5,5<\/td>\n<\/tr>\n<tr>\n<td class=\"no_content\"><\/td>\n<td>PROJIZIERT<\/td>\n<td><\/td>\n<td>4,18<\/td>\n<td>4,18<\/td>\n<td>4,18<\/td>\n<td>4,18<\/td>\n<td>4,18<\/td>\n<\/tr>\n<tr>\n<td><b>FL\u00c4CHE<\/b><\/td>\n<td>AUSGELEGT<\/td>\n<td>m\u00b2<\/td>\n<td>20,5<\/td>\n<td>21,8<\/td>\n<td>23,8<\/td>\n<td>25,8<\/td>\n<td>27,8<\/td>\n<\/tr>\n<tr>\n<td class=\"no_content\"><\/td>\n<td>PROJIZIERT<\/td>\n<td>m\u00b2<\/td>\n<td>17,51<\/td>\n<td>18,62<\/td>\n<td>20,33<\/td>\n<td>22,04<\/td>\n<td>23,75<\/td>\n<\/tr>\n<tr>\n<td><b>SPANNWEITE<\/b><\/td>\n<td>AUSGELEGT<\/td>\n<td>m<\/td>\n<td>10,62<\/td>\n<td>10,95<\/td>\n<td>11,44<\/td>\n<td>11,91<\/td>\n<td>12,37<\/td>\n<\/tr>\n<tr>\n<td><b>FL\u00c4CHENTIEFE<\/b><\/td>\n<td>MAX<\/td>\n<td>m<\/td>\n<td>2,38<\/td>\n<td>2,45<\/td>\n<td>2,56<\/td>\n<td>2,66<\/td>\n<td>2,77<\/td>\n<\/tr>\n<tr>\n<td><b>LEINEN<\/b><\/td>\n<td>TOTAL<\/td>\n<td>m<\/td>\n<td>220<\/td>\n<td>227<\/td>\n<td>238<\/td>\n<td>248<\/td>\n<td>258<\/td>\n<\/tr>\n<tr>\n<td class=\"no_content\"><\/td>\n<td>STAMM<\/td>\n<td><\/td>\n<td>2-1\/3\/2<\/td>\n<td>2-1\/3\/2<\/td>\n<td>2-1\/3\/2<\/td>\n<td>2-1\/3\/2<\/td>\n<td>2-1\/3\/2<\/td>\n<\/tr>\n<tr>\n<td><b>TRAGEGURTE<\/b><\/td>\n<td>ANZAHL<\/td>\n<td><\/td>\n<td>A-A&#8217;\/B\/C<\/td>\n<td>A-A&#8217;\/B\/C<\/td>\n<td>A-A&#8217;\/B\/C<\/td>\n<td>A-A&#8217;\/B\/C<\/td>\n<td>A-A&#8217;\/B\/C<\/td>\n<\/tr>\n<tr>\n<td class=\"no_content\"><\/td>\n<td>BESCHLEUNIGERWEG<\/td>\n<td>mm<\/td>\n<td>145<\/td>\n<td>145<\/td>\n<td>180<\/td>\n<td>180<\/td>\n<td>180<\/td>\n<\/tr>\n<tr>\n<td><b>SCHIRMGEWICHT<\/b><\/td>\n<td><\/td>\n<td>kg<\/td>\n<td>2,99*<\/td>\n<td>3,14*<\/td>\n<td>3,32<\/td>\n<td>3,51*<\/td>\n<td>3,66*<\/td>\n<\/tr>\n<tr>\n<td><b>GEWICHTSBEREICH<\/b><\/td>\n<td>MIN-MAX<\/td>\n<td>kg<\/td>\n<td>50-75<\/td>\n<td>65-85<\/td>\n<td>75-95<\/td>\n<td>85-105<\/td>\n<td>95-115<\/td>\n<\/tr>\n<tr>\n<td><b>ZERTIFIZIERUNG<\/b><\/td>\n<td><\/td>\n<td><\/td>\n<td>\n<div>EN\/LTF B<\/div>\n<\/td>\n<td>\n<div>EN\/LTF B<\/div>\n<\/td>\n<td>\n<div>EN\/LTF B<\/div>\n<\/td>\n<td>\n<div>EN\/LTF B<\/div>\n<\/td>\n<td>\n<div>EN\/LTF B<\/div>\n<\/td>\n<\/tr>\n<\/tbody>\n<\/table>\n<\/div>\n<p>&nbsp;<\/p>\n<p>Mehr <a href=\"https:\/\/niviuk.com\/de\/hiko-p\" target=\"_blank\" rel=\"noopener\">Infos<\/a><\/p>\n<p>Falls dieser Artikel nicht an Lager ist, wird er f\u00fcr dich bestellt. Lieferfrist auf Anfrage.<\/p>\n","protected":false},"excerpt":{"rendered":"<div>\n<div>\n<div id=\"content_especificaciones\">\n<h3><b>FORTSCHRITTE MACHEN MIT LEICHTIGKEIT<\/b><\/h3>\n<p>&nbsp;<\/p>\n<p><img decoding=\"async\" src=\"https:\/\/shop.flugschule-hochries.de\/thumbnail\/e2\/31\/a4\/1727960443\/Color-tekno-Hiko%20P-Niviuk%20Paragliders_1920x1920.jpg\" alt=\"Niviuk Hiko P\" \/><\/p>\n<\/div>\n<\/div>\n<\/div>\n<p>Der Hiko P ist ein ultraleichter Intermediate EN B Schirm \u2013 ein Allrounder, f\u00fcr eine breite Range an Piloten geeignet. Er begleitet dich auf deinem Weg vom Anf\u00e4nger zum Thermikflieger, bis hin zu deinen ersten Streckenfl\u00fcgen. Erfahrene Piloten, die mit Sicherheit und Komfort unterwegs sein wollen \u2013 sowie leicht im Hike &amp; Fly, finden im Hiko P den richtigen Flightbuddy. Der Einsatz von leichtesten Materialien, wie z.B. den IKS 1000 und eine gewichtsoptimierte Innenstruktur machen es m\u00f6glich. Starte ins Abenteuer, entdecke neue, entlegene Startpl\u00e4tze mit deinem neuen Hiko P auf dem R\u00fccken und entwickle deine fliegerischen F\u00e4higkeiten.<\/p>\n<p><strong>Fortschritte machen<\/strong><br \/>\nEntwickle deine Fliegerskills weiter, bei jedem Flug gewinnst du Selbstvertrauen und baust deine F\u00e4higkeiten aus. Der Hiko P ist perfekt f\u00fcr alle, die gerade ihre Ausbildung abgeschlossen haben und nun durchstarten wollen.<\/p>\n<p><strong>Cross Country<\/strong><br \/>\nDie ersten Streckenkilometer mit deinem neuen Mid EN B-Fl\u00fcgel &#8211; Leistung erleben, gleichzeitig bist du sicher und kontrolliert unterwegs.<\/p>\n<p><strong>Hike &amp; fly<\/strong><br \/>\nDie Leichtversion P ist perfekt f\u00fcr Hike &amp; Fly Touren geeignet. Kompakt und leicht konzipiert, l\u00e4sst sich der Hiko P einfach auf den Berg tragen und bietet dir danach herrliche Flugerlebnisse in unber\u00fchrter Natur.<\/p>\n<div class=\"titol\"><strong>Einfach zu fliegen und leistungsstark<\/strong><\/div>\n<div>Ein zug\u00e4nglicher, einfach zu fliegender Schirm f\u00fcr Piloten im Stadium der Weiterentwicklung, der f\u00fcr die Kategorie au\u00dfergw\u00f6hnliche Leistung bietet. Auch erfahrenere Streckenpiloten f\u00fchlen sich unter dem Hiko P zu Hause. Er positioniert sich in der Mitte zwischen dem einsteigergeeignetem Hook und dem High B Performance\u00a0<strong><a href=\"https:\/\/swissgliders.ch\/de\/produkt\/niviuk-ikuma-3-p-en-b\/\" target=\"_self\" rel=\"noopener\">Ikuma P<\/a><\/strong>.<\/div>\n<div class=\"\">\n<h4 data-aos=\"fade-in\"><\/h4>\n<h4 class=\"titol titol_generic aos-init aos-animate\" data-aos=\"fade-in\">Technische Daten<\/h4>\n<\/div>\n<div id=\"content_especificaciones\">\n<table id=\"tabla_especificaciones\" class=\"aos-init aos-animate\" cellspacing=\"0\" data-aos=\"fade-up\">\n<thead>\n<tr>\n<th><\/th>\n<th><\/th>\n<th><\/th>\n<th width=\"165\"><b>20<\/b><\/th>\n<th width=\"165\"><b>22<\/b><\/th>\n<th width=\"165\"><b>24<\/b><\/th>\n<th width=\"165\"><b>26<\/b><\/th>\n<th width=\"165\"><b>28<\/b><\/th>\n<\/tr>\n<\/thead>\n<tbody>\n<tr>\n<td><b>ZELLEN<\/b><\/td>\n<td>ANZAHL<\/td>\n<td><\/td>\n<td>55<\/td>\n<td>55<\/td>\n<td>55<\/td>\n<td>55<\/td>\n<td>55<\/td>\n<\/tr>\n<tr>\n<td><b>STRECKUNG<\/b><\/td>\n<td>AUSGELEGT<\/td>\n<td><\/td>\n<td>5,5<\/td>\n<td>5,5<\/td>\n<td>5,5<\/td>\n<td>5,5<\/td>\n<td>5,5<\/td>\n<\/tr>\n<tr>\n<td class=\"no_content\"><\/td>\n<td>PROJIZIERT<\/td>\n<td><\/td>\n<td>4,18<\/td>\n<td>4,18<\/td>\n<td>4,18<\/td>\n<td>4,18<\/td>\n<td>4,18<\/td>\n<\/tr>\n<tr>\n<td><b>FL\u00c4CHE<\/b><\/td>\n<td>AUSGELEGT<\/td>\n<td>m\u00b2<\/td>\n<td>20,5<\/td>\n<td>21,8<\/td>\n<td>23,8<\/td>\n<td>25,8<\/td>\n<td>27,8<\/td>\n<\/tr>\n<tr>\n<td class=\"no_content\"><\/td>\n<td>PROJIZIERT<\/td>\n<td>m\u00b2<\/td>\n<td>17,51<\/td>\n<td>18,62<\/td>\n<td>20,33<\/td>\n<td>22,04<\/td>\n<td>23,75<\/td>\n<\/tr>\n<tr>\n<td><b>SPANNWEITE<\/b><\/td>\n<td>AUSGELEGT<\/td>\n<td>m<\/td>\n<td>10,62<\/td>\n<td>10,95<\/td>\n<td>11,44<\/td>\n<td>11,91<\/td>\n<td>12,37<\/td>\n<\/tr>\n<tr>\n<td><b>FL\u00c4CHENTIEFE<\/b><\/td>\n<td>MAX<\/td>\n<td>m<\/td>\n<td>2,38<\/td>\n<td>2,45<\/td>\n<td>2,56<\/td>\n<td>2,66<\/td>\n<td>2,77<\/td>\n<\/tr>\n<tr>\n<td><b>LEINEN<\/b><\/td>\n<td>TOTAL<\/td>\n<td>m<\/td>\n<td>220<\/td>\n<td>227<\/td>\n<td>238<\/td>\n<td>248<\/td>\n<td>258<\/td>\n<\/tr>\n<tr>\n<td class=\"no_content\"><\/td>\n<td>STAMM<\/td>\n<td><\/td>\n<td>2-1\/3\/2<\/td>\n<td>2-1\/3\/2<\/td>\n<td>2-1\/3\/2<\/td>\n<td>2-1\/3\/2<\/td>\n<td>2-1\/3\/2<\/td>\n<\/tr>\n<tr>\n<td><b>TRAGEGURTE<\/b><\/td>\n<td>ANZAHL<\/td>\n<td><\/td>\n<td>A-A&#8217;\/B\/C<\/td>\n<td>A-A&#8217;\/B\/C<\/td>\n<td>A-A&#8217;\/B\/C<\/td>\n<td>A-A&#8217;\/B\/C<\/td>\n<td>A-A&#8217;\/B\/C<\/td>\n<\/tr>\n<tr>\n<td class=\"no_content\"><\/td>\n<td>BESCHLEUNIGERWEG<\/td>\n<td>mm<\/td>\n<td>145<\/td>\n<td>145<\/td>\n<td>180<\/td>\n<td>180<\/td>\n<td>180<\/td>\n<\/tr>\n<tr>\n<td><b>SCHIRMGEWICHT<\/b><\/td>\n<td><\/td>\n<td>kg<\/td>\n<td>2,99*<\/td>\n<td>3,14*<\/td>\n<td>3,32<\/td>\n<td>3,51*<\/td>\n<td>3,66*<\/td>\n<\/tr>\n<tr>\n<td><b>GEWICHTSBEREICH<\/b><\/td>\n<td>MIN-MAX<\/td>\n<td>kg<\/td>\n<td>50-75<\/td>\n<td>65-85<\/td>\n<td>75-95<\/td>\n<td>85-105<\/td>\n<td>95-115<\/td>\n<\/tr>\n<tr>\n<td><b>ZERTIFIZIERUNG<\/b><\/td>\n<td><\/td>\n<td><\/td>\n<td>\n<div>EN\/LTF B<\/div>\n<\/td>\n<td>\n<div>EN\/LTF B<\/div>\n<\/td>\n<td>\n<div>EN\/LTF B<\/div>\n<\/td>\n<td>\n<div>EN\/LTF B<\/div>\n<\/td>\n<td>\n<div>EN\/LTF B<\/div>\n<\/td>\n<\/tr>\n<\/tbody>\n<\/table>\n<\/div>\n<p>&nbsp;<\/p>\n<p>Mehr <a href=\"https:\/\/niviuk.com\/de\/hiko-p\" target=\"_blank\" rel=\"noopener\">Infos<\/a><\/p>\n<p>Falls dieser Artikel nicht an Lager ist, wird er f\u00fcr dich bestellt. Lieferfrist auf Anfrage.<\/p>\n","protected":false},"featured_media":14799,"comment_status":"closed","ping_status":"closed","template":"","meta":[],"product_brand":[],"product_cat":[86],"product_tag":[917,90],"class_list":{"0":"post-14791","1":"product","2":"type-product","3":"status-publish","4":"has-post-thumbnail","6":"product_cat-gleitschirme","7":"product_tag-gleitschirm","8":"product_tag-verkaufsartikel","9":"product_shipping_class-priority-10kg-de","11":"first","12":"instock","13":"sale","14":"shipping-taxable","15":"purchasable","16":"product-type-variable"},"yoast_head":"<!-- This site is optimized with the Yoast SEO Premium plugin v26.1 (Yoast SEO v27.3) - https:\/\/yoast.com\/product\/yoast-seo-premium-wordpress\/ -->\n<title>Niviuk Hiko P EN-B | Gleitschirmschule Thun, Bern, Interlaken<\/title>\n<meta name=\"description\" content=\"Der Hiko P ist ein ultraleichter Intermediate EN B Schirm \u2013 ein Allrounder, f\u00fcr eine breite Range an Piloten geeignet. Er begleitet dich auf deinem Weg vom Anf\u00e4nger zum Thermikflieger, bis hin zu deinen ersten Streckenfl\u00fcgen. Erfahrene Piloten, die mit Sicherheit und Komfort unterwegs sein wollen \u2013 sowie leicht im Hike &amp; Fly, finden im Hiko P den richtigen Flightbuddy. Der Einsatz von leichtesten Materialien, wie z.B. den IKS 1000 und eine gewichtsoptimierte Innenstruktur machen es m\u00f6glich. Starte ins Abenteuer, entdecke neue, entlegene Startpl\u00e4tze mit deinem neuen Hiko P auf dem R\u00fccken und entwickle deine fliegerischen F\u00e4higkeiten.\" \/>\n<meta name=\"robots\" content=\"index, follow, max-snippet:-1, max-image-preview:large, max-video-preview:-1\" \/>\n<link rel=\"canonical\" href=\"https:\/\/swissgliders.ch\/de\/produkt\/niviuk-hiko-p-en-b\/\" \/>\n<meta property=\"og:locale\" content=\"de_DE\" \/>\n<meta property=\"og:type\" content=\"article\" \/>\n<meta property=\"og:title\" content=\"Niviuk Hiko P EN-B\" \/>\n<meta property=\"og:description\" content=\"Der Hiko P ist ein ultraleichter Intermediate EN B Schirm \u2013 ein Allrounder, f\u00fcr eine breite Range an Piloten geeignet. Er begleitet dich auf deinem Weg vom Anf\u00e4nger zum Thermikflieger, bis hin zu deinen ersten Streckenfl\u00fcgen. Erfahrene Piloten, die mit Sicherheit und Komfort unterwegs sein wollen \u2013 sowie leicht im Hike &amp; Fly, finden im Hiko P den richtigen Flightbuddy. Der Einsatz von leichtesten Materialien, wie z.B. den IKS 1000 und eine gewichtsoptimierte Innenstruktur machen es m\u00f6glich. Starte ins Abenteuer, entdecke neue, entlegene Startpl\u00e4tze mit deinem neuen Hiko P auf dem R\u00fccken und entwickle deine fliegerischen F\u00e4higkeiten.\" \/>\n<meta property=\"og:url\" content=\"https:\/\/swissgliders.ch\/de\/produkt\/niviuk-hiko-p-en-b\/\" \/>\n<meta property=\"og:site_name\" content=\"Gleitschirmschule Thun, Bern, Interlaken\" \/>\n<meta property=\"article:publisher\" content=\"https:\/\/www.facebook.com\/swissgliders\" \/>\n<meta property=\"article:modified_time\" content=\"2024-12-20T15:28:35+00:00\" \/>\n<meta property=\"og:image\" content=\"https:\/\/swissgliders.ch\/wp-content\/uploads\/2024\/09\/Niviuk_Gleitschirm_Hiko-P-1.jpg\" \/>\n\t<meta property=\"og:image:width\" content=\"1342\" \/>\n\t<meta property=\"og:image:height\" content=\"992\" \/>\n\t<meta property=\"og:image:type\" content=\"image\/jpeg\" \/>\n<meta name=\"twitter:card\" content=\"summary_large_image\" \/>\n<meta name=\"twitter:site\" content=\"@Swissgliders\" \/>\n<meta name=\"twitter:label1\" content=\"Verf\u00fcgbarkeit\" \/>\n\t<meta name=\"twitter:data1\" content=\"Auf Lager\" \/>\n<script type=\"application\/ld+json\" class=\"yoast-schema-graph\">{\"@context\":\"https:\\\/\\\/schema.org\",\"@graph\":[{\"@type\":\"WebPage\",\"@id\":\"https:\\\/\\\/swissgliders.ch\\\/de\\\/produkt\\\/niviuk-hiko-p-en-b\\\/\",\"url\":\"https:\\\/\\\/swissgliders.ch\\\/de\\\/produkt\\\/niviuk-hiko-p-en-b\\\/\",\"name\":\"Niviuk Hiko P EN-B | Gleitschirmschule Thun, Bern, Interlaken\",\"isPartOf\":{\"@id\":\"https:\\\/\\\/swissgliders.ch\\\/de\\\/#website\"},\"primaryImageOfPage\":{\"@id\":\"https:\\\/\\\/swissgliders.ch\\\/de\\\/produkt\\\/niviuk-hiko-p-en-b\\\/#primaryimage\"},\"image\":{\"@id\":\"https:\\\/\\\/swissgliders.ch\\\/de\\\/produkt\\\/niviuk-hiko-p-en-b\\\/#primaryimage\"},\"thumbnailUrl\":\"https:\\\/\\\/swissgliders.ch\\\/wp-content\\\/uploads\\\/2024\\\/09\\\/Niviuk_Gleitschirm_Hiko-P-1.jpg\",\"datePublished\":\"2024-09-30T09:37:06+00:00\",\"dateModified\":\"2024-12-20T15:28:35+00:00\",\"description\":\"Der Hiko P ist ein ultraleichter Intermediate EN B Schirm \u2013 ein Allrounder, f\u00fcr eine breite Range an Piloten geeignet. Er begleitet dich auf deinem Weg vom Anf\u00e4nger zum Thermikflieger, bis hin zu deinen ersten Streckenfl\u00fcgen. Erfahrene Piloten, die mit Sicherheit und Komfort unterwegs sein wollen \u2013 sowie leicht im Hike & Fly, finden im Hiko P den richtigen Flightbuddy. Der Einsatz von leichtesten Materialien, wie z.B. den IKS 1000 und eine gewichtsoptimierte Innenstruktur machen es m\u00f6glich. Starte ins Abenteuer, entdecke neue, entlegene Startpl\u00e4tze mit deinem neuen Hiko P auf dem R\u00fccken und entwickle deine fliegerischen F\u00e4higkeiten.\",\"breadcrumb\":{\"@id\":\"https:\\\/\\\/swissgliders.ch\\\/de\\\/produkt\\\/niviuk-hiko-p-en-b\\\/#breadcrumb\"},\"inLanguage\":\"de\",\"potentialAction\":[{\"@type\":\"ReadAction\",\"target\":[\"https:\\\/\\\/swissgliders.ch\\\/de\\\/produkt\\\/niviuk-hiko-p-en-b\\\/\"]}]},{\"@type\":\"ImageObject\",\"inLanguage\":\"de\",\"@id\":\"https:\\\/\\\/swissgliders.ch\\\/de\\\/produkt\\\/niviuk-hiko-p-en-b\\\/#primaryimage\",\"url\":\"https:\\\/\\\/swissgliders.ch\\\/wp-content\\\/uploads\\\/2024\\\/09\\\/Niviuk_Gleitschirm_Hiko-P-1.jpg\",\"contentUrl\":\"https:\\\/\\\/swissgliders.ch\\\/wp-content\\\/uploads\\\/2024\\\/09\\\/Niviuk_Gleitschirm_Hiko-P-1.jpg\",\"width\":1342,\"height\":992,\"caption\":\"Niviuk_Gleitschirm_Hiko P-1\"},{\"@type\":\"BreadcrumbList\",\"@id\":\"https:\\\/\\\/swissgliders.ch\\\/de\\\/produkt\\\/niviuk-hiko-p-en-b\\\/#breadcrumb\",\"itemListElement\":[{\"@type\":\"ListItem\",\"position\":1,\"name\":\"Startseite\",\"item\":\"https:\\\/\\\/swissgliders.ch\\\/de\\\/willkommen\\\/\"},{\"@type\":\"ListItem\",\"position\":2,\"name\":\"Gleitschirm Shop\",\"item\":\"https:\\\/\\\/swissgliders.ch\\\/de\\\/gleitschirm-shop\\\/\"},{\"@type\":\"ListItem\",\"position\":3,\"name\":\"Niviuk Hiko P EN-B\"}]},{\"@type\":\"WebSite\",\"@id\":\"https:\\\/\\\/swissgliders.ch\\\/de\\\/#website\",\"url\":\"https:\\\/\\\/swissgliders.ch\\\/de\\\/\",\"name\":\"Gleitschirmschule Thun, Bern, Interlaken\",\"description\":\"Gleitschirmschule Thun, Bern, Interlaken\",\"publisher\":{\"@id\":\"https:\\\/\\\/swissgliders.ch\\\/de\\\/#organization\"},\"potentialAction\":[{\"@type\":\"SearchAction\",\"target\":{\"@type\":\"EntryPoint\",\"urlTemplate\":\"https:\\\/\\\/swissgliders.ch\\\/de\\\/?s={search_term_string}\"},\"query-input\":{\"@type\":\"PropertyValueSpecification\",\"valueRequired\":true,\"valueName\":\"search_term_string\"}}],\"inLanguage\":\"de\"},{\"@type\":\"Organization\",\"@id\":\"https:\\\/\\\/swissgliders.ch\\\/de\\\/#organization\",\"name\":\"Swissgliders Gleitschirmflugschule Thun\",\"url\":\"https:\\\/\\\/swissgliders.ch\\\/de\\\/\",\"logo\":{\"@type\":\"ImageObject\",\"inLanguage\":\"de\",\"@id\":\"https:\\\/\\\/swissgliders.ch\\\/de\\\/#\\\/schema\\\/logo\\\/image\\\/\",\"url\":\"https:\\\/\\\/swissgliders.ch\\\/wp-content\\\/uploads\\\/2019\\\/12\\\/swissgliders-logo-rgb-square-L-no-ch-01.png\",\"contentUrl\":\"https:\\\/\\\/swissgliders.ch\\\/wp-content\\\/uploads\\\/2019\\\/12\\\/swissgliders-logo-rgb-square-L-no-ch-01.png\",\"width\":2500,\"height\":2500,\"caption\":\"Swissgliders Gleitschirmflugschule Thun\"},\"image\":{\"@id\":\"https:\\\/\\\/swissgliders.ch\\\/de\\\/#\\\/schema\\\/logo\\\/image\\\/\"},\"sameAs\":[\"https:\\\/\\\/www.facebook.com\\\/swissgliders\",\"https:\\\/\\\/x.com\\\/Swissgliders\",\"https:\\\/\\\/www.instagram.com\\\/swissgliders\\\/\",\"https:\\\/\\\/www.youtube.com\\\/channel\\\/UCMCtGdepy9vBhrhX3V_oJOA\"],\"hasMerchantReturnPolicy\":{\"@type\":\"MerchantReturnPolicy\",\"merchantReturnLink\":\"https:\\\/\\\/swissgliders.ch\\\/de\\\/allgemeine-geschaftsbedingungen\\\/\"}}]}<\/script>\n<meta property=\"og:availability\" content=\"instock\" \/>\n<meta property=\"product:availability\" content=\"instock\" \/>\n<meta property=\"product:retailer_item_id\" content=\"niviuk-hiko-1\" \/>\n<meta property=\"product:condition\" content=\"new\" \/>\n<!-- \/ Yoast SEO Premium plugin. -->","yoast_head_json":{"title":"Niviuk Hiko P EN-B | Gleitschirmschule Thun, Bern, Interlaken","description":"Der Hiko P ist ein ultraleichter Intermediate EN B Schirm \u2013 ein Allrounder, f\u00fcr eine breite Range an Piloten geeignet. Er begleitet dich auf deinem Weg vom Anf\u00e4nger zum Thermikflieger, bis hin zu deinen ersten Streckenfl\u00fcgen. Erfahrene Piloten, die mit Sicherheit und Komfort unterwegs sein wollen \u2013 sowie leicht im Hike & Fly, finden im Hiko P den richtigen Flightbuddy. Der Einsatz von leichtesten Materialien, wie z.B. den IKS 1000 und eine gewichtsoptimierte Innenstruktur machen es m\u00f6glich. Starte ins Abenteuer, entdecke neue, entlegene Startpl\u00e4tze mit deinem neuen Hiko P auf dem R\u00fccken und entwickle deine fliegerischen F\u00e4higkeiten.","robots":{"index":"index","follow":"follow","max-snippet":"max-snippet:-1","max-image-preview":"max-image-preview:large","max-video-preview":"max-video-preview:-1"},"canonical":"https:\/\/swissgliders.ch\/de\/produkt\/niviuk-hiko-p-en-b\/","og_locale":"de_DE","og_type":"article","og_title":"Niviuk Hiko P EN-B","og_description":"Der Hiko P ist ein ultraleichter Intermediate EN B Schirm \u2013 ein Allrounder, f\u00fcr eine breite Range an Piloten geeignet. Er begleitet dich auf deinem Weg vom Anf\u00e4nger zum Thermikflieger, bis hin zu deinen ersten Streckenfl\u00fcgen. Erfahrene Piloten, die mit Sicherheit und Komfort unterwegs sein wollen \u2013 sowie leicht im Hike & Fly, finden im Hiko P den richtigen Flightbuddy. Der Einsatz von leichtesten Materialien, wie z.B. den IKS 1000 und eine gewichtsoptimierte Innenstruktur machen es m\u00f6glich. Starte ins Abenteuer, entdecke neue, entlegene Startpl\u00e4tze mit deinem neuen Hiko P auf dem R\u00fccken und entwickle deine fliegerischen F\u00e4higkeiten.","og_url":"https:\/\/swissgliders.ch\/de\/produkt\/niviuk-hiko-p-en-b\/","og_site_name":"Gleitschirmschule Thun, Bern, Interlaken","article_publisher":"https:\/\/www.facebook.com\/swissgliders","article_modified_time":"2024-12-20T15:28:35+00:00","og_image":[{"width":1342,"height":992,"url":"https:\/\/swissgliders.ch\/wp-content\/uploads\/2024\/09\/Niviuk_Gleitschirm_Hiko-P-1.jpg","type":"image\/jpeg"}],"twitter_card":"summary_large_image","twitter_site":"@Swissgliders","twitter_misc":{"Verf\u00fcgbarkeit":"Auf Lager"},"schema":{"@context":"https:\/\/schema.org","@graph":[{"@type":"WebPage","@id":"https:\/\/swissgliders.ch\/de\/produkt\/niviuk-hiko-p-en-b\/","url":"https:\/\/swissgliders.ch\/de\/produkt\/niviuk-hiko-p-en-b\/","name":"Niviuk Hiko P EN-B | Gleitschirmschule Thun, Bern, Interlaken","isPartOf":{"@id":"https:\/\/swissgliders.ch\/de\/#website"},"primaryImageOfPage":{"@id":"https:\/\/swissgliders.ch\/de\/produkt\/niviuk-hiko-p-en-b\/#primaryimage"},"image":{"@id":"https:\/\/swissgliders.ch\/de\/produkt\/niviuk-hiko-p-en-b\/#primaryimage"},"thumbnailUrl":"https:\/\/swissgliders.ch\/wp-content\/uploads\/2024\/09\/Niviuk_Gleitschirm_Hiko-P-1.jpg","datePublished":"2024-09-30T09:37:06+00:00","dateModified":"2024-12-20T15:28:35+00:00","description":"Der Hiko P ist ein ultraleichter Intermediate EN B Schirm \u2013 ein Allrounder, f\u00fcr eine breite Range an Piloten geeignet. Er begleitet dich auf deinem Weg vom Anf\u00e4nger zum Thermikflieger, bis hin zu deinen ersten Streckenfl\u00fcgen. Erfahrene Piloten, die mit Sicherheit und Komfort unterwegs sein wollen \u2013 sowie leicht im Hike & Fly, finden im Hiko P den richtigen Flightbuddy. Der Einsatz von leichtesten Materialien, wie z.B. den IKS 1000 und eine gewichtsoptimierte Innenstruktur machen es m\u00f6glich. Starte ins Abenteuer, entdecke neue, entlegene Startpl\u00e4tze mit deinem neuen Hiko P auf dem R\u00fccken und entwickle deine fliegerischen F\u00e4higkeiten.","breadcrumb":{"@id":"https:\/\/swissgliders.ch\/de\/produkt\/niviuk-hiko-p-en-b\/#breadcrumb"},"inLanguage":"de","potentialAction":[{"@type":"ReadAction","target":["https:\/\/swissgliders.ch\/de\/produkt\/niviuk-hiko-p-en-b\/"]}]},{"@type":"ImageObject","inLanguage":"de","@id":"https:\/\/swissgliders.ch\/de\/produkt\/niviuk-hiko-p-en-b\/#primaryimage","url":"https:\/\/swissgliders.ch\/wp-content\/uploads\/2024\/09\/Niviuk_Gleitschirm_Hiko-P-1.jpg","contentUrl":"https:\/\/swissgliders.ch\/wp-content\/uploads\/2024\/09\/Niviuk_Gleitschirm_Hiko-P-1.jpg","width":1342,"height":992,"caption":"Niviuk_Gleitschirm_Hiko P-1"},{"@type":"BreadcrumbList","@id":"https:\/\/swissgliders.ch\/de\/produkt\/niviuk-hiko-p-en-b\/#breadcrumb","itemListElement":[{"@type":"ListItem","position":1,"name":"Startseite","item":"https:\/\/swissgliders.ch\/de\/willkommen\/"},{"@type":"ListItem","position":2,"name":"Gleitschirm Shop","item":"https:\/\/swissgliders.ch\/de\/gleitschirm-shop\/"},{"@type":"ListItem","position":3,"name":"Niviuk Hiko P EN-B"}]},{"@type":"WebSite","@id":"https:\/\/swissgliders.ch\/de\/#website","url":"https:\/\/swissgliders.ch\/de\/","name":"Gleitschirmschule Thun, Bern, Interlaken","description":"Gleitschirmschule Thun, Bern, Interlaken","publisher":{"@id":"https:\/\/swissgliders.ch\/de\/#organization"},"potentialAction":[{"@type":"SearchAction","target":{"@type":"EntryPoint","urlTemplate":"https:\/\/swissgliders.ch\/de\/?s={search_term_string}"},"query-input":{"@type":"PropertyValueSpecification","valueRequired":true,"valueName":"search_term_string"}}],"inLanguage":"de"},{"@type":"Organization","@id":"https:\/\/swissgliders.ch\/de\/#organization","name":"Swissgliders Gleitschirmflugschule Thun","url":"https:\/\/swissgliders.ch\/de\/","logo":{"@type":"ImageObject","inLanguage":"de","@id":"https:\/\/swissgliders.ch\/de\/#\/schema\/logo\/image\/","url":"https:\/\/swissgliders.ch\/wp-content\/uploads\/2019\/12\/swissgliders-logo-rgb-square-L-no-ch-01.png","contentUrl":"https:\/\/swissgliders.ch\/wp-content\/uploads\/2019\/12\/swissgliders-logo-rgb-square-L-no-ch-01.png","width":2500,"height":2500,"caption":"Swissgliders Gleitschirmflugschule Thun"},"image":{"@id":"https:\/\/swissgliders.ch\/de\/#\/schema\/logo\/image\/"},"sameAs":["https:\/\/www.facebook.com\/swissgliders","https:\/\/x.com\/Swissgliders","https:\/\/www.instagram.com\/swissgliders\/","https:\/\/www.youtube.com\/channel\/UCMCtGdepy9vBhrhX3V_oJOA"],"hasMerchantReturnPolicy":{"@type":"MerchantReturnPolicy","merchantReturnLink":"https:\/\/swissgliders.ch\/de\/allgemeine-geschaftsbedingungen\/"}}]},"og_availability":"instock","product_availability":"instock","product_retailer_item_id":"niviuk-hiko-1","product_condition":"new"},"_links":{"self":[{"href":"https:\/\/swissgliders.ch\/de\/wp-json\/wp\/v2\/product\/14791","targetHints":{"allow":["GET"]}}],"collection":[{"href":"https:\/\/swissgliders.ch\/de\/wp-json\/wp\/v2\/product"}],"about":[{"href":"https:\/\/swissgliders.ch\/de\/wp-json\/wp\/v2\/types\/product"}],"replies":[{"embeddable":true,"href":"https:\/\/swissgliders.ch\/de\/wp-json\/wp\/v2\/comments?post=14791"}],"wp:featuredmedia":[{"embeddable":true,"href":"https:\/\/swissgliders.ch\/de\/wp-json\/wp\/v2\/media\/14799"}],"wp:attachment":[{"href":"https:\/\/swissgliders.ch\/de\/wp-json\/wp\/v2\/media?parent=14791"}],"wp:term":[{"taxonomy":"product_brand","embeddable":true,"href":"https:\/\/swissgliders.ch\/de\/wp-json\/wp\/v2\/product_brand?post=14791"},{"taxonomy":"product_cat","embeddable":true,"href":"https:\/\/swissgliders.ch\/de\/wp-json\/wp\/v2\/product_cat?post=14791"},{"taxonomy":"product_tag","embeddable":true,"href":"https:\/\/swissgliders.ch\/de\/wp-json\/wp\/v2\/product_tag?post=14791"}],"curies":[{"name":"wp","href":"https:\/\/api.w.org\/{rel}","templated":true}]}}