{"id":14861,"date":"2024-10-01T08:27:26","date_gmt":"2024-10-01T07:27:26","guid":{"rendered":"https:\/\/swissgliders.ch\/?post_type=product&#038;p=14861"},"modified":"2024-10-01T08:49:45","modified_gmt":"2024-10-01T07:49:45","slug":"niviuk-sherlock-pilot","status":"publish","type":"product","link":"https:\/\/swissgliders.ch\/de\/produkt\/niviuk-sherlock-pilot\/","title":{"rendered":"Niviuk Sherlock (Pilot)"},"content":{"rendered":"<div class=\"et_pb_module et_pb_text et_pb_text_0 et_pb_bg_layout_light et_pb_text_align_left\">\n<div class=\"et_pb_text_inner\">\n<div class=\"et_pb_module et_pb_text et_pb_text_0 et_pb_bg_layout_light et_pb_text_align_left\">\n<div class=\"et_pb_text_inner\">\n<div class=\"et_pb_module et_pb_text et_pb_text_2 et_pb_text_align_left et_pb_bg_layout_light et_had_animation\">\n<p><strong>EIN PROFESSIONELLER PARTNER<\/strong><\/p>\n<p>Pilot und Passagier vereint die gleiche Leidenschaft: Fliegen. Jetzt noch einfacher mit unseren neuen Tandemgutzeugen: das Sherlock f\u00fcr den professionellen Tandempiloten und das\u00a0<a href=\"https:\/\/swissgliders.ch\/de\/produkt\/niviuk-watsons-2-passenger\/\">Watson 2<\/a>\u00a0f\u00fcr den Passagier. Ergonomisch und super komfortabel, die perfekte Kombination f\u00fcr den Fluggenu\u00df zu zweit. Unverzichtbar, mein lieber Pilot!<\/p>\n<p>Das<strong>\u00a0Sherlock ist unser neues Tandemgurtzeug f\u00fcr den Piloten<\/strong>. Mit geteilten Beingurten ist es einfach in der Handhabung, komfortabel und langlebig. Es bietet zudem zwei Protektoroptionen, einen vorgef\u00fcllten Airbag oder Schaumstoff, je nach Pr\u00e4ferenz des Piloten. Ideal auch f\u00fcr lange Tandemfl\u00fcge.<\/p>\n<\/div>\n<p><strong>Tandem Profis<\/strong><\/p>\n<p>Das Sherlock ist f\u00fcr den t\u00e4glichen Einsatz von professionellen Tandem-Piloten konzipiert. Hoher Sitzkomfort, einfach Handhabung und \u00e4u\u00dferst robust. Der perfekte Partner zum Passagiergurtzeug Watson 2.<\/p>\n<\/div>\n<div class=\"titol\"><strong>Volle Sicherheit: du hast die Wahl:<\/strong><\/div>\n<div>\n<p>Das Sherlock bietet zwei Arten von Protektor zur Auswahl: Airbag oder Schaumstoff.<\/p>\n<p>Der neue Airbag-Protektor, durch die Nitinol-St\u00e4bchen bereits am Start vorgef\u00fcllt, beh\u00e4lt seine Form in jeglicher Situation und ist dadurch widerstandsf\u00e4higer. Maximale Sicherheit mit exzellenten Ergebnissen in den Sto\u00dftests.<\/p>\n<p>Obgleich der Airbag schon au\u00dfergew\u00f6hnlich hohen Schutz bietet, gibt es f\u00fcr das Sherlock auch die M\u00f6glichkeit einen Schaumstoffprotektor in den Airbag einzubauen.<\/p>\n<p>Das Gurtzeug ist mit und ohne Schaumstoff (geteilt in 2 Teile) zugelassen. Entspannte Fl\u00fcge mit technisch ausgereiften Protektoren, ganz nach deinen Pr\u00e4ferenzen.<\/p>\n<\/div>\n<\/div>\n<div>\n<div class=\"\">\n<h4 data-aos=\"fade-in\"><\/h4>\n<h4 class=\"titol titol_generic aos-init aos-animate\" data-aos=\"fade-in\">Technische Daten<\/h4>\n<div class=\"sub aos-init aos-animate\" data-aos=\"fade-in\"><\/div>\n<\/div>\n<div id=\"content_especificaciones\">\n<table id=\"tabla_especificaciones\" class=\"aos-init aos-animate\" cellspacing=\"0\" data-aos=\"fade-up\">\n<thead>\n<tr>\n<th><\/th>\n<th><\/th>\n<th><\/th>\n<th width=\"165\"><b>M<\/b><\/th>\n<th width=\"165\"><b>L<\/b><\/th>\n<\/tr>\n<\/thead>\n<tbody>\n<tr>\n<td><b>GEWICHT<\/b><\/td>\n<td><\/td>\n<td>kg<\/td>\n<td>2,80 *<\/td>\n<td>2,95 *<\/td>\n<\/tr>\n<tr>\n<td><b>PILOTENGR\u00d6\u00dfE<\/b><\/td>\n<td><\/td>\n<td>cm<\/td>\n<td>160-183<\/td>\n<td>180-200<\/td>\n<\/tr>\n<tr>\n<td><b>L\u00c4NGE R\u00dcCKENTEIL<\/b><\/td>\n<td><\/td>\n<td>cm<\/td>\n<td>60<\/td>\n<td>66<\/td>\n<\/tr>\n<tr>\n<td><b>SITZFL\u00c4CHE<\/b><\/td>\n<td>BREITE<\/td>\n<td>cm<\/td>\n<td>48<\/td>\n<td>52<\/td>\n<\/tr>\n<tr>\n<td class=\"no_content\"><\/td>\n<td>LANGE<\/td>\n<td>cm<\/td>\n<td>42<\/td>\n<td>48,5<\/td>\n<\/tr>\n<tr>\n<td><b>VOLUMEN R\u00dcCKENFACH<\/b><\/td>\n<td><\/td>\n<td>L<\/td>\n<td>15<\/td>\n<td>17<\/td>\n<\/tr>\n<tr>\n<td><b>VOLUMEN RETTERFACH<\/b><\/td>\n<td><\/td>\n<td>L<\/td>\n<td>13<\/td>\n<td>13<\/td>\n<\/tr>\n<tr>\n<td><b>KARABINERABSTAND<\/b><\/td>\n<td><\/td>\n<td>cm<\/td>\n<td>43-54<\/td>\n<td>43-54<\/td>\n<\/tr>\n<tr>\n<td><b>MAX. ZULADUNG<\/b><\/td>\n<td><\/td>\n<td>kg<\/td>\n<td>120<\/td>\n<td>120<\/td>\n<\/tr>\n<tr>\n<td><b>ZERTIFIZIERUNG<\/b><\/td>\n<td><\/td>\n<td><\/td>\n<td>\n<div>EN\/LTF<\/div>\n<\/td>\n<td>\n<div>EN\/LTF<\/div>\n<\/td>\n<\/tr>\n<\/tbody>\n<\/table>\n<\/div>\n<\/div>\n<p>Mehr<a href=\"https:\/\/niviuk.com\/de\/sherlock\" target=\"_blank\" rel=\"noopener noreferrer\"> Infos<\/a><\/p>\n<p>Falls dieser Artikel nicht an Lager ist, wird er f\u00fcr dich bestellt. Lieferfrist auf Anfrage.<\/p>\n<\/div>\n<\/div>\n","protected":false},"excerpt":{"rendered":"<div class=\"et_pb_module et_pb_text et_pb_text_0 et_pb_bg_layout_light et_pb_text_align_left\">\n<div class=\"et_pb_text_inner\">\n<div class=\"et_pb_module et_pb_text et_pb_text_2 et_pb_text_align_left et_pb_bg_layout_light et_had_animation\">\n<p><strong>EIN PROFESSIONELLER PARTNER<\/strong><\/p>\n<p>Pilot und Passagier vereint die gleiche Leidenschaft: Fliegen. Jetzt noch einfacher mit unseren neuen Tandemgutzeugen: das Sherlock f\u00fcr den professionellen Tandempiloten und das\u00a0<a href=\"https:\/\/swissgliders.ch\/de\/produkt\/niviuk-watsons-2-passenger\/\">Watson 2<\/a>\u00a0f\u00fcr den Passagier. Ergonomisch und super komfortabel, die perfekte Kombination f\u00fcr den Fluggenu\u00df zu zweit. Unverzichtbar, mein lieber Pilot!<\/p>\n<p>Das<strong>\u00a0Sherlock ist unser neues Tandemgurtzeug f\u00fcr den Piloten<\/strong>. Mit geteilten Beingurten ist es einfach in der Handhabung, komfortabel und langlebig. Es bietet zudem zwei Protektoroptionen, einen vorgef\u00fcllten Airbag oder Schaumstoff, je nach Pr\u00e4ferenz des Piloten. Ideal auch f\u00fcr lange Tandemfl\u00fcge.<\/p>\n<\/div>\n<p><strong>Tandem Profis<\/strong><\/p>\n<p>Das Sherlock ist f\u00fcr den t\u00e4glichen Einsatz von professionellen Tandem-Piloten konzipiert. Hoher Sitzkomfort, einfach Handhabung und \u00e4u\u00dferst robust. Der perfekte Partner zum Passagiergurtzeug Watson 2.<\/p>\n<\/div>\n<div class=\"titol\"><strong>Volle Sicherheit: du hast die Wahl:<\/strong><\/div>\n<div>\n<p>Das Sherlock bietet zwei Arten von Protektor zur Auswahl: Airbag oder Schaumstoff.<\/p>\n<p>Der neue Airbag-Protektor, durch die Nitinol-St\u00e4bchen bereits am Start vorgef\u00fcllt, beh\u00e4lt seine Form in jeglicher Situation und ist dadurch widerstandsf\u00e4higer. Maximale Sicherheit mit exzellenten Ergebnissen in den Sto\u00dftests.<\/p>\n<p>Obgleich der Airbag schon au\u00dfergew\u00f6hnlich hohen Schutz bietet, gibt es f\u00fcr das Sherlock auch die M\u00f6glichkeit einen Schaumstoffprotektor in den Airbag einzubauen.<\/p>\n<p>Das Gurtzeug ist mit und ohne Schaumstoff (geteilt in 2 Teile) zugelassen. Entspannte Fl\u00fcge mit technisch ausgereiften Protektoren, ganz nach deinen Pr\u00e4ferenzen.<\/p>\n<\/div>\n<\/div>\n<div>\n<div class=\"\">\n<h4 data-aos=\"fade-in\"><\/h4>\n<h4 class=\"titol titol_generic aos-init aos-animate\" data-aos=\"fade-in\">Technische Daten<\/h4>\n<div class=\"sub aos-init aos-animate\" data-aos=\"fade-in\"><\/div>\n<\/div>\n<div id=\"content_especificaciones\">\n<table id=\"tabla_especificaciones\" class=\"aos-init aos-animate\" cellspacing=\"0\" data-aos=\"fade-up\">\n<thead>\n<tr>\n<th><\/th>\n<th><\/th>\n<th><\/th>\n<th width=\"165\"><b>M<\/b><\/th>\n<th width=\"165\"><b>L<\/b><\/th>\n<\/tr>\n<\/thead>\n<tbody>\n<tr>\n<td><b>GEWICHT<\/b><\/td>\n<td><\/td>\n<td>kg<\/td>\n<td>2,80 *<\/td>\n<td>2,95 *<\/td>\n<\/tr>\n<tr>\n<td><b>PILOTENGR\u00d6\u00dfE<\/b><\/td>\n<td><\/td>\n<td>cm<\/td>\n<td>160-183<\/td>\n<td>180-200<\/td>\n<\/tr>\n<tr>\n<td><b>L\u00c4NGE R\u00dcCKENTEIL<\/b><\/td>\n<td><\/td>\n<td>cm<\/td>\n<td>60<\/td>\n<td>66<\/td>\n<\/tr>\n<tr>\n<td><b>SITZFL\u00c4CHE<\/b><\/td>\n<td>BREITE<\/td>\n<td>cm<\/td>\n<td>48<\/td>\n<td>52<\/td>\n<\/tr>\n<tr>\n<td class=\"no_content\"><\/td>\n<td>LANGE<\/td>\n<td>cm<\/td>\n<td>42<\/td>\n<td>48,5<\/td>\n<\/tr>\n<tr>\n<td><b>VOLUMEN R\u00dcCKENFACH<\/b><\/td>\n<td><\/td>\n<td>L<\/td>\n<td>15<\/td>\n<td>17<\/td>\n<\/tr>\n<tr>\n<td><b>VOLUMEN RETTERFACH<\/b><\/td>\n<td><\/td>\n<td>L<\/td>\n<td>13<\/td>\n<td>13<\/td>\n<\/tr>\n<tr>\n<td><b>KARABINERABSTAND<\/b><\/td>\n<td><\/td>\n<td>cm<\/td>\n<td>43-54<\/td>\n<td>43-54<\/td>\n<\/tr>\n<tr>\n<td><b>MAX. ZULADUNG<\/b><\/td>\n<td><\/td>\n<td>kg<\/td>\n<td>120<\/td>\n<td>120<\/td>\n<\/tr>\n<tr>\n<td><b>ZERTIFIZIERUNG<\/b><\/td>\n<td><\/td>\n<td><\/td>\n<td>\n<div>EN\/LTF<\/div>\n<\/td>\n<td>\n<div>EN\/LTF<\/div>\n<\/td>\n<\/tr>\n<\/tbody>\n<\/table>\n<\/div>\n<\/div>\n<p>Mehr<a href=\"https:\/\/niviuk.com\/de\/sherlock\" target=\"_blank\" rel=\"noopener noreferrer\"> Infos<\/a><\/p>\n<p>Falls dieser Artikel nicht an Lager ist, wird er f\u00fcr dich bestellt. Lieferfrist auf Anfrage.<\/p>\n","protected":false},"featured_media":14864,"comment_status":"closed","ping_status":"closed","template":"","meta":[],"product_brand":[],"product_cat":[937],"product_tag":[1000,90],"class_list":{"0":"post-14861","1":"product","2":"type-product","3":"status-publish","4":"has-post-thumbnail","6":"product_cat-gleitschirm-sitzgurtzeuge","7":"product_tag-sitzgurtzeug","8":"product_tag-verkaufsartikel","9":"product_shipping_class-priority-10kg-de","11":"first","12":"instock","13":"sale","14":"shipping-taxable","15":"purchasable","16":"product-type-variable"},"yoast_head":"<!-- This site is optimized with the Yoast SEO Premium plugin v26.1 (Yoast SEO v27.3) - https:\/\/yoast.com\/product\/yoast-seo-premium-wordpress\/ -->\n<title>Niviuk Sherlock (Pilot) | Gleitschirmschule Thun, Bern, Interlaken<\/title>\n<meta name=\"description\" content=\"EIN PROFESSIONELLER PARTNER Pilot und Passagier vereint die gleiche Leidenschaft: Fliegen. Jetzt noch einfacher mit unseren neuen Tandemgutzeugen: das Sherlock f\u00fcr den professionellen Tandempiloten und das\u00a0Watson 2\u00a0f\u00fcr den Passagier. Ergonomisch und super komfortabel, die perfekte Kombination f\u00fcr den Fluggenu\u00df zu zweit. Unverzichtbar, mein lieber Pilot! Das\u00a0Sherlock ist unser neues Tandemgurtzeug f\u00fcr den Piloten. Mit geteilten Beingurten ist es einfach in der Handhabung, komfortabel und langlebig. Es bietet zudem zwei Protektoroptionen, einen vorgef\u00fcllten Airbag oder Schaumstoff, je nach Pr\u00e4ferenz des Piloten. Ideal auch f\u00fcr lange Tandemfl\u00fcge. Tandem Profis. Das Sherlock ist f\u00fcr den t\u00e4glichen Einsatz von professionellen Tandem-Piloten konzipiert. Hoher Sitzkomfort, einfach Handhabung und \u00e4u\u00dferst robust. Der perfekte Partner zum Passagiergurtzeug Watson 2.\" \/>\n<meta name=\"robots\" content=\"index, follow, max-snippet:-1, max-image-preview:large, max-video-preview:-1\" \/>\n<link rel=\"canonical\" href=\"https:\/\/swissgliders.ch\/de\/produkt\/niviuk-sherlock-pilot\/\" \/>\n<meta property=\"og:locale\" content=\"de_DE\" \/>\n<meta property=\"og:type\" content=\"article\" \/>\n<meta property=\"og:title\" content=\"Niviuk Sherlock (Pilot)\" \/>\n<meta property=\"og:description\" content=\"EIN PROFESSIONELLER PARTNER Pilot und Passagier vereint die gleiche Leidenschaft: Fliegen. Jetzt noch einfacher mit unseren neuen Tandemgutzeugen: das Sherlock f\u00fcr den professionellen Tandempiloten und das\u00a0Watson 2\u00a0f\u00fcr den Passagier. Ergonomisch und super komfortabel, die perfekte Kombination f\u00fcr den Fluggenu\u00df zu zweit. Unverzichtbar, mein lieber Pilot! Das\u00a0Sherlock ist unser neues Tandemgurtzeug f\u00fcr den Piloten. Mit geteilten Beingurten ist es einfach in der Handhabung, komfortabel und langlebig. Es bietet zudem zwei Protektoroptionen, einen vorgef\u00fcllten Airbag oder Schaumstoff, je nach Pr\u00e4ferenz des Piloten. Ideal auch f\u00fcr lange Tandemfl\u00fcge. Tandem Profis. Das Sherlock ist f\u00fcr den t\u00e4glichen Einsatz von professionellen Tandem-Piloten konzipiert. Hoher Sitzkomfort, einfach Handhabung und \u00e4u\u00dferst robust. Der perfekte Partner zum Passagiergurtzeug Watson 2.\" \/>\n<meta property=\"og:url\" content=\"https:\/\/swissgliders.ch\/de\/produkt\/niviuk-sherlock-pilot\/\" \/>\n<meta property=\"og:site_name\" content=\"Gleitschirmschule Thun, Bern, Interlaken\" \/>\n<meta property=\"article:publisher\" content=\"https:\/\/www.facebook.com\/swissgliders\" \/>\n<meta property=\"article:modified_time\" content=\"2024-10-01T07:49:45+00:00\" \/>\n<meta property=\"og:image\" content=\"https:\/\/swissgliders.ch\/wp-content\/uploads\/2024\/10\/Niviuk_Gurtzeug_Sherlock-1.jpg\" \/>\n\t<meta property=\"og:image:width\" content=\"2053\" \/>\n\t<meta property=\"og:image:height\" content=\"1199\" \/>\n\t<meta property=\"og:image:type\" content=\"image\/jpeg\" \/>\n<meta name=\"twitter:card\" content=\"summary_large_image\" \/>\n<meta name=\"twitter:site\" content=\"@Swissgliders\" \/>\n<meta name=\"twitter:label1\" content=\"Verf\u00fcgbarkeit\" \/>\n\t<meta name=\"twitter:data1\" content=\"Auf Lager\" \/>\n<script type=\"application\/ld+json\" class=\"yoast-schema-graph\">{\"@context\":\"https:\\\/\\\/schema.org\",\"@graph\":[{\"@type\":\"WebPage\",\"@id\":\"https:\\\/\\\/swissgliders.ch\\\/de\\\/produkt\\\/niviuk-sherlock-pilot\\\/\",\"url\":\"https:\\\/\\\/swissgliders.ch\\\/de\\\/produkt\\\/niviuk-sherlock-pilot\\\/\",\"name\":\"Niviuk Sherlock (Pilot) | Gleitschirmschule Thun, Bern, Interlaken\",\"isPartOf\":{\"@id\":\"https:\\\/\\\/swissgliders.ch\\\/de\\\/#website\"},\"primaryImageOfPage\":{\"@id\":\"https:\\\/\\\/swissgliders.ch\\\/de\\\/produkt\\\/niviuk-sherlock-pilot\\\/#primaryimage\"},\"image\":{\"@id\":\"https:\\\/\\\/swissgliders.ch\\\/de\\\/produkt\\\/niviuk-sherlock-pilot\\\/#primaryimage\"},\"thumbnailUrl\":\"https:\\\/\\\/swissgliders.ch\\\/wp-content\\\/uploads\\\/2024\\\/10\\\/Niviuk_Gurtzeug_Sherlock-1.jpg\",\"datePublished\":\"2024-10-01T07:27:26+00:00\",\"dateModified\":\"2024-10-01T07:49:45+00:00\",\"description\":\"EIN PROFESSIONELLER PARTNER Pilot und Passagier vereint die gleiche Leidenschaft: Fliegen. Jetzt noch einfacher mit unseren neuen Tandemgutzeugen: das Sherlock f\u00fcr den professionellen Tandempiloten und das\u00a0Watson 2\u00a0f\u00fcr den Passagier. Ergonomisch und super komfortabel, die perfekte Kombination f\u00fcr den Fluggenu\u00df zu zweit. Unverzichtbar, mein lieber Pilot! Das\u00a0Sherlock ist unser neues Tandemgurtzeug f\u00fcr den Piloten. Mit geteilten Beingurten ist es einfach in der Handhabung, komfortabel und langlebig. Es bietet zudem zwei Protektoroptionen, einen vorgef\u00fcllten Airbag oder Schaumstoff, je nach Pr\u00e4ferenz des Piloten. Ideal auch f\u00fcr lange Tandemfl\u00fcge. Tandem Profis. Das Sherlock ist f\u00fcr den t\u00e4glichen Einsatz von professionellen Tandem-Piloten konzipiert. Hoher Sitzkomfort, einfach Handhabung und \u00e4u\u00dferst robust. Der perfekte Partner zum Passagiergurtzeug Watson 2.\",\"breadcrumb\":{\"@id\":\"https:\\\/\\\/swissgliders.ch\\\/de\\\/produkt\\\/niviuk-sherlock-pilot\\\/#breadcrumb\"},\"inLanguage\":\"de\",\"potentialAction\":[{\"@type\":\"ReadAction\",\"target\":[\"https:\\\/\\\/swissgliders.ch\\\/de\\\/produkt\\\/niviuk-sherlock-pilot\\\/\"]}]},{\"@type\":\"ImageObject\",\"inLanguage\":\"de\",\"@id\":\"https:\\\/\\\/swissgliders.ch\\\/de\\\/produkt\\\/niviuk-sherlock-pilot\\\/#primaryimage\",\"url\":\"https:\\\/\\\/swissgliders.ch\\\/wp-content\\\/uploads\\\/2024\\\/10\\\/Niviuk_Gurtzeug_Sherlock-1.jpg\",\"contentUrl\":\"https:\\\/\\\/swissgliders.ch\\\/wp-content\\\/uploads\\\/2024\\\/10\\\/Niviuk_Gurtzeug_Sherlock-1.jpg\",\"width\":2053,\"height\":1199,\"caption\":\"Niviuk_Gurtzeug_Sherlock-1\"},{\"@type\":\"BreadcrumbList\",\"@id\":\"https:\\\/\\\/swissgliders.ch\\\/de\\\/produkt\\\/niviuk-sherlock-pilot\\\/#breadcrumb\",\"itemListElement\":[{\"@type\":\"ListItem\",\"position\":1,\"name\":\"Startseite\",\"item\":\"https:\\\/\\\/swissgliders.ch\\\/de\\\/willkommen\\\/\"},{\"@type\":\"ListItem\",\"position\":2,\"name\":\"Gleitschirm Shop\",\"item\":\"https:\\\/\\\/swissgliders.ch\\\/de\\\/gleitschirm-shop\\\/\"},{\"@type\":\"ListItem\",\"position\":3,\"name\":\"Niviuk Sherlock (Pilot)\"}]},{\"@type\":\"WebSite\",\"@id\":\"https:\\\/\\\/swissgliders.ch\\\/de\\\/#website\",\"url\":\"https:\\\/\\\/swissgliders.ch\\\/de\\\/\",\"name\":\"Gleitschirmschule Thun, Bern, Interlaken\",\"description\":\"Gleitschirmschule Thun, Bern, Interlaken\",\"publisher\":{\"@id\":\"https:\\\/\\\/swissgliders.ch\\\/de\\\/#organization\"},\"potentialAction\":[{\"@type\":\"SearchAction\",\"target\":{\"@type\":\"EntryPoint\",\"urlTemplate\":\"https:\\\/\\\/swissgliders.ch\\\/de\\\/?s={search_term_string}\"},\"query-input\":{\"@type\":\"PropertyValueSpecification\",\"valueRequired\":true,\"valueName\":\"search_term_string\"}}],\"inLanguage\":\"de\"},{\"@type\":\"Organization\",\"@id\":\"https:\\\/\\\/swissgliders.ch\\\/de\\\/#organization\",\"name\":\"Swissgliders Gleitschirmflugschule Thun\",\"url\":\"https:\\\/\\\/swissgliders.ch\\\/de\\\/\",\"logo\":{\"@type\":\"ImageObject\",\"inLanguage\":\"de\",\"@id\":\"https:\\\/\\\/swissgliders.ch\\\/de\\\/#\\\/schema\\\/logo\\\/image\\\/\",\"url\":\"https:\\\/\\\/swissgliders.ch\\\/wp-content\\\/uploads\\\/2019\\\/12\\\/swissgliders-logo-rgb-square-L-no-ch-01.png\",\"contentUrl\":\"https:\\\/\\\/swissgliders.ch\\\/wp-content\\\/uploads\\\/2019\\\/12\\\/swissgliders-logo-rgb-square-L-no-ch-01.png\",\"width\":2500,\"height\":2500,\"caption\":\"Swissgliders Gleitschirmflugschule Thun\"},\"image\":{\"@id\":\"https:\\\/\\\/swissgliders.ch\\\/de\\\/#\\\/schema\\\/logo\\\/image\\\/\"},\"sameAs\":[\"https:\\\/\\\/www.facebook.com\\\/swissgliders\",\"https:\\\/\\\/x.com\\\/Swissgliders\",\"https:\\\/\\\/www.instagram.com\\\/swissgliders\\\/\",\"https:\\\/\\\/www.youtube.com\\\/channel\\\/UCMCtGdepy9vBhrhX3V_oJOA\"],\"hasMerchantReturnPolicy\":{\"@type\":\"MerchantReturnPolicy\",\"merchantReturnLink\":\"https:\\\/\\\/swissgliders.ch\\\/de\\\/allgemeine-geschaftsbedingungen\\\/\"}}]}<\/script>\n<meta property=\"og:availability\" content=\"instock\" \/>\n<meta property=\"product:availability\" content=\"instock\" \/>\n<meta property=\"product:condition\" content=\"new\" \/>\n<!-- \/ Yoast SEO Premium plugin. -->","yoast_head_json":{"title":"Niviuk Sherlock (Pilot) | Gleitschirmschule Thun, Bern, Interlaken","description":"EIN PROFESSIONELLER PARTNER Pilot und Passagier vereint die gleiche Leidenschaft: Fliegen. Jetzt noch einfacher mit unseren neuen Tandemgutzeugen: das Sherlock f\u00fcr den professionellen Tandempiloten und das\u00a0Watson 2\u00a0f\u00fcr den Passagier. Ergonomisch und super komfortabel, die perfekte Kombination f\u00fcr den Fluggenu\u00df zu zweit. Unverzichtbar, mein lieber Pilot! Das\u00a0Sherlock ist unser neues Tandemgurtzeug f\u00fcr den Piloten. Mit geteilten Beingurten ist es einfach in der Handhabung, komfortabel und langlebig. Es bietet zudem zwei Protektoroptionen, einen vorgef\u00fcllten Airbag oder Schaumstoff, je nach Pr\u00e4ferenz des Piloten. Ideal auch f\u00fcr lange Tandemfl\u00fcge. Tandem Profis. Das Sherlock ist f\u00fcr den t\u00e4glichen Einsatz von professionellen Tandem-Piloten konzipiert. Hoher Sitzkomfort, einfach Handhabung und \u00e4u\u00dferst robust. Der perfekte Partner zum Passagiergurtzeug Watson 2.","robots":{"index":"index","follow":"follow","max-snippet":"max-snippet:-1","max-image-preview":"max-image-preview:large","max-video-preview":"max-video-preview:-1"},"canonical":"https:\/\/swissgliders.ch\/de\/produkt\/niviuk-sherlock-pilot\/","og_locale":"de_DE","og_type":"article","og_title":"Niviuk Sherlock (Pilot)","og_description":"EIN PROFESSIONELLER PARTNER Pilot und Passagier vereint die gleiche Leidenschaft: Fliegen. Jetzt noch einfacher mit unseren neuen Tandemgutzeugen: das Sherlock f\u00fcr den professionellen Tandempiloten und das\u00a0Watson 2\u00a0f\u00fcr den Passagier. Ergonomisch und super komfortabel, die perfekte Kombination f\u00fcr den Fluggenu\u00df zu zweit. Unverzichtbar, mein lieber Pilot! Das\u00a0Sherlock ist unser neues Tandemgurtzeug f\u00fcr den Piloten. Mit geteilten Beingurten ist es einfach in der Handhabung, komfortabel und langlebig. Es bietet zudem zwei Protektoroptionen, einen vorgef\u00fcllten Airbag oder Schaumstoff, je nach Pr\u00e4ferenz des Piloten. Ideal auch f\u00fcr lange Tandemfl\u00fcge. Tandem Profis. Das Sherlock ist f\u00fcr den t\u00e4glichen Einsatz von professionellen Tandem-Piloten konzipiert. Hoher Sitzkomfort, einfach Handhabung und \u00e4u\u00dferst robust. Der perfekte Partner zum Passagiergurtzeug Watson 2.","og_url":"https:\/\/swissgliders.ch\/de\/produkt\/niviuk-sherlock-pilot\/","og_site_name":"Gleitschirmschule Thun, Bern, Interlaken","article_publisher":"https:\/\/www.facebook.com\/swissgliders","article_modified_time":"2024-10-01T07:49:45+00:00","og_image":[{"width":2053,"height":1199,"url":"https:\/\/swissgliders.ch\/wp-content\/uploads\/2024\/10\/Niviuk_Gurtzeug_Sherlock-1.jpg","type":"image\/jpeg"}],"twitter_card":"summary_large_image","twitter_site":"@Swissgliders","twitter_misc":{"Verf\u00fcgbarkeit":"Auf Lager"},"schema":{"@context":"https:\/\/schema.org","@graph":[{"@type":"WebPage","@id":"https:\/\/swissgliders.ch\/de\/produkt\/niviuk-sherlock-pilot\/","url":"https:\/\/swissgliders.ch\/de\/produkt\/niviuk-sherlock-pilot\/","name":"Niviuk Sherlock (Pilot) | Gleitschirmschule Thun, Bern, Interlaken","isPartOf":{"@id":"https:\/\/swissgliders.ch\/de\/#website"},"primaryImageOfPage":{"@id":"https:\/\/swissgliders.ch\/de\/produkt\/niviuk-sherlock-pilot\/#primaryimage"},"image":{"@id":"https:\/\/swissgliders.ch\/de\/produkt\/niviuk-sherlock-pilot\/#primaryimage"},"thumbnailUrl":"https:\/\/swissgliders.ch\/wp-content\/uploads\/2024\/10\/Niviuk_Gurtzeug_Sherlock-1.jpg","datePublished":"2024-10-01T07:27:26+00:00","dateModified":"2024-10-01T07:49:45+00:00","description":"EIN PROFESSIONELLER PARTNER Pilot und Passagier vereint die gleiche Leidenschaft: Fliegen. Jetzt noch einfacher mit unseren neuen Tandemgutzeugen: das Sherlock f\u00fcr den professionellen Tandempiloten und das\u00a0Watson 2\u00a0f\u00fcr den Passagier. Ergonomisch und super komfortabel, die perfekte Kombination f\u00fcr den Fluggenu\u00df zu zweit. Unverzichtbar, mein lieber Pilot! Das\u00a0Sherlock ist unser neues Tandemgurtzeug f\u00fcr den Piloten. Mit geteilten Beingurten ist es einfach in der Handhabung, komfortabel und langlebig. Es bietet zudem zwei Protektoroptionen, einen vorgef\u00fcllten Airbag oder Schaumstoff, je nach Pr\u00e4ferenz des Piloten. Ideal auch f\u00fcr lange Tandemfl\u00fcge. Tandem Profis. Das Sherlock ist f\u00fcr den t\u00e4glichen Einsatz von professionellen Tandem-Piloten konzipiert. Hoher Sitzkomfort, einfach Handhabung und \u00e4u\u00dferst robust. Der perfekte Partner zum Passagiergurtzeug Watson 2.","breadcrumb":{"@id":"https:\/\/swissgliders.ch\/de\/produkt\/niviuk-sherlock-pilot\/#breadcrumb"},"inLanguage":"de","potentialAction":[{"@type":"ReadAction","target":["https:\/\/swissgliders.ch\/de\/produkt\/niviuk-sherlock-pilot\/"]}]},{"@type":"ImageObject","inLanguage":"de","@id":"https:\/\/swissgliders.ch\/de\/produkt\/niviuk-sherlock-pilot\/#primaryimage","url":"https:\/\/swissgliders.ch\/wp-content\/uploads\/2024\/10\/Niviuk_Gurtzeug_Sherlock-1.jpg","contentUrl":"https:\/\/swissgliders.ch\/wp-content\/uploads\/2024\/10\/Niviuk_Gurtzeug_Sherlock-1.jpg","width":2053,"height":1199,"caption":"Niviuk_Gurtzeug_Sherlock-1"},{"@type":"BreadcrumbList","@id":"https:\/\/swissgliders.ch\/de\/produkt\/niviuk-sherlock-pilot\/#breadcrumb","itemListElement":[{"@type":"ListItem","position":1,"name":"Startseite","item":"https:\/\/swissgliders.ch\/de\/willkommen\/"},{"@type":"ListItem","position":2,"name":"Gleitschirm Shop","item":"https:\/\/swissgliders.ch\/de\/gleitschirm-shop\/"},{"@type":"ListItem","position":3,"name":"Niviuk Sherlock (Pilot)"}]},{"@type":"WebSite","@id":"https:\/\/swissgliders.ch\/de\/#website","url":"https:\/\/swissgliders.ch\/de\/","name":"Gleitschirmschule Thun, Bern, Interlaken","description":"Gleitschirmschule Thun, Bern, Interlaken","publisher":{"@id":"https:\/\/swissgliders.ch\/de\/#organization"},"potentialAction":[{"@type":"SearchAction","target":{"@type":"EntryPoint","urlTemplate":"https:\/\/swissgliders.ch\/de\/?s={search_term_string}"},"query-input":{"@type":"PropertyValueSpecification","valueRequired":true,"valueName":"search_term_string"}}],"inLanguage":"de"},{"@type":"Organization","@id":"https:\/\/swissgliders.ch\/de\/#organization","name":"Swissgliders Gleitschirmflugschule Thun","url":"https:\/\/swissgliders.ch\/de\/","logo":{"@type":"ImageObject","inLanguage":"de","@id":"https:\/\/swissgliders.ch\/de\/#\/schema\/logo\/image\/","url":"https:\/\/swissgliders.ch\/wp-content\/uploads\/2019\/12\/swissgliders-logo-rgb-square-L-no-ch-01.png","contentUrl":"https:\/\/swissgliders.ch\/wp-content\/uploads\/2019\/12\/swissgliders-logo-rgb-square-L-no-ch-01.png","width":2500,"height":2500,"caption":"Swissgliders Gleitschirmflugschule Thun"},"image":{"@id":"https:\/\/swissgliders.ch\/de\/#\/schema\/logo\/image\/"},"sameAs":["https:\/\/www.facebook.com\/swissgliders","https:\/\/x.com\/Swissgliders","https:\/\/www.instagram.com\/swissgliders\/","https:\/\/www.youtube.com\/channel\/UCMCtGdepy9vBhrhX3V_oJOA"],"hasMerchantReturnPolicy":{"@type":"MerchantReturnPolicy","merchantReturnLink":"https:\/\/swissgliders.ch\/de\/allgemeine-geschaftsbedingungen\/"}}]},"og_availability":"instock","product_availability":"instock","product_condition":"new"},"_links":{"self":[{"href":"https:\/\/swissgliders.ch\/de\/wp-json\/wp\/v2\/product\/14861","targetHints":{"allow":["GET"]}}],"collection":[{"href":"https:\/\/swissgliders.ch\/de\/wp-json\/wp\/v2\/product"}],"about":[{"href":"https:\/\/swissgliders.ch\/de\/wp-json\/wp\/v2\/types\/product"}],"replies":[{"embeddable":true,"href":"https:\/\/swissgliders.ch\/de\/wp-json\/wp\/v2\/comments?post=14861"}],"wp:featuredmedia":[{"embeddable":true,"href":"https:\/\/swissgliders.ch\/de\/wp-json\/wp\/v2\/media\/14864"}],"wp:attachment":[{"href":"https:\/\/swissgliders.ch\/de\/wp-json\/wp\/v2\/media?parent=14861"}],"wp:term":[{"taxonomy":"product_brand","embeddable":true,"href":"https:\/\/swissgliders.ch\/de\/wp-json\/wp\/v2\/product_brand?post=14861"},{"taxonomy":"product_cat","embeddable":true,"href":"https:\/\/swissgliders.ch\/de\/wp-json\/wp\/v2\/product_cat?post=14861"},{"taxonomy":"product_tag","embeddable":true,"href":"https:\/\/swissgliders.ch\/de\/wp-json\/wp\/v2\/product_tag?post=14861"}],"curies":[{"name":"wp","href":"https:\/\/api.w.org\/{rel}","templated":true}]}}