{"id":14884,"date":"2024-10-03T10:02:20","date_gmt":"2024-10-03T09:02:20","guid":{"rendered":"https:\/\/swissgliders.ch\/?post_type=product&#038;p=14884"},"modified":"2025-09-21T16:38:33","modified_gmt":"2025-09-21T15:38:33","slug":"supair-helm-pilot","status":"publish","type":"product","link":"https:\/\/swissgliders.ch\/de\/produkt\/supair-helm-pilot\/","title":{"rendered":"Supair Helm Pilot"},"content":{"rendered":"<div class=\"et_pb_module et_pb_text et_pb_text_0 et_pb_bg_layout_light et_pb_text_align_left\">\n<div class=\"et_pb_text_inner\">\n<h3 class=\"product_title entry-title\">HELM PILOT<\/h3>\n<h4 class=\"baseline as_h3\">Der Gleitschirmhelm par excellence<\/h4>\n<p><img loading=\"lazy\" decoding=\"async\" class=\"\" src=\"https:\/\/th.bing.com\/th\/id\/OIP.Flrn77-R0bvEnQC7YQZrMAHaHa?rs=1&amp;pid=ImgDetMain\" alt=\"Supair Pilot Helmet. The reference. Light and comfortable :: GlidePro ...\" width=\"318\" height=\"318\" \/><\/p>\n<p>Der Helm PILOT wurde von SUPAIR f\u00fcrs Gleitschirmfliegen entwickelt. Er ist modern, bequem und sehr leicht.<\/p>\n<p>Mit seinen 380 g ist er wahrscheinlich der leichteste Gleitschirm-Helm auf dem Markt. Der Komfort wird sowohl durch das geringe Gewicht des Helm als auch durch die Schaumstoffpolsterung im Kopfbereich und im Boden erreicht.<\/p>\n<p>Ausgestattet mit einem ausgezeichneten Sichtfeld ist der PILOT ein Helm, der es versteht, nicht aufdringlich zu sein.<\/p>\n<p>Das Drehrad ist sehr effektiv und erm\u00f6glicht es, den Kopfumfang an den des Piloten anzupassen. Dank seiner einteiligen Konstruktion mit Einstellung-Drehrad, kann seine Einheitsgr\u00f6\u00dfe einen Gr\u00f6\u00dfenbereich von 54 bis 59 cm abdecken! Die Bel\u00fcftung erfolgt \u00fcber einen internen Luftkreislauf mit Lufteinlass an der Au\u00dfenseite. Der Verschluss des Kinnriemens erfolgt \u00fcber eine automatische Schlie\u00dfe, die mit einer Ratsche pr\u00e4zise eingestellt werden kann. Das \u00d6ffnen ist intuitiv und auch mit Handschuhen leicht m\u00f6glich.<\/p>\n<p>Die Ohrmuscheln sind abnehmbar, ebenso wie der innere Komfortschaum f\u00fcr eine einfache Pflege und Reinigung.<\/p>\n<p>Die Flughelme PILOT erf\u00fcllen die Anforderungen der europ\u00e4ischen Norm EN966: 2012 + A1: 2012 und\u00a0entsprechen der EU-Verordnung 2016\/425 \u00fcber pers\u00f6nliche Schutzausr\u00fcstungen Kat 2.<\/p>\n<div class=\"selecteur_element\">\n<div><\/div>\n<p class=\"titre_element as_h3\"><strong>BESCHREIBUNG<\/strong><\/p>\n<\/div>\n<div class=\"contenu_element\">\n<div class=\"global_content\">\n<ul>\n<li>14 Lufteinl\u00e4sse<\/li>\n<li>Verschluss durch Schliessen des automatischen Zahhnverschlusses<\/li>\n<li>R\u00e4dchen zur Einstellung<\/li>\n<li>Abnehmbare Ohrmuscheln<\/li>\n<li>Befestigung zur Benutzung mit Skibrille<\/li>\n<\/ul>\n<div class=\"selecteur_element\">\n<p class=\"titre_element as_h3\"><strong>MATERIALIEN<\/strong><\/p>\n<\/div>\n<div class=\"contenu_element\">\n<div class=\"global_content\">\n<ul>\n<li>In-Mold-Technologie<\/li>\n<\/ul>\n<div class=\"selecteur_element\">\n<p class=\"titre_element as_h3\"><strong>ZULASSUNG<\/strong><\/p>\n<\/div>\n<div class=\"contenu_element\">\n<div class=\"global_content\">\n<ul>\n<li>Europ\u00e4ische Norm EN966: 2012 &amp; A1: 2012<\/li>\n<li>Europ\u00e4ische Richtlinie EU\/89\/686\/EWG<\/li>\n<\/ul>\n<p class=\"titre_element as_h3\"><strong>GR\u00d6SSE:<\/strong><\/p>\n<p>Verstellbare Gr\u00f6\u00dfe: 54 bis 59 cm.<br \/>\nGewicht: 380g<\/p>\n<h3><\/h3>\n<h3>TECHNOLOGIE<\/h3>\n<p>Die In-Mold-Konstruktion ist ein Herstellungsverfahren, das auf der Verschmelzung einer Polycarbonatschale au\u00dfen mit einem EPS*-Schaumstoff im Inneren von Helm basiert.<br \/>\nDiese Konstruktionsmethode bietet ein optimales Gleichgewicht zwischen Schutz und geringem Gewicht.<\/p>\n<p>(*Expandiertes Polystyrol)<\/p>\n<\/div>\n<\/div>\n<\/div>\n<\/div>\n<\/div>\n<\/div>\n<\/div>\n<\/div>\n<p>&nbsp;<\/p>\n<p>Mehr <a href=\"https:\/\/supair.com\/de\/produit\/casque-supair-pilot\/\" target=\"_blank\" rel=\"noopener noreferrer\">Infos<\/a><\/p>\n<p>Falls dieser Artikel nicht an Lager ist, wird er f\u00fcr dich bestellt. Lieferfrist auf Anfrage.<\/p>\n","protected":false},"excerpt":{"rendered":"<div class=\"et_pb_module et_pb_text et_pb_text_0 et_pb_bg_layout_light et_pb_text_align_left\">\n<div class=\"et_pb_text_inner\">\n<h3 class=\"product_title entry-title\">HELM PILOT<\/h3>\n<h4 class=\"baseline as_h3\">Der Gleitschirmhelm par excellence<\/h4>\n<p><img loading=\"lazy\" decoding=\"async\" class=\"\" src=\"https:\/\/th.bing.com\/th\/id\/OIP.Flrn77-R0bvEnQC7YQZrMAHaHa?rs=1&amp;pid=ImgDetMain\" alt=\"Supair Pilot Helmet. The reference. Light and comfortable :: GlidePro ...\" width=\"318\" height=\"318\" \/><\/p>\n<p>Der Helm PILOT wurde von SUPAIR f\u00fcrs Gleitschirmfliegen entwickelt. Er ist modern, bequem und sehr leicht.<\/p>\n<p>Mit seinen 380 g ist er wahrscheinlich der leichteste Gleitschirm-Helm auf dem Markt. Der Komfort wird sowohl durch das geringe Gewicht des Helm als auch durch die Schaumstoffpolsterung im Kopfbereich und im Boden erreicht.<\/p>\n<p>Ausgestattet mit einem ausgezeichneten Sichtfeld ist der PILOT ein Helm, der es versteht, nicht aufdringlich zu sein.<\/p>\n<p>Das Drehrad ist sehr effektiv und erm\u00f6glicht es, den Kopfumfang an den des Piloten anzupassen. Dank seiner einteiligen Konstruktion mit Einstellung-Drehrad, kann seine Einheitsgr\u00f6\u00dfe einen Gr\u00f6\u00dfenbereich von 54 bis 59 cm abdecken! Die Bel\u00fcftung erfolgt \u00fcber einen internen Luftkreislauf mit Lufteinlass an der Au\u00dfenseite. Der Verschluss des Kinnriemens erfolgt \u00fcber eine automatische Schlie\u00dfe, die mit einer Ratsche pr\u00e4zise eingestellt werden kann. Das \u00d6ffnen ist intuitiv und auch mit Handschuhen leicht m\u00f6glich.<\/p>\n<p>Die Ohrmuscheln sind abnehmbar, ebenso wie der innere Komfortschaum f\u00fcr eine einfache Pflege und Reinigung.<\/p>\n<p>Die Flughelme PILOT erf\u00fcllen die Anforderungen der europ\u00e4ischen Norm EN966: 2012 + A1: 2012 und\u00a0entsprechen der EU-Verordnung 2016\/425 \u00fcber pers\u00f6nliche Schutzausr\u00fcstungen Kat 2.<\/p>\n<div class=\"selecteur_element\">\n<div><\/div>\n<p class=\"titre_element as_h3\"><strong>BESCHREIBUNG<\/strong><\/p>\n<\/div>\n<div class=\"contenu_element\">\n<div class=\"global_content\">\n<ul>\n<li>14 Lufteinl\u00e4sse<\/li>\n<li>Verschluss durch Schliessen des automatischen Zahhnverschlusses<\/li>\n<li>R\u00e4dchen zur Einstellung<\/li>\n<li>Abnehmbare Ohrmuscheln<\/li>\n<li>Befestigung zur Benutzung mit Skibrille<\/li>\n<\/ul>\n<div class=\"selecteur_element\">\n<p class=\"titre_element as_h3\"><strong>MATERIALIEN<\/strong><\/p>\n<\/div>\n<div class=\"contenu_element\">\n<div class=\"global_content\">\n<ul>\n<li>In-Mold-Technologie<\/li>\n<\/ul>\n<div class=\"selecteur_element\">\n<p class=\"titre_element as_h3\"><strong>ZULASSUNG<\/strong><\/p>\n<\/div>\n<div class=\"contenu_element\">\n<div class=\"global_content\">\n<ul>\n<li>Europ\u00e4ische Norm EN966: 2012 &amp; A1: 2012<\/li>\n<li>Europ\u00e4ische Richtlinie EU\/89\/686\/EWG<\/li>\n<\/ul>\n<p class=\"titre_element as_h3\"><strong>GR\u00d6SSE:<\/strong><\/p>\n<p>Verstellbare Gr\u00f6\u00dfe: 54 bis 59 cm.<br \/>\nGewicht: 380g<\/p>\n<h3><\/h3>\n<h3>TECHNOLOGIE<\/h3>\n<p>Die In-Mold-Konstruktion ist ein Herstellungsverfahren, das auf der Verschmelzung einer Polycarbonatschale au\u00dfen mit einem EPS*-Schaumstoff im Inneren von Helm basiert.<br \/>\nDiese Konstruktionsmethode bietet ein optimales Gleichgewicht zwischen Schutz und geringem Gewicht.<\/p>\n<p>(*Expandiertes Polystyrol)<\/p>\n<\/div>\n<\/div>\n<\/div>\n<\/div>\n<\/div>\n<\/div>\n<\/div>\n<\/div>\n<p>&nbsp;<\/p>\n<p>Mehr <a href=\"https:\/\/supair.com\/de\/produit\/casque-supair-pilot\/\" target=\"_blank\" rel=\"noopener noreferrer\">Infos<\/a><\/p>\n<p>Falls dieser Artikel nicht an Lager ist, wird er f\u00fcr dich bestellt. Lieferfrist auf Anfrage.<\/p>\n","protected":false},"featured_media":14907,"comment_status":"closed","ping_status":"closed","template":"","meta":[],"product_brand":[2640],"product_cat":[1465,402],"product_tag":[1471,410],"class_list":{"0":"post-14884","1":"product","2":"type-product","3":"status-publish","4":"has-post-thumbnail","6":"product_brand-supair","7":"product_cat-gleitschirm-helme","8":"product_cat-gleitschirm-zubehoer","9":"product_tag-helm","10":"product_tag-zubehoer","11":"product_shipping_class-priority-2kg-de","13":"first","14":"instock","15":"shipping-taxable","16":"purchasable","17":"product-type-variable"},"yoast_head":"<!-- This site is optimized with the Yoast SEO Premium plugin v26.1 (Yoast SEO v27.4) - https:\/\/yoast.com\/product\/yoast-seo-premium-wordpress\/ -->\n<title>Supair Helm Pilot | Gleitschirmschule Thun, Bern, Interlaken<\/title>\n<meta name=\"description\" content=\"Der Helm PILOT wurde von SUPAIR f\u00fcrs Gleitschirmfliegen entwickelt. Er ist modern, bequem und sehr leicht.Mit seinen 380 g ist er wahrscheinlich der leichteste Gleitschirm-Helm auf dem Markt. Der Komfort wird sowohl durch das geringe Gewicht des Helm als auch durch die Schaumstoffpolsterung im Kopfbereich und im Boden erreicht.Ausgestattet mit einem ausgezeichneten Sichtfeld ist der PILOT ein Helm, der es versteht, nicht aufdringlich zu sein.Das Drehrad ist sehr effektiv und erm\u00f6glicht es, den Kopfumfang an den des Piloten anzupassen. Dank seiner einteiligen Konstruktion mit Einstellung-Drehrad, kann seine Einheitsgr\u00f6\u00dfe einen Gr\u00f6\u00dfenbereich von 54 bis 59 cm abdecken! Die Bel\u00fcftung erfolgt \u00fcber einen internen Luftkreislauf mit Lufteinlass an der Au\u00dfenseite. Der Verschluss des Kinnriemens erfolgt \u00fcber eine automatische Schlie\u00dfe, die mit einer Ratsche pr\u00e4zise eingestellt werden kann. Das \u00d6ffnen ist intuitiv und auch mit Handschuhen leicht m\u00f6glich.\" \/>\n<meta name=\"robots\" content=\"index, follow, max-snippet:-1, max-image-preview:large, max-video-preview:-1\" \/>\n<link rel=\"canonical\" href=\"https:\/\/swissgliders.ch\/de\/produkt\/supair-helm-pilot\/\" \/>\n<meta property=\"og:locale\" content=\"de_DE\" \/>\n<meta property=\"og:type\" content=\"article\" \/>\n<meta property=\"og:title\" content=\"Supair Helm Pilot\" \/>\n<meta property=\"og:description\" content=\"Der Helm PILOT wurde von SUPAIR f\u00fcrs Gleitschirmfliegen entwickelt. Er ist modern, bequem und sehr leicht.Mit seinen 380 g ist er wahrscheinlich der leichteste Gleitschirm-Helm auf dem Markt. Der Komfort wird sowohl durch das geringe Gewicht des Helm als auch durch die Schaumstoffpolsterung im Kopfbereich und im Boden erreicht.Ausgestattet mit einem ausgezeichneten Sichtfeld ist der PILOT ein Helm, der es versteht, nicht aufdringlich zu sein.Das Drehrad ist sehr effektiv und erm\u00f6glicht es, den Kopfumfang an den des Piloten anzupassen. Dank seiner einteiligen Konstruktion mit Einstellung-Drehrad, kann seine Einheitsgr\u00f6\u00dfe einen Gr\u00f6\u00dfenbereich von 54 bis 59 cm abdecken! Die Bel\u00fcftung erfolgt \u00fcber einen internen Luftkreislauf mit Lufteinlass an der Au\u00dfenseite. Der Verschluss des Kinnriemens erfolgt \u00fcber eine automatische Schlie\u00dfe, die mit einer Ratsche pr\u00e4zise eingestellt werden kann. Das \u00d6ffnen ist intuitiv und auch mit Handschuhen leicht m\u00f6glich.\" \/>\n<meta property=\"og:url\" content=\"https:\/\/swissgliders.ch\/de\/produkt\/supair-helm-pilot\/\" \/>\n<meta property=\"og:site_name\" content=\"Gleitschirmschule Thun, Bern, Interlaken\" \/>\n<meta property=\"article:publisher\" content=\"https:\/\/www.facebook.com\/swissgliders\" \/>\n<meta property=\"article:modified_time\" content=\"2025-09-21T15:38:33+00:00\" \/>\n<meta property=\"og:image\" content=\"https:\/\/swissgliders.ch\/wp-content\/uploads\/2024\/10\/Supair_Helm_Pilot-1.jpg\" \/>\n\t<meta property=\"og:image:width\" content=\"1175\" \/>\n\t<meta property=\"og:image:height\" content=\"1036\" \/>\n\t<meta property=\"og:image:type\" content=\"image\/jpeg\" \/>\n<meta name=\"twitter:card\" content=\"summary_large_image\" \/>\n<meta name=\"twitter:site\" content=\"@Swissgliders\" \/>\n<meta name=\"twitter:label1\" content=\"Verf\u00fcgbarkeit\" \/>\n\t<meta name=\"twitter:data1\" content=\"Auf Lager\" \/>\n<script type=\"application\/ld+json\" class=\"yoast-schema-graph\">{\"@context\":\"https:\\\/\\\/schema.org\",\"@graph\":[{\"@type\":\"WebPage\",\"@id\":\"https:\\\/\\\/swissgliders.ch\\\/de\\\/produkt\\\/supair-helm-pilot\\\/\",\"url\":\"https:\\\/\\\/swissgliders.ch\\\/de\\\/produkt\\\/supair-helm-pilot\\\/\",\"name\":\"Supair Helm Pilot | Gleitschirmschule Thun, Bern, Interlaken\",\"isPartOf\":{\"@id\":\"https:\\\/\\\/swissgliders.ch\\\/de\\\/#website\"},\"primaryImageOfPage\":{\"@id\":\"https:\\\/\\\/swissgliders.ch\\\/de\\\/produkt\\\/supair-helm-pilot\\\/#primaryimage\"},\"image\":{\"@id\":\"https:\\\/\\\/swissgliders.ch\\\/de\\\/produkt\\\/supair-helm-pilot\\\/#primaryimage\"},\"thumbnailUrl\":\"https:\\\/\\\/swissgliders.ch\\\/wp-content\\\/uploads\\\/2024\\\/10\\\/Supair_Helm_Pilot-1.jpg\",\"datePublished\":\"2024-10-03T09:02:20+00:00\",\"dateModified\":\"2025-09-21T15:38:33+00:00\",\"description\":\"Der Helm PILOT wurde von SUPAIR f\u00fcrs Gleitschirmfliegen entwickelt. Er ist modern, bequem und sehr leicht.Mit seinen 380 g ist er wahrscheinlich der leichteste Gleitschirm-Helm auf dem Markt. Der Komfort wird sowohl durch das geringe Gewicht des Helm als auch durch die Schaumstoffpolsterung im Kopfbereich und im Boden erreicht.Ausgestattet mit einem ausgezeichneten Sichtfeld ist der PILOT ein Helm, der es versteht, nicht aufdringlich zu sein.Das Drehrad ist sehr effektiv und erm\u00f6glicht es, den Kopfumfang an den des Piloten anzupassen. Dank seiner einteiligen Konstruktion mit Einstellung-Drehrad, kann seine Einheitsgr\u00f6\u00dfe einen Gr\u00f6\u00dfenbereich von 54 bis 59 cm abdecken! Die Bel\u00fcftung erfolgt \u00fcber einen internen Luftkreislauf mit Lufteinlass an der Au\u00dfenseite. Der Verschluss des Kinnriemens erfolgt \u00fcber eine automatische Schlie\u00dfe, die mit einer Ratsche pr\u00e4zise eingestellt werden kann. Das \u00d6ffnen ist intuitiv und auch mit Handschuhen leicht m\u00f6glich.\",\"breadcrumb\":{\"@id\":\"https:\\\/\\\/swissgliders.ch\\\/de\\\/produkt\\\/supair-helm-pilot\\\/#breadcrumb\"},\"inLanguage\":\"de\",\"potentialAction\":[{\"@type\":\"ReadAction\",\"target\":[\"https:\\\/\\\/swissgliders.ch\\\/de\\\/produkt\\\/supair-helm-pilot\\\/\"]}]},{\"@type\":\"ImageObject\",\"inLanguage\":\"de\",\"@id\":\"https:\\\/\\\/swissgliders.ch\\\/de\\\/produkt\\\/supair-helm-pilot\\\/#primaryimage\",\"url\":\"https:\\\/\\\/swissgliders.ch\\\/wp-content\\\/uploads\\\/2024\\\/10\\\/Supair_Helm_Pilot-1.jpg\",\"contentUrl\":\"https:\\\/\\\/swissgliders.ch\\\/wp-content\\\/uploads\\\/2024\\\/10\\\/Supair_Helm_Pilot-1.jpg\",\"width\":1175,\"height\":1036,\"caption\":\"Supair_Helm_Pilot-1\"},{\"@type\":\"BreadcrumbList\",\"@id\":\"https:\\\/\\\/swissgliders.ch\\\/de\\\/produkt\\\/supair-helm-pilot\\\/#breadcrumb\",\"itemListElement\":[{\"@type\":\"ListItem\",\"position\":1,\"name\":\"Startseite\",\"item\":\"https:\\\/\\\/swissgliders.ch\\\/de\\\/willkommen\\\/\"},{\"@type\":\"ListItem\",\"position\":2,\"name\":\"Gleitschirm Shop\",\"item\":\"https:\\\/\\\/swissgliders.ch\\\/de\\\/gleitschirm-shop\\\/\"},{\"@type\":\"ListItem\",\"position\":3,\"name\":\"Supair Helm Pilot\"}]},{\"@type\":\"WebSite\",\"@id\":\"https:\\\/\\\/swissgliders.ch\\\/de\\\/#website\",\"url\":\"https:\\\/\\\/swissgliders.ch\\\/de\\\/\",\"name\":\"Gleitschirmschule Thun, Bern, Interlaken\",\"description\":\"Gleitschirmschule Thun, Bern, Interlaken\",\"publisher\":{\"@id\":\"https:\\\/\\\/swissgliders.ch\\\/de\\\/#organization\"},\"potentialAction\":[{\"@type\":\"SearchAction\",\"target\":{\"@type\":\"EntryPoint\",\"urlTemplate\":\"https:\\\/\\\/swissgliders.ch\\\/de\\\/?s={search_term_string}\"},\"query-input\":{\"@type\":\"PropertyValueSpecification\",\"valueRequired\":true,\"valueName\":\"search_term_string\"}}],\"inLanguage\":\"de\"},{\"@type\":\"Organization\",\"@id\":\"https:\\\/\\\/swissgliders.ch\\\/de\\\/#organization\",\"name\":\"Swissgliders Gleitschirmflugschule Thun\",\"url\":\"https:\\\/\\\/swissgliders.ch\\\/de\\\/\",\"logo\":{\"@type\":\"ImageObject\",\"inLanguage\":\"de\",\"@id\":\"https:\\\/\\\/swissgliders.ch\\\/de\\\/#\\\/schema\\\/logo\\\/image\\\/\",\"url\":\"https:\\\/\\\/swissgliders.ch\\\/wp-content\\\/uploads\\\/2019\\\/12\\\/swissgliders-logo-rgb-square-L-no-ch-01.png\",\"contentUrl\":\"https:\\\/\\\/swissgliders.ch\\\/wp-content\\\/uploads\\\/2019\\\/12\\\/swissgliders-logo-rgb-square-L-no-ch-01.png\",\"width\":2500,\"height\":2500,\"caption\":\"Swissgliders Gleitschirmflugschule Thun\"},\"image\":{\"@id\":\"https:\\\/\\\/swissgliders.ch\\\/de\\\/#\\\/schema\\\/logo\\\/image\\\/\"},\"sameAs\":[\"https:\\\/\\\/www.facebook.com\\\/swissgliders\",\"https:\\\/\\\/x.com\\\/Swissgliders\",\"https:\\\/\\\/www.instagram.com\\\/swissgliders\\\/\",\"https:\\\/\\\/www.youtube.com\\\/channel\\\/UCMCtGdepy9vBhrhX3V_oJOA\"],\"hasMerchantReturnPolicy\":{\"@type\":\"MerchantReturnPolicy\",\"merchantReturnLink\":\"https:\\\/\\\/swissgliders.ch\\\/de\\\/allgemeine-geschaftsbedingungen\\\/\"}}]}<\/script>\n<meta property=\"og:availability\" content=\"instock\" \/>\n<meta property=\"product:availability\" content=\"instock\" \/>\n<meta property=\"product:condition\" content=\"new\" \/>\n<!-- \/ Yoast SEO Premium plugin. -->","yoast_head_json":{"title":"Supair Helm Pilot | Gleitschirmschule Thun, Bern, Interlaken","description":"Der Helm PILOT wurde von SUPAIR f\u00fcrs Gleitschirmfliegen entwickelt. Er ist modern, bequem und sehr leicht.Mit seinen 380 g ist er wahrscheinlich der leichteste Gleitschirm-Helm auf dem Markt. Der Komfort wird sowohl durch das geringe Gewicht des Helm als auch durch die Schaumstoffpolsterung im Kopfbereich und im Boden erreicht.Ausgestattet mit einem ausgezeichneten Sichtfeld ist der PILOT ein Helm, der es versteht, nicht aufdringlich zu sein.Das Drehrad ist sehr effektiv und erm\u00f6glicht es, den Kopfumfang an den des Piloten anzupassen. Dank seiner einteiligen Konstruktion mit Einstellung-Drehrad, kann seine Einheitsgr\u00f6\u00dfe einen Gr\u00f6\u00dfenbereich von 54 bis 59 cm abdecken! Die Bel\u00fcftung erfolgt \u00fcber einen internen Luftkreislauf mit Lufteinlass an der Au\u00dfenseite. Der Verschluss des Kinnriemens erfolgt \u00fcber eine automatische Schlie\u00dfe, die mit einer Ratsche pr\u00e4zise eingestellt werden kann. Das \u00d6ffnen ist intuitiv und auch mit Handschuhen leicht m\u00f6glich.","robots":{"index":"index","follow":"follow","max-snippet":"max-snippet:-1","max-image-preview":"max-image-preview:large","max-video-preview":"max-video-preview:-1"},"canonical":"https:\/\/swissgliders.ch\/de\/produkt\/supair-helm-pilot\/","og_locale":"de_DE","og_type":"article","og_title":"Supair Helm Pilot","og_description":"Der Helm PILOT wurde von SUPAIR f\u00fcrs Gleitschirmfliegen entwickelt. Er ist modern, bequem und sehr leicht.Mit seinen 380 g ist er wahrscheinlich der leichteste Gleitschirm-Helm auf dem Markt. Der Komfort wird sowohl durch das geringe Gewicht des Helm als auch durch die Schaumstoffpolsterung im Kopfbereich und im Boden erreicht.Ausgestattet mit einem ausgezeichneten Sichtfeld ist der PILOT ein Helm, der es versteht, nicht aufdringlich zu sein.Das Drehrad ist sehr effektiv und erm\u00f6glicht es, den Kopfumfang an den des Piloten anzupassen. Dank seiner einteiligen Konstruktion mit Einstellung-Drehrad, kann seine Einheitsgr\u00f6\u00dfe einen Gr\u00f6\u00dfenbereich von 54 bis 59 cm abdecken! Die Bel\u00fcftung erfolgt \u00fcber einen internen Luftkreislauf mit Lufteinlass an der Au\u00dfenseite. Der Verschluss des Kinnriemens erfolgt \u00fcber eine automatische Schlie\u00dfe, die mit einer Ratsche pr\u00e4zise eingestellt werden kann. Das \u00d6ffnen ist intuitiv und auch mit Handschuhen leicht m\u00f6glich.","og_url":"https:\/\/swissgliders.ch\/de\/produkt\/supair-helm-pilot\/","og_site_name":"Gleitschirmschule Thun, Bern, Interlaken","article_publisher":"https:\/\/www.facebook.com\/swissgliders","article_modified_time":"2025-09-21T15:38:33+00:00","og_image":[{"width":1175,"height":1036,"url":"https:\/\/swissgliders.ch\/wp-content\/uploads\/2024\/10\/Supair_Helm_Pilot-1.jpg","type":"image\/jpeg"}],"twitter_card":"summary_large_image","twitter_site":"@Swissgliders","twitter_misc":{"Verf\u00fcgbarkeit":"Auf Lager"},"schema":{"@context":"https:\/\/schema.org","@graph":[{"@type":"WebPage","@id":"https:\/\/swissgliders.ch\/de\/produkt\/supair-helm-pilot\/","url":"https:\/\/swissgliders.ch\/de\/produkt\/supair-helm-pilot\/","name":"Supair Helm Pilot | Gleitschirmschule Thun, Bern, Interlaken","isPartOf":{"@id":"https:\/\/swissgliders.ch\/de\/#website"},"primaryImageOfPage":{"@id":"https:\/\/swissgliders.ch\/de\/produkt\/supair-helm-pilot\/#primaryimage"},"image":{"@id":"https:\/\/swissgliders.ch\/de\/produkt\/supair-helm-pilot\/#primaryimage"},"thumbnailUrl":"https:\/\/swissgliders.ch\/wp-content\/uploads\/2024\/10\/Supair_Helm_Pilot-1.jpg","datePublished":"2024-10-03T09:02:20+00:00","dateModified":"2025-09-21T15:38:33+00:00","description":"Der Helm PILOT wurde von SUPAIR f\u00fcrs Gleitschirmfliegen entwickelt. Er ist modern, bequem und sehr leicht.Mit seinen 380 g ist er wahrscheinlich der leichteste Gleitschirm-Helm auf dem Markt. Der Komfort wird sowohl durch das geringe Gewicht des Helm als auch durch die Schaumstoffpolsterung im Kopfbereich und im Boden erreicht.Ausgestattet mit einem ausgezeichneten Sichtfeld ist der PILOT ein Helm, der es versteht, nicht aufdringlich zu sein.Das Drehrad ist sehr effektiv und erm\u00f6glicht es, den Kopfumfang an den des Piloten anzupassen. Dank seiner einteiligen Konstruktion mit Einstellung-Drehrad, kann seine Einheitsgr\u00f6\u00dfe einen Gr\u00f6\u00dfenbereich von 54 bis 59 cm abdecken! Die Bel\u00fcftung erfolgt \u00fcber einen internen Luftkreislauf mit Lufteinlass an der Au\u00dfenseite. Der Verschluss des Kinnriemens erfolgt \u00fcber eine automatische Schlie\u00dfe, die mit einer Ratsche pr\u00e4zise eingestellt werden kann. Das \u00d6ffnen ist intuitiv und auch mit Handschuhen leicht m\u00f6glich.","breadcrumb":{"@id":"https:\/\/swissgliders.ch\/de\/produkt\/supair-helm-pilot\/#breadcrumb"},"inLanguage":"de","potentialAction":[{"@type":"ReadAction","target":["https:\/\/swissgliders.ch\/de\/produkt\/supair-helm-pilot\/"]}]},{"@type":"ImageObject","inLanguage":"de","@id":"https:\/\/swissgliders.ch\/de\/produkt\/supair-helm-pilot\/#primaryimage","url":"https:\/\/swissgliders.ch\/wp-content\/uploads\/2024\/10\/Supair_Helm_Pilot-1.jpg","contentUrl":"https:\/\/swissgliders.ch\/wp-content\/uploads\/2024\/10\/Supair_Helm_Pilot-1.jpg","width":1175,"height":1036,"caption":"Supair_Helm_Pilot-1"},{"@type":"BreadcrumbList","@id":"https:\/\/swissgliders.ch\/de\/produkt\/supair-helm-pilot\/#breadcrumb","itemListElement":[{"@type":"ListItem","position":1,"name":"Startseite","item":"https:\/\/swissgliders.ch\/de\/willkommen\/"},{"@type":"ListItem","position":2,"name":"Gleitschirm Shop","item":"https:\/\/swissgliders.ch\/de\/gleitschirm-shop\/"},{"@type":"ListItem","position":3,"name":"Supair Helm Pilot"}]},{"@type":"WebSite","@id":"https:\/\/swissgliders.ch\/de\/#website","url":"https:\/\/swissgliders.ch\/de\/","name":"Gleitschirmschule Thun, Bern, Interlaken","description":"Gleitschirmschule Thun, Bern, Interlaken","publisher":{"@id":"https:\/\/swissgliders.ch\/de\/#organization"},"potentialAction":[{"@type":"SearchAction","target":{"@type":"EntryPoint","urlTemplate":"https:\/\/swissgliders.ch\/de\/?s={search_term_string}"},"query-input":{"@type":"PropertyValueSpecification","valueRequired":true,"valueName":"search_term_string"}}],"inLanguage":"de"},{"@type":"Organization","@id":"https:\/\/swissgliders.ch\/de\/#organization","name":"Swissgliders Gleitschirmflugschule Thun","url":"https:\/\/swissgliders.ch\/de\/","logo":{"@type":"ImageObject","inLanguage":"de","@id":"https:\/\/swissgliders.ch\/de\/#\/schema\/logo\/image\/","url":"https:\/\/swissgliders.ch\/wp-content\/uploads\/2019\/12\/swissgliders-logo-rgb-square-L-no-ch-01.png","contentUrl":"https:\/\/swissgliders.ch\/wp-content\/uploads\/2019\/12\/swissgliders-logo-rgb-square-L-no-ch-01.png","width":2500,"height":2500,"caption":"Swissgliders Gleitschirmflugschule Thun"},"image":{"@id":"https:\/\/swissgliders.ch\/de\/#\/schema\/logo\/image\/"},"sameAs":["https:\/\/www.facebook.com\/swissgliders","https:\/\/x.com\/Swissgliders","https:\/\/www.instagram.com\/swissgliders\/","https:\/\/www.youtube.com\/channel\/UCMCtGdepy9vBhrhX3V_oJOA"],"hasMerchantReturnPolicy":{"@type":"MerchantReturnPolicy","merchantReturnLink":"https:\/\/swissgliders.ch\/de\/allgemeine-geschaftsbedingungen\/"}}]},"og_availability":"instock","product_availability":"instock","product_condition":"new"},"_links":{"self":[{"href":"https:\/\/swissgliders.ch\/de\/wp-json\/wp\/v2\/product\/14884","targetHints":{"allow":["GET"]}}],"collection":[{"href":"https:\/\/swissgliders.ch\/de\/wp-json\/wp\/v2\/product"}],"about":[{"href":"https:\/\/swissgliders.ch\/de\/wp-json\/wp\/v2\/types\/product"}],"replies":[{"embeddable":true,"href":"https:\/\/swissgliders.ch\/de\/wp-json\/wp\/v2\/comments?post=14884"}],"wp:featuredmedia":[{"embeddable":true,"href":"https:\/\/swissgliders.ch\/de\/wp-json\/wp\/v2\/media\/14907"}],"wp:attachment":[{"href":"https:\/\/swissgliders.ch\/de\/wp-json\/wp\/v2\/media?parent=14884"}],"wp:term":[{"taxonomy":"product_brand","embeddable":true,"href":"https:\/\/swissgliders.ch\/de\/wp-json\/wp\/v2\/product_brand?post=14884"},{"taxonomy":"product_cat","embeddable":true,"href":"https:\/\/swissgliders.ch\/de\/wp-json\/wp\/v2\/product_cat?post=14884"},{"taxonomy":"product_tag","embeddable":true,"href":"https:\/\/swissgliders.ch\/de\/wp-json\/wp\/v2\/product_tag?post=14884"}],"curies":[{"name":"wp","href":"https:\/\/api.w.org\/{rel}","templated":true}]}}