{"id":14928,"date":"2024-10-03T15:14:39","date_gmt":"2024-10-03T14:14:39","guid":{"rendered":"https:\/\/swissgliders.ch\/?post_type=product&#038;p=14928"},"modified":"2025-04-02T10:41:18","modified_gmt":"2025-04-02T09:41:18","slug":"gin-fuse-mini-en-b","status":"publish","type":"product","link":"https:\/\/swissgliders.ch\/de\/produkt\/gin-fuse-mini-en-b\/","title":{"rendered":"Gin Fuse Mini EN-B"},"content":{"rendered":"<div class=\"et_pb_module et_pb_text et_pb_text_0 et_pb_text_align_left et_pb_bg_layout_light\">\n<h3 class=\"et_pb_module et_pb_text et_pb_text_0 et_pb_text_align_left et_pb_bg_layout_light\">FUSE MINI<\/h3>\n<h4>Kleiner Tandem<\/h4>\n<\/div>\n<p><img loading=\"lazy\" decoding=\"async\" class=\"\" src=\"https:\/\/static.gingliders.com\/paragliders\/fuse-mini\/Fuse-mini4.jpg\" width=\"549\" height=\"353\" \/><\/p>\n<p><strong>Erweitern Sie Ihre M\u00f6glichkeiten<\/strong><br \/>\nDer Fuse mini ist ein Werkzeug f\u00fcr professionelle Tandempiloten, um ihre Einsatzm\u00f6glichkeiten zu erweitern. Er erleichtert es leichten Piloten, mit leichten erwachsenen Passagieren oder sogar Kindern zu fliegen. Dar\u00fcber hinaus bietet er bei h\u00f6herer Fl\u00e4chenbelastung einen gr\u00f6\u00dferen Spielraum bei Talwinden oder st\u00e4rkeren Brisen.<\/p>\n<ul>\n<li>Wave Leading Edge f\u00fcr leichteres Abheben bei st\u00e4rkerem Wind<\/li>\n<li>Optimiert f\u00fcr h\u00f6here Fl\u00e4chenbelastungen<\/li>\n<li>stabiles und komfortables Fluggef\u00fchl auch in m\u00e4\u00dfig turbulenter Luft<\/li>\n<\/ul>\n<p><strong>Der Fuse f\u00fcr hohe Fl\u00e4chenbelastungen<\/strong><\/p>\n<p>Der Fuse mini baut auf dem Erfolg der Fuse-Serie von Tandemfl\u00fcgeln auf und f\u00fcgt spezifische Optimierungen f\u00fcr Fl\u00fcge mit h\u00f6heren Fl\u00e4chenbelastungen hinzu. Der Start wurde verbessert, die H\u00f6chstgeschwindigkeit wurde erh\u00f6ht und der Schirm liegt ged\u00e4mpfter und kompakter in der Luft, w\u00e4hrend er die Energie f\u00fcr das Abfliegen beh\u00e4lt.<\/p>\n<p><strong>Verbessertes Abheben bei st\u00e4rkerem Wind<\/strong><\/p>\n<p>Durch die Verwendung der Wave Leading Edge beim Fuse mini ist der Schirm bei windigen Starts leichter zu handhaben. Der Schirm setzt sich leicht auf den Boden, steigt wie ein Block auf und kommt ohne zu bei\u00dfen oder zu schie\u00dfen \u00fcber den Boden.<\/p>\n<p><strong>Geringf\u00fcgig reduzierte Streckung<\/strong><\/p>\n<p>Die Streckung des Fuse mini wurde leicht reduziert, damit sich der Schirm noch kompakter und stabiler anf\u00fchlt.<\/p>\n<p>&nbsp;<\/p>\n<p><strong>Erh\u00f6hte H\u00f6chstgeschwindigkeit<\/strong><\/p>\n<p>Der Fuse mini hat eine h\u00f6here Trimmlage und eine h\u00f6here H\u00f6chstgeschwindigkeit als sein Vorg\u00e4nger, dank des langen Trimmtr\u00e4gers und Optimierungen, die das Fliegen mit h\u00f6heren Fl\u00e4chenbelastungen erm\u00f6glichen. Das gibt dir n\u00fctzliche zus\u00e4tzliche Geschwindigkeit in Situationen wie durchdringenden Talwinden oder beim Fliegen an der K\u00fcste.<\/p>\n<p><strong>Vielseitige Gewichtsbereiche<\/strong><\/p>\n<p>Der Fuse mini ist in zwei Gr\u00f6\u00dfen erh\u00e4ltlich, so dass die Piloten ihre Gr\u00f6\u00dfe nicht nur nach ihrem Gewicht, sondern auch nach den Bedingungen ausw\u00e4hlen k\u00f6nnen.<\/p>\n<h4 class=\"font-condensed font-bold text-lg md:text-xl lg:text-2xl uppercase pt-4 text-grey-6 tracking-slight\">Technische Daten<\/h4>\n<div class=\"relative overflow-x-auto\">\n<table class=\"g-table-striped w-full text-xs sm:text-sm text-left border-b\">\n<thead class=\"font-condensed text-grey-7 uppercase bg-white border-t border-grey-2 px-2 py-1 lg:px-4 lg:py-2\">\n<tr>\n<th class=\"px-2 py-1 lg:px-4 lg:py-2\" scope=\"col\">Gr\u00f6ssen<\/th>\n<th scope=\"col\">32<\/th>\n<th scope=\"col\">35<\/th>\n<\/tr>\n<\/thead>\n<tbody>\n<tr>\n<th class=\"px-2 py-1 lg:px-4 lg:py-2 text-grey-9 whitespace-nowrap\" scope=\"row\">ausgelegte Fl\u00e4che (m<sup>2<\/sup>)<\/th>\n<td>32.00<\/td>\n<td>35.00<\/td>\n<\/tr>\n<tr>\n<th class=\"px-2 py-1 lg:px-4 lg:py-2 text-grey-9 whitespace-nowrap\" scope=\"row\">ausgelegte Spannweite (m)<\/th>\n<td>12.52<\/td>\n<td>13.10<\/td>\n<\/tr>\n<tr>\n<th class=\"px-2 py-1 lg:px-4 lg:py-2 text-grey-9 whitespace-nowrap\" scope=\"row\">ausgelegte Streckung<\/th>\n<td>4.9<\/td>\n<td>4.9<\/td>\n<\/tr>\n<tr>\n<th class=\"px-2 py-1 lg:px-4 lg:py-2 text-grey-9 whitespace-nowrap\" scope=\"row\">projizierte Fl\u00e4che (m<sup>2<\/sup>)<\/th>\n<td>27.52<\/td>\n<td>30.10<\/td>\n<\/tr>\n<tr>\n<th class=\"px-2 py-1 lg:px-4 lg:py-2 text-grey-9 whitespace-nowrap\" scope=\"row\">projizierte Spannweite (m)<\/th>\n<td>10.03<\/td>\n<td>10.49<\/td>\n<\/tr>\n<tr>\n<th class=\"px-2 py-1 lg:px-4 lg:py-2 text-grey-9 whitespace-nowrap\" scope=\"row\">projizierte Streckung<\/th>\n<td>3.66<\/td>\n<td>3.66<\/td>\n<\/tr>\n<tr>\n<th class=\"px-2 py-1 lg:px-4 lg:py-2 text-grey-9 whitespace-nowrap\" scope=\"row\">Fl\u00fcgeltiefe (m)<\/th>\n<td>3.1<\/td>\n<td>3.1<\/td>\n<\/tr>\n<tr>\n<th class=\"px-2 py-1 lg:px-4 lg:py-2 text-grey-9 whitespace-nowrap\" scope=\"row\">Anzahl Zellen<\/th>\n<td>49<\/td>\n<td>49<\/td>\n<\/tr>\n<tr>\n<th class=\"px-2 py-1 lg:px-4 lg:py-2 text-grey-9 whitespace-nowrap\" scope=\"row\">Gleitschirmgewicht (kg)<\/th>\n<td>6.15<\/td>\n<td>6.45<\/td>\n<\/tr>\n<tr>\n<th class=\"px-2 py-1 lg:px-4 lg:py-2 text-grey-9 whitespace-nowrap\" scope=\"row\">Empfohlener Gewichtsbereich (kg)<\/th>\n<td>90-190<\/td>\n<td>90-210<\/td>\n<\/tr>\n<tr>\n<th class=\"px-2 py-1 lg:px-4 lg:py-2 text-grey-9 whitespace-nowrap\" scope=\"row\">Zulassung<\/th>\n<td>EN B planned<\/td>\n<td>EN B<\/td>\n<\/tr>\n<\/tbody>\n<\/table>\n<\/div>\n<p><strong>Technische Details<\/strong><\/p>\n<p>&nbsp;<\/p>\n<ul>\n<li>Wave Leading Edge verbessert Start, Nickstabilit\u00e4t und Landung bei h\u00f6heren Fl\u00e4chenbelastungen<\/li>\n<li>Exklusives neues 29g-Gewebe, das von GIN und Myungjin entwickelt wurde, bietet herausragende Leistungsmerkmale und Haltbarkeit<\/li>\n<li>Hohe Endgeschwindigkeit dank langer Trimmer und der F\u00e4higkeit, mit hoher Fl\u00e4chenbelastung zu fliegen<\/li>\n<li>17cm Trimmerbereich<\/li>\n<li>Austauschbares Trimmgurtband<\/li>\n<li>Vollst\u00e4ndig ummantelte Edelrid-Leinen f\u00fcr den besten Kompromiss aus Haltbarkeit und Leistung<\/li>\n<li>Leinen- und Tragegurt-Layout optimiert f\u00fcr gro\u00dfe Ohren (gro\u00dfe Fl\u00e4che des A3 und geteilter A-Tragegurt)<\/li>\n<li>Geliefert mit 20mm Tragegurt (724g). 12-mm-Kevlar-Tragegurte (420 g) sind als Option erh\u00e4ltlich.<\/li>\n<li>Standard (hart, 780g pro St\u00fcck) oder Supple (weich, 183g pro St\u00fcck) Spreizer sind als Option erh\u00e4ltlich.<\/li>\n<\/ul>\n<p>Mehr<a href=\"https:\/\/www.gingliders.com\/de\/paragliders\/fuse-mini\/\" target=\"_blank\" rel=\"noopener noreferrer\"> Infos<\/a><\/p>\n<p>Falls dieser Artikel nicht an Lager ist, wird er f\u00fcr dich bestellt. Lieferfrist auf Anfrage.<\/p>\n","protected":false},"excerpt":{"rendered":"<div class=\"et_pb_module et_pb_text et_pb_text_0 et_pb_text_align_left et_pb_bg_layout_light\">\n<h3 class=\"et_pb_module et_pb_text et_pb_text_0 et_pb_text_align_left et_pb_bg_layout_light\">FUSE MINI<\/h3>\n<h4>Kleiner Tandem<\/h4>\n<\/div>\n<p><img loading=\"lazy\" decoding=\"async\" class=\"\" src=\"https:\/\/static.gingliders.com\/paragliders\/fuse-mini\/Fuse-mini4.jpg\" width=\"549\" height=\"353\" \/><\/p>\n<p><strong>Erweitern Sie Ihre M\u00f6glichkeiten<\/strong><br \/>\nDer Fuse mini ist ein Werkzeug f\u00fcr professionelle Tandempiloten, um ihre Einsatzm\u00f6glichkeiten zu erweitern. Er erleichtert es leichten Piloten, mit leichten erwachsenen Passagieren oder sogar Kindern zu fliegen. Dar\u00fcber hinaus bietet er bei h\u00f6herer Fl\u00e4chenbelastung einen gr\u00f6\u00dferen Spielraum bei Talwinden oder st\u00e4rkeren Brisen.<\/p>\n<ul>\n<li>Wave Leading Edge f\u00fcr leichteres Abheben bei st\u00e4rkerem Wind<\/li>\n<li>Optimiert f\u00fcr h\u00f6here Fl\u00e4chenbelastungen<\/li>\n<li>stabiles und komfortables Fluggef\u00fchl auch in m\u00e4\u00dfig turbulenter Luft<\/li>\n<\/ul>\n<p><strong>Der Fuse f\u00fcr hohe Fl\u00e4chenbelastungen<\/strong><\/p>\n<p>Der Fuse mini baut auf dem Erfolg der Fuse-Serie von Tandemfl\u00fcgeln auf und f\u00fcgt spezifische Optimierungen f\u00fcr Fl\u00fcge mit h\u00f6heren Fl\u00e4chenbelastungen hinzu. Der Start wurde verbessert, die H\u00f6chstgeschwindigkeit wurde erh\u00f6ht und der Schirm liegt ged\u00e4mpfter und kompakter in der Luft, w\u00e4hrend er die Energie f\u00fcr das Abfliegen beh\u00e4lt.<\/p>\n<p><strong>Verbessertes Abheben bei st\u00e4rkerem Wind<\/strong><\/p>\n<p>Durch die Verwendung der Wave Leading Edge beim Fuse mini ist der Schirm bei windigen Starts leichter zu handhaben. Der Schirm setzt sich leicht auf den Boden, steigt wie ein Block auf und kommt ohne zu bei\u00dfen oder zu schie\u00dfen \u00fcber den Boden.<\/p>\n<p><strong>Geringf\u00fcgig reduzierte Streckung<\/strong><\/p>\n<p>Die Streckung des Fuse mini wurde leicht reduziert, damit sich der Schirm noch kompakter und stabiler anf\u00fchlt.<\/p>\n<p>&nbsp;<\/p>\n<p><strong>Erh\u00f6hte H\u00f6chstgeschwindigkeit<\/strong><\/p>\n<p>Der Fuse mini hat eine h\u00f6here Trimmlage und eine h\u00f6here H\u00f6chstgeschwindigkeit als sein Vorg\u00e4nger, dank des langen Trimmtr\u00e4gers und Optimierungen, die das Fliegen mit h\u00f6heren Fl\u00e4chenbelastungen erm\u00f6glichen. Das gibt dir n\u00fctzliche zus\u00e4tzliche Geschwindigkeit in Situationen wie durchdringenden Talwinden oder beim Fliegen an der K\u00fcste.<\/p>\n<p><strong>Vielseitige Gewichtsbereiche<\/strong><\/p>\n<p>Der Fuse mini ist in zwei Gr\u00f6\u00dfen erh\u00e4ltlich, so dass die Piloten ihre Gr\u00f6\u00dfe nicht nur nach ihrem Gewicht, sondern auch nach den Bedingungen ausw\u00e4hlen k\u00f6nnen.<\/p>\n<h4 class=\"font-condensed font-bold text-lg md:text-xl lg:text-2xl uppercase pt-4 text-grey-6 tracking-slight\">Technische Daten<\/h4>\n<div class=\"relative overflow-x-auto\">\n<table class=\"g-table-striped w-full text-xs sm:text-sm text-left border-b\">\n<thead class=\"font-condensed text-grey-7 uppercase bg-white border-t border-grey-2 px-2 py-1 lg:px-4 lg:py-2\">\n<tr>\n<th class=\"px-2 py-1 lg:px-4 lg:py-2\" scope=\"col\">Gr\u00f6ssen<\/th>\n<th scope=\"col\">32<\/th>\n<th scope=\"col\">35<\/th>\n<\/tr>\n<\/thead>\n<tbody>\n<tr>\n<th class=\"px-2 py-1 lg:px-4 lg:py-2 text-grey-9 whitespace-nowrap\" scope=\"row\">ausgelegte Fl\u00e4che (m<sup>2<\/sup>)<\/th>\n<td>32.00<\/td>\n<td>35.00<\/td>\n<\/tr>\n<tr>\n<th class=\"px-2 py-1 lg:px-4 lg:py-2 text-grey-9 whitespace-nowrap\" scope=\"row\">ausgelegte Spannweite (m)<\/th>\n<td>12.52<\/td>\n<td>13.10<\/td>\n<\/tr>\n<tr>\n<th class=\"px-2 py-1 lg:px-4 lg:py-2 text-grey-9 whitespace-nowrap\" scope=\"row\">ausgelegte Streckung<\/th>\n<td>4.9<\/td>\n<td>4.9<\/td>\n<\/tr>\n<tr>\n<th class=\"px-2 py-1 lg:px-4 lg:py-2 text-grey-9 whitespace-nowrap\" scope=\"row\">projizierte Fl\u00e4che (m<sup>2<\/sup>)<\/th>\n<td>27.52<\/td>\n<td>30.10<\/td>\n<\/tr>\n<tr>\n<th class=\"px-2 py-1 lg:px-4 lg:py-2 text-grey-9 whitespace-nowrap\" scope=\"row\">projizierte Spannweite (m)<\/th>\n<td>10.03<\/td>\n<td>10.49<\/td>\n<\/tr>\n<tr>\n<th class=\"px-2 py-1 lg:px-4 lg:py-2 text-grey-9 whitespace-nowrap\" scope=\"row\">projizierte Streckung<\/th>\n<td>3.66<\/td>\n<td>3.66<\/td>\n<\/tr>\n<tr>\n<th class=\"px-2 py-1 lg:px-4 lg:py-2 text-grey-9 whitespace-nowrap\" scope=\"row\">Fl\u00fcgeltiefe (m)<\/th>\n<td>3.1<\/td>\n<td>3.1<\/td>\n<\/tr>\n<tr>\n<th class=\"px-2 py-1 lg:px-4 lg:py-2 text-grey-9 whitespace-nowrap\" scope=\"row\">Anzahl Zellen<\/th>\n<td>49<\/td>\n<td>49<\/td>\n<\/tr>\n<tr>\n<th class=\"px-2 py-1 lg:px-4 lg:py-2 text-grey-9 whitespace-nowrap\" scope=\"row\">Gleitschirmgewicht (kg)<\/th>\n<td>6.15<\/td>\n<td>6.45<\/td>\n<\/tr>\n<tr>\n<th class=\"px-2 py-1 lg:px-4 lg:py-2 text-grey-9 whitespace-nowrap\" scope=\"row\">Empfohlener Gewichtsbereich (kg)<\/th>\n<td>90-190<\/td>\n<td>90-210<\/td>\n<\/tr>\n<tr>\n<th class=\"px-2 py-1 lg:px-4 lg:py-2 text-grey-9 whitespace-nowrap\" scope=\"row\">Zulassung<\/th>\n<td>EN B planned<\/td>\n<td>EN B<\/td>\n<\/tr>\n<\/tbody>\n<\/table>\n<\/div>\n<p><strong>Technische Details<\/strong><\/p>\n<p>&nbsp;<\/p>\n<ul>\n<li>Wave Leading Edge verbessert Start, Nickstabilit\u00e4t und Landung bei h\u00f6heren Fl\u00e4chenbelastungen<\/li>\n<li>Exklusives neues 29g-Gewebe, das von GIN und Myungjin entwickelt wurde, bietet herausragende Leistungsmerkmale und Haltbarkeit<\/li>\n<li>Hohe Endgeschwindigkeit dank langer Trimmer und der F\u00e4higkeit, mit hoher Fl\u00e4chenbelastung zu fliegen<\/li>\n<li>17cm Trimmerbereich<\/li>\n<li>Austauschbares Trimmgurtband<\/li>\n<li>Vollst\u00e4ndig ummantelte Edelrid-Leinen f\u00fcr den besten Kompromiss aus Haltbarkeit und Leistung<\/li>\n<li>Leinen- und Tragegurt-Layout optimiert f\u00fcr gro\u00dfe Ohren (gro\u00dfe Fl\u00e4che des A3 und geteilter A-Tragegurt)<\/li>\n<li>Geliefert mit 20mm Tragegurt (724g). 12-mm-Kevlar-Tragegurte (420 g) sind als Option erh\u00e4ltlich.<\/li>\n<li>Standard (hart, 780g pro St\u00fcck) oder Supple (weich, 183g pro St\u00fcck) Spreizer sind als Option erh\u00e4ltlich.<\/li>\n<\/ul>\n<p>Mehr<a href=\"https:\/\/www.gingliders.com\/de\/paragliders\/fuse-mini\/\" target=\"_blank\" rel=\"noopener noreferrer\"> Infos<\/a><\/p>\n<p>Falls dieser Artikel nicht an Lager ist, wird er f\u00fcr dich bestellt. Lieferfrist auf Anfrage.<\/p>\n","protected":false},"featured_media":14931,"comment_status":"closed","ping_status":"closed","template":"","meta":[],"product_brand":[],"product_cat":[86],"product_tag":[917,90],"class_list":{"0":"post-14928","1":"product","2":"type-product","3":"status-publish","4":"has-post-thumbnail","6":"product_cat-gleitschirme","7":"product_tag-gleitschirm","8":"product_tag-verkaufsartikel","9":"product_shipping_class-priority-10kg-de","11":"first","12":"instock","13":"sale","14":"shipping-taxable","15":"purchasable","16":"product-type-variable"},"yoast_head":"<!-- This site is optimized with the Yoast SEO Premium plugin v26.1 (Yoast SEO v27.3) - https:\/\/yoast.com\/product\/yoast-seo-premium-wordpress\/ -->\n<title>Gin Fuse Mini EN-B | Gleitschirmschule Thun, Bern, Interlaken<\/title>\n<meta name=\"description\" content=\"Der Fuse 4 von Gin ist unser neuester Tandem-Gleitschirm f\u00fcr Profis. Er bietet maximale Effizienz und Zuverl\u00e4ssigkeit bei gleichzeitigem Spass am FliegenGin Fuse Mini leichtes Tandem Gleitschirm erleichtert es leichten Piloten mit leichten erwachsenen Passagieren oder sogar Kindern zu fliegen.\" \/>\n<meta name=\"robots\" content=\"index, follow, max-snippet:-1, max-image-preview:large, max-video-preview:-1\" \/>\n<link rel=\"canonical\" href=\"https:\/\/swissgliders.ch\/de\/produkt\/gin-fuse-mini-en-b\/\" \/>\n<meta property=\"og:locale\" content=\"de_DE\" \/>\n<meta property=\"og:type\" content=\"article\" \/>\n<meta property=\"og:title\" content=\"Gin Fuse Mini EN-B\" \/>\n<meta property=\"og:description\" content=\"Der Fuse 4 von Gin ist unser neuester Tandem-Gleitschirm f\u00fcr Profis. Er bietet maximale Effizienz und Zuverl\u00e4ssigkeit bei gleichzeitigem Spass am FliegenGin Fuse Mini leichtes Tandem Gleitschirm erleichtert es leichten Piloten mit leichten erwachsenen Passagieren oder sogar Kindern zu fliegen.\" \/>\n<meta property=\"og:url\" content=\"https:\/\/swissgliders.ch\/de\/produkt\/gin-fuse-mini-en-b\/\" \/>\n<meta property=\"og:site_name\" content=\"Gleitschirmschule Thun, Bern, Interlaken\" \/>\n<meta property=\"article:publisher\" content=\"https:\/\/www.facebook.com\/swissgliders\" \/>\n<meta property=\"article:modified_time\" content=\"2025-04-02T09:41:18+00:00\" \/>\n<meta property=\"og:image\" content=\"https:\/\/swissgliders.ch\/wp-content\/uploads\/2024\/10\/Gin_Gleitschirm_Fuse-Mini-1-1030x687.jpg\" \/>\n\t<meta property=\"og:image:width\" content=\"1030\" \/>\n\t<meta property=\"og:image:height\" content=\"687\" \/>\n\t<meta property=\"og:image:type\" content=\"image\/jpeg\" \/>\n<meta name=\"twitter:card\" content=\"summary_large_image\" \/>\n<meta name=\"twitter:site\" content=\"@Swissgliders\" \/>\n<meta name=\"twitter:label1\" content=\"Verf\u00fcgbarkeit\" \/>\n\t<meta name=\"twitter:data1\" content=\"Auf Lager\" \/>\n<script type=\"application\/ld+json\" class=\"yoast-schema-graph\">{\"@context\":\"https:\\\/\\\/schema.org\",\"@graph\":[{\"@type\":\"WebPage\",\"@id\":\"https:\\\/\\\/swissgliders.ch\\\/de\\\/produkt\\\/gin-fuse-mini-en-b\\\/\",\"url\":\"https:\\\/\\\/swissgliders.ch\\\/de\\\/produkt\\\/gin-fuse-mini-en-b\\\/\",\"name\":\"Gin Fuse Mini EN-B | Gleitschirmschule Thun, Bern, Interlaken\",\"isPartOf\":{\"@id\":\"https:\\\/\\\/swissgliders.ch\\\/de\\\/#website\"},\"primaryImageOfPage\":{\"@id\":\"https:\\\/\\\/swissgliders.ch\\\/de\\\/produkt\\\/gin-fuse-mini-en-b\\\/#primaryimage\"},\"image\":{\"@id\":\"https:\\\/\\\/swissgliders.ch\\\/de\\\/produkt\\\/gin-fuse-mini-en-b\\\/#primaryimage\"},\"thumbnailUrl\":\"https:\\\/\\\/swissgliders.ch\\\/wp-content\\\/uploads\\\/2024\\\/10\\\/Gin_Gleitschirm_Fuse-Mini-1-scaled.jpg\",\"datePublished\":\"2024-10-03T14:14:39+00:00\",\"dateModified\":\"2025-04-02T09:41:18+00:00\",\"description\":\"Der Fuse 4 von Gin ist unser neuester Tandem-Gleitschirm f\u00fcr Profis. Er bietet maximale Effizienz und Zuverl\u00e4ssigkeit bei gleichzeitigem Spass am FliegenGin Fuse Mini leichtes Tandem Gleitschirm erleichtert es leichten Piloten mit leichten erwachsenen Passagieren oder sogar Kindern zu fliegen.\",\"breadcrumb\":{\"@id\":\"https:\\\/\\\/swissgliders.ch\\\/de\\\/produkt\\\/gin-fuse-mini-en-b\\\/#breadcrumb\"},\"inLanguage\":\"de\",\"potentialAction\":[{\"@type\":\"ReadAction\",\"target\":[\"https:\\\/\\\/swissgliders.ch\\\/de\\\/produkt\\\/gin-fuse-mini-en-b\\\/\"]}]},{\"@type\":\"ImageObject\",\"inLanguage\":\"de\",\"@id\":\"https:\\\/\\\/swissgliders.ch\\\/de\\\/produkt\\\/gin-fuse-mini-en-b\\\/#primaryimage\",\"url\":\"https:\\\/\\\/swissgliders.ch\\\/wp-content\\\/uploads\\\/2024\\\/10\\\/Gin_Gleitschirm_Fuse-Mini-1-scaled.jpg\",\"contentUrl\":\"https:\\\/\\\/swissgliders.ch\\\/wp-content\\\/uploads\\\/2024\\\/10\\\/Gin_Gleitschirm_Fuse-Mini-1-scaled.jpg\",\"width\":2560,\"height\":1707,\"caption\":\"Gin_Gleitschirm_Fuse Mini-1\"},{\"@type\":\"BreadcrumbList\",\"@id\":\"https:\\\/\\\/swissgliders.ch\\\/de\\\/produkt\\\/gin-fuse-mini-en-b\\\/#breadcrumb\",\"itemListElement\":[{\"@type\":\"ListItem\",\"position\":1,\"name\":\"Startseite\",\"item\":\"https:\\\/\\\/swissgliders.ch\\\/de\\\/willkommen\\\/\"},{\"@type\":\"ListItem\",\"position\":2,\"name\":\"Gleitschirm Shop\",\"item\":\"https:\\\/\\\/swissgliders.ch\\\/de\\\/gleitschirm-shop\\\/\"},{\"@type\":\"ListItem\",\"position\":3,\"name\":\"Gin Fuse Mini EN-B\"}]},{\"@type\":\"WebSite\",\"@id\":\"https:\\\/\\\/swissgliders.ch\\\/de\\\/#website\",\"url\":\"https:\\\/\\\/swissgliders.ch\\\/de\\\/\",\"name\":\"Gleitschirmschule Thun, Bern, Interlaken\",\"description\":\"Gleitschirmschule Thun, Bern, Interlaken\",\"publisher\":{\"@id\":\"https:\\\/\\\/swissgliders.ch\\\/de\\\/#organization\"},\"potentialAction\":[{\"@type\":\"SearchAction\",\"target\":{\"@type\":\"EntryPoint\",\"urlTemplate\":\"https:\\\/\\\/swissgliders.ch\\\/de\\\/?s={search_term_string}\"},\"query-input\":{\"@type\":\"PropertyValueSpecification\",\"valueRequired\":true,\"valueName\":\"search_term_string\"}}],\"inLanguage\":\"de\"},{\"@type\":\"Organization\",\"@id\":\"https:\\\/\\\/swissgliders.ch\\\/de\\\/#organization\",\"name\":\"Swissgliders Gleitschirmflugschule Thun\",\"url\":\"https:\\\/\\\/swissgliders.ch\\\/de\\\/\",\"logo\":{\"@type\":\"ImageObject\",\"inLanguage\":\"de\",\"@id\":\"https:\\\/\\\/swissgliders.ch\\\/de\\\/#\\\/schema\\\/logo\\\/image\\\/\",\"url\":\"https:\\\/\\\/swissgliders.ch\\\/wp-content\\\/uploads\\\/2019\\\/12\\\/swissgliders-logo-rgb-square-L-no-ch-01.png\",\"contentUrl\":\"https:\\\/\\\/swissgliders.ch\\\/wp-content\\\/uploads\\\/2019\\\/12\\\/swissgliders-logo-rgb-square-L-no-ch-01.png\",\"width\":2500,\"height\":2500,\"caption\":\"Swissgliders Gleitschirmflugschule Thun\"},\"image\":{\"@id\":\"https:\\\/\\\/swissgliders.ch\\\/de\\\/#\\\/schema\\\/logo\\\/image\\\/\"},\"sameAs\":[\"https:\\\/\\\/www.facebook.com\\\/swissgliders\",\"https:\\\/\\\/x.com\\\/Swissgliders\",\"https:\\\/\\\/www.instagram.com\\\/swissgliders\\\/\",\"https:\\\/\\\/www.youtube.com\\\/channel\\\/UCMCtGdepy9vBhrhX3V_oJOA\"],\"hasMerchantReturnPolicy\":{\"@type\":\"MerchantReturnPolicy\",\"merchantReturnLink\":\"https:\\\/\\\/swissgliders.ch\\\/de\\\/allgemeine-geschaftsbedingungen\\\/\"}}]}<\/script>\n<meta property=\"og:availability\" content=\"instock\" \/>\n<meta property=\"product:availability\" content=\"instock\" \/>\n<meta property=\"product:condition\" content=\"new\" \/>\n<!-- \/ Yoast SEO Premium plugin. -->","yoast_head_json":{"title":"Gin Fuse Mini EN-B | Gleitschirmschule Thun, Bern, Interlaken","description":"Der Fuse 4 von Gin ist unser neuester Tandem-Gleitschirm f\u00fcr Profis. Er bietet maximale Effizienz und Zuverl\u00e4ssigkeit bei gleichzeitigem Spass am FliegenGin Fuse Mini leichtes Tandem Gleitschirm erleichtert es leichten Piloten mit leichten erwachsenen Passagieren oder sogar Kindern zu fliegen.","robots":{"index":"index","follow":"follow","max-snippet":"max-snippet:-1","max-image-preview":"max-image-preview:large","max-video-preview":"max-video-preview:-1"},"canonical":"https:\/\/swissgliders.ch\/de\/produkt\/gin-fuse-mini-en-b\/","og_locale":"de_DE","og_type":"article","og_title":"Gin Fuse Mini EN-B","og_description":"Der Fuse 4 von Gin ist unser neuester Tandem-Gleitschirm f\u00fcr Profis. Er bietet maximale Effizienz und Zuverl\u00e4ssigkeit bei gleichzeitigem Spass am FliegenGin Fuse Mini leichtes Tandem Gleitschirm erleichtert es leichten Piloten mit leichten erwachsenen Passagieren oder sogar Kindern zu fliegen.","og_url":"https:\/\/swissgliders.ch\/de\/produkt\/gin-fuse-mini-en-b\/","og_site_name":"Gleitschirmschule Thun, Bern, Interlaken","article_publisher":"https:\/\/www.facebook.com\/swissgliders","article_modified_time":"2025-04-02T09:41:18+00:00","og_image":[{"width":1030,"height":687,"url":"https:\/\/swissgliders.ch\/wp-content\/uploads\/2024\/10\/Gin_Gleitschirm_Fuse-Mini-1-1030x687.jpg","type":"image\/jpeg"}],"twitter_card":"summary_large_image","twitter_site":"@Swissgliders","twitter_misc":{"Verf\u00fcgbarkeit":"Auf Lager"},"schema":{"@context":"https:\/\/schema.org","@graph":[{"@type":"WebPage","@id":"https:\/\/swissgliders.ch\/de\/produkt\/gin-fuse-mini-en-b\/","url":"https:\/\/swissgliders.ch\/de\/produkt\/gin-fuse-mini-en-b\/","name":"Gin Fuse Mini EN-B | Gleitschirmschule Thun, Bern, Interlaken","isPartOf":{"@id":"https:\/\/swissgliders.ch\/de\/#website"},"primaryImageOfPage":{"@id":"https:\/\/swissgliders.ch\/de\/produkt\/gin-fuse-mini-en-b\/#primaryimage"},"image":{"@id":"https:\/\/swissgliders.ch\/de\/produkt\/gin-fuse-mini-en-b\/#primaryimage"},"thumbnailUrl":"https:\/\/swissgliders.ch\/wp-content\/uploads\/2024\/10\/Gin_Gleitschirm_Fuse-Mini-1-scaled.jpg","datePublished":"2024-10-03T14:14:39+00:00","dateModified":"2025-04-02T09:41:18+00:00","description":"Der Fuse 4 von Gin ist unser neuester Tandem-Gleitschirm f\u00fcr Profis. Er bietet maximale Effizienz und Zuverl\u00e4ssigkeit bei gleichzeitigem Spass am FliegenGin Fuse Mini leichtes Tandem Gleitschirm erleichtert es leichten Piloten mit leichten erwachsenen Passagieren oder sogar Kindern zu fliegen.","breadcrumb":{"@id":"https:\/\/swissgliders.ch\/de\/produkt\/gin-fuse-mini-en-b\/#breadcrumb"},"inLanguage":"de","potentialAction":[{"@type":"ReadAction","target":["https:\/\/swissgliders.ch\/de\/produkt\/gin-fuse-mini-en-b\/"]}]},{"@type":"ImageObject","inLanguage":"de","@id":"https:\/\/swissgliders.ch\/de\/produkt\/gin-fuse-mini-en-b\/#primaryimage","url":"https:\/\/swissgliders.ch\/wp-content\/uploads\/2024\/10\/Gin_Gleitschirm_Fuse-Mini-1-scaled.jpg","contentUrl":"https:\/\/swissgliders.ch\/wp-content\/uploads\/2024\/10\/Gin_Gleitschirm_Fuse-Mini-1-scaled.jpg","width":2560,"height":1707,"caption":"Gin_Gleitschirm_Fuse Mini-1"},{"@type":"BreadcrumbList","@id":"https:\/\/swissgliders.ch\/de\/produkt\/gin-fuse-mini-en-b\/#breadcrumb","itemListElement":[{"@type":"ListItem","position":1,"name":"Startseite","item":"https:\/\/swissgliders.ch\/de\/willkommen\/"},{"@type":"ListItem","position":2,"name":"Gleitschirm Shop","item":"https:\/\/swissgliders.ch\/de\/gleitschirm-shop\/"},{"@type":"ListItem","position":3,"name":"Gin Fuse Mini EN-B"}]},{"@type":"WebSite","@id":"https:\/\/swissgliders.ch\/de\/#website","url":"https:\/\/swissgliders.ch\/de\/","name":"Gleitschirmschule Thun, Bern, Interlaken","description":"Gleitschirmschule Thun, Bern, Interlaken","publisher":{"@id":"https:\/\/swissgliders.ch\/de\/#organization"},"potentialAction":[{"@type":"SearchAction","target":{"@type":"EntryPoint","urlTemplate":"https:\/\/swissgliders.ch\/de\/?s={search_term_string}"},"query-input":{"@type":"PropertyValueSpecification","valueRequired":true,"valueName":"search_term_string"}}],"inLanguage":"de"},{"@type":"Organization","@id":"https:\/\/swissgliders.ch\/de\/#organization","name":"Swissgliders Gleitschirmflugschule Thun","url":"https:\/\/swissgliders.ch\/de\/","logo":{"@type":"ImageObject","inLanguage":"de","@id":"https:\/\/swissgliders.ch\/de\/#\/schema\/logo\/image\/","url":"https:\/\/swissgliders.ch\/wp-content\/uploads\/2019\/12\/swissgliders-logo-rgb-square-L-no-ch-01.png","contentUrl":"https:\/\/swissgliders.ch\/wp-content\/uploads\/2019\/12\/swissgliders-logo-rgb-square-L-no-ch-01.png","width":2500,"height":2500,"caption":"Swissgliders Gleitschirmflugschule Thun"},"image":{"@id":"https:\/\/swissgliders.ch\/de\/#\/schema\/logo\/image\/"},"sameAs":["https:\/\/www.facebook.com\/swissgliders","https:\/\/x.com\/Swissgliders","https:\/\/www.instagram.com\/swissgliders\/","https:\/\/www.youtube.com\/channel\/UCMCtGdepy9vBhrhX3V_oJOA"],"hasMerchantReturnPolicy":{"@type":"MerchantReturnPolicy","merchantReturnLink":"https:\/\/swissgliders.ch\/de\/allgemeine-geschaftsbedingungen\/"}}]},"og_availability":"instock","product_availability":"instock","product_condition":"new"},"_links":{"self":[{"href":"https:\/\/swissgliders.ch\/de\/wp-json\/wp\/v2\/product\/14928","targetHints":{"allow":["GET"]}}],"collection":[{"href":"https:\/\/swissgliders.ch\/de\/wp-json\/wp\/v2\/product"}],"about":[{"href":"https:\/\/swissgliders.ch\/de\/wp-json\/wp\/v2\/types\/product"}],"replies":[{"embeddable":true,"href":"https:\/\/swissgliders.ch\/de\/wp-json\/wp\/v2\/comments?post=14928"}],"wp:featuredmedia":[{"embeddable":true,"href":"https:\/\/swissgliders.ch\/de\/wp-json\/wp\/v2\/media\/14931"}],"wp:attachment":[{"href":"https:\/\/swissgliders.ch\/de\/wp-json\/wp\/v2\/media?parent=14928"}],"wp:term":[{"taxonomy":"product_brand","embeddable":true,"href":"https:\/\/swissgliders.ch\/de\/wp-json\/wp\/v2\/product_brand?post=14928"},{"taxonomy":"product_cat","embeddable":true,"href":"https:\/\/swissgliders.ch\/de\/wp-json\/wp\/v2\/product_cat?post=14928"},{"taxonomy":"product_tag","embeddable":true,"href":"https:\/\/swissgliders.ch\/de\/wp-json\/wp\/v2\/product_tag?post=14928"}],"curies":[{"name":"wp","href":"https:\/\/api.w.org\/{rel}","templated":true}]}}