{"id":15013,"date":"2024-10-07T21:03:22","date_gmt":"2024-10-07T20:03:22","guid":{"rendered":"https:\/\/swissgliders.ch\/?post_type=product&#038;p=15013"},"modified":"2025-06-18T20:34:22","modified_gmt":"2025-06-18T19:34:22","slug":"davinci-davimax","status":"publish","type":"product","link":"https:\/\/swissgliders.ch\/de\/produkt\/davinci-davimax\/","title":{"rendered":"Davinci DaviMAX"},"content":{"rendered":"<h3>Das DAVIMAX-Wettkampfgurtzeug wurde entwickelt, um Vielseitigkeit und Anpassungsf\u00e4higkeit f\u00fcr Wettkampfsportbegeisterte zu bieten.<\/h3>\n<p><img loading=\"lazy\" decoding=\"async\" class=\"\" src=\"https:\/\/flydavinci.com\/site\/assets\/files\/2258\/davimax-1.png.avif\" width=\"799\" height=\"386\" \/><\/p>\n<p>Es ist ein modernes Cross-Country (XC)-Gurtzeug, das zwar kompakt ist, aber keine Kompromisse bei den wesentlichen Eigenschaften eingeht. Es bietet die ultimative Kombination aus Komfort, Sicherheit, Stabilit\u00e4t und Haltbarkeit. Das DAVIMAX ist f\u00fcr die meisten Piloten geeignet, die das Fliegen mit einem Cocoon-Gurtzeug bevorzugen. Es ist zug\u00e4nglich und einfach genug f\u00fcr Freizeitpiloten, aber seine Eigenschaften und seine Leistung werden auch die engagiertesten XC-Piloten zufrieden stellen.<\/p>\n<p>Die wichtigsten Merkmale des DAVIMAX Wettkampfgurtzeugs:<\/p>\n<ul>\n<li>Vielseitiges Design mit austauschbaren Komponenten: Das DAVIMAX-Gurtzeug ist mit einer austauschbaren Heckverkleidung und Frontsch\u00fcrze ausgestattet, so dass diese Komponenten ohne Beeintr\u00e4chtigung der aerodynamischen Leistung ausgetauscht oder aufger\u00fcstet werden k\u00f6nnen. Dies erm\u00f6glicht eine individuelle Anpassung an spezifische Bed\u00fcrfnisse oder Bedingungen und sorgt f\u00fcr optimale Geschwindigkeit und Effizienz.<\/li>\n<li>Komfort und Passform: Das Gurtzeug enth\u00e4lt einen Pod aus halbleichtem Lycra f\u00fcr zus\u00e4tzliche Festigkeit. Die Einstellungen sind einfach und leicht, mit einer Reihe von verstellbaren Knoten und einem magnetischen Verschluss, der den Lufteinlass minimiert. Dies gew\u00e4hrleistet eine hervorragende Passform und ein einfaches Verschlusssystem.<\/li>\n<li>Ergonomisches Cockpit: Es verf\u00fcgt \u00fcber ein gro\u00dfes, ergonomisches und integriertes Cockpit mit einem Magnetsystem, das sich auch w\u00e4hrend des Fluges leicht \u00f6ffnen l\u00e4sst. Dieses Design erh\u00f6ht den Komfort und die Zug\u00e4nglichkeit f\u00fcr den Piloten.<\/li>\n<li>Aerodynamische Leistung: Die hintere Verkleidung optimiert die aerodynamische Form des Gurtzeugs, verringert den Luftwiderstand und verbessert die Leistung. Dies verbessert auch die Gierbalance und sorgt f\u00fcr ein stabileres, komfortableres und pr\u00e4ziseres Flugerlebnis.<\/li>\n<li>Spezialisierte Komponenten: Das DAVIMAX-Gurtzeug ist mit speziellen Ronstan-Lock-Rollen ausgestattet, die dem Piloten die Bedienung des Beschleunigers erleichtern und die Gesamtfunktionalit\u00e4t und Benutzerfreundlichkeit erh\u00f6hen.<br \/>\nInsgesamt ist das DAVIMAX Wettkampfgurtzeug die erste Wahl f\u00fcr Piloten, die eine Mischung aus Vielseitigkeit, Leistung und benutzerfreundlichen Funktionen suchen. Ob f\u00fcr Freizeitfl\u00fcge oder wettbewerbsf\u00e4hige Streckenfl\u00fcge, es bietet eine zuverl\u00e4ssige und qualitativ hochwertige Option, die die unterschiedlichsten Bed\u00fcrfnisse der Piloten erf\u00fcllt.<\/li>\n<\/ul>\n<table class=\"matrix headed specifications\">\n<tbody>\n<tr>\n<td>Size<\/td>\n<td>S<\/td>\n<td>M<\/td>\n<td>L<\/td>\n<\/tr>\n<tr>\n<td>Suspension height, cm<\/td>\n<td>44<\/td>\n<td>44<\/td>\n<td>44<\/td>\n<\/tr>\n<tr>\n<td>Pilot height, cm<\/td>\n<td>155-175<\/td>\n<td>170-185<\/td>\n<td>180-195<\/td>\n<\/tr>\n<tr>\n<td>Pilot weight, kg<\/td>\n<td>50-75<\/td>\n<td>60-85<\/td>\n<td>80-100<\/td>\n<\/tr>\n<tr>\n<td>Protector<\/td>\n<td>Foam<\/td>\n<td>Foam<\/td>\n<td>Foam<\/td>\n<\/tr>\n<tr>\n<td>Seatbord width, cm<\/td>\n<td>31.5<\/td>\n<td>33<\/td>\n<td>34.5<\/td>\n<\/tr>\n<tr>\n<td>Weight, kg<\/td>\n<td>7.0kg<\/td>\n<td>7.2kg<\/td>\n<td>7.4kg<\/td>\n<\/tr>\n<tr>\n<td>Certification<\/td>\n<td>.En 1651 and LTf nfL II91\/09<\/td>\n<td>.En 1651 and LTf nfL II91\/09<\/td>\n<td>.En 1651 and LTf nfL II91\/09<\/td>\n<\/tr>\n<\/tbody>\n<\/table>\n<p>&nbsp;<\/p>\n<p>Mehr<a href=\"https:\/\/flydavinci.com\/products\/harnesses\/davimax\/\" target=\"_blank\" rel=\"noopener noreferrer\"> Infos<\/a><\/p>\n<p>Lieferfrist 1-2 Wochen. Lieferung ab Lager S\u00fcdkorea.<\/p>\n","protected":false},"excerpt":{"rendered":"<h3>Das DAVIMAX-Wettkampfgurtzeug wurde entwickelt, um Vielseitigkeit und Anpassungsf\u00e4higkeit f\u00fcr Wettkampfsportbegeisterte zu bieten.<\/h3>\n<p><img loading=\"lazy\" decoding=\"async\" class=\"\" src=\"https:\/\/flydavinci.com\/site\/assets\/files\/2258\/davimax-1.png.avif\" width=\"799\" height=\"386\" \/><\/p>\n<p>Es ist ein modernes Cross-Country (XC)-Gurtzeug, das zwar kompakt ist, aber keine Kompromisse bei den wesentlichen Eigenschaften eingeht. Es bietet die ultimative Kombination aus Komfort, Sicherheit, Stabilit\u00e4t und Haltbarkeit. Das DAVIMAX ist f\u00fcr die meisten Piloten geeignet, die das Fliegen mit einem Cocoon-Gurtzeug bevorzugen. Es ist zug\u00e4nglich und einfach genug f\u00fcr Freizeitpiloten, aber seine Eigenschaften und seine Leistung werden auch die engagiertesten XC-Piloten zufrieden stellen.<\/p>\n<p>Die wichtigsten Merkmale des DAVIMAX Wettkampfgurtzeugs:<\/p>\n<ul>\n<li>Vielseitiges Design mit austauschbaren Komponenten: Das DAVIMAX-Gurtzeug ist mit einer austauschbaren Heckverkleidung und Frontsch\u00fcrze ausgestattet, so dass diese Komponenten ohne Beeintr\u00e4chtigung der aerodynamischen Leistung ausgetauscht oder aufger\u00fcstet werden k\u00f6nnen. Dies erm\u00f6glicht eine individuelle Anpassung an spezifische Bed\u00fcrfnisse oder Bedingungen und sorgt f\u00fcr optimale Geschwindigkeit und Effizienz.<\/li>\n<li>Komfort und Passform: Das Gurtzeug enth\u00e4lt einen Pod aus halbleichtem Lycra f\u00fcr zus\u00e4tzliche Festigkeit. Die Einstellungen sind einfach und leicht, mit einer Reihe von verstellbaren Knoten und einem magnetischen Verschluss, der den Lufteinlass minimiert. Dies gew\u00e4hrleistet eine hervorragende Passform und ein einfaches Verschlusssystem.<\/li>\n<li>Ergonomisches Cockpit: Es verf\u00fcgt \u00fcber ein gro\u00dfes, ergonomisches und integriertes Cockpit mit einem Magnetsystem, das sich auch w\u00e4hrend des Fluges leicht \u00f6ffnen l\u00e4sst. Dieses Design erh\u00f6ht den Komfort und die Zug\u00e4nglichkeit f\u00fcr den Piloten.<\/li>\n<li>Aerodynamische Leistung: Die hintere Verkleidung optimiert die aerodynamische Form des Gurtzeugs, verringert den Luftwiderstand und verbessert die Leistung. Dies verbessert auch die Gierbalance und sorgt f\u00fcr ein stabileres, komfortableres und pr\u00e4ziseres Flugerlebnis.<\/li>\n<li>Spezialisierte Komponenten: Das DAVIMAX-Gurtzeug ist mit speziellen Ronstan-Lock-Rollen ausgestattet, die dem Piloten die Bedienung des Beschleunigers erleichtern und die Gesamtfunktionalit\u00e4t und Benutzerfreundlichkeit erh\u00f6hen.<br \/>\nInsgesamt ist das DAVIMAX Wettkampfgurtzeug die erste Wahl f\u00fcr Piloten, die eine Mischung aus Vielseitigkeit, Leistung und benutzerfreundlichen Funktionen suchen. Ob f\u00fcr Freizeitfl\u00fcge oder wettbewerbsf\u00e4hige Streckenfl\u00fcge, es bietet eine zuverl\u00e4ssige und qualitativ hochwertige Option, die die unterschiedlichsten Bed\u00fcrfnisse der Piloten erf\u00fcllt.<\/li>\n<\/ul>\n<p>https:\/\/youtu.be\/6y_50cffxFA?si=kSQulcODNU5xoQxN<\/p>\n<table class=\"matrix headed specifications\">\n<tbody>\n<tr>\n<td>Size<\/td>\n<td>S<\/td>\n<td>M<\/td>\n<td>L<\/td>\n<\/tr>\n<tr>\n<td>Suspension height, cm<\/td>\n<td>44<\/td>\n<td>44<\/td>\n<td>44<\/td>\n<\/tr>\n<tr>\n<td>Pilot height, cm<\/td>\n<td>155-175<\/td>\n<td>170-185<\/td>\n<td>180-195<\/td>\n<\/tr>\n<tr>\n<td>Pilot weight, kg<\/td>\n<td>50-75<\/td>\n<td>60-85<\/td>\n<td>80-100<\/td>\n<\/tr>\n<tr>\n<td>Protector<\/td>\n<td>Foam<\/td>\n<td>Foam<\/td>\n<td>Foam<\/td>\n<\/tr>\n<tr>\n<td>Seatbord width, cm<\/td>\n<td>31.5<\/td>\n<td>33<\/td>\n<td>34.5<\/td>\n<\/tr>\n<tr>\n<td>Weight, kg<\/td>\n<td>7.0kg<\/td>\n<td>7.2kg<\/td>\n<td>7.4kg<\/td>\n<\/tr>\n<tr>\n<td>Certification<\/td>\n<td>.En 1651 and LTf nfL II91\/09<\/td>\n<td>.En 1651 and LTf nfL II91\/09<\/td>\n<td>.En 1651 and LTf nfL II91\/09<\/td>\n<\/tr>\n<\/tbody>\n<\/table>\n<p>&nbsp;<\/p>\n<p>Mehr<a href=\"https:\/\/flydavinci.com\/products\/harnesses\/davimax\/\" target=\"_blank\" rel=\"noopener noreferrer\"> Infos<\/a><\/p>\n<p>Lieferfrist 1-2 Wochen. Lieferung ab Lager S\u00fcdkorea.<\/p>\n","protected":false},"featured_media":15027,"comment_status":"closed","ping_status":"closed","template":"","meta":[],"product_brand":[],"product_cat":[1041],"product_tag":[1000,90],"class_list":{"0":"post-15013","1":"product","2":"type-product","3":"status-publish","4":"has-post-thumbnail","6":"product_cat-gleitschirm-liegegurtzeuge","7":"product_tag-sitzgurtzeug","8":"product_tag-verkaufsartikel","10":"first","11":"instock","12":"sale","13":"taxable","14":"shipping-taxable","15":"purchasable","16":"product-type-variable"},"yoast_head":"<!-- This site is optimized with the Yoast SEO Premium plugin v26.1 (Yoast SEO v27.5) - https:\/\/yoast.com\/product\/yoast-seo-premium-wordpress\/ -->\n<title>Davinci DaviMAX | Gleitschirmschule Thun, Bern, Interlaken<\/title>\n<meta name=\"description\" content=\"Wettkampfgurtzeug vom jungen und innovativen Hersteller Davinci\" \/>\n<meta name=\"robots\" content=\"index, follow, max-snippet:-1, max-image-preview:large, max-video-preview:-1\" \/>\n<link rel=\"canonical\" href=\"https:\/\/swissgliders.ch\/de\/produkt\/davinci-davimax\/\" \/>\n<meta property=\"og:locale\" content=\"de_DE\" \/>\n<meta property=\"og:type\" content=\"article\" \/>\n<meta property=\"og:title\" content=\"Davinci DaviMAX\" \/>\n<meta property=\"og:description\" content=\"Wettkampfgurtzeug vom jungen und innovativen Hersteller Davinci\" \/>\n<meta property=\"og:url\" content=\"https:\/\/swissgliders.ch\/de\/produkt\/davinci-davimax\/\" \/>\n<meta property=\"og:site_name\" content=\"Gleitschirmschule Thun, Bern, Interlaken\" \/>\n<meta property=\"article:publisher\" content=\"https:\/\/www.facebook.com\/swissgliders\" \/>\n<meta property=\"article:modified_time\" content=\"2025-06-18T19:34:22+00:00\" \/>\n<meta property=\"og:image\" content=\"https:\/\/swissgliders.ch\/wp-content\/uploads\/2024\/10\/davimax-1-1030x497.png\" \/>\n\t<meta property=\"og:image:width\" content=\"1030\" \/>\n\t<meta property=\"og:image:height\" content=\"497\" \/>\n\t<meta property=\"og:image:type\" content=\"image\/png\" \/>\n<meta name=\"twitter:card\" content=\"summary_large_image\" \/>\n<meta name=\"twitter:site\" content=\"@Swissgliders\" \/>\n<meta name=\"twitter:label1\" content=\"Verf\u00fcgbarkeit\" \/>\n\t<meta name=\"twitter:data1\" content=\"Auf Lager\" \/>\n<script type=\"application\/ld+json\" class=\"yoast-schema-graph\">{\"@context\":\"https:\\\/\\\/schema.org\",\"@graph\":[{\"@type\":\"WebPage\",\"@id\":\"https:\\\/\\\/swissgliders.ch\\\/de\\\/produkt\\\/davinci-davimax\\\/\",\"url\":\"https:\\\/\\\/swissgliders.ch\\\/de\\\/produkt\\\/davinci-davimax\\\/\",\"name\":\"Davinci DaviMAX | Gleitschirmschule Thun, Bern, Interlaken\",\"isPartOf\":{\"@id\":\"https:\\\/\\\/swissgliders.ch\\\/de\\\/#website\"},\"primaryImageOfPage\":{\"@id\":\"https:\\\/\\\/swissgliders.ch\\\/de\\\/produkt\\\/davinci-davimax\\\/#primaryimage\"},\"image\":{\"@id\":\"https:\\\/\\\/swissgliders.ch\\\/de\\\/produkt\\\/davinci-davimax\\\/#primaryimage\"},\"thumbnailUrl\":\"https:\\\/\\\/swissgliders.ch\\\/wp-content\\\/uploads\\\/2024\\\/10\\\/davimax-1.png\",\"datePublished\":\"2024-10-07T20:03:22+00:00\",\"dateModified\":\"2025-06-18T19:34:22+00:00\",\"description\":\"Wettkampfgurtzeug vom jungen und innovativen Hersteller Davinci\",\"breadcrumb\":{\"@id\":\"https:\\\/\\\/swissgliders.ch\\\/de\\\/produkt\\\/davinci-davimax\\\/#breadcrumb\"},\"inLanguage\":\"de\",\"potentialAction\":[{\"@type\":\"ReadAction\",\"target\":[\"https:\\\/\\\/swissgliders.ch\\\/de\\\/produkt\\\/davinci-davimax\\\/\"]}]},{\"@type\":\"ImageObject\",\"inLanguage\":\"de\",\"@id\":\"https:\\\/\\\/swissgliders.ch\\\/de\\\/produkt\\\/davinci-davimax\\\/#primaryimage\",\"url\":\"https:\\\/\\\/swissgliders.ch\\\/wp-content\\\/uploads\\\/2024\\\/10\\\/davimax-1.png\",\"contentUrl\":\"https:\\\/\\\/swissgliders.ch\\\/wp-content\\\/uploads\\\/2024\\\/10\\\/davimax-1.png\",\"width\":3730,\"height\":1800,\"caption\":\"davinci davimax bild 1\"},{\"@type\":\"BreadcrumbList\",\"@id\":\"https:\\\/\\\/swissgliders.ch\\\/de\\\/produkt\\\/davinci-davimax\\\/#breadcrumb\",\"itemListElement\":[{\"@type\":\"ListItem\",\"position\":1,\"name\":\"Startseite\",\"item\":\"https:\\\/\\\/swissgliders.ch\\\/de\\\/willkommen\\\/\"},{\"@type\":\"ListItem\",\"position\":2,\"name\":\"Gleitschirm Shop\",\"item\":\"https:\\\/\\\/swissgliders.ch\\\/de\\\/gleitschirm-shop\\\/\"},{\"@type\":\"ListItem\",\"position\":3,\"name\":\"Davinci DaviMAX\"}]},{\"@type\":\"WebSite\",\"@id\":\"https:\\\/\\\/swissgliders.ch\\\/de\\\/#website\",\"url\":\"https:\\\/\\\/swissgliders.ch\\\/de\\\/\",\"name\":\"Gleitschirmschule Thun, Bern, Interlaken\",\"description\":\"Gleitschirmschule Thun, Bern, Interlaken\",\"publisher\":{\"@id\":\"https:\\\/\\\/swissgliders.ch\\\/de\\\/#organization\"},\"potentialAction\":[{\"@type\":\"SearchAction\",\"target\":{\"@type\":\"EntryPoint\",\"urlTemplate\":\"https:\\\/\\\/swissgliders.ch\\\/de\\\/?s={search_term_string}\"},\"query-input\":{\"@type\":\"PropertyValueSpecification\",\"valueRequired\":true,\"valueName\":\"search_term_string\"}}],\"inLanguage\":\"de\"},{\"@type\":\"Organization\",\"@id\":\"https:\\\/\\\/swissgliders.ch\\\/de\\\/#organization\",\"name\":\"Swissgliders Gleitschirmflugschule Thun\",\"url\":\"https:\\\/\\\/swissgliders.ch\\\/de\\\/\",\"logo\":{\"@type\":\"ImageObject\",\"inLanguage\":\"de\",\"@id\":\"https:\\\/\\\/swissgliders.ch\\\/de\\\/#\\\/schema\\\/logo\\\/image\\\/\",\"url\":\"https:\\\/\\\/swissgliders.ch\\\/wp-content\\\/uploads\\\/2019\\\/12\\\/swissgliders-logo-rgb-square-L-no-ch-01.png\",\"contentUrl\":\"https:\\\/\\\/swissgliders.ch\\\/wp-content\\\/uploads\\\/2019\\\/12\\\/swissgliders-logo-rgb-square-L-no-ch-01.png\",\"width\":2500,\"height\":2500,\"caption\":\"Swissgliders Gleitschirmflugschule Thun\"},\"image\":{\"@id\":\"https:\\\/\\\/swissgliders.ch\\\/de\\\/#\\\/schema\\\/logo\\\/image\\\/\"},\"sameAs\":[\"https:\\\/\\\/www.facebook.com\\\/swissgliders\",\"https:\\\/\\\/x.com\\\/Swissgliders\",\"https:\\\/\\\/www.instagram.com\\\/swissgliders\\\/\",\"https:\\\/\\\/www.youtube.com\\\/channel\\\/UCMCtGdepy9vBhrhX3V_oJOA\"],\"hasMerchantReturnPolicy\":{\"@type\":\"MerchantReturnPolicy\",\"merchantReturnLink\":\"https:\\\/\\\/swissgliders.ch\\\/de\\\/allgemeine-geschaftsbedingungen\\\/\"}}]}<\/script>\n<meta property=\"og:availability\" content=\"instock\" \/>\n<meta property=\"product:availability\" content=\"instock\" \/>\n<meta property=\"product:condition\" content=\"new\" \/>\n<!-- \/ Yoast SEO Premium plugin. -->","yoast_head_json":{"title":"Davinci DaviMAX | Gleitschirmschule Thun, Bern, Interlaken","description":"Wettkampfgurtzeug vom jungen und innovativen Hersteller Davinci","robots":{"index":"index","follow":"follow","max-snippet":"max-snippet:-1","max-image-preview":"max-image-preview:large","max-video-preview":"max-video-preview:-1"},"canonical":"https:\/\/swissgliders.ch\/de\/produkt\/davinci-davimax\/","og_locale":"de_DE","og_type":"article","og_title":"Davinci DaviMAX","og_description":"Wettkampfgurtzeug vom jungen und innovativen Hersteller Davinci","og_url":"https:\/\/swissgliders.ch\/de\/produkt\/davinci-davimax\/","og_site_name":"Gleitschirmschule Thun, Bern, Interlaken","article_publisher":"https:\/\/www.facebook.com\/swissgliders","article_modified_time":"2025-06-18T19:34:22+00:00","og_image":[{"width":1030,"height":497,"url":"https:\/\/swissgliders.ch\/wp-content\/uploads\/2024\/10\/davimax-1-1030x497.png","type":"image\/png"}],"twitter_card":"summary_large_image","twitter_site":"@Swissgliders","twitter_misc":{"Verf\u00fcgbarkeit":"Auf Lager"},"schema":{"@context":"https:\/\/schema.org","@graph":[{"@type":"WebPage","@id":"https:\/\/swissgliders.ch\/de\/produkt\/davinci-davimax\/","url":"https:\/\/swissgliders.ch\/de\/produkt\/davinci-davimax\/","name":"Davinci DaviMAX | Gleitschirmschule Thun, Bern, Interlaken","isPartOf":{"@id":"https:\/\/swissgliders.ch\/de\/#website"},"primaryImageOfPage":{"@id":"https:\/\/swissgliders.ch\/de\/produkt\/davinci-davimax\/#primaryimage"},"image":{"@id":"https:\/\/swissgliders.ch\/de\/produkt\/davinci-davimax\/#primaryimage"},"thumbnailUrl":"https:\/\/swissgliders.ch\/wp-content\/uploads\/2024\/10\/davimax-1.png","datePublished":"2024-10-07T20:03:22+00:00","dateModified":"2025-06-18T19:34:22+00:00","description":"Wettkampfgurtzeug vom jungen und innovativen Hersteller Davinci","breadcrumb":{"@id":"https:\/\/swissgliders.ch\/de\/produkt\/davinci-davimax\/#breadcrumb"},"inLanguage":"de","potentialAction":[{"@type":"ReadAction","target":["https:\/\/swissgliders.ch\/de\/produkt\/davinci-davimax\/"]}]},{"@type":"ImageObject","inLanguage":"de","@id":"https:\/\/swissgliders.ch\/de\/produkt\/davinci-davimax\/#primaryimage","url":"https:\/\/swissgliders.ch\/wp-content\/uploads\/2024\/10\/davimax-1.png","contentUrl":"https:\/\/swissgliders.ch\/wp-content\/uploads\/2024\/10\/davimax-1.png","width":3730,"height":1800,"caption":"davinci davimax bild 1"},{"@type":"BreadcrumbList","@id":"https:\/\/swissgliders.ch\/de\/produkt\/davinci-davimax\/#breadcrumb","itemListElement":[{"@type":"ListItem","position":1,"name":"Startseite","item":"https:\/\/swissgliders.ch\/de\/willkommen\/"},{"@type":"ListItem","position":2,"name":"Gleitschirm Shop","item":"https:\/\/swissgliders.ch\/de\/gleitschirm-shop\/"},{"@type":"ListItem","position":3,"name":"Davinci DaviMAX"}]},{"@type":"WebSite","@id":"https:\/\/swissgliders.ch\/de\/#website","url":"https:\/\/swissgliders.ch\/de\/","name":"Gleitschirmschule Thun, Bern, Interlaken","description":"Gleitschirmschule Thun, Bern, Interlaken","publisher":{"@id":"https:\/\/swissgliders.ch\/de\/#organization"},"potentialAction":[{"@type":"SearchAction","target":{"@type":"EntryPoint","urlTemplate":"https:\/\/swissgliders.ch\/de\/?s={search_term_string}"},"query-input":{"@type":"PropertyValueSpecification","valueRequired":true,"valueName":"search_term_string"}}],"inLanguage":"de"},{"@type":"Organization","@id":"https:\/\/swissgliders.ch\/de\/#organization","name":"Swissgliders Gleitschirmflugschule Thun","url":"https:\/\/swissgliders.ch\/de\/","logo":{"@type":"ImageObject","inLanguage":"de","@id":"https:\/\/swissgliders.ch\/de\/#\/schema\/logo\/image\/","url":"https:\/\/swissgliders.ch\/wp-content\/uploads\/2019\/12\/swissgliders-logo-rgb-square-L-no-ch-01.png","contentUrl":"https:\/\/swissgliders.ch\/wp-content\/uploads\/2019\/12\/swissgliders-logo-rgb-square-L-no-ch-01.png","width":2500,"height":2500,"caption":"Swissgliders Gleitschirmflugschule Thun"},"image":{"@id":"https:\/\/swissgliders.ch\/de\/#\/schema\/logo\/image\/"},"sameAs":["https:\/\/www.facebook.com\/swissgliders","https:\/\/x.com\/Swissgliders","https:\/\/www.instagram.com\/swissgliders\/","https:\/\/www.youtube.com\/channel\/UCMCtGdepy9vBhrhX3V_oJOA"],"hasMerchantReturnPolicy":{"@type":"MerchantReturnPolicy","merchantReturnLink":"https:\/\/swissgliders.ch\/de\/allgemeine-geschaftsbedingungen\/"}}]},"og_availability":"instock","product_availability":"instock","product_condition":"new"},"_links":{"self":[{"href":"https:\/\/swissgliders.ch\/de\/wp-json\/wp\/v2\/product\/15013","targetHints":{"allow":["GET"]}}],"collection":[{"href":"https:\/\/swissgliders.ch\/de\/wp-json\/wp\/v2\/product"}],"about":[{"href":"https:\/\/swissgliders.ch\/de\/wp-json\/wp\/v2\/types\/product"}],"replies":[{"embeddable":true,"href":"https:\/\/swissgliders.ch\/de\/wp-json\/wp\/v2\/comments?post=15013"}],"wp:featuredmedia":[{"embeddable":true,"href":"https:\/\/swissgliders.ch\/de\/wp-json\/wp\/v2\/media\/15027"}],"wp:attachment":[{"href":"https:\/\/swissgliders.ch\/de\/wp-json\/wp\/v2\/media?parent=15013"}],"wp:term":[{"taxonomy":"product_brand","embeddable":true,"href":"https:\/\/swissgliders.ch\/de\/wp-json\/wp\/v2\/product_brand?post=15013"},{"taxonomy":"product_cat","embeddable":true,"href":"https:\/\/swissgliders.ch\/de\/wp-json\/wp\/v2\/product_cat?post=15013"},{"taxonomy":"product_tag","embeddable":true,"href":"https:\/\/swissgliders.ch\/de\/wp-json\/wp\/v2\/product_tag?post=15013"}],"curies":[{"name":"wp","href":"https:\/\/api.w.org\/{rel}","templated":true}]}}