{"id":15129,"date":"2024-10-17T11:59:20","date_gmt":"2024-10-17T10:59:20","guid":{"rendered":"https:\/\/swissgliders.ch\/?post_type=product&#038;p=15129"},"modified":"2025-01-11T16:48:55","modified_gmt":"2025-01-11T15:48:55","slug":"davinci-radio-case","status":"publish","type":"product","link":"https:\/\/swissgliders.ch\/de\/produkt\/davinci-radio-case\/","title":{"rendered":"Davinci Funkger\u00e4t Halterung"},"content":{"rendered":"<p><img loading=\"lazy\" decoding=\"async\" class=\"\" src=\"https:\/\/www.flydavinci.com\/site\/assets\/files\/2203\/radio_case-4-_1-1.png\" width=\"248\" height=\"274\" \/><\/p>\n<p>&nbsp;<\/p>\n<p>Die Funkger\u00e4tehalterung von Davinci bietet ein einfaches und effizientes Befestigungssystem mit einem Clipverschluss, der das Funkger\u00e4t sicher an seinem Platz h\u00e4lt. Die Schulter- und K\u00f6rpergurte sorgen daf\u00fcr, dass die Tasche gut in der Hand liegt und sich bequem an deinen K\u00f6rper anpassen l\u00e4sst. Zus\u00e4tzlich sorgt der Clipverschluss an der Tasche f\u00fcr zus\u00e4tzliche Sicherheit und verhindert, dass das Funkger\u00e4t aus der Taschenposition rutscht. Dar\u00fcber hinaus ist die Tasche so konzipiert, dass sie zus\u00e4tzlichen Schutz f\u00fcr verschiedene Handfunkger\u00e4te bietet, so dass sie mit den meisten Modellen kompatibel ist.<\/p>\n<p>&nbsp;<\/p>\n<p>Mehr <a href=\"https:\/\/www.flydavinci.com\/products\/accessories\/radiocase\/\" target=\"_blank\" rel=\"noopener noreferrer\">Info<\/a><\/p>\n<p>Falls dieser Artikel nicht an Lager ist, wird er f\u00fcr dich bestellt. Lieferfrist von Hersteller 1-2 Wochen. Lieferung ab Lager S\u00fcdkorea.<\/p>\n","protected":false},"excerpt":{"rendered":"<p><img loading=\"lazy\" decoding=\"async\" class=\"\" src=\"https:\/\/www.flydavinci.com\/site\/assets\/files\/2203\/radio_case-4-_1-1.png\" width=\"248\" height=\"274\" \/><\/p>\n<p>&nbsp;<\/p>\n<p>Die Funkger\u00e4tehalterung von Davinci bietet ein einfaches und effizientes Befestigungssystem mit einem Clipverschluss, der das Funkger\u00e4t sicher an seinem Platz h\u00e4lt. Die Schulter- und K\u00f6rpergurte sorgen daf\u00fcr, dass die Tasche gut in der Hand liegt und sich bequem an deinen K\u00f6rper anpassen l\u00e4sst. Zus\u00e4tzlich sorgt der Clipverschluss an der Tasche f\u00fcr zus\u00e4tzliche Sicherheit und verhindert, dass das Funkger\u00e4t aus der Taschenposition rutscht. Dar\u00fcber hinaus ist die Tasche so konzipiert, dass sie zus\u00e4tzlichen Schutz f\u00fcr verschiedene Handfunkger\u00e4te bietet, so dass sie mit den meisten Modellen kompatibel ist.<\/p>\n<p>&nbsp;<\/p>\n<p>Mehr <a href=\"https:\/\/www.flydavinci.com\/products\/accessories\/radiocase\/\" target=\"_blank\" rel=\"noopener noreferrer\">Info<\/a><\/p>\n<p>Falls dieser Artikel nicht an Lager ist, wird er f\u00fcr dich bestellt. Lieferfrist von Hersteller 1-2 Wochen. Lieferung ab Lager S\u00fcdkorea.<\/p>\n","protected":false},"featured_media":15141,"comment_status":"closed","ping_status":"closed","template":"","meta":[],"product_brand":[],"product_cat":[402],"product_tag":[90,410],"class_list":{"0":"post-15129","1":"product","2":"type-product","3":"status-publish","4":"has-post-thumbnail","6":"product_cat-gleitschirm-zubehoer","7":"product_tag-verkaufsartikel","8":"product_tag-zubehoer","9":"product_shipping_class-priority-2kg-de","11":"first","12":"instock","13":"shipping-taxable","14":"purchasable","15":"product-type-simple"},"yoast_head":"<!-- This site is optimized with the Yoast SEO Premium plugin v26.1 (Yoast SEO v27.3) - https:\/\/yoast.com\/product\/yoast-seo-premium-wordpress\/ -->\n<title>Davinci Funkger\u00e4t Halterung | Gleitschirmschule Thun, Bern, Interlaken<\/title>\n<meta name=\"description\" content=\"Die Davinci Funkger\u00e4thalterung bietet ein einfaches und effizientes Befestigungssystem mit einem Clipverschluss, der das Funkger\u00e4t sicher an seinem Platz h\u00e4lt. Die Schulter- und K\u00f6rpergurte sorgen daf\u00fcr, dass die Tasche gut in der Hand liegt und sich bequem an Ihren K\u00f6rper anpassen l\u00e4sst. Zus\u00e4tzlich sorgt der Clipverschluss an der Tasche f\u00fcr zus\u00e4tzliche Sicherheit und verhindert, dass das Funkger\u00e4t aus der Taschenposition rutscht. Dar\u00fcber hinaus ist die Tasche so konzipiert, dass sie zus\u00e4tzlichen Schutz f\u00fcr verschiedene Handfunkger\u00e4te bietet, so dass sie mit den meisten Modellen kompatibel ist.\" \/>\n<meta name=\"robots\" content=\"index, follow, max-snippet:-1, max-image-preview:large, max-video-preview:-1\" \/>\n<link rel=\"canonical\" href=\"https:\/\/swissgliders.ch\/de\/produkt\/davinci-radio-case\/\" \/>\n<meta property=\"og:locale\" content=\"de_DE\" \/>\n<meta property=\"og:type\" content=\"article\" \/>\n<meta property=\"og:title\" content=\"Davinci Funkger\u00e4t Halterung\" \/>\n<meta property=\"og:description\" content=\"Die Davinci Funkger\u00e4thalterung bietet ein einfaches und effizientes Befestigungssystem mit einem Clipverschluss, der das Funkger\u00e4t sicher an seinem Platz h\u00e4lt. Die Schulter- und K\u00f6rpergurte sorgen daf\u00fcr, dass die Tasche gut in der Hand liegt und sich bequem an Ihren K\u00f6rper anpassen l\u00e4sst. Zus\u00e4tzlich sorgt der Clipverschluss an der Tasche f\u00fcr zus\u00e4tzliche Sicherheit und verhindert, dass das Funkger\u00e4t aus der Taschenposition rutscht. Dar\u00fcber hinaus ist die Tasche so konzipiert, dass sie zus\u00e4tzlichen Schutz f\u00fcr verschiedene Handfunkger\u00e4te bietet, so dass sie mit den meisten Modellen kompatibel ist.\" \/>\n<meta property=\"og:url\" content=\"https:\/\/swissgliders.ch\/de\/produkt\/davinci-radio-case\/\" \/>\n<meta property=\"og:site_name\" content=\"Gleitschirmschule Thun, Bern, Interlaken\" \/>\n<meta property=\"article:publisher\" content=\"https:\/\/www.facebook.com\/swissgliders\" \/>\n<meta property=\"article:modified_time\" content=\"2025-01-11T15:48:55+00:00\" \/>\n<meta property=\"og:image\" content=\"https:\/\/swissgliders.ch\/wp-content\/uploads\/2024\/10\/Davinci_Zubehoer_Radio-Case-1-934x1030.png\" \/>\n\t<meta property=\"og:image:width\" content=\"934\" \/>\n\t<meta property=\"og:image:height\" content=\"1030\" \/>\n\t<meta property=\"og:image:type\" content=\"image\/png\" \/>\n<meta name=\"twitter:card\" content=\"summary_large_image\" \/>\n<meta name=\"twitter:site\" content=\"@Swissgliders\" \/>\n<meta name=\"twitter:label1\" content=\"Preis\" \/>\n\t<meta name=\"twitter:data1\" content=\"&#067;&#072;&#070;&nbsp;40.00\" \/>\n\t<meta name=\"twitter:label2\" content=\"Verf\u00fcgbarkeit\" \/>\n\t<meta name=\"twitter:data2\" content=\"Auf Lager\" \/>\n<script type=\"application\/ld+json\" class=\"yoast-schema-graph\">{\"@context\":\"https:\\\/\\\/schema.org\",\"@graph\":[{\"@type\":\"WebPage\",\"@id\":\"https:\\\/\\\/swissgliders.ch\\\/de\\\/produkt\\\/davinci-radio-case\\\/\",\"url\":\"https:\\\/\\\/swissgliders.ch\\\/de\\\/produkt\\\/davinci-radio-case\\\/\",\"name\":\"Davinci Funkger\u00e4t Halterung | Gleitschirmschule Thun, Bern, Interlaken\",\"isPartOf\":{\"@id\":\"https:\\\/\\\/swissgliders.ch\\\/de\\\/#website\"},\"primaryImageOfPage\":{\"@id\":\"https:\\\/\\\/swissgliders.ch\\\/de\\\/produkt\\\/davinci-radio-case\\\/#primaryimage\"},\"image\":{\"@id\":\"https:\\\/\\\/swissgliders.ch\\\/de\\\/produkt\\\/davinci-radio-case\\\/#primaryimage\"},\"thumbnailUrl\":\"https:\\\/\\\/swissgliders.ch\\\/wp-content\\\/uploads\\\/2024\\\/10\\\/Davinci_Zubehoer_Radio-Case-1.png\",\"datePublished\":\"2024-10-17T10:59:20+00:00\",\"dateModified\":\"2025-01-11T15:48:55+00:00\",\"description\":\"Die Davinci Funkger\u00e4thalterung bietet ein einfaches und effizientes Befestigungssystem mit einem Clipverschluss, der das Funkger\u00e4t sicher an seinem Platz h\u00e4lt. Die Schulter- und K\u00f6rpergurte sorgen daf\u00fcr, dass die Tasche gut in der Hand liegt und sich bequem an Ihren K\u00f6rper anpassen l\u00e4sst. Zus\u00e4tzlich sorgt der Clipverschluss an der Tasche f\u00fcr zus\u00e4tzliche Sicherheit und verhindert, dass das Funkger\u00e4t aus der Taschenposition rutscht. Dar\u00fcber hinaus ist die Tasche so konzipiert, dass sie zus\u00e4tzlichen Schutz f\u00fcr verschiedene Handfunkger\u00e4te bietet, so dass sie mit den meisten Modellen kompatibel ist.\",\"breadcrumb\":{\"@id\":\"https:\\\/\\\/swissgliders.ch\\\/de\\\/produkt\\\/davinci-radio-case\\\/#breadcrumb\"},\"inLanguage\":\"de\",\"potentialAction\":[{\"@type\":\"ReadAction\",\"target\":[\"https:\\\/\\\/swissgliders.ch\\\/de\\\/produkt\\\/davinci-radio-case\\\/\"]}]},{\"@type\":\"ImageObject\",\"inLanguage\":\"de\",\"@id\":\"https:\\\/\\\/swissgliders.ch\\\/de\\\/produkt\\\/davinci-radio-case\\\/#primaryimage\",\"url\":\"https:\\\/\\\/swissgliders.ch\\\/wp-content\\\/uploads\\\/2024\\\/10\\\/Davinci_Zubehoer_Radio-Case-1.png\",\"contentUrl\":\"https:\\\/\\\/swissgliders.ch\\\/wp-content\\\/uploads\\\/2024\\\/10\\\/Davinci_Zubehoer_Radio-Case-1.png\",\"width\":3000,\"height\":3309,\"caption\":\"Davinci_Zubehoer_Radio Case-1\"},{\"@type\":\"BreadcrumbList\",\"@id\":\"https:\\\/\\\/swissgliders.ch\\\/de\\\/produkt\\\/davinci-radio-case\\\/#breadcrumb\",\"itemListElement\":[{\"@type\":\"ListItem\",\"position\":1,\"name\":\"Startseite\",\"item\":\"https:\\\/\\\/swissgliders.ch\\\/de\\\/willkommen\\\/\"},{\"@type\":\"ListItem\",\"position\":2,\"name\":\"Gleitschirm Shop\",\"item\":\"https:\\\/\\\/swissgliders.ch\\\/de\\\/gleitschirm-shop\\\/\"},{\"@type\":\"ListItem\",\"position\":3,\"name\":\"Davinci Funkger\u00e4t Halterung\"}]},{\"@type\":\"WebSite\",\"@id\":\"https:\\\/\\\/swissgliders.ch\\\/de\\\/#website\",\"url\":\"https:\\\/\\\/swissgliders.ch\\\/de\\\/\",\"name\":\"Gleitschirmschule Thun, Bern, Interlaken\",\"description\":\"Gleitschirmschule Thun, Bern, Interlaken\",\"publisher\":{\"@id\":\"https:\\\/\\\/swissgliders.ch\\\/de\\\/#organization\"},\"potentialAction\":[{\"@type\":\"SearchAction\",\"target\":{\"@type\":\"EntryPoint\",\"urlTemplate\":\"https:\\\/\\\/swissgliders.ch\\\/de\\\/?s={search_term_string}\"},\"query-input\":{\"@type\":\"PropertyValueSpecification\",\"valueRequired\":true,\"valueName\":\"search_term_string\"}}],\"inLanguage\":\"de\"},{\"@type\":\"Organization\",\"@id\":\"https:\\\/\\\/swissgliders.ch\\\/de\\\/#organization\",\"name\":\"Swissgliders Gleitschirmflugschule Thun\",\"url\":\"https:\\\/\\\/swissgliders.ch\\\/de\\\/\",\"logo\":{\"@type\":\"ImageObject\",\"inLanguage\":\"de\",\"@id\":\"https:\\\/\\\/swissgliders.ch\\\/de\\\/#\\\/schema\\\/logo\\\/image\\\/\",\"url\":\"https:\\\/\\\/swissgliders.ch\\\/wp-content\\\/uploads\\\/2019\\\/12\\\/swissgliders-logo-rgb-square-L-no-ch-01.png\",\"contentUrl\":\"https:\\\/\\\/swissgliders.ch\\\/wp-content\\\/uploads\\\/2019\\\/12\\\/swissgliders-logo-rgb-square-L-no-ch-01.png\",\"width\":2500,\"height\":2500,\"caption\":\"Swissgliders Gleitschirmflugschule Thun\"},\"image\":{\"@id\":\"https:\\\/\\\/swissgliders.ch\\\/de\\\/#\\\/schema\\\/logo\\\/image\\\/\"},\"sameAs\":[\"https:\\\/\\\/www.facebook.com\\\/swissgliders\",\"https:\\\/\\\/x.com\\\/Swissgliders\",\"https:\\\/\\\/www.instagram.com\\\/swissgliders\\\/\",\"https:\\\/\\\/www.youtube.com\\\/channel\\\/UCMCtGdepy9vBhrhX3V_oJOA\"],\"hasMerchantReturnPolicy\":{\"@type\":\"MerchantReturnPolicy\",\"merchantReturnLink\":\"https:\\\/\\\/swissgliders.ch\\\/de\\\/allgemeine-geschaftsbedingungen\\\/\"}}]}<\/script>\n<meta property=\"product:price:amount\" content=\"40.00\" \/>\n<meta property=\"product:price:currency\" content=\"CHF\" \/>\n<meta property=\"og:availability\" content=\"instock\" \/>\n<meta property=\"product:availability\" content=\"instock\" \/>\n<meta property=\"product:condition\" content=\"new\" \/>\n<!-- \/ Yoast SEO Premium plugin. -->","yoast_head_json":{"title":"Davinci Funkger\u00e4t Halterung | Gleitschirmschule Thun, Bern, Interlaken","description":"Die Davinci Funkger\u00e4thalterung bietet ein einfaches und effizientes Befestigungssystem mit einem Clipverschluss, der das Funkger\u00e4t sicher an seinem Platz h\u00e4lt. Die Schulter- und K\u00f6rpergurte sorgen daf\u00fcr, dass die Tasche gut in der Hand liegt und sich bequem an Ihren K\u00f6rper anpassen l\u00e4sst. Zus\u00e4tzlich sorgt der Clipverschluss an der Tasche f\u00fcr zus\u00e4tzliche Sicherheit und verhindert, dass das Funkger\u00e4t aus der Taschenposition rutscht. Dar\u00fcber hinaus ist die Tasche so konzipiert, dass sie zus\u00e4tzlichen Schutz f\u00fcr verschiedene Handfunkger\u00e4te bietet, so dass sie mit den meisten Modellen kompatibel ist.","robots":{"index":"index","follow":"follow","max-snippet":"max-snippet:-1","max-image-preview":"max-image-preview:large","max-video-preview":"max-video-preview:-1"},"canonical":"https:\/\/swissgliders.ch\/de\/produkt\/davinci-radio-case\/","og_locale":"de_DE","og_type":"article","og_title":"Davinci Funkger\u00e4t Halterung","og_description":"Die Davinci Funkger\u00e4thalterung bietet ein einfaches und effizientes Befestigungssystem mit einem Clipverschluss, der das Funkger\u00e4t sicher an seinem Platz h\u00e4lt. Die Schulter- und K\u00f6rpergurte sorgen daf\u00fcr, dass die Tasche gut in der Hand liegt und sich bequem an Ihren K\u00f6rper anpassen l\u00e4sst. Zus\u00e4tzlich sorgt der Clipverschluss an der Tasche f\u00fcr zus\u00e4tzliche Sicherheit und verhindert, dass das Funkger\u00e4t aus der Taschenposition rutscht. Dar\u00fcber hinaus ist die Tasche so konzipiert, dass sie zus\u00e4tzlichen Schutz f\u00fcr verschiedene Handfunkger\u00e4te bietet, so dass sie mit den meisten Modellen kompatibel ist.","og_url":"https:\/\/swissgliders.ch\/de\/produkt\/davinci-radio-case\/","og_site_name":"Gleitschirmschule Thun, Bern, Interlaken","article_publisher":"https:\/\/www.facebook.com\/swissgliders","article_modified_time":"2025-01-11T15:48:55+00:00","og_image":[{"width":934,"height":1030,"url":"https:\/\/swissgliders.ch\/wp-content\/uploads\/2024\/10\/Davinci_Zubehoer_Radio-Case-1-934x1030.png","type":"image\/png"}],"twitter_card":"summary_large_image","twitter_site":"@Swissgliders","twitter_misc":{"Preis":"&#67;&#72;&#70;&nbsp;40.00","Verf\u00fcgbarkeit":"Auf Lager"},"schema":{"@context":"https:\/\/schema.org","@graph":[{"@type":"WebPage","@id":"https:\/\/swissgliders.ch\/de\/produkt\/davinci-radio-case\/","url":"https:\/\/swissgliders.ch\/de\/produkt\/davinci-radio-case\/","name":"Davinci Funkger\u00e4t Halterung | Gleitschirmschule Thun, Bern, Interlaken","isPartOf":{"@id":"https:\/\/swissgliders.ch\/de\/#website"},"primaryImageOfPage":{"@id":"https:\/\/swissgliders.ch\/de\/produkt\/davinci-radio-case\/#primaryimage"},"image":{"@id":"https:\/\/swissgliders.ch\/de\/produkt\/davinci-radio-case\/#primaryimage"},"thumbnailUrl":"https:\/\/swissgliders.ch\/wp-content\/uploads\/2024\/10\/Davinci_Zubehoer_Radio-Case-1.png","datePublished":"2024-10-17T10:59:20+00:00","dateModified":"2025-01-11T15:48:55+00:00","description":"Die Davinci Funkger\u00e4thalterung bietet ein einfaches und effizientes Befestigungssystem mit einem Clipverschluss, der das Funkger\u00e4t sicher an seinem Platz h\u00e4lt. Die Schulter- und K\u00f6rpergurte sorgen daf\u00fcr, dass die Tasche gut in der Hand liegt und sich bequem an Ihren K\u00f6rper anpassen l\u00e4sst. Zus\u00e4tzlich sorgt der Clipverschluss an der Tasche f\u00fcr zus\u00e4tzliche Sicherheit und verhindert, dass das Funkger\u00e4t aus der Taschenposition rutscht. Dar\u00fcber hinaus ist die Tasche so konzipiert, dass sie zus\u00e4tzlichen Schutz f\u00fcr verschiedene Handfunkger\u00e4te bietet, so dass sie mit den meisten Modellen kompatibel ist.","breadcrumb":{"@id":"https:\/\/swissgliders.ch\/de\/produkt\/davinci-radio-case\/#breadcrumb"},"inLanguage":"de","potentialAction":[{"@type":"ReadAction","target":["https:\/\/swissgliders.ch\/de\/produkt\/davinci-radio-case\/"]}]},{"@type":"ImageObject","inLanguage":"de","@id":"https:\/\/swissgliders.ch\/de\/produkt\/davinci-radio-case\/#primaryimage","url":"https:\/\/swissgliders.ch\/wp-content\/uploads\/2024\/10\/Davinci_Zubehoer_Radio-Case-1.png","contentUrl":"https:\/\/swissgliders.ch\/wp-content\/uploads\/2024\/10\/Davinci_Zubehoer_Radio-Case-1.png","width":3000,"height":3309,"caption":"Davinci_Zubehoer_Radio Case-1"},{"@type":"BreadcrumbList","@id":"https:\/\/swissgliders.ch\/de\/produkt\/davinci-radio-case\/#breadcrumb","itemListElement":[{"@type":"ListItem","position":1,"name":"Startseite","item":"https:\/\/swissgliders.ch\/de\/willkommen\/"},{"@type":"ListItem","position":2,"name":"Gleitschirm Shop","item":"https:\/\/swissgliders.ch\/de\/gleitschirm-shop\/"},{"@type":"ListItem","position":3,"name":"Davinci Funkger\u00e4t Halterung"}]},{"@type":"WebSite","@id":"https:\/\/swissgliders.ch\/de\/#website","url":"https:\/\/swissgliders.ch\/de\/","name":"Gleitschirmschule Thun, Bern, Interlaken","description":"Gleitschirmschule Thun, Bern, Interlaken","publisher":{"@id":"https:\/\/swissgliders.ch\/de\/#organization"},"potentialAction":[{"@type":"SearchAction","target":{"@type":"EntryPoint","urlTemplate":"https:\/\/swissgliders.ch\/de\/?s={search_term_string}"},"query-input":{"@type":"PropertyValueSpecification","valueRequired":true,"valueName":"search_term_string"}}],"inLanguage":"de"},{"@type":"Organization","@id":"https:\/\/swissgliders.ch\/de\/#organization","name":"Swissgliders Gleitschirmflugschule Thun","url":"https:\/\/swissgliders.ch\/de\/","logo":{"@type":"ImageObject","inLanguage":"de","@id":"https:\/\/swissgliders.ch\/de\/#\/schema\/logo\/image\/","url":"https:\/\/swissgliders.ch\/wp-content\/uploads\/2019\/12\/swissgliders-logo-rgb-square-L-no-ch-01.png","contentUrl":"https:\/\/swissgliders.ch\/wp-content\/uploads\/2019\/12\/swissgliders-logo-rgb-square-L-no-ch-01.png","width":2500,"height":2500,"caption":"Swissgliders Gleitschirmflugschule Thun"},"image":{"@id":"https:\/\/swissgliders.ch\/de\/#\/schema\/logo\/image\/"},"sameAs":["https:\/\/www.facebook.com\/swissgliders","https:\/\/x.com\/Swissgliders","https:\/\/www.instagram.com\/swissgliders\/","https:\/\/www.youtube.com\/channel\/UCMCtGdepy9vBhrhX3V_oJOA"],"hasMerchantReturnPolicy":{"@type":"MerchantReturnPolicy","merchantReturnLink":"https:\/\/swissgliders.ch\/de\/allgemeine-geschaftsbedingungen\/"}}]},"product_price_amount":"40.00","product_price_currency":"CHF","og_availability":"instock","product_availability":"instock","product_condition":"new"},"_links":{"self":[{"href":"https:\/\/swissgliders.ch\/de\/wp-json\/wp\/v2\/product\/15129","targetHints":{"allow":["GET"]}}],"collection":[{"href":"https:\/\/swissgliders.ch\/de\/wp-json\/wp\/v2\/product"}],"about":[{"href":"https:\/\/swissgliders.ch\/de\/wp-json\/wp\/v2\/types\/product"}],"replies":[{"embeddable":true,"href":"https:\/\/swissgliders.ch\/de\/wp-json\/wp\/v2\/comments?post=15129"}],"wp:featuredmedia":[{"embeddable":true,"href":"https:\/\/swissgliders.ch\/de\/wp-json\/wp\/v2\/media\/15141"}],"wp:attachment":[{"href":"https:\/\/swissgliders.ch\/de\/wp-json\/wp\/v2\/media?parent=15129"}],"wp:term":[{"taxonomy":"product_brand","embeddable":true,"href":"https:\/\/swissgliders.ch\/de\/wp-json\/wp\/v2\/product_brand?post=15129"},{"taxonomy":"product_cat","embeddable":true,"href":"https:\/\/swissgliders.ch\/de\/wp-json\/wp\/v2\/product_cat?post=15129"},{"taxonomy":"product_tag","embeddable":true,"href":"https:\/\/swissgliders.ch\/de\/wp-json\/wp\/v2\/product_tag?post=15129"}],"curies":[{"name":"wp","href":"https:\/\/api.w.org\/{rel}","templated":true}]}}