{"id":15151,"date":"2024-10-17T12:14:56","date_gmt":"2024-10-17T11:14:56","guid":{"rendered":"https:\/\/swissgliders.ch\/?post_type=product&#038;p=15151"},"modified":"2025-03-23T21:33:53","modified_gmt":"2025-03-23T20:33:53","slug":"davinci-frontcontainer-rescue","status":"publish","type":"product","link":"https:\/\/swissgliders.ch\/de\/produkt\/davinci-frontcontainer-rescue\/","title":{"rendered":"Davinci Frontcontainer Rescue"},"content":{"rendered":"<h3>Front-Rescue-Rettungscontainer<\/h3>\n<p><img loading=\"lazy\" decoding=\"async\" class=\"\" src=\"https:\/\/www.flydavinci.com\/site\/assets\/files\/2225\/front_rescue_container-2.jpg\" width=\"476\" height=\"357\" \/><\/p>\n<p>Der Davinci Front Rescue Container ist die ideale L\u00f6sung f\u00fcr Gleitschirmflieger, die ein kompaktes, leichtes und effizientes Frontmontagesystem f\u00fcr ihr Rettungsger\u00e4t suchen. Dieses innovative Produkt wurde speziell f\u00fcr leichte Gleitschirmgurtzeuge ohne integrierten Rettungsschirmcontainer entwickelt.<\/p>\n<p><strong>Hauptmerkmale:<\/strong><\/p>\n<ol>\n<li><strong>Front-Mounted Design:<\/strong> Der Davinci Front Rescue Container ist f\u00fcr die m\u00fchelose Frontmontage konzipiert und erm\u00f6glicht es dir, dein Rettungsger\u00e4t sicher zu befestigen, ohne dass ein integrierter Rettungsschirm-Container erforderlich ist.<\/li>\n<li><strong>Kompakt und leicht:<\/strong> Davinci weiss, wie wichtig es ist, das Gewicht der Gleitschirmausr\u00fcstung zu minimieren. Dieser Container bietet ein perfektes Gleichgewicht zwischen Kompaktheit und Gewicht und stellt eine zuverl\u00e4ssige und leichte L\u00f6sung dar.<\/li>\n<li><strong>Integriertes Instrumentenbrett:<\/strong> Der Davinci Front Rescue Container ist mit einem kleinen Instrumentenbrett auf der Oberseite ausgestattet. So hast du bei deinen Gleitschirmabenteuern die wichtigsten Instrumente immer in Griffweite.<\/li>\n<li><strong>Sichere Positionierung:<\/strong> Dank des innovativen Bauchgurtes sorgt der Front-Rettungscontainer f\u00fcr eine sichere Positionierung in allen Flugphasen. Geniess die Gewissheit, dass dein Rettungsschirm sicher in Position gehalten wird, wenn du ihn am meisten brauchst.<\/li>\n<li><strong>Vielseitige Kompatibilit\u00e4t:<\/strong> Der Davinci Front Rescue Container ist so konzipiert, dass er sich nahtlos in alle Sitzgurte (ohne Speedbag) integrieren l\u00e4sst.<\/li>\n<\/ol>\n<p>&nbsp;<\/p>\n<p><em>**Der Front-Rettungscontainer f\u00fcr Rettungsger\u00e4te: Comma lite, Comma S kann in den Container L eingesetzt werden : wird in K\u00fcrze f\u00fcr Comma M, L erscheinen<\/em><\/p>\n<table>\n<tbody>\n<tr>\n<td>Sizes<\/td>\n<td>Comma Light, S, M, L &amp; Comma S<\/td>\n<\/tr>\n<tr>\n<td>Color<\/td>\n<td>Black<\/td>\n<\/tr>\n<tr>\n<td>Fabric<\/td>\n<td>70D RB EXTREEMA R\/S + spandex<\/td>\n<\/tr>\n<\/tbody>\n<\/table>\n<p>&nbsp;<\/p>\n<p>Mehr <a href=\"https:\/\/www.flydavinci.com\/products\/accessories\/frontrescue-container\/\">Infos<\/a><\/p>\n<p>Falls dieser Artikel nicht an Lager ist, wird er f\u00fcr dich bestellt. Lieferfrist 1-2 Wochen. Lieferung ab Lager S\u00fcdkorea.<\/p>\n","protected":false},"excerpt":{"rendered":"<h3>Front-Rescue-Rettungscontainer<\/h3>\n<p><img loading=\"lazy\" decoding=\"async\" class=\"\" src=\"https:\/\/www.flydavinci.com\/site\/assets\/files\/2225\/front_rescue_container-2.jpg\" width=\"476\" height=\"357\" \/><\/p>\n<p>Der Davinci Front Rescue Container ist die ideale L\u00f6sung f\u00fcr Gleitschirmflieger, die ein kompaktes, leichtes und effizientes Frontmontagesystem f\u00fcr ihr Rettungsger\u00e4t suchen. Dieses innovative Produkt wurde speziell f\u00fcr leichte Gleitschirmgurtzeuge ohne integrierten Rettungsschirmcontainer entwickelt.<\/p>\n<p><strong>Hauptmerkmale:<\/strong><\/p>\n<ol>\n<li><strong>Front-Mounted Design:<\/strong> Der Davinci Front Rescue Container ist f\u00fcr die m\u00fchelose Frontmontage konzipiert und erm\u00f6glicht es dir, dein Rettungsger\u00e4t sicher zu befestigen, ohne dass ein integrierter Rettungsschirm-Container erforderlich ist.<\/li>\n<li><strong>Kompakt und leicht:<\/strong> Davinci weiss, wie wichtig es ist, das Gewicht der Gleitschirmausr\u00fcstung zu minimieren. Dieser Container bietet ein perfektes Gleichgewicht zwischen Kompaktheit und Gewicht und stellt eine zuverl\u00e4ssige und leichte L\u00f6sung dar.<\/li>\n<li><strong>Integriertes Instrumentenbrett:<\/strong> Der Davinci Front Rescue Container ist mit einem kleinen Instrumentenbrett auf der Oberseite ausgestattet. So hast du bei deinen Gleitschirmabenteuern die wichtigsten Instrumente immer in Griffweite.<\/li>\n<li><strong>Sichere Positionierung:<\/strong> Dank des innovativen Bauchgurtes sorgt der Front-Rettungscontainer f\u00fcr eine sichere Positionierung in allen Flugphasen. Geniess die Gewissheit, dass dein Rettungsschirm sicher in Position gehalten wird, wenn du ihn am meisten brauchst.<\/li>\n<li><strong>Vielseitige Kompatibilit\u00e4t:<\/strong> Der Davinci Front Rescue Container ist so konzipiert, dass er sich nahtlos in alle Sitzgurte (ohne Speedbag) integrieren l\u00e4sst.<\/li>\n<\/ol>\n<p>&nbsp;<\/p>\n<p><em>**Der Front-Rettungscontainer f\u00fcr Rettungsger\u00e4te: Comma lite, Comma S kann in den Container L eingesetzt werden : wird in K\u00fcrze f\u00fcr Comma M, L erscheinen<\/em><\/p>\n<table>\n<tbody>\n<tr>\n<td>Sizes<\/td>\n<td>Comma Light, S, M, L &amp; Comma S<\/td>\n<\/tr>\n<tr>\n<td>Color<\/td>\n<td>Black<\/td>\n<\/tr>\n<tr>\n<td>Fabric<\/td>\n<td>70D RB EXTREEMA R\/S + spandex<\/td>\n<\/tr>\n<\/tbody>\n<\/table>\n<p>&nbsp;<\/p>\n<p>Mehr <a href=\"https:\/\/www.flydavinci.com\/products\/accessories\/frontrescue-container\/\">Infos<\/a><\/p>\n<p>Falls dieser Artikel nicht an Lager ist, wird er f\u00fcr dich bestellt. Lieferfrist 1-2 Wochen. Lieferung ab Lager S\u00fcdkorea.<\/p>\n","protected":false},"featured_media":15154,"comment_status":"closed","ping_status":"closed","template":"","meta":[],"product_brand":[],"product_cat":[2082,402],"product_tag":[2083,410],"class_list":{"0":"post-15151","1":"product","2":"type-product","3":"status-publish","4":"has-post-thumbnail","6":"product_cat-gleitschirm-rettungs-frontcontainer","7":"product_cat-gleitschirm-zubehoer","8":"product_tag-frontcontainer","9":"product_tag-zubehoer","10":"product_shipping_class-priority-2kg-de","12":"first","13":"instock","14":"shipping-taxable","15":"purchasable","16":"product-type-simple"},"yoast_head":"<!-- This site is optimized with the Yoast SEO Premium plugin v26.1 (Yoast SEO v27.4) - https:\/\/yoast.com\/product\/yoast-seo-premium-wordpress\/ -->\n<title>Davinci Frontcontainer Rescue | Gleitschirmschule Thun, Bern, Interlaken<\/title>\n<meta name=\"description\" content=\"Der Davinci Front Rescue Container ist die ideale L\u00f6sung f\u00fcr Gleitschirmflieger, die ein kompaktes, leichtes und effizientes Frontmontagesystem f\u00fcr ihr Rettungsger\u00e4t suchen. Dieses innovative Produkt wurde speziell f\u00fcr leichte Gleitschirmgurtzeuge ohne integrierten Rettungsschirmcontainer entwickelt und sorgt daf\u00fcr, dass Sie den Nervenkitzel des Gleitschirmfliegens mit einer zus\u00e4tzlichen Sicherheitsschicht genie\u00dfen k\u00f6nnen.\" \/>\n<meta name=\"robots\" content=\"index, follow, max-snippet:-1, max-image-preview:large, max-video-preview:-1\" \/>\n<link rel=\"canonical\" href=\"https:\/\/swissgliders.ch\/de\/produkt\/davinci-frontcontainer-rescue\/\" \/>\n<meta property=\"og:locale\" content=\"de_DE\" \/>\n<meta property=\"og:type\" content=\"article\" \/>\n<meta property=\"og:title\" content=\"Davinci Frontcontainer Rescue\" \/>\n<meta property=\"og:description\" content=\"Der Davinci Front Rescue Container ist die ideale L\u00f6sung f\u00fcr Gleitschirmflieger, die ein kompaktes, leichtes und effizientes Frontmontagesystem f\u00fcr ihr Rettungsger\u00e4t suchen. Dieses innovative Produkt wurde speziell f\u00fcr leichte Gleitschirmgurtzeuge ohne integrierten Rettungsschirmcontainer entwickelt und sorgt daf\u00fcr, dass Sie den Nervenkitzel des Gleitschirmfliegens mit einer zus\u00e4tzlichen Sicherheitsschicht genie\u00dfen k\u00f6nnen.\" \/>\n<meta property=\"og:url\" content=\"https:\/\/swissgliders.ch\/de\/produkt\/davinci-frontcontainer-rescue\/\" \/>\n<meta property=\"og:site_name\" content=\"Gleitschirmschule Thun, Bern, Interlaken\" \/>\n<meta property=\"article:publisher\" content=\"https:\/\/www.facebook.com\/swissgliders\" \/>\n<meta property=\"article:modified_time\" content=\"2025-03-23T20:33:53+00:00\" \/>\n<meta property=\"og:image\" content=\"https:\/\/swissgliders.ch\/wp-content\/uploads\/2024\/10\/Davinci_Frontconatiner_Rescue-1.jpg\" \/>\n\t<meta property=\"og:image:width\" content=\"1519\" \/>\n\t<meta property=\"og:image:height\" content=\"1141\" \/>\n\t<meta property=\"og:image:type\" content=\"image\/jpeg\" \/>\n<meta name=\"twitter:card\" content=\"summary_large_image\" \/>\n<meta name=\"twitter:site\" content=\"@Swissgliders\" \/>\n<meta name=\"twitter:label1\" content=\"Preis\" \/>\n\t<meta name=\"twitter:data1\" content=\"&#067;&#072;&#070;&nbsp;70.00\" \/>\n\t<meta name=\"twitter:label2\" content=\"Verf\u00fcgbarkeit\" \/>\n\t<meta name=\"twitter:data2\" content=\"Auf Lager\" \/>\n<script type=\"application\/ld+json\" class=\"yoast-schema-graph\">{\"@context\":\"https:\\\/\\\/schema.org\",\"@graph\":[{\"@type\":\"WebPage\",\"@id\":\"https:\\\/\\\/swissgliders.ch\\\/de\\\/produkt\\\/davinci-frontcontainer-rescue\\\/\",\"url\":\"https:\\\/\\\/swissgliders.ch\\\/de\\\/produkt\\\/davinci-frontcontainer-rescue\\\/\",\"name\":\"Davinci Frontcontainer Rescue | Gleitschirmschule Thun, Bern, Interlaken\",\"isPartOf\":{\"@id\":\"https:\\\/\\\/swissgliders.ch\\\/de\\\/#website\"},\"primaryImageOfPage\":{\"@id\":\"https:\\\/\\\/swissgliders.ch\\\/de\\\/produkt\\\/davinci-frontcontainer-rescue\\\/#primaryimage\"},\"image\":{\"@id\":\"https:\\\/\\\/swissgliders.ch\\\/de\\\/produkt\\\/davinci-frontcontainer-rescue\\\/#primaryimage\"},\"thumbnailUrl\":\"https:\\\/\\\/swissgliders.ch\\\/wp-content\\\/uploads\\\/2024\\\/10\\\/Davinci_Frontconatiner_Rescue-1.jpg\",\"datePublished\":\"2024-10-17T11:14:56+00:00\",\"dateModified\":\"2025-03-23T20:33:53+00:00\",\"description\":\"Der Davinci Front Rescue Container ist die ideale L\u00f6sung f\u00fcr Gleitschirmflieger, die ein kompaktes, leichtes und effizientes Frontmontagesystem f\u00fcr ihr Rettungsger\u00e4t suchen. Dieses innovative Produkt wurde speziell f\u00fcr leichte Gleitschirmgurtzeuge ohne integrierten Rettungsschirmcontainer entwickelt und sorgt daf\u00fcr, dass Sie den Nervenkitzel des Gleitschirmfliegens mit einer zus\u00e4tzlichen Sicherheitsschicht genie\u00dfen k\u00f6nnen.\",\"breadcrumb\":{\"@id\":\"https:\\\/\\\/swissgliders.ch\\\/de\\\/produkt\\\/davinci-frontcontainer-rescue\\\/#breadcrumb\"},\"inLanguage\":\"de\",\"potentialAction\":[{\"@type\":\"ReadAction\",\"target\":[\"https:\\\/\\\/swissgliders.ch\\\/de\\\/produkt\\\/davinci-frontcontainer-rescue\\\/\"]}]},{\"@type\":\"ImageObject\",\"inLanguage\":\"de\",\"@id\":\"https:\\\/\\\/swissgliders.ch\\\/de\\\/produkt\\\/davinci-frontcontainer-rescue\\\/#primaryimage\",\"url\":\"https:\\\/\\\/swissgliders.ch\\\/wp-content\\\/uploads\\\/2024\\\/10\\\/Davinci_Frontconatiner_Rescue-1.jpg\",\"contentUrl\":\"https:\\\/\\\/swissgliders.ch\\\/wp-content\\\/uploads\\\/2024\\\/10\\\/Davinci_Frontconatiner_Rescue-1.jpg\",\"width\":1519,\"height\":1141,\"caption\":\"Davinci_Frontconatiner_Rescue-1\"},{\"@type\":\"BreadcrumbList\",\"@id\":\"https:\\\/\\\/swissgliders.ch\\\/de\\\/produkt\\\/davinci-frontcontainer-rescue\\\/#breadcrumb\",\"itemListElement\":[{\"@type\":\"ListItem\",\"position\":1,\"name\":\"Startseite\",\"item\":\"https:\\\/\\\/swissgliders.ch\\\/de\\\/willkommen\\\/\"},{\"@type\":\"ListItem\",\"position\":2,\"name\":\"Gleitschirm Shop\",\"item\":\"https:\\\/\\\/swissgliders.ch\\\/de\\\/gleitschirm-shop\\\/\"},{\"@type\":\"ListItem\",\"position\":3,\"name\":\"Davinci Frontcontainer Rescue\"}]},{\"@type\":\"WebSite\",\"@id\":\"https:\\\/\\\/swissgliders.ch\\\/de\\\/#website\",\"url\":\"https:\\\/\\\/swissgliders.ch\\\/de\\\/\",\"name\":\"Gleitschirmschule Thun, Bern, Interlaken\",\"description\":\"Gleitschirmschule Thun, Bern, Interlaken\",\"publisher\":{\"@id\":\"https:\\\/\\\/swissgliders.ch\\\/de\\\/#organization\"},\"potentialAction\":[{\"@type\":\"SearchAction\",\"target\":{\"@type\":\"EntryPoint\",\"urlTemplate\":\"https:\\\/\\\/swissgliders.ch\\\/de\\\/?s={search_term_string}\"},\"query-input\":{\"@type\":\"PropertyValueSpecification\",\"valueRequired\":true,\"valueName\":\"search_term_string\"}}],\"inLanguage\":\"de\"},{\"@type\":\"Organization\",\"@id\":\"https:\\\/\\\/swissgliders.ch\\\/de\\\/#organization\",\"name\":\"Swissgliders Gleitschirmflugschule Thun\",\"url\":\"https:\\\/\\\/swissgliders.ch\\\/de\\\/\",\"logo\":{\"@type\":\"ImageObject\",\"inLanguage\":\"de\",\"@id\":\"https:\\\/\\\/swissgliders.ch\\\/de\\\/#\\\/schema\\\/logo\\\/image\\\/\",\"url\":\"https:\\\/\\\/swissgliders.ch\\\/wp-content\\\/uploads\\\/2019\\\/12\\\/swissgliders-logo-rgb-square-L-no-ch-01.png\",\"contentUrl\":\"https:\\\/\\\/swissgliders.ch\\\/wp-content\\\/uploads\\\/2019\\\/12\\\/swissgliders-logo-rgb-square-L-no-ch-01.png\",\"width\":2500,\"height\":2500,\"caption\":\"Swissgliders Gleitschirmflugschule Thun\"},\"image\":{\"@id\":\"https:\\\/\\\/swissgliders.ch\\\/de\\\/#\\\/schema\\\/logo\\\/image\\\/\"},\"sameAs\":[\"https:\\\/\\\/www.facebook.com\\\/swissgliders\",\"https:\\\/\\\/x.com\\\/Swissgliders\",\"https:\\\/\\\/www.instagram.com\\\/swissgliders\\\/\",\"https:\\\/\\\/www.youtube.com\\\/channel\\\/UCMCtGdepy9vBhrhX3V_oJOA\"],\"hasMerchantReturnPolicy\":{\"@type\":\"MerchantReturnPolicy\",\"merchantReturnLink\":\"https:\\\/\\\/swissgliders.ch\\\/de\\\/allgemeine-geschaftsbedingungen\\\/\"}}]}<\/script>\n<meta property=\"product:price:amount\" content=\"70.00\" \/>\n<meta property=\"product:price:currency\" content=\"CHF\" \/>\n<meta property=\"og:availability\" content=\"instock\" \/>\n<meta property=\"product:availability\" content=\"instock\" \/>\n<meta property=\"product:condition\" content=\"new\" \/>\n<!-- \/ Yoast SEO Premium plugin. -->","yoast_head_json":{"title":"Davinci Frontcontainer Rescue | Gleitschirmschule Thun, Bern, Interlaken","description":"Der Davinci Front Rescue Container ist die ideale L\u00f6sung f\u00fcr Gleitschirmflieger, die ein kompaktes, leichtes und effizientes Frontmontagesystem f\u00fcr ihr Rettungsger\u00e4t suchen. Dieses innovative Produkt wurde speziell f\u00fcr leichte Gleitschirmgurtzeuge ohne integrierten Rettungsschirmcontainer entwickelt und sorgt daf\u00fcr, dass Sie den Nervenkitzel des Gleitschirmfliegens mit einer zus\u00e4tzlichen Sicherheitsschicht genie\u00dfen k\u00f6nnen.","robots":{"index":"index","follow":"follow","max-snippet":"max-snippet:-1","max-image-preview":"max-image-preview:large","max-video-preview":"max-video-preview:-1"},"canonical":"https:\/\/swissgliders.ch\/de\/produkt\/davinci-frontcontainer-rescue\/","og_locale":"de_DE","og_type":"article","og_title":"Davinci Frontcontainer Rescue","og_description":"Der Davinci Front Rescue Container ist die ideale L\u00f6sung f\u00fcr Gleitschirmflieger, die ein kompaktes, leichtes und effizientes Frontmontagesystem f\u00fcr ihr Rettungsger\u00e4t suchen. Dieses innovative Produkt wurde speziell f\u00fcr leichte Gleitschirmgurtzeuge ohne integrierten Rettungsschirmcontainer entwickelt und sorgt daf\u00fcr, dass Sie den Nervenkitzel des Gleitschirmfliegens mit einer zus\u00e4tzlichen Sicherheitsschicht genie\u00dfen k\u00f6nnen.","og_url":"https:\/\/swissgliders.ch\/de\/produkt\/davinci-frontcontainer-rescue\/","og_site_name":"Gleitschirmschule Thun, Bern, Interlaken","article_publisher":"https:\/\/www.facebook.com\/swissgliders","article_modified_time":"2025-03-23T20:33:53+00:00","og_image":[{"width":1519,"height":1141,"url":"https:\/\/swissgliders.ch\/wp-content\/uploads\/2024\/10\/Davinci_Frontconatiner_Rescue-1.jpg","type":"image\/jpeg"}],"twitter_card":"summary_large_image","twitter_site":"@Swissgliders","twitter_misc":{"Preis":"&#67;&#72;&#70;&nbsp;70.00","Verf\u00fcgbarkeit":"Auf Lager"},"schema":{"@context":"https:\/\/schema.org","@graph":[{"@type":"WebPage","@id":"https:\/\/swissgliders.ch\/de\/produkt\/davinci-frontcontainer-rescue\/","url":"https:\/\/swissgliders.ch\/de\/produkt\/davinci-frontcontainer-rescue\/","name":"Davinci Frontcontainer Rescue | Gleitschirmschule Thun, Bern, Interlaken","isPartOf":{"@id":"https:\/\/swissgliders.ch\/de\/#website"},"primaryImageOfPage":{"@id":"https:\/\/swissgliders.ch\/de\/produkt\/davinci-frontcontainer-rescue\/#primaryimage"},"image":{"@id":"https:\/\/swissgliders.ch\/de\/produkt\/davinci-frontcontainer-rescue\/#primaryimage"},"thumbnailUrl":"https:\/\/swissgliders.ch\/wp-content\/uploads\/2024\/10\/Davinci_Frontconatiner_Rescue-1.jpg","datePublished":"2024-10-17T11:14:56+00:00","dateModified":"2025-03-23T20:33:53+00:00","description":"Der Davinci Front Rescue Container ist die ideale L\u00f6sung f\u00fcr Gleitschirmflieger, die ein kompaktes, leichtes und effizientes Frontmontagesystem f\u00fcr ihr Rettungsger\u00e4t suchen. Dieses innovative Produkt wurde speziell f\u00fcr leichte Gleitschirmgurtzeuge ohne integrierten Rettungsschirmcontainer entwickelt und sorgt daf\u00fcr, dass Sie den Nervenkitzel des Gleitschirmfliegens mit einer zus\u00e4tzlichen Sicherheitsschicht genie\u00dfen k\u00f6nnen.","breadcrumb":{"@id":"https:\/\/swissgliders.ch\/de\/produkt\/davinci-frontcontainer-rescue\/#breadcrumb"},"inLanguage":"de","potentialAction":[{"@type":"ReadAction","target":["https:\/\/swissgliders.ch\/de\/produkt\/davinci-frontcontainer-rescue\/"]}]},{"@type":"ImageObject","inLanguage":"de","@id":"https:\/\/swissgliders.ch\/de\/produkt\/davinci-frontcontainer-rescue\/#primaryimage","url":"https:\/\/swissgliders.ch\/wp-content\/uploads\/2024\/10\/Davinci_Frontconatiner_Rescue-1.jpg","contentUrl":"https:\/\/swissgliders.ch\/wp-content\/uploads\/2024\/10\/Davinci_Frontconatiner_Rescue-1.jpg","width":1519,"height":1141,"caption":"Davinci_Frontconatiner_Rescue-1"},{"@type":"BreadcrumbList","@id":"https:\/\/swissgliders.ch\/de\/produkt\/davinci-frontcontainer-rescue\/#breadcrumb","itemListElement":[{"@type":"ListItem","position":1,"name":"Startseite","item":"https:\/\/swissgliders.ch\/de\/willkommen\/"},{"@type":"ListItem","position":2,"name":"Gleitschirm Shop","item":"https:\/\/swissgliders.ch\/de\/gleitschirm-shop\/"},{"@type":"ListItem","position":3,"name":"Davinci Frontcontainer Rescue"}]},{"@type":"WebSite","@id":"https:\/\/swissgliders.ch\/de\/#website","url":"https:\/\/swissgliders.ch\/de\/","name":"Gleitschirmschule Thun, Bern, Interlaken","description":"Gleitschirmschule Thun, Bern, Interlaken","publisher":{"@id":"https:\/\/swissgliders.ch\/de\/#organization"},"potentialAction":[{"@type":"SearchAction","target":{"@type":"EntryPoint","urlTemplate":"https:\/\/swissgliders.ch\/de\/?s={search_term_string}"},"query-input":{"@type":"PropertyValueSpecification","valueRequired":true,"valueName":"search_term_string"}}],"inLanguage":"de"},{"@type":"Organization","@id":"https:\/\/swissgliders.ch\/de\/#organization","name":"Swissgliders Gleitschirmflugschule Thun","url":"https:\/\/swissgliders.ch\/de\/","logo":{"@type":"ImageObject","inLanguage":"de","@id":"https:\/\/swissgliders.ch\/de\/#\/schema\/logo\/image\/","url":"https:\/\/swissgliders.ch\/wp-content\/uploads\/2019\/12\/swissgliders-logo-rgb-square-L-no-ch-01.png","contentUrl":"https:\/\/swissgliders.ch\/wp-content\/uploads\/2019\/12\/swissgliders-logo-rgb-square-L-no-ch-01.png","width":2500,"height":2500,"caption":"Swissgliders Gleitschirmflugschule Thun"},"image":{"@id":"https:\/\/swissgliders.ch\/de\/#\/schema\/logo\/image\/"},"sameAs":["https:\/\/www.facebook.com\/swissgliders","https:\/\/x.com\/Swissgliders","https:\/\/www.instagram.com\/swissgliders\/","https:\/\/www.youtube.com\/channel\/UCMCtGdepy9vBhrhX3V_oJOA"],"hasMerchantReturnPolicy":{"@type":"MerchantReturnPolicy","merchantReturnLink":"https:\/\/swissgliders.ch\/de\/allgemeine-geschaftsbedingungen\/"}}]},"product_price_amount":"70.00","product_price_currency":"CHF","og_availability":"instock","product_availability":"instock","product_condition":"new"},"_links":{"self":[{"href":"https:\/\/swissgliders.ch\/de\/wp-json\/wp\/v2\/product\/15151","targetHints":{"allow":["GET"]}}],"collection":[{"href":"https:\/\/swissgliders.ch\/de\/wp-json\/wp\/v2\/product"}],"about":[{"href":"https:\/\/swissgliders.ch\/de\/wp-json\/wp\/v2\/types\/product"}],"replies":[{"embeddable":true,"href":"https:\/\/swissgliders.ch\/de\/wp-json\/wp\/v2\/comments?post=15151"}],"wp:featuredmedia":[{"embeddable":true,"href":"https:\/\/swissgliders.ch\/de\/wp-json\/wp\/v2\/media\/15154"}],"wp:attachment":[{"href":"https:\/\/swissgliders.ch\/de\/wp-json\/wp\/v2\/media?parent=15151"}],"wp:term":[{"taxonomy":"product_brand","embeddable":true,"href":"https:\/\/swissgliders.ch\/de\/wp-json\/wp\/v2\/product_brand?post=15151"},{"taxonomy":"product_cat","embeddable":true,"href":"https:\/\/swissgliders.ch\/de\/wp-json\/wp\/v2\/product_cat?post=15151"},{"taxonomy":"product_tag","embeddable":true,"href":"https:\/\/swissgliders.ch\/de\/wp-json\/wp\/v2\/product_tag?post=15151"}],"curies":[{"name":"wp","href":"https:\/\/api.w.org\/{rel}","templated":true}]}}