{"id":15219,"date":"2024-10-18T17:25:24","date_gmt":"2024-10-18T16:25:24","guid":{"rendered":"https:\/\/swissgliders.ch\/?post_type=product&#038;p=15219"},"modified":"2025-07-11T19:50:03","modified_gmt":"2025-07-11T18:50:03","slug":"neo-easy-pack-waterproof","status":"publish","type":"product","link":"https:\/\/swissgliders.ch\/de\/produkt\/neo-easy-pack-waterproof\/","title":{"rendered":"Neo Easy Pack Waterproof"},"content":{"rendered":"<div class=\"detalls aos-init aos-animate\" data-aos=\"fade-in\">\n<h3>Easy Pack Waterproof<\/h3>\n<h4>Leichter Zellenpacksack<\/h4>\n<p><img loading=\"lazy\" decoding=\"async\" class=\"\" src=\"https:\/\/www.neo-paragliders.fr\/web\/image\/product.product\/13638\/image_1024\/Easypack%20Waterproof?unique=bb0b62d\" alt=\"Easypack Waterproof\" width=\"598\" height=\"423\" \/><\/p>\n<h4>LEICHT\u00a0&amp; WASSERDICHT<\/h4>\n<p>Ein Zellenpacksack, um deinen Schirm so zu komprimieren, dass er in einen kompakten Hike- &amp; Fly-Rucksack passt.<\/p>\n<p>Um deinen Gleitschirm beim Wandern vor Schwei\u00df zu sch\u00fctzen, ist eine Teilbahn des Packsacks wasserdicht.<\/p>\n<\/div>\n<h4>WARUM WATERPROOF?<\/h4>\n<p>Um deinen Schirm vor R\u00fcckenschwei\u00df zu sch\u00fctzen, w\u00e4hrend du den Berg hochl\u00e4ufst.<\/p>\n<p>Der Schwei\u00df ist aggressiv gegen\u00fcber dem Tuch deines Gleitschirms. Um den Schirm zu sch\u00fctzen, wurde eine wasserdichte Stoffbahn in den NEO Easypack Waterproof integriert.<\/p>\n<p>Das wasserdichte Ripstop-Gewebe wurde speziell von NEO entwickelt und hat eine Wasserdichtigkeit von 2000 mm.<\/p>\n<p>Du kannst deinen Schirm in 3 oder 4 Teile falten, die wasserdichte Stoffbahn wird ihn vor deinem Schwei\u00df sch\u00fctzen.<\/p>\n<h4>WARUM IST DER ZELLENPACKSACK<br \/>\nWASSERDICHT? &#8230; und nicht der Rucksack?<\/h4>\n<p>Weil dadurch die Atmungsaktivit\u00e4t am R\u00fcckens erhalten bleibt. Zwischen deinem R\u00fccken und dem Waterproof-Gewebe befindet sich das R\u00fcckenteil deines Rucksacks. Diese Schicht sorgt f\u00fcr eine gute Atmungsaktivit\u00e4t. Das ist dasselbe wie beim Zwiebelprinzip f\u00fcr Funktionskleidung.<\/p>\n<h4>WARUM LEICHT UND TROTZDEM<br \/>\nSTRAPAZIERF\u00c4HIG? &#8230; extrem belastbar: triple Ripstop<\/h4>\n<p>Der Easypack Waterproof von NEO besteht zu 100 % aus Ripstop-Gewebe, dass das Weitereinrei\u00dfen des Stoffs verhindert.<\/p>\n<p>Das Hauptmaterials des Rucksacks ist ein neues, leichtes Triple-Ripstop-Polyamid mit einem Gewicht von 40 g. Die Triple-Ripstop-Verbindung ist daher sehr rei\u00dffest. Auch der wasserdichte Stoff ist ein Ripstop.<\/p>\n<p>Der Easypack Waterproof wiegt 220 g inklusive Kompressionsriemen.<\/p>\n<h4>3- ODER 4-FACH FALTBAR<\/h4>\n<p>Der Zellenpacksack kann in 3 oder 4 Teile gefaltetwerden, je nach Art des Schirms und der Gr\u00f6\u00dfe des Rucksacks.<\/p>\n<p>Der Packsack ist unten offen, damit der Schirm mit dem Gurtzeug verbunden bleiben kann. Kunststoffschlaufen halten den Schirm fest, w\u00e4hrend der Rei\u00dfverschluss geschlossen wird.<\/p>\n<p>W\u00e4hrend des Komprimierens wird die Luft \u00fcber den oberen Teil des Zellenpacksacks durch den Netzeinsatz abgelassen. Die Eintrittskante wird durch den Rei\u00dfverschluss gesch\u00fctzt, der sie vollst\u00e4ndig umschlie\u00dft. Ein Kompressionsgurt ist integriert und kann unabh\u00e4ngig von der Faltung geschlossen werden. Die Tragegurte k\u00f6nnen fixiert werden.<\/p>\n<p><strong>ONE SIZE:<\/strong> S 260 x 36 cm \/\u00a0 ge\u00f6ffnet: 260 x 72 cm \/ 220 g \/ 2000 mm \/ Polyamid Ripstop, Polyamid-Rei\u00dfverschluss von YKK<\/p>\n<p>&nbsp;<\/p>\n<p>Mehr <a href=\"https:\/\/www.neo-paragliders.fr\/de\/shop\/easypack-waterproof-6935\" target=\"_blank\" rel=\"noopener noreferrer\">Infos<\/a><\/p>\n<p>Falls dieser Artikel nicht an Lager ist, wird er f\u00fcr dich bestellt. Lieferfrist auf Anfrage.<\/p>\n","protected":false},"excerpt":{"rendered":"<div class=\"detalls aos-init aos-animate\" data-aos=\"fade-in\">\n<h3>Easy Pack Waterproof<\/h3>\n<h4>Leichter Zellenpacksack<\/h4>\n<p><img loading=\"lazy\" decoding=\"async\" class=\"\" src=\"https:\/\/www.neo-paragliders.fr\/web\/image\/product.product\/13638\/image_1024\/Easypack%20Waterproof?unique=bb0b62d\" alt=\"Easypack Waterproof\" width=\"598\" height=\"423\" \/><\/p>\n<h4>LEICHT\u00a0&amp; WASSERDICHT<\/h4>\n<p>Ein Zellenpacksack, um deinen Schirm so zu komprimieren, dass er in einen kompakten Hike- &amp; Fly-Rucksack passt.<\/p>\n<p>Um deinen Gleitschirm beim Wandern vor Schwei\u00df zu sch\u00fctzen, ist eine Teilbahn des Packsacks wasserdicht.<\/p>\n<\/div>\n<h4>WARUM WATERPROOF?<\/h4>\n<p>Um deinen Schirm vor R\u00fcckenschwei\u00df zu sch\u00fctzen, w\u00e4hrend du den Berg hochl\u00e4ufst.<\/p>\n<p>Der Schwei\u00df ist aggressiv gegen\u00fcber dem Tuch deines Gleitschirms. Um den Schirm zu sch\u00fctzen, wurde eine wasserdichte Stoffbahn in den NEO Easypack Waterproof integriert.<\/p>\n<p>Das wasserdichte Ripstop-Gewebe wurde speziell von NEO entwickelt und hat eine Wasserdichtigkeit von 2000 mm.<\/p>\n<p>Du kannst deinen Schirm in 3 oder 4 Teile falten, die wasserdichte Stoffbahn wird ihn vor deinem Schwei\u00df sch\u00fctzen.<\/p>\n<h4>WARUM IST DER ZELLENPACKSACK<br \/>\nWASSERDICHT? &#8230; und nicht der Rucksack?<\/h4>\n<p>Weil dadurch die Atmungsaktivit\u00e4t am R\u00fcckens erhalten bleibt. Zwischen deinem R\u00fccken und dem Waterproof-Gewebe befindet sich das R\u00fcckenteil deines Rucksacks. Diese Schicht sorgt f\u00fcr eine gute Atmungsaktivit\u00e4t. Das ist dasselbe wie beim Zwiebelprinzip f\u00fcr Funktionskleidung.<\/p>\n<h4>WARUM LEICHT UND TROTZDEM<br \/>\nSTRAPAZIERF\u00c4HIG? &#8230; extrem belastbar: triple Ripstop<\/h4>\n<p>Der Easypack Waterproof von NEO besteht zu 100 % aus Ripstop-Gewebe, dass das Weitereinrei\u00dfen des Stoffs verhindert.<\/p>\n<p>Das Hauptmaterials des Rucksacks ist ein neues, leichtes Triple-Ripstop-Polyamid mit einem Gewicht von 40 g. Die Triple-Ripstop-Verbindung ist daher sehr rei\u00dffest. Auch der wasserdichte Stoff ist ein Ripstop.<\/p>\n<p>Der Easypack Waterproof wiegt 220 g inklusive Kompressionsriemen.<\/p>\n<h4>3- ODER 4-FACH FALTBAR<\/h4>\n<p>Der Zellenpacksack kann in 3 oder 4 Teile gefaltetwerden, je nach Art des Schirms und der Gr\u00f6\u00dfe des Rucksacks.<\/p>\n<p>Der Packsack ist unten offen, damit der Schirm mit dem Gurtzeug verbunden bleiben kann. Kunststoffschlaufen halten den Schirm fest, w\u00e4hrend der Rei\u00dfverschluss geschlossen wird.<\/p>\n<p>W\u00e4hrend des Komprimierens wird die Luft \u00fcber den oberen Teil des Zellenpacksacks durch den Netzeinsatz abgelassen. Die Eintrittskante wird durch den Rei\u00dfverschluss gesch\u00fctzt, der sie vollst\u00e4ndig umschlie\u00dft. Ein Kompressionsgurt ist integriert und kann unabh\u00e4ngig von der Faltung geschlossen werden. Die Tragegurte k\u00f6nnen fixiert werden.<\/p>\n<p><strong>ONE SIZE:<\/strong> S 260 x 36 cm \/\u00a0 ge\u00f6ffnet: 260 x 72 cm \/ 220 g \/ 2000 mm \/ Polyamid Ripstop, Polyamid-Rei\u00dfverschluss von YKK<\/p>\n<p>&nbsp;<\/p>\n<p>Mehr <a href=\"https:\/\/www.neo-paragliders.fr\/de\/shop\/easypack-waterproof-6935\" target=\"_blank\" rel=\"noopener noreferrer\">Infos<\/a><\/p>\n<p>Falls dieser Artikel nicht an Lager ist, wird er f\u00fcr dich bestellt. Lieferfrist auf Anfrage.<\/p>\n","protected":false},"featured_media":15227,"comment_status":"closed","ping_status":"closed","template":"","meta":[],"product_brand":[],"product_cat":[2076],"product_tag":[2077,90],"class_list":{"0":"post-15219","1":"product","2":"type-product","3":"status-publish","4":"has-post-thumbnail","6":"product_cat-gleitschirm-packsaecke","7":"product_tag-packsack","8":"product_tag-verkaufsartikel","9":"product_shipping_class-priority-2kg-de","11":"first","12":"instock","13":"shipping-taxable","14":"purchasable","15":"product-type-simple"},"yoast_head":"<!-- This site is optimized with the Yoast SEO Premium plugin v26.1 (Yoast SEO v27.3) - https:\/\/yoast.com\/product\/yoast-seo-premium-wordpress\/ -->\n<title>Neo Easy Pack Waterproof | Gleitschirmschule Thun, Bern, Interlaken<\/title>\n<meta name=\"description\" content=\"Neo Easypack Waterproof LEICHT\u00a0&amp; WASSERDICHT Ein leichter Zellenpacksack, um deinen Schirm so zu komprimieren, dass er in einen kompakten Hike- &amp; Fly-Rucksack passt.Um deinen Gleitschirm beim Wandern vor Schwei\u00df zu sch\u00fctzen, ist eine Teilbahn des Packsacks wasserdicht.\" \/>\n<meta name=\"robots\" content=\"index, follow, max-snippet:-1, max-image-preview:large, max-video-preview:-1\" \/>\n<link rel=\"canonical\" href=\"https:\/\/swissgliders.ch\/de\/produkt\/neo-easy-pack-waterproof\/\" \/>\n<meta property=\"og:locale\" content=\"de_DE\" \/>\n<meta property=\"og:type\" content=\"article\" \/>\n<meta property=\"og:title\" content=\"Neo Easy Pack Waterproof\" \/>\n<meta property=\"og:description\" content=\"Neo Easypack Waterproof LEICHT\u00a0&amp; WASSERDICHT Ein leichter Zellenpacksack, um deinen Schirm so zu komprimieren, dass er in einen kompakten Hike- &amp; Fly-Rucksack passt.Um deinen Gleitschirm beim Wandern vor Schwei\u00df zu sch\u00fctzen, ist eine Teilbahn des Packsacks wasserdicht.\" \/>\n<meta property=\"og:url\" content=\"https:\/\/swissgliders.ch\/de\/produkt\/neo-easy-pack-waterproof\/\" \/>\n<meta property=\"og:site_name\" content=\"Gleitschirmschule Thun, Bern, Interlaken\" \/>\n<meta property=\"article:publisher\" content=\"https:\/\/www.facebook.com\/swissgliders\" \/>\n<meta property=\"article:modified_time\" content=\"2025-07-11T18:50:03+00:00\" \/>\n<meta property=\"og:image\" content=\"https:\/\/swissgliders.ch\/wp-content\/uploads\/2024\/10\/Neo_Easypack-4.png\" \/>\n\t<meta property=\"og:image:width\" content=\"1200\" \/>\n\t<meta property=\"og:image:height\" content=\"1200\" \/>\n\t<meta property=\"og:image:type\" content=\"image\/png\" \/>\n<meta name=\"twitter:card\" content=\"summary_large_image\" \/>\n<meta name=\"twitter:site\" content=\"@Swissgliders\" \/>\n<meta name=\"twitter:label1\" content=\"Preis\" \/>\n\t<meta name=\"twitter:data1\" content=\"&#067;&#072;&#070;&nbsp;118.00\" \/>\n\t<meta name=\"twitter:label2\" content=\"Verf\u00fcgbarkeit\" \/>\n\t<meta name=\"twitter:data2\" content=\"Auf Lager\" \/>\n<script type=\"application\/ld+json\" class=\"yoast-schema-graph\">{\"@context\":\"https:\\\/\\\/schema.org\",\"@graph\":[{\"@type\":\"WebPage\",\"@id\":\"https:\\\/\\\/swissgliders.ch\\\/de\\\/produkt\\\/neo-easy-pack-waterproof\\\/\",\"url\":\"https:\\\/\\\/swissgliders.ch\\\/de\\\/produkt\\\/neo-easy-pack-waterproof\\\/\",\"name\":\"Neo Easy Pack Waterproof | Gleitschirmschule Thun, Bern, Interlaken\",\"isPartOf\":{\"@id\":\"https:\\\/\\\/swissgliders.ch\\\/de\\\/#website\"},\"primaryImageOfPage\":{\"@id\":\"https:\\\/\\\/swissgliders.ch\\\/de\\\/produkt\\\/neo-easy-pack-waterproof\\\/#primaryimage\"},\"image\":{\"@id\":\"https:\\\/\\\/swissgliders.ch\\\/de\\\/produkt\\\/neo-easy-pack-waterproof\\\/#primaryimage\"},\"thumbnailUrl\":\"https:\\\/\\\/swissgliders.ch\\\/wp-content\\\/uploads\\\/2024\\\/10\\\/Neo_Easypack-4.png\",\"datePublished\":\"2024-10-18T16:25:24+00:00\",\"dateModified\":\"2025-07-11T18:50:03+00:00\",\"description\":\"Neo Easypack Waterproof LEICHT\u00a0& WASSERDICHT Ein leichter Zellenpacksack, um deinen Schirm so zu komprimieren, dass er in einen kompakten Hike- & Fly-Rucksack passt.Um deinen Gleitschirm beim Wandern vor Schwei\u00df zu sch\u00fctzen, ist eine Teilbahn des Packsacks wasserdicht.\",\"breadcrumb\":{\"@id\":\"https:\\\/\\\/swissgliders.ch\\\/de\\\/produkt\\\/neo-easy-pack-waterproof\\\/#breadcrumb\"},\"inLanguage\":\"de\",\"potentialAction\":[{\"@type\":\"ReadAction\",\"target\":[\"https:\\\/\\\/swissgliders.ch\\\/de\\\/produkt\\\/neo-easy-pack-waterproof\\\/\"]}]},{\"@type\":\"ImageObject\",\"inLanguage\":\"de\",\"@id\":\"https:\\\/\\\/swissgliders.ch\\\/de\\\/produkt\\\/neo-easy-pack-waterproof\\\/#primaryimage\",\"url\":\"https:\\\/\\\/swissgliders.ch\\\/wp-content\\\/uploads\\\/2024\\\/10\\\/Neo_Easypack-4.png\",\"contentUrl\":\"https:\\\/\\\/swissgliders.ch\\\/wp-content\\\/uploads\\\/2024\\\/10\\\/Neo_Easypack-4.png\",\"width\":1200,\"height\":1200,\"caption\":\"Neo_Packsack_Easypack Waterproof-4\"},{\"@type\":\"BreadcrumbList\",\"@id\":\"https:\\\/\\\/swissgliders.ch\\\/de\\\/produkt\\\/neo-easy-pack-waterproof\\\/#breadcrumb\",\"itemListElement\":[{\"@type\":\"ListItem\",\"position\":1,\"name\":\"Startseite\",\"item\":\"https:\\\/\\\/swissgliders.ch\\\/de\\\/willkommen\\\/\"},{\"@type\":\"ListItem\",\"position\":2,\"name\":\"Gleitschirm Shop\",\"item\":\"https:\\\/\\\/swissgliders.ch\\\/de\\\/gleitschirm-shop\\\/\"},{\"@type\":\"ListItem\",\"position\":3,\"name\":\"Neo Easy Pack Waterproof\"}]},{\"@type\":\"WebSite\",\"@id\":\"https:\\\/\\\/swissgliders.ch\\\/de\\\/#website\",\"url\":\"https:\\\/\\\/swissgliders.ch\\\/de\\\/\",\"name\":\"Gleitschirmschule Thun, Bern, Interlaken\",\"description\":\"Gleitschirmschule Thun, Bern, Interlaken\",\"publisher\":{\"@id\":\"https:\\\/\\\/swissgliders.ch\\\/de\\\/#organization\"},\"potentialAction\":[{\"@type\":\"SearchAction\",\"target\":{\"@type\":\"EntryPoint\",\"urlTemplate\":\"https:\\\/\\\/swissgliders.ch\\\/de\\\/?s={search_term_string}\"},\"query-input\":{\"@type\":\"PropertyValueSpecification\",\"valueRequired\":true,\"valueName\":\"search_term_string\"}}],\"inLanguage\":\"de\"},{\"@type\":\"Organization\",\"@id\":\"https:\\\/\\\/swissgliders.ch\\\/de\\\/#organization\",\"name\":\"Swissgliders Gleitschirmflugschule Thun\",\"url\":\"https:\\\/\\\/swissgliders.ch\\\/de\\\/\",\"logo\":{\"@type\":\"ImageObject\",\"inLanguage\":\"de\",\"@id\":\"https:\\\/\\\/swissgliders.ch\\\/de\\\/#\\\/schema\\\/logo\\\/image\\\/\",\"url\":\"https:\\\/\\\/swissgliders.ch\\\/wp-content\\\/uploads\\\/2019\\\/12\\\/swissgliders-logo-rgb-square-L-no-ch-01.png\",\"contentUrl\":\"https:\\\/\\\/swissgliders.ch\\\/wp-content\\\/uploads\\\/2019\\\/12\\\/swissgliders-logo-rgb-square-L-no-ch-01.png\",\"width\":2500,\"height\":2500,\"caption\":\"Swissgliders Gleitschirmflugschule Thun\"},\"image\":{\"@id\":\"https:\\\/\\\/swissgliders.ch\\\/de\\\/#\\\/schema\\\/logo\\\/image\\\/\"},\"sameAs\":[\"https:\\\/\\\/www.facebook.com\\\/swissgliders\",\"https:\\\/\\\/x.com\\\/Swissgliders\",\"https:\\\/\\\/www.instagram.com\\\/swissgliders\\\/\",\"https:\\\/\\\/www.youtube.com\\\/channel\\\/UCMCtGdepy9vBhrhX3V_oJOA\"],\"hasMerchantReturnPolicy\":{\"@type\":\"MerchantReturnPolicy\",\"merchantReturnLink\":\"https:\\\/\\\/swissgliders.ch\\\/de\\\/allgemeine-geschaftsbedingungen\\\/\"}}]}<\/script>\n<meta property=\"product:price:amount\" content=\"118.00\" \/>\n<meta property=\"product:price:currency\" content=\"CHF\" \/>\n<meta property=\"og:availability\" content=\"instock\" \/>\n<meta property=\"product:availability\" content=\"instock\" \/>\n<meta property=\"product:condition\" content=\"new\" \/>\n<!-- \/ Yoast SEO Premium plugin. -->","yoast_head_json":{"title":"Neo Easy Pack Waterproof | Gleitschirmschule Thun, Bern, Interlaken","description":"Neo Easypack Waterproof LEICHT\u00a0& WASSERDICHT Ein leichter Zellenpacksack, um deinen Schirm so zu komprimieren, dass er in einen kompakten Hike- & Fly-Rucksack passt.Um deinen Gleitschirm beim Wandern vor Schwei\u00df zu sch\u00fctzen, ist eine Teilbahn des Packsacks wasserdicht.","robots":{"index":"index","follow":"follow","max-snippet":"max-snippet:-1","max-image-preview":"max-image-preview:large","max-video-preview":"max-video-preview:-1"},"canonical":"https:\/\/swissgliders.ch\/de\/produkt\/neo-easy-pack-waterproof\/","og_locale":"de_DE","og_type":"article","og_title":"Neo Easy Pack Waterproof","og_description":"Neo Easypack Waterproof LEICHT\u00a0& WASSERDICHT Ein leichter Zellenpacksack, um deinen Schirm so zu komprimieren, dass er in einen kompakten Hike- & Fly-Rucksack passt.Um deinen Gleitschirm beim Wandern vor Schwei\u00df zu sch\u00fctzen, ist eine Teilbahn des Packsacks wasserdicht.","og_url":"https:\/\/swissgliders.ch\/de\/produkt\/neo-easy-pack-waterproof\/","og_site_name":"Gleitschirmschule Thun, Bern, Interlaken","article_publisher":"https:\/\/www.facebook.com\/swissgliders","article_modified_time":"2025-07-11T18:50:03+00:00","og_image":[{"width":1200,"height":1200,"url":"https:\/\/swissgliders.ch\/wp-content\/uploads\/2024\/10\/Neo_Easypack-4.png","type":"image\/png"}],"twitter_card":"summary_large_image","twitter_site":"@Swissgliders","twitter_misc":{"Preis":"&#67;&#72;&#70;&nbsp;118.00","Verf\u00fcgbarkeit":"Auf Lager"},"schema":{"@context":"https:\/\/schema.org","@graph":[{"@type":"WebPage","@id":"https:\/\/swissgliders.ch\/de\/produkt\/neo-easy-pack-waterproof\/","url":"https:\/\/swissgliders.ch\/de\/produkt\/neo-easy-pack-waterproof\/","name":"Neo Easy Pack Waterproof | Gleitschirmschule Thun, Bern, Interlaken","isPartOf":{"@id":"https:\/\/swissgliders.ch\/de\/#website"},"primaryImageOfPage":{"@id":"https:\/\/swissgliders.ch\/de\/produkt\/neo-easy-pack-waterproof\/#primaryimage"},"image":{"@id":"https:\/\/swissgliders.ch\/de\/produkt\/neo-easy-pack-waterproof\/#primaryimage"},"thumbnailUrl":"https:\/\/swissgliders.ch\/wp-content\/uploads\/2024\/10\/Neo_Easypack-4.png","datePublished":"2024-10-18T16:25:24+00:00","dateModified":"2025-07-11T18:50:03+00:00","description":"Neo Easypack Waterproof LEICHT\u00a0& WASSERDICHT Ein leichter Zellenpacksack, um deinen Schirm so zu komprimieren, dass er in einen kompakten Hike- & Fly-Rucksack passt.Um deinen Gleitschirm beim Wandern vor Schwei\u00df zu sch\u00fctzen, ist eine Teilbahn des Packsacks wasserdicht.","breadcrumb":{"@id":"https:\/\/swissgliders.ch\/de\/produkt\/neo-easy-pack-waterproof\/#breadcrumb"},"inLanguage":"de","potentialAction":[{"@type":"ReadAction","target":["https:\/\/swissgliders.ch\/de\/produkt\/neo-easy-pack-waterproof\/"]}]},{"@type":"ImageObject","inLanguage":"de","@id":"https:\/\/swissgliders.ch\/de\/produkt\/neo-easy-pack-waterproof\/#primaryimage","url":"https:\/\/swissgliders.ch\/wp-content\/uploads\/2024\/10\/Neo_Easypack-4.png","contentUrl":"https:\/\/swissgliders.ch\/wp-content\/uploads\/2024\/10\/Neo_Easypack-4.png","width":1200,"height":1200,"caption":"Neo_Packsack_Easypack Waterproof-4"},{"@type":"BreadcrumbList","@id":"https:\/\/swissgliders.ch\/de\/produkt\/neo-easy-pack-waterproof\/#breadcrumb","itemListElement":[{"@type":"ListItem","position":1,"name":"Startseite","item":"https:\/\/swissgliders.ch\/de\/willkommen\/"},{"@type":"ListItem","position":2,"name":"Gleitschirm Shop","item":"https:\/\/swissgliders.ch\/de\/gleitschirm-shop\/"},{"@type":"ListItem","position":3,"name":"Neo Easy Pack Waterproof"}]},{"@type":"WebSite","@id":"https:\/\/swissgliders.ch\/de\/#website","url":"https:\/\/swissgliders.ch\/de\/","name":"Gleitschirmschule Thun, Bern, Interlaken","description":"Gleitschirmschule Thun, Bern, Interlaken","publisher":{"@id":"https:\/\/swissgliders.ch\/de\/#organization"},"potentialAction":[{"@type":"SearchAction","target":{"@type":"EntryPoint","urlTemplate":"https:\/\/swissgliders.ch\/de\/?s={search_term_string}"},"query-input":{"@type":"PropertyValueSpecification","valueRequired":true,"valueName":"search_term_string"}}],"inLanguage":"de"},{"@type":"Organization","@id":"https:\/\/swissgliders.ch\/de\/#organization","name":"Swissgliders Gleitschirmflugschule Thun","url":"https:\/\/swissgliders.ch\/de\/","logo":{"@type":"ImageObject","inLanguage":"de","@id":"https:\/\/swissgliders.ch\/de\/#\/schema\/logo\/image\/","url":"https:\/\/swissgliders.ch\/wp-content\/uploads\/2019\/12\/swissgliders-logo-rgb-square-L-no-ch-01.png","contentUrl":"https:\/\/swissgliders.ch\/wp-content\/uploads\/2019\/12\/swissgliders-logo-rgb-square-L-no-ch-01.png","width":2500,"height":2500,"caption":"Swissgliders Gleitschirmflugschule Thun"},"image":{"@id":"https:\/\/swissgliders.ch\/de\/#\/schema\/logo\/image\/"},"sameAs":["https:\/\/www.facebook.com\/swissgliders","https:\/\/x.com\/Swissgliders","https:\/\/www.instagram.com\/swissgliders\/","https:\/\/www.youtube.com\/channel\/UCMCtGdepy9vBhrhX3V_oJOA"],"hasMerchantReturnPolicy":{"@type":"MerchantReturnPolicy","merchantReturnLink":"https:\/\/swissgliders.ch\/de\/allgemeine-geschaftsbedingungen\/"}}]},"product_price_amount":"118.00","product_price_currency":"CHF","og_availability":"instock","product_availability":"instock","product_condition":"new"},"_links":{"self":[{"href":"https:\/\/swissgliders.ch\/de\/wp-json\/wp\/v2\/product\/15219","targetHints":{"allow":["GET"]}}],"collection":[{"href":"https:\/\/swissgliders.ch\/de\/wp-json\/wp\/v2\/product"}],"about":[{"href":"https:\/\/swissgliders.ch\/de\/wp-json\/wp\/v2\/types\/product"}],"replies":[{"embeddable":true,"href":"https:\/\/swissgliders.ch\/de\/wp-json\/wp\/v2\/comments?post=15219"}],"wp:featuredmedia":[{"embeddable":true,"href":"https:\/\/swissgliders.ch\/de\/wp-json\/wp\/v2\/media\/15227"}],"wp:attachment":[{"href":"https:\/\/swissgliders.ch\/de\/wp-json\/wp\/v2\/media?parent=15219"}],"wp:term":[{"taxonomy":"product_brand","embeddable":true,"href":"https:\/\/swissgliders.ch\/de\/wp-json\/wp\/v2\/product_brand?post=15219"},{"taxonomy":"product_cat","embeddable":true,"href":"https:\/\/swissgliders.ch\/de\/wp-json\/wp\/v2\/product_cat?post=15219"},{"taxonomy":"product_tag","embeddable":true,"href":"https:\/\/swissgliders.ch\/de\/wp-json\/wp\/v2\/product_tag?post=15219"}],"curies":[{"name":"wp","href":"https:\/\/api.w.org\/{rel}","templated":true}]}}