{"id":15398,"date":"2024-10-27T12:32:33","date_gmt":"2024-10-27T11:32:33","guid":{"rendered":"https:\/\/swissgliders.ch\/?post_type=product&#038;p=15398"},"modified":"2024-10-29T18:54:38","modified_gmt":"2024-10-29T17:54:38","slug":"davinci-duet-en-b","status":"publish","type":"product","link":"https:\/\/swissgliders.ch\/de\/produkt\/davinci-duet-en-b\/","title":{"rendered":"Davinci Duet# EN-B"},"content":{"rendered":"<div class=\"double-padded products-compact flex flex-center flex-gap-X3L container\">\n<h3>Einfacher und spassiger Tandemschirm f\u00fcr Berufspiloten<\/h3>\n<p><img loading=\"lazy\" decoding=\"async\" class=\"\" src=\"https:\/\/flydavinci.com\/site\/assets\/files\/1392\/sunset.jpg.avif\" width=\"413\" height=\"411\" \/><\/p>\n<p>Das Beste wurde gerade noch besser! Alle Vorteile des beliebten Duet#, jetzt mit verst\u00e4rkter Konstruktion. Das MJ40 MF-Gewebe f\u00fcr die Eintrittskante und Skytex 38 f\u00fcr den Rest der Oberfl\u00e4che \u00fcberstehen Tausende von Starts und Landungen.<\/p>\n<p>Professionelle Tandempiloten w\u00fcnschen sich immer einen einfachen Start. Keine leichte Aufgabe f\u00fcr einen rauen, schweren Schirm mit einem Gewicht von etwa 8 kg, aber Davinci hat es geschafft! Der ber\u00fchmte Start des Duet ist wieder da, trotz der erh\u00f6hten Masse und Haltbarkeit. Diese neue, hochbelastbare Konstruktion enth\u00e4lt auch viele kleine Verbesserungen gegen\u00fcber dem \u201enormalen\u201c Duet. Die neue Anordnung der Kunststoffstangen f\u00fcr eine l\u00e4ngere Lebensdauer, k\u00fcrzere Tragegurte f\u00fcr eine bessere Ergonomie und andere kleine Details sorgen f\u00fcr mehr Zuverl\u00e4ssigkeit, weniger Risiko und viel mehr Spa\u00df.<\/p>\n<p>Einmal in der Luft, tr\u00e4gt auch dieser neue Duet# das Beste des Duet Stammbaums in sich. Der perfekte Turn, die coole Performance und der lange Bremsweg sind immer noch da.<\/p>\n<p>Der DUET# hat einen sehr langen Bremsweg, der einen gelegentlichen Str\u00f6mungsabriss fast unm\u00f6glich macht. Au\u00dferdem verf\u00fcgt er \u00fcber das Anti-Vortex-Tips-System (AVT), das die Gleitf\u00e4higkeit im gesamten Geschwindigkeitsbereich verbessert.<\/p>\n<p><strong>DUET#: mehr Haltbarkeit, mehr Spa\u00df.<\/strong><\/p>\n<\/div>\n<h4 class=\"centered padded\">Technische Daten<\/h4>\n<table class=\"matrix headed specifications\">\n<tbody>\n<tr>\n<td>Size<\/td>\n<td>#34<\/td>\n<td>#42<\/td>\n<td>#44<\/td>\n<\/tr>\n<tr>\n<td>Flat area, sq.m<\/td>\n<td>34<\/td>\n<td>42<\/td>\n<td>44<\/td>\n<\/tr>\n<tr>\n<td>Flat A.R.<\/td>\n<td>5.4<\/td>\n<td>5.4<\/td>\n<td>5.4<\/td>\n<\/tr>\n<tr>\n<td>Flat span, m<\/td>\n<td>13.8<\/td>\n<td>14.9<\/td>\n<td>15.3<\/td>\n<\/tr>\n<tr>\n<td>Projected area, sq.m<\/td>\n<td>30.5<\/td>\n<td>36.0<\/td>\n<td>37.8<\/td>\n<\/tr>\n<tr>\n<td>Projected A.R.<\/td>\n<td>3.94<\/td>\n<td>3.94<\/td>\n<td>3.94<\/td>\n<\/tr>\n<tr>\n<td>Projected span, m<\/td>\n<td>11.0<\/td>\n<td>11.9<\/td>\n<td>12.2<\/td>\n<\/tr>\n<tr>\n<td>Cells, total<\/td>\n<td>54<\/td>\n<td>54<\/td>\n<td>54<\/td>\n<\/tr>\n<tr>\n<td>Cells, closed<\/td>\n<td>10<\/td>\n<td>10<\/td>\n<td>10<\/td>\n<\/tr>\n<tr>\n<td>Flattening, %<\/td>\n<td>14<\/td>\n<td>14<\/td>\n<td>14<\/td>\n<\/tr>\n<tr>\n<td>Cord min, m<\/td>\n<td>0.68<\/td>\n<td>0.74<\/td>\n<td>0.76<\/td>\n<\/tr>\n<tr>\n<td>Cord max, m<\/td>\n<td>3.25<\/td>\n<td>3.53<\/td>\n<td>3.62<\/td>\n<\/tr>\n<tr>\n<td>Cord average, m<\/td>\n<td>2.58<\/td>\n<td>2.80<\/td>\n<td>2.89<\/td>\n<\/tr>\n<tr>\n<td>Lines height, m<\/td>\n<td>8.22<\/td>\n<td>9.04<\/td>\n<td>9.26<\/td>\n<\/tr>\n<tr>\n<td>Trims travel, mm<\/td>\n<td>110<\/td>\n<td>110<\/td>\n<td>110<\/td>\n<\/tr>\n<tr>\n<td>Glider weight, kg<\/td>\n<td>6.6<\/td>\n<td>7.9<\/td>\n<td>8.4<\/td>\n<\/tr>\n<tr>\n<td>Takeoff weight, kg<\/td>\n<td>90-180<\/td>\n<td>120-230<\/td>\n<td>130-248<\/td>\n<\/tr>\n<tr>\n<td>PPG takeoff weight, kg<\/td>\n<td>90-300<\/td>\n<td>120-340<\/td>\n<td>130-380<\/td>\n<\/tr>\n<tr>\n<td>Certification<\/td>\n<td>EN B<\/td>\n<td>EN B<\/td>\n<td>EN B<\/td>\n<\/tr>\n<\/tbody>\n<\/table>\n<div class=\"double-padded products-compact flex flex-center flex-gap-X3L container\">\n<h2><\/h2>\n<h3 class=\"centered double-padded\">Geliefert mit deinem Schirm<\/h3>\n<div class=\"double-padded products-compact flex flex-center flex-gap-X3L container\">\n<p><a class=\"centered product\" href=\"https:\/\/flydavinci.com\/products\/accessories\/inner-bag\/\"><img decoding=\"async\" class=\"productImage\" src=\"https:\/\/flydavinci.com\/site\/assets\/files\/1377\/300x\/2018_04_1130.jpg.avif\" data-src=\"\/site\/assets\/files\/1377\/2018_04_1130.jpg\" \/><\/a><\/p>\n<div class=\"flex flex-center flex-middle\">\n<h3 class=\"half-padded\">Innerbag<\/h3>\n<\/div>\n<p>Leichter und atmungsaktiver Packsack<\/p>\n<p><a class=\"centered product\" href=\"https:\/\/flydavinci.com\/products\/accessories\/strap\/\"><img decoding=\"async\" class=\"productImage\" src=\"https:\/\/flydavinci.com\/site\/assets\/files\/1924\/300x\/strap-1.png.avif\" data-src=\"\/site\/assets\/files\/1924\/strap-1.png\" \/><\/a><\/p>\n<div class=\"flex flex-center flex-middle\">\n<h3 class=\"half-padded\">Strap<\/h3>\n<\/div>\n<p>Gleitschirmgurt<\/p>\n<p><a class=\"centered product\" href=\"https:\/\/flydavinci.com\/products\/accessories\/repair-kit\/\"><img decoding=\"async\" class=\"productImage\" src=\"https:\/\/flydavinci.com\/site\/assets\/files\/1927\/300x\/pouch.png.avif\" data-src=\"\/site\/assets\/files\/1927\/pouch.png\" \/><\/a><\/p>\n<div class=\"flex flex-center flex-middle\">\n<h3 class=\"half-padded\">Repair kit<\/h3>\n<\/div>\n<p>Reperaturkit (Beutel &amp; Schl\u00fcsselanh\u00e4nger)<\/p>\n<p><a class=\"centered product\" href=\"https:\/\/flydavinci.com\/products\/accessories\/windsock\/\"><img decoding=\"async\" class=\"productImage\" src=\"https:\/\/flydavinci.com\/site\/assets\/files\/1380\/200x\/7jyi65oc7ioj.jpg.avif\" data-src=\"\/site\/assets\/files\/1380\/7jyi65oc7ioj.jpg\" \/><\/a><\/p>\n<div class=\"flex flex-center flex-middle\">\n<h3 class=\"half-padded\">Windsock<\/h3>\n<\/div>\n<p>&nbsp;<\/p>\n<p><a class=\"centered product\" href=\"https:\/\/flydavinci.com\/products\/accessories\/quick-pack-bi\/\"><img decoding=\"async\" class=\"productImage\" src=\"https:\/\/flydavinci.com\/site\/assets\/files\/1374\/400x\/bi.png.avif\" data-src=\"\/site\/assets\/files\/1374\/bi.png\" \/><\/a><\/p>\n<div class=\"flex flex-center flex-middle\">\n<h3 class=\"half-padded\">Fast packing bag (BI)<\/h3>\n<\/div>\n<p>Schnellpacksack mit Schulter- und Brustgurt.<\/p>\n<\/div>\n<\/div>\n<p>&nbsp;<\/p>\n<p>Mehr<a href=\"https:\/\/flydavinci.com\/products\/paragliders\/duet-pro\/\" target=\"_blank\" rel=\"noopener noreferrer\"> Infos<\/a><\/p>\n<p>Extrafarben + CHF ~220.00<\/p>\n<p>Lieferfrist 1-2 Wochen. Lieferung ab Lager S\u00fcdkorea. (Extrafarben mind. 6 Wochen)<\/p>\n","protected":false},"excerpt":{"rendered":"<div class=\"double-padded products-compact flex flex-center flex-gap-X3L container\">\n<h3>Einfacher und spassiger Tandemschirm f\u00fcr Berufspiloten<\/h3>\n<p><img loading=\"lazy\" decoding=\"async\" class=\"\" src=\"https:\/\/flydavinci.com\/site\/assets\/files\/1392\/sunset.jpg.avif\" width=\"413\" height=\"411\" \/><\/p>\n<p>Das Beste wurde gerade noch besser! Alle Vorteile des beliebten Duet#, jetzt mit verst\u00e4rkter Konstruktion. Das MJ40 MF-Gewebe f\u00fcr die Eintrittskante und Skytex 38 f\u00fcr den Rest der Oberfl\u00e4che \u00fcberstehen Tausende von Starts und Landungen.<\/p>\n<p>Professionelle Tandempiloten w\u00fcnschen sich immer einen einfachen Start. Keine leichte Aufgabe f\u00fcr einen rauen, schweren Schirm mit einem Gewicht von etwa 8 kg, aber Davinci hat es geschafft! Der ber\u00fchmte Start des Duet ist wieder da, trotz der erh\u00f6hten Masse und Haltbarkeit. Diese neue, hochbelastbare Konstruktion enth\u00e4lt auch viele kleine Verbesserungen gegen\u00fcber dem \u201enormalen\u201c Duet. Die neue Anordnung der Kunststoffstangen f\u00fcr eine l\u00e4ngere Lebensdauer, k\u00fcrzere Tragegurte f\u00fcr eine bessere Ergonomie und andere kleine Details sorgen f\u00fcr mehr Zuverl\u00e4ssigkeit, weniger Risiko und viel mehr Spa\u00df.<\/p>\n<p>Einmal in der Luft, tr\u00e4gt auch dieser neue Duet# das Beste des Duet Stammbaums in sich. Der perfekte Turn, die coole Performance und der lange Bremsweg sind immer noch da.<\/p>\n<p>Der DUET# hat einen sehr langen Bremsweg, der einen gelegentlichen Str\u00f6mungsabriss fast unm\u00f6glich macht. Au\u00dferdem verf\u00fcgt er \u00fcber das Anti-Vortex-Tips-System (AVT), das die Gleitf\u00e4higkeit im gesamten Geschwindigkeitsbereich verbessert.<\/p>\n<p><strong>DUET#: mehr Haltbarkeit, mehr Spa\u00df.<\/strong><\/p>\n<\/div>\n<h4 class=\"centered padded\">Technische Daten<\/h4>\n<table class=\"matrix headed specifications\">\n<tbody>\n<tr>\n<td>Size<\/td>\n<td>#34<\/td>\n<td>#42<\/td>\n<td>#44<\/td>\n<\/tr>\n<tr>\n<td>Flat area, sq.m<\/td>\n<td>34<\/td>\n<td>42<\/td>\n<td>44<\/td>\n<\/tr>\n<tr>\n<td>Flat A.R.<\/td>\n<td>5.4<\/td>\n<td>5.4<\/td>\n<td>5.4<\/td>\n<\/tr>\n<tr>\n<td>Flat span, m<\/td>\n<td>13.8<\/td>\n<td>14.9<\/td>\n<td>15.3<\/td>\n<\/tr>\n<tr>\n<td>Projected area, sq.m<\/td>\n<td>30.5<\/td>\n<td>36.0<\/td>\n<td>37.8<\/td>\n<\/tr>\n<tr>\n<td>Projected A.R.<\/td>\n<td>3.94<\/td>\n<td>3.94<\/td>\n<td>3.94<\/td>\n<\/tr>\n<tr>\n<td>Projected span, m<\/td>\n<td>11.0<\/td>\n<td>11.9<\/td>\n<td>12.2<\/td>\n<\/tr>\n<tr>\n<td>Cells, total<\/td>\n<td>54<\/td>\n<td>54<\/td>\n<td>54<\/td>\n<\/tr>\n<tr>\n<td>Cells, closed<\/td>\n<td>10<\/td>\n<td>10<\/td>\n<td>10<\/td>\n<\/tr>\n<tr>\n<td>Flattening, %<\/td>\n<td>14<\/td>\n<td>14<\/td>\n<td>14<\/td>\n<\/tr>\n<tr>\n<td>Cord min, m<\/td>\n<td>0.68<\/td>\n<td>0.74<\/td>\n<td>0.76<\/td>\n<\/tr>\n<tr>\n<td>Cord max, m<\/td>\n<td>3.25<\/td>\n<td>3.53<\/td>\n<td>3.62<\/td>\n<\/tr>\n<tr>\n<td>Cord average, m<\/td>\n<td>2.58<\/td>\n<td>2.80<\/td>\n<td>2.89<\/td>\n<\/tr>\n<tr>\n<td>Lines height, m<\/td>\n<td>8.22<\/td>\n<td>9.04<\/td>\n<td>9.26<\/td>\n<\/tr>\n<tr>\n<td>Trims travel, mm<\/td>\n<td>110<\/td>\n<td>110<\/td>\n<td>110<\/td>\n<\/tr>\n<tr>\n<td>Glider weight, kg<\/td>\n<td>6.6<\/td>\n<td>7.9<\/td>\n<td>8.4<\/td>\n<\/tr>\n<tr>\n<td>Takeoff weight, kg<\/td>\n<td>90-180<\/td>\n<td>120-230<\/td>\n<td>130-248<\/td>\n<\/tr>\n<tr>\n<td>PPG takeoff weight, kg<\/td>\n<td>90-300<\/td>\n<td>120-340<\/td>\n<td>130-380<\/td>\n<\/tr>\n<tr>\n<td>Certification<\/td>\n<td>EN B<\/td>\n<td>EN B<\/td>\n<td>EN B<\/td>\n<\/tr>\n<\/tbody>\n<\/table>\n<div class=\"double-padded products-compact flex flex-center flex-gap-X3L container\">\n<h2><\/h2>\n<h3 class=\"centered double-padded\">Geliefert mit deinem Schirm<\/h3>\n<div class=\"double-padded products-compact flex flex-center flex-gap-X3L container\">\n<p><a class=\"centered product\" href=\"https:\/\/flydavinci.com\/products\/accessories\/inner-bag\/\"><img decoding=\"async\" class=\"productImage\" src=\"https:\/\/flydavinci.com\/site\/assets\/files\/1377\/300x\/2018_04_1130.jpg.avif\" data-src=\"\/site\/assets\/files\/1377\/2018_04_1130.jpg\" \/><\/a><\/p>\n<div class=\"flex flex-center flex-middle\">\n<h3 class=\"half-padded\">Innerbag<\/h3>\n<\/div>\n<p>Leichter und atmungsaktiver Packsack<\/p>\n<p><a class=\"centered product\" href=\"https:\/\/flydavinci.com\/products\/accessories\/strap\/\"><img decoding=\"async\" class=\"productImage\" src=\"https:\/\/flydavinci.com\/site\/assets\/files\/1924\/300x\/strap-1.png.avif\" data-src=\"\/site\/assets\/files\/1924\/strap-1.png\" \/><\/a><\/p>\n<div class=\"flex flex-center flex-middle\">\n<h3 class=\"half-padded\">Strap<\/h3>\n<\/div>\n<p>Gleitschirmgurt<\/p>\n<p><a class=\"centered product\" href=\"https:\/\/flydavinci.com\/products\/accessories\/repair-kit\/\"><img decoding=\"async\" class=\"productImage\" src=\"https:\/\/flydavinci.com\/site\/assets\/files\/1927\/300x\/pouch.png.avif\" data-src=\"\/site\/assets\/files\/1927\/pouch.png\" \/><\/a><\/p>\n<div class=\"flex flex-center flex-middle\">\n<h3 class=\"half-padded\">Repair kit<\/h3>\n<\/div>\n<p>Reperaturkit (Beutel &amp; Schl\u00fcsselanh\u00e4nger)<\/p>\n<p><a class=\"centered product\" href=\"https:\/\/flydavinci.com\/products\/accessories\/windsock\/\"><img decoding=\"async\" class=\"productImage\" src=\"https:\/\/flydavinci.com\/site\/assets\/files\/1380\/200x\/7jyi65oc7ioj.jpg.avif\" data-src=\"\/site\/assets\/files\/1380\/7jyi65oc7ioj.jpg\" \/><\/a><\/p>\n<div class=\"flex flex-center flex-middle\">\n<h3 class=\"half-padded\">Windsock<\/h3>\n<\/div>\n<p>&nbsp;<\/p>\n<p><a class=\"centered product\" href=\"https:\/\/flydavinci.com\/products\/accessories\/quick-pack-bi\/\"><img decoding=\"async\" class=\"productImage\" src=\"https:\/\/flydavinci.com\/site\/assets\/files\/1374\/400x\/bi.png.avif\" data-src=\"\/site\/assets\/files\/1374\/bi.png\" \/><\/a><\/p>\n<div class=\"flex flex-center flex-middle\">\n<h3 class=\"half-padded\">Fast packing bag (BI)<\/h3>\n<\/div>\n<p>Schnellpacksack mit Schulter- und Brustgurt.<\/p>\n<\/div>\n<\/div>\n<p>&nbsp;<\/p>\n<p>Mehr<a href=\"https:\/\/flydavinci.com\/products\/paragliders\/duet-pro\/\" target=\"_blank\" rel=\"noopener noreferrer\"> Infos<\/a><\/p>\n<p>Extrafarben + CHF ~220.00<\/p>\n<p>Lieferfrist 1-2 Wochen. Lieferung ab Lager S\u00fcdkorea. (Extrafarben mind. 6 Wochen)<\/p>\n","protected":false},"featured_media":6691,"comment_status":"closed","ping_status":"closed","template":"","meta":[],"product_brand":[],"product_cat":[86],"product_tag":[917,90],"class_list":{"0":"post-15398","1":"product","2":"type-product","3":"status-publish","4":"has-post-thumbnail","6":"product_cat-gleitschirme","7":"product_tag-gleitschirm","8":"product_tag-verkaufsartikel","10":"first","11":"instock","12":"sale","13":"shipping-taxable","14":"purchasable","15":"product-type-variable"},"yoast_head":"<!-- This site is optimized with the Yoast SEO Premium plugin v26.1 (Yoast SEO v27.3) - https:\/\/yoast.com\/product\/yoast-seo-premium-wordpress\/ -->\n<title>Davinci Duet# EN-B | Gleitschirmschule Thun, Bern, Interlaken<\/title>\n<meta name=\"description\" content=\"Professioneller Tandem-Gleitschirm Duet Pro vom jungen und innovativen Hersteller Davinci. Demo bei uns verf\u00fcgbar.\" \/>\n<meta name=\"robots\" content=\"index, follow, max-snippet:-1, max-image-preview:large, max-video-preview:-1\" \/>\n<link rel=\"canonical\" href=\"https:\/\/swissgliders.ch\/de\/produkt\/davinci-duet-en-b\/\" \/>\n<meta property=\"og:locale\" content=\"de_DE\" \/>\n<meta property=\"og:type\" content=\"article\" \/>\n<meta property=\"og:title\" content=\"Davinci Duet# EN-B\" \/>\n<meta property=\"og:description\" content=\"Professioneller Tandem-Gleitschirm Duet Pro vom jungen und innovativen Hersteller Davinci. Demo bei uns verf\u00fcgbar.\" \/>\n<meta property=\"og:url\" content=\"https:\/\/swissgliders.ch\/de\/produkt\/davinci-duet-en-b\/\" \/>\n<meta property=\"og:site_name\" content=\"Gleitschirmschule Thun, Bern, Interlaken\" \/>\n<meta property=\"article:publisher\" content=\"https:\/\/www.facebook.com\/swissgliders\" \/>\n<meta property=\"article:modified_time\" content=\"2024-10-29T17:54:38+00:00\" \/>\n<meta property=\"og:image\" content=\"https:\/\/swissgliders.ch\/wp-content\/uploads\/2021\/01\/duet_pro-14.jpeg\" \/>\n\t<meta property=\"og:image:width\" content=\"2400\" \/>\n\t<meta property=\"og:image:height\" content=\"1280\" \/>\n\t<meta property=\"og:image:type\" content=\"image\/jpeg\" \/>\n<meta name=\"twitter:card\" content=\"summary_large_image\" \/>\n<meta name=\"twitter:site\" content=\"@Swissgliders\" \/>\n<meta name=\"twitter:label1\" content=\"Verf\u00fcgbarkeit\" \/>\n\t<meta name=\"twitter:data1\" content=\"Auf Lager\" \/>\n<script type=\"application\/ld+json\" class=\"yoast-schema-graph\">{\"@context\":\"https:\\\/\\\/schema.org\",\"@graph\":[{\"@type\":\"WebPage\",\"@id\":\"https:\\\/\\\/swissgliders.ch\\\/de\\\/produkt\\\/davinci-duet-en-b\\\/\",\"url\":\"https:\\\/\\\/swissgliders.ch\\\/de\\\/produkt\\\/davinci-duet-en-b\\\/\",\"name\":\"Davinci Duet# EN-B | Gleitschirmschule Thun, Bern, Interlaken\",\"isPartOf\":{\"@id\":\"https:\\\/\\\/swissgliders.ch\\\/de\\\/#website\"},\"primaryImageOfPage\":{\"@id\":\"https:\\\/\\\/swissgliders.ch\\\/de\\\/produkt\\\/davinci-duet-en-b\\\/#primaryimage\"},\"image\":{\"@id\":\"https:\\\/\\\/swissgliders.ch\\\/de\\\/produkt\\\/davinci-duet-en-b\\\/#primaryimage\"},\"thumbnailUrl\":\"https:\\\/\\\/swissgliders.ch\\\/wp-content\\\/uploads\\\/2021\\\/01\\\/duet_pro-14.jpeg\",\"datePublished\":\"2024-10-27T11:32:33+00:00\",\"dateModified\":\"2024-10-29T17:54:38+00:00\",\"description\":\"Professioneller Tandem-Gleitschirm Duet Pro vom jungen und innovativen Hersteller Davinci. Demo bei uns verf\u00fcgbar.\",\"breadcrumb\":{\"@id\":\"https:\\\/\\\/swissgliders.ch\\\/de\\\/produkt\\\/davinci-duet-en-b\\\/#breadcrumb\"},\"inLanguage\":\"de\",\"potentialAction\":[{\"@type\":\"ReadAction\",\"target\":[\"https:\\\/\\\/swissgliders.ch\\\/de\\\/produkt\\\/davinci-duet-en-b\\\/\"]}]},{\"@type\":\"ImageObject\",\"inLanguage\":\"de\",\"@id\":\"https:\\\/\\\/swissgliders.ch\\\/de\\\/produkt\\\/davinci-duet-en-b\\\/#primaryimage\",\"url\":\"https:\\\/\\\/swissgliders.ch\\\/wp-content\\\/uploads\\\/2021\\\/01\\\/duet_pro-14.jpeg\",\"contentUrl\":\"https:\\\/\\\/swissgliders.ch\\\/wp-content\\\/uploads\\\/2021\\\/01\\\/duet_pro-14.jpeg\",\"width\":2400,\"height\":1280,\"caption\":\"davinci_duet_pro-1\"},{\"@type\":\"BreadcrumbList\",\"@id\":\"https:\\\/\\\/swissgliders.ch\\\/de\\\/produkt\\\/davinci-duet-en-b\\\/#breadcrumb\",\"itemListElement\":[{\"@type\":\"ListItem\",\"position\":1,\"name\":\"Startseite\",\"item\":\"https:\\\/\\\/swissgliders.ch\\\/de\\\/willkommen\\\/\"},{\"@type\":\"ListItem\",\"position\":2,\"name\":\"Gleitschirm Shop\",\"item\":\"https:\\\/\\\/swissgliders.ch\\\/de\\\/gleitschirm-shop\\\/\"},{\"@type\":\"ListItem\",\"position\":3,\"name\":\"Davinci Duet# EN-B\"}]},{\"@type\":\"WebSite\",\"@id\":\"https:\\\/\\\/swissgliders.ch\\\/de\\\/#website\",\"url\":\"https:\\\/\\\/swissgliders.ch\\\/de\\\/\",\"name\":\"Gleitschirmschule Thun, Bern, Interlaken\",\"description\":\"Gleitschirmschule Thun, Bern, Interlaken\",\"publisher\":{\"@id\":\"https:\\\/\\\/swissgliders.ch\\\/de\\\/#organization\"},\"potentialAction\":[{\"@type\":\"SearchAction\",\"target\":{\"@type\":\"EntryPoint\",\"urlTemplate\":\"https:\\\/\\\/swissgliders.ch\\\/de\\\/?s={search_term_string}\"},\"query-input\":{\"@type\":\"PropertyValueSpecification\",\"valueRequired\":true,\"valueName\":\"search_term_string\"}}],\"inLanguage\":\"de\"},{\"@type\":\"Organization\",\"@id\":\"https:\\\/\\\/swissgliders.ch\\\/de\\\/#organization\",\"name\":\"Swissgliders Gleitschirmflugschule Thun\",\"url\":\"https:\\\/\\\/swissgliders.ch\\\/de\\\/\",\"logo\":{\"@type\":\"ImageObject\",\"inLanguage\":\"de\",\"@id\":\"https:\\\/\\\/swissgliders.ch\\\/de\\\/#\\\/schema\\\/logo\\\/image\\\/\",\"url\":\"https:\\\/\\\/swissgliders.ch\\\/wp-content\\\/uploads\\\/2019\\\/12\\\/swissgliders-logo-rgb-square-L-no-ch-01.png\",\"contentUrl\":\"https:\\\/\\\/swissgliders.ch\\\/wp-content\\\/uploads\\\/2019\\\/12\\\/swissgliders-logo-rgb-square-L-no-ch-01.png\",\"width\":2500,\"height\":2500,\"caption\":\"Swissgliders Gleitschirmflugschule Thun\"},\"image\":{\"@id\":\"https:\\\/\\\/swissgliders.ch\\\/de\\\/#\\\/schema\\\/logo\\\/image\\\/\"},\"sameAs\":[\"https:\\\/\\\/www.facebook.com\\\/swissgliders\",\"https:\\\/\\\/x.com\\\/Swissgliders\",\"https:\\\/\\\/www.instagram.com\\\/swissgliders\\\/\",\"https:\\\/\\\/www.youtube.com\\\/channel\\\/UCMCtGdepy9vBhrhX3V_oJOA\"],\"hasMerchantReturnPolicy\":{\"@type\":\"MerchantReturnPolicy\",\"merchantReturnLink\":\"https:\\\/\\\/swissgliders.ch\\\/de\\\/allgemeine-geschaftsbedingungen\\\/\"}}]}<\/script>\n<meta property=\"og:availability\" content=\"instock\" \/>\n<meta property=\"product:availability\" content=\"instock\" \/>\n<meta property=\"product:condition\" content=\"new\" \/>\n<!-- \/ Yoast SEO Premium plugin. -->","yoast_head_json":{"title":"Davinci Duet# EN-B | Gleitschirmschule Thun, Bern, Interlaken","description":"Professioneller Tandem-Gleitschirm Duet Pro vom jungen und innovativen Hersteller Davinci. Demo bei uns verf\u00fcgbar.","robots":{"index":"index","follow":"follow","max-snippet":"max-snippet:-1","max-image-preview":"max-image-preview:large","max-video-preview":"max-video-preview:-1"},"canonical":"https:\/\/swissgliders.ch\/de\/produkt\/davinci-duet-en-b\/","og_locale":"de_DE","og_type":"article","og_title":"Davinci Duet# EN-B","og_description":"Professioneller Tandem-Gleitschirm Duet Pro vom jungen und innovativen Hersteller Davinci. Demo bei uns verf\u00fcgbar.","og_url":"https:\/\/swissgliders.ch\/de\/produkt\/davinci-duet-en-b\/","og_site_name":"Gleitschirmschule Thun, Bern, Interlaken","article_publisher":"https:\/\/www.facebook.com\/swissgliders","article_modified_time":"2024-10-29T17:54:38+00:00","og_image":[{"width":2400,"height":1280,"url":"https:\/\/swissgliders.ch\/wp-content\/uploads\/2021\/01\/duet_pro-14.jpeg","type":"image\/jpeg"}],"twitter_card":"summary_large_image","twitter_site":"@Swissgliders","twitter_misc":{"Verf\u00fcgbarkeit":"Auf Lager"},"schema":{"@context":"https:\/\/schema.org","@graph":[{"@type":"WebPage","@id":"https:\/\/swissgliders.ch\/de\/produkt\/davinci-duet-en-b\/","url":"https:\/\/swissgliders.ch\/de\/produkt\/davinci-duet-en-b\/","name":"Davinci Duet# EN-B | Gleitschirmschule Thun, Bern, Interlaken","isPartOf":{"@id":"https:\/\/swissgliders.ch\/de\/#website"},"primaryImageOfPage":{"@id":"https:\/\/swissgliders.ch\/de\/produkt\/davinci-duet-en-b\/#primaryimage"},"image":{"@id":"https:\/\/swissgliders.ch\/de\/produkt\/davinci-duet-en-b\/#primaryimage"},"thumbnailUrl":"https:\/\/swissgliders.ch\/wp-content\/uploads\/2021\/01\/duet_pro-14.jpeg","datePublished":"2024-10-27T11:32:33+00:00","dateModified":"2024-10-29T17:54:38+00:00","description":"Professioneller Tandem-Gleitschirm Duet Pro vom jungen und innovativen Hersteller Davinci. Demo bei uns verf\u00fcgbar.","breadcrumb":{"@id":"https:\/\/swissgliders.ch\/de\/produkt\/davinci-duet-en-b\/#breadcrumb"},"inLanguage":"de","potentialAction":[{"@type":"ReadAction","target":["https:\/\/swissgliders.ch\/de\/produkt\/davinci-duet-en-b\/"]}]},{"@type":"ImageObject","inLanguage":"de","@id":"https:\/\/swissgliders.ch\/de\/produkt\/davinci-duet-en-b\/#primaryimage","url":"https:\/\/swissgliders.ch\/wp-content\/uploads\/2021\/01\/duet_pro-14.jpeg","contentUrl":"https:\/\/swissgliders.ch\/wp-content\/uploads\/2021\/01\/duet_pro-14.jpeg","width":2400,"height":1280,"caption":"davinci_duet_pro-1"},{"@type":"BreadcrumbList","@id":"https:\/\/swissgliders.ch\/de\/produkt\/davinci-duet-en-b\/#breadcrumb","itemListElement":[{"@type":"ListItem","position":1,"name":"Startseite","item":"https:\/\/swissgliders.ch\/de\/willkommen\/"},{"@type":"ListItem","position":2,"name":"Gleitschirm Shop","item":"https:\/\/swissgliders.ch\/de\/gleitschirm-shop\/"},{"@type":"ListItem","position":3,"name":"Davinci Duet# EN-B"}]},{"@type":"WebSite","@id":"https:\/\/swissgliders.ch\/de\/#website","url":"https:\/\/swissgliders.ch\/de\/","name":"Gleitschirmschule Thun, Bern, Interlaken","description":"Gleitschirmschule Thun, Bern, Interlaken","publisher":{"@id":"https:\/\/swissgliders.ch\/de\/#organization"},"potentialAction":[{"@type":"SearchAction","target":{"@type":"EntryPoint","urlTemplate":"https:\/\/swissgliders.ch\/de\/?s={search_term_string}"},"query-input":{"@type":"PropertyValueSpecification","valueRequired":true,"valueName":"search_term_string"}}],"inLanguage":"de"},{"@type":"Organization","@id":"https:\/\/swissgliders.ch\/de\/#organization","name":"Swissgliders Gleitschirmflugschule Thun","url":"https:\/\/swissgliders.ch\/de\/","logo":{"@type":"ImageObject","inLanguage":"de","@id":"https:\/\/swissgliders.ch\/de\/#\/schema\/logo\/image\/","url":"https:\/\/swissgliders.ch\/wp-content\/uploads\/2019\/12\/swissgliders-logo-rgb-square-L-no-ch-01.png","contentUrl":"https:\/\/swissgliders.ch\/wp-content\/uploads\/2019\/12\/swissgliders-logo-rgb-square-L-no-ch-01.png","width":2500,"height":2500,"caption":"Swissgliders Gleitschirmflugschule Thun"},"image":{"@id":"https:\/\/swissgliders.ch\/de\/#\/schema\/logo\/image\/"},"sameAs":["https:\/\/www.facebook.com\/swissgliders","https:\/\/x.com\/Swissgliders","https:\/\/www.instagram.com\/swissgliders\/","https:\/\/www.youtube.com\/channel\/UCMCtGdepy9vBhrhX3V_oJOA"],"hasMerchantReturnPolicy":{"@type":"MerchantReturnPolicy","merchantReturnLink":"https:\/\/swissgliders.ch\/de\/allgemeine-geschaftsbedingungen\/"}}]},"og_availability":"instock","product_availability":"instock","product_condition":"new"},"_links":{"self":[{"href":"https:\/\/swissgliders.ch\/de\/wp-json\/wp\/v2\/product\/15398","targetHints":{"allow":["GET"]}}],"collection":[{"href":"https:\/\/swissgliders.ch\/de\/wp-json\/wp\/v2\/product"}],"about":[{"href":"https:\/\/swissgliders.ch\/de\/wp-json\/wp\/v2\/types\/product"}],"replies":[{"embeddable":true,"href":"https:\/\/swissgliders.ch\/de\/wp-json\/wp\/v2\/comments?post=15398"}],"wp:featuredmedia":[{"embeddable":true,"href":"https:\/\/swissgliders.ch\/de\/wp-json\/wp\/v2\/media\/6691"}],"wp:attachment":[{"href":"https:\/\/swissgliders.ch\/de\/wp-json\/wp\/v2\/media?parent=15398"}],"wp:term":[{"taxonomy":"product_brand","embeddable":true,"href":"https:\/\/swissgliders.ch\/de\/wp-json\/wp\/v2\/product_brand?post=15398"},{"taxonomy":"product_cat","embeddable":true,"href":"https:\/\/swissgliders.ch\/de\/wp-json\/wp\/v2\/product_cat?post=15398"},{"taxonomy":"product_tag","embeddable":true,"href":"https:\/\/swissgliders.ch\/de\/wp-json\/wp\/v2\/product_tag?post=15398"}],"curies":[{"name":"wp","href":"https:\/\/api.w.org\/{rel}","templated":true}]}}