{"id":17342,"date":"2024-11-06T12:41:44","date_gmt":"2024-11-06T11:41:44","guid":{"rendered":"https:\/\/swissgliders.ch\/?post_type=product&#038;p=17342"},"modified":"2024-11-08T09:52:46","modified_gmt":"2024-11-08T08:52:46","slug":"buch-reto-koller-chrigel-maurer-der-ueberflieger","status":"publish","type":"product","link":"https:\/\/swissgliders.ch\/de\/produkt\/buch-reto-koller-chrigel-maurer-der-ueberflieger\/","title":{"rendered":"Chrigel Maurer \u2013 der \u00dcberflieger (Reto Koller)"},"content":{"rendered":"<h3>Chrigel Maurer \u2013 der \u00dcberflieger (Reto Koller)<\/h3>\n<p><img loading=\"lazy\" decoding=\"async\" class=\"\" src=\"https:\/\/weberverlag.ch\/cdn\/shop\/files\/3D-Cover_Chrigel-Maurer_RGB.jpg?v=1693294897&amp;width=400\" alt=\"Reto Koller | Chrigel Maurer \u2013 der \u00dcber-Flieger - \u2022 WEBER VERLAG\" width=\"299\" height=\"370\" \/><\/p>\n<p><strong>Beschreibung<\/strong><\/p>\n<p>\u00ab\u00dcber den Wolken, da muss die Freiheit wohl grenzenlos sein\u00bb, singt der deutsche Liedermacher Reinhard Mey. F\u00fcr den \u00abAdler von Adelboden\u00bb ist die Freiheit nicht abh\u00e4ngig von der Wolkenh\u00f6he. Sein Element sind die L\u00fcfte. Er beherrscht es wie kein Zweiter. Acht Siege in Folge an den legend\u00e4ren X-Alps, dem h\u00e4rtesten Abenteuerrennen der Welt, zeugen davon. Der Berner Oberl\u00e4nder Journalist Bruno Petroni beschreibt Chrigel Maurers letzten X-Alps-Triumph im Juni 2023. Chrigel hat fast alle seiner Wettkampfziele erreicht, doch mehr als sch\u00f6ne Medaillen bedeuten ihm die Natur und seine Leidenschaft f\u00fcr das Gleitschirmfliegen, die er vom Hobby zum Beruf gemacht hat. Der elffache Weltcupsieger und dreifache Weltmeister gibt seine Erfahrungen weiter und erz\u00e4hlt, woher er kommt und wer er ist. Er w\u00e4hlt das Bild vom Eisberg. Seine vielen Titel und Erfolge sind die Spitze, der Weg zum besten Gleitschirmathleten der Gegenwart der ungleich gr\u00f6ssere, nicht sichtbare Teil. Der Adler von Adelboden hat es erlebt: Gerade was man NICHT tun sollte, bringt den Erfolg. Davon und von seinen faszinierenden Erlebnissen in der Luft und im Gel\u00e4nde handelt dieses Buch.<\/p>\n<p>Als Gleitschirmpilot hat Chrigel Maurer fast all seine Wettkampfziele erreichen k\u00f6nnen. Sein Hobby zum Beruf machte der heute 40-j\u00e4hrige Flieger 2003, als er den Schritt von der Baustelle in die Gleitschirm Entwicklung wagte. Seit 2009 bestreitet \u2013 und dominiert! \u2013 Maurer mit einem Team alle zwei Jahre das Abenteuerrennen Red Bull X-Alps. 2012 wurde er hauptberuflicher Gleitschirm-Athlet. Der Schritt in die Selbst\u00e4ndigkeit war das Resultat grosser Nachfrage f\u00fcr Weiterbildungen und Personal Trainings f\u00fcr Piloten und Vortr\u00e4ge auch ausserhalb der Flugszene. Wie Maurer sich immer noch auf h\u00f6chstem Niveau weiterentwickelt und seinen Zielen nachgeht, Erfahrungen sammelt und diese dem Nachwuchs weitergibt, das erkl\u00e4rt dieses Buch.<\/p>\n<p>&nbsp;<\/p>\n<p><strong>\u00dcber den Autor<\/strong><\/p>\n<p>Reto Koller ist in Adelboden geboren und wohnhaft. Der Autor hat sich w\u00e4hrend langer Zeit mit den Adelbodner Weltcuprennen und seinen Protagonisten besch\u00e4ftigt. Er ist freier Mitarbeiter mehrer Printmedien, unter anderem der Lokalzeitung \u00abDer Frutigl\u00e4nder\u00bb, und hat bei mehreren Buchpublikationen \u00fcber seine Heimat mitgewirkt.\u00abDer Adler von Adelboden\u00bb &#8211; so wurde Chrigel Maurer 2004 genannt, als ihm mit dem Flug vom Niesen nach Landeck ein neuer Europarekord von 323 km gelang. Aufgewachsen in Adelboden, machte er mit 4 Jahren erste Bekanntschaften mit einem Gleitschirm. Als er dann endlich das 16. Lebensjahr erreicht hatte, stand dem offiziellen Brevet-Erwerb nichts mehr im Wege. Schon bald wurde er Wettkampfpilot und flog \u00fcber die weite Welt. Seit 2003 fliegt er an internationalen Wettk\u00e4mpfen als Gleitschirmprofi an der Spitze mit. 2004 machte er dann seine Leidenschaft als Testpilot zum Beruf.<\/p>\n<p>&nbsp;<\/p>\n<p><strong>Details<\/strong><\/p>\n<div class=\"biblioId\"><span class=\"key\">ISBN\/GTIN<\/span><span class=\"value\">978-3-03818-493-5<\/span><\/div>\n<div>Autor: Reto Koller<\/div>\n<div class=\"biblioProductCode\"><span class=\"key\">Produktart: Gebundene, Hardcover<\/span><\/div>\n<div id=\"r711338-0-711638:718972:589430\" class=\"biblioPublisher\"><span class=\"key\">Verlag: <\/span><span id=\"r711340-0-711638:718972:589430\" class=\"value\"><span class=\"value\"><a title=\"Weitere Artikel dieses Verlags anzeigen\" href=\"https:\/\/www.buchhaus.ch\/de\/suchergebnis?bpmquery=V%3A%22Weber%20Verlag%20Thun%22\">Weber Verlag Thun<\/a><\/span><\/span><\/div>\n<div class=\"biblioPublishingDate\"><span class=\"key\">Erscheinungsdatum: <\/span><span class=\"value\">06.10.2023<\/span><\/div>\n<div class=\"biblioPages\"><span class=\"key\">Seiten: <\/span><span class=\"value\">188 Seiten<\/span><\/div>\n<div class=\"biblioLanguage\"><span class=\"key\">Sprache: <\/span><span class=\"value\">Deutsch<\/span><\/div>\n<div class=\"biblioDimensions\"><span class=\"key\">Masse: <\/span><span class=\"value\">Breite 230 mm, H\u00f6he 270 mm, Dicke 25 mm<\/span><\/div>\n<div class=\"biblioWeight\"><span class=\"key\">Gewicht: <\/span><span class=\"value\">1104 g<\/span><\/div>\n<div><\/div>\n<p>Lieferzeit 1-2 Tage<\/p>\n","protected":false},"excerpt":{"rendered":"<h3>Chrigel Maurer \u2013 der \u00dcberflieger (Reto Koller)<\/h3>\n<p><img loading=\"lazy\" decoding=\"async\" class=\"\" src=\"https:\/\/weberverlag.ch\/cdn\/shop\/files\/3D-Cover_Chrigel-Maurer_RGB.jpg?v=1693294897&amp;width=400\" alt=\"Reto Koller | Chrigel Maurer \u2013 der \u00dcber-Flieger - \u2022 WEBER VERLAG\" width=\"299\" height=\"370\" \/><\/p>\n<p><strong>Beschreibung<\/strong><\/p>\n<p>\u00ab\u00dcber den Wolken, da muss die Freiheit wohl grenzenlos sein\u00bb, singt der deutsche Liedermacher Reinhard Mey. F\u00fcr den \u00abAdler von Adelboden\u00bb ist die Freiheit nicht abh\u00e4ngig von der Wolkenh\u00f6he. Sein Element sind die L\u00fcfte. Er beherrscht es wie kein Zweiter. Acht Siege in Folge an den legend\u00e4ren X-Alps, dem h\u00e4rtesten Abenteuerrennen der Welt, zeugen davon. Der Berner Oberl\u00e4nder Journalist Bruno Petroni beschreibt Chrigel Maurers letzten X-Alps-Triumph im Juni 2023. Chrigel hat fast alle seiner Wettkampfziele erreicht, doch mehr als sch\u00f6ne Medaillen bedeuten ihm die Natur und seine Leidenschaft f\u00fcr das Gleitschirmfliegen, die er vom Hobby zum Beruf gemacht hat. Der elffache Weltcupsieger und dreifache Weltmeister gibt seine Erfahrungen weiter und erz\u00e4hlt, woher er kommt und wer er ist. Er w\u00e4hlt das Bild vom Eisberg. Seine vielen Titel und Erfolge sind die Spitze, der Weg zum besten Gleitschirmathleten der Gegenwart der ungleich gr\u00f6ssere, nicht sichtbare Teil. Der Adler von Adelboden hat es erlebt: Gerade was man NICHT tun sollte, bringt den Erfolg. Davon und von seinen faszinierenden Erlebnissen in der Luft und im Gel\u00e4nde handelt dieses Buch.<\/p>\n<p>Als Gleitschirmpilot hat Chrigel Maurer fast all seine Wettkampfziele erreichen k\u00f6nnen. Sein Hobby zum Beruf machte der heute 40-j\u00e4hrige Flieger 2003, als er den Schritt von der Baustelle in die Gleitschirm Entwicklung wagte. Seit 2009 bestreitet \u2013 und dominiert! \u2013 Maurer mit einem Team alle zwei Jahre das Abenteuerrennen Red Bull X-Alps. 2012 wurde er hauptberuflicher Gleitschirm-Athlet. Der Schritt in die Selbst\u00e4ndigkeit war das Resultat grosser Nachfrage f\u00fcr Weiterbildungen und Personal Trainings f\u00fcr Piloten und Vortr\u00e4ge auch ausserhalb der Flugszene. Wie Maurer sich immer noch auf h\u00f6chstem Niveau weiterentwickelt und seinen Zielen nachgeht, Erfahrungen sammelt und diese dem Nachwuchs weitergibt, das erkl\u00e4rt dieses Buch.<\/p>\n<p>&nbsp;<\/p>\n<p><strong>\u00dcber den Autor<\/strong><\/p>\n<p>Reto Koller ist in Adelboden geboren und wohnhaft. Der Autor hat sich w\u00e4hrend langer Zeit mit den Adelbodner Weltcuprennen und seinen Protagonisten besch\u00e4ftigt. Er ist freier Mitarbeiter mehrer Printmedien, unter anderem der Lokalzeitung \u00abDer Frutigl\u00e4nder\u00bb, und hat bei mehreren Buchpublikationen \u00fcber seine Heimat mitgewirkt.\u00abDer Adler von Adelboden\u00bb &#8211; so wurde Chrigel Maurer 2004 genannt, als ihm mit dem Flug vom Niesen nach Landeck ein neuer Europarekord von 323 km gelang. Aufgewachsen in Adelboden, machte er mit 4 Jahren erste Bekanntschaften mit einem Gleitschirm. Als er dann endlich das 16. Lebensjahr erreicht hatte, stand dem offiziellen Brevet-Erwerb nichts mehr im Wege. Schon bald wurde er Wettkampfpilot und flog \u00fcber die weite Welt. Seit 2003 fliegt er an internationalen Wettk\u00e4mpfen als Gleitschirmprofi an der Spitze mit. 2004 machte er dann seine Leidenschaft als Testpilot zum Beruf.<\/p>\n<p>&nbsp;<\/p>\n<p><strong>Details<\/strong><\/p>\n<div class=\"biblioId\"><span class=\"key\">ISBN\/GTIN<\/span><span class=\"value\">978-3-03818-493-5<\/span><\/div>\n<div>Autor: Reto Koller<\/div>\n<div class=\"biblioProductCode\"><span class=\"key\">Produktart: Gebundene, Hardcover<\/span><\/div>\n<div id=\"r711338-0-711638:718972:589430\" class=\"biblioPublisher\"><span class=\"key\">Verlag: <\/span><span id=\"r711340-0-711638:718972:589430\" class=\"value\"><span class=\"value\"><a title=\"Weitere Artikel dieses Verlags anzeigen\" href=\"https:\/\/www.buchhaus.ch\/de\/suchergebnis?bpmquery=V%3A%22Weber%20Verlag%20Thun%22\">Weber Verlag Thun<\/a><\/span><\/span><\/div>\n<div class=\"biblioPublishingDate\"><span class=\"key\">Erscheinungsdatum: <\/span><span class=\"value\">06.10.2023<\/span><\/div>\n<div class=\"biblioPages\"><span class=\"key\">Seiten: <\/span><span class=\"value\">188 Seiten<\/span><\/div>\n<div class=\"biblioLanguage\"><span class=\"key\">Sprache: <\/span><span class=\"value\">Deutsch<\/span><\/div>\n<div class=\"biblioDimensions\"><span class=\"key\">Masse: <\/span><span class=\"value\">Breite 230 mm, H\u00f6he 270 mm, Dicke 25 mm<\/span><\/div>\n<div class=\"biblioWeight\"><span class=\"key\">Gewicht: <\/span><span class=\"value\">1104 g<\/span><\/div>\n<div><\/div>\n<p>Lieferzeit 1-2 Tage<\/p>\n","protected":false},"featured_media":17344,"comment_status":"closed","ping_status":"closed","template":"","meta":[],"product_brand":[],"product_cat":[2092],"product_tag":[2208,90],"class_list":{"0":"post-17342","1":"product","2":"type-product","3":"status-publish","4":"has-post-thumbnail","6":"product_cat-gleitschirm-buecher","7":"product_tag-buecher","8":"product_tag-verkaufsartikel","10":"first","11":"instock","12":"shipping-taxable","13":"purchasable","14":"product-type-simple"},"yoast_head":"<!-- This site is optimized with the Yoast SEO Premium plugin v26.1 (Yoast SEO v27.3) - https:\/\/yoast.com\/product\/yoast-seo-premium-wordpress\/ -->\n<title>Chrigel Maurer \u2013 der \u00dcberflieger (Reto Koller) | Gleitschirmschule Thun, Bern, Interlaken<\/title>\n<meta name=\"description\" content=\"Wie Maurer sich immer noch auf h\u00f6chstem Niveau weiterentwickelt und seinen Zielen nachgeht, Erfahrungen sammelt und diese dem Nachwuchs weitergibt, das erkl\u00e4rt dieses Buch.\" \/>\n<meta name=\"robots\" content=\"index, follow, max-snippet:-1, max-image-preview:large, max-video-preview:-1\" \/>\n<link rel=\"canonical\" href=\"https:\/\/swissgliders.ch\/de\/produkt\/buch-reto-koller-chrigel-maurer-der-ueberflieger\/\" \/>\n<meta property=\"og:locale\" content=\"de_DE\" \/>\n<meta property=\"og:type\" content=\"article\" \/>\n<meta property=\"og:title\" content=\"Chrigel Maurer \u2013 der \u00dcberflieger (Reto Koller)\" \/>\n<meta property=\"og:description\" content=\"Wie Maurer sich immer noch auf h\u00f6chstem Niveau weiterentwickelt und seinen Zielen nachgeht, Erfahrungen sammelt und diese dem Nachwuchs weitergibt, das erkl\u00e4rt dieses Buch.\" \/>\n<meta property=\"og:url\" content=\"https:\/\/swissgliders.ch\/de\/produkt\/buch-reto-koller-chrigel-maurer-der-ueberflieger\/\" \/>\n<meta property=\"og:site_name\" content=\"Gleitschirmschule Thun, Bern, Interlaken\" \/>\n<meta property=\"article:publisher\" content=\"https:\/\/www.facebook.com\/swissgliders\" \/>\n<meta property=\"article:modified_time\" content=\"2024-11-08T08:52:46+00:00\" \/>\n<meta property=\"og:image\" content=\"https:\/\/swissgliders.ch\/wp-content\/uploads\/2024\/11\/Buch_Chrigel-Maurer_Der-Uberflieger-1.jpg\" \/>\n\t<meta property=\"og:image:width\" content=\"816\" \/>\n\t<meta property=\"og:image:height\" content=\"1018\" \/>\n\t<meta property=\"og:image:type\" content=\"image\/jpeg\" \/>\n<meta name=\"twitter:card\" content=\"summary_large_image\" \/>\n<meta name=\"twitter:site\" content=\"@Swissgliders\" \/>\n<meta name=\"twitter:label1\" content=\"Preis\" \/>\n\t<meta name=\"twitter:data1\" content=\"&#067;&#072;&#070;&nbsp;49.00\" \/>\n\t<meta name=\"twitter:label2\" content=\"Verf\u00fcgbarkeit\" \/>\n\t<meta name=\"twitter:data2\" content=\"Auf Lager\" \/>\n<script type=\"application\/ld+json\" class=\"yoast-schema-graph\">{\"@context\":\"https:\\\/\\\/schema.org\",\"@graph\":[{\"@type\":\"WebPage\",\"@id\":\"https:\\\/\\\/swissgliders.ch\\\/de\\\/produkt\\\/buch-reto-koller-chrigel-maurer-der-ueberflieger\\\/\",\"url\":\"https:\\\/\\\/swissgliders.ch\\\/de\\\/produkt\\\/buch-reto-koller-chrigel-maurer-der-ueberflieger\\\/\",\"name\":\"Chrigel Maurer \u2013 der \u00dcberflieger (Reto Koller) | Gleitschirmschule Thun, Bern, Interlaken\",\"isPartOf\":{\"@id\":\"https:\\\/\\\/swissgliders.ch\\\/de\\\/#website\"},\"primaryImageOfPage\":{\"@id\":\"https:\\\/\\\/swissgliders.ch\\\/de\\\/produkt\\\/buch-reto-koller-chrigel-maurer-der-ueberflieger\\\/#primaryimage\"},\"image\":{\"@id\":\"https:\\\/\\\/swissgliders.ch\\\/de\\\/produkt\\\/buch-reto-koller-chrigel-maurer-der-ueberflieger\\\/#primaryimage\"},\"thumbnailUrl\":\"https:\\\/\\\/swissgliders.ch\\\/wp-content\\\/uploads\\\/2024\\\/11\\\/Buch_Chrigel-Maurer_Der-Uberflieger-1.jpg\",\"datePublished\":\"2024-11-06T11:41:44+00:00\",\"dateModified\":\"2024-11-08T08:52:46+00:00\",\"description\":\"Wie Maurer sich immer noch auf h\u00f6chstem Niveau weiterentwickelt und seinen Zielen nachgeht, Erfahrungen sammelt und diese dem Nachwuchs weitergibt, das erkl\u00e4rt dieses Buch.\",\"breadcrumb\":{\"@id\":\"https:\\\/\\\/swissgliders.ch\\\/de\\\/produkt\\\/buch-reto-koller-chrigel-maurer-der-ueberflieger\\\/#breadcrumb\"},\"inLanguage\":\"de\",\"potentialAction\":[{\"@type\":\"ReadAction\",\"target\":[\"https:\\\/\\\/swissgliders.ch\\\/de\\\/produkt\\\/buch-reto-koller-chrigel-maurer-der-ueberflieger\\\/\"]}]},{\"@type\":\"ImageObject\",\"inLanguage\":\"de\",\"@id\":\"https:\\\/\\\/swissgliders.ch\\\/de\\\/produkt\\\/buch-reto-koller-chrigel-maurer-der-ueberflieger\\\/#primaryimage\",\"url\":\"https:\\\/\\\/swissgliders.ch\\\/wp-content\\\/uploads\\\/2024\\\/11\\\/Buch_Chrigel-Maurer_Der-Uberflieger-1.jpg\",\"contentUrl\":\"https:\\\/\\\/swissgliders.ch\\\/wp-content\\\/uploads\\\/2024\\\/11\\\/Buch_Chrigel-Maurer_Der-Uberflieger-1.jpg\",\"width\":816,\"height\":1018,\"caption\":\"Buch_Chrigel Maurer_Der \u00dcberflieger-1\"},{\"@type\":\"BreadcrumbList\",\"@id\":\"https:\\\/\\\/swissgliders.ch\\\/de\\\/produkt\\\/buch-reto-koller-chrigel-maurer-der-ueberflieger\\\/#breadcrumb\",\"itemListElement\":[{\"@type\":\"ListItem\",\"position\":1,\"name\":\"Startseite\",\"item\":\"https:\\\/\\\/swissgliders.ch\\\/de\\\/willkommen\\\/\"},{\"@type\":\"ListItem\",\"position\":2,\"name\":\"Gleitschirm Shop\",\"item\":\"https:\\\/\\\/swissgliders.ch\\\/de\\\/gleitschirm-shop\\\/\"},{\"@type\":\"ListItem\",\"position\":3,\"name\":\"Chrigel Maurer \u2013 der \u00dcberflieger (Reto Koller)\"}]},{\"@type\":\"WebSite\",\"@id\":\"https:\\\/\\\/swissgliders.ch\\\/de\\\/#website\",\"url\":\"https:\\\/\\\/swissgliders.ch\\\/de\\\/\",\"name\":\"Gleitschirmschule Thun, Bern, Interlaken\",\"description\":\"Gleitschirmschule Thun, Bern, Interlaken\",\"publisher\":{\"@id\":\"https:\\\/\\\/swissgliders.ch\\\/de\\\/#organization\"},\"potentialAction\":[{\"@type\":\"SearchAction\",\"target\":{\"@type\":\"EntryPoint\",\"urlTemplate\":\"https:\\\/\\\/swissgliders.ch\\\/de\\\/?s={search_term_string}\"},\"query-input\":{\"@type\":\"PropertyValueSpecification\",\"valueRequired\":true,\"valueName\":\"search_term_string\"}}],\"inLanguage\":\"de\"},{\"@type\":\"Organization\",\"@id\":\"https:\\\/\\\/swissgliders.ch\\\/de\\\/#organization\",\"name\":\"Swissgliders Gleitschirmflugschule Thun\",\"url\":\"https:\\\/\\\/swissgliders.ch\\\/de\\\/\",\"logo\":{\"@type\":\"ImageObject\",\"inLanguage\":\"de\",\"@id\":\"https:\\\/\\\/swissgliders.ch\\\/de\\\/#\\\/schema\\\/logo\\\/image\\\/\",\"url\":\"https:\\\/\\\/swissgliders.ch\\\/wp-content\\\/uploads\\\/2019\\\/12\\\/swissgliders-logo-rgb-square-L-no-ch-01.png\",\"contentUrl\":\"https:\\\/\\\/swissgliders.ch\\\/wp-content\\\/uploads\\\/2019\\\/12\\\/swissgliders-logo-rgb-square-L-no-ch-01.png\",\"width\":2500,\"height\":2500,\"caption\":\"Swissgliders Gleitschirmflugschule Thun\"},\"image\":{\"@id\":\"https:\\\/\\\/swissgliders.ch\\\/de\\\/#\\\/schema\\\/logo\\\/image\\\/\"},\"sameAs\":[\"https:\\\/\\\/www.facebook.com\\\/swissgliders\",\"https:\\\/\\\/x.com\\\/Swissgliders\",\"https:\\\/\\\/www.instagram.com\\\/swissgliders\\\/\",\"https:\\\/\\\/www.youtube.com\\\/channel\\\/UCMCtGdepy9vBhrhX3V_oJOA\"],\"hasMerchantReturnPolicy\":{\"@type\":\"MerchantReturnPolicy\",\"merchantReturnLink\":\"https:\\\/\\\/swissgliders.ch\\\/de\\\/allgemeine-geschaftsbedingungen\\\/\"}}]}<\/script>\n<meta property=\"product:price:amount\" content=\"49.00\" \/>\n<meta property=\"product:price:currency\" content=\"CHF\" \/>\n<meta property=\"og:availability\" content=\"instock\" \/>\n<meta property=\"product:availability\" content=\"instock\" \/>\n<meta property=\"product:condition\" content=\"new\" \/>\n<!-- \/ Yoast SEO Premium plugin. -->","yoast_head_json":{"title":"Chrigel Maurer \u2013 der \u00dcberflieger (Reto Koller) | Gleitschirmschule Thun, Bern, Interlaken","description":"Wie Maurer sich immer noch auf h\u00f6chstem Niveau weiterentwickelt und seinen Zielen nachgeht, Erfahrungen sammelt und diese dem Nachwuchs weitergibt, das erkl\u00e4rt dieses Buch.","robots":{"index":"index","follow":"follow","max-snippet":"max-snippet:-1","max-image-preview":"max-image-preview:large","max-video-preview":"max-video-preview:-1"},"canonical":"https:\/\/swissgliders.ch\/de\/produkt\/buch-reto-koller-chrigel-maurer-der-ueberflieger\/","og_locale":"de_DE","og_type":"article","og_title":"Chrigel Maurer \u2013 der \u00dcberflieger (Reto Koller)","og_description":"Wie Maurer sich immer noch auf h\u00f6chstem Niveau weiterentwickelt und seinen Zielen nachgeht, Erfahrungen sammelt und diese dem Nachwuchs weitergibt, das erkl\u00e4rt dieses Buch.","og_url":"https:\/\/swissgliders.ch\/de\/produkt\/buch-reto-koller-chrigel-maurer-der-ueberflieger\/","og_site_name":"Gleitschirmschule Thun, Bern, Interlaken","article_publisher":"https:\/\/www.facebook.com\/swissgliders","article_modified_time":"2024-11-08T08:52:46+00:00","og_image":[{"width":816,"height":1018,"url":"https:\/\/swissgliders.ch\/wp-content\/uploads\/2024\/11\/Buch_Chrigel-Maurer_Der-Uberflieger-1.jpg","type":"image\/jpeg"}],"twitter_card":"summary_large_image","twitter_site":"@Swissgliders","twitter_misc":{"Preis":"&#67;&#72;&#70;&nbsp;49.00","Verf\u00fcgbarkeit":"Auf Lager"},"schema":{"@context":"https:\/\/schema.org","@graph":[{"@type":"WebPage","@id":"https:\/\/swissgliders.ch\/de\/produkt\/buch-reto-koller-chrigel-maurer-der-ueberflieger\/","url":"https:\/\/swissgliders.ch\/de\/produkt\/buch-reto-koller-chrigel-maurer-der-ueberflieger\/","name":"Chrigel Maurer \u2013 der \u00dcberflieger (Reto Koller) | Gleitschirmschule Thun, Bern, Interlaken","isPartOf":{"@id":"https:\/\/swissgliders.ch\/de\/#website"},"primaryImageOfPage":{"@id":"https:\/\/swissgliders.ch\/de\/produkt\/buch-reto-koller-chrigel-maurer-der-ueberflieger\/#primaryimage"},"image":{"@id":"https:\/\/swissgliders.ch\/de\/produkt\/buch-reto-koller-chrigel-maurer-der-ueberflieger\/#primaryimage"},"thumbnailUrl":"https:\/\/swissgliders.ch\/wp-content\/uploads\/2024\/11\/Buch_Chrigel-Maurer_Der-Uberflieger-1.jpg","datePublished":"2024-11-06T11:41:44+00:00","dateModified":"2024-11-08T08:52:46+00:00","description":"Wie Maurer sich immer noch auf h\u00f6chstem Niveau weiterentwickelt und seinen Zielen nachgeht, Erfahrungen sammelt und diese dem Nachwuchs weitergibt, das erkl\u00e4rt dieses Buch.","breadcrumb":{"@id":"https:\/\/swissgliders.ch\/de\/produkt\/buch-reto-koller-chrigel-maurer-der-ueberflieger\/#breadcrumb"},"inLanguage":"de","potentialAction":[{"@type":"ReadAction","target":["https:\/\/swissgliders.ch\/de\/produkt\/buch-reto-koller-chrigel-maurer-der-ueberflieger\/"]}]},{"@type":"ImageObject","inLanguage":"de","@id":"https:\/\/swissgliders.ch\/de\/produkt\/buch-reto-koller-chrigel-maurer-der-ueberflieger\/#primaryimage","url":"https:\/\/swissgliders.ch\/wp-content\/uploads\/2024\/11\/Buch_Chrigel-Maurer_Der-Uberflieger-1.jpg","contentUrl":"https:\/\/swissgliders.ch\/wp-content\/uploads\/2024\/11\/Buch_Chrigel-Maurer_Der-Uberflieger-1.jpg","width":816,"height":1018,"caption":"Buch_Chrigel Maurer_Der \u00dcberflieger-1"},{"@type":"BreadcrumbList","@id":"https:\/\/swissgliders.ch\/de\/produkt\/buch-reto-koller-chrigel-maurer-der-ueberflieger\/#breadcrumb","itemListElement":[{"@type":"ListItem","position":1,"name":"Startseite","item":"https:\/\/swissgliders.ch\/de\/willkommen\/"},{"@type":"ListItem","position":2,"name":"Gleitschirm Shop","item":"https:\/\/swissgliders.ch\/de\/gleitschirm-shop\/"},{"@type":"ListItem","position":3,"name":"Chrigel Maurer \u2013 der \u00dcberflieger (Reto Koller)"}]},{"@type":"WebSite","@id":"https:\/\/swissgliders.ch\/de\/#website","url":"https:\/\/swissgliders.ch\/de\/","name":"Gleitschirmschule Thun, Bern, Interlaken","description":"Gleitschirmschule Thun, Bern, Interlaken","publisher":{"@id":"https:\/\/swissgliders.ch\/de\/#organization"},"potentialAction":[{"@type":"SearchAction","target":{"@type":"EntryPoint","urlTemplate":"https:\/\/swissgliders.ch\/de\/?s={search_term_string}"},"query-input":{"@type":"PropertyValueSpecification","valueRequired":true,"valueName":"search_term_string"}}],"inLanguage":"de"},{"@type":"Organization","@id":"https:\/\/swissgliders.ch\/de\/#organization","name":"Swissgliders Gleitschirmflugschule Thun","url":"https:\/\/swissgliders.ch\/de\/","logo":{"@type":"ImageObject","inLanguage":"de","@id":"https:\/\/swissgliders.ch\/de\/#\/schema\/logo\/image\/","url":"https:\/\/swissgliders.ch\/wp-content\/uploads\/2019\/12\/swissgliders-logo-rgb-square-L-no-ch-01.png","contentUrl":"https:\/\/swissgliders.ch\/wp-content\/uploads\/2019\/12\/swissgliders-logo-rgb-square-L-no-ch-01.png","width":2500,"height":2500,"caption":"Swissgliders Gleitschirmflugschule Thun"},"image":{"@id":"https:\/\/swissgliders.ch\/de\/#\/schema\/logo\/image\/"},"sameAs":["https:\/\/www.facebook.com\/swissgliders","https:\/\/x.com\/Swissgliders","https:\/\/www.instagram.com\/swissgliders\/","https:\/\/www.youtube.com\/channel\/UCMCtGdepy9vBhrhX3V_oJOA"],"hasMerchantReturnPolicy":{"@type":"MerchantReturnPolicy","merchantReturnLink":"https:\/\/swissgliders.ch\/de\/allgemeine-geschaftsbedingungen\/"}}]},"product_price_amount":"49.00","product_price_currency":"CHF","og_availability":"instock","product_availability":"instock","product_condition":"new"},"_links":{"self":[{"href":"https:\/\/swissgliders.ch\/de\/wp-json\/wp\/v2\/product\/17342","targetHints":{"allow":["GET"]}}],"collection":[{"href":"https:\/\/swissgliders.ch\/de\/wp-json\/wp\/v2\/product"}],"about":[{"href":"https:\/\/swissgliders.ch\/de\/wp-json\/wp\/v2\/types\/product"}],"replies":[{"embeddable":true,"href":"https:\/\/swissgliders.ch\/de\/wp-json\/wp\/v2\/comments?post=17342"}],"wp:featuredmedia":[{"embeddable":true,"href":"https:\/\/swissgliders.ch\/de\/wp-json\/wp\/v2\/media\/17344"}],"wp:attachment":[{"href":"https:\/\/swissgliders.ch\/de\/wp-json\/wp\/v2\/media?parent=17342"}],"wp:term":[{"taxonomy":"product_brand","embeddable":true,"href":"https:\/\/swissgliders.ch\/de\/wp-json\/wp\/v2\/product_brand?post=17342"},{"taxonomy":"product_cat","embeddable":true,"href":"https:\/\/swissgliders.ch\/de\/wp-json\/wp\/v2\/product_cat?post=17342"},{"taxonomy":"product_tag","embeddable":true,"href":"https:\/\/swissgliders.ch\/de\/wp-json\/wp\/v2\/product_tag?post=17342"}],"curies":[{"name":"wp","href":"https:\/\/api.w.org\/{rel}","templated":true}]}}