{"id":17420,"date":"2024-11-12T17:04:34","date_gmt":"2024-11-12T16:04:34","guid":{"rendered":"https:\/\/swissgliders.ch\/?post_type=product&#038;p=17420"},"modified":"2025-05-30T13:05:36","modified_gmt":"2025-05-30T12:05:36","slug":"ozone-zeolite-2-gt-en-d","status":"publish","type":"product","link":"https:\/\/swissgliders.ch\/de\/produkt\/ozone-zeolite-2-gt-en-d\/","title":{"rendered":"Ozone Zeolite 2 GT EN-D"},"content":{"rendered":"<div class=\"product-info\" data-cy=\"gliders-product-info\">\n<div class=\"blockRenderer\">\n<div class=\"product-info\" data-cy=\"gliders-product-info\">\n<div class=\"blockRenderer\">\n<div>\n<div class=\"product-info\" data-cy=\"gliders-product-info\">\n<div class=\"blockRenderer\">\n<div>\n<h3>Produktinfo<\/h3>\n<h4 data-cy=\"gliders-rating-text\">Zeolite 2 GT Leistung \/ Wettkampf &#8211; EN D<\/h4>\n<p><img loading=\"lazy\" decoding=\"async\" class=\"\" src=\"https:\/\/cdn.sanity.io\/images\/lbhlofgm\/production\/9fc7ffc5da61c098db7a6403ab8eb122c6e56482-3000x2000.jpg\" width=\"477\" height=\"318\" \/><\/p>\n<div class=\"product-info\" data-cy=\"gliders-product-info\">\n<div class=\"blockRenderer\">\n<div>\n<p>In den Entwicklungsprozess des Zeolite 2 GT sind die bew\u00e4hrten Technologien von Photon und Zeolite 2 XD (das 2023 Red Bull X-Alps Design) eingeflossen.<br \/>\nDiese potente Kombination hat einen angenehmen und h\u00f6chst effektiven Fl\u00fcgel f\u00fcr Hike &amp; Fly, Biwakfliegen und XC Abenteuer ergeben.<\/p>\n<h3>Das Design<\/h3>\n<p>Die Entwicklung des Profils haben unsere aktuellsten Fortschritte, die wir im Sektor Geschwindigkeit und Handling gemacht haben, gepr\u00e4gt. Die Verbesserungen konnten haupts\u00e4chlich aus einer neuen Zellen\u00f6ffnungsposition generiert werden.<\/p>\n<p>Die Streckung haben wir ein wenig erh\u00f6ht, sie ist f\u00fcr diese Kategorie aber immer noch moderat, und hat sich bei heftigen alpinen Bedingungen als angenehm erwiesen. Die Anzahl der Zellen haben wir um 7 erh\u00f6ht, und eine neu veredelte Struktur vermittelt den resultierenden Leistungszuwachs ohne zus\u00e4tzliches Gewicht.<\/p>\n<h3>Im Flug<\/h3>\n<p>Die passive Sicherheit und das Klappverhalten wurden \u00fcber eine bessere fl\u00fcgeltiefe Leinenunterst\u00fctzung am Ende des Schirmes optimiert. Trotz der besseren Unterst\u00fctzung ist der Gesamtleinenwiderstand geringer als bei seinem Vorg\u00e4nger. Eine neue spannweitige Architektur besteht g\u00e4nzlich aus 3-Zellen Br\u00fccken, \u00e4hnlich wie beim Photon. Das erm\u00f6glicht das beste diagonale Bahnenverh\u00e4ltnis f\u00fcr die Anzahl an Leinenbefestigungen, was das Gewicht gering h\u00e4lt und die Effizienz steigert.<\/p>\n<h3>Photon oder Zeolite 2 GT ?<\/h3>\n<p>Der Zeolite 2 GT ist ein schnellerer und agilerer Schirm f\u00fcr Piloten mit mehr Erfahrung. Seine Kr\u00fcmmung und das Design ohne Winglets erzielt das best m\u00f6gliche Thermikerlebnis, w\u00e4hrend der Schirm stets ein gutes Verhalten bei der Erholung von Klappern zeigt. Allerdings ist das Arbeitspensum des Piloten in turbulenter Luft h\u00f6her als beim Photon. Der Zeolite 2 GT ben\u00f6tigt mehr pr\u00e4zisen Input bei anspruchsvollen Bedingungen, weil er weniger nick- und rollstabil ist. Er ist 1 KG leichter, und hat ein geringeres Packvolumen als der Photon. Die Strapazierf\u00e4higkeit beider Fl\u00fcgel ist \u00e4hnlich.<\/p>\n<\/div>\n<\/div>\n<\/div>\n<\/div>\n<\/div>\n<\/div>\n<\/div>\n<\/div>\n<\/div>\n<div class=\"contentGroup\" data-cy=\"gliders-ordering-information\">\n<div>\n<div class=\"ordering-information\"><\/div>\n<\/div>\n<div>\n<h4>Spezifikationen<\/h4>\n<div class=\"desktop\">\n<div class=\"specs-table-wrapper\">\n<table>\n<thead>\n<tr>\n<th>Gr\u00f6ssen<\/th>\n<th>XS<\/th>\n<th>S<\/th>\n<th>MS<\/th>\n<th>ML<\/th>\n<th>L<\/th>\n<\/tr>\n<\/thead>\n<tbody>\n<tr class=\"\">\n<td>Anzahl der Zellen<\/td>\n<td>71<\/td>\n<td>71<\/td>\n<td>71<\/td>\n<td>71<\/td>\n<td>71<\/td>\n<\/tr>\n<tr class=\"\">\n<td>projizierte Fl\u00e4che (m2)<\/td>\n<td>15.9<\/td>\n<td>17.2<\/td>\n<td>18.5<\/td>\n<td>19.8<\/td>\n<td>21.1<\/td>\n<\/tr>\n<tr class=\"\">\n<td>Ausgelegte Fl\u00e4che (m2)<\/td>\n<td>18.9<\/td>\n<td>20.4<\/td>\n<td>22<\/td>\n<td>23.5<\/td>\n<td>25.1<\/td>\n<\/tr>\n<tr class=\"\">\n<td>projizierte Spannweite (m)<\/td>\n<td>8.9<\/td>\n<td>9.3<\/td>\n<td>9.6<\/td>\n<td>9.9<\/td>\n<td>10.3<\/td>\n<\/tr>\n<tr class=\"\">\n<td>ausgelegte Spannweite (m)<\/td>\n<td>11.3<\/td>\n<td>11.8<\/td>\n<td>12.2<\/td>\n<td>12.6<\/td>\n<td>13.1<\/td>\n<\/tr>\n<tr class=\"\">\n<td>projizierte Streckung<\/td>\n<td>5<\/td>\n<td>5<\/td>\n<td>5<\/td>\n<td>5<\/td>\n<td>5<\/td>\n<\/tr>\n<tr class=\"\">\n<td>ausgelegte Streckung<\/td>\n<td>6.8<\/td>\n<td>6.8<\/td>\n<td>6.8<\/td>\n<td>6.8<\/td>\n<td>6.8<\/td>\n<\/tr>\n<tr class=\"\">\n<td>Fl\u00fcgeltiefe (m)<\/td>\n<td>2.09<\/td>\n<td>2.17<\/td>\n<td>2.26<\/td>\n<td>2.33<\/td>\n<td>2.41<\/td>\n<\/tr>\n<tr class=\"\">\n<td>Gleitschirmgewicht (kg)<\/td>\n<td>3.38<\/td>\n<td>3.56<\/td>\n<td>3.75<\/td>\n<td>3.91<\/td>\n<td>4.19<\/td>\n<\/tr>\n<tr class=\"\">\n<td>Gewichtsbereich (kg)<\/td>\n<td>60-75<\/td>\n<td>65-85<\/td>\n<td>80-95<\/td>\n<td>90-105<\/td>\n<td>100-115<\/td>\n<\/tr>\n<tr class=\"\">\n<td>Certification<\/td>\n<td>D<\/td>\n<td>D<\/td>\n<td>D<\/td>\n<td>D<\/td>\n<td>D<\/td>\n<\/tr>\n<\/tbody>\n<\/table>\n<\/div>\n<\/div>\n<\/div>\n<\/div>\n<div class=\"contentGroup packageContents 2023\" data-cy=\"gliders-package-content\">\n<p class=\"specs-table specs-table-note-translation\">* Weights may vary up to 50gm per size due to slight variations in the manufacturing of the fabric used.<\/p>\n<p class=\"specs-table specs-table-notes\">*noch ausstehend<\/p>\n<h4>Lieferumfang<\/h4>\n<div class=\"blockRenderer\">\n<p>Standardm\u00e4\u00dfig wird unser OZONE mit folgendem Zubeh\u00f6r ausgeliefert:<\/p>\n<p>Spezielles Faltkissen, Concerto leichter Zellenpacksack, Schl\u00fcsselanh\u00e4nger, Flaschen\u00f6ffner, Echtheitszeugnis, 2 wei\u00dfe Klebet\u00fccher und Tragegurtschutz.<\/p>\n<\/div>\n<div class=\"blockRenderer\">\n<p>Vielleicht m\u00f6chtest du deiner Bestellung noch etwas hinzuf\u00fcgen, wie etwa:\u00a0Gleitschirmrucksack, Easy Bag (Schnellpacksack) oder Ozone Kleidung und Accessoires.<\/p>\n<\/div>\n<\/div>\n<\/div>\n<\/div>\n<p>&nbsp;<\/p>\n<p>Mehr<a href=\"https:\/\/flyozone.com\/paragliders\/de\/products\/gliders\/zeolite-2-gt\" target=\"_blank\" rel=\"noopener noreferrer\"> Infos<\/a><\/p>\n<p>Falls dieser Artikel nicht an Lager ist, wird er f\u00fcr dich bestellt. Lieferfrist auf Anfrage.<\/p>\n","protected":false},"excerpt":{"rendered":"<div class=\"product-info\" data-cy=\"gliders-product-info\">\n<div class=\"blockRenderer\">\n<div class=\"product-info\" data-cy=\"gliders-product-info\">\n<div class=\"blockRenderer\">\n<div>\n<div class=\"product-info\" data-cy=\"gliders-product-info\">\n<div class=\"blockRenderer\">\n<div>\n<h3>Produktinfo<\/h3>\n<h4 data-cy=\"gliders-rating-text\">Zeolite 2 GT Leistung \/ Wettkampf &#8211; EN D<\/h4>\n<p><img loading=\"lazy\" decoding=\"async\" class=\"\" src=\"https:\/\/cdn.sanity.io\/images\/lbhlofgm\/production\/9fc7ffc5da61c098db7a6403ab8eb122c6e56482-3000x2000.jpg\" width=\"477\" height=\"318\" \/><\/p>\n<div class=\"product-info\" data-cy=\"gliders-product-info\">\n<div class=\"blockRenderer\">\n<div>\n<p>In den Entwicklungsprozess des Zeolite 2 GT sind die bew\u00e4hrten Technologien von Photon und Zeolite 2 XD (das 2023 Red Bull X-Alps Design) eingeflossen.<br \/>\nDiese potente Kombination hat einen angenehmen und h\u00f6chst effektiven Fl\u00fcgel f\u00fcr Hike &amp; Fly, Biwakfliegen und XC Abenteuer ergeben.<\/p>\n<h3>Das Design<\/h3>\n<p>Die Entwicklung des Profils haben unsere aktuellsten Fortschritte, die wir im Sektor Geschwindigkeit und Handling gemacht haben, gepr\u00e4gt. Die Verbesserungen konnten haupts\u00e4chlich aus einer neuen Zellen\u00f6ffnungsposition generiert werden.<\/p>\n<p>Die Streckung haben wir ein wenig erh\u00f6ht, sie ist f\u00fcr diese Kategorie aber immer noch moderat, und hat sich bei heftigen alpinen Bedingungen als angenehm erwiesen. Die Anzahl der Zellen haben wir um 7 erh\u00f6ht, und eine neu veredelte Struktur vermittelt den resultierenden Leistungszuwachs ohne zus\u00e4tzliches Gewicht.<\/p>\n<h3>Im Flug<\/h3>\n<p>Die passive Sicherheit und das Klappverhalten wurden \u00fcber eine bessere fl\u00fcgeltiefe Leinenunterst\u00fctzung am Ende des Schirmes optimiert. Trotz der besseren Unterst\u00fctzung ist der Gesamtleinenwiderstand geringer als bei seinem Vorg\u00e4nger. Eine neue spannweitige Architektur besteht g\u00e4nzlich aus 3-Zellen Br\u00fccken, \u00e4hnlich wie beim Photon. Das erm\u00f6glicht das beste diagonale Bahnenverh\u00e4ltnis f\u00fcr die Anzahl an Leinenbefestigungen, was das Gewicht gering h\u00e4lt und die Effizienz steigert.<\/p>\n<h3>Photon oder Zeolite 2 GT ?<\/h3>\n<p>Der Zeolite 2 GT ist ein schnellerer und agilerer Schirm f\u00fcr Piloten mit mehr Erfahrung. Seine Kr\u00fcmmung und das Design ohne Winglets erzielt das best m\u00f6gliche Thermikerlebnis, w\u00e4hrend der Schirm stets ein gutes Verhalten bei der Erholung von Klappern zeigt. Allerdings ist das Arbeitspensum des Piloten in turbulenter Luft h\u00f6her als beim Photon. Der Zeolite 2 GT ben\u00f6tigt mehr pr\u00e4zisen Input bei anspruchsvollen Bedingungen, weil er weniger nick- und rollstabil ist. Er ist 1 KG leichter, und hat ein geringeres Packvolumen als der Photon. Die Strapazierf\u00e4higkeit beider Fl\u00fcgel ist \u00e4hnlich.<\/p>\n<\/div>\n<\/div>\n<\/div>\n<\/div>\n<\/div>\n<\/div>\n<\/div>\n<\/div>\n<\/div>\n<div class=\"contentGroup\" data-cy=\"gliders-ordering-information\">\n<div>\n<div class=\"ordering-information\"><\/div>\n<\/div>\n<div>\n<h4>Spezifikationen<\/h4>\n<div class=\"desktop\">\n<div class=\"specs-table-wrapper\">\n<table>\n<thead>\n<tr>\n<th>Gr\u00f6ssen<\/th>\n<th>XS<\/th>\n<th>S<\/th>\n<th>MS<\/th>\n<th>ML<\/th>\n<th>L<\/th>\n<\/tr>\n<\/thead>\n<tbody>\n<tr class=\"\">\n<td>Anzahl der Zellen<\/td>\n<td>71<\/td>\n<td>71<\/td>\n<td>71<\/td>\n<td>71<\/td>\n<td>71<\/td>\n<\/tr>\n<tr class=\"\">\n<td>projizierte Fl\u00e4che (m2)<\/td>\n<td>15.9<\/td>\n<td>17.2<\/td>\n<td>18.5<\/td>\n<td>19.8<\/td>\n<td>21.1<\/td>\n<\/tr>\n<tr class=\"\">\n<td>Ausgelegte Fl\u00e4che (m2)<\/td>\n<td>18.9<\/td>\n<td>20.4<\/td>\n<td>22<\/td>\n<td>23.5<\/td>\n<td>25.1<\/td>\n<\/tr>\n<tr class=\"\">\n<td>projizierte Spannweite (m)<\/td>\n<td>8.9<\/td>\n<td>9.3<\/td>\n<td>9.6<\/td>\n<td>9.9<\/td>\n<td>10.3<\/td>\n<\/tr>\n<tr class=\"\">\n<td>ausgelegte Spannweite (m)<\/td>\n<td>11.3<\/td>\n<td>11.8<\/td>\n<td>12.2<\/td>\n<td>12.6<\/td>\n<td>13.1<\/td>\n<\/tr>\n<tr class=\"\">\n<td>projizierte Streckung<\/td>\n<td>5<\/td>\n<td>5<\/td>\n<td>5<\/td>\n<td>5<\/td>\n<td>5<\/td>\n<\/tr>\n<tr class=\"\">\n<td>ausgelegte Streckung<\/td>\n<td>6.8<\/td>\n<td>6.8<\/td>\n<td>6.8<\/td>\n<td>6.8<\/td>\n<td>6.8<\/td>\n<\/tr>\n<tr class=\"\">\n<td>Fl\u00fcgeltiefe (m)<\/td>\n<td>2.09<\/td>\n<td>2.17<\/td>\n<td>2.26<\/td>\n<td>2.33<\/td>\n<td>2.41<\/td>\n<\/tr>\n<tr class=\"\">\n<td>Gleitschirmgewicht (kg)<\/td>\n<td>3.38<\/td>\n<td>3.56<\/td>\n<td>3.75<\/td>\n<td>3.91<\/td>\n<td>4.19<\/td>\n<\/tr>\n<tr class=\"\">\n<td>Gewichtsbereich (kg)<\/td>\n<td>60-75<\/td>\n<td>65-85<\/td>\n<td>80-95<\/td>\n<td>90-105<\/td>\n<td>100-115<\/td>\n<\/tr>\n<tr class=\"\">\n<td>Certification<\/td>\n<td>D<\/td>\n<td>D<\/td>\n<td>D<\/td>\n<td>D<\/td>\n<td>D<\/td>\n<\/tr>\n<\/tbody>\n<\/table>\n<\/div>\n<\/div>\n<\/div>\n<\/div>\n<div class=\"contentGroup packageContents 2023\" data-cy=\"gliders-package-content\">\n<p class=\"specs-table specs-table-note-translation\">* Weights may vary up to 50gm per size due to slight variations in the manufacturing of the fabric used.<\/p>\n<p class=\"specs-table specs-table-notes\">*noch ausstehend<\/p>\n<h4>Lieferumfang<\/h4>\n<div class=\"blockRenderer\">\n<p>Standardm\u00e4\u00dfig wird unser OZONE mit folgendem Zubeh\u00f6r ausgeliefert:<\/p>\n<p>Spezielles Faltkissen, Concerto leichter Zellenpacksack, Schl\u00fcsselanh\u00e4nger, Flaschen\u00f6ffner, Echtheitszeugnis, 2 wei\u00dfe Klebet\u00fccher und Tragegurtschutz.<\/p>\n<\/div>\n<div class=\"blockRenderer\">\n<p>Vielleicht m\u00f6chtest du deiner Bestellung noch etwas hinzuf\u00fcgen, wie etwa:\u00a0Gleitschirmrucksack, Easy Bag (Schnellpacksack) oder Ozone Kleidung und Accessoires.<\/p>\n<\/div>\n<\/div>\n<\/div>\n<\/div>\n<p>&nbsp;<\/p>\n<p>Mehr<a href=\"https:\/\/flyozone.com\/paragliders\/de\/products\/gliders\/zeolite-2-gt\" target=\"_blank\" rel=\"noopener noreferrer\"> Infos<\/a><\/p>\n<p>Falls dieser Artikel nicht an Lager ist, wird er f\u00fcr dich bestellt. Lieferfrist auf Anfrage.<\/p>\n","protected":false},"featured_media":17423,"comment_status":"closed","ping_status":"closed","template":"","meta":[],"product_brand":[],"product_cat":[86],"product_tag":[917,90],"class_list":{"0":"post-17420","1":"product","2":"type-product","3":"status-publish","4":"has-post-thumbnail","6":"product_cat-gleitschirme","7":"product_tag-gleitschirm","8":"product_tag-verkaufsartikel","9":"product_shipping_class-priority-10kg-de","11":"first","12":"instock","13":"sale","14":"shipping-taxable","15":"purchasable","16":"product-type-variable"},"yoast_head":"<!-- This site is optimized with the Yoast SEO Premium plugin v26.1 (Yoast SEO v27.3) - https:\/\/yoast.com\/product\/yoast-seo-premium-wordpress\/ -->\n<title>Ozone Zeolite 2 GT EN-D | Gleitschirmschule Thun, Bern, Interlaken<\/title>\n<meta name=\"description\" content=\"Der Ozone Zeolite 2 GT ist ein schnellerer und agilerer Schirm f\u00fcr Piloten mit mehr Erfahrung. In den Entwicklungsprozess des Zeolite 2 GT sind die bew\u00e4hrten Technologien von Photon und Zeolite 2 XD (das 2023 Red Bull X-Alps Design) eingeflossen. Diese potente Kombination hat einen angenehmen und h\u00f6chst effektiven Fl\u00fcgel f\u00fcr Hike &amp; Fly, Biwakfliegen und XC Abenteuer ergeben.\" \/>\n<meta name=\"robots\" content=\"index, follow, max-snippet:-1, max-image-preview:large, max-video-preview:-1\" \/>\n<link rel=\"canonical\" href=\"https:\/\/swissgliders.ch\/de\/produkt\/ozone-zeolite-2-gt-en-d\/\" \/>\n<meta property=\"og:locale\" content=\"de_DE\" \/>\n<meta property=\"og:type\" content=\"article\" \/>\n<meta property=\"og:title\" content=\"Ozone Zeolite 2 GT EN-D\" \/>\n<meta property=\"og:description\" content=\"Der Ozone Zeolite 2 GT ist ein schnellerer und agilerer Schirm f\u00fcr Piloten mit mehr Erfahrung. In den Entwicklungsprozess des Zeolite 2 GT sind die bew\u00e4hrten Technologien von Photon und Zeolite 2 XD (das 2023 Red Bull X-Alps Design) eingeflossen. Diese potente Kombination hat einen angenehmen und h\u00f6chst effektiven Fl\u00fcgel f\u00fcr Hike &amp; Fly, Biwakfliegen und XC Abenteuer ergeben.\" \/>\n<meta property=\"og:url\" content=\"https:\/\/swissgliders.ch\/de\/produkt\/ozone-zeolite-2-gt-en-d\/\" \/>\n<meta property=\"og:site_name\" content=\"Gleitschirmschule Thun, Bern, Interlaken\" \/>\n<meta property=\"article:publisher\" content=\"https:\/\/www.facebook.com\/swissgliders\" \/>\n<meta property=\"article:modified_time\" content=\"2025-05-30T12:05:36+00:00\" \/>\n<meta property=\"og:image\" content=\"https:\/\/swissgliders.ch\/wp-content\/uploads\/2024\/11\/Ozone_Gleitschirm_Zeolite-2-1-scaled.jpg\" \/>\n\t<meta property=\"og:image:width\" content=\"2560\" \/>\n\t<meta property=\"og:image:height\" content=\"1707\" \/>\n\t<meta property=\"og:image:type\" content=\"image\/jpeg\" \/>\n<meta name=\"twitter:card\" content=\"summary_large_image\" \/>\n<meta name=\"twitter:site\" content=\"@Swissgliders\" \/>\n<meta name=\"twitter:label1\" content=\"Verf\u00fcgbarkeit\" \/>\n\t<meta name=\"twitter:data1\" content=\"Auf Lager\" \/>\n<script type=\"application\/ld+json\" class=\"yoast-schema-graph\">{\"@context\":\"https:\\\/\\\/schema.org\",\"@graph\":[{\"@type\":\"WebPage\",\"@id\":\"https:\\\/\\\/swissgliders.ch\\\/de\\\/produkt\\\/ozone-zeolite-2-gt-en-d\\\/\",\"url\":\"https:\\\/\\\/swissgliders.ch\\\/de\\\/produkt\\\/ozone-zeolite-2-gt-en-d\\\/\",\"name\":\"Ozone Zeolite 2 GT EN-D | Gleitschirmschule Thun, Bern, Interlaken\",\"isPartOf\":{\"@id\":\"https:\\\/\\\/swissgliders.ch\\\/de\\\/#website\"},\"primaryImageOfPage\":{\"@id\":\"https:\\\/\\\/swissgliders.ch\\\/de\\\/produkt\\\/ozone-zeolite-2-gt-en-d\\\/#primaryimage\"},\"image\":{\"@id\":\"https:\\\/\\\/swissgliders.ch\\\/de\\\/produkt\\\/ozone-zeolite-2-gt-en-d\\\/#primaryimage\"},\"thumbnailUrl\":\"https:\\\/\\\/swissgliders.ch\\\/wp-content\\\/uploads\\\/2024\\\/11\\\/Ozone_Gleitschirm_Zeolite-2-1-scaled.jpg\",\"datePublished\":\"2024-11-12T16:04:34+00:00\",\"dateModified\":\"2025-05-30T12:05:36+00:00\",\"description\":\"Der Ozone Zeolite 2 GT ist ein schnellerer und agilerer Schirm f\u00fcr Piloten mit mehr Erfahrung. In den Entwicklungsprozess des Zeolite 2 GT sind die bew\u00e4hrten Technologien von Photon und Zeolite 2 XD (das 2023 Red Bull X-Alps Design) eingeflossen. Diese potente Kombination hat einen angenehmen und h\u00f6chst effektiven Fl\u00fcgel f\u00fcr Hike & Fly, Biwakfliegen und XC Abenteuer ergeben.\",\"breadcrumb\":{\"@id\":\"https:\\\/\\\/swissgliders.ch\\\/de\\\/produkt\\\/ozone-zeolite-2-gt-en-d\\\/#breadcrumb\"},\"inLanguage\":\"de\",\"potentialAction\":[{\"@type\":\"ReadAction\",\"target\":[\"https:\\\/\\\/swissgliders.ch\\\/de\\\/produkt\\\/ozone-zeolite-2-gt-en-d\\\/\"]}]},{\"@type\":\"ImageObject\",\"inLanguage\":\"de\",\"@id\":\"https:\\\/\\\/swissgliders.ch\\\/de\\\/produkt\\\/ozone-zeolite-2-gt-en-d\\\/#primaryimage\",\"url\":\"https:\\\/\\\/swissgliders.ch\\\/wp-content\\\/uploads\\\/2024\\\/11\\\/Ozone_Gleitschirm_Zeolite-2-1-scaled.jpg\",\"contentUrl\":\"https:\\\/\\\/swissgliders.ch\\\/wp-content\\\/uploads\\\/2024\\\/11\\\/Ozone_Gleitschirm_Zeolite-2-1-scaled.jpg\",\"width\":2560,\"height\":1707,\"caption\":\"Ozone_Gleitschirm_Zeolite 2 GT-1\"},{\"@type\":\"BreadcrumbList\",\"@id\":\"https:\\\/\\\/swissgliders.ch\\\/de\\\/produkt\\\/ozone-zeolite-2-gt-en-d\\\/#breadcrumb\",\"itemListElement\":[{\"@type\":\"ListItem\",\"position\":1,\"name\":\"Startseite\",\"item\":\"https:\\\/\\\/swissgliders.ch\\\/de\\\/willkommen\\\/\"},{\"@type\":\"ListItem\",\"position\":2,\"name\":\"Gleitschirm Shop\",\"item\":\"https:\\\/\\\/swissgliders.ch\\\/de\\\/gleitschirm-shop\\\/\"},{\"@type\":\"ListItem\",\"position\":3,\"name\":\"Ozone Zeolite 2 GT EN-D\"}]},{\"@type\":\"WebSite\",\"@id\":\"https:\\\/\\\/swissgliders.ch\\\/de\\\/#website\",\"url\":\"https:\\\/\\\/swissgliders.ch\\\/de\\\/\",\"name\":\"Gleitschirmschule Thun, Bern, Interlaken\",\"description\":\"Gleitschirmschule Thun, Bern, Interlaken\",\"publisher\":{\"@id\":\"https:\\\/\\\/swissgliders.ch\\\/de\\\/#organization\"},\"potentialAction\":[{\"@type\":\"SearchAction\",\"target\":{\"@type\":\"EntryPoint\",\"urlTemplate\":\"https:\\\/\\\/swissgliders.ch\\\/de\\\/?s={search_term_string}\"},\"query-input\":{\"@type\":\"PropertyValueSpecification\",\"valueRequired\":true,\"valueName\":\"search_term_string\"}}],\"inLanguage\":\"de\"},{\"@type\":\"Organization\",\"@id\":\"https:\\\/\\\/swissgliders.ch\\\/de\\\/#organization\",\"name\":\"Swissgliders Gleitschirmflugschule Thun\",\"url\":\"https:\\\/\\\/swissgliders.ch\\\/de\\\/\",\"logo\":{\"@type\":\"ImageObject\",\"inLanguage\":\"de\",\"@id\":\"https:\\\/\\\/swissgliders.ch\\\/de\\\/#\\\/schema\\\/logo\\\/image\\\/\",\"url\":\"https:\\\/\\\/swissgliders.ch\\\/wp-content\\\/uploads\\\/2019\\\/12\\\/swissgliders-logo-rgb-square-L-no-ch-01.png\",\"contentUrl\":\"https:\\\/\\\/swissgliders.ch\\\/wp-content\\\/uploads\\\/2019\\\/12\\\/swissgliders-logo-rgb-square-L-no-ch-01.png\",\"width\":2500,\"height\":2500,\"caption\":\"Swissgliders Gleitschirmflugschule Thun\"},\"image\":{\"@id\":\"https:\\\/\\\/swissgliders.ch\\\/de\\\/#\\\/schema\\\/logo\\\/image\\\/\"},\"sameAs\":[\"https:\\\/\\\/www.facebook.com\\\/swissgliders\",\"https:\\\/\\\/x.com\\\/Swissgliders\",\"https:\\\/\\\/www.instagram.com\\\/swissgliders\\\/\",\"https:\\\/\\\/www.youtube.com\\\/channel\\\/UCMCtGdepy9vBhrhX3V_oJOA\"],\"hasMerchantReturnPolicy\":{\"@type\":\"MerchantReturnPolicy\",\"merchantReturnLink\":\"https:\\\/\\\/swissgliders.ch\\\/de\\\/allgemeine-geschaftsbedingungen\\\/\"}}]}<\/script>\n<meta property=\"og:availability\" content=\"instock\" \/>\n<meta property=\"product:availability\" content=\"instock\" \/>\n<meta property=\"product:condition\" content=\"new\" \/>\n<!-- \/ Yoast SEO Premium plugin. -->","yoast_head_json":{"title":"Ozone Zeolite 2 GT EN-D | Gleitschirmschule Thun, Bern, Interlaken","description":"Der Ozone Zeolite 2 GT ist ein schnellerer und agilerer Schirm f\u00fcr Piloten mit mehr Erfahrung. In den Entwicklungsprozess des Zeolite 2 GT sind die bew\u00e4hrten Technologien von Photon und Zeolite 2 XD (das 2023 Red Bull X-Alps Design) eingeflossen. Diese potente Kombination hat einen angenehmen und h\u00f6chst effektiven Fl\u00fcgel f\u00fcr Hike & Fly, Biwakfliegen und XC Abenteuer ergeben.","robots":{"index":"index","follow":"follow","max-snippet":"max-snippet:-1","max-image-preview":"max-image-preview:large","max-video-preview":"max-video-preview:-1"},"canonical":"https:\/\/swissgliders.ch\/de\/produkt\/ozone-zeolite-2-gt-en-d\/","og_locale":"de_DE","og_type":"article","og_title":"Ozone Zeolite 2 GT EN-D","og_description":"Der Ozone Zeolite 2 GT ist ein schnellerer und agilerer Schirm f\u00fcr Piloten mit mehr Erfahrung. In den Entwicklungsprozess des Zeolite 2 GT sind die bew\u00e4hrten Technologien von Photon und Zeolite 2 XD (das 2023 Red Bull X-Alps Design) eingeflossen. Diese potente Kombination hat einen angenehmen und h\u00f6chst effektiven Fl\u00fcgel f\u00fcr Hike & Fly, Biwakfliegen und XC Abenteuer ergeben.","og_url":"https:\/\/swissgliders.ch\/de\/produkt\/ozone-zeolite-2-gt-en-d\/","og_site_name":"Gleitschirmschule Thun, Bern, Interlaken","article_publisher":"https:\/\/www.facebook.com\/swissgliders","article_modified_time":"2025-05-30T12:05:36+00:00","og_image":[{"width":2560,"height":1707,"url":"https:\/\/swissgliders.ch\/wp-content\/uploads\/2024\/11\/Ozone_Gleitschirm_Zeolite-2-1-scaled.jpg","type":"image\/jpeg"}],"twitter_card":"summary_large_image","twitter_site":"@Swissgliders","twitter_misc":{"Verf\u00fcgbarkeit":"Auf Lager"},"schema":{"@context":"https:\/\/schema.org","@graph":[{"@type":"WebPage","@id":"https:\/\/swissgliders.ch\/de\/produkt\/ozone-zeolite-2-gt-en-d\/","url":"https:\/\/swissgliders.ch\/de\/produkt\/ozone-zeolite-2-gt-en-d\/","name":"Ozone Zeolite 2 GT EN-D | Gleitschirmschule Thun, Bern, Interlaken","isPartOf":{"@id":"https:\/\/swissgliders.ch\/de\/#website"},"primaryImageOfPage":{"@id":"https:\/\/swissgliders.ch\/de\/produkt\/ozone-zeolite-2-gt-en-d\/#primaryimage"},"image":{"@id":"https:\/\/swissgliders.ch\/de\/produkt\/ozone-zeolite-2-gt-en-d\/#primaryimage"},"thumbnailUrl":"https:\/\/swissgliders.ch\/wp-content\/uploads\/2024\/11\/Ozone_Gleitschirm_Zeolite-2-1-scaled.jpg","datePublished":"2024-11-12T16:04:34+00:00","dateModified":"2025-05-30T12:05:36+00:00","description":"Der Ozone Zeolite 2 GT ist ein schnellerer und agilerer Schirm f\u00fcr Piloten mit mehr Erfahrung. In den Entwicklungsprozess des Zeolite 2 GT sind die bew\u00e4hrten Technologien von Photon und Zeolite 2 XD (das 2023 Red Bull X-Alps Design) eingeflossen. Diese potente Kombination hat einen angenehmen und h\u00f6chst effektiven Fl\u00fcgel f\u00fcr Hike & Fly, Biwakfliegen und XC Abenteuer ergeben.","breadcrumb":{"@id":"https:\/\/swissgliders.ch\/de\/produkt\/ozone-zeolite-2-gt-en-d\/#breadcrumb"},"inLanguage":"de","potentialAction":[{"@type":"ReadAction","target":["https:\/\/swissgliders.ch\/de\/produkt\/ozone-zeolite-2-gt-en-d\/"]}]},{"@type":"ImageObject","inLanguage":"de","@id":"https:\/\/swissgliders.ch\/de\/produkt\/ozone-zeolite-2-gt-en-d\/#primaryimage","url":"https:\/\/swissgliders.ch\/wp-content\/uploads\/2024\/11\/Ozone_Gleitschirm_Zeolite-2-1-scaled.jpg","contentUrl":"https:\/\/swissgliders.ch\/wp-content\/uploads\/2024\/11\/Ozone_Gleitschirm_Zeolite-2-1-scaled.jpg","width":2560,"height":1707,"caption":"Ozone_Gleitschirm_Zeolite 2 GT-1"},{"@type":"BreadcrumbList","@id":"https:\/\/swissgliders.ch\/de\/produkt\/ozone-zeolite-2-gt-en-d\/#breadcrumb","itemListElement":[{"@type":"ListItem","position":1,"name":"Startseite","item":"https:\/\/swissgliders.ch\/de\/willkommen\/"},{"@type":"ListItem","position":2,"name":"Gleitschirm Shop","item":"https:\/\/swissgliders.ch\/de\/gleitschirm-shop\/"},{"@type":"ListItem","position":3,"name":"Ozone Zeolite 2 GT EN-D"}]},{"@type":"WebSite","@id":"https:\/\/swissgliders.ch\/de\/#website","url":"https:\/\/swissgliders.ch\/de\/","name":"Gleitschirmschule Thun, Bern, Interlaken","description":"Gleitschirmschule Thun, Bern, Interlaken","publisher":{"@id":"https:\/\/swissgliders.ch\/de\/#organization"},"potentialAction":[{"@type":"SearchAction","target":{"@type":"EntryPoint","urlTemplate":"https:\/\/swissgliders.ch\/de\/?s={search_term_string}"},"query-input":{"@type":"PropertyValueSpecification","valueRequired":true,"valueName":"search_term_string"}}],"inLanguage":"de"},{"@type":"Organization","@id":"https:\/\/swissgliders.ch\/de\/#organization","name":"Swissgliders Gleitschirmflugschule Thun","url":"https:\/\/swissgliders.ch\/de\/","logo":{"@type":"ImageObject","inLanguage":"de","@id":"https:\/\/swissgliders.ch\/de\/#\/schema\/logo\/image\/","url":"https:\/\/swissgliders.ch\/wp-content\/uploads\/2019\/12\/swissgliders-logo-rgb-square-L-no-ch-01.png","contentUrl":"https:\/\/swissgliders.ch\/wp-content\/uploads\/2019\/12\/swissgliders-logo-rgb-square-L-no-ch-01.png","width":2500,"height":2500,"caption":"Swissgliders Gleitschirmflugschule Thun"},"image":{"@id":"https:\/\/swissgliders.ch\/de\/#\/schema\/logo\/image\/"},"sameAs":["https:\/\/www.facebook.com\/swissgliders","https:\/\/x.com\/Swissgliders","https:\/\/www.instagram.com\/swissgliders\/","https:\/\/www.youtube.com\/channel\/UCMCtGdepy9vBhrhX3V_oJOA"],"hasMerchantReturnPolicy":{"@type":"MerchantReturnPolicy","merchantReturnLink":"https:\/\/swissgliders.ch\/de\/allgemeine-geschaftsbedingungen\/"}}]},"og_availability":"instock","product_availability":"instock","product_condition":"new"},"_links":{"self":[{"href":"https:\/\/swissgliders.ch\/de\/wp-json\/wp\/v2\/product\/17420","targetHints":{"allow":["GET"]}}],"collection":[{"href":"https:\/\/swissgliders.ch\/de\/wp-json\/wp\/v2\/product"}],"about":[{"href":"https:\/\/swissgliders.ch\/de\/wp-json\/wp\/v2\/types\/product"}],"replies":[{"embeddable":true,"href":"https:\/\/swissgliders.ch\/de\/wp-json\/wp\/v2\/comments?post=17420"}],"wp:featuredmedia":[{"embeddable":true,"href":"https:\/\/swissgliders.ch\/de\/wp-json\/wp\/v2\/media\/17423"}],"wp:attachment":[{"href":"https:\/\/swissgliders.ch\/de\/wp-json\/wp\/v2\/media?parent=17420"}],"wp:term":[{"taxonomy":"product_brand","embeddable":true,"href":"https:\/\/swissgliders.ch\/de\/wp-json\/wp\/v2\/product_brand?post=17420"},{"taxonomy":"product_cat","embeddable":true,"href":"https:\/\/swissgliders.ch\/de\/wp-json\/wp\/v2\/product_cat?post=17420"},{"taxonomy":"product_tag","embeddable":true,"href":"https:\/\/swissgliders.ch\/de\/wp-json\/wp\/v2\/product_tag?post=17420"}],"curies":[{"name":"wp","href":"https:\/\/api.w.org\/{rel}","templated":true}]}}