{"id":17452,"date":"2024-11-12T17:41:59","date_gmt":"2024-11-12T16:41:59","guid":{"rendered":"https:\/\/swissgliders.ch\/?post_type=product&#038;p=17452"},"modified":"2025-05-30T13:05:27","modified_gmt":"2025-05-30T12:05:27","slug":"ozone-zeolite-2-en-d","status":"publish","type":"product","link":"https:\/\/swissgliders.ch\/de\/produkt\/ozone-zeolite-2-en-d\/","title":{"rendered":"Ozone Zeolite 2 EN-D"},"content":{"rendered":"<div class=\"product-info\" data-cy=\"gliders-product-info\">\n<div class=\"blockRenderer\">\n<div class=\"product-info\" data-cy=\"gliders-product-info\">\n<div class=\"blockRenderer\">\n<div>\n<div class=\"product-info\" data-cy=\"gliders-product-info\">\n<div class=\"blockRenderer\">\n<div>\n<h3>Produktinfo<\/h3>\n<p><img loading=\"lazy\" decoding=\"async\" class=\"\" src=\"https:\/\/cdn.sanity.io\/images\/lbhlofgm\/production\/fa33fbcd6aa93c1d50f4f821bd28ed09f9e9ccb2-2000x1250.jpg\" width=\"571\" height=\"357\" \/><\/p>\n<div class=\"ProductHeader_productPoints__xIir7\" data-cy=\"gliders-bullet-points-left\">\n<ul>\n<li>Entwickelt aus dem Red Bull X-Alps Wettkampfschirm 2023<\/li>\n<li>Kompromisslose ultraleichte Hochleistung<\/li>\n<\/ul>\n<\/div>\n<div class=\"ProductHeader_productPoints__xIir7\" data-cy=\"gliders-bullet-points-right\">\n<ul>\n<li>Das gleiche Gewicht wie sein Vorg\u00e4nger, mit mehr Leistung<\/li>\n<li>Verbessert: Agilit\u00e4t und Handling, mit mehr Solidit\u00e4t in aktiver Luft<\/li>\n<\/ul>\n<\/div>\n<div class=\"product-info\" data-cy=\"gliders-product-info\">\n<div class=\"blockRenderer\">\n<div>\n<p>Der Zeolite 2 hat sich bei den X-Alps 2023 auf dem Podium und auf der Zielgeraden mehr als bew\u00e4hrt. Das ist unser leichtester Hochleistungsschirm. Entwickelt f\u00fcr Piloten, die ein Minimalgewicht mit maximaler Leistung f\u00fcr die anspruchsvollsten Biwakabenteuer und Hike &amp; Fly Wettbewerbe wollen. Das Obersegel des Zeolite ist vollst\u00e4ndig aus dem 10D Tuch gefertigt, und hat Dyneema Tragegurte.<\/p>\n<h3>Das Design<\/h3>\n<p>Wir haben in die Entwicklung des Profils unsere neuesten Fortschritte in den Bereichen Geschwindigkeit und Handling einflie\u00dfen lassen. Diesen Gewinn konnten wir haupts\u00e4chlich aus der neuen Positionierung der Zell\u00f6ffnungen generieren.<\/p>\n<p>Die Streckung haben wir leicht erh\u00f6ht, aber sie ist f\u00fcr diese Kategorie immer noch moderat, und hat sich auch bei unruhigen alpinen Bedingungen als angenehm erwiesen. Die Anzahl der Zellen hat sich um 7 erh\u00f6ht, was die Segelkoh\u00e4sion in turbulenter Luft und das Handling verbessert, ebenso wie die Leistung \u2013 und das mit dem gleichen Gewicht wie der Zeolite.<\/p>\n<h3>Im Flug<\/h3>\n<p>Die passive Sicherheit und das Klappverhalten haben sich durch eine Unterst\u00fctzung in der Fl\u00fcgeltiefe im hinteren Bereich des Schirmes verbessert. Trotz der besseren Unterst\u00fctzung ist der Gesamtleinenwiderstand geringer als bei seinem Vorg\u00e4nger. Wir haben \u00fcber 3 Zellbr\u00fccken hinweg spannweitig eine neue Architektur verarbeitet, \u00e4hnlich wie beim Photon. Das erm\u00f6glicht die beste diagonale Zellenanzahl f\u00fcr die Anzahl an Leinenaufh\u00e4ngepunkten, was dieses geringe Gewicht m\u00f6glich macht, und dabei die Effizienz steigert.<\/p>\n<\/div>\n<\/div>\n<\/div>\n<div class=\"product-info\" data-cy=\"gliders-product-info\">\n<div class=\"blockRenderer\">\n<div>\n<h4>Spezifikationen<\/h4>\n<div class=\"desktop\">\n<div class=\"specs-table-wrapper\">\n<table>\n<thead>\n<tr>\n<th>Gr\u00f6ssen<\/th>\n<th>XS<\/th>\n<th>S<\/th>\n<th>MS<\/th>\n<th>ML<\/th>\n<\/tr>\n<\/thead>\n<tbody>\n<tr class=\"\">\n<td>Anzahl der Zellen<\/td>\n<td>71<\/td>\n<td>71<\/td>\n<td>71<\/td>\n<td>71<\/td>\n<\/tr>\n<tr class=\"\">\n<td>Projected area (m2)<\/td>\n<td>15.9<\/td>\n<td>17.2<\/td>\n<td>18.5<\/td>\n<td>19.8<\/td>\n<\/tr>\n<tr class=\"\">\n<td>Ausgelegte Fl\u00e4che (m2)<\/td>\n<td>18.9<\/td>\n<td>20.4<\/td>\n<td>22<\/td>\n<td>23.5<\/td>\n<\/tr>\n<tr class=\"\">\n<td>projizierte Spannweite (m)<\/td>\n<td>8.9<\/td>\n<td>9.3<\/td>\n<td>9.6<\/td>\n<td>9.9<\/td>\n<\/tr>\n<tr class=\"\">\n<td>ausgelegte Spannweite (m)<\/td>\n<td>11.3<\/td>\n<td>11.8<\/td>\n<td>12.2<\/td>\n<td>12.6<\/td>\n<\/tr>\n<tr class=\"\">\n<td>projizierte Streckung<\/td>\n<td>5<\/td>\n<td>5<\/td>\n<td>5<\/td>\n<td>5<\/td>\n<\/tr>\n<tr class=\"\">\n<td>ausgelegte Streckung<\/td>\n<td>6.8<\/td>\n<td>6.8<\/td>\n<td>6.8<\/td>\n<td>6.8<\/td>\n<\/tr>\n<tr class=\"\">\n<td>Fl\u00fcgeltiefe (m)<\/td>\n<td>2.09<\/td>\n<td>2.17<\/td>\n<td>2.26<\/td>\n<td>2.33<\/td>\n<\/tr>\n<tr class=\"\">\n<td>Gleitschirmgewicht (kg)<\/td>\n<td>2.72<\/td>\n<td>2.88<\/td>\n<td>3.03<\/td>\n<td>3.16<\/td>\n<\/tr>\n<tr class=\"\">\n<td>Gewichtsbereich (kg)<\/td>\n<td>60-75<\/td>\n<td>65-85<\/td>\n<td>80-95<\/td>\n<td>90-105<\/td>\n<\/tr>\n<tr class=\"\">\n<td>Certification<\/td>\n<td>D<\/td>\n<td>D<\/td>\n<td>D<\/td>\n<td>D<\/td>\n<\/tr>\n<\/tbody>\n<\/table>\n<\/div>\n<\/div>\n<p class=\"specs-table specs-table-note-translation\">* Weights may vary up to 50gm per size due to slight variations in the manufacturing of the fabric used.<\/p>\n<p class=\"specs-table specs-table-notes\">*noch ausstehend<\/p>\n<h4>Lieferumfang<\/h4>\n<div class=\"blockRenderer\">\n<p>Standardm\u00e4\u00dfig wird unser OZONE mit folgendem Zubeh\u00f6r ausgeliefert:<\/p>\n<p>Spezielles Faltkissen, Concerto leichter Zellenpacksack, OZONE Schl\u00fcsselanh\u00e4nger, Flaschen\u00f6ffner, Echtheitszeugnis, 2 wei\u00dfe Klebet\u00fccher und Tragegurtschutz.<\/p>\n<\/div>\n<div class=\"blockRenderer\">\n<p>Vielleicht m\u00f6chtest du deiner Bestellung noch etwas hinzuf\u00fcgen, wie etwa:\u00a0Gleitschirmrucksack, Easy Bag (Schnellpacksack) oder Ozone Kleidung und Accessoires.<\/p>\n<\/div>\n<\/div>\n<\/div>\n<\/div>\n<\/div>\n<\/div>\n<\/div>\n<\/div>\n<\/div>\n<\/div>\n<\/div>\n<\/div>\n<p>&nbsp;<\/p>\n<p>Mehr<a href=\"https:\/\/flyozone.com\/paragliders\/de\/products\/gliders\/zeolite-2\" target=\"_blank\" rel=\"noopener noreferrer\"> Infos<\/a><\/p>\n<p>Falls dieser Artikel nicht an Lager ist, wird er f\u00fcr dich bestellt. Lieferfrist auf Anfrage.<\/p>\n","protected":false},"excerpt":{"rendered":"<div class=\"product-info\" data-cy=\"gliders-product-info\">\n<div class=\"blockRenderer\">\n<div class=\"product-info\" data-cy=\"gliders-product-info\">\n<div class=\"blockRenderer\">\n<div>\n<div class=\"product-info\" data-cy=\"gliders-product-info\">\n<div class=\"blockRenderer\">\n<div>\n<h3>Produktinfo<\/h3>\n<p><img loading=\"lazy\" decoding=\"async\" class=\"\" src=\"https:\/\/cdn.sanity.io\/images\/lbhlofgm\/production\/fa33fbcd6aa93c1d50f4f821bd28ed09f9e9ccb2-2000x1250.jpg\" width=\"571\" height=\"357\" \/><\/p>\n<div class=\"ProductHeader_productPoints__xIir7\" data-cy=\"gliders-bullet-points-left\">\n<ul>\n<li>Entwickelt aus dem Red Bull X-Alps Wettkampfschirm 2023<\/li>\n<li>Kompromisslose ultraleichte Hochleistung<\/li>\n<\/ul>\n<\/div>\n<div class=\"ProductHeader_productPoints__xIir7\" data-cy=\"gliders-bullet-points-right\">\n<ul>\n<li>Das gleiche Gewicht wie sein Vorg\u00e4nger, mit mehr Leistung<\/li>\n<li>Verbessert: Agilit\u00e4t und Handling, mit mehr Solidit\u00e4t in aktiver Luft<\/li>\n<\/ul>\n<\/div>\n<div class=\"product-info\" data-cy=\"gliders-product-info\">\n<div class=\"blockRenderer\">\n<div>\n<p>Der Zeolite 2 hat sich bei den X-Alps 2023 auf dem Podium und auf der Zielgeraden mehr als bew\u00e4hrt. Das ist unser leichtester Hochleistungsschirm. Entwickelt f\u00fcr Piloten, die ein Minimalgewicht mit maximaler Leistung f\u00fcr die anspruchsvollsten Biwakabenteuer und Hike &amp; Fly Wettbewerbe wollen. Das Obersegel des Zeolite ist vollst\u00e4ndig aus dem 10D Tuch gefertigt, und hat Dyneema Tragegurte.<\/p>\n<h3>Das Design<\/h3>\n<p>Wir haben in die Entwicklung des Profils unsere neuesten Fortschritte in den Bereichen Geschwindigkeit und Handling einflie\u00dfen lassen. Diesen Gewinn konnten wir haupts\u00e4chlich aus der neuen Positionierung der Zell\u00f6ffnungen generieren.<\/p>\n<p>Die Streckung haben wir leicht erh\u00f6ht, aber sie ist f\u00fcr diese Kategorie immer noch moderat, und hat sich auch bei unruhigen alpinen Bedingungen als angenehm erwiesen. Die Anzahl der Zellen hat sich um 7 erh\u00f6ht, was die Segelkoh\u00e4sion in turbulenter Luft und das Handling verbessert, ebenso wie die Leistung \u2013 und das mit dem gleichen Gewicht wie der Zeolite.<\/p>\n<h3>Im Flug<\/h3>\n<p>Die passive Sicherheit und das Klappverhalten haben sich durch eine Unterst\u00fctzung in der Fl\u00fcgeltiefe im hinteren Bereich des Schirmes verbessert. Trotz der besseren Unterst\u00fctzung ist der Gesamtleinenwiderstand geringer als bei seinem Vorg\u00e4nger. Wir haben \u00fcber 3 Zellbr\u00fccken hinweg spannweitig eine neue Architektur verarbeitet, \u00e4hnlich wie beim Photon. Das erm\u00f6glicht die beste diagonale Zellenanzahl f\u00fcr die Anzahl an Leinenaufh\u00e4ngepunkten, was dieses geringe Gewicht m\u00f6glich macht, und dabei die Effizienz steigert.<\/p>\n<\/div>\n<\/div>\n<\/div>\n<div class=\"product-info\" data-cy=\"gliders-product-info\">\n<div class=\"blockRenderer\">\n<div>\n<h4>Spezifikationen<\/h4>\n<div class=\"desktop\">\n<div class=\"specs-table-wrapper\">\n<table>\n<thead>\n<tr>\n<th>Gr\u00f6ssen<\/th>\n<th>XS<\/th>\n<th>S<\/th>\n<th>MS<\/th>\n<th>ML<\/th>\n<\/tr>\n<\/thead>\n<tbody>\n<tr class=\"\">\n<td>Anzahl der Zellen<\/td>\n<td>71<\/td>\n<td>71<\/td>\n<td>71<\/td>\n<td>71<\/td>\n<\/tr>\n<tr class=\"\">\n<td>Projected area (m2)<\/td>\n<td>15.9<\/td>\n<td>17.2<\/td>\n<td>18.5<\/td>\n<td>19.8<\/td>\n<\/tr>\n<tr class=\"\">\n<td>Ausgelegte Fl\u00e4che (m2)<\/td>\n<td>18.9<\/td>\n<td>20.4<\/td>\n<td>22<\/td>\n<td>23.5<\/td>\n<\/tr>\n<tr class=\"\">\n<td>projizierte Spannweite (m)<\/td>\n<td>8.9<\/td>\n<td>9.3<\/td>\n<td>9.6<\/td>\n<td>9.9<\/td>\n<\/tr>\n<tr class=\"\">\n<td>ausgelegte Spannweite (m)<\/td>\n<td>11.3<\/td>\n<td>11.8<\/td>\n<td>12.2<\/td>\n<td>12.6<\/td>\n<\/tr>\n<tr class=\"\">\n<td>projizierte Streckung<\/td>\n<td>5<\/td>\n<td>5<\/td>\n<td>5<\/td>\n<td>5<\/td>\n<\/tr>\n<tr class=\"\">\n<td>ausgelegte Streckung<\/td>\n<td>6.8<\/td>\n<td>6.8<\/td>\n<td>6.8<\/td>\n<td>6.8<\/td>\n<\/tr>\n<tr class=\"\">\n<td>Fl\u00fcgeltiefe (m)<\/td>\n<td>2.09<\/td>\n<td>2.17<\/td>\n<td>2.26<\/td>\n<td>2.33<\/td>\n<\/tr>\n<tr class=\"\">\n<td>Gleitschirmgewicht (kg)<\/td>\n<td>2.72<\/td>\n<td>2.88<\/td>\n<td>3.03<\/td>\n<td>3.16<\/td>\n<\/tr>\n<tr class=\"\">\n<td>Gewichtsbereich (kg)<\/td>\n<td>60-75<\/td>\n<td>65-85<\/td>\n<td>80-95<\/td>\n<td>90-105<\/td>\n<\/tr>\n<tr class=\"\">\n<td>Certification<\/td>\n<td>D<\/td>\n<td>D<\/td>\n<td>D<\/td>\n<td>D<\/td>\n<\/tr>\n<\/tbody>\n<\/table>\n<\/div>\n<\/div>\n<p class=\"specs-table specs-table-note-translation\">* Weights may vary up to 50gm per size due to slight variations in the manufacturing of the fabric used.<\/p>\n<p class=\"specs-table specs-table-notes\">*noch ausstehend<\/p>\n<h4>Lieferumfang<\/h4>\n<div class=\"blockRenderer\">\n<p>Standardm\u00e4\u00dfig wird unser OZONE mit folgendem Zubeh\u00f6r ausgeliefert:<\/p>\n<p>Spezielles Faltkissen, Concerto leichter Zellenpacksack, OZONE Schl\u00fcsselanh\u00e4nger, Flaschen\u00f6ffner, Echtheitszeugnis, 2 wei\u00dfe Klebet\u00fccher und Tragegurtschutz.<\/p>\n<\/div>\n<div class=\"blockRenderer\">\n<p>Vielleicht m\u00f6chtest du deiner Bestellung noch etwas hinzuf\u00fcgen, wie etwa:\u00a0Gleitschirmrucksack, Easy Bag (Schnellpacksack) oder Ozone Kleidung und Accessoires.<\/p>\n<\/div>\n<\/div>\n<\/div>\n<\/div>\n<\/div>\n<\/div>\n<\/div>\n<\/div>\n<\/div>\n<\/div>\n<\/div>\n<\/div>\n<p>&nbsp;<\/p>\n<p>Mehr<a href=\"https:\/\/flyozone.com\/paragliders\/de\/products\/gliders\/zeolite-2\" target=\"_blank\" rel=\"noopener noreferrer\"> Infos<\/a><\/p>\n<p>Falls dieser Artikel nicht an Lager ist, wird er f\u00fcr dich bestellt. Lieferfrist auf Anfrage.<\/p>\n","protected":false},"featured_media":17461,"comment_status":"closed","ping_status":"closed","template":"","meta":[],"product_brand":[],"product_cat":[86,1293],"product_tag":[917,90],"class_list":{"0":"post-17452","1":"product","2":"type-product","3":"status-publish","4":"has-post-thumbnail","6":"product_cat-gleitschirme","7":"product_cat-leichte-gleitschirme","8":"product_tag-gleitschirm","9":"product_tag-verkaufsartikel","10":"product_shipping_class-priority-10kg-de","12":"first","13":"instock","14":"sale","15":"shipping-taxable","16":"purchasable","17":"product-type-variable"},"yoast_head":"<!-- This site is optimized with the Yoast SEO Premium plugin v26.1 (Yoast SEO v27.3) - https:\/\/yoast.com\/product\/yoast-seo-premium-wordpress\/ -->\n<title>Ozone Zeolite 2 EN-D | Gleitschirmschule Thun, Bern, Interlaken<\/title>\n<meta name=\"description\" content=\"Der Ozone Zeolite 2 hat sich bei den X-Alps 2023 auf dem Podium und auf der Zielgeraden mehr als bew\u00e4hrt. Das ist unser leichtester Hochleistungsschirm. Entwickelt f\u00fcr Piloten, die ein Minimalgewicht mit maximaler Leistung f\u00fcr die anspruchsvollsten Biwakabenteuer und Hike &amp; Fly Wettbewerbe wollen. Das Obersegel des Zeolite ist vollst\u00e4ndig aus dem 10D Tuch gefertigt, und hat Dyneema Tragegurte.\" \/>\n<meta name=\"robots\" content=\"index, follow, max-snippet:-1, max-image-preview:large, max-video-preview:-1\" \/>\n<link rel=\"canonical\" href=\"https:\/\/swissgliders.ch\/de\/produkt\/ozone-zeolite-2-en-d\/\" \/>\n<meta property=\"og:locale\" content=\"de_DE\" \/>\n<meta property=\"og:type\" content=\"article\" \/>\n<meta property=\"og:title\" content=\"Ozone Zeolite 2 EN-D\" \/>\n<meta property=\"og:description\" content=\"Der Ozone Zeolite 2 hat sich bei den X-Alps 2023 auf dem Podium und auf der Zielgeraden mehr als bew\u00e4hrt. Das ist unser leichtester Hochleistungsschirm. Entwickelt f\u00fcr Piloten, die ein Minimalgewicht mit maximaler Leistung f\u00fcr die anspruchsvollsten Biwakabenteuer und Hike &amp; Fly Wettbewerbe wollen. Das Obersegel des Zeolite ist vollst\u00e4ndig aus dem 10D Tuch gefertigt, und hat Dyneema Tragegurte.\" \/>\n<meta property=\"og:url\" content=\"https:\/\/swissgliders.ch\/de\/produkt\/ozone-zeolite-2-en-d\/\" \/>\n<meta property=\"og:site_name\" content=\"Gleitschirmschule Thun, Bern, Interlaken\" \/>\n<meta property=\"article:publisher\" content=\"https:\/\/www.facebook.com\/swissgliders\" \/>\n<meta property=\"article:modified_time\" content=\"2025-05-30T12:05:27+00:00\" \/>\n<meta property=\"og:image\" content=\"https:\/\/swissgliders.ch\/wp-content\/uploads\/2024\/11\/Ozone_Gleitschirm_Zeolite-2-1-1.jpg\" \/>\n\t<meta property=\"og:image:width\" content=\"2000\" \/>\n\t<meta property=\"og:image:height\" content=\"1250\" \/>\n\t<meta property=\"og:image:type\" content=\"image\/jpeg\" \/>\n<meta name=\"twitter:card\" content=\"summary_large_image\" \/>\n<meta name=\"twitter:site\" content=\"@Swissgliders\" \/>\n<meta name=\"twitter:label1\" content=\"Verf\u00fcgbarkeit\" \/>\n\t<meta name=\"twitter:data1\" content=\"Auf Lager\" \/>\n<script type=\"application\/ld+json\" class=\"yoast-schema-graph\">{\"@context\":\"https:\\\/\\\/schema.org\",\"@graph\":[{\"@type\":\"WebPage\",\"@id\":\"https:\\\/\\\/swissgliders.ch\\\/de\\\/produkt\\\/ozone-zeolite-2-en-d\\\/\",\"url\":\"https:\\\/\\\/swissgliders.ch\\\/de\\\/produkt\\\/ozone-zeolite-2-en-d\\\/\",\"name\":\"Ozone Zeolite 2 EN-D | Gleitschirmschule Thun, Bern, Interlaken\",\"isPartOf\":{\"@id\":\"https:\\\/\\\/swissgliders.ch\\\/de\\\/#website\"},\"primaryImageOfPage\":{\"@id\":\"https:\\\/\\\/swissgliders.ch\\\/de\\\/produkt\\\/ozone-zeolite-2-en-d\\\/#primaryimage\"},\"image\":{\"@id\":\"https:\\\/\\\/swissgliders.ch\\\/de\\\/produkt\\\/ozone-zeolite-2-en-d\\\/#primaryimage\"},\"thumbnailUrl\":\"https:\\\/\\\/swissgliders.ch\\\/wp-content\\\/uploads\\\/2024\\\/11\\\/Ozone_Gleitschirm_Zeolite-2-1-1.jpg\",\"datePublished\":\"2024-11-12T16:41:59+00:00\",\"dateModified\":\"2025-05-30T12:05:27+00:00\",\"description\":\"Der Ozone Zeolite 2 hat sich bei den X-Alps 2023 auf dem Podium und auf der Zielgeraden mehr als bew\u00e4hrt. Das ist unser leichtester Hochleistungsschirm. Entwickelt f\u00fcr Piloten, die ein Minimalgewicht mit maximaler Leistung f\u00fcr die anspruchsvollsten Biwakabenteuer und Hike & Fly Wettbewerbe wollen. Das Obersegel des Zeolite ist vollst\u00e4ndig aus dem 10D Tuch gefertigt, und hat Dyneema Tragegurte.\",\"breadcrumb\":{\"@id\":\"https:\\\/\\\/swissgliders.ch\\\/de\\\/produkt\\\/ozone-zeolite-2-en-d\\\/#breadcrumb\"},\"inLanguage\":\"de\",\"potentialAction\":[{\"@type\":\"ReadAction\",\"target\":[\"https:\\\/\\\/swissgliders.ch\\\/de\\\/produkt\\\/ozone-zeolite-2-en-d\\\/\"]}]},{\"@type\":\"ImageObject\",\"inLanguage\":\"de\",\"@id\":\"https:\\\/\\\/swissgliders.ch\\\/de\\\/produkt\\\/ozone-zeolite-2-en-d\\\/#primaryimage\",\"url\":\"https:\\\/\\\/swissgliders.ch\\\/wp-content\\\/uploads\\\/2024\\\/11\\\/Ozone_Gleitschirm_Zeolite-2-1-1.jpg\",\"contentUrl\":\"https:\\\/\\\/swissgliders.ch\\\/wp-content\\\/uploads\\\/2024\\\/11\\\/Ozone_Gleitschirm_Zeolite-2-1-1.jpg\",\"width\":2000,\"height\":1250,\"caption\":\"Ozone_Gleitschirm_Zeolite 2-1\"},{\"@type\":\"BreadcrumbList\",\"@id\":\"https:\\\/\\\/swissgliders.ch\\\/de\\\/produkt\\\/ozone-zeolite-2-en-d\\\/#breadcrumb\",\"itemListElement\":[{\"@type\":\"ListItem\",\"position\":1,\"name\":\"Startseite\",\"item\":\"https:\\\/\\\/swissgliders.ch\\\/de\\\/willkommen\\\/\"},{\"@type\":\"ListItem\",\"position\":2,\"name\":\"Gleitschirm Shop\",\"item\":\"https:\\\/\\\/swissgliders.ch\\\/de\\\/gleitschirm-shop\\\/\"},{\"@type\":\"ListItem\",\"position\":3,\"name\":\"Ozone Zeolite 2 EN-D\"}]},{\"@type\":\"WebSite\",\"@id\":\"https:\\\/\\\/swissgliders.ch\\\/de\\\/#website\",\"url\":\"https:\\\/\\\/swissgliders.ch\\\/de\\\/\",\"name\":\"Gleitschirmschule Thun, Bern, Interlaken\",\"description\":\"Gleitschirmschule Thun, Bern, Interlaken\",\"publisher\":{\"@id\":\"https:\\\/\\\/swissgliders.ch\\\/de\\\/#organization\"},\"potentialAction\":[{\"@type\":\"SearchAction\",\"target\":{\"@type\":\"EntryPoint\",\"urlTemplate\":\"https:\\\/\\\/swissgliders.ch\\\/de\\\/?s={search_term_string}\"},\"query-input\":{\"@type\":\"PropertyValueSpecification\",\"valueRequired\":true,\"valueName\":\"search_term_string\"}}],\"inLanguage\":\"de\"},{\"@type\":\"Organization\",\"@id\":\"https:\\\/\\\/swissgliders.ch\\\/de\\\/#organization\",\"name\":\"Swissgliders Gleitschirmflugschule Thun\",\"url\":\"https:\\\/\\\/swissgliders.ch\\\/de\\\/\",\"logo\":{\"@type\":\"ImageObject\",\"inLanguage\":\"de\",\"@id\":\"https:\\\/\\\/swissgliders.ch\\\/de\\\/#\\\/schema\\\/logo\\\/image\\\/\",\"url\":\"https:\\\/\\\/swissgliders.ch\\\/wp-content\\\/uploads\\\/2019\\\/12\\\/swissgliders-logo-rgb-square-L-no-ch-01.png\",\"contentUrl\":\"https:\\\/\\\/swissgliders.ch\\\/wp-content\\\/uploads\\\/2019\\\/12\\\/swissgliders-logo-rgb-square-L-no-ch-01.png\",\"width\":2500,\"height\":2500,\"caption\":\"Swissgliders Gleitschirmflugschule Thun\"},\"image\":{\"@id\":\"https:\\\/\\\/swissgliders.ch\\\/de\\\/#\\\/schema\\\/logo\\\/image\\\/\"},\"sameAs\":[\"https:\\\/\\\/www.facebook.com\\\/swissgliders\",\"https:\\\/\\\/x.com\\\/Swissgliders\",\"https:\\\/\\\/www.instagram.com\\\/swissgliders\\\/\",\"https:\\\/\\\/www.youtube.com\\\/channel\\\/UCMCtGdepy9vBhrhX3V_oJOA\"],\"hasMerchantReturnPolicy\":{\"@type\":\"MerchantReturnPolicy\",\"merchantReturnLink\":\"https:\\\/\\\/swissgliders.ch\\\/de\\\/allgemeine-geschaftsbedingungen\\\/\"}}]}<\/script>\n<meta property=\"og:availability\" content=\"instock\" \/>\n<meta property=\"product:availability\" content=\"instock\" \/>\n<meta property=\"product:condition\" content=\"new\" \/>\n<!-- \/ Yoast SEO Premium plugin. -->","yoast_head_json":{"title":"Ozone Zeolite 2 EN-D | Gleitschirmschule Thun, Bern, Interlaken","description":"Der Ozone Zeolite 2 hat sich bei den X-Alps 2023 auf dem Podium und auf der Zielgeraden mehr als bew\u00e4hrt. Das ist unser leichtester Hochleistungsschirm. Entwickelt f\u00fcr Piloten, die ein Minimalgewicht mit maximaler Leistung f\u00fcr die anspruchsvollsten Biwakabenteuer und Hike & Fly Wettbewerbe wollen. Das Obersegel des Zeolite ist vollst\u00e4ndig aus dem 10D Tuch gefertigt, und hat Dyneema Tragegurte.","robots":{"index":"index","follow":"follow","max-snippet":"max-snippet:-1","max-image-preview":"max-image-preview:large","max-video-preview":"max-video-preview:-1"},"canonical":"https:\/\/swissgliders.ch\/de\/produkt\/ozone-zeolite-2-en-d\/","og_locale":"de_DE","og_type":"article","og_title":"Ozone Zeolite 2 EN-D","og_description":"Der Ozone Zeolite 2 hat sich bei den X-Alps 2023 auf dem Podium und auf der Zielgeraden mehr als bew\u00e4hrt. Das ist unser leichtester Hochleistungsschirm. Entwickelt f\u00fcr Piloten, die ein Minimalgewicht mit maximaler Leistung f\u00fcr die anspruchsvollsten Biwakabenteuer und Hike & Fly Wettbewerbe wollen. Das Obersegel des Zeolite ist vollst\u00e4ndig aus dem 10D Tuch gefertigt, und hat Dyneema Tragegurte.","og_url":"https:\/\/swissgliders.ch\/de\/produkt\/ozone-zeolite-2-en-d\/","og_site_name":"Gleitschirmschule Thun, Bern, Interlaken","article_publisher":"https:\/\/www.facebook.com\/swissgliders","article_modified_time":"2025-05-30T12:05:27+00:00","og_image":[{"width":2000,"height":1250,"url":"https:\/\/swissgliders.ch\/wp-content\/uploads\/2024\/11\/Ozone_Gleitschirm_Zeolite-2-1-1.jpg","type":"image\/jpeg"}],"twitter_card":"summary_large_image","twitter_site":"@Swissgliders","twitter_misc":{"Verf\u00fcgbarkeit":"Auf Lager"},"schema":{"@context":"https:\/\/schema.org","@graph":[{"@type":"WebPage","@id":"https:\/\/swissgliders.ch\/de\/produkt\/ozone-zeolite-2-en-d\/","url":"https:\/\/swissgliders.ch\/de\/produkt\/ozone-zeolite-2-en-d\/","name":"Ozone Zeolite 2 EN-D | Gleitschirmschule Thun, Bern, Interlaken","isPartOf":{"@id":"https:\/\/swissgliders.ch\/de\/#website"},"primaryImageOfPage":{"@id":"https:\/\/swissgliders.ch\/de\/produkt\/ozone-zeolite-2-en-d\/#primaryimage"},"image":{"@id":"https:\/\/swissgliders.ch\/de\/produkt\/ozone-zeolite-2-en-d\/#primaryimage"},"thumbnailUrl":"https:\/\/swissgliders.ch\/wp-content\/uploads\/2024\/11\/Ozone_Gleitschirm_Zeolite-2-1-1.jpg","datePublished":"2024-11-12T16:41:59+00:00","dateModified":"2025-05-30T12:05:27+00:00","description":"Der Ozone Zeolite 2 hat sich bei den X-Alps 2023 auf dem Podium und auf der Zielgeraden mehr als bew\u00e4hrt. Das ist unser leichtester Hochleistungsschirm. Entwickelt f\u00fcr Piloten, die ein Minimalgewicht mit maximaler Leistung f\u00fcr die anspruchsvollsten Biwakabenteuer und Hike & Fly Wettbewerbe wollen. Das Obersegel des Zeolite ist vollst\u00e4ndig aus dem 10D Tuch gefertigt, und hat Dyneema Tragegurte.","breadcrumb":{"@id":"https:\/\/swissgliders.ch\/de\/produkt\/ozone-zeolite-2-en-d\/#breadcrumb"},"inLanguage":"de","potentialAction":[{"@type":"ReadAction","target":["https:\/\/swissgliders.ch\/de\/produkt\/ozone-zeolite-2-en-d\/"]}]},{"@type":"ImageObject","inLanguage":"de","@id":"https:\/\/swissgliders.ch\/de\/produkt\/ozone-zeolite-2-en-d\/#primaryimage","url":"https:\/\/swissgliders.ch\/wp-content\/uploads\/2024\/11\/Ozone_Gleitschirm_Zeolite-2-1-1.jpg","contentUrl":"https:\/\/swissgliders.ch\/wp-content\/uploads\/2024\/11\/Ozone_Gleitschirm_Zeolite-2-1-1.jpg","width":2000,"height":1250,"caption":"Ozone_Gleitschirm_Zeolite 2-1"},{"@type":"BreadcrumbList","@id":"https:\/\/swissgliders.ch\/de\/produkt\/ozone-zeolite-2-en-d\/#breadcrumb","itemListElement":[{"@type":"ListItem","position":1,"name":"Startseite","item":"https:\/\/swissgliders.ch\/de\/willkommen\/"},{"@type":"ListItem","position":2,"name":"Gleitschirm Shop","item":"https:\/\/swissgliders.ch\/de\/gleitschirm-shop\/"},{"@type":"ListItem","position":3,"name":"Ozone Zeolite 2 EN-D"}]},{"@type":"WebSite","@id":"https:\/\/swissgliders.ch\/de\/#website","url":"https:\/\/swissgliders.ch\/de\/","name":"Gleitschirmschule Thun, Bern, Interlaken","description":"Gleitschirmschule Thun, Bern, Interlaken","publisher":{"@id":"https:\/\/swissgliders.ch\/de\/#organization"},"potentialAction":[{"@type":"SearchAction","target":{"@type":"EntryPoint","urlTemplate":"https:\/\/swissgliders.ch\/de\/?s={search_term_string}"},"query-input":{"@type":"PropertyValueSpecification","valueRequired":true,"valueName":"search_term_string"}}],"inLanguage":"de"},{"@type":"Organization","@id":"https:\/\/swissgliders.ch\/de\/#organization","name":"Swissgliders Gleitschirmflugschule Thun","url":"https:\/\/swissgliders.ch\/de\/","logo":{"@type":"ImageObject","inLanguage":"de","@id":"https:\/\/swissgliders.ch\/de\/#\/schema\/logo\/image\/","url":"https:\/\/swissgliders.ch\/wp-content\/uploads\/2019\/12\/swissgliders-logo-rgb-square-L-no-ch-01.png","contentUrl":"https:\/\/swissgliders.ch\/wp-content\/uploads\/2019\/12\/swissgliders-logo-rgb-square-L-no-ch-01.png","width":2500,"height":2500,"caption":"Swissgliders Gleitschirmflugschule Thun"},"image":{"@id":"https:\/\/swissgliders.ch\/de\/#\/schema\/logo\/image\/"},"sameAs":["https:\/\/www.facebook.com\/swissgliders","https:\/\/x.com\/Swissgliders","https:\/\/www.instagram.com\/swissgliders\/","https:\/\/www.youtube.com\/channel\/UCMCtGdepy9vBhrhX3V_oJOA"],"hasMerchantReturnPolicy":{"@type":"MerchantReturnPolicy","merchantReturnLink":"https:\/\/swissgliders.ch\/de\/allgemeine-geschaftsbedingungen\/"}}]},"og_availability":"instock","product_availability":"instock","product_condition":"new"},"_links":{"self":[{"href":"https:\/\/swissgliders.ch\/de\/wp-json\/wp\/v2\/product\/17452","targetHints":{"allow":["GET"]}}],"collection":[{"href":"https:\/\/swissgliders.ch\/de\/wp-json\/wp\/v2\/product"}],"about":[{"href":"https:\/\/swissgliders.ch\/de\/wp-json\/wp\/v2\/types\/product"}],"replies":[{"embeddable":true,"href":"https:\/\/swissgliders.ch\/de\/wp-json\/wp\/v2\/comments?post=17452"}],"wp:featuredmedia":[{"embeddable":true,"href":"https:\/\/swissgliders.ch\/de\/wp-json\/wp\/v2\/media\/17461"}],"wp:attachment":[{"href":"https:\/\/swissgliders.ch\/de\/wp-json\/wp\/v2\/media?parent=17452"}],"wp:term":[{"taxonomy":"product_brand","embeddable":true,"href":"https:\/\/swissgliders.ch\/de\/wp-json\/wp\/v2\/product_brand?post=17452"},{"taxonomy":"product_cat","embeddable":true,"href":"https:\/\/swissgliders.ch\/de\/wp-json\/wp\/v2\/product_cat?post=17452"},{"taxonomy":"product_tag","embeddable":true,"href":"https:\/\/swissgliders.ch\/de\/wp-json\/wp\/v2\/product_tag?post=17452"}],"curies":[{"name":"wp","href":"https:\/\/api.w.org\/{rel}","templated":true}]}}