{"id":17493,"date":"2024-11-14T10:07:05","date_gmt":"2024-11-14T09:07:05","guid":{"rendered":"https:\/\/swissgliders.ch\/?post_type=product&#038;p=17493"},"modified":"2025-05-26T13:38:00","modified_gmt":"2025-05-26T12:38:00","slug":"ozone-bv1","status":"publish","type":"product","link":"https:\/\/swissgliders.ch\/de\/produkt\/ozone-bv1\/","title":{"rendered":"Ozone BV1"},"content":{"rendered":"<div class=\"et_pb_module et_pb_text et_pb_text_0 et_pb_bg_layout_light et_pb_text_align_left\">\n<div class=\"et_pb_text_inner\">\n<div class=\"et_pb_module et_pb_text et_pb_text_0 et_pb_bg_layout_light et_pb_text_align_left\">\n<div class=\"et_pb_text_inner\">\n<div class=\"et_pb_module et_pb_text et_pb_text_2 et_pb_text_align_left et_pb_bg_layout_light et_had_animation\">\n<div class=\"blockRenderer\">\n<div class=\"blockRenderer\">\n<div class=\"blockRenderer\">\n<h3 class=\"specs-table-2nd-row\">PRODUCT INFO<\/h3>\n<h4><strong>Das ultimative Biwak-Gurtzeug<\/strong><\/h4>\n<p><img decoding=\"async\" src=\"https:\/\/flyozone.com\/_next\/image?url=https%3A%2F%2Fcdn.sanity.io%2Fimages%2Flbhlofgm%2Fproduction%2F2fd91688be6e65442f737752900c746515705214-7559x3478.png&amp;w=3840&amp;q=75\" alt=\"Harness feature\" \/><\/p>\n<\/div>\n<\/div>\n<\/div>\n<div class=\"blockRenderer\">\n<div class=\"blockRenderer\">\n<ul>\n<li>Viele Staum\u00f6glichkeiten<\/li>\n<li>Ausgezeichneter Komfort &amp; St\u00fctzfunktion<\/li>\n<li>Nur 1,9 KG in der Gr\u00f6\u00dfe MS<\/li>\n<li>Ziemlich strapazierf\u00e4hig<\/li>\n<li>Erh\u00e4ltlich in 4 Gr\u00f6\u00dfen<\/li>\n<\/ul>\n<p>Wir haben das BV 1 f\u00fcr die h\u00e4rtesten Biwakabenteuer entwickelt. Unser R&amp;D Team hat sich auf eine Balance aus Strapazierf\u00e4higkeit, Komfort und Leichtigkeit fokussiert \u2013 Das Ergebnis ist ein sehr effizientes und hoch technisches Tool f\u00fcr Biwakfl\u00fcge. Alles an diesem Gurtzeug \u2013 von den Materialien bis hin zur Gurtzeugform und dem hohen Ma\u00df an Komfort \u2013 ist auf eine intensive Nutzung in den Bergen ausgerichtet. Das ist das Gurtzeug der Wahl f\u00fcr extreme Biwakpiloten wie Antoine Girard, der mit dem BV1 weit in das Himalaya Gebirge hineingeflogen ist, und \u00fcber dem Broad Peak einen H\u00f6hen-Weltrekord von 8400 Metern erreicht hat.<\/p>\n<p>Ein gro\u00dfer aufblasbarer R\u00fcckenschutz, ausreichend Verstaum\u00f6glichkeiten um alles mitzunehmen, was man auf einer l\u00e4ngeren Gleitschirmtour braucht, und weitere innovative Features wie Montageanker f\u00fcr Solar-Panels machen das BV1 besonders. Es ist \u201calles was du brauchst, und nichts was du nicht brauchst\u201d mit speziellen Features wie etwa einem voll lasttragenden Anti-forget Gurtzeugsystem.<\/p>\n<h3><strong>R\u00fcckenschutz<\/strong><\/h3>\n<p>Ein Vorteil eines aufblasbaren R\u00fcckenschutzes ist die Tatsache, dass du ihn samt deiner bereits verstauten Ausr\u00fcstung mit Luft f\u00fcllen kannst. Somit wackelt w\u00e4hrend des Fluges nichts umher. Das Gurtzeug ist auch voll beladen sehr angenehm.*<\/p>\n<h3><strong>Enormer Stauraum<\/strong><\/h3>\n<p>Die aufblasbare Protektortasche ist dank ihres gro\u00dfen horizontalen Zugangs einfach zu be- und entladen. So kannst du m\u00fchelos schwere und sperrige Ausr\u00fcstung wie etwa Campingkocher, Zelt oder Wanderst\u00f6cke (die du hoffentlich nicht viel brauchen wirst) verstauen. Eine gro\u00dfe R\u00fcckentasche mit zwei Rei\u00dfverschl\u00fcssen erm\u00f6glicht ebenfalls einfaches Be- und Entladen, und kann mit Hilfe von Magneten gesichert werden. Hier befindet sich das Fach f\u00fcr deine Trinkwasserversorgung, f\u00fcr das der Trinkschlauch dann \u00fcber deine Schulterpartie verl\u00e4uft. Die Tasche unter dem Cockpit ist ideal um externe Batterien aufzubewahren. Die obere Pod-Tasche ist leicht zug\u00e4nglich und daher f\u00fcr Kameras und andere Utensilien, die du w\u00e4hrend des Fluges gerne griffbereit hast, der perfekte Platz. Und auf der linken Seite findest du gen\u00fcgend Stauraum f\u00fcr eine Kamerastange oder weitere Ausr\u00fcstungsgegenst\u00e4nde.<\/p>\n<h3><strong>Solartauglich<\/strong><\/h3>\n<p>Auf dem Pod befinden sich Montageanker f\u00fcr Solar-Panels, was es dir erm\u00f6glicht, die Solar-Panels erst nach dem Start zu installieren um deine externe Energiequelle aufzuladen.<\/p>\n<h3><strong>Komfortabel Strukturiert<\/strong><\/h3>\n<p>Zulassungsbedingungen nur, wenn er vollst\u00e4ndig mit Luft gef\u00fcllt ist.<\/p>\n<p>Die unterst\u00fctzende Struktur des BV1 wird durch Nitinol St\u00e4be am R\u00fccken und Karbon St\u00e4be unter dem Sitz verst\u00e4rkt. Damit kannst du dich entspannt zur\u00fccklehnen, und zum Landen schnell und einfach in Position kommen. Seine weiten Beingurte sind in einen komfortablen und sich sicher anf\u00fchlenden Schalensitz integriert.<\/p>\n<p>*Der R\u00fcckenschutz des Gurtzeuges entspricht den EN Zulassungsbedingungen nur, wenn er vollst\u00e4ndig mit Luft gef\u00fcllt ist.<\/p>\n<h3 class=\"titleH1\">Spezifikationen<\/h3>\n<div class=\"desktop\">\n<div class=\"specs-table-wrapper\">\n<table data-cy=\"harness-specs-table\">\n<thead>\n<tr>\n<th>Size<\/th>\n<th>S<\/th>\n<th>MS<\/th>\n<th>ML<\/th>\n<th>L<\/th>\n<\/tr>\n<\/thead>\n<tbody>\n<tr>\n<td>Weight<\/td>\n<td>1.8kg<\/td>\n<td>1.9kg<\/td>\n<td>2kg<\/td>\n<td>2.1kg<\/td>\n<\/tr>\n<tr>\n<td>Height<\/td>\n<td>155cm &#8211; 170cm<\/td>\n<td>170cm &#8211; 180cm<\/td>\n<td>175cm &#8211; 185cm<\/td>\n<td>185cm &#8211; 195cm<\/td>\n<\/tr>\n<\/tbody>\n<\/table>\n<\/div>\n<\/div>\n<p class=\"specs-table\">* Weights may vary up to 50gm per size due to slight variations in the manufacturing of the fabric used.<\/p>\n<div class=\"specs-table-2nd-row\">\n<div class=\"blockRenderer\">\n<div>\n<ul>\n<li>Hinteres Staufach: 32 Liter<\/li>\n<li>Staufach unter dem Sitz (Fach f\u00fcr den aufblasbaren Schutz): 30 Liter<\/li>\n<li>Gewicht des aufblasbaren Schutzes: 210 Gramm<\/li>\n<li>Das Gesamtgewicht des Gurtzeuges umfasst die LinkLites, den aufblasbaren Schutz, das Beschleunigungssystem, die Rettungsschirm-Gabelleinen, den Rettergriff, und wird geliefert mit dem aufblasbaren Schutz \/ Gleitschirm Kompressionstasche<\/li>\n<li>EN \/ LTF zugelassen mit einer Maximallast von 120 KG (PH-340-2021 by Air Tuquoise)<\/li>\n<\/ul>\n<h3><strong>Materialien<\/strong><\/h3>\n<ul>\n<li>Schlie\u00dfen: Aluminium Toogle<\/li>\n<li>Retter-Verbindungsleinen: Dyneema 6 mm<\/li>\n<li>Struktur: Technisangle Dynema 7mm \/ Torus Line Dynema<\/li>\n<li>Nitinol rod, Ripstop fabric 145, Ripstop fabric 70, EVA foam 5mm<\/li>\n<\/ul>\n<\/div>\n<\/div>\n<\/div>\n<\/div>\n<p>&nbsp;<\/p>\n<\/div>\n<\/div>\n<\/div>\n<\/div>\n<p>Mehr<a href=\"https:\/\/flyozone.com\/paragliders\/de\/products\/harnesses\/bv1\" target=\"_blank\" rel=\"noopener noreferrer\"> Infos<\/a><\/p>\n<p>Falls dieser Artikel nicht an Lager ist, wird er f\u00fcr dich bestellt. Lieferfrist auf Anfrage.<\/p>\n<\/div>\n<\/div>\n","protected":false},"excerpt":{"rendered":"<div class=\"et_pb_module et_pb_text et_pb_text_0 et_pb_bg_layout_light et_pb_text_align_left\">\n<div class=\"et_pb_text_inner\">\n<div class=\"et_pb_module et_pb_text et_pb_text_2 et_pb_text_align_left et_pb_bg_layout_light et_had_animation\">\n<div class=\"blockRenderer\">\n<div class=\"blockRenderer\">\n<div class=\"blockRenderer\">\n<h3 class=\"specs-table-2nd-row\">PRODUCT INFO<\/h3>\n<h4><strong>Das ultimative Biwak-Gurtzeug<\/strong><\/h4>\n<p><img decoding=\"async\" src=\"https:\/\/flyozone.com\/_next\/image?url=https%3A%2F%2Fcdn.sanity.io%2Fimages%2Flbhlofgm%2Fproduction%2F2fd91688be6e65442f737752900c746515705214-7559x3478.png&amp;w=3840&amp;q=75\" alt=\"Harness feature\" \/><\/p>\n<\/div>\n<\/div>\n<\/div>\n<div class=\"blockRenderer\">\n<div class=\"blockRenderer\">\n<ul>\n<li>Viele Staum\u00f6glichkeiten<\/li>\n<li>Ausgezeichneter Komfort &amp; St\u00fctzfunktion<\/li>\n<li>Nur 1,9 KG in der Gr\u00f6\u00dfe MS<\/li>\n<li>Ziemlich strapazierf\u00e4hig<\/li>\n<li>Erh\u00e4ltlich in 4 Gr\u00f6\u00dfen<\/li>\n<\/ul>\n<p>Wir haben das BV 1 f\u00fcr die h\u00e4rtesten Biwakabenteuer entwickelt. Unser R&amp;D Team hat sich auf eine Balance aus Strapazierf\u00e4higkeit, Komfort und Leichtigkeit fokussiert \u2013 Das Ergebnis ist ein sehr effizientes und hoch technisches Tool f\u00fcr Biwakfl\u00fcge. Alles an diesem Gurtzeug \u2013 von den Materialien bis hin zur Gurtzeugform und dem hohen Ma\u00df an Komfort \u2013 ist auf eine intensive Nutzung in den Bergen ausgerichtet. Das ist das Gurtzeug der Wahl f\u00fcr extreme Biwakpiloten wie Antoine Girard, der mit dem BV1 weit in das Himalaya Gebirge hineingeflogen ist, und \u00fcber dem Broad Peak einen H\u00f6hen-Weltrekord von 8400 Metern erreicht hat.<\/p>\n<p>Ein gro\u00dfer aufblasbarer R\u00fcckenschutz, ausreichend Verstaum\u00f6glichkeiten um alles mitzunehmen, was man auf einer l\u00e4ngeren Gleitschirmtour braucht, und weitere innovative Features wie Montageanker f\u00fcr Solar-Panels machen das BV1 besonders. Es ist \u201calles was du brauchst, und nichts was du nicht brauchst\u201d mit speziellen Features wie etwa einem voll lasttragenden Anti-forget Gurtzeugsystem.<\/p>\n<h3><strong>R\u00fcckenschutz<\/strong><\/h3>\n<p>Ein Vorteil eines aufblasbaren R\u00fcckenschutzes ist die Tatsache, dass du ihn samt deiner bereits verstauten Ausr\u00fcstung mit Luft f\u00fcllen kannst. Somit wackelt w\u00e4hrend des Fluges nichts umher. Das Gurtzeug ist auch voll beladen sehr angenehm.*<\/p>\n<h3><strong>Enormer Stauraum<\/strong><\/h3>\n<p>Die aufblasbare Protektortasche ist dank ihres gro\u00dfen horizontalen Zugangs einfach zu be- und entladen. So kannst du m\u00fchelos schwere und sperrige Ausr\u00fcstung wie etwa Campingkocher, Zelt oder Wanderst\u00f6cke (die du hoffentlich nicht viel brauchen wirst) verstauen. Eine gro\u00dfe R\u00fcckentasche mit zwei Rei\u00dfverschl\u00fcssen erm\u00f6glicht ebenfalls einfaches Be- und Entladen, und kann mit Hilfe von Magneten gesichert werden. Hier befindet sich das Fach f\u00fcr deine Trinkwasserversorgung, f\u00fcr das der Trinkschlauch dann \u00fcber deine Schulterpartie verl\u00e4uft. Die Tasche unter dem Cockpit ist ideal um externe Batterien aufzubewahren. Die obere Pod-Tasche ist leicht zug\u00e4nglich und daher f\u00fcr Kameras und andere Utensilien, die du w\u00e4hrend des Fluges gerne griffbereit hast, der perfekte Platz. Und auf der linken Seite findest du gen\u00fcgend Stauraum f\u00fcr eine Kamerastange oder weitere Ausr\u00fcstungsgegenst\u00e4nde.<\/p>\n<h3><strong>Solartauglich<\/strong><\/h3>\n<p>Auf dem Pod befinden sich Montageanker f\u00fcr Solar-Panels, was es dir erm\u00f6glicht, die Solar-Panels erst nach dem Start zu installieren um deine externe Energiequelle aufzuladen.<\/p>\n<h3><strong>Komfortabel Strukturiert<\/strong><\/h3>\n<p>Zulassungsbedingungen nur, wenn er vollst\u00e4ndig mit Luft gef\u00fcllt ist.<\/p>\n<p>Die unterst\u00fctzende Struktur des BV1 wird durch Nitinol St\u00e4be am R\u00fccken und Karbon St\u00e4be unter dem Sitz verst\u00e4rkt. Damit kannst du dich entspannt zur\u00fccklehnen, und zum Landen schnell und einfach in Position kommen. Seine weiten Beingurte sind in einen komfortablen und sich sicher anf\u00fchlenden Schalensitz integriert.<\/p>\n<p>*Der R\u00fcckenschutz des Gurtzeuges entspricht den EN Zulassungsbedingungen nur, wenn er vollst\u00e4ndig mit Luft gef\u00fcllt ist.<\/p>\n<h3 class=\"titleH1\">Spezifikationen<\/h3>\n<div class=\"desktop\">\n<div class=\"specs-table-wrapper\">\n<table data-cy=\"harness-specs-table\">\n<thead>\n<tr>\n<th>Size<\/th>\n<th>S<\/th>\n<th>MS<\/th>\n<th>ML<\/th>\n<th>L<\/th>\n<\/tr>\n<\/thead>\n<tbody>\n<tr>\n<td>Weight<\/td>\n<td>1.8kg<\/td>\n<td>1.9kg<\/td>\n<td>2kg<\/td>\n<td>2.1kg<\/td>\n<\/tr>\n<tr>\n<td>Height<\/td>\n<td>155cm &#8211; 170cm<\/td>\n<td>170cm &#8211; 180cm<\/td>\n<td>175cm &#8211; 185cm<\/td>\n<td>185cm &#8211; 195cm<\/td>\n<\/tr>\n<\/tbody>\n<\/table>\n<\/div>\n<\/div>\n<p class=\"specs-table\">* Weights may vary up to 50gm per size due to slight variations in the manufacturing of the fabric used.<\/p>\n<div class=\"specs-table-2nd-row\">\n<div class=\"blockRenderer\">\n<div>\n<ul>\n<li>Hinteres Staufach: 32 Liter<\/li>\n<li>Staufach unter dem Sitz (Fach f\u00fcr den aufblasbaren Schutz): 30 Liter<\/li>\n<li>Gewicht des aufblasbaren Schutzes: 210 Gramm<\/li>\n<li>Das Gesamtgewicht des Gurtzeuges umfasst die LinkLites, den aufblasbaren Schutz, das Beschleunigungssystem, die Rettungsschirm-Gabelleinen, den Rettergriff, und wird geliefert mit dem aufblasbaren Schutz \/ Gleitschirm Kompressionstasche<\/li>\n<li>EN \/ LTF zugelassen mit einer Maximallast von 120 KG (PH-340-2021 by Air Tuquoise)<\/li>\n<\/ul>\n<h3><strong>Materialien<\/strong><\/h3>\n<ul>\n<li>Schlie\u00dfen: Aluminium Toogle<\/li>\n<li>Retter-Verbindungsleinen: Dyneema 6 mm<\/li>\n<li>Struktur: Technisangle Dynema 7mm \/ Torus Line Dynema<\/li>\n<li>Nitinol rod, Ripstop fabric 145, Ripstop fabric 70, EVA foam 5mm<\/li>\n<\/ul>\n<\/div>\n<\/div>\n<\/div>\n<\/div>\n<p>&nbsp;<\/p>\n<\/div>\n<\/div>\n<\/div>\n<\/div>\n<p>Mehr<a href=\"https:\/\/flyozone.com\/paragliders\/de\/products\/harnesses\/bv1\" target=\"_blank\" rel=\"noopener noreferrer\"> Infos<\/a><\/p>\n<p>Falls dieser Artikel nicht an Lager ist, wird er f\u00fcr dich bestellt. Lieferfrist auf Anfrage.<\/p>\n","protected":false},"featured_media":17496,"comment_status":"closed","ping_status":"closed","template":"","meta":[],"product_brand":[],"product_cat":[1041,1026],"product_tag":[999,1965,90],"class_list":{"0":"post-17493","1":"product","2":"type-product","3":"status-publish","4":"has-post-thumbnail","6":"product_cat-gleitschirm-liegegurtzeuge","7":"product_cat-leichte-gleitschirmgurtzeuge","8":"product_tag-liegegurtzeug","9":"product_tag-ultraleichtgurtzeug","10":"product_tag-verkaufsartikel","11":"product_shipping_class-priority-10kg-de","13":"first","14":"instock","15":"sale","16":"shipping-taxable","17":"purchasable","18":"product-type-variable"},"yoast_head":"<!-- This site is optimized with the Yoast SEO Premium plugin v26.1 (Yoast SEO v27.3) - https:\/\/yoast.com\/product\/yoast-seo-premium-wordpress\/ -->\n<title>Ozone BV1 | Gleitschirmschule Thun, Bern, Interlaken<\/title>\n<meta name=\"description\" content=\"Das ultimative Biwak-Gurtzeug BV1 von Ozone. Wir haben das BV 1 f\u00fcr die h\u00e4rtesten Biwakabenteuer entwickelt. Unser R&amp;D Team hat sich auf eine Balance aus Strapazierf\u00e4higkeit, Komfort und Leichtigkeit fokussiert \u2013 Das Ergebnis ist ein sehr effizientes und hoch technisches Tool f\u00fcr Biwakfl\u00fcge.\" \/>\n<meta name=\"robots\" content=\"index, follow, max-snippet:-1, max-image-preview:large, max-video-preview:-1\" \/>\n<link rel=\"canonical\" href=\"https:\/\/swissgliders.ch\/de\/produkt\/ozone-bv1\/\" \/>\n<meta property=\"og:locale\" content=\"de_DE\" \/>\n<meta property=\"og:type\" content=\"article\" \/>\n<meta property=\"og:title\" content=\"Ozone BV1\" \/>\n<meta property=\"og:description\" content=\"Das ultimative Biwak-Gurtzeug BV1 von Ozone. Wir haben das BV 1 f\u00fcr die h\u00e4rtesten Biwakabenteuer entwickelt. Unser R&amp;D Team hat sich auf eine Balance aus Strapazierf\u00e4higkeit, Komfort und Leichtigkeit fokussiert \u2013 Das Ergebnis ist ein sehr effizientes und hoch technisches Tool f\u00fcr Biwakfl\u00fcge.\" \/>\n<meta property=\"og:url\" content=\"https:\/\/swissgliders.ch\/de\/produkt\/ozone-bv1\/\" \/>\n<meta property=\"og:site_name\" content=\"Gleitschirmschule Thun, Bern, Interlaken\" \/>\n<meta property=\"article:publisher\" content=\"https:\/\/www.facebook.com\/swissgliders\" \/>\n<meta property=\"article:modified_time\" content=\"2025-05-26T12:38:00+00:00\" \/>\n<meta property=\"og:image\" content=\"https:\/\/swissgliders.ch\/wp-content\/uploads\/2024\/11\/Skywalk_Gurtzeug_BV1-1.jpg\" \/>\n\t<meta property=\"og:image:width\" content=\"850\" \/>\n\t<meta property=\"og:image:height\" content=\"441\" \/>\n\t<meta property=\"og:image:type\" content=\"image\/jpeg\" \/>\n<meta name=\"twitter:card\" content=\"summary_large_image\" \/>\n<meta name=\"twitter:site\" content=\"@Swissgliders\" \/>\n<meta name=\"twitter:label1\" content=\"Verf\u00fcgbarkeit\" \/>\n\t<meta name=\"twitter:data1\" content=\"Auf Lager\" \/>\n<script type=\"application\/ld+json\" class=\"yoast-schema-graph\">{\"@context\":\"https:\\\/\\\/schema.org\",\"@graph\":[{\"@type\":\"WebPage\",\"@id\":\"https:\\\/\\\/swissgliders.ch\\\/de\\\/produkt\\\/ozone-bv1\\\/\",\"url\":\"https:\\\/\\\/swissgliders.ch\\\/de\\\/produkt\\\/ozone-bv1\\\/\",\"name\":\"Ozone BV1 | Gleitschirmschule Thun, Bern, Interlaken\",\"isPartOf\":{\"@id\":\"https:\\\/\\\/swissgliders.ch\\\/de\\\/#website\"},\"primaryImageOfPage\":{\"@id\":\"https:\\\/\\\/swissgliders.ch\\\/de\\\/produkt\\\/ozone-bv1\\\/#primaryimage\"},\"image\":{\"@id\":\"https:\\\/\\\/swissgliders.ch\\\/de\\\/produkt\\\/ozone-bv1\\\/#primaryimage\"},\"thumbnailUrl\":\"https:\\\/\\\/swissgliders.ch\\\/wp-content\\\/uploads\\\/2024\\\/11\\\/Skywalk_Gurtzeug_BV1-1.jpg\",\"datePublished\":\"2024-11-14T09:07:05+00:00\",\"dateModified\":\"2025-05-26T12:38:00+00:00\",\"description\":\"Das ultimative Biwak-Gurtzeug BV1 von Ozone. Wir haben das BV 1 f\u00fcr die h\u00e4rtesten Biwakabenteuer entwickelt. Unser R&D Team hat sich auf eine Balance aus Strapazierf\u00e4higkeit, Komfort und Leichtigkeit fokussiert \u2013 Das Ergebnis ist ein sehr effizientes und hoch technisches Tool f\u00fcr Biwakfl\u00fcge.\",\"breadcrumb\":{\"@id\":\"https:\\\/\\\/swissgliders.ch\\\/de\\\/produkt\\\/ozone-bv1\\\/#breadcrumb\"},\"inLanguage\":\"de\",\"potentialAction\":[{\"@type\":\"ReadAction\",\"target\":[\"https:\\\/\\\/swissgliders.ch\\\/de\\\/produkt\\\/ozone-bv1\\\/\"]}]},{\"@type\":\"ImageObject\",\"inLanguage\":\"de\",\"@id\":\"https:\\\/\\\/swissgliders.ch\\\/de\\\/produkt\\\/ozone-bv1\\\/#primaryimage\",\"url\":\"https:\\\/\\\/swissgliders.ch\\\/wp-content\\\/uploads\\\/2024\\\/11\\\/Skywalk_Gurtzeug_BV1-1.jpg\",\"contentUrl\":\"https:\\\/\\\/swissgliders.ch\\\/wp-content\\\/uploads\\\/2024\\\/11\\\/Skywalk_Gurtzeug_BV1-1.jpg\",\"width\":850,\"height\":441,\"caption\":\"Skywalk_Gurtzeug_BV1-1\"},{\"@type\":\"BreadcrumbList\",\"@id\":\"https:\\\/\\\/swissgliders.ch\\\/de\\\/produkt\\\/ozone-bv1\\\/#breadcrumb\",\"itemListElement\":[{\"@type\":\"ListItem\",\"position\":1,\"name\":\"Startseite\",\"item\":\"https:\\\/\\\/swissgliders.ch\\\/de\\\/willkommen\\\/\"},{\"@type\":\"ListItem\",\"position\":2,\"name\":\"Gleitschirm Shop\",\"item\":\"https:\\\/\\\/swissgliders.ch\\\/de\\\/gleitschirm-shop\\\/\"},{\"@type\":\"ListItem\",\"position\":3,\"name\":\"Ozone BV1\"}]},{\"@type\":\"WebSite\",\"@id\":\"https:\\\/\\\/swissgliders.ch\\\/de\\\/#website\",\"url\":\"https:\\\/\\\/swissgliders.ch\\\/de\\\/\",\"name\":\"Gleitschirmschule Thun, Bern, Interlaken\",\"description\":\"Gleitschirmschule Thun, Bern, Interlaken\",\"publisher\":{\"@id\":\"https:\\\/\\\/swissgliders.ch\\\/de\\\/#organization\"},\"potentialAction\":[{\"@type\":\"SearchAction\",\"target\":{\"@type\":\"EntryPoint\",\"urlTemplate\":\"https:\\\/\\\/swissgliders.ch\\\/de\\\/?s={search_term_string}\"},\"query-input\":{\"@type\":\"PropertyValueSpecification\",\"valueRequired\":true,\"valueName\":\"search_term_string\"}}],\"inLanguage\":\"de\"},{\"@type\":\"Organization\",\"@id\":\"https:\\\/\\\/swissgliders.ch\\\/de\\\/#organization\",\"name\":\"Swissgliders Gleitschirmflugschule Thun\",\"url\":\"https:\\\/\\\/swissgliders.ch\\\/de\\\/\",\"logo\":{\"@type\":\"ImageObject\",\"inLanguage\":\"de\",\"@id\":\"https:\\\/\\\/swissgliders.ch\\\/de\\\/#\\\/schema\\\/logo\\\/image\\\/\",\"url\":\"https:\\\/\\\/swissgliders.ch\\\/wp-content\\\/uploads\\\/2019\\\/12\\\/swissgliders-logo-rgb-square-L-no-ch-01.png\",\"contentUrl\":\"https:\\\/\\\/swissgliders.ch\\\/wp-content\\\/uploads\\\/2019\\\/12\\\/swissgliders-logo-rgb-square-L-no-ch-01.png\",\"width\":2500,\"height\":2500,\"caption\":\"Swissgliders Gleitschirmflugschule Thun\"},\"image\":{\"@id\":\"https:\\\/\\\/swissgliders.ch\\\/de\\\/#\\\/schema\\\/logo\\\/image\\\/\"},\"sameAs\":[\"https:\\\/\\\/www.facebook.com\\\/swissgliders\",\"https:\\\/\\\/x.com\\\/Swissgliders\",\"https:\\\/\\\/www.instagram.com\\\/swissgliders\\\/\",\"https:\\\/\\\/www.youtube.com\\\/channel\\\/UCMCtGdepy9vBhrhX3V_oJOA\"],\"hasMerchantReturnPolicy\":{\"@type\":\"MerchantReturnPolicy\",\"merchantReturnLink\":\"https:\\\/\\\/swissgliders.ch\\\/de\\\/allgemeine-geschaftsbedingungen\\\/\"}}]}<\/script>\n<meta property=\"og:availability\" content=\"instock\" \/>\n<meta property=\"product:availability\" content=\"instock\" \/>\n<meta property=\"product:condition\" content=\"new\" \/>\n<!-- \/ Yoast SEO Premium plugin. -->","yoast_head_json":{"title":"Ozone BV1 | Gleitschirmschule Thun, Bern, Interlaken","description":"Das ultimative Biwak-Gurtzeug BV1 von Ozone. Wir haben das BV 1 f\u00fcr die h\u00e4rtesten Biwakabenteuer entwickelt. Unser R&D Team hat sich auf eine Balance aus Strapazierf\u00e4higkeit, Komfort und Leichtigkeit fokussiert \u2013 Das Ergebnis ist ein sehr effizientes und hoch technisches Tool f\u00fcr Biwakfl\u00fcge.","robots":{"index":"index","follow":"follow","max-snippet":"max-snippet:-1","max-image-preview":"max-image-preview:large","max-video-preview":"max-video-preview:-1"},"canonical":"https:\/\/swissgliders.ch\/de\/produkt\/ozone-bv1\/","og_locale":"de_DE","og_type":"article","og_title":"Ozone BV1","og_description":"Das ultimative Biwak-Gurtzeug BV1 von Ozone. Wir haben das BV 1 f\u00fcr die h\u00e4rtesten Biwakabenteuer entwickelt. Unser R&D Team hat sich auf eine Balance aus Strapazierf\u00e4higkeit, Komfort und Leichtigkeit fokussiert \u2013 Das Ergebnis ist ein sehr effizientes und hoch technisches Tool f\u00fcr Biwakfl\u00fcge.","og_url":"https:\/\/swissgliders.ch\/de\/produkt\/ozone-bv1\/","og_site_name":"Gleitschirmschule Thun, Bern, Interlaken","article_publisher":"https:\/\/www.facebook.com\/swissgliders","article_modified_time":"2025-05-26T12:38:00+00:00","og_image":[{"width":850,"height":441,"url":"https:\/\/swissgliders.ch\/wp-content\/uploads\/2024\/11\/Skywalk_Gurtzeug_BV1-1.jpg","type":"image\/jpeg"}],"twitter_card":"summary_large_image","twitter_site":"@Swissgliders","twitter_misc":{"Verf\u00fcgbarkeit":"Auf Lager"},"schema":{"@context":"https:\/\/schema.org","@graph":[{"@type":"WebPage","@id":"https:\/\/swissgliders.ch\/de\/produkt\/ozone-bv1\/","url":"https:\/\/swissgliders.ch\/de\/produkt\/ozone-bv1\/","name":"Ozone BV1 | Gleitschirmschule Thun, Bern, Interlaken","isPartOf":{"@id":"https:\/\/swissgliders.ch\/de\/#website"},"primaryImageOfPage":{"@id":"https:\/\/swissgliders.ch\/de\/produkt\/ozone-bv1\/#primaryimage"},"image":{"@id":"https:\/\/swissgliders.ch\/de\/produkt\/ozone-bv1\/#primaryimage"},"thumbnailUrl":"https:\/\/swissgliders.ch\/wp-content\/uploads\/2024\/11\/Skywalk_Gurtzeug_BV1-1.jpg","datePublished":"2024-11-14T09:07:05+00:00","dateModified":"2025-05-26T12:38:00+00:00","description":"Das ultimative Biwak-Gurtzeug BV1 von Ozone. Wir haben das BV 1 f\u00fcr die h\u00e4rtesten Biwakabenteuer entwickelt. Unser R&D Team hat sich auf eine Balance aus Strapazierf\u00e4higkeit, Komfort und Leichtigkeit fokussiert \u2013 Das Ergebnis ist ein sehr effizientes und hoch technisches Tool f\u00fcr Biwakfl\u00fcge.","breadcrumb":{"@id":"https:\/\/swissgliders.ch\/de\/produkt\/ozone-bv1\/#breadcrumb"},"inLanguage":"de","potentialAction":[{"@type":"ReadAction","target":["https:\/\/swissgliders.ch\/de\/produkt\/ozone-bv1\/"]}]},{"@type":"ImageObject","inLanguage":"de","@id":"https:\/\/swissgliders.ch\/de\/produkt\/ozone-bv1\/#primaryimage","url":"https:\/\/swissgliders.ch\/wp-content\/uploads\/2024\/11\/Skywalk_Gurtzeug_BV1-1.jpg","contentUrl":"https:\/\/swissgliders.ch\/wp-content\/uploads\/2024\/11\/Skywalk_Gurtzeug_BV1-1.jpg","width":850,"height":441,"caption":"Skywalk_Gurtzeug_BV1-1"},{"@type":"BreadcrumbList","@id":"https:\/\/swissgliders.ch\/de\/produkt\/ozone-bv1\/#breadcrumb","itemListElement":[{"@type":"ListItem","position":1,"name":"Startseite","item":"https:\/\/swissgliders.ch\/de\/willkommen\/"},{"@type":"ListItem","position":2,"name":"Gleitschirm Shop","item":"https:\/\/swissgliders.ch\/de\/gleitschirm-shop\/"},{"@type":"ListItem","position":3,"name":"Ozone BV1"}]},{"@type":"WebSite","@id":"https:\/\/swissgliders.ch\/de\/#website","url":"https:\/\/swissgliders.ch\/de\/","name":"Gleitschirmschule Thun, Bern, Interlaken","description":"Gleitschirmschule Thun, Bern, Interlaken","publisher":{"@id":"https:\/\/swissgliders.ch\/de\/#organization"},"potentialAction":[{"@type":"SearchAction","target":{"@type":"EntryPoint","urlTemplate":"https:\/\/swissgliders.ch\/de\/?s={search_term_string}"},"query-input":{"@type":"PropertyValueSpecification","valueRequired":true,"valueName":"search_term_string"}}],"inLanguage":"de"},{"@type":"Organization","@id":"https:\/\/swissgliders.ch\/de\/#organization","name":"Swissgliders Gleitschirmflugschule Thun","url":"https:\/\/swissgliders.ch\/de\/","logo":{"@type":"ImageObject","inLanguage":"de","@id":"https:\/\/swissgliders.ch\/de\/#\/schema\/logo\/image\/","url":"https:\/\/swissgliders.ch\/wp-content\/uploads\/2019\/12\/swissgliders-logo-rgb-square-L-no-ch-01.png","contentUrl":"https:\/\/swissgliders.ch\/wp-content\/uploads\/2019\/12\/swissgliders-logo-rgb-square-L-no-ch-01.png","width":2500,"height":2500,"caption":"Swissgliders Gleitschirmflugschule Thun"},"image":{"@id":"https:\/\/swissgliders.ch\/de\/#\/schema\/logo\/image\/"},"sameAs":["https:\/\/www.facebook.com\/swissgliders","https:\/\/x.com\/Swissgliders","https:\/\/www.instagram.com\/swissgliders\/","https:\/\/www.youtube.com\/channel\/UCMCtGdepy9vBhrhX3V_oJOA"],"hasMerchantReturnPolicy":{"@type":"MerchantReturnPolicy","merchantReturnLink":"https:\/\/swissgliders.ch\/de\/allgemeine-geschaftsbedingungen\/"}}]},"og_availability":"instock","product_availability":"instock","product_condition":"new"},"_links":{"self":[{"href":"https:\/\/swissgliders.ch\/de\/wp-json\/wp\/v2\/product\/17493","targetHints":{"allow":["GET"]}}],"collection":[{"href":"https:\/\/swissgliders.ch\/de\/wp-json\/wp\/v2\/product"}],"about":[{"href":"https:\/\/swissgliders.ch\/de\/wp-json\/wp\/v2\/types\/product"}],"replies":[{"embeddable":true,"href":"https:\/\/swissgliders.ch\/de\/wp-json\/wp\/v2\/comments?post=17493"}],"wp:featuredmedia":[{"embeddable":true,"href":"https:\/\/swissgliders.ch\/de\/wp-json\/wp\/v2\/media\/17496"}],"wp:attachment":[{"href":"https:\/\/swissgliders.ch\/de\/wp-json\/wp\/v2\/media?parent=17493"}],"wp:term":[{"taxonomy":"product_brand","embeddable":true,"href":"https:\/\/swissgliders.ch\/de\/wp-json\/wp\/v2\/product_brand?post=17493"},{"taxonomy":"product_cat","embeddable":true,"href":"https:\/\/swissgliders.ch\/de\/wp-json\/wp\/v2\/product_cat?post=17493"},{"taxonomy":"product_tag","embeddable":true,"href":"https:\/\/swissgliders.ch\/de\/wp-json\/wp\/v2\/product_tag?post=17493"}],"curies":[{"name":"wp","href":"https:\/\/api.w.org\/{rel}","templated":true}]}}