{"id":17532,"date":"2024-11-14T10:52:50","date_gmt":"2024-11-14T09:52:50","guid":{"rendered":"https:\/\/swissgliders.ch\/?post_type=product&#038;p=17532"},"modified":"2024-11-14T11:20:12","modified_gmt":"2024-11-14T10:20:12","slug":"ozone-standard-glider-rucksack","status":"publish","type":"product","link":"https:\/\/swissgliders.ch\/de\/produkt\/ozone-standard-glider-rucksack\/","title":{"rendered":"Ozone Standard Glider Rucksack"},"content":{"rendered":"<div>\n<h3 class=\"titleH1\">Standard Glider Rucksack<\/h3>\n<p><img loading=\"lazy\" decoding=\"async\" class=\"\" src=\"https:\/\/cdn.sanity.io\/images\/lbhlofgm\/production\/13260372302b92e3d4619e23314de7ab7d5e9370-2000x2441.png\" width=\"316\" height=\"386\" \/><img loading=\"lazy\" decoding=\"async\" class=\"\" src=\"https:\/\/cdn.sanity.io\/images\/lbhlofgm\/production\/4396bb74e979f41906c577f0c7974c3465660735-2000x2441.png\" width=\"316\" height=\"385\" \/><\/p>\n<div class=\"blockRenderer\">\n<p>Der Ozone Rucksack in der Gr\u00f6\u00dfe Large, speziell entwickelt f\u00fcr Wettkampfschirme und Gurtzeuge. Gro\u00dfes Stauvolumen f\u00fcr Schirme mit langen Stangen, viele praktische Taschen und exzellenter Komfort auf dem R\u00fccken mit einem Kompressionssystem, das Schirm und Gurtzeug in Position h\u00e4lt.<\/p>\n<ul>\n<li style=\"list-style-type: none;\">\n<ul>\n<li>Large &#8211; 1760 g &#8211; 175 Liter (Wettkampfsegelflugzeuge)<\/li>\n<\/ul>\n<\/li>\n<\/ul>\n<\/div>\n<\/div>\n<p>&nbsp;<\/p>\n<p>Mehr <a href=\"https:\/\/flyozone.com\/paragliders\/de\/products\/accessories\/standard-glider-rucksack-small\" target=\"_blank\" rel=\"noopener noreferrer\">Infos<\/a><\/p>\n<p>Falls dieser Artikel nicht an Lager ist, wird er f\u00fcr dich bestellt. Lieferfrist auf Anfrage.<\/p>\n","protected":false},"excerpt":{"rendered":"<div>\n<h3 class=\"titleH1\">Standard Glider Rucksack<\/h3>\n<p><img loading=\"lazy\" decoding=\"async\" class=\"\" src=\"https:\/\/cdn.sanity.io\/images\/lbhlofgm\/production\/13260372302b92e3d4619e23314de7ab7d5e9370-2000x2441.png\" width=\"316\" height=\"386\" \/><img loading=\"lazy\" decoding=\"async\" class=\"\" src=\"https:\/\/cdn.sanity.io\/images\/lbhlofgm\/production\/4396bb74e979f41906c577f0c7974c3465660735-2000x2441.png\" width=\"316\" height=\"385\" \/><\/p>\n<div class=\"blockRenderer\">\n<p>Der Ozone Rucksack in der Gr\u00f6\u00dfe Large, speziell entwickelt f\u00fcr Wettkampfschirme und Gurtzeuge. Gro\u00dfes Stauvolumen f\u00fcr Schirme mit langen Stangen, viele praktische Taschen und exzellenter Komfort auf dem R\u00fccken mit einem Kompressionssystem, das Schirm und Gurtzeug in Position h\u00e4lt.<\/p>\n<ul>\n<li style=\"list-style-type: none;\">\n<ul>\n<li>Large &#8211; 1760 g &#8211; 175 Liter (Wettkampfsegelflugzeuge)<\/li>\n<\/ul>\n<\/li>\n<\/ul>\n<\/div>\n<\/div>\n<p>&nbsp;<\/p>\n<p>Mehr <a href=\"https:\/\/flyozone.com\/paragliders\/de\/products\/accessories\/standard-glider-rucksack-small\" target=\"_blank\" rel=\"noopener noreferrer\">Infos<\/a><\/p>\n<p>Falls dieser Artikel nicht an Lager ist, wird er f\u00fcr dich bestellt. Lieferfrist auf Anfrage.<\/p>\n","protected":false},"featured_media":17537,"comment_status":"closed","ping_status":"closed","template":"","meta":[],"product_brand":[],"product_cat":[2072],"product_tag":[2210,90],"class_list":{"0":"post-17532","1":"product","2":"type-product","3":"status-publish","4":"has-post-thumbnail","6":"product_cat-gleitschirm-rucksaecke","7":"product_tag-rucksack","8":"product_tag-verkaufsartikel","9":"product_shipping_class-priority-2kg-de","11":"first","12":"instock","13":"sale","14":"shipping-taxable","15":"purchasable","16":"product-type-simple"},"yoast_head":"<!-- This site is optimized with the Yoast SEO Premium plugin v26.1 (Yoast SEO v27.3) - https:\/\/yoast.com\/product\/yoast-seo-premium-wordpress\/ -->\n<title>Ozone Standard Glider Rucksack | Gleitschirmschule Thun, Bern, Interlaken<\/title>\n<meta name=\"description\" content=\"Der Ozone Standard Glider Rucksack f\u00fcr Gleitschirmflieger. Der Ozone Rucksack in der Gr\u00f6\u00dfe Large, speziell entwickelt f\u00fcr Wettkampfschirme und Gurtzeuge. Gro\u00dfes Stauvolumen f\u00fcr Schirme mit langen Stangen, viele praktische Taschen und exzellenter Komfort auf dem R\u00fccken mit einem Kompressionssystem, das Schirm und Gurtzeug in Position h\u00e4lt.\" \/>\n<meta name=\"robots\" content=\"index, follow, max-snippet:-1, max-image-preview:large, max-video-preview:-1\" \/>\n<link rel=\"canonical\" href=\"https:\/\/swissgliders.ch\/de\/produkt\/ozone-standard-glider-rucksack\/\" \/>\n<meta property=\"og:locale\" content=\"de_DE\" \/>\n<meta property=\"og:type\" content=\"article\" \/>\n<meta property=\"og:title\" content=\"Ozone Standard Glider Rucksack\" \/>\n<meta property=\"og:description\" content=\"Der Ozone Standard Glider Rucksack f\u00fcr Gleitschirmflieger. Der Ozone Rucksack in der Gr\u00f6\u00dfe Large, speziell entwickelt f\u00fcr Wettkampfschirme und Gurtzeuge. Gro\u00dfes Stauvolumen f\u00fcr Schirme mit langen Stangen, viele praktische Taschen und exzellenter Komfort auf dem R\u00fccken mit einem Kompressionssystem, das Schirm und Gurtzeug in Position h\u00e4lt.\" \/>\n<meta property=\"og:url\" content=\"https:\/\/swissgliders.ch\/de\/produkt\/ozone-standard-glider-rucksack\/\" \/>\n<meta property=\"og:site_name\" content=\"Gleitschirmschule Thun, Bern, Interlaken\" \/>\n<meta property=\"article:publisher\" content=\"https:\/\/www.facebook.com\/swissgliders\" \/>\n<meta property=\"article:modified_time\" content=\"2024-11-14T10:20:12+00:00\" \/>\n<meta property=\"og:image\" content=\"https:\/\/swissgliders.ch\/wp-content\/uploads\/2024\/11\/Ozone_Rucksack_Standard-Glider-1-844x1030.png\" \/>\n\t<meta property=\"og:image:width\" content=\"844\" \/>\n\t<meta property=\"og:image:height\" content=\"1030\" \/>\n\t<meta property=\"og:image:type\" content=\"image\/png\" \/>\n<meta name=\"twitter:card\" content=\"summary_large_image\" \/>\n<meta name=\"twitter:site\" content=\"@Swissgliders\" \/>\n<meta name=\"twitter:label1\" content=\"Preis\" \/>\n\t<meta name=\"twitter:data1\" content=\"&#067;&#072;&#070;&nbsp;180.00\" \/>\n\t<meta name=\"twitter:label2\" content=\"Verf\u00fcgbarkeit\" \/>\n\t<meta name=\"twitter:data2\" content=\"Auf Lager\" \/>\n<script type=\"application\/ld+json\" class=\"yoast-schema-graph\">{\"@context\":\"https:\\\/\\\/schema.org\",\"@graph\":[{\"@type\":\"WebPage\",\"@id\":\"https:\\\/\\\/swissgliders.ch\\\/de\\\/produkt\\\/ozone-standard-glider-rucksack\\\/\",\"url\":\"https:\\\/\\\/swissgliders.ch\\\/de\\\/produkt\\\/ozone-standard-glider-rucksack\\\/\",\"name\":\"Ozone Standard Glider Rucksack | Gleitschirmschule Thun, Bern, Interlaken\",\"isPartOf\":{\"@id\":\"https:\\\/\\\/swissgliders.ch\\\/de\\\/#website\"},\"primaryImageOfPage\":{\"@id\":\"https:\\\/\\\/swissgliders.ch\\\/de\\\/produkt\\\/ozone-standard-glider-rucksack\\\/#primaryimage\"},\"image\":{\"@id\":\"https:\\\/\\\/swissgliders.ch\\\/de\\\/produkt\\\/ozone-standard-glider-rucksack\\\/#primaryimage\"},\"thumbnailUrl\":\"https:\\\/\\\/swissgliders.ch\\\/wp-content\\\/uploads\\\/2024\\\/11\\\/Ozone_Rucksack_Standard-Glider-1.png\",\"datePublished\":\"2024-11-14T09:52:50+00:00\",\"dateModified\":\"2024-11-14T10:20:12+00:00\",\"description\":\"Der Ozone Standard Glider Rucksack f\u00fcr Gleitschirmflieger. Der Ozone Rucksack in der Gr\u00f6\u00dfe Large, speziell entwickelt f\u00fcr Wettkampfschirme und Gurtzeuge. Gro\u00dfes Stauvolumen f\u00fcr Schirme mit langen Stangen, viele praktische Taschen und exzellenter Komfort auf dem R\u00fccken mit einem Kompressionssystem, das Schirm und Gurtzeug in Position h\u00e4lt.\",\"breadcrumb\":{\"@id\":\"https:\\\/\\\/swissgliders.ch\\\/de\\\/produkt\\\/ozone-standard-glider-rucksack\\\/#breadcrumb\"},\"inLanguage\":\"de\",\"potentialAction\":[{\"@type\":\"ReadAction\",\"target\":[\"https:\\\/\\\/swissgliders.ch\\\/de\\\/produkt\\\/ozone-standard-glider-rucksack\\\/\"]}]},{\"@type\":\"ImageObject\",\"inLanguage\":\"de\",\"@id\":\"https:\\\/\\\/swissgliders.ch\\\/de\\\/produkt\\\/ozone-standard-glider-rucksack\\\/#primaryimage\",\"url\":\"https:\\\/\\\/swissgliders.ch\\\/wp-content\\\/uploads\\\/2024\\\/11\\\/Ozone_Rucksack_Standard-Glider-1.png\",\"contentUrl\":\"https:\\\/\\\/swissgliders.ch\\\/wp-content\\\/uploads\\\/2024\\\/11\\\/Ozone_Rucksack_Standard-Glider-1.png\",\"width\":2000,\"height\":2441,\"caption\":\"Ozone_Rucksack_Standard Glider-1\"},{\"@type\":\"BreadcrumbList\",\"@id\":\"https:\\\/\\\/swissgliders.ch\\\/de\\\/produkt\\\/ozone-standard-glider-rucksack\\\/#breadcrumb\",\"itemListElement\":[{\"@type\":\"ListItem\",\"position\":1,\"name\":\"Startseite\",\"item\":\"https:\\\/\\\/swissgliders.ch\\\/de\\\/willkommen\\\/\"},{\"@type\":\"ListItem\",\"position\":2,\"name\":\"Gleitschirm Shop\",\"item\":\"https:\\\/\\\/swissgliders.ch\\\/de\\\/gleitschirm-shop\\\/\"},{\"@type\":\"ListItem\",\"position\":3,\"name\":\"Ozone Standard Glider Rucksack\"}]},{\"@type\":\"WebSite\",\"@id\":\"https:\\\/\\\/swissgliders.ch\\\/de\\\/#website\",\"url\":\"https:\\\/\\\/swissgliders.ch\\\/de\\\/\",\"name\":\"Gleitschirmschule Thun, Bern, Interlaken\",\"description\":\"Gleitschirmschule Thun, Bern, Interlaken\",\"publisher\":{\"@id\":\"https:\\\/\\\/swissgliders.ch\\\/de\\\/#organization\"},\"potentialAction\":[{\"@type\":\"SearchAction\",\"target\":{\"@type\":\"EntryPoint\",\"urlTemplate\":\"https:\\\/\\\/swissgliders.ch\\\/de\\\/?s={search_term_string}\"},\"query-input\":{\"@type\":\"PropertyValueSpecification\",\"valueRequired\":true,\"valueName\":\"search_term_string\"}}],\"inLanguage\":\"de\"},{\"@type\":\"Organization\",\"@id\":\"https:\\\/\\\/swissgliders.ch\\\/de\\\/#organization\",\"name\":\"Swissgliders Gleitschirmflugschule Thun\",\"url\":\"https:\\\/\\\/swissgliders.ch\\\/de\\\/\",\"logo\":{\"@type\":\"ImageObject\",\"inLanguage\":\"de\",\"@id\":\"https:\\\/\\\/swissgliders.ch\\\/de\\\/#\\\/schema\\\/logo\\\/image\\\/\",\"url\":\"https:\\\/\\\/swissgliders.ch\\\/wp-content\\\/uploads\\\/2019\\\/12\\\/swissgliders-logo-rgb-square-L-no-ch-01.png\",\"contentUrl\":\"https:\\\/\\\/swissgliders.ch\\\/wp-content\\\/uploads\\\/2019\\\/12\\\/swissgliders-logo-rgb-square-L-no-ch-01.png\",\"width\":2500,\"height\":2500,\"caption\":\"Swissgliders Gleitschirmflugschule Thun\"},\"image\":{\"@id\":\"https:\\\/\\\/swissgliders.ch\\\/de\\\/#\\\/schema\\\/logo\\\/image\\\/\"},\"sameAs\":[\"https:\\\/\\\/www.facebook.com\\\/swissgliders\",\"https:\\\/\\\/x.com\\\/Swissgliders\",\"https:\\\/\\\/www.instagram.com\\\/swissgliders\\\/\",\"https:\\\/\\\/www.youtube.com\\\/channel\\\/UCMCtGdepy9vBhrhX3V_oJOA\"],\"hasMerchantReturnPolicy\":{\"@type\":\"MerchantReturnPolicy\",\"merchantReturnLink\":\"https:\\\/\\\/swissgliders.ch\\\/de\\\/allgemeine-geschaftsbedingungen\\\/\"}}]}<\/script>\n<meta property=\"product:price:amount\" content=\"180.00\" \/>\n<meta property=\"product:price:currency\" content=\"CHF\" \/>\n<meta property=\"og:availability\" content=\"instock\" \/>\n<meta property=\"product:availability\" content=\"instock\" \/>\n<meta property=\"product:condition\" content=\"new\" \/>\n<!-- \/ Yoast SEO Premium plugin. -->","yoast_head_json":{"title":"Ozone Standard Glider Rucksack | Gleitschirmschule Thun, Bern, Interlaken","description":"Der Ozone Standard Glider Rucksack f\u00fcr Gleitschirmflieger. Der Ozone Rucksack in der Gr\u00f6\u00dfe Large, speziell entwickelt f\u00fcr Wettkampfschirme und Gurtzeuge. Gro\u00dfes Stauvolumen f\u00fcr Schirme mit langen Stangen, viele praktische Taschen und exzellenter Komfort auf dem R\u00fccken mit einem Kompressionssystem, das Schirm und Gurtzeug in Position h\u00e4lt.","robots":{"index":"index","follow":"follow","max-snippet":"max-snippet:-1","max-image-preview":"max-image-preview:large","max-video-preview":"max-video-preview:-1"},"canonical":"https:\/\/swissgliders.ch\/de\/produkt\/ozone-standard-glider-rucksack\/","og_locale":"de_DE","og_type":"article","og_title":"Ozone Standard Glider Rucksack","og_description":"Der Ozone Standard Glider Rucksack f\u00fcr Gleitschirmflieger. Der Ozone Rucksack in der Gr\u00f6\u00dfe Large, speziell entwickelt f\u00fcr Wettkampfschirme und Gurtzeuge. Gro\u00dfes Stauvolumen f\u00fcr Schirme mit langen Stangen, viele praktische Taschen und exzellenter Komfort auf dem R\u00fccken mit einem Kompressionssystem, das Schirm und Gurtzeug in Position h\u00e4lt.","og_url":"https:\/\/swissgliders.ch\/de\/produkt\/ozone-standard-glider-rucksack\/","og_site_name":"Gleitschirmschule Thun, Bern, Interlaken","article_publisher":"https:\/\/www.facebook.com\/swissgliders","article_modified_time":"2024-11-14T10:20:12+00:00","og_image":[{"width":844,"height":1030,"url":"https:\/\/swissgliders.ch\/wp-content\/uploads\/2024\/11\/Ozone_Rucksack_Standard-Glider-1-844x1030.png","type":"image\/png"}],"twitter_card":"summary_large_image","twitter_site":"@Swissgliders","twitter_misc":{"Preis":"&#67;&#72;&#70;&nbsp;180.00","Verf\u00fcgbarkeit":"Auf Lager"},"schema":{"@context":"https:\/\/schema.org","@graph":[{"@type":"WebPage","@id":"https:\/\/swissgliders.ch\/de\/produkt\/ozone-standard-glider-rucksack\/","url":"https:\/\/swissgliders.ch\/de\/produkt\/ozone-standard-glider-rucksack\/","name":"Ozone Standard Glider Rucksack | Gleitschirmschule Thun, Bern, Interlaken","isPartOf":{"@id":"https:\/\/swissgliders.ch\/de\/#website"},"primaryImageOfPage":{"@id":"https:\/\/swissgliders.ch\/de\/produkt\/ozone-standard-glider-rucksack\/#primaryimage"},"image":{"@id":"https:\/\/swissgliders.ch\/de\/produkt\/ozone-standard-glider-rucksack\/#primaryimage"},"thumbnailUrl":"https:\/\/swissgliders.ch\/wp-content\/uploads\/2024\/11\/Ozone_Rucksack_Standard-Glider-1.png","datePublished":"2024-11-14T09:52:50+00:00","dateModified":"2024-11-14T10:20:12+00:00","description":"Der Ozone Standard Glider Rucksack f\u00fcr Gleitschirmflieger. Der Ozone Rucksack in der Gr\u00f6\u00dfe Large, speziell entwickelt f\u00fcr Wettkampfschirme und Gurtzeuge. Gro\u00dfes Stauvolumen f\u00fcr Schirme mit langen Stangen, viele praktische Taschen und exzellenter Komfort auf dem R\u00fccken mit einem Kompressionssystem, das Schirm und Gurtzeug in Position h\u00e4lt.","breadcrumb":{"@id":"https:\/\/swissgliders.ch\/de\/produkt\/ozone-standard-glider-rucksack\/#breadcrumb"},"inLanguage":"de","potentialAction":[{"@type":"ReadAction","target":["https:\/\/swissgliders.ch\/de\/produkt\/ozone-standard-glider-rucksack\/"]}]},{"@type":"ImageObject","inLanguage":"de","@id":"https:\/\/swissgliders.ch\/de\/produkt\/ozone-standard-glider-rucksack\/#primaryimage","url":"https:\/\/swissgliders.ch\/wp-content\/uploads\/2024\/11\/Ozone_Rucksack_Standard-Glider-1.png","contentUrl":"https:\/\/swissgliders.ch\/wp-content\/uploads\/2024\/11\/Ozone_Rucksack_Standard-Glider-1.png","width":2000,"height":2441,"caption":"Ozone_Rucksack_Standard Glider-1"},{"@type":"BreadcrumbList","@id":"https:\/\/swissgliders.ch\/de\/produkt\/ozone-standard-glider-rucksack\/#breadcrumb","itemListElement":[{"@type":"ListItem","position":1,"name":"Startseite","item":"https:\/\/swissgliders.ch\/de\/willkommen\/"},{"@type":"ListItem","position":2,"name":"Gleitschirm Shop","item":"https:\/\/swissgliders.ch\/de\/gleitschirm-shop\/"},{"@type":"ListItem","position":3,"name":"Ozone Standard Glider Rucksack"}]},{"@type":"WebSite","@id":"https:\/\/swissgliders.ch\/de\/#website","url":"https:\/\/swissgliders.ch\/de\/","name":"Gleitschirmschule Thun, Bern, Interlaken","description":"Gleitschirmschule Thun, Bern, Interlaken","publisher":{"@id":"https:\/\/swissgliders.ch\/de\/#organization"},"potentialAction":[{"@type":"SearchAction","target":{"@type":"EntryPoint","urlTemplate":"https:\/\/swissgliders.ch\/de\/?s={search_term_string}"},"query-input":{"@type":"PropertyValueSpecification","valueRequired":true,"valueName":"search_term_string"}}],"inLanguage":"de"},{"@type":"Organization","@id":"https:\/\/swissgliders.ch\/de\/#organization","name":"Swissgliders Gleitschirmflugschule Thun","url":"https:\/\/swissgliders.ch\/de\/","logo":{"@type":"ImageObject","inLanguage":"de","@id":"https:\/\/swissgliders.ch\/de\/#\/schema\/logo\/image\/","url":"https:\/\/swissgliders.ch\/wp-content\/uploads\/2019\/12\/swissgliders-logo-rgb-square-L-no-ch-01.png","contentUrl":"https:\/\/swissgliders.ch\/wp-content\/uploads\/2019\/12\/swissgliders-logo-rgb-square-L-no-ch-01.png","width":2500,"height":2500,"caption":"Swissgliders Gleitschirmflugschule Thun"},"image":{"@id":"https:\/\/swissgliders.ch\/de\/#\/schema\/logo\/image\/"},"sameAs":["https:\/\/www.facebook.com\/swissgliders","https:\/\/x.com\/Swissgliders","https:\/\/www.instagram.com\/swissgliders\/","https:\/\/www.youtube.com\/channel\/UCMCtGdepy9vBhrhX3V_oJOA"],"hasMerchantReturnPolicy":{"@type":"MerchantReturnPolicy","merchantReturnLink":"https:\/\/swissgliders.ch\/de\/allgemeine-geschaftsbedingungen\/"}}]},"product_price_amount":"180.00","product_price_currency":"CHF","og_availability":"instock","product_availability":"instock","product_condition":"new"},"_links":{"self":[{"href":"https:\/\/swissgliders.ch\/de\/wp-json\/wp\/v2\/product\/17532","targetHints":{"allow":["GET"]}}],"collection":[{"href":"https:\/\/swissgliders.ch\/de\/wp-json\/wp\/v2\/product"}],"about":[{"href":"https:\/\/swissgliders.ch\/de\/wp-json\/wp\/v2\/types\/product"}],"replies":[{"embeddable":true,"href":"https:\/\/swissgliders.ch\/de\/wp-json\/wp\/v2\/comments?post=17532"}],"wp:featuredmedia":[{"embeddable":true,"href":"https:\/\/swissgliders.ch\/de\/wp-json\/wp\/v2\/media\/17537"}],"wp:attachment":[{"href":"https:\/\/swissgliders.ch\/de\/wp-json\/wp\/v2\/media?parent=17532"}],"wp:term":[{"taxonomy":"product_brand","embeddable":true,"href":"https:\/\/swissgliders.ch\/de\/wp-json\/wp\/v2\/product_brand?post=17532"},{"taxonomy":"product_cat","embeddable":true,"href":"https:\/\/swissgliders.ch\/de\/wp-json\/wp\/v2\/product_cat?post=17532"},{"taxonomy":"product_tag","embeddable":true,"href":"https:\/\/swissgliders.ch\/de\/wp-json\/wp\/v2\/product_tag?post=17532"}],"curies":[{"name":"wp","href":"https:\/\/api.w.org\/{rel}","templated":true}]}}