{"id":17597,"date":"2024-11-16T18:29:41","date_gmt":"2024-11-16T17:29:41","guid":{"rendered":"https:\/\/swissgliders.ch\/?post_type=product&#038;p=17597"},"modified":"2026-04-05T17:12:11","modified_gmt":"2026-04-05T16:12:11","slug":"ozone-light-easy-bag","status":"publish","type":"product","link":"https:\/\/swissgliders.ch\/de\/produkt\/ozone-light-easy-bag\/","title":{"rendered":"Ozone Light Easy Bag"},"content":{"rendered":"<h3 class=\"titleH1\">Light Easy Bag (Stuff Bag)<\/h3>\n<p><img loading=\"lazy\" decoding=\"async\" class=\"\" src=\"https:\/\/cdn.sanity.io\/images\/lbhlofgm\/production\/69061e2c1e30930454b3aca08ef77beec061d179-2000x2441.png\" width=\"394\" height=\"481\" \/><img loading=\"lazy\" decoding=\"async\" class=\"\" src=\"https:\/\/flyozone.com\/_next\/image?url=https%3A%2F%2Fcdn.sanity.io%2Fimages%2Flbhlofgm%2Fproduction%2Fa49362c4343109d1cdc157b63e7cfe78e85ab4aa-2000x2441.png&amp;w=1080&amp;q=75\" alt=\"Images slider\" width=\"394\" height=\"480\" \/><\/p>\n<p>Die neue Ozone Light Easy Bag ist eine leichte Version der Standard Easy Bag. Sie wurde in erster Linie f\u00fcr Motorschirmpiloten entwickelt, ist klein und kompakt und passt problemlos in jede Tasche eines Motorschirmgurtzeugs. Mit einem Gewicht von nur 240 g bzw. 300 g f\u00fcr die Gr\u00f6\u00dfen M und L ist die neue Light Easy Bag eine komfortable L\u00f6sung f\u00fcr lange Streckenfl\u00fcge. Au\u00dferdem minimiert sie das Gep\u00e4ck- und Transportgewicht und reduziert das Gesamtvolumen auf Reisen.<\/p>\n<p>Schnellpacksack inkl. inliegendem Tragegurtebeutel. Den Schirm ganz schnell mit Hilfe dieser praktischen H\u00fclle zusammennehmen, die St\u00e4bchen schonen, den Schirm zu Hause trocknen oder auch gleich wieder auf den Lift oder in den Bus springen. Gr\u00f6sse M passt f\u00fcr Soloschirme bis 22m2, Gr\u00f6sse L f\u00fcr 23-34m2.<\/p>\n<ul>\n<li>Gr\u00f6\u00dfe Medium: (240 g) f\u00fcr kleinere Fl\u00fcgelgr\u00f6\u00dfen: 14 &#8211; 22<\/li>\n<li>Gr\u00f6\u00dfe Large: (300 g) f\u00fcr Fl\u00fcgelgr\u00f6\u00dfen: 23 &#8211; 34<\/li>\n<\/ul>\n<p>&nbsp;<\/p>\n<p>Mehr <a href=\"https:\/\/flyozone.com\/paragliders\/de\/products\/accessories\/light-easy-bag\" target=\"_blank\" rel=\"noopener noreferrer\">Info<\/a><\/p>\n<p>Falls dieser Artikel nicht an Lager ist, wird er f\u00fcr dich bestellt. Lieferfrist auf Anfrage.<\/p>\n","protected":false},"excerpt":{"rendered":"<h3 class=\"titleH1\">Light Easy Bag (Stuff Bag)<\/h3>\n<p><img loading=\"lazy\" decoding=\"async\" class=\"\" src=\"https:\/\/cdn.sanity.io\/images\/lbhlofgm\/production\/69061e2c1e30930454b3aca08ef77beec061d179-2000x2441.png\" width=\"394\" height=\"481\" \/><img loading=\"lazy\" decoding=\"async\" class=\"\" src=\"https:\/\/flyozone.com\/_next\/image?url=https%3A%2F%2Fcdn.sanity.io%2Fimages%2Flbhlofgm%2Fproduction%2Fa49362c4343109d1cdc157b63e7cfe78e85ab4aa-2000x2441.png&amp;w=1080&amp;q=75\" alt=\"Images slider\" width=\"394\" height=\"480\" \/><\/p>\n<p>Die neue Ozone Light Easy Bag ist eine leichte Version der Standard Easy Bag. Sie wurde in erster Linie f\u00fcr Motorschirmpiloten entwickelt, ist klein und kompakt und passt problemlos in jede Tasche eines Motorschirmgurtzeugs. Mit einem Gewicht von nur 240 g bzw. 300 g f\u00fcr die Gr\u00f6\u00dfen M und L ist die neue Light Easy Bag eine komfortable L\u00f6sung f\u00fcr lange Streckenfl\u00fcge. Au\u00dferdem minimiert sie das Gep\u00e4ck- und Transportgewicht und reduziert das Gesamtvolumen auf Reisen.<\/p>\n<p>Schnellpacksack inkl. inliegendem Tragegurtebeutel. Den Schirm ganz schnell mit Hilfe dieser praktischen H\u00fclle zusammennehmen, die St\u00e4bchen schonen, den Schirm zu Hause trocknen oder auch gleich wieder auf den Lift oder in den Bus springen. Gr\u00f6sse M passt f\u00fcr Soloschirme bis 22m2, Gr\u00f6sse L f\u00fcr 23-34m2.<\/p>\n<ul>\n<li>Gr\u00f6\u00dfe Medium: (240 g) f\u00fcr kleinere Fl\u00fcgelgr\u00f6\u00dfen: 14 &#8211; 22<\/li>\n<li>Gr\u00f6\u00dfe Large: (300 g) f\u00fcr Fl\u00fcgelgr\u00f6\u00dfen: 23 &#8211; 34<\/li>\n<\/ul>\n<p>&nbsp;<\/p>\n<p>Mehr <a href=\"https:\/\/flyozone.com\/paragliders\/de\/products\/accessories\/light-easy-bag\" target=\"_blank\" rel=\"noopener noreferrer\">Info<\/a><\/p>\n<p>Falls dieser Artikel nicht an Lager ist, wird er f\u00fcr dich bestellt. Lieferfrist auf Anfrage.<\/p>\n","protected":false},"featured_media":17604,"comment_status":"closed","ping_status":"closed","template":"","meta":[],"product_brand":[],"product_cat":[2076],"product_tag":[2077,90],"class_list":{"0":"post-17597","1":"product","2":"type-product","3":"status-publish","4":"has-post-thumbnail","6":"product_cat-gleitschirm-packsaecke","7":"product_tag-packsack","8":"product_tag-verkaufsartikel","9":"product_shipping_class-priority-2kg-de","11":"first","12":"instock","13":"shipping-taxable","14":"purchasable","15":"product-type-variable"},"yoast_head":"<!-- This site is optimized with the Yoast SEO Premium plugin v26.1 (Yoast SEO v27.3) - https:\/\/yoast.com\/product\/yoast-seo-premium-wordpress\/ -->\n<title>Ozone Light Easy Bag | Gleitschirmschule Thun, Bern, Interlaken<\/title>\n<meta name=\"description\" content=\"Die neue Ozone Light Easy Bag ist eine leichte Version der Standard Easy Bag. Sie wurde in erster Linie f\u00fcr Motorschirmpiloten entwickelt, ist klein und kompakt und passt problemlos in jede Tasche eines Motorschirmgurtzeugs. Mit einem Gewicht von nur 240 g bzw. 300 g f\u00fcr die Gr\u00f6\u00dfen M und L ist die neue Light Easy Bag eine komfortable L\u00f6sung f\u00fcr lange Streckenfl\u00fcge. Au\u00dferdem minimiert sie das Gep\u00e4ck- und Transportgewicht und reduziert das Gesamtvolumen auf Reisen.\" \/>\n<meta name=\"robots\" content=\"index, follow, max-snippet:-1, max-image-preview:large, max-video-preview:-1\" \/>\n<link rel=\"canonical\" href=\"https:\/\/swissgliders.ch\/de\/produkt\/ozone-light-easy-bag\/\" \/>\n<meta property=\"og:locale\" content=\"de_DE\" \/>\n<meta property=\"og:type\" content=\"article\" \/>\n<meta property=\"og:title\" content=\"Ozone Light Easy Bag\" \/>\n<meta property=\"og:description\" content=\"Die neue Ozone Light Easy Bag ist eine leichte Version der Standard Easy Bag. Sie wurde in erster Linie f\u00fcr Motorschirmpiloten entwickelt, ist klein und kompakt und passt problemlos in jede Tasche eines Motorschirmgurtzeugs. Mit einem Gewicht von nur 240 g bzw. 300 g f\u00fcr die Gr\u00f6\u00dfen M und L ist die neue Light Easy Bag eine komfortable L\u00f6sung f\u00fcr lange Streckenfl\u00fcge. Au\u00dferdem minimiert sie das Gep\u00e4ck- und Transportgewicht und reduziert das Gesamtvolumen auf Reisen.\" \/>\n<meta property=\"og:url\" content=\"https:\/\/swissgliders.ch\/de\/produkt\/ozone-light-easy-bag\/\" \/>\n<meta property=\"og:site_name\" content=\"Gleitschirmschule Thun, Bern, Interlaken\" \/>\n<meta property=\"article:publisher\" content=\"https:\/\/www.facebook.com\/swissgliders\" \/>\n<meta property=\"article:modified_time\" content=\"2026-04-05T16:12:11+00:00\" \/>\n<meta property=\"og:image\" content=\"https:\/\/swissgliders.ch\/wp-content\/uploads\/2024\/11\/Ozone_Packsack_Light-Easy-Bag-3.png\" \/>\n\t<meta property=\"og:image:width\" content=\"2000\" \/>\n\t<meta property=\"og:image:height\" content=\"2441\" \/>\n\t<meta property=\"og:image:type\" content=\"image\/png\" \/>\n<meta name=\"twitter:card\" content=\"summary_large_image\" \/>\n<meta name=\"twitter:site\" content=\"@Swissgliders\" \/>\n<meta name=\"twitter:label1\" content=\"Verf\u00fcgbarkeit\" \/>\n\t<meta name=\"twitter:data1\" content=\"Auf Lager\" \/>\n<script type=\"application\/ld+json\" class=\"yoast-schema-graph\">{\"@context\":\"https:\\\/\\\/schema.org\",\"@graph\":[{\"@type\":\"WebPage\",\"@id\":\"https:\\\/\\\/swissgliders.ch\\\/de\\\/produkt\\\/ozone-light-easy-bag\\\/\",\"url\":\"https:\\\/\\\/swissgliders.ch\\\/de\\\/produkt\\\/ozone-light-easy-bag\\\/\",\"name\":\"Ozone Light Easy Bag | Gleitschirmschule Thun, Bern, Interlaken\",\"isPartOf\":{\"@id\":\"https:\\\/\\\/swissgliders.ch\\\/de\\\/#website\"},\"primaryImageOfPage\":{\"@id\":\"https:\\\/\\\/swissgliders.ch\\\/de\\\/produkt\\\/ozone-light-easy-bag\\\/#primaryimage\"},\"image\":{\"@id\":\"https:\\\/\\\/swissgliders.ch\\\/de\\\/produkt\\\/ozone-light-easy-bag\\\/#primaryimage\"},\"thumbnailUrl\":\"https:\\\/\\\/swissgliders.ch\\\/wp-content\\\/uploads\\\/2024\\\/11\\\/Ozone_Packsack_Light-Easy-Bag-3.png\",\"datePublished\":\"2024-11-16T17:29:41+00:00\",\"dateModified\":\"2026-04-05T16:12:11+00:00\",\"description\":\"Die neue Ozone Light Easy Bag ist eine leichte Version der Standard Easy Bag. Sie wurde in erster Linie f\u00fcr Motorschirmpiloten entwickelt, ist klein und kompakt und passt problemlos in jede Tasche eines Motorschirmgurtzeugs. Mit einem Gewicht von nur 240 g bzw. 300 g f\u00fcr die Gr\u00f6\u00dfen M und L ist die neue Light Easy Bag eine komfortable L\u00f6sung f\u00fcr lange Streckenfl\u00fcge. Au\u00dferdem minimiert sie das Gep\u00e4ck- und Transportgewicht und reduziert das Gesamtvolumen auf Reisen.\",\"breadcrumb\":{\"@id\":\"https:\\\/\\\/swissgliders.ch\\\/de\\\/produkt\\\/ozone-light-easy-bag\\\/#breadcrumb\"},\"inLanguage\":\"de\",\"potentialAction\":[{\"@type\":\"ReadAction\",\"target\":[\"https:\\\/\\\/swissgliders.ch\\\/de\\\/produkt\\\/ozone-light-easy-bag\\\/\"]}]},{\"@type\":\"ImageObject\",\"inLanguage\":\"de\",\"@id\":\"https:\\\/\\\/swissgliders.ch\\\/de\\\/produkt\\\/ozone-light-easy-bag\\\/#primaryimage\",\"url\":\"https:\\\/\\\/swissgliders.ch\\\/wp-content\\\/uploads\\\/2024\\\/11\\\/Ozone_Packsack_Light-Easy-Bag-3.png\",\"contentUrl\":\"https:\\\/\\\/swissgliders.ch\\\/wp-content\\\/uploads\\\/2024\\\/11\\\/Ozone_Packsack_Light-Easy-Bag-3.png\",\"width\":2000,\"height\":2441,\"caption\":\"Ozone_Packsack_Light Easy Bag-3\"},{\"@type\":\"BreadcrumbList\",\"@id\":\"https:\\\/\\\/swissgliders.ch\\\/de\\\/produkt\\\/ozone-light-easy-bag\\\/#breadcrumb\",\"itemListElement\":[{\"@type\":\"ListItem\",\"position\":1,\"name\":\"Startseite\",\"item\":\"https:\\\/\\\/swissgliders.ch\\\/de\\\/willkommen\\\/\"},{\"@type\":\"ListItem\",\"position\":2,\"name\":\"Gleitschirm Shop\",\"item\":\"https:\\\/\\\/swissgliders.ch\\\/de\\\/gleitschirm-shop\\\/\"},{\"@type\":\"ListItem\",\"position\":3,\"name\":\"Ozone Light Easy Bag\"}]},{\"@type\":\"WebSite\",\"@id\":\"https:\\\/\\\/swissgliders.ch\\\/de\\\/#website\",\"url\":\"https:\\\/\\\/swissgliders.ch\\\/de\\\/\",\"name\":\"Gleitschirmschule Thun, Bern, Interlaken\",\"description\":\"Gleitschirmschule Thun, Bern, Interlaken\",\"publisher\":{\"@id\":\"https:\\\/\\\/swissgliders.ch\\\/de\\\/#organization\"},\"potentialAction\":[{\"@type\":\"SearchAction\",\"target\":{\"@type\":\"EntryPoint\",\"urlTemplate\":\"https:\\\/\\\/swissgliders.ch\\\/de\\\/?s={search_term_string}\"},\"query-input\":{\"@type\":\"PropertyValueSpecification\",\"valueRequired\":true,\"valueName\":\"search_term_string\"}}],\"inLanguage\":\"de\"},{\"@type\":\"Organization\",\"@id\":\"https:\\\/\\\/swissgliders.ch\\\/de\\\/#organization\",\"name\":\"Swissgliders Gleitschirmflugschule Thun\",\"url\":\"https:\\\/\\\/swissgliders.ch\\\/de\\\/\",\"logo\":{\"@type\":\"ImageObject\",\"inLanguage\":\"de\",\"@id\":\"https:\\\/\\\/swissgliders.ch\\\/de\\\/#\\\/schema\\\/logo\\\/image\\\/\",\"url\":\"https:\\\/\\\/swissgliders.ch\\\/wp-content\\\/uploads\\\/2019\\\/12\\\/swissgliders-logo-rgb-square-L-no-ch-01.png\",\"contentUrl\":\"https:\\\/\\\/swissgliders.ch\\\/wp-content\\\/uploads\\\/2019\\\/12\\\/swissgliders-logo-rgb-square-L-no-ch-01.png\",\"width\":2500,\"height\":2500,\"caption\":\"Swissgliders Gleitschirmflugschule Thun\"},\"image\":{\"@id\":\"https:\\\/\\\/swissgliders.ch\\\/de\\\/#\\\/schema\\\/logo\\\/image\\\/\"},\"sameAs\":[\"https:\\\/\\\/www.facebook.com\\\/swissgliders\",\"https:\\\/\\\/x.com\\\/Swissgliders\",\"https:\\\/\\\/www.instagram.com\\\/swissgliders\\\/\",\"https:\\\/\\\/www.youtube.com\\\/channel\\\/UCMCtGdepy9vBhrhX3V_oJOA\"],\"hasMerchantReturnPolicy\":{\"@type\":\"MerchantReturnPolicy\",\"merchantReturnLink\":\"https:\\\/\\\/swissgliders.ch\\\/de\\\/allgemeine-geschaftsbedingungen\\\/\"}}]}<\/script>\n<meta property=\"og:availability\" content=\"instock\" \/>\n<meta property=\"product:availability\" content=\"instock\" \/>\n<meta property=\"product:condition\" content=\"new\" \/>\n<!-- \/ Yoast SEO Premium plugin. -->","yoast_head_json":{"title":"Ozone Light Easy Bag | Gleitschirmschule Thun, Bern, Interlaken","description":"Die neue Ozone Light Easy Bag ist eine leichte Version der Standard Easy Bag. Sie wurde in erster Linie f\u00fcr Motorschirmpiloten entwickelt, ist klein und kompakt und passt problemlos in jede Tasche eines Motorschirmgurtzeugs. Mit einem Gewicht von nur 240 g bzw. 300 g f\u00fcr die Gr\u00f6\u00dfen M und L ist die neue Light Easy Bag eine komfortable L\u00f6sung f\u00fcr lange Streckenfl\u00fcge. Au\u00dferdem minimiert sie das Gep\u00e4ck- und Transportgewicht und reduziert das Gesamtvolumen auf Reisen.","robots":{"index":"index","follow":"follow","max-snippet":"max-snippet:-1","max-image-preview":"max-image-preview:large","max-video-preview":"max-video-preview:-1"},"canonical":"https:\/\/swissgliders.ch\/de\/produkt\/ozone-light-easy-bag\/","og_locale":"de_DE","og_type":"article","og_title":"Ozone Light Easy Bag","og_description":"Die neue Ozone Light Easy Bag ist eine leichte Version der Standard Easy Bag. Sie wurde in erster Linie f\u00fcr Motorschirmpiloten entwickelt, ist klein und kompakt und passt problemlos in jede Tasche eines Motorschirmgurtzeugs. Mit einem Gewicht von nur 240 g bzw. 300 g f\u00fcr die Gr\u00f6\u00dfen M und L ist die neue Light Easy Bag eine komfortable L\u00f6sung f\u00fcr lange Streckenfl\u00fcge. Au\u00dferdem minimiert sie das Gep\u00e4ck- und Transportgewicht und reduziert das Gesamtvolumen auf Reisen.","og_url":"https:\/\/swissgliders.ch\/de\/produkt\/ozone-light-easy-bag\/","og_site_name":"Gleitschirmschule Thun, Bern, Interlaken","article_publisher":"https:\/\/www.facebook.com\/swissgliders","article_modified_time":"2026-04-05T16:12:11+00:00","og_image":[{"width":2000,"height":2441,"url":"https:\/\/swissgliders.ch\/wp-content\/uploads\/2024\/11\/Ozone_Packsack_Light-Easy-Bag-3.png","type":"image\/png"}],"twitter_card":"summary_large_image","twitter_site":"@Swissgliders","twitter_misc":{"Verf\u00fcgbarkeit":"Auf Lager"},"schema":{"@context":"https:\/\/schema.org","@graph":[{"@type":"WebPage","@id":"https:\/\/swissgliders.ch\/de\/produkt\/ozone-light-easy-bag\/","url":"https:\/\/swissgliders.ch\/de\/produkt\/ozone-light-easy-bag\/","name":"Ozone Light Easy Bag | Gleitschirmschule Thun, Bern, Interlaken","isPartOf":{"@id":"https:\/\/swissgliders.ch\/de\/#website"},"primaryImageOfPage":{"@id":"https:\/\/swissgliders.ch\/de\/produkt\/ozone-light-easy-bag\/#primaryimage"},"image":{"@id":"https:\/\/swissgliders.ch\/de\/produkt\/ozone-light-easy-bag\/#primaryimage"},"thumbnailUrl":"https:\/\/swissgliders.ch\/wp-content\/uploads\/2024\/11\/Ozone_Packsack_Light-Easy-Bag-3.png","datePublished":"2024-11-16T17:29:41+00:00","dateModified":"2026-04-05T16:12:11+00:00","description":"Die neue Ozone Light Easy Bag ist eine leichte Version der Standard Easy Bag. Sie wurde in erster Linie f\u00fcr Motorschirmpiloten entwickelt, ist klein und kompakt und passt problemlos in jede Tasche eines Motorschirmgurtzeugs. Mit einem Gewicht von nur 240 g bzw. 300 g f\u00fcr die Gr\u00f6\u00dfen M und L ist die neue Light Easy Bag eine komfortable L\u00f6sung f\u00fcr lange Streckenfl\u00fcge. Au\u00dferdem minimiert sie das Gep\u00e4ck- und Transportgewicht und reduziert das Gesamtvolumen auf Reisen.","breadcrumb":{"@id":"https:\/\/swissgliders.ch\/de\/produkt\/ozone-light-easy-bag\/#breadcrumb"},"inLanguage":"de","potentialAction":[{"@type":"ReadAction","target":["https:\/\/swissgliders.ch\/de\/produkt\/ozone-light-easy-bag\/"]}]},{"@type":"ImageObject","inLanguage":"de","@id":"https:\/\/swissgliders.ch\/de\/produkt\/ozone-light-easy-bag\/#primaryimage","url":"https:\/\/swissgliders.ch\/wp-content\/uploads\/2024\/11\/Ozone_Packsack_Light-Easy-Bag-3.png","contentUrl":"https:\/\/swissgliders.ch\/wp-content\/uploads\/2024\/11\/Ozone_Packsack_Light-Easy-Bag-3.png","width":2000,"height":2441,"caption":"Ozone_Packsack_Light Easy Bag-3"},{"@type":"BreadcrumbList","@id":"https:\/\/swissgliders.ch\/de\/produkt\/ozone-light-easy-bag\/#breadcrumb","itemListElement":[{"@type":"ListItem","position":1,"name":"Startseite","item":"https:\/\/swissgliders.ch\/de\/willkommen\/"},{"@type":"ListItem","position":2,"name":"Gleitschirm Shop","item":"https:\/\/swissgliders.ch\/de\/gleitschirm-shop\/"},{"@type":"ListItem","position":3,"name":"Ozone Light Easy Bag"}]},{"@type":"WebSite","@id":"https:\/\/swissgliders.ch\/de\/#website","url":"https:\/\/swissgliders.ch\/de\/","name":"Gleitschirmschule Thun, Bern, Interlaken","description":"Gleitschirmschule Thun, Bern, Interlaken","publisher":{"@id":"https:\/\/swissgliders.ch\/de\/#organization"},"potentialAction":[{"@type":"SearchAction","target":{"@type":"EntryPoint","urlTemplate":"https:\/\/swissgliders.ch\/de\/?s={search_term_string}"},"query-input":{"@type":"PropertyValueSpecification","valueRequired":true,"valueName":"search_term_string"}}],"inLanguage":"de"},{"@type":"Organization","@id":"https:\/\/swissgliders.ch\/de\/#organization","name":"Swissgliders Gleitschirmflugschule Thun","url":"https:\/\/swissgliders.ch\/de\/","logo":{"@type":"ImageObject","inLanguage":"de","@id":"https:\/\/swissgliders.ch\/de\/#\/schema\/logo\/image\/","url":"https:\/\/swissgliders.ch\/wp-content\/uploads\/2019\/12\/swissgliders-logo-rgb-square-L-no-ch-01.png","contentUrl":"https:\/\/swissgliders.ch\/wp-content\/uploads\/2019\/12\/swissgliders-logo-rgb-square-L-no-ch-01.png","width":2500,"height":2500,"caption":"Swissgliders Gleitschirmflugschule Thun"},"image":{"@id":"https:\/\/swissgliders.ch\/de\/#\/schema\/logo\/image\/"},"sameAs":["https:\/\/www.facebook.com\/swissgliders","https:\/\/x.com\/Swissgliders","https:\/\/www.instagram.com\/swissgliders\/","https:\/\/www.youtube.com\/channel\/UCMCtGdepy9vBhrhX3V_oJOA"],"hasMerchantReturnPolicy":{"@type":"MerchantReturnPolicy","merchantReturnLink":"https:\/\/swissgliders.ch\/de\/allgemeine-geschaftsbedingungen\/"}}]},"og_availability":"instock","product_availability":"instock","product_condition":"new"},"_links":{"self":[{"href":"https:\/\/swissgliders.ch\/de\/wp-json\/wp\/v2\/product\/17597","targetHints":{"allow":["GET"]}}],"collection":[{"href":"https:\/\/swissgliders.ch\/de\/wp-json\/wp\/v2\/product"}],"about":[{"href":"https:\/\/swissgliders.ch\/de\/wp-json\/wp\/v2\/types\/product"}],"replies":[{"embeddable":true,"href":"https:\/\/swissgliders.ch\/de\/wp-json\/wp\/v2\/comments?post=17597"}],"wp:featuredmedia":[{"embeddable":true,"href":"https:\/\/swissgliders.ch\/de\/wp-json\/wp\/v2\/media\/17604"}],"wp:attachment":[{"href":"https:\/\/swissgliders.ch\/de\/wp-json\/wp\/v2\/media?parent=17597"}],"wp:term":[{"taxonomy":"product_brand","embeddable":true,"href":"https:\/\/swissgliders.ch\/de\/wp-json\/wp\/v2\/product_brand?post=17597"},{"taxonomy":"product_cat","embeddable":true,"href":"https:\/\/swissgliders.ch\/de\/wp-json\/wp\/v2\/product_cat?post=17597"},{"taxonomy":"product_tag","embeddable":true,"href":"https:\/\/swissgliders.ch\/de\/wp-json\/wp\/v2\/product_tag?post=17597"}],"curies":[{"name":"wp","href":"https:\/\/api.w.org\/{rel}","templated":true}]}}