{"id":17743,"date":"2024-11-30T12:09:43","date_gmt":"2024-11-30T11:09:43","guid":{"rendered":"https:\/\/swissgliders.ch\/?post_type=product&#038;p=17743"},"modified":"2025-07-31T14:12:17","modified_gmt":"2025-07-31T13:12:17","slug":"skywalk-guest-passagiergurtzeug","status":"publish","type":"product","link":"https:\/\/swissgliders.ch\/de\/produkt\/skywalk-guest-passagiergurtzeug\/","title":{"rendered":"Skywalk GUEST Passagiergurtzeug"},"content":{"rendered":"<h3 class=\"et_pb_module_header\">GUIDE &amp; GUEST \u2013 Das perfekte Duo<\/h3>\n<p><img loading=\"lazy\" decoding=\"async\" class=\"\" src=\"https:\/\/skywalk.info\/files\/2024\/11\/GUEST-Rendering-01.png\" alt=\"undefined\" width=\"574\" height=\"377\" \/><\/p>\n<div class=\"et_pb_blurb_description\">\n<div>\n<p>Unsere Tandemgurtzeuge GUIDE und GUEST sind speziell auf die hohen Anforderungen professioneller Tandempiloten abgestimmt. Ihr funktionales Design und die durchdachten Features gestalten den Arbeitsalltag einfacher und effizienter. Die strapazierf\u00e4hige Bauweise ist ideal f\u00fcr den intensiven Einsatz abgestimmt und garantiert eine lange Lebensdauer. Ein besonderes Highlight: Der untere Teil der Gurtzeuge kann bei Bedarf unkompliziert ausgetauscht werden, falls nach Jahren intensiver Nutzung erh\u00f6hte Abnutzungsspuren auftreten sollten.<\/p>\n<p>Abgerundet wird das durchdachte Konzept der Gurtzeuge durch das bew\u00e4hrte und innovative PERMAIR System. Dieses bietet bereits w\u00e4hrend der Startphase h\u00f6chsten Schutz und erm\u00f6glicht gleichzeitig ein kompaktes Packma\u00df \u2013 die perfekte Kombination aus Sicherheit, Langlebigkeit und Komfort f\u00fcr jeden Tandemflug. <br class=\"avia-permanent-lb\" \/><br class=\"avia-permanent-lb\" \/><\/p>\n<p><a href=\"https:\/\/skywalk.info\/de\/project\/guide-guest\/\">Mehr Infos<\/a><\/p>\n<p>Wir haben nicht alle Artikel an Lager. Lieferzeit im Normalfalls 1-2 Wochen. Genaue Lieferzeit auf Anfrage.<\/p>\n<\/div>\n<\/div>\n","protected":false},"excerpt":{"rendered":"<h3 class=\"et_pb_module_header\">GUIDE &amp; GUEST \u2013 Das perfekte Duo<\/h3>\n<p><img loading=\"lazy\" decoding=\"async\" class=\"\" src=\"https:\/\/skywalk.info\/files\/2024\/11\/GUEST-Rendering-01.png\" alt=\"undefined\" width=\"574\" height=\"377\" \/><\/p>\n<div class=\"et_pb_blurb_description\">\n<div>\n<p>Unsere Tandemgurtzeuge GUIDE und GUEST sind speziell auf die hohen Anforderungen professioneller Tandempiloten abgestimmt. Ihr funktionales Design und die durchdachten Features gestalten den Arbeitsalltag einfacher und effizienter. Die strapazierf\u00e4hige Bauweise ist ideal f\u00fcr den intensiven Einsatz abgestimmt und garantiert eine lange Lebensdauer. Ein besonderes Highlight: Der untere Teil der Gurtzeuge kann bei Bedarf unkompliziert ausgetauscht werden, falls nach Jahren intensiver Nutzung erh\u00f6hte Abnutzungsspuren auftreten sollten.<\/p>\n<p>Abgerundet wird das durchdachte Konzept der Gurtzeuge durch das bew\u00e4hrte und innovative PERMAIR System. Dieses bietet bereits w\u00e4hrend der Startphase h\u00f6chsten Schutz und erm\u00f6glicht gleichzeitig ein kompaktes Packma\u00df \u2013 die perfekte Kombination aus Sicherheit, Langlebigkeit und Komfort f\u00fcr jeden Tandemflug. <br class=\"avia-permanent-lb\" \/><br class=\"avia-permanent-lb\" \/><\/p>\n<p><a href=\"https:\/\/skywalk.info\/de\/project\/guide-guest\/\">Mehr Infos<\/a><\/p>\n<p>Wir haben nicht alle Artikel an Lager. Lieferzeit im Normalfalls 1-2 Wochen. Genaue Lieferzeit auf Anfrage.<\/p>\n<\/div>\n<\/div>\n","protected":false},"featured_media":17745,"comment_status":"closed","ping_status":"closed","template":"","meta":[],"product_brand":[2595],"product_cat":[937,1293],"product_tag":[1000,2608,90],"class_list":{"0":"post-17743","1":"product","2":"type-product","3":"status-publish","4":"has-post-thumbnail","6":"product_brand-skywalk","7":"product_cat-gleitschirm-sitzgurtzeuge","8":"product_cat-leichte-gleitschirme","9":"product_tag-sitzgurtzeug","10":"product_tag-tandem","11":"product_tag-verkaufsartikel","12":"product_shipping_class-priority-10kg-de","14":"first","15":"instock","16":"sale","17":"shipping-taxable","18":"purchasable","19":"product-type-simple"},"yoast_head":"<!-- This site is optimized with the Yoast SEO Premium plugin v26.1 (Yoast SEO v27.3) - https:\/\/yoast.com\/product\/yoast-seo-premium-wordpress\/ -->\n<title>Skywalk GUEST Passagiergurtzeug | Gleitschirmschule Thun, Bern, Interlaken<\/title>\n<meta name=\"description\" content=\"Das neue Passagiergurtzeug GUEST von Skywalk ist leicht und bequem zugleich. Es ist in zwei Gr\u00f6ssen M und L erh\u00e4ltlich.\" \/>\n<meta name=\"robots\" content=\"index, follow, max-snippet:-1, max-image-preview:large, max-video-preview:-1\" \/>\n<link rel=\"canonical\" href=\"https:\/\/swissgliders.ch\/de\/produkt\/skywalk-guest-passagiergurtzeug\/\" \/>\n<meta property=\"og:locale\" content=\"de_DE\" \/>\n<meta property=\"og:type\" content=\"article\" \/>\n<meta property=\"og:title\" content=\"Skywalk GUEST Passagiergurtzeug\" \/>\n<meta property=\"og:description\" content=\"Das neue Passagiergurtzeug GUEST von Skywalk ist leicht und bequem zugleich. Es ist in zwei Gr\u00f6ssen M und L erh\u00e4ltlich.\" \/>\n<meta property=\"og:url\" content=\"https:\/\/swissgliders.ch\/de\/produkt\/skywalk-guest-passagiergurtzeug\/\" \/>\n<meta property=\"og:site_name\" content=\"Gleitschirmschule Thun, Bern, Interlaken\" \/>\n<meta property=\"article:publisher\" content=\"https:\/\/www.facebook.com\/swissgliders\" \/>\n<meta property=\"article:modified_time\" content=\"2025-07-31T13:12:17+00:00\" \/>\n<meta property=\"og:image\" content=\"https:\/\/swissgliders.ch\/wp-content\/uploads\/2024\/11\/GUEST-Rendering-01.png\" \/>\n\t<meta property=\"og:image:width\" content=\"1500\" \/>\n\t<meta property=\"og:image:height\" content=\"986\" \/>\n\t<meta property=\"og:image:type\" content=\"image\/png\" \/>\n<meta name=\"twitter:card\" content=\"summary_large_image\" \/>\n<meta name=\"twitter:site\" content=\"@Swissgliders\" \/>\n<meta name=\"twitter:label1\" content=\"Preis\" \/>\n\t<meta name=\"twitter:data1\" content=\"&#067;&#072;&#070;&nbsp;765.00\" \/>\n\t<meta name=\"twitter:label2\" content=\"Verf\u00fcgbarkeit\" \/>\n\t<meta name=\"twitter:data2\" content=\"Auf Lager\" \/>\n<script type=\"application\/ld+json\" class=\"yoast-schema-graph\">{\"@context\":\"https:\\\/\\\/schema.org\",\"@graph\":[{\"@type\":\"WebPage\",\"@id\":\"https:\\\/\\\/swissgliders.ch\\\/de\\\/produkt\\\/skywalk-guest-passagiergurtzeug\\\/\",\"url\":\"https:\\\/\\\/swissgliders.ch\\\/de\\\/produkt\\\/skywalk-guest-passagiergurtzeug\\\/\",\"name\":\"Skywalk GUEST Passagiergurtzeug | Gleitschirmschule Thun, Bern, Interlaken\",\"isPartOf\":{\"@id\":\"https:\\\/\\\/swissgliders.ch\\\/de\\\/#website\"},\"primaryImageOfPage\":{\"@id\":\"https:\\\/\\\/swissgliders.ch\\\/de\\\/produkt\\\/skywalk-guest-passagiergurtzeug\\\/#primaryimage\"},\"image\":{\"@id\":\"https:\\\/\\\/swissgliders.ch\\\/de\\\/produkt\\\/skywalk-guest-passagiergurtzeug\\\/#primaryimage\"},\"thumbnailUrl\":\"https:\\\/\\\/swissgliders.ch\\\/wp-content\\\/uploads\\\/2024\\\/11\\\/GUEST-Rendering-01.png\",\"datePublished\":\"2024-11-30T11:09:43+00:00\",\"dateModified\":\"2025-07-31T13:12:17+00:00\",\"description\":\"Das neue Passagiergurtzeug GUEST von Skywalk ist leicht und bequem zugleich. Es ist in zwei Gr\u00f6ssen M und L erh\u00e4ltlich.\",\"breadcrumb\":{\"@id\":\"https:\\\/\\\/swissgliders.ch\\\/de\\\/produkt\\\/skywalk-guest-passagiergurtzeug\\\/#breadcrumb\"},\"inLanguage\":\"de\",\"potentialAction\":[{\"@type\":\"ReadAction\",\"target\":[\"https:\\\/\\\/swissgliders.ch\\\/de\\\/produkt\\\/skywalk-guest-passagiergurtzeug\\\/\"]}]},{\"@type\":\"ImageObject\",\"inLanguage\":\"de\",\"@id\":\"https:\\\/\\\/swissgliders.ch\\\/de\\\/produkt\\\/skywalk-guest-passagiergurtzeug\\\/#primaryimage\",\"url\":\"https:\\\/\\\/swissgliders.ch\\\/wp-content\\\/uploads\\\/2024\\\/11\\\/GUEST-Rendering-01.png\",\"contentUrl\":\"https:\\\/\\\/swissgliders.ch\\\/wp-content\\\/uploads\\\/2024\\\/11\\\/GUEST-Rendering-01.png\",\"width\":1500,\"height\":986,\"caption\":\"skywalk-guest-passagiergurtzeug-1\"},{\"@type\":\"BreadcrumbList\",\"@id\":\"https:\\\/\\\/swissgliders.ch\\\/de\\\/produkt\\\/skywalk-guest-passagiergurtzeug\\\/#breadcrumb\",\"itemListElement\":[{\"@type\":\"ListItem\",\"position\":1,\"name\":\"Startseite\",\"item\":\"https:\\\/\\\/swissgliders.ch\\\/de\\\/willkommen\\\/\"},{\"@type\":\"ListItem\",\"position\":2,\"name\":\"Gleitschirm Shop\",\"item\":\"https:\\\/\\\/swissgliders.ch\\\/de\\\/gleitschirm-shop\\\/\"},{\"@type\":\"ListItem\",\"position\":3,\"name\":\"Skywalk GUEST Passagiergurtzeug\"}]},{\"@type\":\"WebSite\",\"@id\":\"https:\\\/\\\/swissgliders.ch\\\/de\\\/#website\",\"url\":\"https:\\\/\\\/swissgliders.ch\\\/de\\\/\",\"name\":\"Gleitschirmschule Thun, Bern, Interlaken\",\"description\":\"Gleitschirmschule Thun, Bern, Interlaken\",\"publisher\":{\"@id\":\"https:\\\/\\\/swissgliders.ch\\\/de\\\/#organization\"},\"potentialAction\":[{\"@type\":\"SearchAction\",\"target\":{\"@type\":\"EntryPoint\",\"urlTemplate\":\"https:\\\/\\\/swissgliders.ch\\\/de\\\/?s={search_term_string}\"},\"query-input\":{\"@type\":\"PropertyValueSpecification\",\"valueRequired\":true,\"valueName\":\"search_term_string\"}}],\"inLanguage\":\"de\"},{\"@type\":\"Organization\",\"@id\":\"https:\\\/\\\/swissgliders.ch\\\/de\\\/#organization\",\"name\":\"Swissgliders Gleitschirmflugschule Thun\",\"url\":\"https:\\\/\\\/swissgliders.ch\\\/de\\\/\",\"logo\":{\"@type\":\"ImageObject\",\"inLanguage\":\"de\",\"@id\":\"https:\\\/\\\/swissgliders.ch\\\/de\\\/#\\\/schema\\\/logo\\\/image\\\/\",\"url\":\"https:\\\/\\\/swissgliders.ch\\\/wp-content\\\/uploads\\\/2019\\\/12\\\/swissgliders-logo-rgb-square-L-no-ch-01.png\",\"contentUrl\":\"https:\\\/\\\/swissgliders.ch\\\/wp-content\\\/uploads\\\/2019\\\/12\\\/swissgliders-logo-rgb-square-L-no-ch-01.png\",\"width\":2500,\"height\":2500,\"caption\":\"Swissgliders Gleitschirmflugschule Thun\"},\"image\":{\"@id\":\"https:\\\/\\\/swissgliders.ch\\\/de\\\/#\\\/schema\\\/logo\\\/image\\\/\"},\"sameAs\":[\"https:\\\/\\\/www.facebook.com\\\/swissgliders\",\"https:\\\/\\\/x.com\\\/Swissgliders\",\"https:\\\/\\\/www.instagram.com\\\/swissgliders\\\/\",\"https:\\\/\\\/www.youtube.com\\\/channel\\\/UCMCtGdepy9vBhrhX3V_oJOA\"],\"hasMerchantReturnPolicy\":{\"@type\":\"MerchantReturnPolicy\",\"merchantReturnLink\":\"https:\\\/\\\/swissgliders.ch\\\/de\\\/allgemeine-geschaftsbedingungen\\\/\"}}]}<\/script>\n<meta property=\"product:price:amount\" content=\"765.00\" \/>\n<meta property=\"product:price:currency\" content=\"CHF\" \/>\n<meta property=\"og:availability\" content=\"instock\" \/>\n<meta property=\"product:availability\" content=\"instock\" \/>\n<meta property=\"product:condition\" content=\"new\" \/>\n<!-- \/ Yoast SEO Premium plugin. -->","yoast_head_json":{"title":"Skywalk GUEST Passagiergurtzeug | Gleitschirmschule Thun, Bern, Interlaken","description":"Das neue Passagiergurtzeug GUEST von Skywalk ist leicht und bequem zugleich. Es ist in zwei Gr\u00f6ssen M und L erh\u00e4ltlich.","robots":{"index":"index","follow":"follow","max-snippet":"max-snippet:-1","max-image-preview":"max-image-preview:large","max-video-preview":"max-video-preview:-1"},"canonical":"https:\/\/swissgliders.ch\/de\/produkt\/skywalk-guest-passagiergurtzeug\/","og_locale":"de_DE","og_type":"article","og_title":"Skywalk GUEST Passagiergurtzeug","og_description":"Das neue Passagiergurtzeug GUEST von Skywalk ist leicht und bequem zugleich. Es ist in zwei Gr\u00f6ssen M und L erh\u00e4ltlich.","og_url":"https:\/\/swissgliders.ch\/de\/produkt\/skywalk-guest-passagiergurtzeug\/","og_site_name":"Gleitschirmschule Thun, Bern, Interlaken","article_publisher":"https:\/\/www.facebook.com\/swissgliders","article_modified_time":"2025-07-31T13:12:17+00:00","og_image":[{"width":1500,"height":986,"url":"https:\/\/swissgliders.ch\/wp-content\/uploads\/2024\/11\/GUEST-Rendering-01.png","type":"image\/png"}],"twitter_card":"summary_large_image","twitter_site":"@Swissgliders","twitter_misc":{"Preis":"&#67;&#72;&#70;&nbsp;765.00","Verf\u00fcgbarkeit":"Auf Lager"},"schema":{"@context":"https:\/\/schema.org","@graph":[{"@type":"WebPage","@id":"https:\/\/swissgliders.ch\/de\/produkt\/skywalk-guest-passagiergurtzeug\/","url":"https:\/\/swissgliders.ch\/de\/produkt\/skywalk-guest-passagiergurtzeug\/","name":"Skywalk GUEST Passagiergurtzeug | Gleitschirmschule Thun, Bern, Interlaken","isPartOf":{"@id":"https:\/\/swissgliders.ch\/de\/#website"},"primaryImageOfPage":{"@id":"https:\/\/swissgliders.ch\/de\/produkt\/skywalk-guest-passagiergurtzeug\/#primaryimage"},"image":{"@id":"https:\/\/swissgliders.ch\/de\/produkt\/skywalk-guest-passagiergurtzeug\/#primaryimage"},"thumbnailUrl":"https:\/\/swissgliders.ch\/wp-content\/uploads\/2024\/11\/GUEST-Rendering-01.png","datePublished":"2024-11-30T11:09:43+00:00","dateModified":"2025-07-31T13:12:17+00:00","description":"Das neue Passagiergurtzeug GUEST von Skywalk ist leicht und bequem zugleich. Es ist in zwei Gr\u00f6ssen M und L erh\u00e4ltlich.","breadcrumb":{"@id":"https:\/\/swissgliders.ch\/de\/produkt\/skywalk-guest-passagiergurtzeug\/#breadcrumb"},"inLanguage":"de","potentialAction":[{"@type":"ReadAction","target":["https:\/\/swissgliders.ch\/de\/produkt\/skywalk-guest-passagiergurtzeug\/"]}]},{"@type":"ImageObject","inLanguage":"de","@id":"https:\/\/swissgliders.ch\/de\/produkt\/skywalk-guest-passagiergurtzeug\/#primaryimage","url":"https:\/\/swissgliders.ch\/wp-content\/uploads\/2024\/11\/GUEST-Rendering-01.png","contentUrl":"https:\/\/swissgliders.ch\/wp-content\/uploads\/2024\/11\/GUEST-Rendering-01.png","width":1500,"height":986,"caption":"skywalk-guest-passagiergurtzeug-1"},{"@type":"BreadcrumbList","@id":"https:\/\/swissgliders.ch\/de\/produkt\/skywalk-guest-passagiergurtzeug\/#breadcrumb","itemListElement":[{"@type":"ListItem","position":1,"name":"Startseite","item":"https:\/\/swissgliders.ch\/de\/willkommen\/"},{"@type":"ListItem","position":2,"name":"Gleitschirm Shop","item":"https:\/\/swissgliders.ch\/de\/gleitschirm-shop\/"},{"@type":"ListItem","position":3,"name":"Skywalk GUEST Passagiergurtzeug"}]},{"@type":"WebSite","@id":"https:\/\/swissgliders.ch\/de\/#website","url":"https:\/\/swissgliders.ch\/de\/","name":"Gleitschirmschule Thun, Bern, Interlaken","description":"Gleitschirmschule Thun, Bern, Interlaken","publisher":{"@id":"https:\/\/swissgliders.ch\/de\/#organization"},"potentialAction":[{"@type":"SearchAction","target":{"@type":"EntryPoint","urlTemplate":"https:\/\/swissgliders.ch\/de\/?s={search_term_string}"},"query-input":{"@type":"PropertyValueSpecification","valueRequired":true,"valueName":"search_term_string"}}],"inLanguage":"de"},{"@type":"Organization","@id":"https:\/\/swissgliders.ch\/de\/#organization","name":"Swissgliders Gleitschirmflugschule Thun","url":"https:\/\/swissgliders.ch\/de\/","logo":{"@type":"ImageObject","inLanguage":"de","@id":"https:\/\/swissgliders.ch\/de\/#\/schema\/logo\/image\/","url":"https:\/\/swissgliders.ch\/wp-content\/uploads\/2019\/12\/swissgliders-logo-rgb-square-L-no-ch-01.png","contentUrl":"https:\/\/swissgliders.ch\/wp-content\/uploads\/2019\/12\/swissgliders-logo-rgb-square-L-no-ch-01.png","width":2500,"height":2500,"caption":"Swissgliders Gleitschirmflugschule Thun"},"image":{"@id":"https:\/\/swissgliders.ch\/de\/#\/schema\/logo\/image\/"},"sameAs":["https:\/\/www.facebook.com\/swissgliders","https:\/\/x.com\/Swissgliders","https:\/\/www.instagram.com\/swissgliders\/","https:\/\/www.youtube.com\/channel\/UCMCtGdepy9vBhrhX3V_oJOA"],"hasMerchantReturnPolicy":{"@type":"MerchantReturnPolicy","merchantReturnLink":"https:\/\/swissgliders.ch\/de\/allgemeine-geschaftsbedingungen\/"}}]},"product_price_amount":"765.00","product_price_currency":"CHF","og_availability":"instock","product_availability":"instock","product_condition":"new"},"_links":{"self":[{"href":"https:\/\/swissgliders.ch\/de\/wp-json\/wp\/v2\/product\/17743","targetHints":{"allow":["GET"]}}],"collection":[{"href":"https:\/\/swissgliders.ch\/de\/wp-json\/wp\/v2\/product"}],"about":[{"href":"https:\/\/swissgliders.ch\/de\/wp-json\/wp\/v2\/types\/product"}],"replies":[{"embeddable":true,"href":"https:\/\/swissgliders.ch\/de\/wp-json\/wp\/v2\/comments?post=17743"}],"wp:featuredmedia":[{"embeddable":true,"href":"https:\/\/swissgliders.ch\/de\/wp-json\/wp\/v2\/media\/17745"}],"wp:attachment":[{"href":"https:\/\/swissgliders.ch\/de\/wp-json\/wp\/v2\/media?parent=17743"}],"wp:term":[{"taxonomy":"product_brand","embeddable":true,"href":"https:\/\/swissgliders.ch\/de\/wp-json\/wp\/v2\/product_brand?post=17743"},{"taxonomy":"product_cat","embeddable":true,"href":"https:\/\/swissgliders.ch\/de\/wp-json\/wp\/v2\/product_cat?post=17743"},{"taxonomy":"product_tag","embeddable":true,"href":"https:\/\/swissgliders.ch\/de\/wp-json\/wp\/v2\/product_tag?post=17743"}],"curies":[{"name":"wp","href":"https:\/\/api.w.org\/{rel}","templated":true}]}}