{"id":17897,"date":"2024-12-03T11:53:38","date_gmt":"2024-12-03T10:53:38","guid":{"rendered":"https:\/\/swissgliders.ch\/?post_type=product&#038;p=17897"},"modified":"2024-12-03T12:05:32","modified_gmt":"2024-12-03T11:05:32","slug":"skyman-sir-edmund-speed","status":"publish","type":"product","link":"https:\/\/swissgliders.ch\/de\/produkt\/skyman-sir-edmund-speed\/","title":{"rendered":"Skyman Sir Edmund Speed EN 926-1"},"content":{"rendered":"<div>\n<div class=\"\">\n<div class=\"\">\n<div class=\"\">\n<h3>Miniwing mit neuer, wegweisender Single Skin Technologie<\/h3>\n<p><img loading=\"lazy\" decoding=\"async\" class=\"\" src=\"https:\/\/www.skyman.aero\/media\/1920x1080\/k-30024-gs-speed-1vlcsnap-2021-01-19-11h34m48s256_fly-market.jpg\" width=\"662\" height=\"373\" \/><\/p>\n<\/div>\n<\/div>\n<\/div>\n<\/div>\n<p>Der Speed ist unser kleinster, leichtester und schnellster Miniwing. Er ist eine konsequente Weiterentwicklung auf der Technologie des Sir Edmunds. Nat\u00fcrlich mit dem extrem leichten und robusten D10-Tuch.<\/p>\n<p>Durch reduziertes Ballooning, trotz gr\u00f6\u00dferer Zellbreiten, wurden beim Speed nicht nur das Gewicht, sondern auch der Widerstand positiv beeinflusst. Dadurch konnten die enorme Trimmgeschwindigkeit von 44\/45 km\/h und ein exzellentes Penetrieren gegen den Wind erreicht werden.<\/p>\n<p>Wie landet man einen solch schnellen Miniwing? Das ist der besondere Clou beim Speed: Er besitzt ein neuartiges Landing-Boost-System, welches das Landen so einfach macht wie bei einem herk\u00f6mmlichen Gleitschirm. Trotz Miniwing.<\/p>\n<p>Das Landing-Boost-System erh\u00f6ht w\u00e4hrend der Landephase den Anstellwinkel und l\u00e4sst den Schirm in bislang nicht gekanntem Ma\u00df ausflaren.<\/p>\n<p>Dieses System ist eine so au\u00dfergew\u00f6hnliche Verbesserung, dass es auch bei anderen Neuentwicklungen von SKYMAN zum Einsatz kommen wird.<\/p>\n<p>Der SKYMAN Speed wurde mit einem Lasttest nach EN 926-1 gepr\u00fcft.<\/p>\n<p>&nbsp;<\/p>\n<table class=\"technische-daten\">\n<tbody>\n<tr>\n<td><strong>Gr\u00f6\u00dfe<\/strong><\/td>\n<td><strong>15<\/strong><\/td>\n<td><strong>18<\/strong><\/td>\n<\/tr>\n<tr>\n<td><strong>Anzahl Zellen<\/strong><\/td>\n<td>25<\/td>\n<td>25<\/td>\n<\/tr>\n<tr>\n<td><strong>ausgelegte Fl\u00e4che m\u00b2<\/strong><\/td>\n<td>15,0<\/td>\n<td>18,0<\/td>\n<\/tr>\n<tr>\n<td><strong>ausgelegte Spannweite m<\/strong><\/td>\n<td>9,08<\/td>\n<td>9,94<\/td>\n<\/tr>\n<tr>\n<td><strong>ausgelegte Streckung<\/strong><\/td>\n<td>5,50<\/td>\n<td>5,50<\/td>\n<\/tr>\n<tr>\n<td><strong>projizierte Fl\u00e4che m\u00b2<\/strong><\/td>\n<td>12,54<\/td>\n<td>15,05<\/td>\n<\/tr>\n<tr>\n<td><strong>projizierte Spannweite m<\/strong><\/td>\n<td>7,11<\/td>\n<td>7,78<\/td>\n<\/tr>\n<tr>\n<td><strong>projizierte Streckung<\/strong><\/td>\n<td>4,03<\/td>\n<td>4,03<\/td>\n<\/tr>\n<tr>\n<td><strong>Gewicht kg<\/strong><\/td>\n<td>1,2<\/td>\n<td>1,3<\/td>\n<\/tr>\n<tr>\n<td><strong>Zul\u00e4ssiges Startgewicht kg<\/strong><\/td>\n<td>50 \u2013 100 kg<\/td>\n<td>60 \u2013 110 kg<\/td>\n<\/tr>\n<tr>\n<td><strong>Zulassung<\/strong><\/td>\n<td>Lasttest EN 926-1<\/td>\n<td>Lasttest EN 926-1<\/td>\n<\/tr>\n<\/tbody>\n<\/table>\n<p>&nbsp;<\/p>\n<p>Mehr <a href=\"https:\/\/www.skyman.aero\/gleitschirme\/speed\/\" target=\"_blank\" rel=\"noopener\">Infos<\/a><\/p>\n<p>Falls dieser Artikel nicht an Lager ist, wird er f\u00fcr dich bestellt. Lieferfrist auf Anfrage.<\/p>\n","protected":false},"excerpt":{"rendered":"<div>\n<div class=\"\">\n<div class=\"\">\n<div class=\"\">\n<h3>Miniwing mit neuer, wegweisender Single Skin Technologie<\/h3>\n<p><img loading=\"lazy\" decoding=\"async\" class=\"\" src=\"https:\/\/www.skyman.aero\/media\/1920x1080\/k-30024-gs-speed-1vlcsnap-2021-01-19-11h34m48s256_fly-market.jpg\" width=\"662\" height=\"373\" \/><\/p>\n<\/div>\n<\/div>\n<\/div>\n<\/div>\n<p>Der Speed ist unser kleinster, leichtester und schnellster Miniwing. Er ist eine konsequente Weiterentwicklung auf der Technologie des Sir Edmunds. Nat\u00fcrlich mit dem extrem leichten und robusten D10-Tuch.<\/p>\n<p>Durch reduziertes Ballooning, trotz gr\u00f6\u00dferer Zellbreiten, wurden beim Speed nicht nur das Gewicht, sondern auch der Widerstand positiv beeinflusst. Dadurch konnten die enorme Trimmgeschwindigkeit von 44\/45 km\/h und ein exzellentes Penetrieren gegen den Wind erreicht werden.<\/p>\n<p>Wie landet man einen solch schnellen Miniwing? Das ist der besondere Clou beim Speed: Er besitzt ein neuartiges Landing-Boost-System, welches das Landen so einfach macht wie bei einem herk\u00f6mmlichen Gleitschirm. Trotz Miniwing.<\/p>\n<p>Das Landing-Boost-System erh\u00f6ht w\u00e4hrend der Landephase den Anstellwinkel und l\u00e4sst den Schirm in bislang nicht gekanntem Ma\u00df ausflaren.<\/p>\n<p>Dieses System ist eine so au\u00dfergew\u00f6hnliche Verbesserung, dass es auch bei anderen Neuentwicklungen von SKYMAN zum Einsatz kommen wird.<\/p>\n<p>Der SKYMAN Speed wurde mit einem Lasttest nach EN 926-1 gepr\u00fcft.<\/p>\n<p>&nbsp;<\/p>\n<table class=\"technische-daten\">\n<tbody>\n<tr>\n<td><strong>Gr\u00f6\u00dfe<\/strong><\/td>\n<td><strong>15<\/strong><\/td>\n<td><strong>18<\/strong><\/td>\n<\/tr>\n<tr>\n<td><strong>Anzahl Zellen<\/strong><\/td>\n<td>25<\/td>\n<td>25<\/td>\n<\/tr>\n<tr>\n<td><strong>ausgelegte Fl\u00e4che m\u00b2<\/strong><\/td>\n<td>15,0<\/td>\n<td>18,0<\/td>\n<\/tr>\n<tr>\n<td><strong>ausgelegte Spannweite m<\/strong><\/td>\n<td>9,08<\/td>\n<td>9,94<\/td>\n<\/tr>\n<tr>\n<td><strong>ausgelegte Streckung<\/strong><\/td>\n<td>5,50<\/td>\n<td>5,50<\/td>\n<\/tr>\n<tr>\n<td><strong>projizierte Fl\u00e4che m\u00b2<\/strong><\/td>\n<td>12,54<\/td>\n<td>15,05<\/td>\n<\/tr>\n<tr>\n<td><strong>projizierte Spannweite m<\/strong><\/td>\n<td>7,11<\/td>\n<td>7,78<\/td>\n<\/tr>\n<tr>\n<td><strong>projizierte Streckung<\/strong><\/td>\n<td>4,03<\/td>\n<td>4,03<\/td>\n<\/tr>\n<tr>\n<td><strong>Gewicht kg<\/strong><\/td>\n<td>1,2<\/td>\n<td>1,3<\/td>\n<\/tr>\n<tr>\n<td><strong>Zul\u00e4ssiges Startgewicht kg<\/strong><\/td>\n<td>50 \u2013 100 kg<\/td>\n<td>60 \u2013 110 kg<\/td>\n<\/tr>\n<tr>\n<td><strong>Zulassung<\/strong><\/td>\n<td>Lasttest EN 926-1<\/td>\n<td>Lasttest EN 926-1<\/td>\n<\/tr>\n<\/tbody>\n<\/table>\n<p>&nbsp;<\/p>\n<p>Mehr <a href=\"https:\/\/www.skyman.aero\/gleitschirme\/speed\/\" target=\"_blank\" rel=\"noopener\">Infos<\/a><\/p>\n<p>Falls dieser Artikel nicht an Lager ist, wird er f\u00fcr dich bestellt. Lieferfrist auf Anfrage.<\/p>\n","protected":false},"featured_media":17901,"comment_status":"closed","ping_status":"closed","template":"","meta":[],"product_brand":[],"product_cat":[1207,86,1293],"product_tag":[917,1295,1208,90],"class_list":{"0":"post-17897","1":"product","2":"type-product","3":"status-publish","4":"has-post-thumbnail","6":"product_cat-gleitschirm-miniwings","7":"product_cat-gleitschirme","8":"product_cat-leichte-gleitschirme","9":"product_tag-gleitschirm","10":"product_tag-leichtschirm","11":"product_tag-miniwing","12":"product_tag-verkaufsartikel","13":"product_shipping_class-priority-10kg-de","15":"first","16":"instock","17":"sale","18":"shipping-taxable","19":"purchasable","20":"product-type-variable"},"yoast_head":"<!-- This site is optimized with the Yoast SEO Premium plugin v26.1 (Yoast SEO v27.3) - https:\/\/yoast.com\/product\/yoast-seo-premium-wordpress\/ -->\n<title>Skyman Sir Edmund Speed EN 926-1 | Gleitschirmschule Thun, Bern, Interlaken<\/title>\n<meta name=\"description\" content=\"Skyman Sir Edmund Speed EN 926-1 Der Speed ist unser kleinster, leichtester und schnellster Miniwing. Er ist eine konsequente Weiterentwicklung auf der Technologie des Sir Edmunds. Nat\u00fcrlich mit dem extrem leichten und robusten D10-Tuch.Durch reduziertes Ballooning, trotz gr\u00f6\u00dferer Zellbreiten, wurden beim Speed nicht nur das Gewicht, sondern auch der Widerstand positiv beeinflusst. Dadurch konnten die enorme Trimmgeschwindigkeit von 44\/45 km\/h und ein exzellentes Penetrieren gegen den Wind erreicht werden.\" \/>\n<meta name=\"robots\" content=\"index, follow, max-snippet:-1, max-image-preview:large, max-video-preview:-1\" \/>\n<link rel=\"canonical\" href=\"https:\/\/swissgliders.ch\/de\/produkt\/skyman-sir-edmund-speed\/\" \/>\n<meta property=\"og:locale\" content=\"de_DE\" \/>\n<meta property=\"og:type\" content=\"article\" \/>\n<meta property=\"og:title\" content=\"Skyman Sir Edmund Speed EN 926-1\" \/>\n<meta property=\"og:description\" content=\"Skyman Sir Edmund Speed EN 926-1 Der Speed ist unser kleinster, leichtester und schnellster Miniwing. Er ist eine konsequente Weiterentwicklung auf der Technologie des Sir Edmunds. Nat\u00fcrlich mit dem extrem leichten und robusten D10-Tuch.Durch reduziertes Ballooning, trotz gr\u00f6\u00dferer Zellbreiten, wurden beim Speed nicht nur das Gewicht, sondern auch der Widerstand positiv beeinflusst. Dadurch konnten die enorme Trimmgeschwindigkeit von 44\/45 km\/h und ein exzellentes Penetrieren gegen den Wind erreicht werden.\" \/>\n<meta property=\"og:url\" content=\"https:\/\/swissgliders.ch\/de\/produkt\/skyman-sir-edmund-speed\/\" \/>\n<meta property=\"og:site_name\" content=\"Gleitschirmschule Thun, Bern, Interlaken\" \/>\n<meta property=\"article:publisher\" content=\"https:\/\/www.facebook.com\/swissgliders\" \/>\n<meta property=\"article:modified_time\" content=\"2024-12-03T11:05:32+00:00\" \/>\n<meta property=\"og:image\" content=\"https:\/\/swissgliders.ch\/wp-content\/uploads\/2024\/12\/Skyman_Gleitschirm_Sir-Edmund-Speed-1.jpg\" \/>\n\t<meta property=\"og:image:width\" content=\"1920\" \/>\n\t<meta property=\"og:image:height\" content=\"1080\" \/>\n\t<meta property=\"og:image:type\" content=\"image\/jpeg\" \/>\n<meta name=\"twitter:card\" content=\"summary_large_image\" \/>\n<meta name=\"twitter:site\" content=\"@Swissgliders\" \/>\n<meta name=\"twitter:label1\" content=\"Verf\u00fcgbarkeit\" \/>\n\t<meta name=\"twitter:data1\" content=\"Auf Lager\" \/>\n<script type=\"application\/ld+json\" class=\"yoast-schema-graph\">{\"@context\":\"https:\\\/\\\/schema.org\",\"@graph\":[{\"@type\":\"WebPage\",\"@id\":\"https:\\\/\\\/swissgliders.ch\\\/de\\\/produkt\\\/skyman-sir-edmund-speed\\\/\",\"url\":\"https:\\\/\\\/swissgliders.ch\\\/de\\\/produkt\\\/skyman-sir-edmund-speed\\\/\",\"name\":\"Skyman Sir Edmund Speed EN 926-1 | Gleitschirmschule Thun, Bern, Interlaken\",\"isPartOf\":{\"@id\":\"https:\\\/\\\/swissgliders.ch\\\/de\\\/#website\"},\"primaryImageOfPage\":{\"@id\":\"https:\\\/\\\/swissgliders.ch\\\/de\\\/produkt\\\/skyman-sir-edmund-speed\\\/#primaryimage\"},\"image\":{\"@id\":\"https:\\\/\\\/swissgliders.ch\\\/de\\\/produkt\\\/skyman-sir-edmund-speed\\\/#primaryimage\"},\"thumbnailUrl\":\"https:\\\/\\\/swissgliders.ch\\\/wp-content\\\/uploads\\\/2024\\\/12\\\/Skyman_Gleitschirm_Sir-Edmund-Speed-1.jpg\",\"datePublished\":\"2024-12-03T10:53:38+00:00\",\"dateModified\":\"2024-12-03T11:05:32+00:00\",\"description\":\"Skyman Sir Edmund Speed EN 926-1 Der Speed ist unser kleinster, leichtester und schnellster Miniwing. Er ist eine konsequente Weiterentwicklung auf der Technologie des Sir Edmunds. Nat\u00fcrlich mit dem extrem leichten und robusten D10-Tuch.Durch reduziertes Ballooning, trotz gr\u00f6\u00dferer Zellbreiten, wurden beim Speed nicht nur das Gewicht, sondern auch der Widerstand positiv beeinflusst. Dadurch konnten die enorme Trimmgeschwindigkeit von 44\\\/45 km\\\/h und ein exzellentes Penetrieren gegen den Wind erreicht werden.\",\"breadcrumb\":{\"@id\":\"https:\\\/\\\/swissgliders.ch\\\/de\\\/produkt\\\/skyman-sir-edmund-speed\\\/#breadcrumb\"},\"inLanguage\":\"de\",\"potentialAction\":[{\"@type\":\"ReadAction\",\"target\":[\"https:\\\/\\\/swissgliders.ch\\\/de\\\/produkt\\\/skyman-sir-edmund-speed\\\/\"]}]},{\"@type\":\"ImageObject\",\"inLanguage\":\"de\",\"@id\":\"https:\\\/\\\/swissgliders.ch\\\/de\\\/produkt\\\/skyman-sir-edmund-speed\\\/#primaryimage\",\"url\":\"https:\\\/\\\/swissgliders.ch\\\/wp-content\\\/uploads\\\/2024\\\/12\\\/Skyman_Gleitschirm_Sir-Edmund-Speed-1.jpg\",\"contentUrl\":\"https:\\\/\\\/swissgliders.ch\\\/wp-content\\\/uploads\\\/2024\\\/12\\\/Skyman_Gleitschirm_Sir-Edmund-Speed-1.jpg\",\"width\":1920,\"height\":1080,\"caption\":\"Skyman_Gleitschirm_Sir Edmund Speed-1\"},{\"@type\":\"BreadcrumbList\",\"@id\":\"https:\\\/\\\/swissgliders.ch\\\/de\\\/produkt\\\/skyman-sir-edmund-speed\\\/#breadcrumb\",\"itemListElement\":[{\"@type\":\"ListItem\",\"position\":1,\"name\":\"Startseite\",\"item\":\"https:\\\/\\\/swissgliders.ch\\\/de\\\/willkommen\\\/\"},{\"@type\":\"ListItem\",\"position\":2,\"name\":\"Gleitschirm Shop\",\"item\":\"https:\\\/\\\/swissgliders.ch\\\/de\\\/gleitschirm-shop\\\/\"},{\"@type\":\"ListItem\",\"position\":3,\"name\":\"Skyman Sir Edmund Speed EN 926-1\"}]},{\"@type\":\"WebSite\",\"@id\":\"https:\\\/\\\/swissgliders.ch\\\/de\\\/#website\",\"url\":\"https:\\\/\\\/swissgliders.ch\\\/de\\\/\",\"name\":\"Gleitschirmschule Thun, Bern, Interlaken\",\"description\":\"Gleitschirmschule Thun, Bern, Interlaken\",\"publisher\":{\"@id\":\"https:\\\/\\\/swissgliders.ch\\\/de\\\/#organization\"},\"potentialAction\":[{\"@type\":\"SearchAction\",\"target\":{\"@type\":\"EntryPoint\",\"urlTemplate\":\"https:\\\/\\\/swissgliders.ch\\\/de\\\/?s={search_term_string}\"},\"query-input\":{\"@type\":\"PropertyValueSpecification\",\"valueRequired\":true,\"valueName\":\"search_term_string\"}}],\"inLanguage\":\"de\"},{\"@type\":\"Organization\",\"@id\":\"https:\\\/\\\/swissgliders.ch\\\/de\\\/#organization\",\"name\":\"Swissgliders Gleitschirmflugschule Thun\",\"url\":\"https:\\\/\\\/swissgliders.ch\\\/de\\\/\",\"logo\":{\"@type\":\"ImageObject\",\"inLanguage\":\"de\",\"@id\":\"https:\\\/\\\/swissgliders.ch\\\/de\\\/#\\\/schema\\\/logo\\\/image\\\/\",\"url\":\"https:\\\/\\\/swissgliders.ch\\\/wp-content\\\/uploads\\\/2019\\\/12\\\/swissgliders-logo-rgb-square-L-no-ch-01.png\",\"contentUrl\":\"https:\\\/\\\/swissgliders.ch\\\/wp-content\\\/uploads\\\/2019\\\/12\\\/swissgliders-logo-rgb-square-L-no-ch-01.png\",\"width\":2500,\"height\":2500,\"caption\":\"Swissgliders Gleitschirmflugschule Thun\"},\"image\":{\"@id\":\"https:\\\/\\\/swissgliders.ch\\\/de\\\/#\\\/schema\\\/logo\\\/image\\\/\"},\"sameAs\":[\"https:\\\/\\\/www.facebook.com\\\/swissgliders\",\"https:\\\/\\\/x.com\\\/Swissgliders\",\"https:\\\/\\\/www.instagram.com\\\/swissgliders\\\/\",\"https:\\\/\\\/www.youtube.com\\\/channel\\\/UCMCtGdepy9vBhrhX3V_oJOA\"],\"hasMerchantReturnPolicy\":{\"@type\":\"MerchantReturnPolicy\",\"merchantReturnLink\":\"https:\\\/\\\/swissgliders.ch\\\/de\\\/allgemeine-geschaftsbedingungen\\\/\"}}]}<\/script>\n<meta property=\"og:availability\" content=\"instock\" \/>\n<meta property=\"product:availability\" content=\"instock\" \/>\n<meta property=\"product:condition\" content=\"new\" \/>\n<!-- \/ Yoast SEO Premium plugin. -->","yoast_head_json":{"title":"Skyman Sir Edmund Speed EN 926-1 | Gleitschirmschule Thun, Bern, Interlaken","description":"Skyman Sir Edmund Speed EN 926-1 Der Speed ist unser kleinster, leichtester und schnellster Miniwing. Er ist eine konsequente Weiterentwicklung auf der Technologie des Sir Edmunds. Nat\u00fcrlich mit dem extrem leichten und robusten D10-Tuch.Durch reduziertes Ballooning, trotz gr\u00f6\u00dferer Zellbreiten, wurden beim Speed nicht nur das Gewicht, sondern auch der Widerstand positiv beeinflusst. Dadurch konnten die enorme Trimmgeschwindigkeit von 44\/45 km\/h und ein exzellentes Penetrieren gegen den Wind erreicht werden.","robots":{"index":"index","follow":"follow","max-snippet":"max-snippet:-1","max-image-preview":"max-image-preview:large","max-video-preview":"max-video-preview:-1"},"canonical":"https:\/\/swissgliders.ch\/de\/produkt\/skyman-sir-edmund-speed\/","og_locale":"de_DE","og_type":"article","og_title":"Skyman Sir Edmund Speed EN 926-1","og_description":"Skyman Sir Edmund Speed EN 926-1 Der Speed ist unser kleinster, leichtester und schnellster Miniwing. Er ist eine konsequente Weiterentwicklung auf der Technologie des Sir Edmunds. Nat\u00fcrlich mit dem extrem leichten und robusten D10-Tuch.Durch reduziertes Ballooning, trotz gr\u00f6\u00dferer Zellbreiten, wurden beim Speed nicht nur das Gewicht, sondern auch der Widerstand positiv beeinflusst. Dadurch konnten die enorme Trimmgeschwindigkeit von 44\/45 km\/h und ein exzellentes Penetrieren gegen den Wind erreicht werden.","og_url":"https:\/\/swissgliders.ch\/de\/produkt\/skyman-sir-edmund-speed\/","og_site_name":"Gleitschirmschule Thun, Bern, Interlaken","article_publisher":"https:\/\/www.facebook.com\/swissgliders","article_modified_time":"2024-12-03T11:05:32+00:00","og_image":[{"width":1920,"height":1080,"url":"https:\/\/swissgliders.ch\/wp-content\/uploads\/2024\/12\/Skyman_Gleitschirm_Sir-Edmund-Speed-1.jpg","type":"image\/jpeg"}],"twitter_card":"summary_large_image","twitter_site":"@Swissgliders","twitter_misc":{"Verf\u00fcgbarkeit":"Auf Lager"},"schema":{"@context":"https:\/\/schema.org","@graph":[{"@type":"WebPage","@id":"https:\/\/swissgliders.ch\/de\/produkt\/skyman-sir-edmund-speed\/","url":"https:\/\/swissgliders.ch\/de\/produkt\/skyman-sir-edmund-speed\/","name":"Skyman Sir Edmund Speed EN 926-1 | Gleitschirmschule Thun, Bern, Interlaken","isPartOf":{"@id":"https:\/\/swissgliders.ch\/de\/#website"},"primaryImageOfPage":{"@id":"https:\/\/swissgliders.ch\/de\/produkt\/skyman-sir-edmund-speed\/#primaryimage"},"image":{"@id":"https:\/\/swissgliders.ch\/de\/produkt\/skyman-sir-edmund-speed\/#primaryimage"},"thumbnailUrl":"https:\/\/swissgliders.ch\/wp-content\/uploads\/2024\/12\/Skyman_Gleitschirm_Sir-Edmund-Speed-1.jpg","datePublished":"2024-12-03T10:53:38+00:00","dateModified":"2024-12-03T11:05:32+00:00","description":"Skyman Sir Edmund Speed EN 926-1 Der Speed ist unser kleinster, leichtester und schnellster Miniwing. Er ist eine konsequente Weiterentwicklung auf der Technologie des Sir Edmunds. Nat\u00fcrlich mit dem extrem leichten und robusten D10-Tuch.Durch reduziertes Ballooning, trotz gr\u00f6\u00dferer Zellbreiten, wurden beim Speed nicht nur das Gewicht, sondern auch der Widerstand positiv beeinflusst. Dadurch konnten die enorme Trimmgeschwindigkeit von 44\/45 km\/h und ein exzellentes Penetrieren gegen den Wind erreicht werden.","breadcrumb":{"@id":"https:\/\/swissgliders.ch\/de\/produkt\/skyman-sir-edmund-speed\/#breadcrumb"},"inLanguage":"de","potentialAction":[{"@type":"ReadAction","target":["https:\/\/swissgliders.ch\/de\/produkt\/skyman-sir-edmund-speed\/"]}]},{"@type":"ImageObject","inLanguage":"de","@id":"https:\/\/swissgliders.ch\/de\/produkt\/skyman-sir-edmund-speed\/#primaryimage","url":"https:\/\/swissgliders.ch\/wp-content\/uploads\/2024\/12\/Skyman_Gleitschirm_Sir-Edmund-Speed-1.jpg","contentUrl":"https:\/\/swissgliders.ch\/wp-content\/uploads\/2024\/12\/Skyman_Gleitschirm_Sir-Edmund-Speed-1.jpg","width":1920,"height":1080,"caption":"Skyman_Gleitschirm_Sir Edmund Speed-1"},{"@type":"BreadcrumbList","@id":"https:\/\/swissgliders.ch\/de\/produkt\/skyman-sir-edmund-speed\/#breadcrumb","itemListElement":[{"@type":"ListItem","position":1,"name":"Startseite","item":"https:\/\/swissgliders.ch\/de\/willkommen\/"},{"@type":"ListItem","position":2,"name":"Gleitschirm Shop","item":"https:\/\/swissgliders.ch\/de\/gleitschirm-shop\/"},{"@type":"ListItem","position":3,"name":"Skyman Sir Edmund Speed EN 926-1"}]},{"@type":"WebSite","@id":"https:\/\/swissgliders.ch\/de\/#website","url":"https:\/\/swissgliders.ch\/de\/","name":"Gleitschirmschule Thun, Bern, Interlaken","description":"Gleitschirmschule Thun, Bern, Interlaken","publisher":{"@id":"https:\/\/swissgliders.ch\/de\/#organization"},"potentialAction":[{"@type":"SearchAction","target":{"@type":"EntryPoint","urlTemplate":"https:\/\/swissgliders.ch\/de\/?s={search_term_string}"},"query-input":{"@type":"PropertyValueSpecification","valueRequired":true,"valueName":"search_term_string"}}],"inLanguage":"de"},{"@type":"Organization","@id":"https:\/\/swissgliders.ch\/de\/#organization","name":"Swissgliders Gleitschirmflugschule Thun","url":"https:\/\/swissgliders.ch\/de\/","logo":{"@type":"ImageObject","inLanguage":"de","@id":"https:\/\/swissgliders.ch\/de\/#\/schema\/logo\/image\/","url":"https:\/\/swissgliders.ch\/wp-content\/uploads\/2019\/12\/swissgliders-logo-rgb-square-L-no-ch-01.png","contentUrl":"https:\/\/swissgliders.ch\/wp-content\/uploads\/2019\/12\/swissgliders-logo-rgb-square-L-no-ch-01.png","width":2500,"height":2500,"caption":"Swissgliders Gleitschirmflugschule Thun"},"image":{"@id":"https:\/\/swissgliders.ch\/de\/#\/schema\/logo\/image\/"},"sameAs":["https:\/\/www.facebook.com\/swissgliders","https:\/\/x.com\/Swissgliders","https:\/\/www.instagram.com\/swissgliders\/","https:\/\/www.youtube.com\/channel\/UCMCtGdepy9vBhrhX3V_oJOA"],"hasMerchantReturnPolicy":{"@type":"MerchantReturnPolicy","merchantReturnLink":"https:\/\/swissgliders.ch\/de\/allgemeine-geschaftsbedingungen\/"}}]},"og_availability":"instock","product_availability":"instock","product_condition":"new"},"_links":{"self":[{"href":"https:\/\/swissgliders.ch\/de\/wp-json\/wp\/v2\/product\/17897","targetHints":{"allow":["GET"]}}],"collection":[{"href":"https:\/\/swissgliders.ch\/de\/wp-json\/wp\/v2\/product"}],"about":[{"href":"https:\/\/swissgliders.ch\/de\/wp-json\/wp\/v2\/types\/product"}],"replies":[{"embeddable":true,"href":"https:\/\/swissgliders.ch\/de\/wp-json\/wp\/v2\/comments?post=17897"}],"wp:featuredmedia":[{"embeddable":true,"href":"https:\/\/swissgliders.ch\/de\/wp-json\/wp\/v2\/media\/17901"}],"wp:attachment":[{"href":"https:\/\/swissgliders.ch\/de\/wp-json\/wp\/v2\/media?parent=17897"}],"wp:term":[{"taxonomy":"product_brand","embeddable":true,"href":"https:\/\/swissgliders.ch\/de\/wp-json\/wp\/v2\/product_brand?post=17897"},{"taxonomy":"product_cat","embeddable":true,"href":"https:\/\/swissgliders.ch\/de\/wp-json\/wp\/v2\/product_cat?post=17897"},{"taxonomy":"product_tag","embeddable":true,"href":"https:\/\/swissgliders.ch\/de\/wp-json\/wp\/v2\/product_tag?post=17897"}],"curies":[{"name":"wp","href":"https:\/\/api.w.org\/{rel}","templated":true}]}}