{"id":17911,"date":"2024-12-03T12:32:53","date_gmt":"2024-12-03T11:32:53","guid":{"rendered":"https:\/\/swissgliders.ch\/?post_type=product&#038;p=17911"},"modified":"2024-12-03T12:51:29","modified_gmt":"2024-12-03T11:51:29","slug":"skyman-crosscountry-2-en-b","status":"publish","type":"product","link":"https:\/\/swissgliders.ch\/de\/produkt\/skyman-crosscountry-2-en-b\/","title":{"rendered":"Skyman CrossCountry 2 EN-B"},"content":{"rendered":"<div>\n<div id=\"content_especificaciones\">\n<h3>Der starke Intermediate mit au\u00dfergew\u00f6hnlicher Gleitleistung<\/h3>\n<p><img loading=\"lazy\" decoding=\"async\" class=\"\" src=\"https:\/\/www.skyman.aero\/media\/1920x1080\/k-30024-gleitschirm-crosscountry2-vlcsnap-2021-03-25-07h25m44s322_fly-market-markus-gruendhammer_1.jpg\" width=\"609\" height=\"343\" \/><\/p>\n<\/div>\n<\/div>\n<div class=\"\">\n<div class=\"container mt-0 mb-50\">\n<div class=\"txt text-center\">\n<div class=\"row\">\n<div class=\"col-12\">\n<div class=\"zwei-spalten text-start\"><\/div>\n<\/div>\n<\/div>\n<\/div>\n<\/div>\n<div class=\"container\">\n<div class=\"txt text-center mt-50 mb-50\">\n<div class=\"row\">\n<div class=\"col-12\" style=\"text-align: left;\">\n<p>Die v\u00f6llig neue Gestaltung des CrossCountry\u00b2 macht ihn im Vergleich zum Vorg\u00e4nger\u00a0<strong>schneller, leichter, leistungsst\u00e4rker<\/strong>\u00a0und noch\u00a0<strong>sicherer<\/strong>. Erreicht wurde der deutliche Unterschied mit der Weiterentwicklung von\u00a0<strong>Kappe<\/strong>,\u00a0<strong>Leinengeometrie<\/strong>\u00a0und vor allem der\u00a0<strong>Materialien<\/strong>.<\/p>\n<p>Die\u00a0<strong>Shark-Nose Anstr\u00f6mkante<\/strong>\u00a0des CrossCountry\u00b2 besteht aus langlebigem NCV Skytex 32 und Profilen aus NCV Skytex 32 Hard Finish. Diese\u00a0<strong>dehnungsarmen<\/strong>\u00a0<strong>Materialien<\/strong>\u00a0tragen zu einem enorm best\u00e4ndigen Profil der Kappe und somit\u00a0<strong>stabilen<\/strong>\u00a0<strong>Flugeigenschaften<\/strong>\u00a0bei.<\/p>\n<p>So zeigt dieser Schirm in allen Testman\u00f6vern eine\u00a0<strong>enorme<\/strong>\u00a0<strong>Sicherheit<\/strong>. In der Thermik und bei dynamischen Aufwinden ist sein Handling geradezu spielerisch &#8211; ein Charakter, der vielen Piloten sehr viel Freude bereiten wird.<\/p>\n<p>Dank seines Konzepts ist der CrossCountry\u00b2 der perfekte\u00a0<strong>Allround-Fl\u00fcgel<\/strong>\u00a0f\u00fcr Hike &amp; Fly, Streckenfliegen und auch f\u00fcr die Winde.\u00a0<strong>LTF\/EN B<\/strong>.<\/p>\n<\/div>\n<\/div>\n<\/div>\n<\/div>\n<\/div>\n<h4 class=\"lead\">Technische Daten<\/h4>\n<table class=\"technische-daten\">\n<thead>\n<tr>\n<th scope=\"col\"><strong>Gr\u00f6\u00dfe<\/strong><\/th>\n<th scope=\"col\">XS-23<\/th>\n<th scope=\"col\">S-25<\/th>\n<th scope=\"col\">M-27<\/th>\n<th scope=\"col\">L-29<\/th>\n<\/tr>\n<\/thead>\n<tbody>\n<tr>\n<td><strong>Anzahl Zellen<\/strong><\/td>\n<td>61<\/td>\n<td>61<\/td>\n<td>61<\/td>\n<td>61<\/td>\n<\/tr>\n<tr>\n<td><strong>ausgelegte Fl\u00e4che m\u00b2<\/strong><\/td>\n<td>23<\/td>\n<td>25<\/td>\n<td>27<\/td>\n<td>29<\/td>\n<\/tr>\n<tr>\n<td><strong>ausgelegte Spannweite m<\/strong><\/td>\n<td>11,34<\/td>\n<td>11,83<\/td>\n<td>12,29<\/td>\n<td>12,74<\/td>\n<\/tr>\n<tr>\n<td><strong>ausgelegte Streckung<\/strong><\/td>\n<td>5,6<\/td>\n<td>5,6<\/td>\n<td>5,6<\/td>\n<td>5,6<\/td>\n<\/tr>\n<tr>\n<td><strong>projizierte Fl\u00e4che m\u00b2<\/strong><\/td>\n<td>19,27<\/td>\n<td>20,94<\/td>\n<td>22,62<\/td>\n<td>24,30<\/td>\n<\/tr>\n<tr>\n<td><strong>projizierte Spannweite m<\/strong><\/td>\n<td>8,74<\/td>\n<td>9,11<\/td>\n<td>9,47<\/td>\n<td>9,82<\/td>\n<\/tr>\n<tr>\n<td><strong>projizierte Streckung<\/strong><\/td>\n<td>3,96<\/td>\n<td>3,96<\/td>\n<td>3,96<\/td>\n<td>3,96<\/td>\n<\/tr>\n<tr>\n<td><strong>Gewicht kg<\/strong><\/td>\n<td>3,65<\/td>\n<td>3,9<\/td>\n<td>4,1<\/td>\n<td>4,35<\/td>\n<\/tr>\n<tr>\n<td><strong>Zul\u00e4ssiges Startgewicht kg<\/strong><\/td>\n<td>60\u201385<\/td>\n<td>70\u201395<\/td>\n<td>80\u2013105<\/td>\n<td>95\u2013120<\/td>\n<\/tr>\n<tr>\n<td><strong>Zulassung<\/strong><\/td>\n<td>EN\/LTF B<\/td>\n<td>EN\/LTF B<\/td>\n<td>EN\/LTF B<\/td>\n<td>EN\/LTF B<\/td>\n<\/tr>\n<\/tbody>\n<\/table>\n<p>&nbsp;<\/p>\n<p>Mehr <a href=\"https:\/\/www.skyman.aero\/gleitschirme\/crosscountry\/\" target=\"_blank\" rel=\"noopener\">Infos<\/a><\/p>\n<p>Falls dieser Artikel nicht an Lager ist, wird er f\u00fcr dich bestellt. Lieferfrist auf Anfrage.<\/p>\n","protected":false},"excerpt":{"rendered":"<div>\n<div id=\"content_especificaciones\">\n<h3>Der starke Intermediate mit au\u00dfergew\u00f6hnlicher Gleitleistung<\/h3>\n<p><img loading=\"lazy\" decoding=\"async\" class=\"\" src=\"https:\/\/www.skyman.aero\/media\/1920x1080\/k-30024-gleitschirm-crosscountry2-vlcsnap-2021-03-25-07h25m44s322_fly-market-markus-gruendhammer_1.jpg\" width=\"609\" height=\"343\" \/><\/p>\n<\/div>\n<\/div>\n<div class=\"\">\n<div class=\"container mt-0 mb-50\">\n<div class=\"txt text-center\">\n<div class=\"row\">\n<div class=\"col-12\">\n<div class=\"zwei-spalten text-start\"><\/div>\n<\/div>\n<\/div>\n<\/div>\n<\/div>\n<div class=\"container\">\n<div class=\"txt text-center mt-50 mb-50\">\n<div class=\"row\">\n<div class=\"col-12\" style=\"text-align: left;\">\n<p>Die v\u00f6llig neue Gestaltung des CrossCountry\u00b2 macht ihn im Vergleich zum Vorg\u00e4nger\u00a0<strong>schneller, leichter, leistungsst\u00e4rker<\/strong>\u00a0und noch\u00a0<strong>sicherer<\/strong>. Erreicht wurde der deutliche Unterschied mit der Weiterentwicklung von\u00a0<strong>Kappe<\/strong>,\u00a0<strong>Leinengeometrie<\/strong>\u00a0und vor allem der\u00a0<strong>Materialien<\/strong>.<\/p>\n<p>Die\u00a0<strong>Shark-Nose Anstr\u00f6mkante<\/strong>\u00a0des CrossCountry\u00b2 besteht aus langlebigem NCV Skytex 32 und Profilen aus NCV Skytex 32 Hard Finish. Diese\u00a0<strong>dehnungsarmen<\/strong>\u00a0<strong>Materialien<\/strong>\u00a0tragen zu einem enorm best\u00e4ndigen Profil der Kappe und somit\u00a0<strong>stabilen<\/strong>\u00a0<strong>Flugeigenschaften<\/strong>\u00a0bei.<\/p>\n<p>So zeigt dieser Schirm in allen Testman\u00f6vern eine\u00a0<strong>enorme<\/strong>\u00a0<strong>Sicherheit<\/strong>. In der Thermik und bei dynamischen Aufwinden ist sein Handling geradezu spielerisch &#8211; ein Charakter, der vielen Piloten sehr viel Freude bereiten wird.<\/p>\n<p>Dank seines Konzepts ist der CrossCountry\u00b2 der perfekte\u00a0<strong>Allround-Fl\u00fcgel<\/strong>\u00a0f\u00fcr Hike &amp; Fly, Streckenfliegen und auch f\u00fcr die Winde.\u00a0<strong>LTF\/EN B<\/strong>.<\/p>\n<\/div>\n<\/div>\n<\/div>\n<\/div>\n<\/div>\n<h4 class=\"lead\">Technische Daten<\/h4>\n<table class=\"technische-daten\">\n<thead>\n<tr>\n<th scope=\"col\"><strong>Gr\u00f6\u00dfe<\/strong><\/th>\n<th scope=\"col\">XS-23<\/th>\n<th scope=\"col\">S-25<\/th>\n<th scope=\"col\">M-27<\/th>\n<th scope=\"col\">L-29<\/th>\n<\/tr>\n<\/thead>\n<tbody>\n<tr>\n<td><strong>Anzahl Zellen<\/strong><\/td>\n<td>61<\/td>\n<td>61<\/td>\n<td>61<\/td>\n<td>61<\/td>\n<\/tr>\n<tr>\n<td><strong>ausgelegte Fl\u00e4che m\u00b2<\/strong><\/td>\n<td>23<\/td>\n<td>25<\/td>\n<td>27<\/td>\n<td>29<\/td>\n<\/tr>\n<tr>\n<td><strong>ausgelegte Spannweite m<\/strong><\/td>\n<td>11,34<\/td>\n<td>11,83<\/td>\n<td>12,29<\/td>\n<td>12,74<\/td>\n<\/tr>\n<tr>\n<td><strong>ausgelegte Streckung<\/strong><\/td>\n<td>5,6<\/td>\n<td>5,6<\/td>\n<td>5,6<\/td>\n<td>5,6<\/td>\n<\/tr>\n<tr>\n<td><strong>projizierte Fl\u00e4che m\u00b2<\/strong><\/td>\n<td>19,27<\/td>\n<td>20,94<\/td>\n<td>22,62<\/td>\n<td>24,30<\/td>\n<\/tr>\n<tr>\n<td><strong>projizierte Spannweite m<\/strong><\/td>\n<td>8,74<\/td>\n<td>9,11<\/td>\n<td>9,47<\/td>\n<td>9,82<\/td>\n<\/tr>\n<tr>\n<td><strong>projizierte Streckung<\/strong><\/td>\n<td>3,96<\/td>\n<td>3,96<\/td>\n<td>3,96<\/td>\n<td>3,96<\/td>\n<\/tr>\n<tr>\n<td><strong>Gewicht kg<\/strong><\/td>\n<td>3,65<\/td>\n<td>3,9<\/td>\n<td>4,1<\/td>\n<td>4,35<\/td>\n<\/tr>\n<tr>\n<td><strong>Zul\u00e4ssiges Startgewicht kg<\/strong><\/td>\n<td>60\u201385<\/td>\n<td>70\u201395<\/td>\n<td>80\u2013105<\/td>\n<td>95\u2013120<\/td>\n<\/tr>\n<tr>\n<td><strong>Zulassung<\/strong><\/td>\n<td>EN\/LTF B<\/td>\n<td>EN\/LTF B<\/td>\n<td>EN\/LTF B<\/td>\n<td>EN\/LTF B<\/td>\n<\/tr>\n<\/tbody>\n<\/table>\n<p>&nbsp;<\/p>\n<p>Mehr <a href=\"https:\/\/www.skyman.aero\/gleitschirme\/crosscountry\/\" target=\"_blank\" rel=\"noopener\">Infos<\/a><\/p>\n<p>Falls dieser Artikel nicht an Lager ist, wird er f\u00fcr dich bestellt. Lieferfrist auf Anfrage.<\/p>\n","protected":false},"featured_media":17918,"comment_status":"closed","ping_status":"closed","template":"","meta":[],"product_brand":[],"product_cat":[86,1293],"product_tag":[917,1295,90],"class_list":{"0":"post-17911","1":"product","2":"type-product","3":"status-publish","4":"has-post-thumbnail","6":"product_cat-gleitschirme","7":"product_cat-leichte-gleitschirme","8":"product_tag-gleitschirm","9":"product_tag-leichtschirm","10":"product_tag-verkaufsartikel","11":"product_shipping_class-priority-10kg-de","13":"first","14":"instock","15":"sale","16":"shipping-taxable","17":"purchasable","18":"product-type-variable"},"yoast_head":"<!-- This site is optimized with the Yoast SEO Premium plugin v26.1 (Yoast SEO v27.3) - https:\/\/yoast.com\/product\/yoast-seo-premium-wordpress\/ -->\n<title>Skyman CrossCountry 2 EN-B | Gleitschirmschule Thun, Bern, Interlaken<\/title>\n<meta name=\"description\" content=\"Skyman CrossCountry 2 EN-B Der starke Intermediate mit au\u00dfergew\u00f6hnlicher Gleitleistung. Die v\u00f6llig neue Gestaltung des CrossCountry\u00b2 macht ihn im Vergleich zum Vorg\u00e4nger\u00a0schneller, leichter, leistungsst\u00e4rker\u00a0und noch\u00a0sicherer. Erreicht wurde der deutliche Unterschied mit der Weiterentwicklung von\u00a0Kappe,\u00a0Leinengeometrie\u00a0und vor allem der\u00a0Materialien.\" \/>\n<meta name=\"robots\" content=\"index, follow, max-snippet:-1, max-image-preview:large, max-video-preview:-1\" \/>\n<link rel=\"canonical\" href=\"https:\/\/swissgliders.ch\/de\/produkt\/skyman-crosscountry-2-en-b\/\" \/>\n<meta property=\"og:locale\" content=\"de_DE\" \/>\n<meta property=\"og:type\" content=\"article\" \/>\n<meta property=\"og:title\" content=\"Skyman CrossCountry 2 EN-B\" \/>\n<meta property=\"og:description\" content=\"Skyman CrossCountry 2 EN-B Der starke Intermediate mit au\u00dfergew\u00f6hnlicher Gleitleistung. Die v\u00f6llig neue Gestaltung des CrossCountry\u00b2 macht ihn im Vergleich zum Vorg\u00e4nger\u00a0schneller, leichter, leistungsst\u00e4rker\u00a0und noch\u00a0sicherer. Erreicht wurde der deutliche Unterschied mit der Weiterentwicklung von\u00a0Kappe,\u00a0Leinengeometrie\u00a0und vor allem der\u00a0Materialien.\" \/>\n<meta property=\"og:url\" content=\"https:\/\/swissgliders.ch\/de\/produkt\/skyman-crosscountry-2-en-b\/\" \/>\n<meta property=\"og:site_name\" content=\"Gleitschirmschule Thun, Bern, Interlaken\" \/>\n<meta property=\"article:publisher\" content=\"https:\/\/www.facebook.com\/swissgliders\" \/>\n<meta property=\"article:modified_time\" content=\"2024-12-03T11:51:29+00:00\" \/>\n<meta property=\"og:image\" content=\"https:\/\/swissgliders.ch\/wp-content\/uploads\/2024\/12\/Skyman_Gleitschirm_CrossCountry-2-1.jpg\" \/>\n\t<meta property=\"og:image:width\" content=\"1920\" \/>\n\t<meta property=\"og:image:height\" content=\"1080\" \/>\n\t<meta property=\"og:image:type\" content=\"image\/jpeg\" \/>\n<meta name=\"twitter:card\" content=\"summary_large_image\" \/>\n<meta name=\"twitter:site\" content=\"@Swissgliders\" \/>\n<meta name=\"twitter:label1\" content=\"Verf\u00fcgbarkeit\" \/>\n\t<meta name=\"twitter:data1\" content=\"Auf Lager\" \/>\n<script type=\"application\/ld+json\" class=\"yoast-schema-graph\">{\"@context\":\"https:\\\/\\\/schema.org\",\"@graph\":[{\"@type\":\"WebPage\",\"@id\":\"https:\\\/\\\/swissgliders.ch\\\/de\\\/produkt\\\/skyman-crosscountry-2-en-b\\\/\",\"url\":\"https:\\\/\\\/swissgliders.ch\\\/de\\\/produkt\\\/skyman-crosscountry-2-en-b\\\/\",\"name\":\"Skyman CrossCountry 2 EN-B | Gleitschirmschule Thun, Bern, Interlaken\",\"isPartOf\":{\"@id\":\"https:\\\/\\\/swissgliders.ch\\\/de\\\/#website\"},\"primaryImageOfPage\":{\"@id\":\"https:\\\/\\\/swissgliders.ch\\\/de\\\/produkt\\\/skyman-crosscountry-2-en-b\\\/#primaryimage\"},\"image\":{\"@id\":\"https:\\\/\\\/swissgliders.ch\\\/de\\\/produkt\\\/skyman-crosscountry-2-en-b\\\/#primaryimage\"},\"thumbnailUrl\":\"https:\\\/\\\/swissgliders.ch\\\/wp-content\\\/uploads\\\/2024\\\/12\\\/Skyman_Gleitschirm_CrossCountry-2-1.jpg\",\"datePublished\":\"2024-12-03T11:32:53+00:00\",\"dateModified\":\"2024-12-03T11:51:29+00:00\",\"description\":\"Skyman CrossCountry 2 EN-B Der starke Intermediate mit au\u00dfergew\u00f6hnlicher Gleitleistung. Die v\u00f6llig neue Gestaltung des CrossCountry\u00b2 macht ihn im Vergleich zum Vorg\u00e4nger\u00a0schneller, leichter, leistungsst\u00e4rker\u00a0und noch\u00a0sicherer. Erreicht wurde der deutliche Unterschied mit der Weiterentwicklung von\u00a0Kappe,\u00a0Leinengeometrie\u00a0und vor allem der\u00a0Materialien.\",\"breadcrumb\":{\"@id\":\"https:\\\/\\\/swissgliders.ch\\\/de\\\/produkt\\\/skyman-crosscountry-2-en-b\\\/#breadcrumb\"},\"inLanguage\":\"de\",\"potentialAction\":[{\"@type\":\"ReadAction\",\"target\":[\"https:\\\/\\\/swissgliders.ch\\\/de\\\/produkt\\\/skyman-crosscountry-2-en-b\\\/\"]}]},{\"@type\":\"ImageObject\",\"inLanguage\":\"de\",\"@id\":\"https:\\\/\\\/swissgliders.ch\\\/de\\\/produkt\\\/skyman-crosscountry-2-en-b\\\/#primaryimage\",\"url\":\"https:\\\/\\\/swissgliders.ch\\\/wp-content\\\/uploads\\\/2024\\\/12\\\/Skyman_Gleitschirm_CrossCountry-2-1.jpg\",\"contentUrl\":\"https:\\\/\\\/swissgliders.ch\\\/wp-content\\\/uploads\\\/2024\\\/12\\\/Skyman_Gleitschirm_CrossCountry-2-1.jpg\",\"width\":1920,\"height\":1080,\"caption\":\"Skyman_Gleitschirm_CrossCountry 2-1\"},{\"@type\":\"BreadcrumbList\",\"@id\":\"https:\\\/\\\/swissgliders.ch\\\/de\\\/produkt\\\/skyman-crosscountry-2-en-b\\\/#breadcrumb\",\"itemListElement\":[{\"@type\":\"ListItem\",\"position\":1,\"name\":\"Startseite\",\"item\":\"https:\\\/\\\/swissgliders.ch\\\/de\\\/willkommen\\\/\"},{\"@type\":\"ListItem\",\"position\":2,\"name\":\"Gleitschirm Shop\",\"item\":\"https:\\\/\\\/swissgliders.ch\\\/de\\\/gleitschirm-shop\\\/\"},{\"@type\":\"ListItem\",\"position\":3,\"name\":\"Skyman CrossCountry 2 EN-B\"}]},{\"@type\":\"WebSite\",\"@id\":\"https:\\\/\\\/swissgliders.ch\\\/de\\\/#website\",\"url\":\"https:\\\/\\\/swissgliders.ch\\\/de\\\/\",\"name\":\"Gleitschirmschule Thun, Bern, Interlaken\",\"description\":\"Gleitschirmschule Thun, Bern, Interlaken\",\"publisher\":{\"@id\":\"https:\\\/\\\/swissgliders.ch\\\/de\\\/#organization\"},\"potentialAction\":[{\"@type\":\"SearchAction\",\"target\":{\"@type\":\"EntryPoint\",\"urlTemplate\":\"https:\\\/\\\/swissgliders.ch\\\/de\\\/?s={search_term_string}\"},\"query-input\":{\"@type\":\"PropertyValueSpecification\",\"valueRequired\":true,\"valueName\":\"search_term_string\"}}],\"inLanguage\":\"de\"},{\"@type\":\"Organization\",\"@id\":\"https:\\\/\\\/swissgliders.ch\\\/de\\\/#organization\",\"name\":\"Swissgliders Gleitschirmflugschule Thun\",\"url\":\"https:\\\/\\\/swissgliders.ch\\\/de\\\/\",\"logo\":{\"@type\":\"ImageObject\",\"inLanguage\":\"de\",\"@id\":\"https:\\\/\\\/swissgliders.ch\\\/de\\\/#\\\/schema\\\/logo\\\/image\\\/\",\"url\":\"https:\\\/\\\/swissgliders.ch\\\/wp-content\\\/uploads\\\/2019\\\/12\\\/swissgliders-logo-rgb-square-L-no-ch-01.png\",\"contentUrl\":\"https:\\\/\\\/swissgliders.ch\\\/wp-content\\\/uploads\\\/2019\\\/12\\\/swissgliders-logo-rgb-square-L-no-ch-01.png\",\"width\":2500,\"height\":2500,\"caption\":\"Swissgliders Gleitschirmflugschule Thun\"},\"image\":{\"@id\":\"https:\\\/\\\/swissgliders.ch\\\/de\\\/#\\\/schema\\\/logo\\\/image\\\/\"},\"sameAs\":[\"https:\\\/\\\/www.facebook.com\\\/swissgliders\",\"https:\\\/\\\/x.com\\\/Swissgliders\",\"https:\\\/\\\/www.instagram.com\\\/swissgliders\\\/\",\"https:\\\/\\\/www.youtube.com\\\/channel\\\/UCMCtGdepy9vBhrhX3V_oJOA\"],\"hasMerchantReturnPolicy\":{\"@type\":\"MerchantReturnPolicy\",\"merchantReturnLink\":\"https:\\\/\\\/swissgliders.ch\\\/de\\\/allgemeine-geschaftsbedingungen\\\/\"}}]}<\/script>\n<meta property=\"og:availability\" content=\"instock\" \/>\n<meta property=\"product:availability\" content=\"instock\" \/>\n<meta property=\"product:retailer_item_id\" content=\"skyman-crosscountry-2-en-b\" \/>\n<meta property=\"product:condition\" content=\"new\" \/>\n<!-- \/ Yoast SEO Premium plugin. -->","yoast_head_json":{"title":"Skyman CrossCountry 2 EN-B | Gleitschirmschule Thun, Bern, Interlaken","description":"Skyman CrossCountry 2 EN-B Der starke Intermediate mit au\u00dfergew\u00f6hnlicher Gleitleistung. Die v\u00f6llig neue Gestaltung des CrossCountry\u00b2 macht ihn im Vergleich zum Vorg\u00e4nger\u00a0schneller, leichter, leistungsst\u00e4rker\u00a0und noch\u00a0sicherer. Erreicht wurde der deutliche Unterschied mit der Weiterentwicklung von\u00a0Kappe,\u00a0Leinengeometrie\u00a0und vor allem der\u00a0Materialien.","robots":{"index":"index","follow":"follow","max-snippet":"max-snippet:-1","max-image-preview":"max-image-preview:large","max-video-preview":"max-video-preview:-1"},"canonical":"https:\/\/swissgliders.ch\/de\/produkt\/skyman-crosscountry-2-en-b\/","og_locale":"de_DE","og_type":"article","og_title":"Skyman CrossCountry 2 EN-B","og_description":"Skyman CrossCountry 2 EN-B Der starke Intermediate mit au\u00dfergew\u00f6hnlicher Gleitleistung. Die v\u00f6llig neue Gestaltung des CrossCountry\u00b2 macht ihn im Vergleich zum Vorg\u00e4nger\u00a0schneller, leichter, leistungsst\u00e4rker\u00a0und noch\u00a0sicherer. Erreicht wurde der deutliche Unterschied mit der Weiterentwicklung von\u00a0Kappe,\u00a0Leinengeometrie\u00a0und vor allem der\u00a0Materialien.","og_url":"https:\/\/swissgliders.ch\/de\/produkt\/skyman-crosscountry-2-en-b\/","og_site_name":"Gleitschirmschule Thun, Bern, Interlaken","article_publisher":"https:\/\/www.facebook.com\/swissgliders","article_modified_time":"2024-12-03T11:51:29+00:00","og_image":[{"width":1920,"height":1080,"url":"https:\/\/swissgliders.ch\/wp-content\/uploads\/2024\/12\/Skyman_Gleitschirm_CrossCountry-2-1.jpg","type":"image\/jpeg"}],"twitter_card":"summary_large_image","twitter_site":"@Swissgliders","twitter_misc":{"Verf\u00fcgbarkeit":"Auf Lager"},"schema":{"@context":"https:\/\/schema.org","@graph":[{"@type":"WebPage","@id":"https:\/\/swissgliders.ch\/de\/produkt\/skyman-crosscountry-2-en-b\/","url":"https:\/\/swissgliders.ch\/de\/produkt\/skyman-crosscountry-2-en-b\/","name":"Skyman CrossCountry 2 EN-B | Gleitschirmschule Thun, Bern, Interlaken","isPartOf":{"@id":"https:\/\/swissgliders.ch\/de\/#website"},"primaryImageOfPage":{"@id":"https:\/\/swissgliders.ch\/de\/produkt\/skyman-crosscountry-2-en-b\/#primaryimage"},"image":{"@id":"https:\/\/swissgliders.ch\/de\/produkt\/skyman-crosscountry-2-en-b\/#primaryimage"},"thumbnailUrl":"https:\/\/swissgliders.ch\/wp-content\/uploads\/2024\/12\/Skyman_Gleitschirm_CrossCountry-2-1.jpg","datePublished":"2024-12-03T11:32:53+00:00","dateModified":"2024-12-03T11:51:29+00:00","description":"Skyman CrossCountry 2 EN-B Der starke Intermediate mit au\u00dfergew\u00f6hnlicher Gleitleistung. Die v\u00f6llig neue Gestaltung des CrossCountry\u00b2 macht ihn im Vergleich zum Vorg\u00e4nger\u00a0schneller, leichter, leistungsst\u00e4rker\u00a0und noch\u00a0sicherer. Erreicht wurde der deutliche Unterschied mit der Weiterentwicklung von\u00a0Kappe,\u00a0Leinengeometrie\u00a0und vor allem der\u00a0Materialien.","breadcrumb":{"@id":"https:\/\/swissgliders.ch\/de\/produkt\/skyman-crosscountry-2-en-b\/#breadcrumb"},"inLanguage":"de","potentialAction":[{"@type":"ReadAction","target":["https:\/\/swissgliders.ch\/de\/produkt\/skyman-crosscountry-2-en-b\/"]}]},{"@type":"ImageObject","inLanguage":"de","@id":"https:\/\/swissgliders.ch\/de\/produkt\/skyman-crosscountry-2-en-b\/#primaryimage","url":"https:\/\/swissgliders.ch\/wp-content\/uploads\/2024\/12\/Skyman_Gleitschirm_CrossCountry-2-1.jpg","contentUrl":"https:\/\/swissgliders.ch\/wp-content\/uploads\/2024\/12\/Skyman_Gleitschirm_CrossCountry-2-1.jpg","width":1920,"height":1080,"caption":"Skyman_Gleitschirm_CrossCountry 2-1"},{"@type":"BreadcrumbList","@id":"https:\/\/swissgliders.ch\/de\/produkt\/skyman-crosscountry-2-en-b\/#breadcrumb","itemListElement":[{"@type":"ListItem","position":1,"name":"Startseite","item":"https:\/\/swissgliders.ch\/de\/willkommen\/"},{"@type":"ListItem","position":2,"name":"Gleitschirm Shop","item":"https:\/\/swissgliders.ch\/de\/gleitschirm-shop\/"},{"@type":"ListItem","position":3,"name":"Skyman CrossCountry 2 EN-B"}]},{"@type":"WebSite","@id":"https:\/\/swissgliders.ch\/de\/#website","url":"https:\/\/swissgliders.ch\/de\/","name":"Gleitschirmschule Thun, Bern, Interlaken","description":"Gleitschirmschule Thun, Bern, Interlaken","publisher":{"@id":"https:\/\/swissgliders.ch\/de\/#organization"},"potentialAction":[{"@type":"SearchAction","target":{"@type":"EntryPoint","urlTemplate":"https:\/\/swissgliders.ch\/de\/?s={search_term_string}"},"query-input":{"@type":"PropertyValueSpecification","valueRequired":true,"valueName":"search_term_string"}}],"inLanguage":"de"},{"@type":"Organization","@id":"https:\/\/swissgliders.ch\/de\/#organization","name":"Swissgliders Gleitschirmflugschule Thun","url":"https:\/\/swissgliders.ch\/de\/","logo":{"@type":"ImageObject","inLanguage":"de","@id":"https:\/\/swissgliders.ch\/de\/#\/schema\/logo\/image\/","url":"https:\/\/swissgliders.ch\/wp-content\/uploads\/2019\/12\/swissgliders-logo-rgb-square-L-no-ch-01.png","contentUrl":"https:\/\/swissgliders.ch\/wp-content\/uploads\/2019\/12\/swissgliders-logo-rgb-square-L-no-ch-01.png","width":2500,"height":2500,"caption":"Swissgliders Gleitschirmflugschule Thun"},"image":{"@id":"https:\/\/swissgliders.ch\/de\/#\/schema\/logo\/image\/"},"sameAs":["https:\/\/www.facebook.com\/swissgliders","https:\/\/x.com\/Swissgliders","https:\/\/www.instagram.com\/swissgliders\/","https:\/\/www.youtube.com\/channel\/UCMCtGdepy9vBhrhX3V_oJOA"],"hasMerchantReturnPolicy":{"@type":"MerchantReturnPolicy","merchantReturnLink":"https:\/\/swissgliders.ch\/de\/allgemeine-geschaftsbedingungen\/"}}]},"og_availability":"instock","product_availability":"instock","product_retailer_item_id":"skyman-crosscountry-2-en-b","product_condition":"new"},"_links":{"self":[{"href":"https:\/\/swissgliders.ch\/de\/wp-json\/wp\/v2\/product\/17911","targetHints":{"allow":["GET"]}}],"collection":[{"href":"https:\/\/swissgliders.ch\/de\/wp-json\/wp\/v2\/product"}],"about":[{"href":"https:\/\/swissgliders.ch\/de\/wp-json\/wp\/v2\/types\/product"}],"replies":[{"embeddable":true,"href":"https:\/\/swissgliders.ch\/de\/wp-json\/wp\/v2\/comments?post=17911"}],"wp:featuredmedia":[{"embeddable":true,"href":"https:\/\/swissgliders.ch\/de\/wp-json\/wp\/v2\/media\/17918"}],"wp:attachment":[{"href":"https:\/\/swissgliders.ch\/de\/wp-json\/wp\/v2\/media?parent=17911"}],"wp:term":[{"taxonomy":"product_brand","embeddable":true,"href":"https:\/\/swissgliders.ch\/de\/wp-json\/wp\/v2\/product_brand?post=17911"},{"taxonomy":"product_cat","embeddable":true,"href":"https:\/\/swissgliders.ch\/de\/wp-json\/wp\/v2\/product_cat?post=17911"},{"taxonomy":"product_tag","embeddable":true,"href":"https:\/\/swissgliders.ch\/de\/wp-json\/wp\/v2\/product_tag?post=17911"}],"curies":[{"name":"wp","href":"https:\/\/api.w.org\/{rel}","templated":true}]}}