{"id":17976,"date":"2024-12-10T21:13:55","date_gmt":"2024-12-10T20:13:55","guid":{"rendered":"https:\/\/swissgliders.ch\/?post_type=product&#038;p=17976"},"modified":"2025-01-13T20:22:59","modified_gmt":"2025-01-13T19:22:59","slug":"hikeandfly-brettspiel","status":"publish","type":"product","link":"https:\/\/swissgliders.ch\/de\/produkt\/hikeandfly-brettspiel\/","title":{"rendered":"Brettspiel Gleitschirm Hike&#038;Fly Race"},"content":{"rendered":"<p>Mach dich bereit f\u00fcr ein adrenalingeladenes Gleitschirm-Abenteuer! Dieses einzigartige Brettspiel entf\u00fchrt dich in die Berge, auf den Boden und in die Luft. Du wirst ein mutiger Pilot, der versucht, das Ziel so schnell wie m\u00f6glich zu erreichen, fliegend oder zu Fu\u00df.<\/p>\n<p><img decoding=\"async\" id=\"igaleria\" src=\"https:\/\/hikefly.com\/img\/gallery.jpg\" \/><\/p>\n<p>Du folgst den vorgegebenen Routen, indem du die Start-, Ziel- und Wendepunkte an beliebiger Stelle auf der Karte platzierst, die auf verschiedene Weise zusammengesetzt ist. Du kannst die Geschwindigkeit eines Gleitschirms in der Luft oder die sichere Fortbewegung auf dem Boden ausnutzen.<\/p>\n<div class='avia-iframe-wrap'><iframe loading=\"lazy\" title=\"PARAGLIDING HIKE&amp;FLY Race\" width=\"1500\" height=\"844\" src=\"https:\/\/www.youtube.com\/embed\/re8JdpAVWGE?feature=oembed\" frameborder=\"0\" allow=\"accelerometer; autoplay; clipboard-write; encrypted-media; gyroscope; picture-in-picture; web-share\" referrerpolicy=\"strict-origin-when-cross-origin\" allowfullscreen><\/iframe><\/div>\n<p>Die Aufgabe wird schwierig sein, weil das Wetter in den Bergen unerwartet umschlagen kann. Verschiedene Wetterumschw\u00fcnge auf der Strecke zwingen dich, deine Taktik flexibel anzupassen.<\/p>\n<p>Du wirst lernen, die H\u00f6he zu berechnen, die du brauchst, um \u00fcber die Berge zu fliegen, und deine Energie beim Wandern am Boden effizient zu nutzen. Au\u00dferdem musst du lernen, die Portion Gl\u00fcck, die du zu Beginn des Tages bekommen hast, im richtigen Moment zu nutzen.<\/p>\n<p>Lieferfrist 2-3 Tage im Normalfall. Ansonsten kurz nachfragen &#8211; danke.<\/p>\n","protected":false},"excerpt":{"rendered":"<p>Mach dich bereit f\u00fcr ein adrenalingeladenes Gleitschirm-Abenteuer! Dieses einzigartige Brettspiel entf\u00fchrt dich in die Berge, auf den Boden und in die Luft. Du wirst ein mutiger Pilot, der versucht, das Ziel so schnell wie m\u00f6glich zu erreichen, fliegend oder zu Fu\u00df.<\/p>\n<p><img decoding=\"async\" id=\"igaleria\" src=\"https:\/\/hikefly.com\/img\/gallery.jpg\" \/><\/p>\n<p>Du folgst den vorgegebenen Routen, indem du die Start-, Ziel- und Wendepunkte an beliebiger Stelle auf der Karte platzierst, die auf verschiedene Weise zusammengesetzt ist. Du kannst die Geschwindigkeit eines Gleitschirms in der Luft oder die sichere Fortbewegung auf dem Boden ausnutzen.<\/p>\n<p>https:\/\/youtu.be\/re8JdpAVWGE?si=p-jziu8bDkKKZL0V<\/p>\n<p>Die Aufgabe wird schwierig sein, weil das Wetter in den Bergen unerwartet umschlagen kann. Verschiedene Wetterumschw\u00fcnge auf der Strecke zwingen dich, deine Taktik flexibel anzupassen.<\/p>\n<p>Du wirst lernen, die H\u00f6he zu berechnen, die du brauchst, um \u00fcber die Berge zu fliegen, und deine Energie beim Wandern am Boden effizient zu nutzen. Au\u00dferdem musst du lernen, die Portion Gl\u00fcck, die du zu Beginn des Tages bekommen hast, im richtigen Moment zu nutzen.<\/p>\n<p><a href=\"https:\/\/swissgliders.ch\/wp-content\/uploads\/2025\/01\/PARAGLIDING-HIKEFLY-Regelbuch.pdf\" target=\"_blank\" rel=\"noopener\">Download<\/a> Bedienungsanleitung Deutsch<\/p>\n<p>Lieferfrist 2-3 Tage im Normalfall. Ansonsten kurz nachfragen &#8211; danke.<\/p>\n","protected":false},"featured_media":17978,"comment_status":"closed","ping_status":"closed","template":"","meta":[],"product_brand":[],"product_cat":[2123],"product_tag":[],"class_list":{"0":"post-17976","1":"product","2":"type-product","3":"status-publish","4":"has-post-thumbnail","6":"product_cat-gleitschirm-verkaufsartikel","7":"product_shipping_class-priority-2kg-de","9":"first","10":"instock","11":"shipping-taxable","12":"purchasable","13":"product-type-simple"},"yoast_head":"<!-- This site is optimized with the Yoast SEO Premium plugin v26.1 (Yoast SEO v27.3) - https:\/\/yoast.com\/product\/yoast-seo-premium-wordpress\/ -->\n<title>Brettspiel Gleitschirm Hike&amp;Fly Race | Gleitschirmschule Thun, Bern, Interlaken<\/title>\n<meta name=\"description\" content=\"Das ultimative Hike&amp;Fly Brettspiel f\u00fcr regnerische und windige Tage.\" \/>\n<meta name=\"robots\" content=\"index, follow, max-snippet:-1, max-image-preview:large, max-video-preview:-1\" \/>\n<link rel=\"canonical\" href=\"https:\/\/swissgliders.ch\/de\/produkt\/hikeandfly-brettspiel\/\" \/>\n<meta property=\"og:locale\" content=\"de_DE\" \/>\n<meta property=\"og:type\" content=\"article\" \/>\n<meta property=\"og:title\" content=\"Brettspiel Gleitschirm Hike&amp;Fly Race\" \/>\n<meta property=\"og:description\" content=\"Das ultimative Hike&amp;Fly Brettspiel f\u00fcr regnerische und windige Tage.\" \/>\n<meta property=\"og:url\" content=\"https:\/\/swissgliders.ch\/de\/produkt\/hikeandfly-brettspiel\/\" \/>\n<meta property=\"og:site_name\" content=\"Gleitschirmschule Thun, Bern, Interlaken\" \/>\n<meta property=\"article:publisher\" content=\"https:\/\/www.facebook.com\/swissgliders\" \/>\n<meta property=\"article:modified_time\" content=\"2025-01-13T19:22:59+00:00\" \/>\n<meta property=\"og:image\" content=\"https:\/\/swissgliders.ch\/wp-content\/uploads\/2024\/12\/Bild.jpg\" \/>\n\t<meta property=\"og:image:width\" content=\"1200\" \/>\n\t<meta property=\"og:image:height\" content=\"750\" \/>\n\t<meta property=\"og:image:type\" content=\"image\/jpeg\" \/>\n<meta name=\"twitter:card\" content=\"summary_large_image\" \/>\n<meta name=\"twitter:site\" content=\"@Swissgliders\" \/>\n<meta name=\"twitter:label1\" content=\"Preis\" \/>\n\t<meta name=\"twitter:data1\" content=\"&#067;&#072;&#070;&nbsp;66.00\" \/>\n\t<meta name=\"twitter:label2\" content=\"Verf\u00fcgbarkeit\" \/>\n\t<meta name=\"twitter:data2\" content=\"Auf Lager\" \/>\n<script type=\"application\/ld+json\" class=\"yoast-schema-graph\">{\"@context\":\"https:\\\/\\\/schema.org\",\"@graph\":[{\"@type\":\"WebPage\",\"@id\":\"https:\\\/\\\/swissgliders.ch\\\/de\\\/produkt\\\/hikeandfly-brettspiel\\\/\",\"url\":\"https:\\\/\\\/swissgliders.ch\\\/de\\\/produkt\\\/hikeandfly-brettspiel\\\/\",\"name\":\"Brettspiel Gleitschirm Hike&Fly Race | Gleitschirmschule Thun, Bern, Interlaken\",\"isPartOf\":{\"@id\":\"https:\\\/\\\/swissgliders.ch\\\/de\\\/#website\"},\"primaryImageOfPage\":{\"@id\":\"https:\\\/\\\/swissgliders.ch\\\/de\\\/produkt\\\/hikeandfly-brettspiel\\\/#primaryimage\"},\"image\":{\"@id\":\"https:\\\/\\\/swissgliders.ch\\\/de\\\/produkt\\\/hikeandfly-brettspiel\\\/#primaryimage\"},\"thumbnailUrl\":\"https:\\\/\\\/swissgliders.ch\\\/wp-content\\\/uploads\\\/2024\\\/12\\\/Bild.jpg\",\"datePublished\":\"2024-12-10T20:13:55+00:00\",\"dateModified\":\"2025-01-13T19:22:59+00:00\",\"description\":\"Das ultimative Hike&Fly Brettspiel f\u00fcr regnerische und windige Tage.\",\"breadcrumb\":{\"@id\":\"https:\\\/\\\/swissgliders.ch\\\/de\\\/produkt\\\/hikeandfly-brettspiel\\\/#breadcrumb\"},\"inLanguage\":\"de\",\"potentialAction\":[{\"@type\":\"ReadAction\",\"target\":[\"https:\\\/\\\/swissgliders.ch\\\/de\\\/produkt\\\/hikeandfly-brettspiel\\\/\"]}]},{\"@type\":\"ImageObject\",\"inLanguage\":\"de\",\"@id\":\"https:\\\/\\\/swissgliders.ch\\\/de\\\/produkt\\\/hikeandfly-brettspiel\\\/#primaryimage\",\"url\":\"https:\\\/\\\/swissgliders.ch\\\/wp-content\\\/uploads\\\/2024\\\/12\\\/Bild.jpg\",\"contentUrl\":\"https:\\\/\\\/swissgliders.ch\\\/wp-content\\\/uploads\\\/2024\\\/12\\\/Bild.jpg\",\"width\":1200,\"height\":750,\"caption\":\"hike-and-fly-boardgame-3\"},{\"@type\":\"BreadcrumbList\",\"@id\":\"https:\\\/\\\/swissgliders.ch\\\/de\\\/produkt\\\/hikeandfly-brettspiel\\\/#breadcrumb\",\"itemListElement\":[{\"@type\":\"ListItem\",\"position\":1,\"name\":\"Startseite\",\"item\":\"https:\\\/\\\/swissgliders.ch\\\/de\\\/willkommen\\\/\"},{\"@type\":\"ListItem\",\"position\":2,\"name\":\"Gleitschirm Shop\",\"item\":\"https:\\\/\\\/swissgliders.ch\\\/de\\\/gleitschirm-shop\\\/\"},{\"@type\":\"ListItem\",\"position\":3,\"name\":\"Brettspiel Gleitschirm Hike&#038;Fly Race\"}]},{\"@type\":\"WebSite\",\"@id\":\"https:\\\/\\\/swissgliders.ch\\\/de\\\/#website\",\"url\":\"https:\\\/\\\/swissgliders.ch\\\/de\\\/\",\"name\":\"Gleitschirmschule Thun, Bern, Interlaken\",\"description\":\"Gleitschirmschule Thun, Bern, Interlaken\",\"publisher\":{\"@id\":\"https:\\\/\\\/swissgliders.ch\\\/de\\\/#organization\"},\"potentialAction\":[{\"@type\":\"SearchAction\",\"target\":{\"@type\":\"EntryPoint\",\"urlTemplate\":\"https:\\\/\\\/swissgliders.ch\\\/de\\\/?s={search_term_string}\"},\"query-input\":{\"@type\":\"PropertyValueSpecification\",\"valueRequired\":true,\"valueName\":\"search_term_string\"}}],\"inLanguage\":\"de\"},{\"@type\":\"Organization\",\"@id\":\"https:\\\/\\\/swissgliders.ch\\\/de\\\/#organization\",\"name\":\"Swissgliders Gleitschirmflugschule Thun\",\"url\":\"https:\\\/\\\/swissgliders.ch\\\/de\\\/\",\"logo\":{\"@type\":\"ImageObject\",\"inLanguage\":\"de\",\"@id\":\"https:\\\/\\\/swissgliders.ch\\\/de\\\/#\\\/schema\\\/logo\\\/image\\\/\",\"url\":\"https:\\\/\\\/swissgliders.ch\\\/wp-content\\\/uploads\\\/2019\\\/12\\\/swissgliders-logo-rgb-square-L-no-ch-01.png\",\"contentUrl\":\"https:\\\/\\\/swissgliders.ch\\\/wp-content\\\/uploads\\\/2019\\\/12\\\/swissgliders-logo-rgb-square-L-no-ch-01.png\",\"width\":2500,\"height\":2500,\"caption\":\"Swissgliders Gleitschirmflugschule Thun\"},\"image\":{\"@id\":\"https:\\\/\\\/swissgliders.ch\\\/de\\\/#\\\/schema\\\/logo\\\/image\\\/\"},\"sameAs\":[\"https:\\\/\\\/www.facebook.com\\\/swissgliders\",\"https:\\\/\\\/x.com\\\/Swissgliders\",\"https:\\\/\\\/www.instagram.com\\\/swissgliders\\\/\",\"https:\\\/\\\/www.youtube.com\\\/channel\\\/UCMCtGdepy9vBhrhX3V_oJOA\"],\"hasMerchantReturnPolicy\":{\"@type\":\"MerchantReturnPolicy\",\"merchantReturnLink\":\"https:\\\/\\\/swissgliders.ch\\\/de\\\/allgemeine-geschaftsbedingungen\\\/\"}}]}<\/script>\n<meta property=\"product:price:amount\" content=\"66.00\" \/>\n<meta property=\"product:price:currency\" content=\"CHF\" \/>\n<meta property=\"og:availability\" content=\"instock\" \/>\n<meta property=\"product:availability\" content=\"instock\" \/>\n<meta property=\"product:condition\" content=\"new\" \/>\n<!-- \/ Yoast SEO Premium plugin. -->","yoast_head_json":{"title":"Brettspiel Gleitschirm Hike&Fly Race | Gleitschirmschule Thun, Bern, Interlaken","description":"Das ultimative Hike&Fly Brettspiel f\u00fcr regnerische und windige Tage.","robots":{"index":"index","follow":"follow","max-snippet":"max-snippet:-1","max-image-preview":"max-image-preview:large","max-video-preview":"max-video-preview:-1"},"canonical":"https:\/\/swissgliders.ch\/de\/produkt\/hikeandfly-brettspiel\/","og_locale":"de_DE","og_type":"article","og_title":"Brettspiel Gleitschirm Hike&Fly Race","og_description":"Das ultimative Hike&Fly Brettspiel f\u00fcr regnerische und windige Tage.","og_url":"https:\/\/swissgliders.ch\/de\/produkt\/hikeandfly-brettspiel\/","og_site_name":"Gleitschirmschule Thun, Bern, Interlaken","article_publisher":"https:\/\/www.facebook.com\/swissgliders","article_modified_time":"2025-01-13T19:22:59+00:00","og_image":[{"width":1200,"height":750,"url":"https:\/\/swissgliders.ch\/wp-content\/uploads\/2024\/12\/Bild.jpg","type":"image\/jpeg"}],"twitter_card":"summary_large_image","twitter_site":"@Swissgliders","twitter_misc":{"Preis":"&#67;&#72;&#70;&nbsp;66.00","Verf\u00fcgbarkeit":"Auf Lager"},"schema":{"@context":"https:\/\/schema.org","@graph":[{"@type":"WebPage","@id":"https:\/\/swissgliders.ch\/de\/produkt\/hikeandfly-brettspiel\/","url":"https:\/\/swissgliders.ch\/de\/produkt\/hikeandfly-brettspiel\/","name":"Brettspiel Gleitschirm Hike&Fly Race | Gleitschirmschule Thun, Bern, Interlaken","isPartOf":{"@id":"https:\/\/swissgliders.ch\/de\/#website"},"primaryImageOfPage":{"@id":"https:\/\/swissgliders.ch\/de\/produkt\/hikeandfly-brettspiel\/#primaryimage"},"image":{"@id":"https:\/\/swissgliders.ch\/de\/produkt\/hikeandfly-brettspiel\/#primaryimage"},"thumbnailUrl":"https:\/\/swissgliders.ch\/wp-content\/uploads\/2024\/12\/Bild.jpg","datePublished":"2024-12-10T20:13:55+00:00","dateModified":"2025-01-13T19:22:59+00:00","description":"Das ultimative Hike&Fly Brettspiel f\u00fcr regnerische und windige Tage.","breadcrumb":{"@id":"https:\/\/swissgliders.ch\/de\/produkt\/hikeandfly-brettspiel\/#breadcrumb"},"inLanguage":"de","potentialAction":[{"@type":"ReadAction","target":["https:\/\/swissgliders.ch\/de\/produkt\/hikeandfly-brettspiel\/"]}]},{"@type":"ImageObject","inLanguage":"de","@id":"https:\/\/swissgliders.ch\/de\/produkt\/hikeandfly-brettspiel\/#primaryimage","url":"https:\/\/swissgliders.ch\/wp-content\/uploads\/2024\/12\/Bild.jpg","contentUrl":"https:\/\/swissgliders.ch\/wp-content\/uploads\/2024\/12\/Bild.jpg","width":1200,"height":750,"caption":"hike-and-fly-boardgame-3"},{"@type":"BreadcrumbList","@id":"https:\/\/swissgliders.ch\/de\/produkt\/hikeandfly-brettspiel\/#breadcrumb","itemListElement":[{"@type":"ListItem","position":1,"name":"Startseite","item":"https:\/\/swissgliders.ch\/de\/willkommen\/"},{"@type":"ListItem","position":2,"name":"Gleitschirm Shop","item":"https:\/\/swissgliders.ch\/de\/gleitschirm-shop\/"},{"@type":"ListItem","position":3,"name":"Brettspiel Gleitschirm Hike&#038;Fly Race"}]},{"@type":"WebSite","@id":"https:\/\/swissgliders.ch\/de\/#website","url":"https:\/\/swissgliders.ch\/de\/","name":"Gleitschirmschule Thun, Bern, Interlaken","description":"Gleitschirmschule Thun, Bern, Interlaken","publisher":{"@id":"https:\/\/swissgliders.ch\/de\/#organization"},"potentialAction":[{"@type":"SearchAction","target":{"@type":"EntryPoint","urlTemplate":"https:\/\/swissgliders.ch\/de\/?s={search_term_string}"},"query-input":{"@type":"PropertyValueSpecification","valueRequired":true,"valueName":"search_term_string"}}],"inLanguage":"de"},{"@type":"Organization","@id":"https:\/\/swissgliders.ch\/de\/#organization","name":"Swissgliders Gleitschirmflugschule Thun","url":"https:\/\/swissgliders.ch\/de\/","logo":{"@type":"ImageObject","inLanguage":"de","@id":"https:\/\/swissgliders.ch\/de\/#\/schema\/logo\/image\/","url":"https:\/\/swissgliders.ch\/wp-content\/uploads\/2019\/12\/swissgliders-logo-rgb-square-L-no-ch-01.png","contentUrl":"https:\/\/swissgliders.ch\/wp-content\/uploads\/2019\/12\/swissgliders-logo-rgb-square-L-no-ch-01.png","width":2500,"height":2500,"caption":"Swissgliders Gleitschirmflugschule Thun"},"image":{"@id":"https:\/\/swissgliders.ch\/de\/#\/schema\/logo\/image\/"},"sameAs":["https:\/\/www.facebook.com\/swissgliders","https:\/\/x.com\/Swissgliders","https:\/\/www.instagram.com\/swissgliders\/","https:\/\/www.youtube.com\/channel\/UCMCtGdepy9vBhrhX3V_oJOA"],"hasMerchantReturnPolicy":{"@type":"MerchantReturnPolicy","merchantReturnLink":"https:\/\/swissgliders.ch\/de\/allgemeine-geschaftsbedingungen\/"}}]},"product_price_amount":"66.00","product_price_currency":"CHF","og_availability":"instock","product_availability":"instock","product_condition":"new"},"_links":{"self":[{"href":"https:\/\/swissgliders.ch\/de\/wp-json\/wp\/v2\/product\/17976","targetHints":{"allow":["GET"]}}],"collection":[{"href":"https:\/\/swissgliders.ch\/de\/wp-json\/wp\/v2\/product"}],"about":[{"href":"https:\/\/swissgliders.ch\/de\/wp-json\/wp\/v2\/types\/product"}],"replies":[{"embeddable":true,"href":"https:\/\/swissgliders.ch\/de\/wp-json\/wp\/v2\/comments?post=17976"}],"wp:featuredmedia":[{"embeddable":true,"href":"https:\/\/swissgliders.ch\/de\/wp-json\/wp\/v2\/media\/17978"}],"wp:attachment":[{"href":"https:\/\/swissgliders.ch\/de\/wp-json\/wp\/v2\/media?parent=17976"}],"wp:term":[{"taxonomy":"product_brand","embeddable":true,"href":"https:\/\/swissgliders.ch\/de\/wp-json\/wp\/v2\/product_brand?post=17976"},{"taxonomy":"product_cat","embeddable":true,"href":"https:\/\/swissgliders.ch\/de\/wp-json\/wp\/v2\/product_cat?post=17976"},{"taxonomy":"product_tag","embeddable":true,"href":"https:\/\/swissgliders.ch\/de\/wp-json\/wp\/v2\/product_tag?post=17976"}],"curies":[{"name":"wp","href":"https:\/\/api.w.org\/{rel}","templated":true}]}}