{"id":18028,"date":"2024-12-14T11:16:09","date_gmt":"2024-12-14T10:16:09","guid":{"rendered":"https:\/\/swissgliders.ch\/?post_type=product&#038;p=18028"},"modified":"2025-03-12T16:51:44","modified_gmt":"2025-03-12T15:51:44","slug":"charly-no-limit-helm","status":"publish","type":"product","link":"https:\/\/swissgliders.ch\/de\/produkt\/charly-no-limit-helm\/","title":{"rendered":"Charly No Limit Helm"},"content":{"rendered":"<h3 class=\"contentheading\">CHARLY No Limit<\/h3>\n<div class=\"jsn-article-content\">\n<h4>Der No Limit Wettkampf-Visierhelm in 5 Gr\u00f6\u00dfen bietet maximalen Schutz bei minimalem Luftwiderstand. Die hochwertigen Materialien und das aufw\u00e4ndige Herstellungsverfahren sorgen f\u00fcr gleichbleibende Qualit\u00e4t, gr\u00f6\u00dfte Sicherheit und lange Lebensdauer.<\/h4>\n<p><img loading=\"lazy\" decoding=\"async\" class=\"\" src=\"https:\/\/finsterwalder-charly.de\/images\/stories\/produkte\/helme\/nolimit\/nolimitweiss700.jpg\" alt=\"HHe30 No Limit wei\u00df mit Visier get\u00f6nt (HHe350)\" width=\"458\" height=\"262\" \/><\/p>\n<p><strong><span class=\"Apple-style-span\">No Limit Features:<\/span><\/strong><\/p>\n<ul>\n<li>Im Vakuum- Pressverfahren gefertigte, mit Aramidgeweben verst\u00e4rkte Au\u00dfenschale, die in Bezug auf Schlagfestigkeit und Durchdringungsresistenz sogar Karbonfaserhelme \u00fcbertrifft.<\/li>\n<li>Optisch hochwertig: Der Helm ist mit einer kratzfesten Mehrschicht-Einbrennlackierung versehen. Das Material der Helmschale und deren Lackierung machen den No Limit praktisch uneingeschr\u00e4nkt alterungsbest\u00e4ndig.<\/li>\n<li>Das in die Helmkontur integrierte Visier reduziert den Luftwiderstand messbar. Wichtig f\u00fcr die Sicherheit ist der extra gro\u00dfe Panoramablick. Unter dem Visier ist ausreichend Platz f\u00fcr eine Brille.<\/li>\n<li>Das am Helm montierte klare Visier aus Polykarbonat ist bruchfest und mit Antireflex- Kratzfest- und Antibeschlagbeschichtung versehen. Da es 100% UV- Schutz bietet kann es die sonst erforderliche Sonnenbrille ersetzen. Die Klarglasscheibe kann leicht gegen eine (extra zu bestellende) braun get\u00f6nte Scheibe ausgetauscht werden.<\/li>\n<li>Der Kinnschutz verursacht so gut wie keinen toten Winkel. Bei ge\u00f6ffnetem Visier kann man sich \u00fcber den Kinnschutz weg frei unterhalten.<\/li>\n<li>Aerodynamisch sauber ohne Nackendorn: Der No Limit erm\u00f6glicht unbehinderte Sicht nach oben und vermeidet Nackenverletzungen.<\/li>\n<li>Die Stoff- Vollauskleidung in 4 festen Gr\u00f6\u00dfen bietet maximalen Tragekomfort. Die atmungsaktive Polsterung ist hautfreundlich und antibakteriell. Zum Tragekomfort tragen auch die bequemen Ohrpolster und der gut gepolsterte innenliegende Kinnriemen bei.<\/li>\n<\/ul>\n<p><span class=\"Apple-style-span\"><strong>Gewicht<\/strong>:<\/span>\u00a0650 g + Visier 114 g<br \/>\n<strong><span class=\"Apple-style-span\">Gr\u00f6\u00dfen:<\/span><\/strong>\u00a0S=55\/56, M=57\/58, L=59\/60, XL=61\/62, XXL=63 cm Kopfumfang<\/p>\n<\/div>\n<p><strong><br \/>\nZubeh\u00f6r separat erh\u00e4ltlich:<\/strong><\/p>\n<table width=\"399\">\n<tbody>\n<tr>\n<td width=\"319\">&nbsp;<\/p>\n<p><strong>No Limit mit klarem Visier<\/strong><\/td>\n<td width=\"80\"><\/td>\n<\/tr>\n<tr>\n<td>Wei\u00df<\/td>\n<td>279.00<\/td>\n<\/tr>\n<tr>\n<td>Blau-, Anthrazit-metallic<\/td>\n<td>287.00<\/td>\n<\/tr>\n<tr>\n<td>Carbon optic<\/td>\n<td>310.00<\/td>\n<\/tr>\n<tr>\n<td>&nbsp;<\/p>\n<p><strong>No Limit ohne Visier<\/strong><\/td>\n<td><\/td>\n<\/tr>\n<tr>\n<td>Wei\u00df<\/td>\n<td>251.00<\/td>\n<\/tr>\n<tr>\n<td>Blau-, Anthrazit-metallic<\/td>\n<td>259.00<\/td>\n<\/tr>\n<tr>\n<td>Carbon optic<\/td>\n<td>282.00<\/td>\n<\/tr>\n<tr>\n<td>&nbsp;<\/p>\n<p><strong>No Limit Zubeh\u00f6r<\/strong><\/td>\n<td><\/td>\n<\/tr>\n<tr>\n<td>Visierscheibe klar (Filterkat. 0)<\/td>\n<td>48.50<\/td>\n<\/tr>\n<tr>\n<td>Visierscheibe braun get\u00f6nt (Filterkat. 2)<\/td>\n<td>52.00<\/td>\n<\/tr>\n<tr>\n<td>Visierscheibe dunkelgrau get\u00f6nt (Filterkat. 3)<\/td>\n<td>52.00<\/td>\n<\/tr>\n<tr>\n<td>Visierscheibe verspiegelt (Filterkat. 3)<\/td>\n<td>68.00<\/td>\n<\/tr>\n<tr>\n<td>Satz Visierschrauben m. Rastereinsatz<\/td>\n<td>11.50<\/td>\n<\/tr>\n<tr>\n<td>Premium Fleece Helm- \/ Instrumentenbeutel<\/td>\n<td>9.50<\/td>\n<\/tr>\n<tr>\n<td>Extra Innenausstattung: Backen- + Kinnpolster<\/td>\n<td>12.50<\/td>\n<\/tr>\n<tr>\n<td>Backen- + Kinnpolster inkl. Einbau<\/td>\n<td>25.00<\/td>\n<\/tr>\n<\/tbody>\n<\/table>\n<p>&nbsp;<\/p>\n<p><strong>PREISE OHNE VISIER. Bitte zus\u00e4tzliche Zubeh\u00f6r bei der Bestellung angeben.\u00a0<\/strong><\/p>\n<p>Mehr <a href=\"https:\/\/finsterwalder-charly.de\/de\/helme\/no-limit.html\" target=\"_blank\" rel=\"noopener noreferrer\">Infos<\/a><\/p>\n<p>Falls dieser Artikel nicht an Lager ist, wird er f\u00fcr dich bestellt. Lieferfrist auf Anfrage.<\/p>\n","protected":false},"excerpt":{"rendered":"<h3 class=\"contentheading\">CHARLY No Limit<\/h3>\n<div class=\"jsn-article-content\">\n<h4>Der No Limit Wettkampf-Visierhelm in 5 Gr\u00f6\u00dfen bietet maximalen Schutz bei minimalem Luftwiderstand. Die hochwertigen Materialien und das aufw\u00e4ndige Herstellungsverfahren sorgen f\u00fcr gleichbleibende Qualit\u00e4t, gr\u00f6\u00dfte Sicherheit und lange Lebensdauer.<\/h4>\n<p><img loading=\"lazy\" decoding=\"async\" class=\"\" src=\"https:\/\/finsterwalder-charly.de\/images\/stories\/produkte\/helme\/nolimit\/nolimitweiss700.jpg\" alt=\"HHe30 No Limit wei\u00df mit Visier get\u00f6nt (HHe350)\" width=\"458\" height=\"262\" \/><\/p>\n<p><strong><span class=\"Apple-style-span\">No Limit Features:<\/span><\/strong><\/p>\n<ul>\n<li>Im Vakuum- Pressverfahren gefertigte, mit Aramidgeweben verst\u00e4rkte Au\u00dfenschale, die in Bezug auf Schlagfestigkeit und Durchdringungsresistenz sogar Karbonfaserhelme \u00fcbertrifft.<\/li>\n<li>Optisch hochwertig: Der Helm ist mit einer kratzfesten Mehrschicht-Einbrennlackierung versehen. Das Material der Helmschale und deren Lackierung machen den No Limit praktisch uneingeschr\u00e4nkt alterungsbest\u00e4ndig.<\/li>\n<li>Das in die Helmkontur integrierte Visier reduziert den Luftwiderstand messbar. Wichtig f\u00fcr die Sicherheit ist der extra gro\u00dfe Panoramablick. Unter dem Visier ist ausreichend Platz f\u00fcr eine Brille.<\/li>\n<li>Das am Helm montierte klare Visier aus Polykarbonat ist bruchfest und mit Antireflex- Kratzfest- und Antibeschlagbeschichtung versehen. Da es 100% UV- Schutz bietet kann es die sonst erforderliche Sonnenbrille ersetzen. Die Klarglasscheibe kann leicht gegen eine (extra zu bestellende) braun get\u00f6nte Scheibe ausgetauscht werden.<\/li>\n<li>Der Kinnschutz verursacht so gut wie keinen toten Winkel. Bei ge\u00f6ffnetem Visier kann man sich \u00fcber den Kinnschutz weg frei unterhalten.<\/li>\n<li>Aerodynamisch sauber ohne Nackendorn: Der No Limit erm\u00f6glicht unbehinderte Sicht nach oben und vermeidet Nackenverletzungen.<\/li>\n<li>Die Stoff- Vollauskleidung in 4 festen Gr\u00f6\u00dfen bietet maximalen Tragekomfort. Die atmungsaktive Polsterung ist hautfreundlich und antibakteriell. Zum Tragekomfort tragen auch die bequemen Ohrpolster und der gut gepolsterte innenliegende Kinnriemen bei.<\/li>\n<\/ul>\n<p><span class=\"Apple-style-span\"><strong>Gewicht<\/strong>:<\/span>\u00a0650 g + Visier 114 g<br \/>\n<strong><span class=\"Apple-style-span\">Gr\u00f6\u00dfen:<\/span><\/strong>\u00a0S=55\/56, M=57\/58, L=59\/60, XL=61\/62, XXL=63 cm Kopfumfang<\/p>\n<\/div>\n<p><strong><br \/>\nZubeh\u00f6r separat erh\u00e4ltlich:<\/strong><\/p>\n<table width=\"399\">\n<tbody>\n<tr>\n<td width=\"319\">&nbsp;<\/p>\n<p><strong>No Limit mit klarem Visier<\/strong><\/td>\n<td width=\"80\"><\/td>\n<\/tr>\n<tr>\n<td>Wei\u00df<\/td>\n<td>279.00<\/td>\n<\/tr>\n<tr>\n<td>Blau-, Anthrazit-metallic<\/td>\n<td>287.00<\/td>\n<\/tr>\n<tr>\n<td>Carbon optic<\/td>\n<td>310.00<\/td>\n<\/tr>\n<tr>\n<td>&nbsp;<\/p>\n<p><strong>No Limit ohne Visier<\/strong><\/td>\n<td><\/td>\n<\/tr>\n<tr>\n<td>Wei\u00df<\/td>\n<td>251.00<\/td>\n<\/tr>\n<tr>\n<td>Blau-, Anthrazit-metallic<\/td>\n<td>259.00<\/td>\n<\/tr>\n<tr>\n<td>Carbon optic<\/td>\n<td>282.00<\/td>\n<\/tr>\n<tr>\n<td>&nbsp;<\/p>\n<p><strong>No Limit Zubeh\u00f6r<\/strong><\/td>\n<td><\/td>\n<\/tr>\n<tr>\n<td>Visierscheibe klar (Filterkat. 0)<\/td>\n<td>48.50<\/td>\n<\/tr>\n<tr>\n<td>Visierscheibe braun get\u00f6nt (Filterkat. 2)<\/td>\n<td>52.00<\/td>\n<\/tr>\n<tr>\n<td>Visierscheibe dunkelgrau get\u00f6nt (Filterkat. 3)<\/td>\n<td>52.00<\/td>\n<\/tr>\n<tr>\n<td>Visierscheibe verspiegelt (Filterkat. 3)<\/td>\n<td>68.00<\/td>\n<\/tr>\n<tr>\n<td>Satz Visierschrauben m. Rastereinsatz<\/td>\n<td>11.50<\/td>\n<\/tr>\n<tr>\n<td>Premium Fleece Helm- \/ Instrumentenbeutel<\/td>\n<td>9.50<\/td>\n<\/tr>\n<tr>\n<td>Extra Innenausstattung: Backen- + Kinnpolster<\/td>\n<td>12.50<\/td>\n<\/tr>\n<tr>\n<td>Backen- + Kinnpolster inkl. Einbau<\/td>\n<td>25.00<\/td>\n<\/tr>\n<\/tbody>\n<\/table>\n<p>&nbsp;<\/p>\n<p><strong>PREISE OHNE VISIER. Bitte zus\u00e4tzliche Zubeh\u00f6r bei der Bestellung angeben.\u00a0<\/strong><\/p>\n<p>Mehr <a href=\"https:\/\/finsterwalder-charly.de\/de\/helme\/no-limit.html\" target=\"_blank\" rel=\"noopener noreferrer\">Infos<\/a><\/p>\n<p>Falls dieser Artikel nicht an Lager ist, wird er f\u00fcr dich bestellt. Lieferfrist auf Anfrage.<\/p>\n","protected":false},"featured_media":18035,"comment_status":"closed","ping_status":"closed","template":"","meta":[],"product_brand":[],"product_cat":[1465,402],"product_tag":[1471,410],"class_list":{"0":"post-18028","1":"product","2":"type-product","3":"status-publish","4":"has-post-thumbnail","6":"product_cat-gleitschirm-helme","7":"product_cat-gleitschirm-zubehoer","8":"product_tag-helm","9":"product_tag-zubehoer","10":"product_shipping_class-priority-2kg-de","12":"first","13":"instock","14":"sale","15":"shipping-taxable","16":"purchasable","17":"product-type-variable"},"yoast_head":"<!-- This site is optimized with the Yoast SEO Premium plugin v26.1 (Yoast SEO v27.3) - https:\/\/yoast.com\/product\/yoast-seo-premium-wordpress\/ -->\n<title>Charly No Limit Helm | Gleitschirmschule Thun, Bern, Interlaken<\/title>\n<meta name=\"description\" content=\"CHARLY Der No Limit Wettkampf-Visierhelm in 5 Gr\u00f6\u00dfen bietet maximalenSchutz bei minimalem Luftwiderstand. Die hochwertigenMaterialien und das aufw\u00e4ndige Herstellungsverfahren sorgen f\u00fcrgleichbleibende Qualit\u00e4t, gr\u00f6\u00dfte Sicherheit und lange Lebensdauer.\" \/>\n<meta name=\"robots\" content=\"index, follow, max-snippet:-1, max-image-preview:large, max-video-preview:-1\" \/>\n<link rel=\"canonical\" href=\"https:\/\/swissgliders.ch\/de\/produkt\/charly-no-limit-helm\/\" \/>\n<meta property=\"og:locale\" content=\"de_DE\" \/>\n<meta property=\"og:type\" content=\"article\" \/>\n<meta property=\"og:title\" content=\"Charly No Limit Helm\" \/>\n<meta property=\"og:description\" content=\"CHARLY Der No Limit Wettkampf-Visierhelm in 5 Gr\u00f6\u00dfen bietet maximalenSchutz bei minimalem Luftwiderstand. Die hochwertigenMaterialien und das aufw\u00e4ndige Herstellungsverfahren sorgen f\u00fcrgleichbleibende Qualit\u00e4t, gr\u00f6\u00dfte Sicherheit und lange Lebensdauer.\" \/>\n<meta property=\"og:url\" content=\"https:\/\/swissgliders.ch\/de\/produkt\/charly-no-limit-helm\/\" \/>\n<meta property=\"og:site_name\" content=\"Gleitschirmschule Thun, Bern, Interlaken\" \/>\n<meta property=\"article:publisher\" content=\"https:\/\/www.facebook.com\/swissgliders\" \/>\n<meta property=\"article:modified_time\" content=\"2025-03-12T15:51:44+00:00\" \/>\n<meta property=\"og:image\" content=\"https:\/\/swissgliders.ch\/wp-content\/uploads\/2024\/12\/Charly_Helm_No-Limit-0.jpg\" \/>\n\t<meta property=\"og:image:width\" content=\"700\" \/>\n\t<meta property=\"og:image:height\" content=\"400\" \/>\n\t<meta property=\"og:image:type\" content=\"image\/jpeg\" \/>\n<meta name=\"twitter:card\" content=\"summary_large_image\" \/>\n<meta name=\"twitter:site\" content=\"@Swissgliders\" \/>\n<meta name=\"twitter:label1\" content=\"Verf\u00fcgbarkeit\" \/>\n\t<meta name=\"twitter:data1\" content=\"Auf Lager\" \/>\n<script type=\"application\/ld+json\" class=\"yoast-schema-graph\">{\"@context\":\"https:\\\/\\\/schema.org\",\"@graph\":[{\"@type\":\"WebPage\",\"@id\":\"https:\\\/\\\/swissgliders.ch\\\/de\\\/produkt\\\/charly-no-limit-helm\\\/\",\"url\":\"https:\\\/\\\/swissgliders.ch\\\/de\\\/produkt\\\/charly-no-limit-helm\\\/\",\"name\":\"Charly No Limit Helm | Gleitschirmschule Thun, Bern, Interlaken\",\"isPartOf\":{\"@id\":\"https:\\\/\\\/swissgliders.ch\\\/de\\\/#website\"},\"primaryImageOfPage\":{\"@id\":\"https:\\\/\\\/swissgliders.ch\\\/de\\\/produkt\\\/charly-no-limit-helm\\\/#primaryimage\"},\"image\":{\"@id\":\"https:\\\/\\\/swissgliders.ch\\\/de\\\/produkt\\\/charly-no-limit-helm\\\/#primaryimage\"},\"thumbnailUrl\":\"https:\\\/\\\/swissgliders.ch\\\/wp-content\\\/uploads\\\/2024\\\/12\\\/Charly_Helm_No-Limit-0.jpg\",\"datePublished\":\"2024-12-14T10:16:09+00:00\",\"dateModified\":\"2025-03-12T15:51:44+00:00\",\"description\":\"CHARLY Der No Limit Wettkampf-Visierhelm in 5 Gr\u00f6\u00dfen bietet maximalenSchutz bei minimalem Luftwiderstand. Die hochwertigenMaterialien und das aufw\u00e4ndige Herstellungsverfahren sorgen f\u00fcrgleichbleibende Qualit\u00e4t, gr\u00f6\u00dfte Sicherheit und lange Lebensdauer.\",\"breadcrumb\":{\"@id\":\"https:\\\/\\\/swissgliders.ch\\\/de\\\/produkt\\\/charly-no-limit-helm\\\/#breadcrumb\"},\"inLanguage\":\"de\",\"potentialAction\":[{\"@type\":\"ReadAction\",\"target\":[\"https:\\\/\\\/swissgliders.ch\\\/de\\\/produkt\\\/charly-no-limit-helm\\\/\"]}]},{\"@type\":\"ImageObject\",\"inLanguage\":\"de\",\"@id\":\"https:\\\/\\\/swissgliders.ch\\\/de\\\/produkt\\\/charly-no-limit-helm\\\/#primaryimage\",\"url\":\"https:\\\/\\\/swissgliders.ch\\\/wp-content\\\/uploads\\\/2024\\\/12\\\/Charly_Helm_No-Limit-0.jpg\",\"contentUrl\":\"https:\\\/\\\/swissgliders.ch\\\/wp-content\\\/uploads\\\/2024\\\/12\\\/Charly_Helm_No-Limit-0.jpg\",\"width\":700,\"height\":400,\"caption\":\"Charly_Helm_No Limit-0\"},{\"@type\":\"BreadcrumbList\",\"@id\":\"https:\\\/\\\/swissgliders.ch\\\/de\\\/produkt\\\/charly-no-limit-helm\\\/#breadcrumb\",\"itemListElement\":[{\"@type\":\"ListItem\",\"position\":1,\"name\":\"Startseite\",\"item\":\"https:\\\/\\\/swissgliders.ch\\\/de\\\/willkommen\\\/\"},{\"@type\":\"ListItem\",\"position\":2,\"name\":\"Gleitschirm Shop\",\"item\":\"https:\\\/\\\/swissgliders.ch\\\/de\\\/gleitschirm-shop\\\/\"},{\"@type\":\"ListItem\",\"position\":3,\"name\":\"Charly No Limit Helm\"}]},{\"@type\":\"WebSite\",\"@id\":\"https:\\\/\\\/swissgliders.ch\\\/de\\\/#website\",\"url\":\"https:\\\/\\\/swissgliders.ch\\\/de\\\/\",\"name\":\"Gleitschirmschule Thun, Bern, Interlaken\",\"description\":\"Gleitschirmschule Thun, Bern, Interlaken\",\"publisher\":{\"@id\":\"https:\\\/\\\/swissgliders.ch\\\/de\\\/#organization\"},\"potentialAction\":[{\"@type\":\"SearchAction\",\"target\":{\"@type\":\"EntryPoint\",\"urlTemplate\":\"https:\\\/\\\/swissgliders.ch\\\/de\\\/?s={search_term_string}\"},\"query-input\":{\"@type\":\"PropertyValueSpecification\",\"valueRequired\":true,\"valueName\":\"search_term_string\"}}],\"inLanguage\":\"de\"},{\"@type\":\"Organization\",\"@id\":\"https:\\\/\\\/swissgliders.ch\\\/de\\\/#organization\",\"name\":\"Swissgliders Gleitschirmflugschule Thun\",\"url\":\"https:\\\/\\\/swissgliders.ch\\\/de\\\/\",\"logo\":{\"@type\":\"ImageObject\",\"inLanguage\":\"de\",\"@id\":\"https:\\\/\\\/swissgliders.ch\\\/de\\\/#\\\/schema\\\/logo\\\/image\\\/\",\"url\":\"https:\\\/\\\/swissgliders.ch\\\/wp-content\\\/uploads\\\/2019\\\/12\\\/swissgliders-logo-rgb-square-L-no-ch-01.png\",\"contentUrl\":\"https:\\\/\\\/swissgliders.ch\\\/wp-content\\\/uploads\\\/2019\\\/12\\\/swissgliders-logo-rgb-square-L-no-ch-01.png\",\"width\":2500,\"height\":2500,\"caption\":\"Swissgliders Gleitschirmflugschule Thun\"},\"image\":{\"@id\":\"https:\\\/\\\/swissgliders.ch\\\/de\\\/#\\\/schema\\\/logo\\\/image\\\/\"},\"sameAs\":[\"https:\\\/\\\/www.facebook.com\\\/swissgliders\",\"https:\\\/\\\/x.com\\\/Swissgliders\",\"https:\\\/\\\/www.instagram.com\\\/swissgliders\\\/\",\"https:\\\/\\\/www.youtube.com\\\/channel\\\/UCMCtGdepy9vBhrhX3V_oJOA\"],\"hasMerchantReturnPolicy\":{\"@type\":\"MerchantReturnPolicy\",\"merchantReturnLink\":\"https:\\\/\\\/swissgliders.ch\\\/de\\\/allgemeine-geschaftsbedingungen\\\/\"}}]}<\/script>\n<meta property=\"og:availability\" content=\"instock\" \/>\n<meta property=\"product:availability\" content=\"instock\" \/>\n<meta property=\"product:condition\" content=\"new\" \/>\n<!-- \/ Yoast SEO Premium plugin. -->","yoast_head_json":{"title":"Charly No Limit Helm | Gleitschirmschule Thun, Bern, Interlaken","description":"CHARLY Der No Limit Wettkampf-Visierhelm in 5 Gr\u00f6\u00dfen bietet maximalenSchutz bei minimalem Luftwiderstand. Die hochwertigenMaterialien und das aufw\u00e4ndige Herstellungsverfahren sorgen f\u00fcrgleichbleibende Qualit\u00e4t, gr\u00f6\u00dfte Sicherheit und lange Lebensdauer.","robots":{"index":"index","follow":"follow","max-snippet":"max-snippet:-1","max-image-preview":"max-image-preview:large","max-video-preview":"max-video-preview:-1"},"canonical":"https:\/\/swissgliders.ch\/de\/produkt\/charly-no-limit-helm\/","og_locale":"de_DE","og_type":"article","og_title":"Charly No Limit Helm","og_description":"CHARLY Der No Limit Wettkampf-Visierhelm in 5 Gr\u00f6\u00dfen bietet maximalenSchutz bei minimalem Luftwiderstand. Die hochwertigenMaterialien und das aufw\u00e4ndige Herstellungsverfahren sorgen f\u00fcrgleichbleibende Qualit\u00e4t, gr\u00f6\u00dfte Sicherheit und lange Lebensdauer.","og_url":"https:\/\/swissgliders.ch\/de\/produkt\/charly-no-limit-helm\/","og_site_name":"Gleitschirmschule Thun, Bern, Interlaken","article_publisher":"https:\/\/www.facebook.com\/swissgliders","article_modified_time":"2025-03-12T15:51:44+00:00","og_image":[{"width":700,"height":400,"url":"https:\/\/swissgliders.ch\/wp-content\/uploads\/2024\/12\/Charly_Helm_No-Limit-0.jpg","type":"image\/jpeg"}],"twitter_card":"summary_large_image","twitter_site":"@Swissgliders","twitter_misc":{"Verf\u00fcgbarkeit":"Auf Lager"},"schema":{"@context":"https:\/\/schema.org","@graph":[{"@type":"WebPage","@id":"https:\/\/swissgliders.ch\/de\/produkt\/charly-no-limit-helm\/","url":"https:\/\/swissgliders.ch\/de\/produkt\/charly-no-limit-helm\/","name":"Charly No Limit Helm | Gleitschirmschule Thun, Bern, Interlaken","isPartOf":{"@id":"https:\/\/swissgliders.ch\/de\/#website"},"primaryImageOfPage":{"@id":"https:\/\/swissgliders.ch\/de\/produkt\/charly-no-limit-helm\/#primaryimage"},"image":{"@id":"https:\/\/swissgliders.ch\/de\/produkt\/charly-no-limit-helm\/#primaryimage"},"thumbnailUrl":"https:\/\/swissgliders.ch\/wp-content\/uploads\/2024\/12\/Charly_Helm_No-Limit-0.jpg","datePublished":"2024-12-14T10:16:09+00:00","dateModified":"2025-03-12T15:51:44+00:00","description":"CHARLY Der No Limit Wettkampf-Visierhelm in 5 Gr\u00f6\u00dfen bietet maximalenSchutz bei minimalem Luftwiderstand. Die hochwertigenMaterialien und das aufw\u00e4ndige Herstellungsverfahren sorgen f\u00fcrgleichbleibende Qualit\u00e4t, gr\u00f6\u00dfte Sicherheit und lange Lebensdauer.","breadcrumb":{"@id":"https:\/\/swissgliders.ch\/de\/produkt\/charly-no-limit-helm\/#breadcrumb"},"inLanguage":"de","potentialAction":[{"@type":"ReadAction","target":["https:\/\/swissgliders.ch\/de\/produkt\/charly-no-limit-helm\/"]}]},{"@type":"ImageObject","inLanguage":"de","@id":"https:\/\/swissgliders.ch\/de\/produkt\/charly-no-limit-helm\/#primaryimage","url":"https:\/\/swissgliders.ch\/wp-content\/uploads\/2024\/12\/Charly_Helm_No-Limit-0.jpg","contentUrl":"https:\/\/swissgliders.ch\/wp-content\/uploads\/2024\/12\/Charly_Helm_No-Limit-0.jpg","width":700,"height":400,"caption":"Charly_Helm_No Limit-0"},{"@type":"BreadcrumbList","@id":"https:\/\/swissgliders.ch\/de\/produkt\/charly-no-limit-helm\/#breadcrumb","itemListElement":[{"@type":"ListItem","position":1,"name":"Startseite","item":"https:\/\/swissgliders.ch\/de\/willkommen\/"},{"@type":"ListItem","position":2,"name":"Gleitschirm Shop","item":"https:\/\/swissgliders.ch\/de\/gleitschirm-shop\/"},{"@type":"ListItem","position":3,"name":"Charly No Limit Helm"}]},{"@type":"WebSite","@id":"https:\/\/swissgliders.ch\/de\/#website","url":"https:\/\/swissgliders.ch\/de\/","name":"Gleitschirmschule Thun, Bern, Interlaken","description":"Gleitschirmschule Thun, Bern, Interlaken","publisher":{"@id":"https:\/\/swissgliders.ch\/de\/#organization"},"potentialAction":[{"@type":"SearchAction","target":{"@type":"EntryPoint","urlTemplate":"https:\/\/swissgliders.ch\/de\/?s={search_term_string}"},"query-input":{"@type":"PropertyValueSpecification","valueRequired":true,"valueName":"search_term_string"}}],"inLanguage":"de"},{"@type":"Organization","@id":"https:\/\/swissgliders.ch\/de\/#organization","name":"Swissgliders Gleitschirmflugschule Thun","url":"https:\/\/swissgliders.ch\/de\/","logo":{"@type":"ImageObject","inLanguage":"de","@id":"https:\/\/swissgliders.ch\/de\/#\/schema\/logo\/image\/","url":"https:\/\/swissgliders.ch\/wp-content\/uploads\/2019\/12\/swissgliders-logo-rgb-square-L-no-ch-01.png","contentUrl":"https:\/\/swissgliders.ch\/wp-content\/uploads\/2019\/12\/swissgliders-logo-rgb-square-L-no-ch-01.png","width":2500,"height":2500,"caption":"Swissgliders Gleitschirmflugschule Thun"},"image":{"@id":"https:\/\/swissgliders.ch\/de\/#\/schema\/logo\/image\/"},"sameAs":["https:\/\/www.facebook.com\/swissgliders","https:\/\/x.com\/Swissgliders","https:\/\/www.instagram.com\/swissgliders\/","https:\/\/www.youtube.com\/channel\/UCMCtGdepy9vBhrhX3V_oJOA"],"hasMerchantReturnPolicy":{"@type":"MerchantReturnPolicy","merchantReturnLink":"https:\/\/swissgliders.ch\/de\/allgemeine-geschaftsbedingungen\/"}}]},"og_availability":"instock","product_availability":"instock","product_condition":"new"},"_links":{"self":[{"href":"https:\/\/swissgliders.ch\/de\/wp-json\/wp\/v2\/product\/18028","targetHints":{"allow":["GET"]}}],"collection":[{"href":"https:\/\/swissgliders.ch\/de\/wp-json\/wp\/v2\/product"}],"about":[{"href":"https:\/\/swissgliders.ch\/de\/wp-json\/wp\/v2\/types\/product"}],"replies":[{"embeddable":true,"href":"https:\/\/swissgliders.ch\/de\/wp-json\/wp\/v2\/comments?post=18028"}],"wp:featuredmedia":[{"embeddable":true,"href":"https:\/\/swissgliders.ch\/de\/wp-json\/wp\/v2\/media\/18035"}],"wp:attachment":[{"href":"https:\/\/swissgliders.ch\/de\/wp-json\/wp\/v2\/media?parent=18028"}],"wp:term":[{"taxonomy":"product_brand","embeddable":true,"href":"https:\/\/swissgliders.ch\/de\/wp-json\/wp\/v2\/product_brand?post=18028"},{"taxonomy":"product_cat","embeddable":true,"href":"https:\/\/swissgliders.ch\/de\/wp-json\/wp\/v2\/product_cat?post=18028"},{"taxonomy":"product_tag","embeddable":true,"href":"https:\/\/swissgliders.ch\/de\/wp-json\/wp\/v2\/product_tag?post=18028"}],"curies":[{"name":"wp","href":"https:\/\/api.w.org\/{rel}","templated":true}]}}