{"id":18166,"date":"2024-12-27T09:56:00","date_gmt":"2024-12-27T08:56:00","guid":{"rendered":"https:\/\/swissgliders.ch\/?post_type=product&#038;p=18166"},"modified":"2024-12-28T10:53:30","modified_gmt":"2024-12-28T09:53:30","slug":"skywalk-pedroc-pl-hood-jacket-women","status":"publish","type":"product","link":"https:\/\/swissgliders.ch\/de\/produkt\/skywalk-pedroc-pl-hood-jacket-women\/","title":{"rendered":"Skywalk Pedroc PL Hood Jacket Women"},"content":{"rendered":"<div class=\"properties-name\">\n<div class=\"properties-name\">\n<div class=\"properties-name\">\n<h3>Pedroc PL Hood Jacket Women<\/h3>\n<p><img loading=\"lazy\" decoding=\"async\" class=\"\" src=\"https:\/\/shop.skywalk.info\/media\/image\/78\/3c\/bf\/SCPPLJWBL_600x600.jpg\" alt=\"Pedroc PL Hood Jacket Women\" width=\"285\" height=\"285\" \/><\/p>\n<div>\n<p>Leicht, warm und feuchtigkeitsableitend: Die Pedroc Polarlite Fleecejacke verspricht ein ideales K\u00f6rperklima w\u00e4hrend intensiver Aufstiege und h\u00e4lt in Ruhephasen gleichzeitig angenehm warm. Die Jacke punktet vor allem bei intensiven und schnellen Aktivit\u00e4ten wie Speed Hiking-Touren, die sich durch viele Stop-and-Go Phasen sowie wechselnde Witterungsbedingungen auszeichnen.<\/p>\n<p>Das\u00a0<strong>156-Gramm<\/strong>\u00a0leichte,\u00a0<strong>feuchtigkeitsregulierende Polarlite-Fleece-Material<\/strong>\u00a0verf\u00fcgt \u00fcber eine weiche, aufgeraute\u00a0<strong>Waffelstruktur auf der Innenseite<\/strong>, die f\u00fcr zus\u00e4tzliche W\u00e4rme sorgt, aber gleichzeitig\u00a0<strong>hohe Atmungsaktivit\u00e4t<\/strong>\u00a0verspricht und dank der Aussparungen mit einem geringen Materialgewicht punktet.<\/p>\n<p>Ausgestattet ist die Fleecejacke mit einer gro\u00dfen Brusttasche mit Rei\u00dfverschluss, in der Kleinigkeiten problemlos Platz finden, sowie mit reflektierenden Details f\u00fcr mehr Sichtbarkeit. F\u00fcr einen guten Sitz wurden am Saum und an den \u00c4rmelabschl\u00fcssen angenehme Stretch-Mesh-Eins\u00e4tze verarbeitet.<\/p>\n<\/div>\n<div>Farbe: Black<\/div>\n<\/div>\n<div><\/div>\n<\/div>\n<\/div>\n<p>Mehr <a href=\"https:\/\/shop.skywalk.info\/de\/fashion\/jacken\/3747\/pedroc-pl-hood-jacket-women\" target=\"_blank\" rel=\"noopener noreferrer\">Info<\/a><\/p>\n<p>Falls dieser Artikel nicht an Lager ist, wird er f\u00fcr dich bestellt. Lieferfrist auf Anfrage.<\/p>\n","protected":false},"excerpt":{"rendered":"<div class=\"properties-name\">\n<div class=\"properties-name\">\n<div class=\"properties-name\">\n<h3>Pedroc PL Hood Jacket Women<\/h3>\n<p><img loading=\"lazy\" decoding=\"async\" class=\"\" src=\"https:\/\/shop.skywalk.info\/media\/image\/78\/3c\/bf\/SCPPLJWBL_600x600.jpg\" alt=\"Pedroc PL Hood Jacket Women\" width=\"285\" height=\"285\" \/><\/p>\n<div>\n<p>Leicht, warm und feuchtigkeitsableitend: Die Pedroc Polarlite Fleecejacke verspricht ein ideales K\u00f6rperklima w\u00e4hrend intensiver Aufstiege und h\u00e4lt in Ruhephasen gleichzeitig angenehm warm. Die Jacke punktet vor allem bei intensiven und schnellen Aktivit\u00e4ten wie Speed Hiking-Touren, die sich durch viele Stop-and-Go Phasen sowie wechselnde Witterungsbedingungen auszeichnen.<\/p>\n<p>Das\u00a0<strong>156-Gramm<\/strong>\u00a0leichte,\u00a0<strong>feuchtigkeitsregulierende Polarlite-Fleece-Material<\/strong>\u00a0verf\u00fcgt \u00fcber eine weiche, aufgeraute\u00a0<strong>Waffelstruktur auf der Innenseite<\/strong>, die f\u00fcr zus\u00e4tzliche W\u00e4rme sorgt, aber gleichzeitig\u00a0<strong>hohe Atmungsaktivit\u00e4t<\/strong>\u00a0verspricht und dank der Aussparungen mit einem geringen Materialgewicht punktet.<\/p>\n<p>Ausgestattet ist die Fleecejacke mit einer gro\u00dfen Brusttasche mit Rei\u00dfverschluss, in der Kleinigkeiten problemlos Platz finden, sowie mit reflektierenden Details f\u00fcr mehr Sichtbarkeit. F\u00fcr einen guten Sitz wurden am Saum und an den \u00c4rmelabschl\u00fcssen angenehme Stretch-Mesh-Eins\u00e4tze verarbeitet.<\/p>\n<\/div>\n<div>Farbe: Black<\/div>\n<\/div>\n<div><\/div>\n<\/div>\n<\/div>\n<p>Mehr <a href=\"https:\/\/shop.skywalk.info\/de\/fashion\/jacken\/3747\/pedroc-pl-hood-jacket-women\" target=\"_blank\" rel=\"noopener noreferrer\">Info<\/a><\/p>\n<p>Falls dieser Artikel nicht an Lager ist, wird er f\u00fcr dich bestellt. Lieferfrist auf Anfrage.<\/p>\n","protected":false},"featured_media":18170,"comment_status":"closed","ping_status":"closed","template":"","meta":[],"product_brand":[],"product_cat":[2022],"product_tag":[918],"class_list":{"0":"post-18166","1":"product","2":"type-product","3":"status-publish","4":"has-post-thumbnail","6":"product_cat-gleitschirm-bekleidung","7":"product_tag-bekleidung","8":"product_shipping_class-priority-10kg-de","10":"first","11":"instock","12":"sale","13":"shipping-taxable","14":"purchasable","15":"product-type-variable"},"yoast_head":"<!-- This site is optimized with the Yoast SEO Premium plugin v26.1 (Yoast SEO v27.3) - https:\/\/yoast.com\/product\/yoast-seo-premium-wordpress\/ -->\n<title>Skywalk Pedroc PL Hood Jacket Women | Gleitschirmschule Thun, Bern, Interlaken<\/title>\n<meta name=\"description\" content=\"Skywalk Pedroc PL Hood Jacket Women Leicht, warm und feuchtigkeitsableitend: Die Pedroc Polarlite Fleecejacke verspricht ein ideales K\u00f6rperklima w\u00e4hrend intensiver Aufstiege und h\u00e4lt in Ruhephasen gleichzeitig angenehm warm. Die Jacke punktet vor allem bei intensiven und schnellen Aktivit\u00e4ten wie Speed Hiking-Touren, die sich durch viele Stop-and-Go Phasen sowie wechselnde Witterungsbedingungen auszeichnen.\" \/>\n<meta name=\"robots\" content=\"index, follow, max-snippet:-1, max-image-preview:large, max-video-preview:-1\" \/>\n<link rel=\"canonical\" href=\"https:\/\/swissgliders.ch\/de\/produkt\/skywalk-pedroc-pl-hood-jacket-women\/\" \/>\n<meta property=\"og:locale\" content=\"de_DE\" \/>\n<meta property=\"og:type\" content=\"article\" \/>\n<meta property=\"og:title\" content=\"Skywalk Pedroc PL Hood Jacket Women\" \/>\n<meta property=\"og:description\" content=\"Skywalk Pedroc PL Hood Jacket Women Leicht, warm und feuchtigkeitsableitend: Die Pedroc Polarlite Fleecejacke verspricht ein ideales K\u00f6rperklima w\u00e4hrend intensiver Aufstiege und h\u00e4lt in Ruhephasen gleichzeitig angenehm warm. Die Jacke punktet vor allem bei intensiven und schnellen Aktivit\u00e4ten wie Speed Hiking-Touren, die sich durch viele Stop-and-Go Phasen sowie wechselnde Witterungsbedingungen auszeichnen.\" \/>\n<meta property=\"og:url\" content=\"https:\/\/swissgliders.ch\/de\/produkt\/skywalk-pedroc-pl-hood-jacket-women\/\" \/>\n<meta property=\"og:site_name\" content=\"Gleitschirmschule Thun, Bern, Interlaken\" \/>\n<meta property=\"article:publisher\" content=\"https:\/\/www.facebook.com\/swissgliders\" \/>\n<meta property=\"article:modified_time\" content=\"2024-12-28T09:53:30+00:00\" \/>\n<meta property=\"og:image\" content=\"https:\/\/swissgliders.ch\/wp-content\/uploads\/2024\/12\/Skywalk_Jacke_Pedroc-PL-Hood-Jacket-Women-1.jpg\" \/>\n\t<meta property=\"og:image:width\" content=\"1400\" \/>\n\t<meta property=\"og:image:height\" content=\"1400\" \/>\n\t<meta property=\"og:image:type\" content=\"image\/jpeg\" \/>\n<meta name=\"twitter:card\" content=\"summary_large_image\" \/>\n<meta name=\"twitter:site\" content=\"@Swissgliders\" \/>\n<meta name=\"twitter:label1\" content=\"Verf\u00fcgbarkeit\" \/>\n\t<meta name=\"twitter:data1\" content=\"Auf Lager\" \/>\n<script type=\"application\/ld+json\" class=\"yoast-schema-graph\">{\"@context\":\"https:\\\/\\\/schema.org\",\"@graph\":[{\"@type\":\"WebPage\",\"@id\":\"https:\\\/\\\/swissgliders.ch\\\/de\\\/produkt\\\/skywalk-pedroc-pl-hood-jacket-women\\\/\",\"url\":\"https:\\\/\\\/swissgliders.ch\\\/de\\\/produkt\\\/skywalk-pedroc-pl-hood-jacket-women\\\/\",\"name\":\"Skywalk Pedroc PL Hood Jacket Women | Gleitschirmschule Thun, Bern, Interlaken\",\"isPartOf\":{\"@id\":\"https:\\\/\\\/swissgliders.ch\\\/de\\\/#website\"},\"primaryImageOfPage\":{\"@id\":\"https:\\\/\\\/swissgliders.ch\\\/de\\\/produkt\\\/skywalk-pedroc-pl-hood-jacket-women\\\/#primaryimage\"},\"image\":{\"@id\":\"https:\\\/\\\/swissgliders.ch\\\/de\\\/produkt\\\/skywalk-pedroc-pl-hood-jacket-women\\\/#primaryimage\"},\"thumbnailUrl\":\"https:\\\/\\\/swissgliders.ch\\\/wp-content\\\/uploads\\\/2024\\\/12\\\/Skywalk_Jacke_Pedroc-PL-Hood-Jacket-Women-1.jpg\",\"datePublished\":\"2024-12-27T08:56:00+00:00\",\"dateModified\":\"2024-12-28T09:53:30+00:00\",\"description\":\"Skywalk Pedroc PL Hood Jacket Women Leicht, warm und feuchtigkeitsableitend: Die Pedroc Polarlite Fleecejacke verspricht ein ideales K\u00f6rperklima w\u00e4hrend intensiver Aufstiege und h\u00e4lt in Ruhephasen gleichzeitig angenehm warm. Die Jacke punktet vor allem bei intensiven und schnellen Aktivit\u00e4ten wie Speed Hiking-Touren, die sich durch viele Stop-and-Go Phasen sowie wechselnde Witterungsbedingungen auszeichnen.\",\"breadcrumb\":{\"@id\":\"https:\\\/\\\/swissgliders.ch\\\/de\\\/produkt\\\/skywalk-pedroc-pl-hood-jacket-women\\\/#breadcrumb\"},\"inLanguage\":\"de\",\"potentialAction\":[{\"@type\":\"ReadAction\",\"target\":[\"https:\\\/\\\/swissgliders.ch\\\/de\\\/produkt\\\/skywalk-pedroc-pl-hood-jacket-women\\\/\"]}]},{\"@type\":\"ImageObject\",\"inLanguage\":\"de\",\"@id\":\"https:\\\/\\\/swissgliders.ch\\\/de\\\/produkt\\\/skywalk-pedroc-pl-hood-jacket-women\\\/#primaryimage\",\"url\":\"https:\\\/\\\/swissgliders.ch\\\/wp-content\\\/uploads\\\/2024\\\/12\\\/Skywalk_Jacke_Pedroc-PL-Hood-Jacket-Women-1.jpg\",\"contentUrl\":\"https:\\\/\\\/swissgliders.ch\\\/wp-content\\\/uploads\\\/2024\\\/12\\\/Skywalk_Jacke_Pedroc-PL-Hood-Jacket-Women-1.jpg\",\"width\":1400,\"height\":1400,\"caption\":\"Skywalk_Jacke_Pedroc PL Hood Jacket Women-1\"},{\"@type\":\"BreadcrumbList\",\"@id\":\"https:\\\/\\\/swissgliders.ch\\\/de\\\/produkt\\\/skywalk-pedroc-pl-hood-jacket-women\\\/#breadcrumb\",\"itemListElement\":[{\"@type\":\"ListItem\",\"position\":1,\"name\":\"Startseite\",\"item\":\"https:\\\/\\\/swissgliders.ch\\\/de\\\/willkommen\\\/\"},{\"@type\":\"ListItem\",\"position\":2,\"name\":\"Gleitschirm Shop\",\"item\":\"https:\\\/\\\/swissgliders.ch\\\/de\\\/gleitschirm-shop\\\/\"},{\"@type\":\"ListItem\",\"position\":3,\"name\":\"Skywalk Pedroc PL Hood Jacket Women\"}]},{\"@type\":\"WebSite\",\"@id\":\"https:\\\/\\\/swissgliders.ch\\\/de\\\/#website\",\"url\":\"https:\\\/\\\/swissgliders.ch\\\/de\\\/\",\"name\":\"Gleitschirmschule Thun, Bern, Interlaken\",\"description\":\"Gleitschirmschule Thun, Bern, Interlaken\",\"publisher\":{\"@id\":\"https:\\\/\\\/swissgliders.ch\\\/de\\\/#organization\"},\"potentialAction\":[{\"@type\":\"SearchAction\",\"target\":{\"@type\":\"EntryPoint\",\"urlTemplate\":\"https:\\\/\\\/swissgliders.ch\\\/de\\\/?s={search_term_string}\"},\"query-input\":{\"@type\":\"PropertyValueSpecification\",\"valueRequired\":true,\"valueName\":\"search_term_string\"}}],\"inLanguage\":\"de\"},{\"@type\":\"Organization\",\"@id\":\"https:\\\/\\\/swissgliders.ch\\\/de\\\/#organization\",\"name\":\"Swissgliders Gleitschirmflugschule Thun\",\"url\":\"https:\\\/\\\/swissgliders.ch\\\/de\\\/\",\"logo\":{\"@type\":\"ImageObject\",\"inLanguage\":\"de\",\"@id\":\"https:\\\/\\\/swissgliders.ch\\\/de\\\/#\\\/schema\\\/logo\\\/image\\\/\",\"url\":\"https:\\\/\\\/swissgliders.ch\\\/wp-content\\\/uploads\\\/2019\\\/12\\\/swissgliders-logo-rgb-square-L-no-ch-01.png\",\"contentUrl\":\"https:\\\/\\\/swissgliders.ch\\\/wp-content\\\/uploads\\\/2019\\\/12\\\/swissgliders-logo-rgb-square-L-no-ch-01.png\",\"width\":2500,\"height\":2500,\"caption\":\"Swissgliders Gleitschirmflugschule Thun\"},\"image\":{\"@id\":\"https:\\\/\\\/swissgliders.ch\\\/de\\\/#\\\/schema\\\/logo\\\/image\\\/\"},\"sameAs\":[\"https:\\\/\\\/www.facebook.com\\\/swissgliders\",\"https:\\\/\\\/x.com\\\/Swissgliders\",\"https:\\\/\\\/www.instagram.com\\\/swissgliders\\\/\",\"https:\\\/\\\/www.youtube.com\\\/channel\\\/UCMCtGdepy9vBhrhX3V_oJOA\"],\"hasMerchantReturnPolicy\":{\"@type\":\"MerchantReturnPolicy\",\"merchantReturnLink\":\"https:\\\/\\\/swissgliders.ch\\\/de\\\/allgemeine-geschaftsbedingungen\\\/\"}}]}<\/script>\n<meta property=\"og:availability\" content=\"instock\" \/>\n<meta property=\"product:availability\" content=\"instock\" \/>\n<meta property=\"product:condition\" content=\"new\" \/>\n<!-- \/ Yoast SEO Premium plugin. -->","yoast_head_json":{"title":"Skywalk Pedroc PL Hood Jacket Women | Gleitschirmschule Thun, Bern, Interlaken","description":"Skywalk Pedroc PL Hood Jacket Women Leicht, warm und feuchtigkeitsableitend: Die Pedroc Polarlite Fleecejacke verspricht ein ideales K\u00f6rperklima w\u00e4hrend intensiver Aufstiege und h\u00e4lt in Ruhephasen gleichzeitig angenehm warm. Die Jacke punktet vor allem bei intensiven und schnellen Aktivit\u00e4ten wie Speed Hiking-Touren, die sich durch viele Stop-and-Go Phasen sowie wechselnde Witterungsbedingungen auszeichnen.","robots":{"index":"index","follow":"follow","max-snippet":"max-snippet:-1","max-image-preview":"max-image-preview:large","max-video-preview":"max-video-preview:-1"},"canonical":"https:\/\/swissgliders.ch\/de\/produkt\/skywalk-pedroc-pl-hood-jacket-women\/","og_locale":"de_DE","og_type":"article","og_title":"Skywalk Pedroc PL Hood Jacket Women","og_description":"Skywalk Pedroc PL Hood Jacket Women Leicht, warm und feuchtigkeitsableitend: Die Pedroc Polarlite Fleecejacke verspricht ein ideales K\u00f6rperklima w\u00e4hrend intensiver Aufstiege und h\u00e4lt in Ruhephasen gleichzeitig angenehm warm. Die Jacke punktet vor allem bei intensiven und schnellen Aktivit\u00e4ten wie Speed Hiking-Touren, die sich durch viele Stop-and-Go Phasen sowie wechselnde Witterungsbedingungen auszeichnen.","og_url":"https:\/\/swissgliders.ch\/de\/produkt\/skywalk-pedroc-pl-hood-jacket-women\/","og_site_name":"Gleitschirmschule Thun, Bern, Interlaken","article_publisher":"https:\/\/www.facebook.com\/swissgliders","article_modified_time":"2024-12-28T09:53:30+00:00","og_image":[{"width":1400,"height":1400,"url":"https:\/\/swissgliders.ch\/wp-content\/uploads\/2024\/12\/Skywalk_Jacke_Pedroc-PL-Hood-Jacket-Women-1.jpg","type":"image\/jpeg"}],"twitter_card":"summary_large_image","twitter_site":"@Swissgliders","twitter_misc":{"Verf\u00fcgbarkeit":"Auf Lager"},"schema":{"@context":"https:\/\/schema.org","@graph":[{"@type":"WebPage","@id":"https:\/\/swissgliders.ch\/de\/produkt\/skywalk-pedroc-pl-hood-jacket-women\/","url":"https:\/\/swissgliders.ch\/de\/produkt\/skywalk-pedroc-pl-hood-jacket-women\/","name":"Skywalk Pedroc PL Hood Jacket Women | Gleitschirmschule Thun, Bern, Interlaken","isPartOf":{"@id":"https:\/\/swissgliders.ch\/de\/#website"},"primaryImageOfPage":{"@id":"https:\/\/swissgliders.ch\/de\/produkt\/skywalk-pedroc-pl-hood-jacket-women\/#primaryimage"},"image":{"@id":"https:\/\/swissgliders.ch\/de\/produkt\/skywalk-pedroc-pl-hood-jacket-women\/#primaryimage"},"thumbnailUrl":"https:\/\/swissgliders.ch\/wp-content\/uploads\/2024\/12\/Skywalk_Jacke_Pedroc-PL-Hood-Jacket-Women-1.jpg","datePublished":"2024-12-27T08:56:00+00:00","dateModified":"2024-12-28T09:53:30+00:00","description":"Skywalk Pedroc PL Hood Jacket Women Leicht, warm und feuchtigkeitsableitend: Die Pedroc Polarlite Fleecejacke verspricht ein ideales K\u00f6rperklima w\u00e4hrend intensiver Aufstiege und h\u00e4lt in Ruhephasen gleichzeitig angenehm warm. Die Jacke punktet vor allem bei intensiven und schnellen Aktivit\u00e4ten wie Speed Hiking-Touren, die sich durch viele Stop-and-Go Phasen sowie wechselnde Witterungsbedingungen auszeichnen.","breadcrumb":{"@id":"https:\/\/swissgliders.ch\/de\/produkt\/skywalk-pedroc-pl-hood-jacket-women\/#breadcrumb"},"inLanguage":"de","potentialAction":[{"@type":"ReadAction","target":["https:\/\/swissgliders.ch\/de\/produkt\/skywalk-pedroc-pl-hood-jacket-women\/"]}]},{"@type":"ImageObject","inLanguage":"de","@id":"https:\/\/swissgliders.ch\/de\/produkt\/skywalk-pedroc-pl-hood-jacket-women\/#primaryimage","url":"https:\/\/swissgliders.ch\/wp-content\/uploads\/2024\/12\/Skywalk_Jacke_Pedroc-PL-Hood-Jacket-Women-1.jpg","contentUrl":"https:\/\/swissgliders.ch\/wp-content\/uploads\/2024\/12\/Skywalk_Jacke_Pedroc-PL-Hood-Jacket-Women-1.jpg","width":1400,"height":1400,"caption":"Skywalk_Jacke_Pedroc PL Hood Jacket Women-1"},{"@type":"BreadcrumbList","@id":"https:\/\/swissgliders.ch\/de\/produkt\/skywalk-pedroc-pl-hood-jacket-women\/#breadcrumb","itemListElement":[{"@type":"ListItem","position":1,"name":"Startseite","item":"https:\/\/swissgliders.ch\/de\/willkommen\/"},{"@type":"ListItem","position":2,"name":"Gleitschirm Shop","item":"https:\/\/swissgliders.ch\/de\/gleitschirm-shop\/"},{"@type":"ListItem","position":3,"name":"Skywalk Pedroc PL Hood Jacket Women"}]},{"@type":"WebSite","@id":"https:\/\/swissgliders.ch\/de\/#website","url":"https:\/\/swissgliders.ch\/de\/","name":"Gleitschirmschule Thun, Bern, Interlaken","description":"Gleitschirmschule Thun, Bern, Interlaken","publisher":{"@id":"https:\/\/swissgliders.ch\/de\/#organization"},"potentialAction":[{"@type":"SearchAction","target":{"@type":"EntryPoint","urlTemplate":"https:\/\/swissgliders.ch\/de\/?s={search_term_string}"},"query-input":{"@type":"PropertyValueSpecification","valueRequired":true,"valueName":"search_term_string"}}],"inLanguage":"de"},{"@type":"Organization","@id":"https:\/\/swissgliders.ch\/de\/#organization","name":"Swissgliders Gleitschirmflugschule Thun","url":"https:\/\/swissgliders.ch\/de\/","logo":{"@type":"ImageObject","inLanguage":"de","@id":"https:\/\/swissgliders.ch\/de\/#\/schema\/logo\/image\/","url":"https:\/\/swissgliders.ch\/wp-content\/uploads\/2019\/12\/swissgliders-logo-rgb-square-L-no-ch-01.png","contentUrl":"https:\/\/swissgliders.ch\/wp-content\/uploads\/2019\/12\/swissgliders-logo-rgb-square-L-no-ch-01.png","width":2500,"height":2500,"caption":"Swissgliders Gleitschirmflugschule Thun"},"image":{"@id":"https:\/\/swissgliders.ch\/de\/#\/schema\/logo\/image\/"},"sameAs":["https:\/\/www.facebook.com\/swissgliders","https:\/\/x.com\/Swissgliders","https:\/\/www.instagram.com\/swissgliders\/","https:\/\/www.youtube.com\/channel\/UCMCtGdepy9vBhrhX3V_oJOA"],"hasMerchantReturnPolicy":{"@type":"MerchantReturnPolicy","merchantReturnLink":"https:\/\/swissgliders.ch\/de\/allgemeine-geschaftsbedingungen\/"}}]},"og_availability":"instock","product_availability":"instock","product_condition":"new"},"_links":{"self":[{"href":"https:\/\/swissgliders.ch\/de\/wp-json\/wp\/v2\/product\/18166","targetHints":{"allow":["GET"]}}],"collection":[{"href":"https:\/\/swissgliders.ch\/de\/wp-json\/wp\/v2\/product"}],"about":[{"href":"https:\/\/swissgliders.ch\/de\/wp-json\/wp\/v2\/types\/product"}],"replies":[{"embeddable":true,"href":"https:\/\/swissgliders.ch\/de\/wp-json\/wp\/v2\/comments?post=18166"}],"wp:featuredmedia":[{"embeddable":true,"href":"https:\/\/swissgliders.ch\/de\/wp-json\/wp\/v2\/media\/18170"}],"wp:attachment":[{"href":"https:\/\/swissgliders.ch\/de\/wp-json\/wp\/v2\/media?parent=18166"}],"wp:term":[{"taxonomy":"product_brand","embeddable":true,"href":"https:\/\/swissgliders.ch\/de\/wp-json\/wp\/v2\/product_brand?post=18166"},{"taxonomy":"product_cat","embeddable":true,"href":"https:\/\/swissgliders.ch\/de\/wp-json\/wp\/v2\/product_cat?post=18166"},{"taxonomy":"product_tag","embeddable":true,"href":"https:\/\/swissgliders.ch\/de\/wp-json\/wp\/v2\/product_tag?post=18166"}],"curies":[{"name":"wp","href":"https:\/\/api.w.org\/{rel}","templated":true}]}}