{"id":18174,"date":"2024-12-27T10:08:57","date_gmt":"2024-12-27T09:08:57","guid":{"rendered":"https:\/\/swissgliders.ch\/?post_type=product&#038;p=18174"},"modified":"2025-01-08T10:54:23","modified_gmt":"2025-01-08T09:54:23","slug":"skywalk-brenta-rds-down-jacket-women","status":"publish","type":"product","link":"https:\/\/swissgliders.ch\/de\/produkt\/skywalk-brenta-rds-down-jacket-women\/","title":{"rendered":"Skywalk Brenta RDS Down Jacket Women"},"content":{"rendered":"<div class=\"properties-name\">\n<div class=\"properties-name\">\n<div class=\"properties-name\">\n<h3>Brenta RDS Down Jacket Women<\/h3>\n<p><img loading=\"lazy\" decoding=\"async\" class=\"\" src=\"https:\/\/b2b.skywalk.info\/media\/image\/3f\/c0\/d9\/SCBDJW1BL-1.jpg\" width=\"342\" height=\"342\" \/><\/p>\n<div>\n<p>Au\u00dfergew\u00f6hnlich leicht, windbest\u00e4ndig und wasserabweisend \u2013 Brenta, die daunenisolierte Jacke mit Kapuze. Eine 80\/20-Daunenf\u00fcllung mit einer Bauschkraft von 550 cuin. Das leichte, aber best\u00e4ndige Au\u00dfenmaterial, matt-gl\u00e4nzender Nylon, ist zus\u00e4tzlich mit einem dauerhaft wasserabweisenden DWR-Finish versehen.<\/p>\n<p>Das Innenfutter besteht aus seidig weichem daunendichten Taft. Die Jacke kann als warme \u00e4u\u00dfere Lage oder unter einer Shelljacke als isolierende mittlere Lage getragen werden. Au\u00dferdem l\u00e4sst sie sich kompakt im Rucksack verstauen. Der eng anliegende, integrierte isolierte Kragen bietet maximalen Schutz und die ergonomischen Schultern und \u00c4rmel mit Zwickel sorgen f\u00fcr eine optimale Passform.<\/p>\n<p>Der Rei\u00dfverschluss vorne ist mit einer durchgehenden Windschutzleiste versehen und dank der elastischen Abschl\u00fcsse an \u00c4rmeln, Saum und Kapuze bleibt die K\u00e4lte drau\u00dfen und die W\u00e4rme drinnen. Die Jacke hat zwei Handw\u00e4rmertaschen mit Rei\u00dfverschluss.<\/p>\n<\/div>\n<div>Farbe: Black<\/div>\n<\/div>\n<div><\/div>\n<\/div>\n<\/div>\n<p>Mehr <a href=\"https:\/\/shop.skywalk.info\/de\/fashion\/jacken\/3738\/brenta-rds-down-jacket-women\" target=\"_blank\" rel=\"noopener noreferrer\">Info<\/a><\/p>\n<p>Falls dieser Artikel nicht an Lager ist, wird er f\u00fcr dich bestellt. Lieferfrist auf Anfrage.<\/p>\n","protected":false},"excerpt":{"rendered":"<div class=\"properties-name\">\n<div class=\"properties-name\">\n<div class=\"properties-name\">\n<h3>Brenta RDS Down Jacket Women<\/h3>\n<p><img loading=\"lazy\" decoding=\"async\" class=\"\" src=\"https:\/\/b2b.skywalk.info\/media\/image\/3f\/c0\/d9\/SCBDJW1BL-1.jpg\" width=\"342\" height=\"342\" \/><\/p>\n<div>\n<p>Au\u00dfergew\u00f6hnlich leicht, windbest\u00e4ndig und wasserabweisend \u2013 Brenta, die daunenisolierte Jacke mit Kapuze. Eine 80\/20-Daunenf\u00fcllung mit einer Bauschkraft von 550 cuin. Das leichte, aber best\u00e4ndige Au\u00dfenmaterial, matt-gl\u00e4nzender Nylon, ist zus\u00e4tzlich mit einem dauerhaft wasserabweisenden DWR-Finish versehen.<\/p>\n<p>Das Innenfutter besteht aus seidig weichem daunendichten Taft. Die Jacke kann als warme \u00e4u\u00dfere Lage oder unter einer Shelljacke als isolierende mittlere Lage getragen werden. Au\u00dferdem l\u00e4sst sie sich kompakt im Rucksack verstauen. Der eng anliegende, integrierte isolierte Kragen bietet maximalen Schutz und die ergonomischen Schultern und \u00c4rmel mit Zwickel sorgen f\u00fcr eine optimale Passform.<\/p>\n<p>Der Rei\u00dfverschluss vorne ist mit einer durchgehenden Windschutzleiste versehen und dank der elastischen Abschl\u00fcsse an \u00c4rmeln, Saum und Kapuze bleibt die K\u00e4lte drau\u00dfen und die W\u00e4rme drinnen. Die Jacke hat zwei Handw\u00e4rmertaschen mit Rei\u00dfverschluss.<\/p>\n<\/div>\n<div>Farbe: Black<\/div>\n<\/div>\n<div><\/div>\n<\/div>\n<\/div>\n<p>Mehr <a href=\"https:\/\/shop.skywalk.info\/de\/fashion\/jacken\/3738\/brenta-rds-down-jacket-women\" target=\"_blank\" rel=\"noopener noreferrer\">Info<\/a><\/p>\n<p>Falls dieser Artikel nicht an Lager ist, wird er f\u00fcr dich bestellt. Lieferfrist auf Anfrage.<\/p>\n","protected":false},"featured_media":18177,"comment_status":"closed","ping_status":"closed","template":"","meta":[],"product_brand":[],"product_cat":[2022],"product_tag":[918],"class_list":{"0":"post-18174","1":"product","2":"type-product","3":"status-publish","4":"has-post-thumbnail","6":"product_cat-gleitschirm-bekleidung","7":"product_tag-bekleidung","8":"product_shipping_class-priority-10kg-de","10":"first","11":"instock","12":"sale","13":"shipping-taxable","14":"purchasable","15":"product-type-variable"},"yoast_head":"<!-- This site is optimized with the Yoast SEO Premium plugin v26.1 (Yoast SEO v27.3) - https:\/\/yoast.com\/product\/yoast-seo-premium-wordpress\/ -->\n<title>Skywalk Brenta RDS Down Jacket Women | Gleitschirmschule Thun, Bern, Interlaken<\/title>\n<meta name=\"description\" content=\"Skywalk Brenta RDS Down Jacket Women Au\u00dfergew\u00f6hnlich leicht, windbest\u00e4ndig und wasserabweisend \u2013 Brenta, die daunenisolierte Jacke mit Kapuze. Eine 80\/20-Daunenf\u00fcllung mit einer Bauschkraft von 550 cuin. Das leichte, aber best\u00e4ndige Au\u00dfenmaterial, matt-gl\u00e4nzender Nylon, ist zus\u00e4tzlich mit einem dauerhaft wasserabweisenden DWR-Finish versehen.\" \/>\n<meta name=\"robots\" content=\"index, follow, max-snippet:-1, max-image-preview:large, max-video-preview:-1\" \/>\n<link rel=\"canonical\" href=\"https:\/\/swissgliders.ch\/de\/produkt\/skywalk-brenta-rds-down-jacket-women\/\" \/>\n<meta property=\"og:locale\" content=\"de_DE\" \/>\n<meta property=\"og:type\" content=\"article\" \/>\n<meta property=\"og:title\" content=\"Skywalk Brenta RDS Down Jacket Women\" \/>\n<meta property=\"og:description\" content=\"Skywalk Brenta RDS Down Jacket Women Au\u00dfergew\u00f6hnlich leicht, windbest\u00e4ndig und wasserabweisend \u2013 Brenta, die daunenisolierte Jacke mit Kapuze. Eine 80\/20-Daunenf\u00fcllung mit einer Bauschkraft von 550 cuin. Das leichte, aber best\u00e4ndige Au\u00dfenmaterial, matt-gl\u00e4nzender Nylon, ist zus\u00e4tzlich mit einem dauerhaft wasserabweisenden DWR-Finish versehen.\" \/>\n<meta property=\"og:url\" content=\"https:\/\/swissgliders.ch\/de\/produkt\/skywalk-brenta-rds-down-jacket-women\/\" \/>\n<meta property=\"og:site_name\" content=\"Gleitschirmschule Thun, Bern, Interlaken\" \/>\n<meta property=\"article:publisher\" content=\"https:\/\/www.facebook.com\/swissgliders\" \/>\n<meta property=\"article:modified_time\" content=\"2025-01-08T09:54:23+00:00\" \/>\n<meta property=\"og:image\" content=\"https:\/\/swissgliders.ch\/wp-content\/uploads\/2024\/12\/Skywalk_Jacke_Brenta-RDS-Down-Jacket-Women-1.jpg\" \/>\n\t<meta property=\"og:image:width\" content=\"1600\" \/>\n\t<meta property=\"og:image:height\" content=\"1600\" \/>\n\t<meta property=\"og:image:type\" content=\"image\/jpeg\" \/>\n<meta name=\"twitter:card\" content=\"summary_large_image\" \/>\n<meta name=\"twitter:site\" content=\"@Swissgliders\" \/>\n<meta name=\"twitter:label1\" content=\"Verf\u00fcgbarkeit\" \/>\n\t<meta name=\"twitter:data1\" content=\"Auf Lager\" \/>\n<script type=\"application\/ld+json\" class=\"yoast-schema-graph\">{\"@context\":\"https:\\\/\\\/schema.org\",\"@graph\":[{\"@type\":\"WebPage\",\"@id\":\"https:\\\/\\\/swissgliders.ch\\\/de\\\/produkt\\\/skywalk-brenta-rds-down-jacket-women\\\/\",\"url\":\"https:\\\/\\\/swissgliders.ch\\\/de\\\/produkt\\\/skywalk-brenta-rds-down-jacket-women\\\/\",\"name\":\"Skywalk Brenta RDS Down Jacket Women | Gleitschirmschule Thun, Bern, Interlaken\",\"isPartOf\":{\"@id\":\"https:\\\/\\\/swissgliders.ch\\\/de\\\/#website\"},\"primaryImageOfPage\":{\"@id\":\"https:\\\/\\\/swissgliders.ch\\\/de\\\/produkt\\\/skywalk-brenta-rds-down-jacket-women\\\/#primaryimage\"},\"image\":{\"@id\":\"https:\\\/\\\/swissgliders.ch\\\/de\\\/produkt\\\/skywalk-brenta-rds-down-jacket-women\\\/#primaryimage\"},\"thumbnailUrl\":\"https:\\\/\\\/swissgliders.ch\\\/wp-content\\\/uploads\\\/2024\\\/12\\\/Skywalk_Jacke_Brenta-RDS-Down-Jacket-Women-1.jpg\",\"datePublished\":\"2024-12-27T09:08:57+00:00\",\"dateModified\":\"2025-01-08T09:54:23+00:00\",\"description\":\"Skywalk Brenta RDS Down Jacket Women Au\u00dfergew\u00f6hnlich leicht, windbest\u00e4ndig und wasserabweisend \u2013 Brenta, die daunenisolierte Jacke mit Kapuze. Eine 80\\\/20-Daunenf\u00fcllung mit einer Bauschkraft von 550 cuin. Das leichte, aber best\u00e4ndige Au\u00dfenmaterial, matt-gl\u00e4nzender Nylon, ist zus\u00e4tzlich mit einem dauerhaft wasserabweisenden DWR-Finish versehen.\",\"breadcrumb\":{\"@id\":\"https:\\\/\\\/swissgliders.ch\\\/de\\\/produkt\\\/skywalk-brenta-rds-down-jacket-women\\\/#breadcrumb\"},\"inLanguage\":\"de\",\"potentialAction\":[{\"@type\":\"ReadAction\",\"target\":[\"https:\\\/\\\/swissgliders.ch\\\/de\\\/produkt\\\/skywalk-brenta-rds-down-jacket-women\\\/\"]}]},{\"@type\":\"ImageObject\",\"inLanguage\":\"de\",\"@id\":\"https:\\\/\\\/swissgliders.ch\\\/de\\\/produkt\\\/skywalk-brenta-rds-down-jacket-women\\\/#primaryimage\",\"url\":\"https:\\\/\\\/swissgliders.ch\\\/wp-content\\\/uploads\\\/2024\\\/12\\\/Skywalk_Jacke_Brenta-RDS-Down-Jacket-Women-1.jpg\",\"contentUrl\":\"https:\\\/\\\/swissgliders.ch\\\/wp-content\\\/uploads\\\/2024\\\/12\\\/Skywalk_Jacke_Brenta-RDS-Down-Jacket-Women-1.jpg\",\"width\":1600,\"height\":1600,\"caption\":\"Skywalk_Jacke_Brenta RDS Down Jacket Women-1\"},{\"@type\":\"BreadcrumbList\",\"@id\":\"https:\\\/\\\/swissgliders.ch\\\/de\\\/produkt\\\/skywalk-brenta-rds-down-jacket-women\\\/#breadcrumb\",\"itemListElement\":[{\"@type\":\"ListItem\",\"position\":1,\"name\":\"Startseite\",\"item\":\"https:\\\/\\\/swissgliders.ch\\\/de\\\/willkommen\\\/\"},{\"@type\":\"ListItem\",\"position\":2,\"name\":\"Gleitschirm Shop\",\"item\":\"https:\\\/\\\/swissgliders.ch\\\/de\\\/gleitschirm-shop\\\/\"},{\"@type\":\"ListItem\",\"position\":3,\"name\":\"Skywalk Brenta RDS Down Jacket Women\"}]},{\"@type\":\"WebSite\",\"@id\":\"https:\\\/\\\/swissgliders.ch\\\/de\\\/#website\",\"url\":\"https:\\\/\\\/swissgliders.ch\\\/de\\\/\",\"name\":\"Gleitschirmschule Thun, Bern, Interlaken\",\"description\":\"Gleitschirmschule Thun, Bern, Interlaken\",\"publisher\":{\"@id\":\"https:\\\/\\\/swissgliders.ch\\\/de\\\/#organization\"},\"potentialAction\":[{\"@type\":\"SearchAction\",\"target\":{\"@type\":\"EntryPoint\",\"urlTemplate\":\"https:\\\/\\\/swissgliders.ch\\\/de\\\/?s={search_term_string}\"},\"query-input\":{\"@type\":\"PropertyValueSpecification\",\"valueRequired\":true,\"valueName\":\"search_term_string\"}}],\"inLanguage\":\"de\"},{\"@type\":\"Organization\",\"@id\":\"https:\\\/\\\/swissgliders.ch\\\/de\\\/#organization\",\"name\":\"Swissgliders Gleitschirmflugschule Thun\",\"url\":\"https:\\\/\\\/swissgliders.ch\\\/de\\\/\",\"logo\":{\"@type\":\"ImageObject\",\"inLanguage\":\"de\",\"@id\":\"https:\\\/\\\/swissgliders.ch\\\/de\\\/#\\\/schema\\\/logo\\\/image\\\/\",\"url\":\"https:\\\/\\\/swissgliders.ch\\\/wp-content\\\/uploads\\\/2019\\\/12\\\/swissgliders-logo-rgb-square-L-no-ch-01.png\",\"contentUrl\":\"https:\\\/\\\/swissgliders.ch\\\/wp-content\\\/uploads\\\/2019\\\/12\\\/swissgliders-logo-rgb-square-L-no-ch-01.png\",\"width\":2500,\"height\":2500,\"caption\":\"Swissgliders Gleitschirmflugschule Thun\"},\"image\":{\"@id\":\"https:\\\/\\\/swissgliders.ch\\\/de\\\/#\\\/schema\\\/logo\\\/image\\\/\"},\"sameAs\":[\"https:\\\/\\\/www.facebook.com\\\/swissgliders\",\"https:\\\/\\\/x.com\\\/Swissgliders\",\"https:\\\/\\\/www.instagram.com\\\/swissgliders\\\/\",\"https:\\\/\\\/www.youtube.com\\\/channel\\\/UCMCtGdepy9vBhrhX3V_oJOA\"],\"hasMerchantReturnPolicy\":{\"@type\":\"MerchantReturnPolicy\",\"merchantReturnLink\":\"https:\\\/\\\/swissgliders.ch\\\/de\\\/allgemeine-geschaftsbedingungen\\\/\"}}]}<\/script>\n<meta property=\"og:availability\" content=\"instock\" \/>\n<meta property=\"product:availability\" content=\"instock\" \/>\n<meta property=\"product:condition\" content=\"new\" \/>\n<!-- \/ Yoast SEO Premium plugin. -->","yoast_head_json":{"title":"Skywalk Brenta RDS Down Jacket Women | Gleitschirmschule Thun, Bern, Interlaken","description":"Skywalk Brenta RDS Down Jacket Women Au\u00dfergew\u00f6hnlich leicht, windbest\u00e4ndig und wasserabweisend \u2013 Brenta, die daunenisolierte Jacke mit Kapuze. Eine 80\/20-Daunenf\u00fcllung mit einer Bauschkraft von 550 cuin. Das leichte, aber best\u00e4ndige Au\u00dfenmaterial, matt-gl\u00e4nzender Nylon, ist zus\u00e4tzlich mit einem dauerhaft wasserabweisenden DWR-Finish versehen.","robots":{"index":"index","follow":"follow","max-snippet":"max-snippet:-1","max-image-preview":"max-image-preview:large","max-video-preview":"max-video-preview:-1"},"canonical":"https:\/\/swissgliders.ch\/de\/produkt\/skywalk-brenta-rds-down-jacket-women\/","og_locale":"de_DE","og_type":"article","og_title":"Skywalk Brenta RDS Down Jacket Women","og_description":"Skywalk Brenta RDS Down Jacket Women Au\u00dfergew\u00f6hnlich leicht, windbest\u00e4ndig und wasserabweisend \u2013 Brenta, die daunenisolierte Jacke mit Kapuze. Eine 80\/20-Daunenf\u00fcllung mit einer Bauschkraft von 550 cuin. Das leichte, aber best\u00e4ndige Au\u00dfenmaterial, matt-gl\u00e4nzender Nylon, ist zus\u00e4tzlich mit einem dauerhaft wasserabweisenden DWR-Finish versehen.","og_url":"https:\/\/swissgliders.ch\/de\/produkt\/skywalk-brenta-rds-down-jacket-women\/","og_site_name":"Gleitschirmschule Thun, Bern, Interlaken","article_publisher":"https:\/\/www.facebook.com\/swissgliders","article_modified_time":"2025-01-08T09:54:23+00:00","og_image":[{"width":1600,"height":1600,"url":"https:\/\/swissgliders.ch\/wp-content\/uploads\/2024\/12\/Skywalk_Jacke_Brenta-RDS-Down-Jacket-Women-1.jpg","type":"image\/jpeg"}],"twitter_card":"summary_large_image","twitter_site":"@Swissgliders","twitter_misc":{"Verf\u00fcgbarkeit":"Auf Lager"},"schema":{"@context":"https:\/\/schema.org","@graph":[{"@type":"WebPage","@id":"https:\/\/swissgliders.ch\/de\/produkt\/skywalk-brenta-rds-down-jacket-women\/","url":"https:\/\/swissgliders.ch\/de\/produkt\/skywalk-brenta-rds-down-jacket-women\/","name":"Skywalk Brenta RDS Down Jacket Women | Gleitschirmschule Thun, Bern, Interlaken","isPartOf":{"@id":"https:\/\/swissgliders.ch\/de\/#website"},"primaryImageOfPage":{"@id":"https:\/\/swissgliders.ch\/de\/produkt\/skywalk-brenta-rds-down-jacket-women\/#primaryimage"},"image":{"@id":"https:\/\/swissgliders.ch\/de\/produkt\/skywalk-brenta-rds-down-jacket-women\/#primaryimage"},"thumbnailUrl":"https:\/\/swissgliders.ch\/wp-content\/uploads\/2024\/12\/Skywalk_Jacke_Brenta-RDS-Down-Jacket-Women-1.jpg","datePublished":"2024-12-27T09:08:57+00:00","dateModified":"2025-01-08T09:54:23+00:00","description":"Skywalk Brenta RDS Down Jacket Women Au\u00dfergew\u00f6hnlich leicht, windbest\u00e4ndig und wasserabweisend \u2013 Brenta, die daunenisolierte Jacke mit Kapuze. Eine 80\/20-Daunenf\u00fcllung mit einer Bauschkraft von 550 cuin. Das leichte, aber best\u00e4ndige Au\u00dfenmaterial, matt-gl\u00e4nzender Nylon, ist zus\u00e4tzlich mit einem dauerhaft wasserabweisenden DWR-Finish versehen.","breadcrumb":{"@id":"https:\/\/swissgliders.ch\/de\/produkt\/skywalk-brenta-rds-down-jacket-women\/#breadcrumb"},"inLanguage":"de","potentialAction":[{"@type":"ReadAction","target":["https:\/\/swissgliders.ch\/de\/produkt\/skywalk-brenta-rds-down-jacket-women\/"]}]},{"@type":"ImageObject","inLanguage":"de","@id":"https:\/\/swissgliders.ch\/de\/produkt\/skywalk-brenta-rds-down-jacket-women\/#primaryimage","url":"https:\/\/swissgliders.ch\/wp-content\/uploads\/2024\/12\/Skywalk_Jacke_Brenta-RDS-Down-Jacket-Women-1.jpg","contentUrl":"https:\/\/swissgliders.ch\/wp-content\/uploads\/2024\/12\/Skywalk_Jacke_Brenta-RDS-Down-Jacket-Women-1.jpg","width":1600,"height":1600,"caption":"Skywalk_Jacke_Brenta RDS Down Jacket Women-1"},{"@type":"BreadcrumbList","@id":"https:\/\/swissgliders.ch\/de\/produkt\/skywalk-brenta-rds-down-jacket-women\/#breadcrumb","itemListElement":[{"@type":"ListItem","position":1,"name":"Startseite","item":"https:\/\/swissgliders.ch\/de\/willkommen\/"},{"@type":"ListItem","position":2,"name":"Gleitschirm Shop","item":"https:\/\/swissgliders.ch\/de\/gleitschirm-shop\/"},{"@type":"ListItem","position":3,"name":"Skywalk Brenta RDS Down Jacket Women"}]},{"@type":"WebSite","@id":"https:\/\/swissgliders.ch\/de\/#website","url":"https:\/\/swissgliders.ch\/de\/","name":"Gleitschirmschule Thun, Bern, Interlaken","description":"Gleitschirmschule Thun, Bern, Interlaken","publisher":{"@id":"https:\/\/swissgliders.ch\/de\/#organization"},"potentialAction":[{"@type":"SearchAction","target":{"@type":"EntryPoint","urlTemplate":"https:\/\/swissgliders.ch\/de\/?s={search_term_string}"},"query-input":{"@type":"PropertyValueSpecification","valueRequired":true,"valueName":"search_term_string"}}],"inLanguage":"de"},{"@type":"Organization","@id":"https:\/\/swissgliders.ch\/de\/#organization","name":"Swissgliders Gleitschirmflugschule Thun","url":"https:\/\/swissgliders.ch\/de\/","logo":{"@type":"ImageObject","inLanguage":"de","@id":"https:\/\/swissgliders.ch\/de\/#\/schema\/logo\/image\/","url":"https:\/\/swissgliders.ch\/wp-content\/uploads\/2019\/12\/swissgliders-logo-rgb-square-L-no-ch-01.png","contentUrl":"https:\/\/swissgliders.ch\/wp-content\/uploads\/2019\/12\/swissgliders-logo-rgb-square-L-no-ch-01.png","width":2500,"height":2500,"caption":"Swissgliders Gleitschirmflugschule Thun"},"image":{"@id":"https:\/\/swissgliders.ch\/de\/#\/schema\/logo\/image\/"},"sameAs":["https:\/\/www.facebook.com\/swissgliders","https:\/\/x.com\/Swissgliders","https:\/\/www.instagram.com\/swissgliders\/","https:\/\/www.youtube.com\/channel\/UCMCtGdepy9vBhrhX3V_oJOA"],"hasMerchantReturnPolicy":{"@type":"MerchantReturnPolicy","merchantReturnLink":"https:\/\/swissgliders.ch\/de\/allgemeine-geschaftsbedingungen\/"}}]},"og_availability":"instock","product_availability":"instock","product_condition":"new"},"_links":{"self":[{"href":"https:\/\/swissgliders.ch\/de\/wp-json\/wp\/v2\/product\/18174","targetHints":{"allow":["GET"]}}],"collection":[{"href":"https:\/\/swissgliders.ch\/de\/wp-json\/wp\/v2\/product"}],"about":[{"href":"https:\/\/swissgliders.ch\/de\/wp-json\/wp\/v2\/types\/product"}],"replies":[{"embeddable":true,"href":"https:\/\/swissgliders.ch\/de\/wp-json\/wp\/v2\/comments?post=18174"}],"wp:featuredmedia":[{"embeddable":true,"href":"https:\/\/swissgliders.ch\/de\/wp-json\/wp\/v2\/media\/18177"}],"wp:attachment":[{"href":"https:\/\/swissgliders.ch\/de\/wp-json\/wp\/v2\/media?parent=18174"}],"wp:term":[{"taxonomy":"product_brand","embeddable":true,"href":"https:\/\/swissgliders.ch\/de\/wp-json\/wp\/v2\/product_brand?post=18174"},{"taxonomy":"product_cat","embeddable":true,"href":"https:\/\/swissgliders.ch\/de\/wp-json\/wp\/v2\/product_cat?post=18174"},{"taxonomy":"product_tag","embeddable":true,"href":"https:\/\/swissgliders.ch\/de\/wp-json\/wp\/v2\/product_tag?post=18174"}],"curies":[{"name":"wp","href":"https:\/\/api.w.org\/{rel}","templated":true}]}}