{"id":18186,"date":"2024-12-27T17:52:57","date_gmt":"2024-12-27T16:52:57","guid":{"rendered":"https:\/\/swissgliders.ch\/?post_type=product&#038;p=18186"},"modified":"2025-05-08T19:27:17","modified_gmt":"2025-05-08T18:27:17","slug":"skywalk-puez-aqua-4-ptx-2-5l-jacket-women","status":"publish","type":"product","link":"https:\/\/swissgliders.ch\/de\/produkt\/skywalk-puez-aqua-4-ptx-2-5l-jacket-women\/","title":{"rendered":"Skywalk Puez Aqua 4 PTX 2.5L Jacket Women"},"content":{"rendered":"<div class=\"properties-name\">\n<div class=\"properties-name\">\n<div class=\"properties-name\">\n<h3>Puez Aqua 4 PTX 2.5L Jacket Women<\/h3>\n<p><img loading=\"lazy\" decoding=\"async\" class=\"\" src=\"https:\/\/shop.skywalk.info\/media\/image\/e4\/8c\/de\/SCPA4JWNA-3_600x600.jpg\" alt=\"Puez Aqua 4 PTX 2.5L Jacket Women\" width=\"345\" height=\"345\" \/><\/p>\n<p>Das 2,5-Lagen Ripstop-Gewebe mit Powertext\u00ae-Membran besteht zu 57 Prozent aus recycelten Materialien und ist der ideale Begleiter bei widrigen Wetterverh\u00e4ltnissen. Mit einer Wassers\u00e4ule von 10,000 Millimetern ist das Material zuverl\u00e4ssig wasserdicht: Die Wassers\u00e4ule beschreibt dabei den Druck, der gebraucht wird, bis Wasser durch den Stoff dringen kann. Dennoch bleibt die Jacke mit 10,000 g\/m\u00b2\/24h \u00e4u\u00dferst atmungsaktiv: Das bedeutet, innerhalb von 24 Stunden k\u00f6nnen 10 Liter Wasserdampf pro Quadratmeter verdampfen \u2013 so verspricht die Jacke selbst bei anstrengenden Aktivit\u00e4ten einen angenehmen Tragekomfort.<\/p>\n<p>Das Design sowie die Features der Jacke sind auf volle Funktionalit\u00e4t f\u00fcr alpine Wanderungen und Trekkingtouren ausgelegt. Die vollst\u00e4ndig verschwei\u00dften N\u00e4hte, die wasserdichten Rei\u00dfverschl\u00fcsse sowie die dauerhaft wasserabweisende DWR-Beschichtung sch\u00fctzen in der Front genauso wie an den Taschen zuverl\u00e4ssig vor N\u00e4sse und Regen. Mit 310 Gramm ist die Puez Aqua ein Leichtgewicht \u2013 und bringt im Rucksack verstaut gerade einmal das Gewicht von zwei \u00c4pfeln auf die Waage.<\/p>\n<p>Die Puez Aqua wurde aus recycelten Materialien hergestellt sowie mit einem PFC-freien, dauerhaft wasserabweisenden DWR-Finish versehen und ist Teil der SALEWA\u00ae Committed Kollektion, bei der Produkte nach unabh\u00e4ngig gepr\u00fcften Umwelt- und Sozialstandards produziert werden.<\/p>\n<\/div>\n<div>\n<div class=\"properties-name\"><\/div>\n<div>Farbe: Navy Blazer<\/div>\n<\/div>\n<div><\/div>\n<\/div>\n<\/div>\n<p>Mehr <a href=\"https:\/\/shop.skywalk.info\/de\/fashion\/jacken\/3740\/puez-aqua-4-ptx-2.5l-jacket-women\" target=\"_blank\" rel=\"noopener noreferrer\">Info<\/a><\/p>\n<p>Falls dieser Artikel nicht an Lager ist, wird er f\u00fcr dich bestellt. Lieferfrist auf Anfrage.<\/p>\n","protected":false},"excerpt":{"rendered":"<div class=\"properties-name\">\n<div class=\"properties-name\">\n<div class=\"properties-name\">\n<h3>Puez Aqua 4 PTX 2.5L Jacket Women<\/h3>\n<p><img loading=\"lazy\" decoding=\"async\" class=\"\" src=\"https:\/\/shop.skywalk.info\/media\/image\/e4\/8c\/de\/SCPA4JWNA-3_600x600.jpg\" alt=\"Puez Aqua 4 PTX 2.5L Jacket Women\" width=\"345\" height=\"345\" \/><\/p>\n<p>Das 2,5-Lagen Ripstop-Gewebe mit Powertext\u00ae-Membran besteht zu 57 Prozent aus recycelten Materialien und ist der ideale Begleiter bei widrigen Wetterverh\u00e4ltnissen. Mit einer Wassers\u00e4ule von 10,000 Millimetern ist das Material zuverl\u00e4ssig wasserdicht: Die Wassers\u00e4ule beschreibt dabei den Druck, der gebraucht wird, bis Wasser durch den Stoff dringen kann. Dennoch bleibt die Jacke mit 10,000 g\/m\u00b2\/24h \u00e4u\u00dferst atmungsaktiv: Das bedeutet, innerhalb von 24 Stunden k\u00f6nnen 10 Liter Wasserdampf pro Quadratmeter verdampfen \u2013 so verspricht die Jacke selbst bei anstrengenden Aktivit\u00e4ten einen angenehmen Tragekomfort.<\/p>\n<p>Das Design sowie die Features der Jacke sind auf volle Funktionalit\u00e4t f\u00fcr alpine Wanderungen und Trekkingtouren ausgelegt. Die vollst\u00e4ndig verschwei\u00dften N\u00e4hte, die wasserdichten Rei\u00dfverschl\u00fcsse sowie die dauerhaft wasserabweisende DWR-Beschichtung sch\u00fctzen in der Front genauso wie an den Taschen zuverl\u00e4ssig vor N\u00e4sse und Regen. Mit 310 Gramm ist die Puez Aqua ein Leichtgewicht \u2013 und bringt im Rucksack verstaut gerade einmal das Gewicht von zwei \u00c4pfeln auf die Waage.<\/p>\n<p>Die Puez Aqua wurde aus recycelten Materialien hergestellt sowie mit einem PFC-freien, dauerhaft wasserabweisenden DWR-Finish versehen und ist Teil der SALEWA\u00ae Committed Kollektion, bei der Produkte nach unabh\u00e4ngig gepr\u00fcften Umwelt- und Sozialstandards produziert werden.<\/p>\n<\/div>\n<div>\n<div class=\"properties-name\"><\/div>\n<div>Farbe: Navy Blazer<\/div>\n<\/div>\n<div><\/div>\n<\/div>\n<\/div>\n<p>Mehr <a href=\"https:\/\/shop.skywalk.info\/de\/fashion\/jacken\/3740\/puez-aqua-4-ptx-2.5l-jacket-women\" target=\"_blank\" rel=\"noopener noreferrer\">Info<\/a><\/p>\n<p>Falls dieser Artikel nicht an Lager ist, wird er f\u00fcr dich bestellt. Lieferfrist auf Anfrage.<\/p>\n","protected":false},"featured_media":18188,"comment_status":"closed","ping_status":"closed","template":"","meta":[],"product_brand":[],"product_cat":[2022],"product_tag":[918],"class_list":{"0":"post-18186","1":"product","2":"type-product","3":"status-publish","4":"has-post-thumbnail","6":"product_cat-gleitschirm-bekleidung","7":"product_tag-bekleidung","8":"product_shipping_class-priority-2kg-de","10":"first","11":"instock","12":"sale","13":"shipping-taxable","14":"purchasable","15":"product-type-variable"},"yoast_head":"<!-- This site is optimized with the Yoast SEO Premium plugin v26.1 (Yoast SEO v27.3) - https:\/\/yoast.com\/product\/yoast-seo-premium-wordpress\/ -->\n<title>Skywalk Puez Aqua 4 PTX 2.5L Jacket Women | Gleitschirmschule Thun, Bern, Interlaken<\/title>\n<meta name=\"description\" content=\"Skywalk Puez Aqua 4 PTX 2.5L Jacket Women Das Design sowie die Features der Jacke sind auf volle Funktionalit\u00e4t f\u00fcr alpine Wanderungen und Trekkingtouren ausgelegt. Die Puez Aqua wurde aus recycelten Materialien hergestellt sowie mit einem PFC-freien, dauerhaft wasserabweisenden DWR-Finish versehen und ist Teil der SALEWA\u00ae Committed Kollektion, bei der Produkte nach unabh\u00e4ngig gepr\u00fcften Umwelt- und Sozialstandards produziert werden.\u00a0\" \/>\n<meta name=\"robots\" content=\"index, follow, max-snippet:-1, max-image-preview:large, max-video-preview:-1\" \/>\n<link rel=\"canonical\" href=\"https:\/\/swissgliders.ch\/de\/produkt\/skywalk-puez-aqua-4-ptx-2-5l-jacket-women\/\" \/>\n<meta property=\"og:locale\" content=\"de_DE\" \/>\n<meta property=\"og:type\" content=\"article\" \/>\n<meta property=\"og:title\" content=\"Skywalk Puez Aqua 4 PTX 2.5L Jacket Women\" \/>\n<meta property=\"og:description\" content=\"Skywalk Puez Aqua 4 PTX 2.5L Jacket Women Das Design sowie die Features der Jacke sind auf volle Funktionalit\u00e4t f\u00fcr alpine Wanderungen und Trekkingtouren ausgelegt. Die Puez Aqua wurde aus recycelten Materialien hergestellt sowie mit einem PFC-freien, dauerhaft wasserabweisenden DWR-Finish versehen und ist Teil der SALEWA\u00ae Committed Kollektion, bei der Produkte nach unabh\u00e4ngig gepr\u00fcften Umwelt- und Sozialstandards produziert werden.\u00a0\" \/>\n<meta property=\"og:url\" content=\"https:\/\/swissgliders.ch\/de\/produkt\/skywalk-puez-aqua-4-ptx-2-5l-jacket-women\/\" \/>\n<meta property=\"og:site_name\" content=\"Gleitschirmschule Thun, Bern, Interlaken\" \/>\n<meta property=\"article:publisher\" content=\"https:\/\/www.facebook.com\/swissgliders\" \/>\n<meta property=\"article:modified_time\" content=\"2025-05-08T18:27:17+00:00\" \/>\n<meta property=\"og:image\" content=\"https:\/\/swissgliders.ch\/wp-content\/uploads\/2024\/12\/Skywalk_Jacke_Puez_Aqua_4_PTX_2.5L_Jacket_WOMEN-1.jpg\" \/>\n\t<meta property=\"og:image:width\" content=\"1400\" \/>\n\t<meta property=\"og:image:height\" content=\"1400\" \/>\n\t<meta property=\"og:image:type\" content=\"image\/jpeg\" \/>\n<meta name=\"twitter:card\" content=\"summary_large_image\" \/>\n<meta name=\"twitter:site\" content=\"@Swissgliders\" \/>\n<meta name=\"twitter:label1\" content=\"Verf\u00fcgbarkeit\" \/>\n\t<meta name=\"twitter:data1\" content=\"Auf Lager\" \/>\n<script type=\"application\/ld+json\" class=\"yoast-schema-graph\">{\"@context\":\"https:\\\/\\\/schema.org\",\"@graph\":[{\"@type\":\"WebPage\",\"@id\":\"https:\\\/\\\/swissgliders.ch\\\/de\\\/produkt\\\/skywalk-puez-aqua-4-ptx-2-5l-jacket-women\\\/\",\"url\":\"https:\\\/\\\/swissgliders.ch\\\/de\\\/produkt\\\/skywalk-puez-aqua-4-ptx-2-5l-jacket-women\\\/\",\"name\":\"Skywalk Puez Aqua 4 PTX 2.5L Jacket Women | Gleitschirmschule Thun, Bern, Interlaken\",\"isPartOf\":{\"@id\":\"https:\\\/\\\/swissgliders.ch\\\/de\\\/#website\"},\"primaryImageOfPage\":{\"@id\":\"https:\\\/\\\/swissgliders.ch\\\/de\\\/produkt\\\/skywalk-puez-aqua-4-ptx-2-5l-jacket-women\\\/#primaryimage\"},\"image\":{\"@id\":\"https:\\\/\\\/swissgliders.ch\\\/de\\\/produkt\\\/skywalk-puez-aqua-4-ptx-2-5l-jacket-women\\\/#primaryimage\"},\"thumbnailUrl\":\"https:\\\/\\\/swissgliders.ch\\\/wp-content\\\/uploads\\\/2024\\\/12\\\/Skywalk_Jacke_Puez_Aqua_4_PTX_2.5L_Jacket_WOMEN-1.jpg\",\"datePublished\":\"2024-12-27T16:52:57+00:00\",\"dateModified\":\"2025-05-08T18:27:17+00:00\",\"description\":\"Skywalk Puez Aqua 4 PTX 2.5L Jacket Women Das Design sowie die Features der Jacke sind auf volle Funktionalit\u00e4t f\u00fcr alpine Wanderungen und Trekkingtouren ausgelegt. Die Puez Aqua wurde aus recycelten Materialien hergestellt sowie mit einem PFC-freien, dauerhaft wasserabweisenden DWR-Finish versehen und ist Teil der SALEWA\u00ae Committed Kollektion, bei der Produkte nach unabh\u00e4ngig gepr\u00fcften Umwelt- und Sozialstandards produziert werden.\u00a0\",\"breadcrumb\":{\"@id\":\"https:\\\/\\\/swissgliders.ch\\\/de\\\/produkt\\\/skywalk-puez-aqua-4-ptx-2-5l-jacket-women\\\/#breadcrumb\"},\"inLanguage\":\"de\",\"potentialAction\":[{\"@type\":\"ReadAction\",\"target\":[\"https:\\\/\\\/swissgliders.ch\\\/de\\\/produkt\\\/skywalk-puez-aqua-4-ptx-2-5l-jacket-women\\\/\"]}]},{\"@type\":\"ImageObject\",\"inLanguage\":\"de\",\"@id\":\"https:\\\/\\\/swissgliders.ch\\\/de\\\/produkt\\\/skywalk-puez-aqua-4-ptx-2-5l-jacket-women\\\/#primaryimage\",\"url\":\"https:\\\/\\\/swissgliders.ch\\\/wp-content\\\/uploads\\\/2024\\\/12\\\/Skywalk_Jacke_Puez_Aqua_4_PTX_2.5L_Jacket_WOMEN-1.jpg\",\"contentUrl\":\"https:\\\/\\\/swissgliders.ch\\\/wp-content\\\/uploads\\\/2024\\\/12\\\/Skywalk_Jacke_Puez_Aqua_4_PTX_2.5L_Jacket_WOMEN-1.jpg\",\"width\":1400,\"height\":1400,\"caption\":\"Skywalk_Jacke_Puez_Aqua_4_PTX_2.5L_Jacket_WOMEN-1\"},{\"@type\":\"BreadcrumbList\",\"@id\":\"https:\\\/\\\/swissgliders.ch\\\/de\\\/produkt\\\/skywalk-puez-aqua-4-ptx-2-5l-jacket-women\\\/#breadcrumb\",\"itemListElement\":[{\"@type\":\"ListItem\",\"position\":1,\"name\":\"Startseite\",\"item\":\"https:\\\/\\\/swissgliders.ch\\\/de\\\/willkommen\\\/\"},{\"@type\":\"ListItem\",\"position\":2,\"name\":\"Gleitschirm Shop\",\"item\":\"https:\\\/\\\/swissgliders.ch\\\/de\\\/gleitschirm-shop\\\/\"},{\"@type\":\"ListItem\",\"position\":3,\"name\":\"Skywalk Puez Aqua 4 PTX 2.5L Jacket Women\"}]},{\"@type\":\"WebSite\",\"@id\":\"https:\\\/\\\/swissgliders.ch\\\/de\\\/#website\",\"url\":\"https:\\\/\\\/swissgliders.ch\\\/de\\\/\",\"name\":\"Gleitschirmschule Thun, Bern, Interlaken\",\"description\":\"Gleitschirmschule Thun, Bern, Interlaken\",\"publisher\":{\"@id\":\"https:\\\/\\\/swissgliders.ch\\\/de\\\/#organization\"},\"potentialAction\":[{\"@type\":\"SearchAction\",\"target\":{\"@type\":\"EntryPoint\",\"urlTemplate\":\"https:\\\/\\\/swissgliders.ch\\\/de\\\/?s={search_term_string}\"},\"query-input\":{\"@type\":\"PropertyValueSpecification\",\"valueRequired\":true,\"valueName\":\"search_term_string\"}}],\"inLanguage\":\"de\"},{\"@type\":\"Organization\",\"@id\":\"https:\\\/\\\/swissgliders.ch\\\/de\\\/#organization\",\"name\":\"Swissgliders Gleitschirmflugschule Thun\",\"url\":\"https:\\\/\\\/swissgliders.ch\\\/de\\\/\",\"logo\":{\"@type\":\"ImageObject\",\"inLanguage\":\"de\",\"@id\":\"https:\\\/\\\/swissgliders.ch\\\/de\\\/#\\\/schema\\\/logo\\\/image\\\/\",\"url\":\"https:\\\/\\\/swissgliders.ch\\\/wp-content\\\/uploads\\\/2019\\\/12\\\/swissgliders-logo-rgb-square-L-no-ch-01.png\",\"contentUrl\":\"https:\\\/\\\/swissgliders.ch\\\/wp-content\\\/uploads\\\/2019\\\/12\\\/swissgliders-logo-rgb-square-L-no-ch-01.png\",\"width\":2500,\"height\":2500,\"caption\":\"Swissgliders Gleitschirmflugschule Thun\"},\"image\":{\"@id\":\"https:\\\/\\\/swissgliders.ch\\\/de\\\/#\\\/schema\\\/logo\\\/image\\\/\"},\"sameAs\":[\"https:\\\/\\\/www.facebook.com\\\/swissgliders\",\"https:\\\/\\\/x.com\\\/Swissgliders\",\"https:\\\/\\\/www.instagram.com\\\/swissgliders\\\/\",\"https:\\\/\\\/www.youtube.com\\\/channel\\\/UCMCtGdepy9vBhrhX3V_oJOA\"],\"hasMerchantReturnPolicy\":{\"@type\":\"MerchantReturnPolicy\",\"merchantReturnLink\":\"https:\\\/\\\/swissgliders.ch\\\/de\\\/allgemeine-geschaftsbedingungen\\\/\"}}]}<\/script>\n<meta property=\"og:availability\" content=\"instock\" \/>\n<meta property=\"product:availability\" content=\"instock\" \/>\n<meta property=\"product:condition\" content=\"new\" \/>\n<!-- \/ Yoast SEO Premium plugin. -->","yoast_head_json":{"title":"Skywalk Puez Aqua 4 PTX 2.5L Jacket Women | Gleitschirmschule Thun, Bern, Interlaken","description":"Skywalk Puez Aqua 4 PTX 2.5L Jacket Women Das Design sowie die Features der Jacke sind auf volle Funktionalit\u00e4t f\u00fcr alpine Wanderungen und Trekkingtouren ausgelegt. Die Puez Aqua wurde aus recycelten Materialien hergestellt sowie mit einem PFC-freien, dauerhaft wasserabweisenden DWR-Finish versehen und ist Teil der SALEWA\u00ae Committed Kollektion, bei der Produkte nach unabh\u00e4ngig gepr\u00fcften Umwelt- und Sozialstandards produziert werden.\u00a0","robots":{"index":"index","follow":"follow","max-snippet":"max-snippet:-1","max-image-preview":"max-image-preview:large","max-video-preview":"max-video-preview:-1"},"canonical":"https:\/\/swissgliders.ch\/de\/produkt\/skywalk-puez-aqua-4-ptx-2-5l-jacket-women\/","og_locale":"de_DE","og_type":"article","og_title":"Skywalk Puez Aqua 4 PTX 2.5L Jacket Women","og_description":"Skywalk Puez Aqua 4 PTX 2.5L Jacket Women Das Design sowie die Features der Jacke sind auf volle Funktionalit\u00e4t f\u00fcr alpine Wanderungen und Trekkingtouren ausgelegt. Die Puez Aqua wurde aus recycelten Materialien hergestellt sowie mit einem PFC-freien, dauerhaft wasserabweisenden DWR-Finish versehen und ist Teil der SALEWA\u00ae Committed Kollektion, bei der Produkte nach unabh\u00e4ngig gepr\u00fcften Umwelt- und Sozialstandards produziert werden.\u00a0","og_url":"https:\/\/swissgliders.ch\/de\/produkt\/skywalk-puez-aqua-4-ptx-2-5l-jacket-women\/","og_site_name":"Gleitschirmschule Thun, Bern, Interlaken","article_publisher":"https:\/\/www.facebook.com\/swissgliders","article_modified_time":"2025-05-08T18:27:17+00:00","og_image":[{"width":1400,"height":1400,"url":"https:\/\/swissgliders.ch\/wp-content\/uploads\/2024\/12\/Skywalk_Jacke_Puez_Aqua_4_PTX_2.5L_Jacket_WOMEN-1.jpg","type":"image\/jpeg"}],"twitter_card":"summary_large_image","twitter_site":"@Swissgliders","twitter_misc":{"Verf\u00fcgbarkeit":"Auf Lager"},"schema":{"@context":"https:\/\/schema.org","@graph":[{"@type":"WebPage","@id":"https:\/\/swissgliders.ch\/de\/produkt\/skywalk-puez-aqua-4-ptx-2-5l-jacket-women\/","url":"https:\/\/swissgliders.ch\/de\/produkt\/skywalk-puez-aqua-4-ptx-2-5l-jacket-women\/","name":"Skywalk Puez Aqua 4 PTX 2.5L Jacket Women | Gleitschirmschule Thun, Bern, Interlaken","isPartOf":{"@id":"https:\/\/swissgliders.ch\/de\/#website"},"primaryImageOfPage":{"@id":"https:\/\/swissgliders.ch\/de\/produkt\/skywalk-puez-aqua-4-ptx-2-5l-jacket-women\/#primaryimage"},"image":{"@id":"https:\/\/swissgliders.ch\/de\/produkt\/skywalk-puez-aqua-4-ptx-2-5l-jacket-women\/#primaryimage"},"thumbnailUrl":"https:\/\/swissgliders.ch\/wp-content\/uploads\/2024\/12\/Skywalk_Jacke_Puez_Aqua_4_PTX_2.5L_Jacket_WOMEN-1.jpg","datePublished":"2024-12-27T16:52:57+00:00","dateModified":"2025-05-08T18:27:17+00:00","description":"Skywalk Puez Aqua 4 PTX 2.5L Jacket Women Das Design sowie die Features der Jacke sind auf volle Funktionalit\u00e4t f\u00fcr alpine Wanderungen und Trekkingtouren ausgelegt. Die Puez Aqua wurde aus recycelten Materialien hergestellt sowie mit einem PFC-freien, dauerhaft wasserabweisenden DWR-Finish versehen und ist Teil der SALEWA\u00ae Committed Kollektion, bei der Produkte nach unabh\u00e4ngig gepr\u00fcften Umwelt- und Sozialstandards produziert werden.\u00a0","breadcrumb":{"@id":"https:\/\/swissgliders.ch\/de\/produkt\/skywalk-puez-aqua-4-ptx-2-5l-jacket-women\/#breadcrumb"},"inLanguage":"de","potentialAction":[{"@type":"ReadAction","target":["https:\/\/swissgliders.ch\/de\/produkt\/skywalk-puez-aqua-4-ptx-2-5l-jacket-women\/"]}]},{"@type":"ImageObject","inLanguage":"de","@id":"https:\/\/swissgliders.ch\/de\/produkt\/skywalk-puez-aqua-4-ptx-2-5l-jacket-women\/#primaryimage","url":"https:\/\/swissgliders.ch\/wp-content\/uploads\/2024\/12\/Skywalk_Jacke_Puez_Aqua_4_PTX_2.5L_Jacket_WOMEN-1.jpg","contentUrl":"https:\/\/swissgliders.ch\/wp-content\/uploads\/2024\/12\/Skywalk_Jacke_Puez_Aqua_4_PTX_2.5L_Jacket_WOMEN-1.jpg","width":1400,"height":1400,"caption":"Skywalk_Jacke_Puez_Aqua_4_PTX_2.5L_Jacket_WOMEN-1"},{"@type":"BreadcrumbList","@id":"https:\/\/swissgliders.ch\/de\/produkt\/skywalk-puez-aqua-4-ptx-2-5l-jacket-women\/#breadcrumb","itemListElement":[{"@type":"ListItem","position":1,"name":"Startseite","item":"https:\/\/swissgliders.ch\/de\/willkommen\/"},{"@type":"ListItem","position":2,"name":"Gleitschirm Shop","item":"https:\/\/swissgliders.ch\/de\/gleitschirm-shop\/"},{"@type":"ListItem","position":3,"name":"Skywalk Puez Aqua 4 PTX 2.5L Jacket Women"}]},{"@type":"WebSite","@id":"https:\/\/swissgliders.ch\/de\/#website","url":"https:\/\/swissgliders.ch\/de\/","name":"Gleitschirmschule Thun, Bern, Interlaken","description":"Gleitschirmschule Thun, Bern, Interlaken","publisher":{"@id":"https:\/\/swissgliders.ch\/de\/#organization"},"potentialAction":[{"@type":"SearchAction","target":{"@type":"EntryPoint","urlTemplate":"https:\/\/swissgliders.ch\/de\/?s={search_term_string}"},"query-input":{"@type":"PropertyValueSpecification","valueRequired":true,"valueName":"search_term_string"}}],"inLanguage":"de"},{"@type":"Organization","@id":"https:\/\/swissgliders.ch\/de\/#organization","name":"Swissgliders Gleitschirmflugschule Thun","url":"https:\/\/swissgliders.ch\/de\/","logo":{"@type":"ImageObject","inLanguage":"de","@id":"https:\/\/swissgliders.ch\/de\/#\/schema\/logo\/image\/","url":"https:\/\/swissgliders.ch\/wp-content\/uploads\/2019\/12\/swissgliders-logo-rgb-square-L-no-ch-01.png","contentUrl":"https:\/\/swissgliders.ch\/wp-content\/uploads\/2019\/12\/swissgliders-logo-rgb-square-L-no-ch-01.png","width":2500,"height":2500,"caption":"Swissgliders Gleitschirmflugschule Thun"},"image":{"@id":"https:\/\/swissgliders.ch\/de\/#\/schema\/logo\/image\/"},"sameAs":["https:\/\/www.facebook.com\/swissgliders","https:\/\/x.com\/Swissgliders","https:\/\/www.instagram.com\/swissgliders\/","https:\/\/www.youtube.com\/channel\/UCMCtGdepy9vBhrhX3V_oJOA"],"hasMerchantReturnPolicy":{"@type":"MerchantReturnPolicy","merchantReturnLink":"https:\/\/swissgliders.ch\/de\/allgemeine-geschaftsbedingungen\/"}}]},"og_availability":"instock","product_availability":"instock","product_condition":"new"},"_links":{"self":[{"href":"https:\/\/swissgliders.ch\/de\/wp-json\/wp\/v2\/product\/18186","targetHints":{"allow":["GET"]}}],"collection":[{"href":"https:\/\/swissgliders.ch\/de\/wp-json\/wp\/v2\/product"}],"about":[{"href":"https:\/\/swissgliders.ch\/de\/wp-json\/wp\/v2\/types\/product"}],"replies":[{"embeddable":true,"href":"https:\/\/swissgliders.ch\/de\/wp-json\/wp\/v2\/comments?post=18186"}],"wp:featuredmedia":[{"embeddable":true,"href":"https:\/\/swissgliders.ch\/de\/wp-json\/wp\/v2\/media\/18188"}],"wp:attachment":[{"href":"https:\/\/swissgliders.ch\/de\/wp-json\/wp\/v2\/media?parent=18186"}],"wp:term":[{"taxonomy":"product_brand","embeddable":true,"href":"https:\/\/swissgliders.ch\/de\/wp-json\/wp\/v2\/product_brand?post=18186"},{"taxonomy":"product_cat","embeddable":true,"href":"https:\/\/swissgliders.ch\/de\/wp-json\/wp\/v2\/product_cat?post=18186"},{"taxonomy":"product_tag","embeddable":true,"href":"https:\/\/swissgliders.ch\/de\/wp-json\/wp\/v2\/product_tag?post=18186"}],"curies":[{"name":"wp","href":"https:\/\/api.w.org\/{rel}","templated":true}]}}