{"id":18217,"date":"2024-12-28T09:24:43","date_gmt":"2024-12-28T08:24:43","guid":{"rendered":"https:\/\/swissgliders.ch\/?post_type=product&#038;p=18217"},"modified":"2024-12-28T10:47:46","modified_gmt":"2024-12-28T09:47:46","slug":"skywalk-pedroc-dry-tanktop-women","status":"publish","type":"product","link":"https:\/\/swissgliders.ch\/de\/produkt\/skywalk-pedroc-dry-tanktop-women\/","title":{"rendered":"Skywalk Pedroc Dry Tanktop Women"},"content":{"rendered":"<div class=\"properties-name\">\n<div class=\"properties-name\">\n<div class=\"properties-name\">\n<h3>Skywalk Pedroc Dry Tanktop Women<\/h3>\n<h1 class=\"product--title\"><img loading=\"lazy\" decoding=\"async\" class=\"\" src=\"https:\/\/shop.skywalk.info\/media\/image\/fc\/9e\/36\/SCPDTW1BL-1.jpg\" width=\"305\" height=\"305\" \/><img loading=\"lazy\" decoding=\"async\" class=\"\" src=\"https:\/\/shop.skywalk.info\/media\/image\/7c\/24\/68\/SCPDTW1GY.jpg\" width=\"305\" height=\"305\" \/><\/h1>\n<p><strong>\u00a0 \u00a0 \u00a0 \u00a0 \u00a0 \u00a0 \u00a0 \u00a0 \u00a0 \u00a0 \u00a0 \u00a0 \u00a0 \u00a0 \u00a0 \u00a0 \u00a0BLACK\u00a0 \u00a0<\/strong>\u00a0 \u00a0 \u00a0 \u00a0 \u00a0 \u00a0 \u00a0 \u00a0 \u00a0 \u00a0 \u00a0 \u00a0 \u00a0 \u00a0 \u00a0 \u00a0 \u00a0 \u00a0 \u00a0 \u00a0 \u00a0 \u00a0 \u00a0 \u00a0 \u00a0 \u00a0 \u00a0 \u00a0 \u00a0 \u00a0 \u00a0 \u00a0 \u00a0 <strong>GREY<\/strong><\/p>\n<\/div>\n<\/div>\n<div>Die hybride Materialmischung zeichnet sich durch hohe feuchtigkeitsregulierende Eigenschaften aus, ist \u00e4u\u00dferst atmungsaktiv und schnelltrocknend. Neben dem hohen Tragekomfort punktet das Tanktop mit seinem klassischen, zeitlosen Rundhalsausschnitt. F\u00fcr ein noch angenehmeres Gef\u00fchl auf der Hauthaben wurde das Dry\u2019ton Gewebe verbessert und der Einsatz von Elastan sorgt f\u00fcr die n\u00f6tige Bewegungsfreiheit.<\/div>\n<div><\/div>\n<div>Das Material leitet Feuchtigkeit schnell von der Haut ab und unterst\u00fctzt die nat\u00fcrliche Klimaregulierung. Dar\u00fcber hinaus kommt ein noch leichteres Dry\u2019ton Mesh-Gewebe am R\u00fccken, wo schnell W\u00e4rme entsteht, zum Einsatz. Zus\u00e4tzlich ist das Tanktop mit einer geruchshemmenden Ausr\u00fcstung versehen \u2013 damit selbst an langen Tagen keine unangenehmen Ger\u00fcche entstehen.<\/div>\n<div><\/div>\n<div>Farbe:\u00a0<a href=\"https:\/\/shop.skywalk.info\/de\/fashion\/shirts\/3742\/pedroc-dry-tanktop-women?c=348\">Black<\/a><\/div>\n<div>Farbe: <a href=\"https:\/\/shop.skywalk.info\/de\/fashion\/shirts\/3514\/pedroc-dry-tanktop-women?c=348\">Grey<\/a><\/div>\n<\/div>\n<p>&nbsp;<\/p>\n<p>Falls dieser Artikel nicht an Lager ist, wird er f\u00fcr dich bestellt. Lieferfrist auf Anfrage.<\/p>\n","protected":false},"excerpt":{"rendered":"<div class=\"properties-name\">\n<div class=\"properties-name\">\n<div class=\"properties-name\">\n<h3>Skywalk Pedroc Dry Tanktop Women<\/h3>\n<h1 class=\"product--title\"><img loading=\"lazy\" decoding=\"async\" class=\"\" src=\"https:\/\/shop.skywalk.info\/media\/image\/fc\/9e\/36\/SCPDTW1BL-1.jpg\" width=\"305\" height=\"305\" \/><img loading=\"lazy\" decoding=\"async\" class=\"\" src=\"https:\/\/shop.skywalk.info\/media\/image\/7c\/24\/68\/SCPDTW1GY.jpg\" width=\"305\" height=\"305\" \/><\/h1>\n<p><strong>\u00a0 \u00a0 \u00a0 \u00a0 \u00a0 \u00a0 \u00a0 \u00a0 \u00a0 \u00a0 \u00a0 \u00a0 \u00a0 \u00a0 \u00a0 \u00a0 \u00a0BLACK\u00a0 \u00a0<\/strong>\u00a0 \u00a0 \u00a0 \u00a0 \u00a0 \u00a0 \u00a0 \u00a0 \u00a0 \u00a0 \u00a0 \u00a0 \u00a0 \u00a0 \u00a0 \u00a0 \u00a0 \u00a0 \u00a0 \u00a0 \u00a0 \u00a0 \u00a0 \u00a0 \u00a0 \u00a0 \u00a0 \u00a0 \u00a0 \u00a0 \u00a0 \u00a0 \u00a0 <strong>GREY<\/strong><\/p>\n<\/div>\n<\/div>\n<div>Die hybride Materialmischung zeichnet sich durch hohe feuchtigkeitsregulierende Eigenschaften aus, ist \u00e4u\u00dferst atmungsaktiv und schnelltrocknend. Neben dem hohen Tragekomfort punktet das Tanktop mit seinem klassischen, zeitlosen Rundhalsausschnitt. F\u00fcr ein noch angenehmeres Gef\u00fchl auf der Hauthaben wurde das Dry\u2019ton Gewebe verbessert und der Einsatz von Elastan sorgt f\u00fcr die n\u00f6tige Bewegungsfreiheit.<\/div>\n<div><\/div>\n<div>Das Material leitet Feuchtigkeit schnell von der Haut ab und unterst\u00fctzt die nat\u00fcrliche Klimaregulierung. Dar\u00fcber hinaus kommt ein noch leichteres Dry\u2019ton Mesh-Gewebe am R\u00fccken, wo schnell W\u00e4rme entsteht, zum Einsatz. Zus\u00e4tzlich ist das Tanktop mit einer geruchshemmenden Ausr\u00fcstung versehen \u2013 damit selbst an langen Tagen keine unangenehmen Ger\u00fcche entstehen.<\/div>\n<div><\/div>\n<div>Farbe:\u00a0<a href=\"https:\/\/shop.skywalk.info\/de\/fashion\/shirts\/3742\/pedroc-dry-tanktop-women?c=348\">Black<\/a><\/div>\n<div>Farbe: <a href=\"https:\/\/shop.skywalk.info\/de\/fashion\/shirts\/3514\/pedroc-dry-tanktop-women?c=348\">Grey<\/a><\/div>\n<\/div>\n<p>&nbsp;<\/p>\n<p>Falls dieser Artikel nicht an Lager ist, wird er f\u00fcr dich bestellt. Lieferfrist auf Anfrage.<\/p>\n","protected":false},"featured_media":18220,"comment_status":"closed","ping_status":"closed","template":"","meta":[],"product_brand":[],"product_cat":[2022],"product_tag":[918],"class_list":{"0":"post-18217","1":"product","2":"type-product","3":"status-publish","4":"has-post-thumbnail","6":"product_cat-gleitschirm-bekleidung","7":"product_tag-bekleidung","8":"product_shipping_class-priority-10kg-de","10":"first","11":"instock","12":"sale","13":"shipping-taxable","14":"purchasable","15":"product-type-variable"},"yoast_head":"<!-- This site is optimized with the Yoast SEO Premium plugin v26.1 (Yoast SEO v27.3) - https:\/\/yoast.com\/product\/yoast-seo-premium-wordpress\/ -->\n<title>Skywalk Pedroc Dry Tanktop Women | Gleitschirmschule Thun, Bern, Interlaken<\/title>\n<meta name=\"description\" content=\"Skywalk Pedroc Dry Tanktop Women Die hybride Materialmischung zeichnet sich durch hohe feuchtigkeitsregulierende Eigenschaften aus, ist \u00e4u\u00dferst atmungsaktiv und schnelltrocknend. Neben dem hohen Tragekomfort punktet das Tanktop mit seinem klassischen, zeitlosen Rundhalsausschnitt. F\u00fcr ein noch angenehmeres Gef\u00fchl auf der Hauthaben wurde das Dry\u2019ton Gewebe verbessert und der Einsatz von Elastan sorgt f\u00fcr die n\u00f6tige Bewegungsfreiheit.\" \/>\n<meta name=\"robots\" content=\"index, follow, max-snippet:-1, max-image-preview:large, max-video-preview:-1\" \/>\n<link rel=\"canonical\" href=\"https:\/\/swissgliders.ch\/de\/produkt\/skywalk-pedroc-dry-tanktop-women\/\" \/>\n<meta property=\"og:locale\" content=\"de_DE\" \/>\n<meta property=\"og:type\" content=\"article\" \/>\n<meta property=\"og:title\" content=\"Skywalk Pedroc Dry Tanktop Women\" \/>\n<meta property=\"og:description\" content=\"Skywalk Pedroc Dry Tanktop Women Die hybride Materialmischung zeichnet sich durch hohe feuchtigkeitsregulierende Eigenschaften aus, ist \u00e4u\u00dferst atmungsaktiv und schnelltrocknend. Neben dem hohen Tragekomfort punktet das Tanktop mit seinem klassischen, zeitlosen Rundhalsausschnitt. F\u00fcr ein noch angenehmeres Gef\u00fchl auf der Hauthaben wurde das Dry\u2019ton Gewebe verbessert und der Einsatz von Elastan sorgt f\u00fcr die n\u00f6tige Bewegungsfreiheit.\" \/>\n<meta property=\"og:url\" content=\"https:\/\/swissgliders.ch\/de\/produkt\/skywalk-pedroc-dry-tanktop-women\/\" \/>\n<meta property=\"og:site_name\" content=\"Gleitschirmschule Thun, Bern, Interlaken\" \/>\n<meta property=\"article:publisher\" content=\"https:\/\/www.facebook.com\/swissgliders\" \/>\n<meta property=\"article:modified_time\" content=\"2024-12-28T09:47:46+00:00\" \/>\n<meta property=\"og:image\" content=\"https:\/\/swissgliders.ch\/wp-content\/uploads\/2024\/12\/Skywalk_Tanktop_Pedroc-Dry-Tanktop-Women-1.jpg\" \/>\n\t<meta property=\"og:image:width\" content=\"1680\" \/>\n\t<meta property=\"og:image:height\" content=\"1680\" \/>\n\t<meta property=\"og:image:type\" content=\"image\/jpeg\" \/>\n<meta name=\"twitter:card\" content=\"summary_large_image\" \/>\n<meta name=\"twitter:site\" content=\"@Swissgliders\" \/>\n<meta name=\"twitter:label1\" content=\"Verf\u00fcgbarkeit\" \/>\n\t<meta name=\"twitter:data1\" content=\"Auf Lager\" \/>\n<script type=\"application\/ld+json\" class=\"yoast-schema-graph\">{\"@context\":\"https:\\\/\\\/schema.org\",\"@graph\":[{\"@type\":\"WebPage\",\"@id\":\"https:\\\/\\\/swissgliders.ch\\\/de\\\/produkt\\\/skywalk-pedroc-dry-tanktop-women\\\/\",\"url\":\"https:\\\/\\\/swissgliders.ch\\\/de\\\/produkt\\\/skywalk-pedroc-dry-tanktop-women\\\/\",\"name\":\"Skywalk Pedroc Dry Tanktop Women | Gleitschirmschule Thun, Bern, Interlaken\",\"isPartOf\":{\"@id\":\"https:\\\/\\\/swissgliders.ch\\\/de\\\/#website\"},\"primaryImageOfPage\":{\"@id\":\"https:\\\/\\\/swissgliders.ch\\\/de\\\/produkt\\\/skywalk-pedroc-dry-tanktop-women\\\/#primaryimage\"},\"image\":{\"@id\":\"https:\\\/\\\/swissgliders.ch\\\/de\\\/produkt\\\/skywalk-pedroc-dry-tanktop-women\\\/#primaryimage\"},\"thumbnailUrl\":\"https:\\\/\\\/swissgliders.ch\\\/wp-content\\\/uploads\\\/2024\\\/12\\\/Skywalk_Tanktop_Pedroc-Dry-Tanktop-Women-1.jpg\",\"datePublished\":\"2024-12-28T08:24:43+00:00\",\"dateModified\":\"2024-12-28T09:47:46+00:00\",\"description\":\"Skywalk Pedroc Dry Tanktop Women Die hybride Materialmischung zeichnet sich durch hohe feuchtigkeitsregulierende Eigenschaften aus, ist \u00e4u\u00dferst atmungsaktiv und schnelltrocknend. Neben dem hohen Tragekomfort punktet das Tanktop mit seinem klassischen, zeitlosen Rundhalsausschnitt. F\u00fcr ein noch angenehmeres Gef\u00fchl auf der Hauthaben wurde das Dry\u2019ton Gewebe verbessert und der Einsatz von Elastan sorgt f\u00fcr die n\u00f6tige Bewegungsfreiheit.\",\"breadcrumb\":{\"@id\":\"https:\\\/\\\/swissgliders.ch\\\/de\\\/produkt\\\/skywalk-pedroc-dry-tanktop-women\\\/#breadcrumb\"},\"inLanguage\":\"de\",\"potentialAction\":[{\"@type\":\"ReadAction\",\"target\":[\"https:\\\/\\\/swissgliders.ch\\\/de\\\/produkt\\\/skywalk-pedroc-dry-tanktop-women\\\/\"]}]},{\"@type\":\"ImageObject\",\"inLanguage\":\"de\",\"@id\":\"https:\\\/\\\/swissgliders.ch\\\/de\\\/produkt\\\/skywalk-pedroc-dry-tanktop-women\\\/#primaryimage\",\"url\":\"https:\\\/\\\/swissgliders.ch\\\/wp-content\\\/uploads\\\/2024\\\/12\\\/Skywalk_Tanktop_Pedroc-Dry-Tanktop-Women-1.jpg\",\"contentUrl\":\"https:\\\/\\\/swissgliders.ch\\\/wp-content\\\/uploads\\\/2024\\\/12\\\/Skywalk_Tanktop_Pedroc-Dry-Tanktop-Women-1.jpg\",\"width\":1680,\"height\":1680,\"caption\":\"Skywalk_Tanktop_Pedroc Dry Tanktop Women-1\"},{\"@type\":\"BreadcrumbList\",\"@id\":\"https:\\\/\\\/swissgliders.ch\\\/de\\\/produkt\\\/skywalk-pedroc-dry-tanktop-women\\\/#breadcrumb\",\"itemListElement\":[{\"@type\":\"ListItem\",\"position\":1,\"name\":\"Startseite\",\"item\":\"https:\\\/\\\/swissgliders.ch\\\/de\\\/willkommen\\\/\"},{\"@type\":\"ListItem\",\"position\":2,\"name\":\"Gleitschirm Shop\",\"item\":\"https:\\\/\\\/swissgliders.ch\\\/de\\\/gleitschirm-shop\\\/\"},{\"@type\":\"ListItem\",\"position\":3,\"name\":\"Skywalk Pedroc Dry Tanktop Women\"}]},{\"@type\":\"WebSite\",\"@id\":\"https:\\\/\\\/swissgliders.ch\\\/de\\\/#website\",\"url\":\"https:\\\/\\\/swissgliders.ch\\\/de\\\/\",\"name\":\"Gleitschirmschule Thun, Bern, Interlaken\",\"description\":\"Gleitschirmschule Thun, Bern, Interlaken\",\"publisher\":{\"@id\":\"https:\\\/\\\/swissgliders.ch\\\/de\\\/#organization\"},\"potentialAction\":[{\"@type\":\"SearchAction\",\"target\":{\"@type\":\"EntryPoint\",\"urlTemplate\":\"https:\\\/\\\/swissgliders.ch\\\/de\\\/?s={search_term_string}\"},\"query-input\":{\"@type\":\"PropertyValueSpecification\",\"valueRequired\":true,\"valueName\":\"search_term_string\"}}],\"inLanguage\":\"de\"},{\"@type\":\"Organization\",\"@id\":\"https:\\\/\\\/swissgliders.ch\\\/de\\\/#organization\",\"name\":\"Swissgliders Gleitschirmflugschule Thun\",\"url\":\"https:\\\/\\\/swissgliders.ch\\\/de\\\/\",\"logo\":{\"@type\":\"ImageObject\",\"inLanguage\":\"de\",\"@id\":\"https:\\\/\\\/swissgliders.ch\\\/de\\\/#\\\/schema\\\/logo\\\/image\\\/\",\"url\":\"https:\\\/\\\/swissgliders.ch\\\/wp-content\\\/uploads\\\/2019\\\/12\\\/swissgliders-logo-rgb-square-L-no-ch-01.png\",\"contentUrl\":\"https:\\\/\\\/swissgliders.ch\\\/wp-content\\\/uploads\\\/2019\\\/12\\\/swissgliders-logo-rgb-square-L-no-ch-01.png\",\"width\":2500,\"height\":2500,\"caption\":\"Swissgliders Gleitschirmflugschule Thun\"},\"image\":{\"@id\":\"https:\\\/\\\/swissgliders.ch\\\/de\\\/#\\\/schema\\\/logo\\\/image\\\/\"},\"sameAs\":[\"https:\\\/\\\/www.facebook.com\\\/swissgliders\",\"https:\\\/\\\/x.com\\\/Swissgliders\",\"https:\\\/\\\/www.instagram.com\\\/swissgliders\\\/\",\"https:\\\/\\\/www.youtube.com\\\/channel\\\/UCMCtGdepy9vBhrhX3V_oJOA\"],\"hasMerchantReturnPolicy\":{\"@type\":\"MerchantReturnPolicy\",\"merchantReturnLink\":\"https:\\\/\\\/swissgliders.ch\\\/de\\\/allgemeine-geschaftsbedingungen\\\/\"}}]}<\/script>\n<meta property=\"og:availability\" content=\"instock\" \/>\n<meta property=\"product:availability\" content=\"instock\" \/>\n<meta property=\"product:condition\" content=\"new\" \/>\n<!-- \/ Yoast SEO Premium plugin. -->","yoast_head_json":{"title":"Skywalk Pedroc Dry Tanktop Women | Gleitschirmschule Thun, Bern, Interlaken","description":"Skywalk Pedroc Dry Tanktop Women Die hybride Materialmischung zeichnet sich durch hohe feuchtigkeitsregulierende Eigenschaften aus, ist \u00e4u\u00dferst atmungsaktiv und schnelltrocknend. Neben dem hohen Tragekomfort punktet das Tanktop mit seinem klassischen, zeitlosen Rundhalsausschnitt. F\u00fcr ein noch angenehmeres Gef\u00fchl auf der Hauthaben wurde das Dry\u2019ton Gewebe verbessert und der Einsatz von Elastan sorgt f\u00fcr die n\u00f6tige Bewegungsfreiheit.","robots":{"index":"index","follow":"follow","max-snippet":"max-snippet:-1","max-image-preview":"max-image-preview:large","max-video-preview":"max-video-preview:-1"},"canonical":"https:\/\/swissgliders.ch\/de\/produkt\/skywalk-pedroc-dry-tanktop-women\/","og_locale":"de_DE","og_type":"article","og_title":"Skywalk Pedroc Dry Tanktop Women","og_description":"Skywalk Pedroc Dry Tanktop Women Die hybride Materialmischung zeichnet sich durch hohe feuchtigkeitsregulierende Eigenschaften aus, ist \u00e4u\u00dferst atmungsaktiv und schnelltrocknend. Neben dem hohen Tragekomfort punktet das Tanktop mit seinem klassischen, zeitlosen Rundhalsausschnitt. F\u00fcr ein noch angenehmeres Gef\u00fchl auf der Hauthaben wurde das Dry\u2019ton Gewebe verbessert und der Einsatz von Elastan sorgt f\u00fcr die n\u00f6tige Bewegungsfreiheit.","og_url":"https:\/\/swissgliders.ch\/de\/produkt\/skywalk-pedroc-dry-tanktop-women\/","og_site_name":"Gleitschirmschule Thun, Bern, Interlaken","article_publisher":"https:\/\/www.facebook.com\/swissgliders","article_modified_time":"2024-12-28T09:47:46+00:00","og_image":[{"width":1680,"height":1680,"url":"https:\/\/swissgliders.ch\/wp-content\/uploads\/2024\/12\/Skywalk_Tanktop_Pedroc-Dry-Tanktop-Women-1.jpg","type":"image\/jpeg"}],"twitter_card":"summary_large_image","twitter_site":"@Swissgliders","twitter_misc":{"Verf\u00fcgbarkeit":"Auf Lager"},"schema":{"@context":"https:\/\/schema.org","@graph":[{"@type":"WebPage","@id":"https:\/\/swissgliders.ch\/de\/produkt\/skywalk-pedroc-dry-tanktop-women\/","url":"https:\/\/swissgliders.ch\/de\/produkt\/skywalk-pedroc-dry-tanktop-women\/","name":"Skywalk Pedroc Dry Tanktop Women | Gleitschirmschule Thun, Bern, Interlaken","isPartOf":{"@id":"https:\/\/swissgliders.ch\/de\/#website"},"primaryImageOfPage":{"@id":"https:\/\/swissgliders.ch\/de\/produkt\/skywalk-pedroc-dry-tanktop-women\/#primaryimage"},"image":{"@id":"https:\/\/swissgliders.ch\/de\/produkt\/skywalk-pedroc-dry-tanktop-women\/#primaryimage"},"thumbnailUrl":"https:\/\/swissgliders.ch\/wp-content\/uploads\/2024\/12\/Skywalk_Tanktop_Pedroc-Dry-Tanktop-Women-1.jpg","datePublished":"2024-12-28T08:24:43+00:00","dateModified":"2024-12-28T09:47:46+00:00","description":"Skywalk Pedroc Dry Tanktop Women Die hybride Materialmischung zeichnet sich durch hohe feuchtigkeitsregulierende Eigenschaften aus, ist \u00e4u\u00dferst atmungsaktiv und schnelltrocknend. Neben dem hohen Tragekomfort punktet das Tanktop mit seinem klassischen, zeitlosen Rundhalsausschnitt. F\u00fcr ein noch angenehmeres Gef\u00fchl auf der Hauthaben wurde das Dry\u2019ton Gewebe verbessert und der Einsatz von Elastan sorgt f\u00fcr die n\u00f6tige Bewegungsfreiheit.","breadcrumb":{"@id":"https:\/\/swissgliders.ch\/de\/produkt\/skywalk-pedroc-dry-tanktop-women\/#breadcrumb"},"inLanguage":"de","potentialAction":[{"@type":"ReadAction","target":["https:\/\/swissgliders.ch\/de\/produkt\/skywalk-pedroc-dry-tanktop-women\/"]}]},{"@type":"ImageObject","inLanguage":"de","@id":"https:\/\/swissgliders.ch\/de\/produkt\/skywalk-pedroc-dry-tanktop-women\/#primaryimage","url":"https:\/\/swissgliders.ch\/wp-content\/uploads\/2024\/12\/Skywalk_Tanktop_Pedroc-Dry-Tanktop-Women-1.jpg","contentUrl":"https:\/\/swissgliders.ch\/wp-content\/uploads\/2024\/12\/Skywalk_Tanktop_Pedroc-Dry-Tanktop-Women-1.jpg","width":1680,"height":1680,"caption":"Skywalk_Tanktop_Pedroc Dry Tanktop Women-1"},{"@type":"BreadcrumbList","@id":"https:\/\/swissgliders.ch\/de\/produkt\/skywalk-pedroc-dry-tanktop-women\/#breadcrumb","itemListElement":[{"@type":"ListItem","position":1,"name":"Startseite","item":"https:\/\/swissgliders.ch\/de\/willkommen\/"},{"@type":"ListItem","position":2,"name":"Gleitschirm Shop","item":"https:\/\/swissgliders.ch\/de\/gleitschirm-shop\/"},{"@type":"ListItem","position":3,"name":"Skywalk Pedroc Dry Tanktop Women"}]},{"@type":"WebSite","@id":"https:\/\/swissgliders.ch\/de\/#website","url":"https:\/\/swissgliders.ch\/de\/","name":"Gleitschirmschule Thun, Bern, Interlaken","description":"Gleitschirmschule Thun, Bern, Interlaken","publisher":{"@id":"https:\/\/swissgliders.ch\/de\/#organization"},"potentialAction":[{"@type":"SearchAction","target":{"@type":"EntryPoint","urlTemplate":"https:\/\/swissgliders.ch\/de\/?s={search_term_string}"},"query-input":{"@type":"PropertyValueSpecification","valueRequired":true,"valueName":"search_term_string"}}],"inLanguage":"de"},{"@type":"Organization","@id":"https:\/\/swissgliders.ch\/de\/#organization","name":"Swissgliders Gleitschirmflugschule Thun","url":"https:\/\/swissgliders.ch\/de\/","logo":{"@type":"ImageObject","inLanguage":"de","@id":"https:\/\/swissgliders.ch\/de\/#\/schema\/logo\/image\/","url":"https:\/\/swissgliders.ch\/wp-content\/uploads\/2019\/12\/swissgliders-logo-rgb-square-L-no-ch-01.png","contentUrl":"https:\/\/swissgliders.ch\/wp-content\/uploads\/2019\/12\/swissgliders-logo-rgb-square-L-no-ch-01.png","width":2500,"height":2500,"caption":"Swissgliders Gleitschirmflugschule Thun"},"image":{"@id":"https:\/\/swissgliders.ch\/de\/#\/schema\/logo\/image\/"},"sameAs":["https:\/\/www.facebook.com\/swissgliders","https:\/\/x.com\/Swissgliders","https:\/\/www.instagram.com\/swissgliders\/","https:\/\/www.youtube.com\/channel\/UCMCtGdepy9vBhrhX3V_oJOA"],"hasMerchantReturnPolicy":{"@type":"MerchantReturnPolicy","merchantReturnLink":"https:\/\/swissgliders.ch\/de\/allgemeine-geschaftsbedingungen\/"}}]},"og_availability":"instock","product_availability":"instock","product_condition":"new"},"_links":{"self":[{"href":"https:\/\/swissgliders.ch\/de\/wp-json\/wp\/v2\/product\/18217","targetHints":{"allow":["GET"]}}],"collection":[{"href":"https:\/\/swissgliders.ch\/de\/wp-json\/wp\/v2\/product"}],"about":[{"href":"https:\/\/swissgliders.ch\/de\/wp-json\/wp\/v2\/types\/product"}],"replies":[{"embeddable":true,"href":"https:\/\/swissgliders.ch\/de\/wp-json\/wp\/v2\/comments?post=18217"}],"wp:featuredmedia":[{"embeddable":true,"href":"https:\/\/swissgliders.ch\/de\/wp-json\/wp\/v2\/media\/18220"}],"wp:attachment":[{"href":"https:\/\/swissgliders.ch\/de\/wp-json\/wp\/v2\/media?parent=18217"}],"wp:term":[{"taxonomy":"product_brand","embeddable":true,"href":"https:\/\/swissgliders.ch\/de\/wp-json\/wp\/v2\/product_brand?post=18217"},{"taxonomy":"product_cat","embeddable":true,"href":"https:\/\/swissgliders.ch\/de\/wp-json\/wp\/v2\/product_cat?post=18217"},{"taxonomy":"product_tag","embeddable":true,"href":"https:\/\/swissgliders.ch\/de\/wp-json\/wp\/v2\/product_tag?post=18217"}],"curies":[{"name":"wp","href":"https:\/\/api.w.org\/{rel}","templated":true}]}}