{"id":18236,"date":"2024-12-28T10:03:04","date_gmt":"2024-12-28T09:03:04","guid":{"rendered":"https:\/\/swissgliders.ch\/?post_type=product&#038;p=18236"},"modified":"2024-12-28T10:45:09","modified_gmt":"2024-12-28T09:45:09","slug":"skywalk-pedroc-dst-shorts-women","status":"publish","type":"product","link":"https:\/\/swissgliders.ch\/de\/produkt\/skywalk-pedroc-dst-shorts-women\/","title":{"rendered":"Skywalk Pedroc DST Shorts Women"},"content":{"rendered":"<div class=\"properties-name\">\n<div class=\"properties-name\">\n<div class=\"properties-name\">\n<h3>Skywalk Pedroc DST Shorts Women<\/h3>\n<h1 class=\"product--title\"><img loading=\"lazy\" decoding=\"async\" class=\"\" src=\"https:\/\/shop.skywalk.info\/media\/image\/0e\/6d\/ba\/SCPDS1WBL-2.jpg\" width=\"292\" height=\"292\" \/><img loading=\"lazy\" decoding=\"async\" class=\"\" src=\"https:\/\/shop.skywalk.info\/media\/image\/08\/0c\/85\/SCPDS1WPI_600x600.jpg\" alt=\"Pedroc DST Shorts Women\" width=\"289\" height=\"289\" \/><\/h1>\n<\/div>\n<div>\n<p>\u00a0 \u00a0 \u00a0 \u00a0 \u00a0 \u00a0 \u00a0 \u00a0 \u00a0 \u00a0 \u00a0 \u00a0 \u00a0 \u00a0 \u00a0 \u00a0<strong>BLACK\u00a0 \u00a0 \u00a0 \u00a0 \u00a0 \u00a0 \u00a0 \u00a0 \u00a0 \u00a0 \u00a0 \u00a0 \u00a0 \u00a0 \u00a0 \u00a0 \u00a0 \u00a0 \u00a0 \u00a0 \u00a0 \u00a0 \u00a0 \u00a0 \u00a0 \u00a0 \u00a0 \u00a0 \u00a0 \u00a0 \u00a0 \u00a0 \u00a0PINK<\/strong><\/p>\n<p>Das Durastretch-Gewebe zeichnet sich vor allem durch hohe Abriebfestigkeit aus, zudem gew\u00e4hrt es maximale Flexibilit\u00e4t bei bewegungsintensiven Aktivit\u00e4ten und ist dabei pflegeleicht. Dank der athletischen Passform mit Zwickel im Schritt sowie dem verstellbaren Hosenbund garantiert die Shorts selbst nach langen, anspruchsvollen Bergtagen einen idealen Sitz und behalten auch nach dem Waschen und Trocknen ihre Form.<\/p>\n<p>In den zwei Rei\u00dfverschlusstaschen in der Front und in der offenen Ges\u00e4\u00dftasche aus Stretch-Mesh-Material lassen sich Kleinigkeiten problemlos verstauen. Und dank der reflektierenden Details ist man beim morgendlichen Start genauso wie beim Abstieg in der Dunkelheit besser sichtbar.<\/p>\n<\/div>\n<\/div>\n<div>\n<div class=\"content--title attribute-tab-description--title\"><strong>Details &#8222;Pedroc DST Shorts Women&#8220;<\/strong><\/div>\n<div class=\"properties-name\">Seitenl\u00e4nge<\/div>\n<div class=\"properties-value\">48 cm (42\/36)<\/div>\n<\/div>\n<div><\/div>\n<div>Farbe: <a href=\"https:\/\/shop.skywalk.info\/de\/fashion\/hosen\/3741\/pedroc-dst-shorts-women?c=346\">Black<\/a><\/div>\n<div><\/div>\n<div>Farbe: <a href=\"https:\/\/shop.skywalk.info\/de\/fashion\/hosen\/3513\/pedroc-dst-shorts-women?c=346\">Pink<\/a><\/div>\n<\/div>\n<p>&nbsp;<\/p>\n<p>Falls dieser Artikel nicht an Lager ist, wird er f\u00fcr dich bestellt. Lieferfrist auf Anfrage.<\/p>\n","protected":false},"excerpt":{"rendered":"<div class=\"properties-name\">\n<div class=\"properties-name\">\n<div class=\"properties-name\">\n<h3>Skywalk Pedroc DST Shorts Women<\/h3>\n<h1 class=\"product--title\"><img loading=\"lazy\" decoding=\"async\" class=\"\" src=\"https:\/\/shop.skywalk.info\/media\/image\/0e\/6d\/ba\/SCPDS1WBL-2.jpg\" width=\"292\" height=\"292\" \/><img loading=\"lazy\" decoding=\"async\" class=\"\" src=\"https:\/\/shop.skywalk.info\/media\/image\/08\/0c\/85\/SCPDS1WPI_600x600.jpg\" alt=\"Pedroc DST Shorts Women\" width=\"289\" height=\"289\" \/><\/h1>\n<\/div>\n<div>\n<p>\u00a0 \u00a0 \u00a0 \u00a0 \u00a0 \u00a0 \u00a0 \u00a0 \u00a0 \u00a0 \u00a0 \u00a0 \u00a0 \u00a0 \u00a0 \u00a0<strong>BLACK\u00a0 \u00a0 \u00a0 \u00a0 \u00a0 \u00a0 \u00a0 \u00a0 \u00a0 \u00a0 \u00a0 \u00a0 \u00a0 \u00a0 \u00a0 \u00a0 \u00a0 \u00a0 \u00a0 \u00a0 \u00a0 \u00a0 \u00a0 \u00a0 \u00a0 \u00a0 \u00a0 \u00a0 \u00a0 \u00a0 \u00a0 \u00a0 \u00a0PINK<\/strong><\/p>\n<p>Das Durastretch-Gewebe zeichnet sich vor allem durch hohe Abriebfestigkeit aus, zudem gew\u00e4hrt es maximale Flexibilit\u00e4t bei bewegungsintensiven Aktivit\u00e4ten und ist dabei pflegeleicht. Dank der athletischen Passform mit Zwickel im Schritt sowie dem verstellbaren Hosenbund garantiert die Shorts selbst nach langen, anspruchsvollen Bergtagen einen idealen Sitz und behalten auch nach dem Waschen und Trocknen ihre Form.<\/p>\n<p>In den zwei Rei\u00dfverschlusstaschen in der Front und in der offenen Ges\u00e4\u00dftasche aus Stretch-Mesh-Material lassen sich Kleinigkeiten problemlos verstauen. Und dank der reflektierenden Details ist man beim morgendlichen Start genauso wie beim Abstieg in der Dunkelheit besser sichtbar.<\/p>\n<\/div>\n<\/div>\n<div>\n<div class=\"content--title attribute-tab-description--title\"><strong>Details &#8222;Pedroc DST Shorts Women&#8220;<\/strong><\/div>\n<div class=\"properties-name\">Seitenl\u00e4nge<\/div>\n<div class=\"properties-value\">48 cm (42\/36)<\/div>\n<\/div>\n<div><\/div>\n<div>Farbe: <a href=\"https:\/\/shop.skywalk.info\/de\/fashion\/hosen\/3741\/pedroc-dst-shorts-women?c=346\">Black<\/a><\/div>\n<div><\/div>\n<div>Farbe: <a href=\"https:\/\/shop.skywalk.info\/de\/fashion\/hosen\/3513\/pedroc-dst-shorts-women?c=346\">Pink<\/a><\/div>\n<\/div>\n<p>&nbsp;<\/p>\n<p>Falls dieser Artikel nicht an Lager ist, wird er f\u00fcr dich bestellt. Lieferfrist auf Anfrage.<\/p>\n","protected":false},"featured_media":18239,"comment_status":"closed","ping_status":"closed","template":"","meta":[],"product_brand":[],"product_cat":[2022],"product_tag":[918],"class_list":{"0":"post-18236","1":"product","2":"type-product","3":"status-publish","4":"has-post-thumbnail","6":"product_cat-gleitschirm-bekleidung","7":"product_tag-bekleidung","8":"product_shipping_class-priority-10kg-de","10":"first","11":"instock","12":"sale","13":"shipping-taxable","14":"purchasable","15":"product-type-variable"},"yoast_head":"<!-- This site is optimized with the Yoast SEO Premium plugin v26.1 (Yoast SEO v27.3) - https:\/\/yoast.com\/product\/yoast-seo-premium-wordpress\/ -->\n<title>Skywalk Pedroc DST Shorts Women | Gleitschirmschule Thun, Bern, Interlaken<\/title>\n<meta name=\"description\" content=\"Skywalk Pedroc DST Shorts Women funktionale kurze Hose. Das Durastretch-Gewebe zeichnet sich vor allem durch hohe Abriebfestigkeit aus, zudem gew\u00e4hrt es maximale Flexibilit\u00e4t bei bewegungsintensiven Aktivit\u00e4ten und ist dabei pflegeleicht. Dank der athletischen Passform mit Zwickel im Schritt sowie dem verstellbaren Hosenbund garantiert die Shorts selbst nach langen, anspruchsvollen Bergtagen einen idealen Sitz und behalten auch nach dem Waschen und Trocknen ihre Form. In den zwei Rei\u00dfverschlusstaschen in der Front und in der offenen Ges\u00e4\u00dftasche aus Stretch-Mesh-Material lassen sich Kleinigkeiten problemlos verstauen. Und dank der reflektierenden Details ist man beim morgendlichen Start genauso wie beim Abstieg in der Dunkelheit besser sichtbar.\" \/>\n<meta name=\"robots\" content=\"index, follow, max-snippet:-1, max-image-preview:large, max-video-preview:-1\" \/>\n<link rel=\"canonical\" href=\"https:\/\/swissgliders.ch\/de\/produkt\/skywalk-pedroc-dst-shorts-women\/\" \/>\n<meta property=\"og:locale\" content=\"de_DE\" \/>\n<meta property=\"og:type\" content=\"article\" \/>\n<meta property=\"og:title\" content=\"Skywalk Pedroc DST Shorts Women\" \/>\n<meta property=\"og:description\" content=\"Skywalk Pedroc DST Shorts Women funktionale kurze Hose. Das Durastretch-Gewebe zeichnet sich vor allem durch hohe Abriebfestigkeit aus, zudem gew\u00e4hrt es maximale Flexibilit\u00e4t bei bewegungsintensiven Aktivit\u00e4ten und ist dabei pflegeleicht. Dank der athletischen Passform mit Zwickel im Schritt sowie dem verstellbaren Hosenbund garantiert die Shorts selbst nach langen, anspruchsvollen Bergtagen einen idealen Sitz und behalten auch nach dem Waschen und Trocknen ihre Form. In den zwei Rei\u00dfverschlusstaschen in der Front und in der offenen Ges\u00e4\u00dftasche aus Stretch-Mesh-Material lassen sich Kleinigkeiten problemlos verstauen. Und dank der reflektierenden Details ist man beim morgendlichen Start genauso wie beim Abstieg in der Dunkelheit besser sichtbar.\" \/>\n<meta property=\"og:url\" content=\"https:\/\/swissgliders.ch\/de\/produkt\/skywalk-pedroc-dst-shorts-women\/\" \/>\n<meta property=\"og:site_name\" content=\"Gleitschirmschule Thun, Bern, Interlaken\" \/>\n<meta property=\"article:publisher\" content=\"https:\/\/www.facebook.com\/swissgliders\" \/>\n<meta property=\"article:modified_time\" content=\"2024-12-28T09:45:09+00:00\" \/>\n<meta property=\"og:image\" content=\"https:\/\/swissgliders.ch\/wp-content\/uploads\/2024\/12\/Skywalk_Shorts_Pedroc-DST-Shorts-Women-1.jpg\" \/>\n\t<meta property=\"og:image:width\" content=\"1600\" \/>\n\t<meta property=\"og:image:height\" content=\"1600\" \/>\n\t<meta property=\"og:image:type\" content=\"image\/jpeg\" \/>\n<meta name=\"twitter:card\" content=\"summary_large_image\" \/>\n<meta name=\"twitter:site\" content=\"@Swissgliders\" \/>\n<meta name=\"twitter:label1\" content=\"Verf\u00fcgbarkeit\" \/>\n\t<meta name=\"twitter:data1\" content=\"Auf Lager\" \/>\n<script type=\"application\/ld+json\" class=\"yoast-schema-graph\">{\"@context\":\"https:\\\/\\\/schema.org\",\"@graph\":[{\"@type\":\"WebPage\",\"@id\":\"https:\\\/\\\/swissgliders.ch\\\/de\\\/produkt\\\/skywalk-pedroc-dst-shorts-women\\\/\",\"url\":\"https:\\\/\\\/swissgliders.ch\\\/de\\\/produkt\\\/skywalk-pedroc-dst-shorts-women\\\/\",\"name\":\"Skywalk Pedroc DST Shorts Women | Gleitschirmschule Thun, Bern, Interlaken\",\"isPartOf\":{\"@id\":\"https:\\\/\\\/swissgliders.ch\\\/de\\\/#website\"},\"primaryImageOfPage\":{\"@id\":\"https:\\\/\\\/swissgliders.ch\\\/de\\\/produkt\\\/skywalk-pedroc-dst-shorts-women\\\/#primaryimage\"},\"image\":{\"@id\":\"https:\\\/\\\/swissgliders.ch\\\/de\\\/produkt\\\/skywalk-pedroc-dst-shorts-women\\\/#primaryimage\"},\"thumbnailUrl\":\"https:\\\/\\\/swissgliders.ch\\\/wp-content\\\/uploads\\\/2024\\\/12\\\/Skywalk_Shorts_Pedroc-DST-Shorts-Women-1.jpg\",\"datePublished\":\"2024-12-28T09:03:04+00:00\",\"dateModified\":\"2024-12-28T09:45:09+00:00\",\"description\":\"Skywalk Pedroc DST Shorts Women funktionale kurze Hose. Das Durastretch-Gewebe zeichnet sich vor allem durch hohe Abriebfestigkeit aus, zudem gew\u00e4hrt es maximale Flexibilit\u00e4t bei bewegungsintensiven Aktivit\u00e4ten und ist dabei pflegeleicht. Dank der athletischen Passform mit Zwickel im Schritt sowie dem verstellbaren Hosenbund garantiert die Shorts selbst nach langen, anspruchsvollen Bergtagen einen idealen Sitz und behalten auch nach dem Waschen und Trocknen ihre Form. In den zwei Rei\u00dfverschlusstaschen in der Front und in der offenen Ges\u00e4\u00dftasche aus Stretch-Mesh-Material lassen sich Kleinigkeiten problemlos verstauen. Und dank der reflektierenden Details ist man beim morgendlichen Start genauso wie beim Abstieg in der Dunkelheit besser sichtbar.\",\"breadcrumb\":{\"@id\":\"https:\\\/\\\/swissgliders.ch\\\/de\\\/produkt\\\/skywalk-pedroc-dst-shorts-women\\\/#breadcrumb\"},\"inLanguage\":\"de\",\"potentialAction\":[{\"@type\":\"ReadAction\",\"target\":[\"https:\\\/\\\/swissgliders.ch\\\/de\\\/produkt\\\/skywalk-pedroc-dst-shorts-women\\\/\"]}]},{\"@type\":\"ImageObject\",\"inLanguage\":\"de\",\"@id\":\"https:\\\/\\\/swissgliders.ch\\\/de\\\/produkt\\\/skywalk-pedroc-dst-shorts-women\\\/#primaryimage\",\"url\":\"https:\\\/\\\/swissgliders.ch\\\/wp-content\\\/uploads\\\/2024\\\/12\\\/Skywalk_Shorts_Pedroc-DST-Shorts-Women-1.jpg\",\"contentUrl\":\"https:\\\/\\\/swissgliders.ch\\\/wp-content\\\/uploads\\\/2024\\\/12\\\/Skywalk_Shorts_Pedroc-DST-Shorts-Women-1.jpg\",\"width\":1600,\"height\":1600,\"caption\":\"Skywalk_Shorts_Pedroc DST Shorts Women-1\"},{\"@type\":\"BreadcrumbList\",\"@id\":\"https:\\\/\\\/swissgliders.ch\\\/de\\\/produkt\\\/skywalk-pedroc-dst-shorts-women\\\/#breadcrumb\",\"itemListElement\":[{\"@type\":\"ListItem\",\"position\":1,\"name\":\"Startseite\",\"item\":\"https:\\\/\\\/swissgliders.ch\\\/de\\\/willkommen\\\/\"},{\"@type\":\"ListItem\",\"position\":2,\"name\":\"Gleitschirm Shop\",\"item\":\"https:\\\/\\\/swissgliders.ch\\\/de\\\/gleitschirm-shop\\\/\"},{\"@type\":\"ListItem\",\"position\":3,\"name\":\"Skywalk Pedroc DST Shorts Women\"}]},{\"@type\":\"WebSite\",\"@id\":\"https:\\\/\\\/swissgliders.ch\\\/de\\\/#website\",\"url\":\"https:\\\/\\\/swissgliders.ch\\\/de\\\/\",\"name\":\"Gleitschirmschule Thun, Bern, Interlaken\",\"description\":\"Gleitschirmschule Thun, Bern, Interlaken\",\"publisher\":{\"@id\":\"https:\\\/\\\/swissgliders.ch\\\/de\\\/#organization\"},\"potentialAction\":[{\"@type\":\"SearchAction\",\"target\":{\"@type\":\"EntryPoint\",\"urlTemplate\":\"https:\\\/\\\/swissgliders.ch\\\/de\\\/?s={search_term_string}\"},\"query-input\":{\"@type\":\"PropertyValueSpecification\",\"valueRequired\":true,\"valueName\":\"search_term_string\"}}],\"inLanguage\":\"de\"},{\"@type\":\"Organization\",\"@id\":\"https:\\\/\\\/swissgliders.ch\\\/de\\\/#organization\",\"name\":\"Swissgliders Gleitschirmflugschule Thun\",\"url\":\"https:\\\/\\\/swissgliders.ch\\\/de\\\/\",\"logo\":{\"@type\":\"ImageObject\",\"inLanguage\":\"de\",\"@id\":\"https:\\\/\\\/swissgliders.ch\\\/de\\\/#\\\/schema\\\/logo\\\/image\\\/\",\"url\":\"https:\\\/\\\/swissgliders.ch\\\/wp-content\\\/uploads\\\/2019\\\/12\\\/swissgliders-logo-rgb-square-L-no-ch-01.png\",\"contentUrl\":\"https:\\\/\\\/swissgliders.ch\\\/wp-content\\\/uploads\\\/2019\\\/12\\\/swissgliders-logo-rgb-square-L-no-ch-01.png\",\"width\":2500,\"height\":2500,\"caption\":\"Swissgliders Gleitschirmflugschule Thun\"},\"image\":{\"@id\":\"https:\\\/\\\/swissgliders.ch\\\/de\\\/#\\\/schema\\\/logo\\\/image\\\/\"},\"sameAs\":[\"https:\\\/\\\/www.facebook.com\\\/swissgliders\",\"https:\\\/\\\/x.com\\\/Swissgliders\",\"https:\\\/\\\/www.instagram.com\\\/swissgliders\\\/\",\"https:\\\/\\\/www.youtube.com\\\/channel\\\/UCMCtGdepy9vBhrhX3V_oJOA\"],\"hasMerchantReturnPolicy\":{\"@type\":\"MerchantReturnPolicy\",\"merchantReturnLink\":\"https:\\\/\\\/swissgliders.ch\\\/de\\\/allgemeine-geschaftsbedingungen\\\/\"}}]}<\/script>\n<meta property=\"og:availability\" content=\"instock\" \/>\n<meta property=\"product:availability\" content=\"instock\" \/>\n<meta property=\"product:condition\" content=\"new\" \/>\n<!-- \/ Yoast SEO Premium plugin. -->","yoast_head_json":{"title":"Skywalk Pedroc DST Shorts Women | Gleitschirmschule Thun, Bern, Interlaken","description":"Skywalk Pedroc DST Shorts Women funktionale kurze Hose. Das Durastretch-Gewebe zeichnet sich vor allem durch hohe Abriebfestigkeit aus, zudem gew\u00e4hrt es maximale Flexibilit\u00e4t bei bewegungsintensiven Aktivit\u00e4ten und ist dabei pflegeleicht. Dank der athletischen Passform mit Zwickel im Schritt sowie dem verstellbaren Hosenbund garantiert die Shorts selbst nach langen, anspruchsvollen Bergtagen einen idealen Sitz und behalten auch nach dem Waschen und Trocknen ihre Form. In den zwei Rei\u00dfverschlusstaschen in der Front und in der offenen Ges\u00e4\u00dftasche aus Stretch-Mesh-Material lassen sich Kleinigkeiten problemlos verstauen. Und dank der reflektierenden Details ist man beim morgendlichen Start genauso wie beim Abstieg in der Dunkelheit besser sichtbar.","robots":{"index":"index","follow":"follow","max-snippet":"max-snippet:-1","max-image-preview":"max-image-preview:large","max-video-preview":"max-video-preview:-1"},"canonical":"https:\/\/swissgliders.ch\/de\/produkt\/skywalk-pedroc-dst-shorts-women\/","og_locale":"de_DE","og_type":"article","og_title":"Skywalk Pedroc DST Shorts Women","og_description":"Skywalk Pedroc DST Shorts Women funktionale kurze Hose. Das Durastretch-Gewebe zeichnet sich vor allem durch hohe Abriebfestigkeit aus, zudem gew\u00e4hrt es maximale Flexibilit\u00e4t bei bewegungsintensiven Aktivit\u00e4ten und ist dabei pflegeleicht. Dank der athletischen Passform mit Zwickel im Schritt sowie dem verstellbaren Hosenbund garantiert die Shorts selbst nach langen, anspruchsvollen Bergtagen einen idealen Sitz und behalten auch nach dem Waschen und Trocknen ihre Form. In den zwei Rei\u00dfverschlusstaschen in der Front und in der offenen Ges\u00e4\u00dftasche aus Stretch-Mesh-Material lassen sich Kleinigkeiten problemlos verstauen. Und dank der reflektierenden Details ist man beim morgendlichen Start genauso wie beim Abstieg in der Dunkelheit besser sichtbar.","og_url":"https:\/\/swissgliders.ch\/de\/produkt\/skywalk-pedroc-dst-shorts-women\/","og_site_name":"Gleitschirmschule Thun, Bern, Interlaken","article_publisher":"https:\/\/www.facebook.com\/swissgliders","article_modified_time":"2024-12-28T09:45:09+00:00","og_image":[{"width":1600,"height":1600,"url":"https:\/\/swissgliders.ch\/wp-content\/uploads\/2024\/12\/Skywalk_Shorts_Pedroc-DST-Shorts-Women-1.jpg","type":"image\/jpeg"}],"twitter_card":"summary_large_image","twitter_site":"@Swissgliders","twitter_misc":{"Verf\u00fcgbarkeit":"Auf Lager"},"schema":{"@context":"https:\/\/schema.org","@graph":[{"@type":"WebPage","@id":"https:\/\/swissgliders.ch\/de\/produkt\/skywalk-pedroc-dst-shorts-women\/","url":"https:\/\/swissgliders.ch\/de\/produkt\/skywalk-pedroc-dst-shorts-women\/","name":"Skywalk Pedroc DST Shorts Women | Gleitschirmschule Thun, Bern, Interlaken","isPartOf":{"@id":"https:\/\/swissgliders.ch\/de\/#website"},"primaryImageOfPage":{"@id":"https:\/\/swissgliders.ch\/de\/produkt\/skywalk-pedroc-dst-shorts-women\/#primaryimage"},"image":{"@id":"https:\/\/swissgliders.ch\/de\/produkt\/skywalk-pedroc-dst-shorts-women\/#primaryimage"},"thumbnailUrl":"https:\/\/swissgliders.ch\/wp-content\/uploads\/2024\/12\/Skywalk_Shorts_Pedroc-DST-Shorts-Women-1.jpg","datePublished":"2024-12-28T09:03:04+00:00","dateModified":"2024-12-28T09:45:09+00:00","description":"Skywalk Pedroc DST Shorts Women funktionale kurze Hose. Das Durastretch-Gewebe zeichnet sich vor allem durch hohe Abriebfestigkeit aus, zudem gew\u00e4hrt es maximale Flexibilit\u00e4t bei bewegungsintensiven Aktivit\u00e4ten und ist dabei pflegeleicht. Dank der athletischen Passform mit Zwickel im Schritt sowie dem verstellbaren Hosenbund garantiert die Shorts selbst nach langen, anspruchsvollen Bergtagen einen idealen Sitz und behalten auch nach dem Waschen und Trocknen ihre Form. In den zwei Rei\u00dfverschlusstaschen in der Front und in der offenen Ges\u00e4\u00dftasche aus Stretch-Mesh-Material lassen sich Kleinigkeiten problemlos verstauen. Und dank der reflektierenden Details ist man beim morgendlichen Start genauso wie beim Abstieg in der Dunkelheit besser sichtbar.","breadcrumb":{"@id":"https:\/\/swissgliders.ch\/de\/produkt\/skywalk-pedroc-dst-shorts-women\/#breadcrumb"},"inLanguage":"de","potentialAction":[{"@type":"ReadAction","target":["https:\/\/swissgliders.ch\/de\/produkt\/skywalk-pedroc-dst-shorts-women\/"]}]},{"@type":"ImageObject","inLanguage":"de","@id":"https:\/\/swissgliders.ch\/de\/produkt\/skywalk-pedroc-dst-shorts-women\/#primaryimage","url":"https:\/\/swissgliders.ch\/wp-content\/uploads\/2024\/12\/Skywalk_Shorts_Pedroc-DST-Shorts-Women-1.jpg","contentUrl":"https:\/\/swissgliders.ch\/wp-content\/uploads\/2024\/12\/Skywalk_Shorts_Pedroc-DST-Shorts-Women-1.jpg","width":1600,"height":1600,"caption":"Skywalk_Shorts_Pedroc DST Shorts Women-1"},{"@type":"BreadcrumbList","@id":"https:\/\/swissgliders.ch\/de\/produkt\/skywalk-pedroc-dst-shorts-women\/#breadcrumb","itemListElement":[{"@type":"ListItem","position":1,"name":"Startseite","item":"https:\/\/swissgliders.ch\/de\/willkommen\/"},{"@type":"ListItem","position":2,"name":"Gleitschirm Shop","item":"https:\/\/swissgliders.ch\/de\/gleitschirm-shop\/"},{"@type":"ListItem","position":3,"name":"Skywalk Pedroc DST Shorts Women"}]},{"@type":"WebSite","@id":"https:\/\/swissgliders.ch\/de\/#website","url":"https:\/\/swissgliders.ch\/de\/","name":"Gleitschirmschule Thun, Bern, Interlaken","description":"Gleitschirmschule Thun, Bern, Interlaken","publisher":{"@id":"https:\/\/swissgliders.ch\/de\/#organization"},"potentialAction":[{"@type":"SearchAction","target":{"@type":"EntryPoint","urlTemplate":"https:\/\/swissgliders.ch\/de\/?s={search_term_string}"},"query-input":{"@type":"PropertyValueSpecification","valueRequired":true,"valueName":"search_term_string"}}],"inLanguage":"de"},{"@type":"Organization","@id":"https:\/\/swissgliders.ch\/de\/#organization","name":"Swissgliders Gleitschirmflugschule Thun","url":"https:\/\/swissgliders.ch\/de\/","logo":{"@type":"ImageObject","inLanguage":"de","@id":"https:\/\/swissgliders.ch\/de\/#\/schema\/logo\/image\/","url":"https:\/\/swissgliders.ch\/wp-content\/uploads\/2019\/12\/swissgliders-logo-rgb-square-L-no-ch-01.png","contentUrl":"https:\/\/swissgliders.ch\/wp-content\/uploads\/2019\/12\/swissgliders-logo-rgb-square-L-no-ch-01.png","width":2500,"height":2500,"caption":"Swissgliders Gleitschirmflugschule Thun"},"image":{"@id":"https:\/\/swissgliders.ch\/de\/#\/schema\/logo\/image\/"},"sameAs":["https:\/\/www.facebook.com\/swissgliders","https:\/\/x.com\/Swissgliders","https:\/\/www.instagram.com\/swissgliders\/","https:\/\/www.youtube.com\/channel\/UCMCtGdepy9vBhrhX3V_oJOA"],"hasMerchantReturnPolicy":{"@type":"MerchantReturnPolicy","merchantReturnLink":"https:\/\/swissgliders.ch\/de\/allgemeine-geschaftsbedingungen\/"}}]},"og_availability":"instock","product_availability":"instock","product_condition":"new"},"_links":{"self":[{"href":"https:\/\/swissgliders.ch\/de\/wp-json\/wp\/v2\/product\/18236","targetHints":{"allow":["GET"]}}],"collection":[{"href":"https:\/\/swissgliders.ch\/de\/wp-json\/wp\/v2\/product"}],"about":[{"href":"https:\/\/swissgliders.ch\/de\/wp-json\/wp\/v2\/types\/product"}],"replies":[{"embeddable":true,"href":"https:\/\/swissgliders.ch\/de\/wp-json\/wp\/v2\/comments?post=18236"}],"wp:featuredmedia":[{"embeddable":true,"href":"https:\/\/swissgliders.ch\/de\/wp-json\/wp\/v2\/media\/18239"}],"wp:attachment":[{"href":"https:\/\/swissgliders.ch\/de\/wp-json\/wp\/v2\/media?parent=18236"}],"wp:term":[{"taxonomy":"product_brand","embeddable":true,"href":"https:\/\/swissgliders.ch\/de\/wp-json\/wp\/v2\/product_brand?post=18236"},{"taxonomy":"product_cat","embeddable":true,"href":"https:\/\/swissgliders.ch\/de\/wp-json\/wp\/v2\/product_cat?post=18236"},{"taxonomy":"product_tag","embeddable":true,"href":"https:\/\/swissgliders.ch\/de\/wp-json\/wp\/v2\/product_tag?post=18236"}],"curies":[{"name":"wp","href":"https:\/\/api.w.org\/{rel}","templated":true}]}}