{"id":18243,"date":"2024-12-28T10:16:11","date_gmt":"2024-12-28T09:16:11","guid":{"rendered":"https:\/\/swissgliders.ch\/?post_type=product&#038;p=18243"},"modified":"2024-12-28T10:43:36","modified_gmt":"2024-12-28T09:43:36","slug":"skywalk-pedroc-dst-light-pants-women","status":"publish","type":"product","link":"https:\/\/swissgliders.ch\/de\/produkt\/skywalk-pedroc-dst-light-pants-women\/","title":{"rendered":"Skywalk Pedroc DST Light Pants Women"},"content":{"rendered":"<div class=\"properties-name\">\n<div class=\"properties-name\">\n<div class=\"properties-name\">\n<h3>Skywalk Pedroc DST Light Pants Women<\/h3>\n<h1 class=\"product--title\"><img loading=\"lazy\" decoding=\"async\" class=\"\" src=\"https:\/\/shop.skywalk.info\/media\/image\/fd\/d8\/d5\/SCP2LPWBL.jpg\" width=\"312\" height=\"312\" \/><\/h1>\n<\/div>\n<div>\n<p>&nbsp;<\/p>\n<p>Die Pedroc Light Durastretch Hose besteht aus unserem leichten und dennoch robusten 123-Gramm Durastrech-Gewebe. F\u00fcr noch mehr Atmungsaktivit\u00e4t und einen angenehmen Tragekomfort wurden an Stellen, an denen viel W\u00e4rme entsteht, Mikro-Mesh-Eins\u00e4tze mit Lochstruktur platziert. Gleichzeitig ist das Material schnelltrocknend und pflegeleicht.<\/p>\n<p>Dank des athletischen Schnitts sowie dem Softshell-Material mit 2-Wege-Stretch und dem ergonomisch geschnittenen Zwickeleinsatz passt sich die Hose jeder noch so anspruchsvollen Bewegung an und garantiert hohe Bewegungsfreiheit. Der bequeme, flache Hosenbund aus Stretch-Mesh-Material, sowie die zwei offenen Eingrifftaschen und die Cargotasche mit Rei\u00dfverschluss machen die Pedroc Light Durastretch perfekt f\u00fcr lange Touren.<\/p>\n<\/div>\n<\/div>\n<div>\n<div class=\"content--title attribute-tab-description--title\"><strong>Details &#8222;Pedroc 2 DST Light Pants Women&#8220;<\/strong><\/div>\n<div class=\"properties-name\">Seitenl\u00e4nge<\/div>\n<div class=\"properties-value\">104 cm (42\/36)<\/div>\n<\/div>\n<div><\/div>\n<p>Farbe: Black<\/p>\n<div><\/div>\n<p>Mehr\u00a0<a href=\"https:\/\/shop.skywalk.info\/de\/fashion\/hosen\/3510\/pedroc-2-dst-light-pants-women?c=346\" target=\"_blank\" rel=\"noopener noreferrer\">Info<\/a><\/p>\n<\/div>\n<p>&nbsp;<\/p>\n<p>Falls dieser Artikel nicht an Lager ist, wird er f\u00fcr dich bestellt. Lieferfrist auf Anfrage.<\/p>\n","protected":false},"excerpt":{"rendered":"<div class=\"properties-name\">\n<div class=\"properties-name\">\n<div class=\"properties-name\">\n<h3>Skywalk Pedroc DST Light Pants Women<\/h3>\n<h1 class=\"product--title\"><img loading=\"lazy\" decoding=\"async\" class=\"\" src=\"https:\/\/shop.skywalk.info\/media\/image\/fd\/d8\/d5\/SCP2LPWBL.jpg\" width=\"312\" height=\"312\" \/><\/h1>\n<\/div>\n<div>\n<p>&nbsp;<\/p>\n<p>Die Pedroc Light Durastretch Hose besteht aus unserem leichten und dennoch robusten 123-Gramm Durastrech-Gewebe. F\u00fcr noch mehr Atmungsaktivit\u00e4t und einen angenehmen Tragekomfort wurden an Stellen, an denen viel W\u00e4rme entsteht, Mikro-Mesh-Eins\u00e4tze mit Lochstruktur platziert. Gleichzeitig ist das Material schnelltrocknend und pflegeleicht.<\/p>\n<p>Dank des athletischen Schnitts sowie dem Softshell-Material mit 2-Wege-Stretch und dem ergonomisch geschnittenen Zwickeleinsatz passt sich die Hose jeder noch so anspruchsvollen Bewegung an und garantiert hohe Bewegungsfreiheit. Der bequeme, flache Hosenbund aus Stretch-Mesh-Material, sowie die zwei offenen Eingrifftaschen und die Cargotasche mit Rei\u00dfverschluss machen die Pedroc Light Durastretch perfekt f\u00fcr lange Touren.<\/p>\n<\/div>\n<\/div>\n<div>\n<div class=\"content--title attribute-tab-description--title\"><strong>Details &#8222;Pedroc 2 DST Light Pants Women&#8220;<\/strong><\/div>\n<div class=\"properties-name\">Seitenl\u00e4nge<\/div>\n<div class=\"properties-value\">104 cm (42\/36)<\/div>\n<\/div>\n<div><\/div>\n<p>Farbe: Black<\/p>\n<div><\/div>\n<p>Mehr\u00a0<a href=\"https:\/\/shop.skywalk.info\/de\/fashion\/hosen\/3510\/pedroc-2-dst-light-pants-women?c=346\" target=\"_blank\" rel=\"noopener noreferrer\">Info<\/a><\/p>\n<\/div>\n<p>&nbsp;<\/p>\n<p>Falls dieser Artikel nicht an Lager ist, wird er f\u00fcr dich bestellt. Lieferfrist auf Anfrage.<\/p>\n","protected":false},"featured_media":18247,"comment_status":"closed","ping_status":"closed","template":"","meta":[],"product_brand":[],"product_cat":[2022],"product_tag":[918],"class_list":{"0":"post-18243","1":"product","2":"type-product","3":"status-publish","4":"has-post-thumbnail","6":"product_cat-gleitschirm-bekleidung","7":"product_tag-bekleidung","8":"product_shipping_class-priority-10kg-de","10":"first","11":"instock","12":"sale","13":"shipping-taxable","14":"purchasable","15":"product-type-variable"},"yoast_head":"<!-- This site is optimized with the Yoast SEO Premium plugin v26.1 (Yoast SEO v27.3) - https:\/\/yoast.com\/product\/yoast-seo-premium-wordpress\/ -->\n<title>Skywalk Pedroc DST Light Pants Women | Gleitschirmschule Thun, Bern, Interlaken<\/title>\n<meta name=\"description\" content=\"Skywalk Pedroc DST Light Pants Women funktionale Hose Die Pedroc Light Durastretch Hose besteht aus unserem leichten und dennoch robusten 123-Gramm Durastrech-Gewebe. F\u00fcr noch mehr Atmungsaktivit\u00e4t und einen angenehmen Tragekomfort wurden an Stellen, an denen viel W\u00e4rme entsteht, Mikro-Mesh-Eins\u00e4tze mit Lochstruktur platziert. Gleichzeitig ist das Material schnelltrocknend und pflegeleicht. Dank des athletischen Schnitts sowie dem Softshell-Material mit 2-Wege-Stretch und dem ergonomisch geschnittenen Zwickeleinsatz passt sich die Hose jeder noch so anspruchsvollen Bewegung an und garantiert hohe Bewegungsfreiheit. Der bequeme, flache Hosenbund aus Stretch-Mesh-Material, sowie die zwei offenen Eingrifftaschen und die Cargotasche mit Rei\u00dfverschluss machen die Pedroc Light Durastretch perfekt f\u00fcr lange Touren.\" \/>\n<meta name=\"robots\" content=\"index, follow, max-snippet:-1, max-image-preview:large, max-video-preview:-1\" \/>\n<link rel=\"canonical\" href=\"https:\/\/swissgliders.ch\/de\/produkt\/skywalk-pedroc-dst-light-pants-women\/\" \/>\n<meta property=\"og:locale\" content=\"de_DE\" \/>\n<meta property=\"og:type\" content=\"article\" \/>\n<meta property=\"og:title\" content=\"Skywalk Pedroc DST Light Pants Women\" \/>\n<meta property=\"og:description\" content=\"Skywalk Pedroc DST Light Pants Women funktionale Hose Die Pedroc Light Durastretch Hose besteht aus unserem leichten und dennoch robusten 123-Gramm Durastrech-Gewebe. F\u00fcr noch mehr Atmungsaktivit\u00e4t und einen angenehmen Tragekomfort wurden an Stellen, an denen viel W\u00e4rme entsteht, Mikro-Mesh-Eins\u00e4tze mit Lochstruktur platziert. Gleichzeitig ist das Material schnelltrocknend und pflegeleicht. Dank des athletischen Schnitts sowie dem Softshell-Material mit 2-Wege-Stretch und dem ergonomisch geschnittenen Zwickeleinsatz passt sich die Hose jeder noch so anspruchsvollen Bewegung an und garantiert hohe Bewegungsfreiheit. Der bequeme, flache Hosenbund aus Stretch-Mesh-Material, sowie die zwei offenen Eingrifftaschen und die Cargotasche mit Rei\u00dfverschluss machen die Pedroc Light Durastretch perfekt f\u00fcr lange Touren.\" \/>\n<meta property=\"og:url\" content=\"https:\/\/swissgliders.ch\/de\/produkt\/skywalk-pedroc-dst-light-pants-women\/\" \/>\n<meta property=\"og:site_name\" content=\"Gleitschirmschule Thun, Bern, Interlaken\" \/>\n<meta property=\"article:publisher\" content=\"https:\/\/www.facebook.com\/swissgliders\" \/>\n<meta property=\"article:modified_time\" content=\"2024-12-28T09:43:36+00:00\" \/>\n<meta property=\"og:image\" content=\"https:\/\/swissgliders.ch\/wp-content\/uploads\/2024\/12\/Skywalk_Pants_Pedroc-DST-Light-Pants-Women-1.jpg\" \/>\n\t<meta property=\"og:image:width\" content=\"1600\" \/>\n\t<meta property=\"og:image:height\" content=\"1600\" \/>\n\t<meta property=\"og:image:type\" content=\"image\/jpeg\" \/>\n<meta name=\"twitter:card\" content=\"summary_large_image\" \/>\n<meta name=\"twitter:site\" content=\"@Swissgliders\" \/>\n<meta name=\"twitter:label1\" content=\"Verf\u00fcgbarkeit\" \/>\n\t<meta name=\"twitter:data1\" content=\"Auf Lager\" \/>\n<script type=\"application\/ld+json\" class=\"yoast-schema-graph\">{\"@context\":\"https:\\\/\\\/schema.org\",\"@graph\":[{\"@type\":\"WebPage\",\"@id\":\"https:\\\/\\\/swissgliders.ch\\\/de\\\/produkt\\\/skywalk-pedroc-dst-light-pants-women\\\/\",\"url\":\"https:\\\/\\\/swissgliders.ch\\\/de\\\/produkt\\\/skywalk-pedroc-dst-light-pants-women\\\/\",\"name\":\"Skywalk Pedroc DST Light Pants Women | Gleitschirmschule Thun, Bern, Interlaken\",\"isPartOf\":{\"@id\":\"https:\\\/\\\/swissgliders.ch\\\/de\\\/#website\"},\"primaryImageOfPage\":{\"@id\":\"https:\\\/\\\/swissgliders.ch\\\/de\\\/produkt\\\/skywalk-pedroc-dst-light-pants-women\\\/#primaryimage\"},\"image\":{\"@id\":\"https:\\\/\\\/swissgliders.ch\\\/de\\\/produkt\\\/skywalk-pedroc-dst-light-pants-women\\\/#primaryimage\"},\"thumbnailUrl\":\"https:\\\/\\\/swissgliders.ch\\\/wp-content\\\/uploads\\\/2024\\\/12\\\/Skywalk_Pants_Pedroc-DST-Light-Pants-Women-1.jpg\",\"datePublished\":\"2024-12-28T09:16:11+00:00\",\"dateModified\":\"2024-12-28T09:43:36+00:00\",\"description\":\"Skywalk Pedroc DST Light Pants Women funktionale Hose Die Pedroc Light Durastretch Hose besteht aus unserem leichten und dennoch robusten 123-Gramm Durastrech-Gewebe. F\u00fcr noch mehr Atmungsaktivit\u00e4t und einen angenehmen Tragekomfort wurden an Stellen, an denen viel W\u00e4rme entsteht, Mikro-Mesh-Eins\u00e4tze mit Lochstruktur platziert. Gleichzeitig ist das Material schnelltrocknend und pflegeleicht. Dank des athletischen Schnitts sowie dem Softshell-Material mit 2-Wege-Stretch und dem ergonomisch geschnittenen Zwickeleinsatz passt sich die Hose jeder noch so anspruchsvollen Bewegung an und garantiert hohe Bewegungsfreiheit. Der bequeme, flache Hosenbund aus Stretch-Mesh-Material, sowie die zwei offenen Eingrifftaschen und die Cargotasche mit Rei\u00dfverschluss machen die Pedroc Light Durastretch perfekt f\u00fcr lange Touren.\",\"breadcrumb\":{\"@id\":\"https:\\\/\\\/swissgliders.ch\\\/de\\\/produkt\\\/skywalk-pedroc-dst-light-pants-women\\\/#breadcrumb\"},\"inLanguage\":\"de\",\"potentialAction\":[{\"@type\":\"ReadAction\",\"target\":[\"https:\\\/\\\/swissgliders.ch\\\/de\\\/produkt\\\/skywalk-pedroc-dst-light-pants-women\\\/\"]}]},{\"@type\":\"ImageObject\",\"inLanguage\":\"de\",\"@id\":\"https:\\\/\\\/swissgliders.ch\\\/de\\\/produkt\\\/skywalk-pedroc-dst-light-pants-women\\\/#primaryimage\",\"url\":\"https:\\\/\\\/swissgliders.ch\\\/wp-content\\\/uploads\\\/2024\\\/12\\\/Skywalk_Pants_Pedroc-DST-Light-Pants-Women-1.jpg\",\"contentUrl\":\"https:\\\/\\\/swissgliders.ch\\\/wp-content\\\/uploads\\\/2024\\\/12\\\/Skywalk_Pants_Pedroc-DST-Light-Pants-Women-1.jpg\",\"width\":1600,\"height\":1600,\"caption\":\"Skywalk_Pants_Pedroc DST Light Pants Women-1\"},{\"@type\":\"BreadcrumbList\",\"@id\":\"https:\\\/\\\/swissgliders.ch\\\/de\\\/produkt\\\/skywalk-pedroc-dst-light-pants-women\\\/#breadcrumb\",\"itemListElement\":[{\"@type\":\"ListItem\",\"position\":1,\"name\":\"Startseite\",\"item\":\"https:\\\/\\\/swissgliders.ch\\\/de\\\/willkommen\\\/\"},{\"@type\":\"ListItem\",\"position\":2,\"name\":\"Gleitschirm Shop\",\"item\":\"https:\\\/\\\/swissgliders.ch\\\/de\\\/gleitschirm-shop\\\/\"},{\"@type\":\"ListItem\",\"position\":3,\"name\":\"Skywalk Pedroc DST Light Pants Women\"}]},{\"@type\":\"WebSite\",\"@id\":\"https:\\\/\\\/swissgliders.ch\\\/de\\\/#website\",\"url\":\"https:\\\/\\\/swissgliders.ch\\\/de\\\/\",\"name\":\"Gleitschirmschule Thun, Bern, Interlaken\",\"description\":\"Gleitschirmschule Thun, Bern, Interlaken\",\"publisher\":{\"@id\":\"https:\\\/\\\/swissgliders.ch\\\/de\\\/#organization\"},\"potentialAction\":[{\"@type\":\"SearchAction\",\"target\":{\"@type\":\"EntryPoint\",\"urlTemplate\":\"https:\\\/\\\/swissgliders.ch\\\/de\\\/?s={search_term_string}\"},\"query-input\":{\"@type\":\"PropertyValueSpecification\",\"valueRequired\":true,\"valueName\":\"search_term_string\"}}],\"inLanguage\":\"de\"},{\"@type\":\"Organization\",\"@id\":\"https:\\\/\\\/swissgliders.ch\\\/de\\\/#organization\",\"name\":\"Swissgliders Gleitschirmflugschule Thun\",\"url\":\"https:\\\/\\\/swissgliders.ch\\\/de\\\/\",\"logo\":{\"@type\":\"ImageObject\",\"inLanguage\":\"de\",\"@id\":\"https:\\\/\\\/swissgliders.ch\\\/de\\\/#\\\/schema\\\/logo\\\/image\\\/\",\"url\":\"https:\\\/\\\/swissgliders.ch\\\/wp-content\\\/uploads\\\/2019\\\/12\\\/swissgliders-logo-rgb-square-L-no-ch-01.png\",\"contentUrl\":\"https:\\\/\\\/swissgliders.ch\\\/wp-content\\\/uploads\\\/2019\\\/12\\\/swissgliders-logo-rgb-square-L-no-ch-01.png\",\"width\":2500,\"height\":2500,\"caption\":\"Swissgliders Gleitschirmflugschule Thun\"},\"image\":{\"@id\":\"https:\\\/\\\/swissgliders.ch\\\/de\\\/#\\\/schema\\\/logo\\\/image\\\/\"},\"sameAs\":[\"https:\\\/\\\/www.facebook.com\\\/swissgliders\",\"https:\\\/\\\/x.com\\\/Swissgliders\",\"https:\\\/\\\/www.instagram.com\\\/swissgliders\\\/\",\"https:\\\/\\\/www.youtube.com\\\/channel\\\/UCMCtGdepy9vBhrhX3V_oJOA\"],\"hasMerchantReturnPolicy\":{\"@type\":\"MerchantReturnPolicy\",\"merchantReturnLink\":\"https:\\\/\\\/swissgliders.ch\\\/de\\\/allgemeine-geschaftsbedingungen\\\/\"}}]}<\/script>\n<meta property=\"og:availability\" content=\"instock\" \/>\n<meta property=\"product:availability\" content=\"instock\" \/>\n<meta property=\"product:condition\" content=\"new\" \/>\n<!-- \/ Yoast SEO Premium plugin. -->","yoast_head_json":{"title":"Skywalk Pedroc DST Light Pants Women | Gleitschirmschule Thun, Bern, Interlaken","description":"Skywalk Pedroc DST Light Pants Women funktionale Hose Die Pedroc Light Durastretch Hose besteht aus unserem leichten und dennoch robusten 123-Gramm Durastrech-Gewebe. F\u00fcr noch mehr Atmungsaktivit\u00e4t und einen angenehmen Tragekomfort wurden an Stellen, an denen viel W\u00e4rme entsteht, Mikro-Mesh-Eins\u00e4tze mit Lochstruktur platziert. Gleichzeitig ist das Material schnelltrocknend und pflegeleicht. Dank des athletischen Schnitts sowie dem Softshell-Material mit 2-Wege-Stretch und dem ergonomisch geschnittenen Zwickeleinsatz passt sich die Hose jeder noch so anspruchsvollen Bewegung an und garantiert hohe Bewegungsfreiheit. Der bequeme, flache Hosenbund aus Stretch-Mesh-Material, sowie die zwei offenen Eingrifftaschen und die Cargotasche mit Rei\u00dfverschluss machen die Pedroc Light Durastretch perfekt f\u00fcr lange Touren.","robots":{"index":"index","follow":"follow","max-snippet":"max-snippet:-1","max-image-preview":"max-image-preview:large","max-video-preview":"max-video-preview:-1"},"canonical":"https:\/\/swissgliders.ch\/de\/produkt\/skywalk-pedroc-dst-light-pants-women\/","og_locale":"de_DE","og_type":"article","og_title":"Skywalk Pedroc DST Light Pants Women","og_description":"Skywalk Pedroc DST Light Pants Women funktionale Hose Die Pedroc Light Durastretch Hose besteht aus unserem leichten und dennoch robusten 123-Gramm Durastrech-Gewebe. F\u00fcr noch mehr Atmungsaktivit\u00e4t und einen angenehmen Tragekomfort wurden an Stellen, an denen viel W\u00e4rme entsteht, Mikro-Mesh-Eins\u00e4tze mit Lochstruktur platziert. Gleichzeitig ist das Material schnelltrocknend und pflegeleicht. Dank des athletischen Schnitts sowie dem Softshell-Material mit 2-Wege-Stretch und dem ergonomisch geschnittenen Zwickeleinsatz passt sich die Hose jeder noch so anspruchsvollen Bewegung an und garantiert hohe Bewegungsfreiheit. Der bequeme, flache Hosenbund aus Stretch-Mesh-Material, sowie die zwei offenen Eingrifftaschen und die Cargotasche mit Rei\u00dfverschluss machen die Pedroc Light Durastretch perfekt f\u00fcr lange Touren.","og_url":"https:\/\/swissgliders.ch\/de\/produkt\/skywalk-pedroc-dst-light-pants-women\/","og_site_name":"Gleitschirmschule Thun, Bern, Interlaken","article_publisher":"https:\/\/www.facebook.com\/swissgliders","article_modified_time":"2024-12-28T09:43:36+00:00","og_image":[{"width":1600,"height":1600,"url":"https:\/\/swissgliders.ch\/wp-content\/uploads\/2024\/12\/Skywalk_Pants_Pedroc-DST-Light-Pants-Women-1.jpg","type":"image\/jpeg"}],"twitter_card":"summary_large_image","twitter_site":"@Swissgliders","twitter_misc":{"Verf\u00fcgbarkeit":"Auf Lager"},"schema":{"@context":"https:\/\/schema.org","@graph":[{"@type":"WebPage","@id":"https:\/\/swissgliders.ch\/de\/produkt\/skywalk-pedroc-dst-light-pants-women\/","url":"https:\/\/swissgliders.ch\/de\/produkt\/skywalk-pedroc-dst-light-pants-women\/","name":"Skywalk Pedroc DST Light Pants Women | Gleitschirmschule Thun, Bern, Interlaken","isPartOf":{"@id":"https:\/\/swissgliders.ch\/de\/#website"},"primaryImageOfPage":{"@id":"https:\/\/swissgliders.ch\/de\/produkt\/skywalk-pedroc-dst-light-pants-women\/#primaryimage"},"image":{"@id":"https:\/\/swissgliders.ch\/de\/produkt\/skywalk-pedroc-dst-light-pants-women\/#primaryimage"},"thumbnailUrl":"https:\/\/swissgliders.ch\/wp-content\/uploads\/2024\/12\/Skywalk_Pants_Pedroc-DST-Light-Pants-Women-1.jpg","datePublished":"2024-12-28T09:16:11+00:00","dateModified":"2024-12-28T09:43:36+00:00","description":"Skywalk Pedroc DST Light Pants Women funktionale Hose Die Pedroc Light Durastretch Hose besteht aus unserem leichten und dennoch robusten 123-Gramm Durastrech-Gewebe. F\u00fcr noch mehr Atmungsaktivit\u00e4t und einen angenehmen Tragekomfort wurden an Stellen, an denen viel W\u00e4rme entsteht, Mikro-Mesh-Eins\u00e4tze mit Lochstruktur platziert. Gleichzeitig ist das Material schnelltrocknend und pflegeleicht. Dank des athletischen Schnitts sowie dem Softshell-Material mit 2-Wege-Stretch und dem ergonomisch geschnittenen Zwickeleinsatz passt sich die Hose jeder noch so anspruchsvollen Bewegung an und garantiert hohe Bewegungsfreiheit. Der bequeme, flache Hosenbund aus Stretch-Mesh-Material, sowie die zwei offenen Eingrifftaschen und die Cargotasche mit Rei\u00dfverschluss machen die Pedroc Light Durastretch perfekt f\u00fcr lange Touren.","breadcrumb":{"@id":"https:\/\/swissgliders.ch\/de\/produkt\/skywalk-pedroc-dst-light-pants-women\/#breadcrumb"},"inLanguage":"de","potentialAction":[{"@type":"ReadAction","target":["https:\/\/swissgliders.ch\/de\/produkt\/skywalk-pedroc-dst-light-pants-women\/"]}]},{"@type":"ImageObject","inLanguage":"de","@id":"https:\/\/swissgliders.ch\/de\/produkt\/skywalk-pedroc-dst-light-pants-women\/#primaryimage","url":"https:\/\/swissgliders.ch\/wp-content\/uploads\/2024\/12\/Skywalk_Pants_Pedroc-DST-Light-Pants-Women-1.jpg","contentUrl":"https:\/\/swissgliders.ch\/wp-content\/uploads\/2024\/12\/Skywalk_Pants_Pedroc-DST-Light-Pants-Women-1.jpg","width":1600,"height":1600,"caption":"Skywalk_Pants_Pedroc DST Light Pants Women-1"},{"@type":"BreadcrumbList","@id":"https:\/\/swissgliders.ch\/de\/produkt\/skywalk-pedroc-dst-light-pants-women\/#breadcrumb","itemListElement":[{"@type":"ListItem","position":1,"name":"Startseite","item":"https:\/\/swissgliders.ch\/de\/willkommen\/"},{"@type":"ListItem","position":2,"name":"Gleitschirm Shop","item":"https:\/\/swissgliders.ch\/de\/gleitschirm-shop\/"},{"@type":"ListItem","position":3,"name":"Skywalk Pedroc DST Light Pants Women"}]},{"@type":"WebSite","@id":"https:\/\/swissgliders.ch\/de\/#website","url":"https:\/\/swissgliders.ch\/de\/","name":"Gleitschirmschule Thun, Bern, Interlaken","description":"Gleitschirmschule Thun, Bern, Interlaken","publisher":{"@id":"https:\/\/swissgliders.ch\/de\/#organization"},"potentialAction":[{"@type":"SearchAction","target":{"@type":"EntryPoint","urlTemplate":"https:\/\/swissgliders.ch\/de\/?s={search_term_string}"},"query-input":{"@type":"PropertyValueSpecification","valueRequired":true,"valueName":"search_term_string"}}],"inLanguage":"de"},{"@type":"Organization","@id":"https:\/\/swissgliders.ch\/de\/#organization","name":"Swissgliders Gleitschirmflugschule Thun","url":"https:\/\/swissgliders.ch\/de\/","logo":{"@type":"ImageObject","inLanguage":"de","@id":"https:\/\/swissgliders.ch\/de\/#\/schema\/logo\/image\/","url":"https:\/\/swissgliders.ch\/wp-content\/uploads\/2019\/12\/swissgliders-logo-rgb-square-L-no-ch-01.png","contentUrl":"https:\/\/swissgliders.ch\/wp-content\/uploads\/2019\/12\/swissgliders-logo-rgb-square-L-no-ch-01.png","width":2500,"height":2500,"caption":"Swissgliders Gleitschirmflugschule Thun"},"image":{"@id":"https:\/\/swissgliders.ch\/de\/#\/schema\/logo\/image\/"},"sameAs":["https:\/\/www.facebook.com\/swissgliders","https:\/\/x.com\/Swissgliders","https:\/\/www.instagram.com\/swissgliders\/","https:\/\/www.youtube.com\/channel\/UCMCtGdepy9vBhrhX3V_oJOA"],"hasMerchantReturnPolicy":{"@type":"MerchantReturnPolicy","merchantReturnLink":"https:\/\/swissgliders.ch\/de\/allgemeine-geschaftsbedingungen\/"}}]},"og_availability":"instock","product_availability":"instock","product_condition":"new"},"_links":{"self":[{"href":"https:\/\/swissgliders.ch\/de\/wp-json\/wp\/v2\/product\/18243","targetHints":{"allow":["GET"]}}],"collection":[{"href":"https:\/\/swissgliders.ch\/de\/wp-json\/wp\/v2\/product"}],"about":[{"href":"https:\/\/swissgliders.ch\/de\/wp-json\/wp\/v2\/types\/product"}],"replies":[{"embeddable":true,"href":"https:\/\/swissgliders.ch\/de\/wp-json\/wp\/v2\/comments?post=18243"}],"wp:featuredmedia":[{"embeddable":true,"href":"https:\/\/swissgliders.ch\/de\/wp-json\/wp\/v2\/media\/18247"}],"wp:attachment":[{"href":"https:\/\/swissgliders.ch\/de\/wp-json\/wp\/v2\/media?parent=18243"}],"wp:term":[{"taxonomy":"product_brand","embeddable":true,"href":"https:\/\/swissgliders.ch\/de\/wp-json\/wp\/v2\/product_brand?post=18243"},{"taxonomy":"product_cat","embeddable":true,"href":"https:\/\/swissgliders.ch\/de\/wp-json\/wp\/v2\/product_cat?post=18243"},{"taxonomy":"product_tag","embeddable":true,"href":"https:\/\/swissgliders.ch\/de\/wp-json\/wp\/v2\/product_tag?post=18243"}],"curies":[{"name":"wp","href":"https:\/\/api.w.org\/{rel}","templated":true}]}}