{"id":18482,"date":"2025-03-05T09:14:32","date_gmt":"2025-03-05T08:14:32","guid":{"rendered":"https:\/\/swissgliders.ch\/?post_type=product&#038;p=18482"},"modified":"2025-03-23T20:05:02","modified_gmt":"2025-03-23T19:05:02","slug":"das-thermik-und-streckenflugbuch-von-burkhard-martens","status":"publish","type":"product","link":"https:\/\/swissgliders.ch\/de\/produkt\/das-thermik-und-streckenflugbuch-von-burkhard-martens\/","title":{"rendered":"Das Thermik- und Streckenflugbuch von Burkhard Martens"},"content":{"rendered":"<div>\n<h3 class=\"product--title\">Das Thermik- und Streckenflugbuch von Burkhard Martens<\/h3>\n<\/div>\n<div class=\"biblioWeight\"><img loading=\"lazy\" decoding=\"async\" class=\"\" src=\"https:\/\/shop.basisrausch.ch\/media\/image\/55\/c6\/45\/Titel-TB-SB-Buch-300dpi.jpg\" alt=\"Das Thermik- und Streckenflugbuch von Burkhard Martens\" width=\"278\" height=\"399\" \/> <img loading=\"lazy\" decoding=\"async\" class=\"\" src=\"https:\/\/shop.basisrausch.ch\/media\/image\/a7\/24\/82\/Umschlag-TB-SB-Buch-72dpi.jpg\" alt=\"Das Thermik- und Streckenflugbuch von Burkhard Martens\" width=\"278\" height=\"397\" \/><\/div>\n<div>\n<div class=\"content--title\"><\/div>\n<div class=\"product--description\">\n<p>Neu auf dem Markt ab Mai 2023: &#8222;Das Thermik- und Streckenflugbuch f\u00fcr Gleitschirm- und Drachenflieger&#8220;<\/p>\n<p>Burkhard Martens hat die Weltbestseller &#8222;Das Thermikbuch&#8220; und &#8222;Das Streckenflugbuch&#8220; zu einem Buch zusammengefasst. Aus dem Streckenflugbuch wurden die meisten Fluggebiete ausgegliedert und stehen nun zum Download f\u00fcr die Leser auf der Homepage zur Verf\u00fcgung. Herausgekommen ist ein neues umfassendes Werk f\u00fcr alle Piloten, vom Anf\u00e4nger bis zum Profi. Neben Burki \u0301s Tipps kommen viele weitere herausragende Piloten in Interviews und Gastartikeln zu Wort. Bruce Goldsmith hat ein eigenes Kapitel bekommen. Die Profis, Armin Harich und Sepp Gschwendtner, schreiben zu den Besonderheiten der Flachlandfliegerei. Der DHV Wetterexperte Volker Schwaniz schreibt das Wetterkapitel. Das Buch hat 544 Seiten und \u00fcber 1000 Bilder.<\/p>\n<p>Versandgewicht:\u00a0<span class=\"entry--content\">1,20 kg<\/span><\/p>\n<p>Mehr <a href=\"https:\/\/shop.basisrausch.ch\/spezial\/buecherkalender\/311\/das-thermik-und-streckenflugbuch-von-burkhard-martens?number=100091\">Infos<\/a><\/p>\n<\/div>\n<\/div>\n<p>Lieferzeit 1-2 Tage<\/p>\n<p>&nbsp;<\/p>\n","protected":false},"excerpt":{"rendered":"<div>\n<h3 class=\"product--title\">Das Thermik- und Streckenflugbuch von Burkhard Martens<\/h3>\n<\/div>\n<div class=\"biblioWeight\"><img loading=\"lazy\" decoding=\"async\" class=\"\" src=\"https:\/\/shop.basisrausch.ch\/media\/image\/55\/c6\/45\/Titel-TB-SB-Buch-300dpi.jpg\" alt=\"Das Thermik- und Streckenflugbuch von Burkhard Martens\" width=\"278\" height=\"399\" \/> <img loading=\"lazy\" decoding=\"async\" class=\"\" src=\"https:\/\/shop.basisrausch.ch\/media\/image\/a7\/24\/82\/Umschlag-TB-SB-Buch-72dpi.jpg\" alt=\"Das Thermik- und Streckenflugbuch von Burkhard Martens\" width=\"278\" height=\"397\" \/><\/div>\n<div>\n<div class=\"content--title\"><\/div>\n<div class=\"product--description\">\n<p>Neu auf dem Markt ab Mai 2023: &#8222;Das Thermik- und Streckenflugbuch f\u00fcr Gleitschirm- und Drachenflieger&#8220;<\/p>\n<p>Burkhard Martens hat die Weltbestseller &#8222;Das Thermikbuch&#8220; und &#8222;Das Streckenflugbuch&#8220; zu einem Buch zusammengefasst. Aus dem Streckenflugbuch wurden die meisten Fluggebiete ausgegliedert und stehen nun zum Download f\u00fcr die Leser auf der Homepage zur Verf\u00fcgung. Herausgekommen ist ein neues umfassendes Werk f\u00fcr alle Piloten, vom Anf\u00e4nger bis zum Profi. Neben Burki \u0301s Tipps kommen viele weitere herausragende Piloten in Interviews und Gastartikeln zu Wort. Bruce Goldsmith hat ein eigenes Kapitel bekommen. Die Profis, Armin Harich und Sepp Gschwendtner, schreiben zu den Besonderheiten der Flachlandfliegerei. Der DHV Wetterexperte Volker Schwaniz schreibt das Wetterkapitel. Das Buch hat 544 Seiten und \u00fcber 1000 Bilder.<\/p>\n<p>Versandgewicht:\u00a0<span class=\"entry--content\">1,20 kg<\/span><\/p>\n<p>Mehr <a href=\"https:\/\/shop.basisrausch.ch\/spezial\/buecherkalender\/311\/das-thermik-und-streckenflugbuch-von-burkhard-martens?number=100091\">Infos<\/a><\/p>\n<\/div>\n<\/div>\n<p>Lieferzeit 1-2 Tage<\/p>\n<p>&nbsp;<\/p>\n","protected":false},"featured_media":18484,"comment_status":"closed","ping_status":"closed","template":"","meta":[],"product_brand":[],"product_cat":[2092],"product_tag":[2208,90],"class_list":{"0":"post-18482","1":"product","2":"type-product","3":"status-publish","4":"has-post-thumbnail","6":"product_cat-gleitschirm-buecher","7":"product_tag-buecher","8":"product_tag-verkaufsartikel","9":"product_shipping_class-priority-2kg-de","11":"first","12":"instock","13":"shipping-taxable","14":"purchasable","15":"product-type-simple"},"yoast_head":"<!-- This site is optimized with the Yoast SEO Premium plugin v26.1 (Yoast SEO v27.3) - https:\/\/yoast.com\/product\/yoast-seo-premium-wordpress\/ -->\n<title>Das Thermik- und Streckenflugbuch von Burkhard Martens | Gleitschirmschule Thun, Bern, Interlaken<\/title>\n<meta name=\"description\" content=\"Das Thermik- und Streckenflugbuch von Burkhard Martens. Burkhard Martens hat die Weltbestseller &quot;Das Thermikbuch&quot; und &quot;Das Streckenflugbuch&quot; zu einem Buch zusammengefasst. Aus dem Streckenflugbuch wurden die meisten Fluggebiete ausgegliedert und stehen nun zum Download f\u00fcr die Leser auf der Homepage zur Verf\u00fcgung. Herausgekommen ist ein neues umfassendes Werk f\u00fcr alle Piloten, vom Anf\u00e4nger bis zum Profi.\" \/>\n<meta name=\"robots\" content=\"index, follow, max-snippet:-1, max-image-preview:large, max-video-preview:-1\" \/>\n<link rel=\"canonical\" href=\"https:\/\/swissgliders.ch\/de\/produkt\/das-thermik-und-streckenflugbuch-von-burkhard-martens\/\" \/>\n<meta property=\"og:locale\" content=\"de_DE\" \/>\n<meta property=\"og:type\" content=\"article\" \/>\n<meta property=\"og:title\" content=\"Das Thermik- und Streckenflugbuch von Burkhard Martens\" \/>\n<meta property=\"og:description\" content=\"Das Thermik- und Streckenflugbuch von Burkhard Martens. Burkhard Martens hat die Weltbestseller &quot;Das Thermikbuch&quot; und &quot;Das Streckenflugbuch&quot; zu einem Buch zusammengefasst. Aus dem Streckenflugbuch wurden die meisten Fluggebiete ausgegliedert und stehen nun zum Download f\u00fcr die Leser auf der Homepage zur Verf\u00fcgung. Herausgekommen ist ein neues umfassendes Werk f\u00fcr alle Piloten, vom Anf\u00e4nger bis zum Profi.\" \/>\n<meta property=\"og:url\" content=\"https:\/\/swissgliders.ch\/de\/produkt\/das-thermik-und-streckenflugbuch-von-burkhard-martens\/\" \/>\n<meta property=\"og:site_name\" content=\"Gleitschirmschule Thun, Bern, Interlaken\" \/>\n<meta property=\"article:publisher\" content=\"https:\/\/www.facebook.com\/swissgliders\" \/>\n<meta property=\"article:modified_time\" content=\"2025-03-23T19:05:02+00:00\" \/>\n<meta property=\"og:image\" content=\"https:\/\/swissgliders.ch\/wp-content\/uploads\/2025\/03\/Basisrausch_Buch_Das-Thermik_und_Streckenflugbuch-1-719x1030.jpg\" \/>\n\t<meta property=\"og:image:width\" content=\"719\" \/>\n\t<meta property=\"og:image:height\" content=\"1030\" \/>\n\t<meta property=\"og:image:type\" content=\"image\/jpeg\" \/>\n<meta name=\"twitter:card\" content=\"summary_large_image\" \/>\n<meta name=\"twitter:site\" content=\"@Swissgliders\" \/>\n<meta name=\"twitter:label1\" content=\"Preis\" \/>\n\t<meta name=\"twitter:data1\" content=\"&#067;&#072;&#070;&nbsp;69.00\" \/>\n\t<meta name=\"twitter:label2\" content=\"Verf\u00fcgbarkeit\" \/>\n\t<meta name=\"twitter:data2\" content=\"Auf Lager\" \/>\n<script type=\"application\/ld+json\" class=\"yoast-schema-graph\">{\"@context\":\"https:\\\/\\\/schema.org\",\"@graph\":[{\"@type\":\"WebPage\",\"@id\":\"https:\\\/\\\/swissgliders.ch\\\/de\\\/produkt\\\/das-thermik-und-streckenflugbuch-von-burkhard-martens\\\/\",\"url\":\"https:\\\/\\\/swissgliders.ch\\\/de\\\/produkt\\\/das-thermik-und-streckenflugbuch-von-burkhard-martens\\\/\",\"name\":\"Das Thermik- und Streckenflugbuch von Burkhard Martens | Gleitschirmschule Thun, Bern, Interlaken\",\"isPartOf\":{\"@id\":\"https:\\\/\\\/swissgliders.ch\\\/de\\\/#website\"},\"primaryImageOfPage\":{\"@id\":\"https:\\\/\\\/swissgliders.ch\\\/de\\\/produkt\\\/das-thermik-und-streckenflugbuch-von-burkhard-martens\\\/#primaryimage\"},\"image\":{\"@id\":\"https:\\\/\\\/swissgliders.ch\\\/de\\\/produkt\\\/das-thermik-und-streckenflugbuch-von-burkhard-martens\\\/#primaryimage\"},\"thumbnailUrl\":\"https:\\\/\\\/swissgliders.ch\\\/wp-content\\\/uploads\\\/2025\\\/03\\\/Basisrausch_Buch_Das-Thermik_und_Streckenflugbuch-1-scaled.jpg\",\"datePublished\":\"2025-03-05T08:14:32+00:00\",\"dateModified\":\"2025-03-23T19:05:02+00:00\",\"description\":\"Das Thermik- und Streckenflugbuch von Burkhard Martens. Burkhard Martens hat die Weltbestseller \\\"Das Thermikbuch\\\" und \\\"Das Streckenflugbuch\\\" zu einem Buch zusammengefasst. Aus dem Streckenflugbuch wurden die meisten Fluggebiete ausgegliedert und stehen nun zum Download f\u00fcr die Leser auf der Homepage zur Verf\u00fcgung. Herausgekommen ist ein neues umfassendes Werk f\u00fcr alle Piloten, vom Anf\u00e4nger bis zum Profi.\",\"breadcrumb\":{\"@id\":\"https:\\\/\\\/swissgliders.ch\\\/de\\\/produkt\\\/das-thermik-und-streckenflugbuch-von-burkhard-martens\\\/#breadcrumb\"},\"inLanguage\":\"de\",\"potentialAction\":[{\"@type\":\"ReadAction\",\"target\":[\"https:\\\/\\\/swissgliders.ch\\\/de\\\/produkt\\\/das-thermik-und-streckenflugbuch-von-burkhard-martens\\\/\"]}]},{\"@type\":\"ImageObject\",\"inLanguage\":\"de\",\"@id\":\"https:\\\/\\\/swissgliders.ch\\\/de\\\/produkt\\\/das-thermik-und-streckenflugbuch-von-burkhard-martens\\\/#primaryimage\",\"url\":\"https:\\\/\\\/swissgliders.ch\\\/wp-content\\\/uploads\\\/2025\\\/03\\\/Basisrausch_Buch_Das-Thermik_und_Streckenflugbuch-1-scaled.jpg\",\"contentUrl\":\"https:\\\/\\\/swissgliders.ch\\\/wp-content\\\/uploads\\\/2025\\\/03\\\/Basisrausch_Buch_Das-Thermik_und_Streckenflugbuch-1-scaled.jpg\",\"width\":1786,\"height\":2560,\"caption\":\"Buch_Das Thermik_und_Streckenflugbuch_Burkhard Martens-1\"},{\"@type\":\"BreadcrumbList\",\"@id\":\"https:\\\/\\\/swissgliders.ch\\\/de\\\/produkt\\\/das-thermik-und-streckenflugbuch-von-burkhard-martens\\\/#breadcrumb\",\"itemListElement\":[{\"@type\":\"ListItem\",\"position\":1,\"name\":\"Startseite\",\"item\":\"https:\\\/\\\/swissgliders.ch\\\/de\\\/willkommen\\\/\"},{\"@type\":\"ListItem\",\"position\":2,\"name\":\"Gleitschirm Shop\",\"item\":\"https:\\\/\\\/swissgliders.ch\\\/de\\\/gleitschirm-shop\\\/\"},{\"@type\":\"ListItem\",\"position\":3,\"name\":\"Das Thermik- und Streckenflugbuch von Burkhard Martens\"}]},{\"@type\":\"WebSite\",\"@id\":\"https:\\\/\\\/swissgliders.ch\\\/de\\\/#website\",\"url\":\"https:\\\/\\\/swissgliders.ch\\\/de\\\/\",\"name\":\"Gleitschirmschule Thun, Bern, Interlaken\",\"description\":\"Gleitschirmschule Thun, Bern, Interlaken\",\"publisher\":{\"@id\":\"https:\\\/\\\/swissgliders.ch\\\/de\\\/#organization\"},\"potentialAction\":[{\"@type\":\"SearchAction\",\"target\":{\"@type\":\"EntryPoint\",\"urlTemplate\":\"https:\\\/\\\/swissgliders.ch\\\/de\\\/?s={search_term_string}\"},\"query-input\":{\"@type\":\"PropertyValueSpecification\",\"valueRequired\":true,\"valueName\":\"search_term_string\"}}],\"inLanguage\":\"de\"},{\"@type\":\"Organization\",\"@id\":\"https:\\\/\\\/swissgliders.ch\\\/de\\\/#organization\",\"name\":\"Swissgliders Gleitschirmflugschule Thun\",\"url\":\"https:\\\/\\\/swissgliders.ch\\\/de\\\/\",\"logo\":{\"@type\":\"ImageObject\",\"inLanguage\":\"de\",\"@id\":\"https:\\\/\\\/swissgliders.ch\\\/de\\\/#\\\/schema\\\/logo\\\/image\\\/\",\"url\":\"https:\\\/\\\/swissgliders.ch\\\/wp-content\\\/uploads\\\/2019\\\/12\\\/swissgliders-logo-rgb-square-L-no-ch-01.png\",\"contentUrl\":\"https:\\\/\\\/swissgliders.ch\\\/wp-content\\\/uploads\\\/2019\\\/12\\\/swissgliders-logo-rgb-square-L-no-ch-01.png\",\"width\":2500,\"height\":2500,\"caption\":\"Swissgliders Gleitschirmflugschule Thun\"},\"image\":{\"@id\":\"https:\\\/\\\/swissgliders.ch\\\/de\\\/#\\\/schema\\\/logo\\\/image\\\/\"},\"sameAs\":[\"https:\\\/\\\/www.facebook.com\\\/swissgliders\",\"https:\\\/\\\/x.com\\\/Swissgliders\",\"https:\\\/\\\/www.instagram.com\\\/swissgliders\\\/\",\"https:\\\/\\\/www.youtube.com\\\/channel\\\/UCMCtGdepy9vBhrhX3V_oJOA\"],\"hasMerchantReturnPolicy\":{\"@type\":\"MerchantReturnPolicy\",\"merchantReturnLink\":\"https:\\\/\\\/swissgliders.ch\\\/de\\\/allgemeine-geschaftsbedingungen\\\/\"}}]}<\/script>\n<meta property=\"product:price:amount\" content=\"69.00\" \/>\n<meta property=\"product:price:currency\" content=\"CHF\" \/>\n<meta property=\"og:availability\" content=\"instock\" \/>\n<meta property=\"product:availability\" content=\"instock\" \/>\n<meta property=\"product:condition\" content=\"new\" \/>\n<!-- \/ Yoast SEO Premium plugin. -->","yoast_head_json":{"title":"Das Thermik- und Streckenflugbuch von Burkhard Martens | Gleitschirmschule Thun, Bern, Interlaken","description":"Das Thermik- und Streckenflugbuch von Burkhard Martens. Burkhard Martens hat die Weltbestseller \"Das Thermikbuch\" und \"Das Streckenflugbuch\" zu einem Buch zusammengefasst. Aus dem Streckenflugbuch wurden die meisten Fluggebiete ausgegliedert und stehen nun zum Download f\u00fcr die Leser auf der Homepage zur Verf\u00fcgung. Herausgekommen ist ein neues umfassendes Werk f\u00fcr alle Piloten, vom Anf\u00e4nger bis zum Profi.","robots":{"index":"index","follow":"follow","max-snippet":"max-snippet:-1","max-image-preview":"max-image-preview:large","max-video-preview":"max-video-preview:-1"},"canonical":"https:\/\/swissgliders.ch\/de\/produkt\/das-thermik-und-streckenflugbuch-von-burkhard-martens\/","og_locale":"de_DE","og_type":"article","og_title":"Das Thermik- und Streckenflugbuch von Burkhard Martens","og_description":"Das Thermik- und Streckenflugbuch von Burkhard Martens. Burkhard Martens hat die Weltbestseller \"Das Thermikbuch\" und \"Das Streckenflugbuch\" zu einem Buch zusammengefasst. Aus dem Streckenflugbuch wurden die meisten Fluggebiete ausgegliedert und stehen nun zum Download f\u00fcr die Leser auf der Homepage zur Verf\u00fcgung. Herausgekommen ist ein neues umfassendes Werk f\u00fcr alle Piloten, vom Anf\u00e4nger bis zum Profi.","og_url":"https:\/\/swissgliders.ch\/de\/produkt\/das-thermik-und-streckenflugbuch-von-burkhard-martens\/","og_site_name":"Gleitschirmschule Thun, Bern, Interlaken","article_publisher":"https:\/\/www.facebook.com\/swissgliders","article_modified_time":"2025-03-23T19:05:02+00:00","og_image":[{"width":719,"height":1030,"url":"https:\/\/swissgliders.ch\/wp-content\/uploads\/2025\/03\/Basisrausch_Buch_Das-Thermik_und_Streckenflugbuch-1-719x1030.jpg","type":"image\/jpeg"}],"twitter_card":"summary_large_image","twitter_site":"@Swissgliders","twitter_misc":{"Preis":"&#67;&#72;&#70;&nbsp;69.00","Verf\u00fcgbarkeit":"Auf Lager"},"schema":{"@context":"https:\/\/schema.org","@graph":[{"@type":"WebPage","@id":"https:\/\/swissgliders.ch\/de\/produkt\/das-thermik-und-streckenflugbuch-von-burkhard-martens\/","url":"https:\/\/swissgliders.ch\/de\/produkt\/das-thermik-und-streckenflugbuch-von-burkhard-martens\/","name":"Das Thermik- und Streckenflugbuch von Burkhard Martens | Gleitschirmschule Thun, Bern, Interlaken","isPartOf":{"@id":"https:\/\/swissgliders.ch\/de\/#website"},"primaryImageOfPage":{"@id":"https:\/\/swissgliders.ch\/de\/produkt\/das-thermik-und-streckenflugbuch-von-burkhard-martens\/#primaryimage"},"image":{"@id":"https:\/\/swissgliders.ch\/de\/produkt\/das-thermik-und-streckenflugbuch-von-burkhard-martens\/#primaryimage"},"thumbnailUrl":"https:\/\/swissgliders.ch\/wp-content\/uploads\/2025\/03\/Basisrausch_Buch_Das-Thermik_und_Streckenflugbuch-1-scaled.jpg","datePublished":"2025-03-05T08:14:32+00:00","dateModified":"2025-03-23T19:05:02+00:00","description":"Das Thermik- und Streckenflugbuch von Burkhard Martens. Burkhard Martens hat die Weltbestseller \"Das Thermikbuch\" und \"Das Streckenflugbuch\" zu einem Buch zusammengefasst. Aus dem Streckenflugbuch wurden die meisten Fluggebiete ausgegliedert und stehen nun zum Download f\u00fcr die Leser auf der Homepage zur Verf\u00fcgung. Herausgekommen ist ein neues umfassendes Werk f\u00fcr alle Piloten, vom Anf\u00e4nger bis zum Profi.","breadcrumb":{"@id":"https:\/\/swissgliders.ch\/de\/produkt\/das-thermik-und-streckenflugbuch-von-burkhard-martens\/#breadcrumb"},"inLanguage":"de","potentialAction":[{"@type":"ReadAction","target":["https:\/\/swissgliders.ch\/de\/produkt\/das-thermik-und-streckenflugbuch-von-burkhard-martens\/"]}]},{"@type":"ImageObject","inLanguage":"de","@id":"https:\/\/swissgliders.ch\/de\/produkt\/das-thermik-und-streckenflugbuch-von-burkhard-martens\/#primaryimage","url":"https:\/\/swissgliders.ch\/wp-content\/uploads\/2025\/03\/Basisrausch_Buch_Das-Thermik_und_Streckenflugbuch-1-scaled.jpg","contentUrl":"https:\/\/swissgliders.ch\/wp-content\/uploads\/2025\/03\/Basisrausch_Buch_Das-Thermik_und_Streckenflugbuch-1-scaled.jpg","width":1786,"height":2560,"caption":"Buch_Das Thermik_und_Streckenflugbuch_Burkhard Martens-1"},{"@type":"BreadcrumbList","@id":"https:\/\/swissgliders.ch\/de\/produkt\/das-thermik-und-streckenflugbuch-von-burkhard-martens\/#breadcrumb","itemListElement":[{"@type":"ListItem","position":1,"name":"Startseite","item":"https:\/\/swissgliders.ch\/de\/willkommen\/"},{"@type":"ListItem","position":2,"name":"Gleitschirm Shop","item":"https:\/\/swissgliders.ch\/de\/gleitschirm-shop\/"},{"@type":"ListItem","position":3,"name":"Das Thermik- und Streckenflugbuch von Burkhard Martens"}]},{"@type":"WebSite","@id":"https:\/\/swissgliders.ch\/de\/#website","url":"https:\/\/swissgliders.ch\/de\/","name":"Gleitschirmschule Thun, Bern, Interlaken","description":"Gleitschirmschule Thun, Bern, Interlaken","publisher":{"@id":"https:\/\/swissgliders.ch\/de\/#organization"},"potentialAction":[{"@type":"SearchAction","target":{"@type":"EntryPoint","urlTemplate":"https:\/\/swissgliders.ch\/de\/?s={search_term_string}"},"query-input":{"@type":"PropertyValueSpecification","valueRequired":true,"valueName":"search_term_string"}}],"inLanguage":"de"},{"@type":"Organization","@id":"https:\/\/swissgliders.ch\/de\/#organization","name":"Swissgliders Gleitschirmflugschule Thun","url":"https:\/\/swissgliders.ch\/de\/","logo":{"@type":"ImageObject","inLanguage":"de","@id":"https:\/\/swissgliders.ch\/de\/#\/schema\/logo\/image\/","url":"https:\/\/swissgliders.ch\/wp-content\/uploads\/2019\/12\/swissgliders-logo-rgb-square-L-no-ch-01.png","contentUrl":"https:\/\/swissgliders.ch\/wp-content\/uploads\/2019\/12\/swissgliders-logo-rgb-square-L-no-ch-01.png","width":2500,"height":2500,"caption":"Swissgliders Gleitschirmflugschule Thun"},"image":{"@id":"https:\/\/swissgliders.ch\/de\/#\/schema\/logo\/image\/"},"sameAs":["https:\/\/www.facebook.com\/swissgliders","https:\/\/x.com\/Swissgliders","https:\/\/www.instagram.com\/swissgliders\/","https:\/\/www.youtube.com\/channel\/UCMCtGdepy9vBhrhX3V_oJOA"],"hasMerchantReturnPolicy":{"@type":"MerchantReturnPolicy","merchantReturnLink":"https:\/\/swissgliders.ch\/de\/allgemeine-geschaftsbedingungen\/"}}]},"product_price_amount":"69.00","product_price_currency":"CHF","og_availability":"instock","product_availability":"instock","product_condition":"new"},"_links":{"self":[{"href":"https:\/\/swissgliders.ch\/de\/wp-json\/wp\/v2\/product\/18482","targetHints":{"allow":["GET"]}}],"collection":[{"href":"https:\/\/swissgliders.ch\/de\/wp-json\/wp\/v2\/product"}],"about":[{"href":"https:\/\/swissgliders.ch\/de\/wp-json\/wp\/v2\/types\/product"}],"replies":[{"embeddable":true,"href":"https:\/\/swissgliders.ch\/de\/wp-json\/wp\/v2\/comments?post=18482"}],"wp:featuredmedia":[{"embeddable":true,"href":"https:\/\/swissgliders.ch\/de\/wp-json\/wp\/v2\/media\/18484"}],"wp:attachment":[{"href":"https:\/\/swissgliders.ch\/de\/wp-json\/wp\/v2\/media?parent=18482"}],"wp:term":[{"taxonomy":"product_brand","embeddable":true,"href":"https:\/\/swissgliders.ch\/de\/wp-json\/wp\/v2\/product_brand?post=18482"},{"taxonomy":"product_cat","embeddable":true,"href":"https:\/\/swissgliders.ch\/de\/wp-json\/wp\/v2\/product_cat?post=18482"},{"taxonomy":"product_tag","embeddable":true,"href":"https:\/\/swissgliders.ch\/de\/wp-json\/wp\/v2\/product_tag?post=18482"}],"curies":[{"name":"wp","href":"https:\/\/api.w.org\/{rel}","templated":true}]}}