{"id":19119,"date":"2025-04-12T16:32:16","date_gmt":"2025-04-12T15:32:16","guid":{"rendered":"https:\/\/swissgliders.ch\/?post_type=product&#038;p=19119"},"modified":"2025-09-26T18:20:32","modified_gmt":"2025-09-26T17:20:32","slug":"niviuk-kooper-p","status":"publish","type":"product","link":"https:\/\/swissgliders.ch\/de\/produkt\/niviuk-kooper-p\/","title":{"rendered":"Niviuk Kooper P"},"content":{"rendered":"<h3>Niviuk Kooper P Gurtzeug<\/h3>\n<div id=\"content\" class=\"\">\n<div id=\"content_dist_product\" class=\"\">\n<div id=\"p_distribuidor\" class=\"contingut_dos_blocs contenidor_centrat \">\n<div class=\"img\">\n<div class=\"content_img\"><picture><img loading=\"lazy\" decoding=\"async\" class=\"\" title=\"Kooper P\" src=\"https:\/\/niviuk.com\/tmp\/images\/BIBLIOTECA_ITEMS_2542_KOOPER_P_PROGRESSION_REVERSIBLE_HARNESS_LIGHT_PARAGLIDING_NIVIUK_DEAL_W_1920.PNG\" alt=\"Kooper P\" width=\"327\" height=\"290\" \/><\/picture><\/div>\n<\/div>\n<\/div>\n<\/div>\n<\/div>\n<footer class=\"border_separator_full aos-init aos-animate\" data-aos=\"fade-in\">\n<div class=\"contenidor_centrat\">\n<div class=\"footer_logo_xarxes\">\n<div id=\"logo_footer\"><\/div>\n<\/div>\n<\/div>\n<\/footer>\n<p><strong>EINES F\u00dcR ALLES<\/strong><\/p>\n<p>Das Kooper P ist das neue, super vielseitige Gurtzeug von Niviuk. Mit separaten Beinschlaufen erm\u00f6glicht die modulare Struktur verschiedene Konfigurationen &#8211; perfekt f\u00fcr verschiedenste Flugdisziplinen.<\/p>\n<p>Ideal f\u00fcr Hike &amp; Fly, Thermikfliegen und Soaren \u2013 es l\u00e4sst sich auch gut zum Speedflying verwenden. Ausgestattet mit Airbag und einem integrierten Notschirmfach ist es leicht, ergonomisch, kompakt und sicher.<\/p>\n<p>&nbsp;<\/p>\n<h4 class=\"titol titol_generic_producte aos-init aos-animate\" data-aos=\"fade-up\">Zielgruppe<\/h4>\n<div class=\"desc\">\n<div class=\"aos-init aos-animate\" data-aos=\"fade-up\"><strong>Hike &amp; Fly<\/strong><br \/>\nMit nur 2,09 kg ist das Kooper P sehr leicht und kompakt, ideal f\u00fcr Aktivit\u00e4ten, bei denen Gewicht und Volumen entscheidend sind. Sein reversibles Design mit einem vollst\u00e4ndig abnehmbaren Rucksack erm\u00f6glicht es dir, ihn komplett an die jeweiligen Anforderungen der Bergtour anzupassen.<\/div>\n<div class=\"aos-init aos-animate\" data-aos=\"fade-up\"><strong>F\u00fcr Einsteiger und Fortgeschrittene gleicherma\u00dfen<\/strong><br \/>\nDieses einfach zu verwendende Gurtzeug eignet sich perfekt f\u00fcr Einsteiger in den Sport, die ihre ersten Thermikfl\u00fcge mit Komfort und Stabilit\u00e4t absolvieren m\u00f6chten.<\/div>\n<div class=\"aos-init aos-animate\" data-aos=\"fade-up\"><strong>Soaren, Groundhandling und Speedflying<\/strong><br \/>\nDas Kooper P ist ideal f\u00fcr Groundhandling, Soaren und auch Speedflying, dank seines innovativen separaten Beinschlaufensystems, das mehr Bewegungsfreiheit und Komfort beim Stehen bietet.<\/div>\n<\/div>\n<p>&nbsp;<\/p>\n<h4>Im Detail<\/h4>\n<div class=\"titol\"><strong>Modular<\/strong><\/div>\n<div>Das modulare Design des Kooper P erm\u00f6glicht eine Gewichtsreduzierung von bis zu 70 % \u00a0Mit nur wenigen Handgriffen kannst du die Au\u00dfenschale, den Airbag und den Rettungsschirm entfernen, sodass nur das Sitzmodul \u00fcbrig bleibt, um es damit von einem leichten Allrounder zu einem ultraleichten Gurtzeug umzuwandeln. Damit passt es sich ideal an deine jeweilige Aktivit\u00e4t an, egal ob K\u00fcstensoaren, Hochtour oder Bodenhandling.<\/div>\n<div class=\"\">\n<h4 class=\"titol titol_generic aos-init aos-animate\" data-aos=\"fade-in\">Technische Daten<\/h4>\n<\/div>\n<div id=\"content_especificaciones\">\n<table id=\"tabla_especificaciones\" class=\"aos-init aos-animate\" cellspacing=\"0\" data-aos=\"fade-up\">\n<thead>\n<tr>\n<th><\/th>\n<th><\/th>\n<th><\/th>\n<th width=\"165\"><b>S<\/b><\/th>\n<th width=\"165\"><b>M<\/b><\/th>\n<th width=\"165\"><b>L<\/b><\/th>\n<\/tr>\n<\/thead>\n<tbody>\n<tr>\n<td><b>GEWICHT<\/b><\/td>\n<td><\/td>\n<td>kg<\/td>\n<td>2,09<\/td>\n<td>2,23<\/td>\n<td>2,3<\/td>\n<\/tr>\n<tr>\n<td><b>PILOTENGR\u00d6\u00dfE<\/b><\/td>\n<td><\/td>\n<td>cm<\/td>\n<td>155-172<\/td>\n<td>168-185<\/td>\n<td>183-200<\/td>\n<\/tr>\n<tr>\n<td><b>L\u00c4NGE R\u00dcCKENTEIL<\/b><\/td>\n<td><\/td>\n<td>cm<\/td>\n<td>61,5<\/td>\n<td>64,5<\/td>\n<td>*<\/td>\n<\/tr>\n<tr>\n<td><b>SITZFL\u00c4CHE<\/b><\/td>\n<td>LANGE<\/td>\n<td>cm<\/td>\n<td>42,5<\/td>\n<td>45<\/td>\n<td>*<\/td>\n<\/tr>\n<tr>\n<td><b>VOLUMEN R\u00dcCKENFACH<\/b><\/td>\n<td><\/td>\n<td>L<\/td>\n<td>23<\/td>\n<td>29<\/td>\n<td>*<\/td>\n<\/tr>\n<tr>\n<td><b>VOLUMEN RETTERFACH<\/b><\/td>\n<td><\/td>\n<td>L<\/td>\n<td>3,7-5,5<\/td>\n<td>3,7-6<\/td>\n<td>3,7-6,5<\/td>\n<\/tr>\n<tr>\n<td><b>INHALT RUCKSACK<\/b><\/td>\n<td><\/td>\n<td>L<\/td>\n<td>67<\/td>\n<td>67<\/td>\n<td>85<\/td>\n<\/tr>\n<tr>\n<td><b>INHALT GURTZEUG<\/b><\/td>\n<td><\/td>\n<td>L<\/td>\n<td>21<\/td>\n<td>23,5<\/td>\n<td>*<\/td>\n<\/tr>\n<tr>\n<td><b>KARABINERABSTAND<\/b><\/td>\n<td><\/td>\n<td>cm<\/td>\n<td>40-47<\/td>\n<td>40-47<\/td>\n<td>40-47<\/td>\n<\/tr>\n<tr>\n<td><b>MAX. ZULADUNG<\/b><\/td>\n<td><\/td>\n<td>kg<\/td>\n<td>120<\/td>\n<td>120<\/td>\n<td>120<\/td>\n<\/tr>\n<tr>\n<td><b>ZERTIFIZIERUNG<\/b><\/td>\n<td><\/td>\n<td><\/td>\n<td>\n<div>EN\/LTF<\/div>\n<\/td>\n<td>\n<div>EN\/LTF<\/div>\n<\/td>\n<td>\n<div>EN\/LTF<\/div>\n<\/td>\n<\/tr>\n<\/tbody>\n<\/table>\n<\/div>\n<p>&nbsp;<\/p>\n<p>Mehr <a href=\"https:\/\/niviuk.com\/de\/kooper-p\" target=\"_blank\" rel=\"noopener noreferrer\">Infos<\/a><\/p>\n<p>Falls dieser Artikel nicht an Lager ist, wird er f\u00fcr dich bestellt. Lieferfrist auf Anfrage.<\/p>\n","protected":false},"excerpt":{"rendered":"<h3>Niviuk Kooper P Wendegurtzeug<\/h3>\n<div id=\"content\" class=\"\">\n<div id=\"content_dist_product\" class=\"\">\n<div id=\"p_distribuidor\" class=\"contingut_dos_blocs contenidor_centrat \">\n<div class=\"img\">\n<div class=\"content_img\"><picture><img loading=\"lazy\" decoding=\"async\" class=\"\" title=\"Kooper P\" src=\"https:\/\/niviuk.com\/tmp\/images\/BIBLIOTECA_ITEMS_2542_KOOPER_P_PROGRESSION_REVERSIBLE_HARNESS_LIGHT_PARAGLIDING_NIVIUK_DEAL_W_1920.PNG\" alt=\"Kooper P\" width=\"327\" height=\"290\" \/><\/picture><\/div>\n<\/div>\n<\/div>\n<\/div>\n<\/div>\n<footer class=\"border_separator_full aos-init aos-animate\" data-aos=\"fade-in\">\n<div class=\"contenidor_centrat\">\n<div class=\"footer_logo_xarxes\">\n<div id=\"logo_footer\"><\/div>\n<\/div>\n<\/div>\n<\/footer>\n<p><strong>EINES F\u00dcR ALLES<\/strong><\/p>\n<p>Das Kooper P ist das neue, super vielseitige Wendegurtzeug von Niviuk. Mit separaten Beinschlaufen erm\u00f6glicht die modulare Struktur verschiedene Konfigurationen &#8211; perfekt f\u00fcr verschiedenste Flugdisziplinen.<\/p>\n<p>Ideal f\u00fcr Hike &amp; Fly, Thermikfliegen und Soaren \u2013 es l\u00e4sst sich auch gut zum Speedflying verwenden. Ausgestattet mit Airbag und einem integrierten Notschirmfach ist es leicht, ergonomisch, kompakt und sicher.<\/p>\n<p>&nbsp;<\/p>\n<h4 class=\"titol titol_generic_producte aos-init aos-animate\" data-aos=\"fade-up\">Zielgruppe<\/h4>\n<div class=\"desc\">\n<div class=\"aos-init aos-animate\" data-aos=\"fade-up\"><strong>Hike &amp; Fly<\/strong><br \/>\nMit nur 2,09 kg ist das Kooper P sehr leicht und kompakt, ideal f\u00fcr Aktivit\u00e4ten, bei denen Gewicht und Volumen entscheidend sind. Sein reversibles Design mit einem vollst\u00e4ndig abnehmbaren Rucksack erm\u00f6glicht es dir, ihn komplett an die jeweiligen Anforderungen der Bergtour anzupassen.<\/div>\n<div class=\"aos-init aos-animate\" data-aos=\"fade-up\"><strong>F\u00fcr Einsteiger und Fortgeschrittene gleicherma\u00dfen<\/strong><br \/>\nDieses einfach zu verwendende Gurtzeug eignet sich perfekt f\u00fcr Einsteiger in den Sport, die ihre ersten Thermikfl\u00fcge mit Komfort und Stabilit\u00e4t absolvieren m\u00f6chten.<\/div>\n<div class=\"aos-init aos-animate\" data-aos=\"fade-up\"><strong>Soaren, Groundhandling und Speedflying<\/strong><br \/>\nDas Kooper P ist ideal f\u00fcr Groundhandling, Soaren und auch Speedflying, dank seines innovativen separaten Beinschlaufensystems, das mehr Bewegungsfreiheit und Komfort beim Stehen bietet.<\/div>\n<\/div>\n<p>&nbsp;<\/p>\n<h4>Im Detail<\/h4>\n<div class=\"titol\"><strong>Modular<\/strong><\/div>\n<div>Das modulare Design des Kooper P erm\u00f6glicht eine Gewichtsreduzierung von bis zu 70 % \u00a0Mit nur wenigen Handgriffen kannst du die Au\u00dfenschale, den Airbag und den Rettungsschirm entfernen, sodass nur das Sitzmodul \u00fcbrig bleibt, um es damit von einem leichten Allrounder zu einem ultraleichten Gurtzeug umzuwandeln. Damit passt es sich ideal an deine jeweilige Aktivit\u00e4t an, egal ob K\u00fcstensoaren, Hochtour oder Bodenhandling.<\/div>\n<div class=\"\">\n<h4 class=\"titol titol_generic aos-init aos-animate\" data-aos=\"fade-in\">Technische Daten<\/h4>\n<\/div>\n<div id=\"content_especificaciones\">\n<table id=\"tabla_especificaciones\" class=\"aos-init aos-animate\" cellspacing=\"0\" data-aos=\"fade-up\">\n<thead>\n<tr>\n<th><\/th>\n<th><\/th>\n<th><\/th>\n<th width=\"165\"><b>S<\/b><\/th>\n<th width=\"165\"><b>M<\/b><\/th>\n<th width=\"165\"><b>L<\/b><\/th>\n<\/tr>\n<\/thead>\n<tbody>\n<tr>\n<td><b>GEWICHT<\/b><\/td>\n<td><\/td>\n<td>kg<\/td>\n<td>2,09<\/td>\n<td>2,23<\/td>\n<td>2,3<\/td>\n<\/tr>\n<tr>\n<td><b>PILOTENGR\u00d6\u00dfE<\/b><\/td>\n<td><\/td>\n<td>cm<\/td>\n<td>155-172<\/td>\n<td>168-185<\/td>\n<td>183-200<\/td>\n<\/tr>\n<tr>\n<td><b>L\u00c4NGE R\u00dcCKENTEIL<\/b><\/td>\n<td><\/td>\n<td>cm<\/td>\n<td>61,5<\/td>\n<td>64,5<\/td>\n<td>*<\/td>\n<\/tr>\n<tr>\n<td><b>SITZFL\u00c4CHE<\/b><\/td>\n<td>LANGE<\/td>\n<td>cm<\/td>\n<td>42,5<\/td>\n<td>45<\/td>\n<td>*<\/td>\n<\/tr>\n<tr>\n<td><b>VOLUMEN R\u00dcCKENFACH<\/b><\/td>\n<td><\/td>\n<td>L<\/td>\n<td>23<\/td>\n<td>29<\/td>\n<td>*<\/td>\n<\/tr>\n<tr>\n<td><b>VOLUMEN RETTERFACH<\/b><\/td>\n<td><\/td>\n<td>L<\/td>\n<td>3,7-5,5<\/td>\n<td>3,7-6<\/td>\n<td>3,7-6,5<\/td>\n<\/tr>\n<tr>\n<td><b>INHALT RUCKSACK<\/b><\/td>\n<td><\/td>\n<td>L<\/td>\n<td>67<\/td>\n<td>67<\/td>\n<td>85<\/td>\n<\/tr>\n<tr>\n<td><b>INHALT GURTZEUG<\/b><\/td>\n<td><\/td>\n<td>L<\/td>\n<td>21<\/td>\n<td>23,5<\/td>\n<td>*<\/td>\n<\/tr>\n<tr>\n<td><b>KARABINERABSTAND<\/b><\/td>\n<td><\/td>\n<td>cm<\/td>\n<td>40-47<\/td>\n<td>40-47<\/td>\n<td>40-47<\/td>\n<\/tr>\n<tr>\n<td><b>MAX. ZULADUNG<\/b><\/td>\n<td><\/td>\n<td>kg<\/td>\n<td>120<\/td>\n<td>120<\/td>\n<td>120<\/td>\n<\/tr>\n<tr>\n<td><b>ZERTIFIZIERUNG<\/b><\/td>\n<td><\/td>\n<td><\/td>\n<td>\n<div>EN\/LTF<\/div>\n<\/td>\n<td>\n<div>EN\/LTF<\/div>\n<\/td>\n<td>\n<div>EN\/LTF<\/div>\n<\/td>\n<\/tr>\n<\/tbody>\n<\/table>\n<\/div>\n<p><strong>GURTZEUG IN GR\u00d6SSE M BEI UNS IM SHOP IN THUN ALS DEMO VERF\u00dcGBAR.<\/strong><\/p>\n<p>Mehr <a href=\"https:\/\/niviuk.com\/de\/kooper-p\" target=\"_blank\" rel=\"noopener noreferrer\">Infos<\/a><\/p>\n<p>Falls dieser Artikel nicht an Lager ist, wird er f\u00fcr dich bestellt. Lieferung ab KW26 m\u00f6glich.<\/p>\n","protected":false},"featured_media":19123,"comment_status":"closed","ping_status":"closed","template":"","meta":[],"product_brand":[2602],"product_cat":[1026],"product_tag":[1000,90,998],"class_list":{"0":"post-19119","1":"product","2":"type-product","3":"status-publish","4":"has-post-thumbnail","6":"product_brand-niviuk","7":"product_cat-leichte-gleitschirmgurtzeuge","8":"product_tag-sitzgurtzeug","9":"product_tag-verkaufsartikel","10":"product_tag-wendegurtzeug","11":"product_shipping_class-priority-10kg-de","13":"first","14":"instock","15":"sale","16":"shipping-taxable","17":"purchasable","18":"product-type-variable"},"yoast_head":"<!-- This site is optimized with the Yoast SEO Premium plugin v26.1 (Yoast SEO v27.3) - https:\/\/yoast.com\/product\/yoast-seo-premium-wordpress\/ -->\n<title>Niviuk Kooper P | Gleitschirmschule Thun, Bern, Interlaken<\/title>\n<meta name=\"description\" content=\"Das Kooper P ist das neue, super vielseitige Wendegurtzeug von Niviuk. Mit separaten Beinschlaufen erm\u00f6glicht die modulare Struktur verschiedene Konfigurationen - perfekt f\u00fcr verschiedenste Flugdisziplinen.Ideal f\u00fcr Hike &amp; Fly, Thermikfliegen und Soaren \u2013 es l\u00e4sst sich auch gut zum Speedflying verwenden. Ausgestattet mit Airbag und einem integrierten Notschirmfach ist es leicht, ergonomisch, kompakt und sicher.\" \/>\n<meta name=\"robots\" content=\"index, follow, max-snippet:-1, max-image-preview:large, max-video-preview:-1\" \/>\n<link rel=\"canonical\" href=\"https:\/\/swissgliders.ch\/de\/produkt\/niviuk-kooper-p\/\" \/>\n<meta property=\"og:locale\" content=\"de_DE\" \/>\n<meta property=\"og:type\" content=\"article\" \/>\n<meta property=\"og:title\" content=\"Niviuk Kooper P\" \/>\n<meta property=\"og:description\" content=\"Das Kooper P ist das neue, super vielseitige Wendegurtzeug von Niviuk. Mit separaten Beinschlaufen erm\u00f6glicht die modulare Struktur verschiedene Konfigurationen - perfekt f\u00fcr verschiedenste Flugdisziplinen.Ideal f\u00fcr Hike &amp; Fly, Thermikfliegen und Soaren \u2013 es l\u00e4sst sich auch gut zum Speedflying verwenden. Ausgestattet mit Airbag und einem integrierten Notschirmfach ist es leicht, ergonomisch, kompakt und sicher.\" \/>\n<meta property=\"og:url\" content=\"https:\/\/swissgliders.ch\/de\/produkt\/niviuk-kooper-p\/\" \/>\n<meta property=\"og:site_name\" content=\"Gleitschirmschule Thun, Bern, Interlaken\" \/>\n<meta property=\"article:publisher\" content=\"https:\/\/www.facebook.com\/swissgliders\" \/>\n<meta property=\"article:modified_time\" content=\"2025-09-26T17:20:32+00:00\" \/>\n<meta property=\"og:image\" content=\"https:\/\/swissgliders.ch\/wp-content\/uploads\/2025\/04\/Niviuk_Gurtzeug_Kooper-P-1.jpg\" \/>\n\t<meta property=\"og:image:width\" content=\"1950\" \/>\n\t<meta property=\"og:image:height\" content=\"1116\" \/>\n\t<meta property=\"og:image:type\" content=\"image\/jpeg\" \/>\n<meta name=\"twitter:card\" content=\"summary_large_image\" \/>\n<meta name=\"twitter:site\" content=\"@Swissgliders\" \/>\n<meta name=\"twitter:label1\" content=\"Verf\u00fcgbarkeit\" \/>\n\t<meta name=\"twitter:data1\" content=\"Auf Lager\" \/>\n<script type=\"application\/ld+json\" class=\"yoast-schema-graph\">{\"@context\":\"https:\\\/\\\/schema.org\",\"@graph\":[{\"@type\":\"WebPage\",\"@id\":\"https:\\\/\\\/swissgliders.ch\\\/de\\\/produkt\\\/niviuk-kooper-p\\\/\",\"url\":\"https:\\\/\\\/swissgliders.ch\\\/de\\\/produkt\\\/niviuk-kooper-p\\\/\",\"name\":\"Niviuk Kooper P | Gleitschirmschule Thun, Bern, Interlaken\",\"isPartOf\":{\"@id\":\"https:\\\/\\\/swissgliders.ch\\\/de\\\/#website\"},\"primaryImageOfPage\":{\"@id\":\"https:\\\/\\\/swissgliders.ch\\\/de\\\/produkt\\\/niviuk-kooper-p\\\/#primaryimage\"},\"image\":{\"@id\":\"https:\\\/\\\/swissgliders.ch\\\/de\\\/produkt\\\/niviuk-kooper-p\\\/#primaryimage\"},\"thumbnailUrl\":\"https:\\\/\\\/swissgliders.ch\\\/wp-content\\\/uploads\\\/2025\\\/04\\\/Niviuk_Gurtzeug_Kooper-P-1.jpg\",\"datePublished\":\"2025-04-12T15:32:16+00:00\",\"dateModified\":\"2025-09-26T17:20:32+00:00\",\"description\":\"Das Kooper P ist das neue, super vielseitige Wendegurtzeug von Niviuk. Mit separaten Beinschlaufen erm\u00f6glicht die modulare Struktur verschiedene Konfigurationen - perfekt f\u00fcr verschiedenste Flugdisziplinen.Ideal f\u00fcr Hike & Fly, Thermikfliegen und Soaren \u2013 es l\u00e4sst sich auch gut zum Speedflying verwenden. Ausgestattet mit Airbag und einem integrierten Notschirmfach ist es leicht, ergonomisch, kompakt und sicher.\",\"breadcrumb\":{\"@id\":\"https:\\\/\\\/swissgliders.ch\\\/de\\\/produkt\\\/niviuk-kooper-p\\\/#breadcrumb\"},\"inLanguage\":\"de\",\"potentialAction\":[{\"@type\":\"ReadAction\",\"target\":[\"https:\\\/\\\/swissgliders.ch\\\/de\\\/produkt\\\/niviuk-kooper-p\\\/\"]}]},{\"@type\":\"ImageObject\",\"inLanguage\":\"de\",\"@id\":\"https:\\\/\\\/swissgliders.ch\\\/de\\\/produkt\\\/niviuk-kooper-p\\\/#primaryimage\",\"url\":\"https:\\\/\\\/swissgliders.ch\\\/wp-content\\\/uploads\\\/2025\\\/04\\\/Niviuk_Gurtzeug_Kooper-P-1.jpg\",\"contentUrl\":\"https:\\\/\\\/swissgliders.ch\\\/wp-content\\\/uploads\\\/2025\\\/04\\\/Niviuk_Gurtzeug_Kooper-P-1.jpg\",\"width\":1950,\"height\":1116,\"caption\":\"Niviuk_Gurtzeug_Kooper P-1\"},{\"@type\":\"BreadcrumbList\",\"@id\":\"https:\\\/\\\/swissgliders.ch\\\/de\\\/produkt\\\/niviuk-kooper-p\\\/#breadcrumb\",\"itemListElement\":[{\"@type\":\"ListItem\",\"position\":1,\"name\":\"Startseite\",\"item\":\"https:\\\/\\\/swissgliders.ch\\\/de\\\/willkommen\\\/\"},{\"@type\":\"ListItem\",\"position\":2,\"name\":\"Gleitschirm Shop\",\"item\":\"https:\\\/\\\/swissgliders.ch\\\/de\\\/gleitschirm-shop\\\/\"},{\"@type\":\"ListItem\",\"position\":3,\"name\":\"Niviuk Kooper P\"}]},{\"@type\":\"WebSite\",\"@id\":\"https:\\\/\\\/swissgliders.ch\\\/de\\\/#website\",\"url\":\"https:\\\/\\\/swissgliders.ch\\\/de\\\/\",\"name\":\"Gleitschirmschule Thun, Bern, Interlaken\",\"description\":\"Gleitschirmschule Thun, Bern, Interlaken\",\"publisher\":{\"@id\":\"https:\\\/\\\/swissgliders.ch\\\/de\\\/#organization\"},\"potentialAction\":[{\"@type\":\"SearchAction\",\"target\":{\"@type\":\"EntryPoint\",\"urlTemplate\":\"https:\\\/\\\/swissgliders.ch\\\/de\\\/?s={search_term_string}\"},\"query-input\":{\"@type\":\"PropertyValueSpecification\",\"valueRequired\":true,\"valueName\":\"search_term_string\"}}],\"inLanguage\":\"de\"},{\"@type\":\"Organization\",\"@id\":\"https:\\\/\\\/swissgliders.ch\\\/de\\\/#organization\",\"name\":\"Swissgliders Gleitschirmflugschule Thun\",\"url\":\"https:\\\/\\\/swissgliders.ch\\\/de\\\/\",\"logo\":{\"@type\":\"ImageObject\",\"inLanguage\":\"de\",\"@id\":\"https:\\\/\\\/swissgliders.ch\\\/de\\\/#\\\/schema\\\/logo\\\/image\\\/\",\"url\":\"https:\\\/\\\/swissgliders.ch\\\/wp-content\\\/uploads\\\/2019\\\/12\\\/swissgliders-logo-rgb-square-L-no-ch-01.png\",\"contentUrl\":\"https:\\\/\\\/swissgliders.ch\\\/wp-content\\\/uploads\\\/2019\\\/12\\\/swissgliders-logo-rgb-square-L-no-ch-01.png\",\"width\":2500,\"height\":2500,\"caption\":\"Swissgliders Gleitschirmflugschule Thun\"},\"image\":{\"@id\":\"https:\\\/\\\/swissgliders.ch\\\/de\\\/#\\\/schema\\\/logo\\\/image\\\/\"},\"sameAs\":[\"https:\\\/\\\/www.facebook.com\\\/swissgliders\",\"https:\\\/\\\/x.com\\\/Swissgliders\",\"https:\\\/\\\/www.instagram.com\\\/swissgliders\\\/\",\"https:\\\/\\\/www.youtube.com\\\/channel\\\/UCMCtGdepy9vBhrhX3V_oJOA\"],\"hasMerchantReturnPolicy\":{\"@type\":\"MerchantReturnPolicy\",\"merchantReturnLink\":\"https:\\\/\\\/swissgliders.ch\\\/de\\\/allgemeine-geschaftsbedingungen\\\/\"}}]}<\/script>\n<meta property=\"og:availability\" content=\"instock\" \/>\n<meta property=\"product:availability\" content=\"instock\" \/>\n<meta property=\"product:condition\" content=\"new\" \/>\n<!-- \/ Yoast SEO Premium plugin. -->","yoast_head_json":{"title":"Niviuk Kooper P | Gleitschirmschule Thun, Bern, Interlaken","description":"Das Kooper P ist das neue, super vielseitige Wendegurtzeug von Niviuk. Mit separaten Beinschlaufen erm\u00f6glicht die modulare Struktur verschiedene Konfigurationen - perfekt f\u00fcr verschiedenste Flugdisziplinen.Ideal f\u00fcr Hike & Fly, Thermikfliegen und Soaren \u2013 es l\u00e4sst sich auch gut zum Speedflying verwenden. Ausgestattet mit Airbag und einem integrierten Notschirmfach ist es leicht, ergonomisch, kompakt und sicher.","robots":{"index":"index","follow":"follow","max-snippet":"max-snippet:-1","max-image-preview":"max-image-preview:large","max-video-preview":"max-video-preview:-1"},"canonical":"https:\/\/swissgliders.ch\/de\/produkt\/niviuk-kooper-p\/","og_locale":"de_DE","og_type":"article","og_title":"Niviuk Kooper P","og_description":"Das Kooper P ist das neue, super vielseitige Wendegurtzeug von Niviuk. Mit separaten Beinschlaufen erm\u00f6glicht die modulare Struktur verschiedene Konfigurationen - perfekt f\u00fcr verschiedenste Flugdisziplinen.Ideal f\u00fcr Hike & Fly, Thermikfliegen und Soaren \u2013 es l\u00e4sst sich auch gut zum Speedflying verwenden. Ausgestattet mit Airbag und einem integrierten Notschirmfach ist es leicht, ergonomisch, kompakt und sicher.","og_url":"https:\/\/swissgliders.ch\/de\/produkt\/niviuk-kooper-p\/","og_site_name":"Gleitschirmschule Thun, Bern, Interlaken","article_publisher":"https:\/\/www.facebook.com\/swissgliders","article_modified_time":"2025-09-26T17:20:32+00:00","og_image":[{"width":1950,"height":1116,"url":"https:\/\/swissgliders.ch\/wp-content\/uploads\/2025\/04\/Niviuk_Gurtzeug_Kooper-P-1.jpg","type":"image\/jpeg"}],"twitter_card":"summary_large_image","twitter_site":"@Swissgliders","twitter_misc":{"Verf\u00fcgbarkeit":"Auf Lager"},"schema":{"@context":"https:\/\/schema.org","@graph":[{"@type":"WebPage","@id":"https:\/\/swissgliders.ch\/de\/produkt\/niviuk-kooper-p\/","url":"https:\/\/swissgliders.ch\/de\/produkt\/niviuk-kooper-p\/","name":"Niviuk Kooper P | Gleitschirmschule Thun, Bern, Interlaken","isPartOf":{"@id":"https:\/\/swissgliders.ch\/de\/#website"},"primaryImageOfPage":{"@id":"https:\/\/swissgliders.ch\/de\/produkt\/niviuk-kooper-p\/#primaryimage"},"image":{"@id":"https:\/\/swissgliders.ch\/de\/produkt\/niviuk-kooper-p\/#primaryimage"},"thumbnailUrl":"https:\/\/swissgliders.ch\/wp-content\/uploads\/2025\/04\/Niviuk_Gurtzeug_Kooper-P-1.jpg","datePublished":"2025-04-12T15:32:16+00:00","dateModified":"2025-09-26T17:20:32+00:00","description":"Das Kooper P ist das neue, super vielseitige Wendegurtzeug von Niviuk. Mit separaten Beinschlaufen erm\u00f6glicht die modulare Struktur verschiedene Konfigurationen - perfekt f\u00fcr verschiedenste Flugdisziplinen.Ideal f\u00fcr Hike & Fly, Thermikfliegen und Soaren \u2013 es l\u00e4sst sich auch gut zum Speedflying verwenden. Ausgestattet mit Airbag und einem integrierten Notschirmfach ist es leicht, ergonomisch, kompakt und sicher.","breadcrumb":{"@id":"https:\/\/swissgliders.ch\/de\/produkt\/niviuk-kooper-p\/#breadcrumb"},"inLanguage":"de","potentialAction":[{"@type":"ReadAction","target":["https:\/\/swissgliders.ch\/de\/produkt\/niviuk-kooper-p\/"]}]},{"@type":"ImageObject","inLanguage":"de","@id":"https:\/\/swissgliders.ch\/de\/produkt\/niviuk-kooper-p\/#primaryimage","url":"https:\/\/swissgliders.ch\/wp-content\/uploads\/2025\/04\/Niviuk_Gurtzeug_Kooper-P-1.jpg","contentUrl":"https:\/\/swissgliders.ch\/wp-content\/uploads\/2025\/04\/Niviuk_Gurtzeug_Kooper-P-1.jpg","width":1950,"height":1116,"caption":"Niviuk_Gurtzeug_Kooper P-1"},{"@type":"BreadcrumbList","@id":"https:\/\/swissgliders.ch\/de\/produkt\/niviuk-kooper-p\/#breadcrumb","itemListElement":[{"@type":"ListItem","position":1,"name":"Startseite","item":"https:\/\/swissgliders.ch\/de\/willkommen\/"},{"@type":"ListItem","position":2,"name":"Gleitschirm Shop","item":"https:\/\/swissgliders.ch\/de\/gleitschirm-shop\/"},{"@type":"ListItem","position":3,"name":"Niviuk Kooper P"}]},{"@type":"WebSite","@id":"https:\/\/swissgliders.ch\/de\/#website","url":"https:\/\/swissgliders.ch\/de\/","name":"Gleitschirmschule Thun, Bern, Interlaken","description":"Gleitschirmschule Thun, Bern, Interlaken","publisher":{"@id":"https:\/\/swissgliders.ch\/de\/#organization"},"potentialAction":[{"@type":"SearchAction","target":{"@type":"EntryPoint","urlTemplate":"https:\/\/swissgliders.ch\/de\/?s={search_term_string}"},"query-input":{"@type":"PropertyValueSpecification","valueRequired":true,"valueName":"search_term_string"}}],"inLanguage":"de"},{"@type":"Organization","@id":"https:\/\/swissgliders.ch\/de\/#organization","name":"Swissgliders Gleitschirmflugschule Thun","url":"https:\/\/swissgliders.ch\/de\/","logo":{"@type":"ImageObject","inLanguage":"de","@id":"https:\/\/swissgliders.ch\/de\/#\/schema\/logo\/image\/","url":"https:\/\/swissgliders.ch\/wp-content\/uploads\/2019\/12\/swissgliders-logo-rgb-square-L-no-ch-01.png","contentUrl":"https:\/\/swissgliders.ch\/wp-content\/uploads\/2019\/12\/swissgliders-logo-rgb-square-L-no-ch-01.png","width":2500,"height":2500,"caption":"Swissgliders Gleitschirmflugschule Thun"},"image":{"@id":"https:\/\/swissgliders.ch\/de\/#\/schema\/logo\/image\/"},"sameAs":["https:\/\/www.facebook.com\/swissgliders","https:\/\/x.com\/Swissgliders","https:\/\/www.instagram.com\/swissgliders\/","https:\/\/www.youtube.com\/channel\/UCMCtGdepy9vBhrhX3V_oJOA"],"hasMerchantReturnPolicy":{"@type":"MerchantReturnPolicy","merchantReturnLink":"https:\/\/swissgliders.ch\/de\/allgemeine-geschaftsbedingungen\/"}}]},"og_availability":"instock","product_availability":"instock","product_condition":"new"},"_links":{"self":[{"href":"https:\/\/swissgliders.ch\/de\/wp-json\/wp\/v2\/product\/19119","targetHints":{"allow":["GET"]}}],"collection":[{"href":"https:\/\/swissgliders.ch\/de\/wp-json\/wp\/v2\/product"}],"about":[{"href":"https:\/\/swissgliders.ch\/de\/wp-json\/wp\/v2\/types\/product"}],"replies":[{"embeddable":true,"href":"https:\/\/swissgliders.ch\/de\/wp-json\/wp\/v2\/comments?post=19119"}],"wp:featuredmedia":[{"embeddable":true,"href":"https:\/\/swissgliders.ch\/de\/wp-json\/wp\/v2\/media\/19123"}],"wp:attachment":[{"href":"https:\/\/swissgliders.ch\/de\/wp-json\/wp\/v2\/media?parent=19119"}],"wp:term":[{"taxonomy":"product_brand","embeddable":true,"href":"https:\/\/swissgliders.ch\/de\/wp-json\/wp\/v2\/product_brand?post=19119"},{"taxonomy":"product_cat","embeddable":true,"href":"https:\/\/swissgliders.ch\/de\/wp-json\/wp\/v2\/product_cat?post=19119"},{"taxonomy":"product_tag","embeddable":true,"href":"https:\/\/swissgliders.ch\/de\/wp-json\/wp\/v2\/product_tag?post=19119"}],"curies":[{"name":"wp","href":"https:\/\/api.w.org\/{rel}","templated":true}]}}