{"id":19204,"date":"2025-04-19T16:15:04","date_gmt":"2025-04-19T15:15:04","guid":{"rendered":"https:\/\/swissgliders.ch\/?post_type=product&#038;p=19204"},"modified":"2026-03-09T21:08:33","modified_gmt":"2026-03-09T20:08:33","slug":"edelrid-alias","status":"publish","type":"product","link":"https:\/\/swissgliders.ch\/de\/produkt\/edelrid-alias\/","title":{"rendered":"Edelrid ALIAS Karabiner"},"content":{"rendered":"<h3>Ederid ALIAS Karabiner<\/h3>\n<p>ALIAS &#8211; ein Gurtzeugkarabiner, der durch geringes Gewicht, hohe Festigkeit und technisches Design besticht. Hergestellt in einem speziellen Hei\u00dfschmiedeverfahren wird eine maximale Festigkeit bei minimalem Gewicht erzielt.<br \/>\nGewicht 58g<\/p>\n<p><img loading=\"lazy\" decoding=\"async\" class=\"\" src=\"https:\/\/www.flugsau.ch\/media\/catalog\/product\/cache\/631341919460877e8e100ab05384d38c\/a\/l\/alias.png\" alt=\"Edelrid ALIAS\" width=\"246\" height=\"302\" \/><\/p>\n<p><strong>Details\u00a0<\/strong><\/p>\n<p>ALIAS &#8211; ein Gurtzeugkarabiner, der durch geringes Gewicht, hohe Festigkeit und technisches Design besticht. Hergestellt in einem speziellen Hei\u00dfschmiedeverfahren wird eine maximale Festigkeit bei minimalem Gewicht erzielt. Damit ist er mit nur 58 g der leichteste unter seinen Artgenossen. Durch seine spezifische &#8222;Backbone&#8220;-Formgebung gew\u00e4hrleistet der Karabiner eine optimale Kraft\u00fcbertragung und Lastaufnahme. Au\u00dferdem verhindert die markante doppelt S-f\u00f6rmige Kr\u00fcmmung, dass sich der Karabiner querstellt. Die Twist Lock-Verschlusssicherung, als einfacher Drehmechanismus, hat sich in der Praxis als sicher und \u00e4u\u00dfert praktikabel bew\u00e4hrt und erfreut sich dadurch gro\u00dfer Beliebtheit. In Kombination mit der Key Lock-Nase bietet der ALIAS ein bestm\u00f6gliches, komfortables Handling beim Ein- und Aush\u00e4ngen der Tragegurte und schlie\u00dft aus, dass man w\u00e4hrend des Bedienens h\u00e4ngen bleibt. Der extra gro\u00dfe \u00d6ffnungswinkel von 12 mm erleichtert das Einf\u00e4deln und Aufnehmen des Gurtzeuges. Au\u00dferdem erlauben die Abmessungen eine universelle Anwendungsbreite f\u00fcr Gurtzeuge von 20 mm bis 40 mm. Auf jedem Karabinerr\u00fccken befindet sich eine Einzel-Seriennummer, die eine l\u00fcckenlose R\u00fcckverfolgbarkeit gew\u00e4hrleistet. Kundenindividuelle Laserungen finden nach Wunsch und R\u00fccksprache Platz auf der breiten Karabiner-Vertikal-Achse.<\/p>\n<p><strong>Eigenschaften<\/strong><\/p>\n<ul>\n<li>Doppelt S-f\u00f6rmige Kr\u00fcmmung f\u00fcr extra gro\u00dfen \u00d6ffnungswinkel und maximale Festigkeit<\/li>\n<li>H-Profil-Konstruktion sorgt f\u00fcr hohe Bruchkr\u00e4fte bei minimalem Gewicht<\/li>\n<li>12 mm Twist-lock-Verschluss f\u00fcr bestm\u00f6gliches Handling<\/li>\n<li>Leichter Gleitschirmkarabiner<\/li>\n<li>Gewicht: 58 g<\/li>\n<li>Festigkeit: 23 kN<\/li>\n<li>Entspricht dem PMA-Standard \u201eConnecting Elements for Paragliding\u201c (V 2023.09.1)<\/li>\n<\/ul>\n<p><strong>Technische Information<\/strong><\/p>\n<ul>\n<li>H\u00f6he: 80 mm<\/li>\n<li>Breite: 65 mm<\/li>\n<li>Schnapper\u00f6ffnung: 12 mm<\/li>\n<li>Belastbarkeit l\u00e4ngs: 23 kN<\/li>\n<li>Material: Aluminium<\/li>\n<li>Karabinertyp: Twistlock<\/li>\n<\/ul>\n<p>Mehr <a href=\"https:\/\/www.flugsau.ch\/edelrid-alias.html\" target=\"_blank\" rel=\"noopener noreferrer\">Infos<\/a><\/p>\n<p>Lieferfrist 1 &#8211; 2 Tage<\/p>\n","protected":false},"excerpt":{"rendered":"<h3>Ederid ALIAS Karabiner<\/h3>\n<p>ALIAS &#8211; ein Gurtzeugkarabiner, der durch geringes Gewicht, hohe Festigkeit und technisches Design besticht. Hergestellt in einem speziellen Hei\u00dfschmiedeverfahren wird eine maximale Festigkeit bei minimalem Gewicht erzielt.<br \/>\nGewicht 58g<\/p>\n<p><img loading=\"lazy\" decoding=\"async\" class=\"\" src=\"https:\/\/www.flugsau.ch\/media\/catalog\/product\/cache\/631341919460877e8e100ab05384d38c\/a\/l\/alias.png\" alt=\"Edelrid ALIAS\" width=\"246\" height=\"302\" \/><\/p>\n<p><strong>Details\u00a0<\/strong><\/p>\n<p>ALIAS &#8211; ein Gurtzeugkarabiner, der durch geringes Gewicht, hohe Festigkeit und technisches Design besticht. Hergestellt in einem speziellen Hei\u00dfschmiedeverfahren wird eine maximale Festigkeit bei minimalem Gewicht erzielt. Damit ist er mit nur 58 g der leichteste unter seinen Artgenossen. Durch seine spezifische &#8222;Backbone&#8220;-Formgebung gew\u00e4hrleistet der Karabiner eine optimale Kraft\u00fcbertragung und Lastaufnahme. Au\u00dferdem verhindert die markante doppelt S-f\u00f6rmige Kr\u00fcmmung, dass sich der Karabiner querstellt. Die Twist Lock-Verschlusssicherung, als einfacher Drehmechanismus, hat sich in der Praxis als sicher und \u00e4u\u00dfert praktikabel bew\u00e4hrt und erfreut sich dadurch gro\u00dfer Beliebtheit. In Kombination mit der Key Lock-Nase bietet der ALIAS ein bestm\u00f6gliches, komfortables Handling beim Ein- und Aush\u00e4ngen der Tragegurte und schlie\u00dft aus, dass man w\u00e4hrend des Bedienens h\u00e4ngen bleibt. Der extra gro\u00dfe \u00d6ffnungswinkel von 12 mm erleichtert das Einf\u00e4deln und Aufnehmen des Gurtzeuges. Au\u00dferdem erlauben die Abmessungen eine universelle Anwendungsbreite f\u00fcr Gurtzeuge von 20 mm bis 40 mm. Auf jedem Karabinerr\u00fccken befindet sich eine Einzel-Seriennummer, die eine l\u00fcckenlose R\u00fcckverfolgbarkeit gew\u00e4hrleistet. Kundenindividuelle Laserungen finden nach Wunsch und R\u00fccksprache Platz auf der breiten Karabiner-Vertikal-Achse.<\/p>\n<p><strong>Eigenschaften<\/strong><\/p>\n<ul>\n<li>Doppelt S-f\u00f6rmige Kr\u00fcmmung f\u00fcr extra gro\u00dfen \u00d6ffnungswinkel und maximale Festigkeit<\/li>\n<li>H-Profil-Konstruktion sorgt f\u00fcr hohe Bruchkr\u00e4fte bei minimalem Gewicht<\/li>\n<li>12 mm Twist-lock-Verschluss f\u00fcr bestm\u00f6gliches Handling<\/li>\n<li>Leichter Gleitschirmkarabiner<\/li>\n<li>Gewicht: 58 g<\/li>\n<li>Festigkeit: 23 kN<\/li>\n<li>Entspricht dem PMA-Standard \u201eConnecting Elements for Paragliding\u201c (V 2023.09.1)<\/li>\n<\/ul>\n<p><strong>Technische Information<\/strong><\/p>\n<ul>\n<li>H\u00f6he: 80 mm<\/li>\n<li>Breite: 65 mm<\/li>\n<li>Schnapper\u00f6ffnung: 12 mm<\/li>\n<li>Belastbarkeit l\u00e4ngs: 23 kN<\/li>\n<li>Material: Aluminium<\/li>\n<li>Karabinertyp: Twistlock<\/li>\n<\/ul>\n<p>Mehr <a href=\"https:\/\/www.flugsau.ch\/edelrid-alias.html\" target=\"_blank\" rel=\"noopener noreferrer\">Infos<\/a><\/p>\n<p>Lieferfrist 1 &#8211; 2 Tage<\/p>\n","protected":false},"featured_media":19235,"comment_status":"closed","ping_status":"closed","template":"","meta":[],"product_brand":[2812],"product_cat":[2078,402],"product_tag":[2079,410],"class_list":{"0":"post-19204","1":"product","2":"type-product","3":"status-publish","4":"has-post-thumbnail","6":"product_brand-edelrid","7":"product_cat-gleitschirm-karabiner","8":"product_cat-gleitschirm-zubehoer","9":"product_tag-karabiner","10":"product_tag-zubehoer","11":"product_shipping_class-priority-2kg-de","13":"first","14":"instock","15":"shipping-taxable","16":"purchasable","17":"product-type-simple"},"yoast_head":"<!-- This site is optimized with the Yoast SEO Premium plugin v26.1 (Yoast SEO v27.3) - https:\/\/yoast.com\/product\/yoast-seo-premium-wordpress\/ -->\n<title>Edelrid ALIAS Karabiner | Gleitschirmschule Thun, Bern, Interlaken<\/title>\n<meta name=\"description\" content=\"Finsterwalder UNILOCK Karabiner Ultraleichter universeller GleitschirmkarabinerMit einem Gewicht von nur 45 g und mehr als 25 kN Bruchlast ist der UNILOCK der derzeit leichteste und gleichzeitig einer der am ho\u0308chsten belastbaren Gleitschirmkarabiner auf dem Markt. Beim Dauerschwingtest ertrug er 2.000 Lastwechsel mit Oberlast 252 DaN sowie anschlie\u00dfend 5 Mio. Lastwechsel mit Oberlast 115,4 DaN. Somit erreicht der UNILOCK eine Zeitfestigkeit von 5 Jahren im Monobetrieb.\" \/>\n<meta name=\"robots\" content=\"index, follow, max-snippet:-1, max-image-preview:large, max-video-preview:-1\" \/>\n<link rel=\"canonical\" href=\"https:\/\/swissgliders.ch\/de\/produkt\/edelrid-alias\/\" \/>\n<meta property=\"og:locale\" content=\"de_DE\" \/>\n<meta property=\"og:type\" content=\"article\" \/>\n<meta property=\"og:title\" content=\"Edelrid ALIAS Karabiner\" \/>\n<meta property=\"og:description\" content=\"Finsterwalder UNILOCK Karabiner Ultraleichter universeller GleitschirmkarabinerMit einem Gewicht von nur 45 g und mehr als 25 kN Bruchlast ist der UNILOCK der derzeit leichteste und gleichzeitig einer der am ho\u0308chsten belastbaren Gleitschirmkarabiner auf dem Markt. Beim Dauerschwingtest ertrug er 2.000 Lastwechsel mit Oberlast 252 DaN sowie anschlie\u00dfend 5 Mio. Lastwechsel mit Oberlast 115,4 DaN. Somit erreicht der UNILOCK eine Zeitfestigkeit von 5 Jahren im Monobetrieb.\" \/>\n<meta property=\"og:url\" content=\"https:\/\/swissgliders.ch\/de\/produkt\/edelrid-alias\/\" \/>\n<meta property=\"og:site_name\" content=\"Gleitschirmschule Thun, Bern, Interlaken\" \/>\n<meta property=\"article:publisher\" content=\"https:\/\/www.facebook.com\/swissgliders\" \/>\n<meta property=\"article:modified_time\" content=\"2026-03-09T20:08:33+00:00\" \/>\n<meta property=\"og:image\" content=\"https:\/\/swissgliders.ch\/wp-content\/uploads\/2025\/04\/Flugsau_Karabiner_Edelrid-ALIAS-1.png\" \/>\n\t<meta property=\"og:image:width\" content=\"783\" \/>\n\t<meta property=\"og:image:height\" content=\"960\" \/>\n\t<meta property=\"og:image:type\" content=\"image\/png\" \/>\n<meta name=\"twitter:card\" content=\"summary_large_image\" \/>\n<meta name=\"twitter:site\" content=\"@Swissgliders\" \/>\n<meta name=\"twitter:label1\" content=\"Preis\" \/>\n\t<meta name=\"twitter:data1\" content=\"&#067;&#072;&#070;&nbsp;29.00\" \/>\n\t<meta name=\"twitter:label2\" content=\"Verf\u00fcgbarkeit\" \/>\n\t<meta name=\"twitter:data2\" content=\"Auf Lager\" \/>\n<script type=\"application\/ld+json\" class=\"yoast-schema-graph\">{\"@context\":\"https:\\\/\\\/schema.org\",\"@graph\":[{\"@type\":\"WebPage\",\"@id\":\"https:\\\/\\\/swissgliders.ch\\\/de\\\/produkt\\\/edelrid-alias\\\/\",\"url\":\"https:\\\/\\\/swissgliders.ch\\\/de\\\/produkt\\\/edelrid-alias\\\/\",\"name\":\"Edelrid ALIAS Karabiner | Gleitschirmschule Thun, Bern, Interlaken\",\"isPartOf\":{\"@id\":\"https:\\\/\\\/swissgliders.ch\\\/de\\\/#website\"},\"primaryImageOfPage\":{\"@id\":\"https:\\\/\\\/swissgliders.ch\\\/de\\\/produkt\\\/edelrid-alias\\\/#primaryimage\"},\"image\":{\"@id\":\"https:\\\/\\\/swissgliders.ch\\\/de\\\/produkt\\\/edelrid-alias\\\/#primaryimage\"},\"thumbnailUrl\":\"https:\\\/\\\/swissgliders.ch\\\/wp-content\\\/uploads\\\/2025\\\/04\\\/Flugsau_Karabiner_Edelrid-ALIAS-1.png\",\"datePublished\":\"2025-04-19T15:15:04+00:00\",\"dateModified\":\"2026-03-09T20:08:33+00:00\",\"description\":\"Finsterwalder UNILOCK Karabiner Ultraleichter universeller GleitschirmkarabinerMit einem Gewicht von nur 45 g und mehr als 25 kN Bruchlast ist der UNILOCK der derzeit leichteste und gleichzeitig einer der am ho\u0308chsten belastbaren Gleitschirmkarabiner auf dem Markt. Beim Dauerschwingtest ertrug er 2.000 Lastwechsel mit Oberlast 252 DaN sowie anschlie\u00dfend 5 Mio. Lastwechsel mit Oberlast 115,4 DaN. Somit erreicht der UNILOCK eine Zeitfestigkeit von 5 Jahren im Monobetrieb.\",\"breadcrumb\":{\"@id\":\"https:\\\/\\\/swissgliders.ch\\\/de\\\/produkt\\\/edelrid-alias\\\/#breadcrumb\"},\"inLanguage\":\"de\",\"potentialAction\":[{\"@type\":\"ReadAction\",\"target\":[\"https:\\\/\\\/swissgliders.ch\\\/de\\\/produkt\\\/edelrid-alias\\\/\"]}]},{\"@type\":\"ImageObject\",\"inLanguage\":\"de\",\"@id\":\"https:\\\/\\\/swissgliders.ch\\\/de\\\/produkt\\\/edelrid-alias\\\/#primaryimage\",\"url\":\"https:\\\/\\\/swissgliders.ch\\\/wp-content\\\/uploads\\\/2025\\\/04\\\/Flugsau_Karabiner_Edelrid-ALIAS-1.png\",\"contentUrl\":\"https:\\\/\\\/swissgliders.ch\\\/wp-content\\\/uploads\\\/2025\\\/04\\\/Flugsau_Karabiner_Edelrid-ALIAS-1.png\",\"width\":783,\"height\":960,\"caption\":\"Karabiner_Edelrid ALIAS-1\"},{\"@type\":\"BreadcrumbList\",\"@id\":\"https:\\\/\\\/swissgliders.ch\\\/de\\\/produkt\\\/edelrid-alias\\\/#breadcrumb\",\"itemListElement\":[{\"@type\":\"ListItem\",\"position\":1,\"name\":\"Startseite\",\"item\":\"https:\\\/\\\/swissgliders.ch\\\/de\\\/willkommen\\\/\"},{\"@type\":\"ListItem\",\"position\":2,\"name\":\"Gleitschirm Shop\",\"item\":\"https:\\\/\\\/swissgliders.ch\\\/de\\\/gleitschirm-shop\\\/\"},{\"@type\":\"ListItem\",\"position\":3,\"name\":\"Edelrid ALIAS Karabiner\"}]},{\"@type\":\"WebSite\",\"@id\":\"https:\\\/\\\/swissgliders.ch\\\/de\\\/#website\",\"url\":\"https:\\\/\\\/swissgliders.ch\\\/de\\\/\",\"name\":\"Gleitschirmschule Thun, Bern, Interlaken\",\"description\":\"Gleitschirmschule Thun, Bern, Interlaken\",\"publisher\":{\"@id\":\"https:\\\/\\\/swissgliders.ch\\\/de\\\/#organization\"},\"potentialAction\":[{\"@type\":\"SearchAction\",\"target\":{\"@type\":\"EntryPoint\",\"urlTemplate\":\"https:\\\/\\\/swissgliders.ch\\\/de\\\/?s={search_term_string}\"},\"query-input\":{\"@type\":\"PropertyValueSpecification\",\"valueRequired\":true,\"valueName\":\"search_term_string\"}}],\"inLanguage\":\"de\"},{\"@type\":\"Organization\",\"@id\":\"https:\\\/\\\/swissgliders.ch\\\/de\\\/#organization\",\"name\":\"Swissgliders Gleitschirmflugschule Thun\",\"url\":\"https:\\\/\\\/swissgliders.ch\\\/de\\\/\",\"logo\":{\"@type\":\"ImageObject\",\"inLanguage\":\"de\",\"@id\":\"https:\\\/\\\/swissgliders.ch\\\/de\\\/#\\\/schema\\\/logo\\\/image\\\/\",\"url\":\"https:\\\/\\\/swissgliders.ch\\\/wp-content\\\/uploads\\\/2019\\\/12\\\/swissgliders-logo-rgb-square-L-no-ch-01.png\",\"contentUrl\":\"https:\\\/\\\/swissgliders.ch\\\/wp-content\\\/uploads\\\/2019\\\/12\\\/swissgliders-logo-rgb-square-L-no-ch-01.png\",\"width\":2500,\"height\":2500,\"caption\":\"Swissgliders Gleitschirmflugschule Thun\"},\"image\":{\"@id\":\"https:\\\/\\\/swissgliders.ch\\\/de\\\/#\\\/schema\\\/logo\\\/image\\\/\"},\"sameAs\":[\"https:\\\/\\\/www.facebook.com\\\/swissgliders\",\"https:\\\/\\\/x.com\\\/Swissgliders\",\"https:\\\/\\\/www.instagram.com\\\/swissgliders\\\/\",\"https:\\\/\\\/www.youtube.com\\\/channel\\\/UCMCtGdepy9vBhrhX3V_oJOA\"],\"hasMerchantReturnPolicy\":{\"@type\":\"MerchantReturnPolicy\",\"merchantReturnLink\":\"https:\\\/\\\/swissgliders.ch\\\/de\\\/allgemeine-geschaftsbedingungen\\\/\"}}]}<\/script>\n<meta property=\"product:price:amount\" content=\"29.00\" \/>\n<meta property=\"product:price:currency\" content=\"CHF\" \/>\n<meta property=\"og:availability\" content=\"instock\" \/>\n<meta property=\"product:availability\" content=\"instock\" \/>\n<meta property=\"product:condition\" content=\"new\" \/>\n<!-- \/ Yoast SEO Premium plugin. -->","yoast_head_json":{"title":"Edelrid ALIAS Karabiner | Gleitschirmschule Thun, Bern, Interlaken","description":"Finsterwalder UNILOCK Karabiner Ultraleichter universeller GleitschirmkarabinerMit einem Gewicht von nur 45 g und mehr als 25 kN Bruchlast ist der UNILOCK der derzeit leichteste und gleichzeitig einer der am ho\u0308chsten belastbaren Gleitschirmkarabiner auf dem Markt. Beim Dauerschwingtest ertrug er 2.000 Lastwechsel mit Oberlast 252 DaN sowie anschlie\u00dfend 5 Mio. Lastwechsel mit Oberlast 115,4 DaN. Somit erreicht der UNILOCK eine Zeitfestigkeit von 5 Jahren im Monobetrieb.","robots":{"index":"index","follow":"follow","max-snippet":"max-snippet:-1","max-image-preview":"max-image-preview:large","max-video-preview":"max-video-preview:-1"},"canonical":"https:\/\/swissgliders.ch\/de\/produkt\/edelrid-alias\/","og_locale":"de_DE","og_type":"article","og_title":"Edelrid ALIAS Karabiner","og_description":"Finsterwalder UNILOCK Karabiner Ultraleichter universeller GleitschirmkarabinerMit einem Gewicht von nur 45 g und mehr als 25 kN Bruchlast ist der UNILOCK der derzeit leichteste und gleichzeitig einer der am ho\u0308chsten belastbaren Gleitschirmkarabiner auf dem Markt. Beim Dauerschwingtest ertrug er 2.000 Lastwechsel mit Oberlast 252 DaN sowie anschlie\u00dfend 5 Mio. Lastwechsel mit Oberlast 115,4 DaN. Somit erreicht der UNILOCK eine Zeitfestigkeit von 5 Jahren im Monobetrieb.","og_url":"https:\/\/swissgliders.ch\/de\/produkt\/edelrid-alias\/","og_site_name":"Gleitschirmschule Thun, Bern, Interlaken","article_publisher":"https:\/\/www.facebook.com\/swissgliders","article_modified_time":"2026-03-09T20:08:33+00:00","og_image":[{"width":783,"height":960,"url":"https:\/\/swissgliders.ch\/wp-content\/uploads\/2025\/04\/Flugsau_Karabiner_Edelrid-ALIAS-1.png","type":"image\/png"}],"twitter_card":"summary_large_image","twitter_site":"@Swissgliders","twitter_misc":{"Preis":"&#67;&#72;&#70;&nbsp;29.00","Verf\u00fcgbarkeit":"Auf Lager"},"schema":{"@context":"https:\/\/schema.org","@graph":[{"@type":"WebPage","@id":"https:\/\/swissgliders.ch\/de\/produkt\/edelrid-alias\/","url":"https:\/\/swissgliders.ch\/de\/produkt\/edelrid-alias\/","name":"Edelrid ALIAS Karabiner | Gleitschirmschule Thun, Bern, Interlaken","isPartOf":{"@id":"https:\/\/swissgliders.ch\/de\/#website"},"primaryImageOfPage":{"@id":"https:\/\/swissgliders.ch\/de\/produkt\/edelrid-alias\/#primaryimage"},"image":{"@id":"https:\/\/swissgliders.ch\/de\/produkt\/edelrid-alias\/#primaryimage"},"thumbnailUrl":"https:\/\/swissgliders.ch\/wp-content\/uploads\/2025\/04\/Flugsau_Karabiner_Edelrid-ALIAS-1.png","datePublished":"2025-04-19T15:15:04+00:00","dateModified":"2026-03-09T20:08:33+00:00","description":"Finsterwalder UNILOCK Karabiner Ultraleichter universeller GleitschirmkarabinerMit einem Gewicht von nur 45 g und mehr als 25 kN Bruchlast ist der UNILOCK der derzeit leichteste und gleichzeitig einer der am ho\u0308chsten belastbaren Gleitschirmkarabiner auf dem Markt. Beim Dauerschwingtest ertrug er 2.000 Lastwechsel mit Oberlast 252 DaN sowie anschlie\u00dfend 5 Mio. Lastwechsel mit Oberlast 115,4 DaN. Somit erreicht der UNILOCK eine Zeitfestigkeit von 5 Jahren im Monobetrieb.","breadcrumb":{"@id":"https:\/\/swissgliders.ch\/de\/produkt\/edelrid-alias\/#breadcrumb"},"inLanguage":"de","potentialAction":[{"@type":"ReadAction","target":["https:\/\/swissgliders.ch\/de\/produkt\/edelrid-alias\/"]}]},{"@type":"ImageObject","inLanguage":"de","@id":"https:\/\/swissgliders.ch\/de\/produkt\/edelrid-alias\/#primaryimage","url":"https:\/\/swissgliders.ch\/wp-content\/uploads\/2025\/04\/Flugsau_Karabiner_Edelrid-ALIAS-1.png","contentUrl":"https:\/\/swissgliders.ch\/wp-content\/uploads\/2025\/04\/Flugsau_Karabiner_Edelrid-ALIAS-1.png","width":783,"height":960,"caption":"Karabiner_Edelrid ALIAS-1"},{"@type":"BreadcrumbList","@id":"https:\/\/swissgliders.ch\/de\/produkt\/edelrid-alias\/#breadcrumb","itemListElement":[{"@type":"ListItem","position":1,"name":"Startseite","item":"https:\/\/swissgliders.ch\/de\/willkommen\/"},{"@type":"ListItem","position":2,"name":"Gleitschirm Shop","item":"https:\/\/swissgliders.ch\/de\/gleitschirm-shop\/"},{"@type":"ListItem","position":3,"name":"Edelrid ALIAS Karabiner"}]},{"@type":"WebSite","@id":"https:\/\/swissgliders.ch\/de\/#website","url":"https:\/\/swissgliders.ch\/de\/","name":"Gleitschirmschule Thun, Bern, Interlaken","description":"Gleitschirmschule Thun, Bern, Interlaken","publisher":{"@id":"https:\/\/swissgliders.ch\/de\/#organization"},"potentialAction":[{"@type":"SearchAction","target":{"@type":"EntryPoint","urlTemplate":"https:\/\/swissgliders.ch\/de\/?s={search_term_string}"},"query-input":{"@type":"PropertyValueSpecification","valueRequired":true,"valueName":"search_term_string"}}],"inLanguage":"de"},{"@type":"Organization","@id":"https:\/\/swissgliders.ch\/de\/#organization","name":"Swissgliders Gleitschirmflugschule Thun","url":"https:\/\/swissgliders.ch\/de\/","logo":{"@type":"ImageObject","inLanguage":"de","@id":"https:\/\/swissgliders.ch\/de\/#\/schema\/logo\/image\/","url":"https:\/\/swissgliders.ch\/wp-content\/uploads\/2019\/12\/swissgliders-logo-rgb-square-L-no-ch-01.png","contentUrl":"https:\/\/swissgliders.ch\/wp-content\/uploads\/2019\/12\/swissgliders-logo-rgb-square-L-no-ch-01.png","width":2500,"height":2500,"caption":"Swissgliders Gleitschirmflugschule Thun"},"image":{"@id":"https:\/\/swissgliders.ch\/de\/#\/schema\/logo\/image\/"},"sameAs":["https:\/\/www.facebook.com\/swissgliders","https:\/\/x.com\/Swissgliders","https:\/\/www.instagram.com\/swissgliders\/","https:\/\/www.youtube.com\/channel\/UCMCtGdepy9vBhrhX3V_oJOA"],"hasMerchantReturnPolicy":{"@type":"MerchantReturnPolicy","merchantReturnLink":"https:\/\/swissgliders.ch\/de\/allgemeine-geschaftsbedingungen\/"}}]},"product_price_amount":"29.00","product_price_currency":"CHF","og_availability":"instock","product_availability":"instock","product_condition":"new"},"_links":{"self":[{"href":"https:\/\/swissgliders.ch\/de\/wp-json\/wp\/v2\/product\/19204","targetHints":{"allow":["GET"]}}],"collection":[{"href":"https:\/\/swissgliders.ch\/de\/wp-json\/wp\/v2\/product"}],"about":[{"href":"https:\/\/swissgliders.ch\/de\/wp-json\/wp\/v2\/types\/product"}],"replies":[{"embeddable":true,"href":"https:\/\/swissgliders.ch\/de\/wp-json\/wp\/v2\/comments?post=19204"}],"wp:featuredmedia":[{"embeddable":true,"href":"https:\/\/swissgliders.ch\/de\/wp-json\/wp\/v2\/media\/19235"}],"wp:attachment":[{"href":"https:\/\/swissgliders.ch\/de\/wp-json\/wp\/v2\/media?parent=19204"}],"wp:term":[{"taxonomy":"product_brand","embeddable":true,"href":"https:\/\/swissgliders.ch\/de\/wp-json\/wp\/v2\/product_brand?post=19204"},{"taxonomy":"product_cat","embeddable":true,"href":"https:\/\/swissgliders.ch\/de\/wp-json\/wp\/v2\/product_cat?post=19204"},{"taxonomy":"product_tag","embeddable":true,"href":"https:\/\/swissgliders.ch\/de\/wp-json\/wp\/v2\/product_tag?post=19204"}],"curies":[{"name":"wp","href":"https:\/\/api.w.org\/{rel}","templated":true}]}}