{"id":19206,"date":"2025-04-19T16:22:23","date_gmt":"2025-04-19T15:22:23","guid":{"rendered":"https:\/\/swissgliders.ch\/?post_type=product&#038;p=19206"},"modified":"2025-04-19T17:03:43","modified_gmt":"2025-04-19T16:03:43","slug":"edelrid-foras","status":"publish","type":"product","link":"https:\/\/swissgliders.ch\/de\/produkt\/edelrid-foras\/","title":{"rendered":"Edelrid FORAS"},"content":{"rendered":"<h3>Ederid FORAS<\/h3>\n<div class=\"product attribute overview\">\n<div class=\"value\">\n<p>Die Materialien werden leichter, die Gurtb\u00e4nder schmaler. Der 51 Gramm leichte Alukarabiner f\u00fcr Gurten bis 25 Millimeter Breite \u00f6ffnet seitlich! Seine Bruchkraft betr\u00e4gt, u. a. dank H-Profil-Konstruktion 23 kN.<br \/>\nGewicht 51g<\/p>\n<\/div>\n<\/div>\n<div class=\"product-info-price\">\n<div class=\"price-box price-final_price\" data-role=\"priceBox\" data-product-id=\"976\" data-price-box=\"product-id-976\"><img loading=\"lazy\" decoding=\"async\" class=\"\" src=\"https:\/\/www.flugsau.ch\/media\/catalog\/product\/cache\/631341919460877e8e100ab05384d38c\/f\/o\/foras1.png\" alt=\"Edelrid FORAS\" width=\"217\" height=\"266\" \/><\/div>\n<\/div>\n<p>&nbsp;<\/p>\n<p><strong>Details\u00a0<\/strong><\/p>\n<p>Die Materialien werden leichter, die Gurtb\u00e4nder schmaler. Damit sie nicht verrutschen, m\u00fcssen immer schlankere Karabiner her. Diese haben jedoch den Nachteil, dass sie nicht weit genug \u00f6ffnen, um ein problemloses Einh\u00e4ngen der Gleitschirmtragegurte zu gew\u00e4hrleisten. Beim FORAS ist das anders. Der 51 Gramm leichte Alukarabiner f\u00fcr Gurte bis 25 Millimeter Breite \u00f6ffnet seitlich! Seine Bruchkraft betr\u00e4gt, u. a. dank H-Profil-Konstruktion 23 kN. Eine automatische Twist-Lock Verschlusssicherung garantiert bestm\u00f6gliches Handling, eine Chargennummer mit dem Herstellungsjahr eine einfache Kontrolle der maximalen Lebensdauer. Abgerundete Kanten sorgen beim FORAS f\u00fcr eine optimale Bandauflage. Der speziell f\u00fcr den Foras entwickelte\u00a0<a tabindex=\"0\" href=\"https:\/\/www.flugsau.ch\/foras-antitwist-strapkeeper.html\" target=\"_blank\" rel=\"noopener\"><strong>Antitwist (FS0027)<\/strong><\/a>\u00a0verhindert das Querstellen des Karabiners, durch ihn geh\u00f6ren verdrehte Karabiner und verrutschte B\u00e4nder der Vergangenheit an. Jedes einzelne St\u00fcck wird zudem maschinell st\u00fcckgepr\u00fcft, bevor es das Hause EDELRID verl\u00e4sst.<\/p>\n<p><strong><br \/>\nEigenschaften<\/strong><\/p>\n<ul>\n<li>Leichter Gleitschirmkarabiner optimal f\u00fcr moderne, schmale B\u00e4nder<\/li>\n<li>Twist-Lock Verschluss f\u00fcr bestm\u00f6gliches Handling<\/li>\n<li>H-Profil-Konstruktion sorgt f\u00fcr hohe Bruchkr\u00e4fte bei minimalem Gewicht<\/li>\n<li>Abgerundete Kanten f\u00fcr eine optimale Bandauflage<\/li>\n<li>Seitlich zu \u00f6ffnendes Gate erzeugt eine gro\u00dfe \u00d6ffnungsweite von 15 mm<\/li>\n<li>Maschinelle St\u00fcckpr\u00fcfung jedes Karabiners<\/li>\n<li>Entspricht dem PMA-Standard \u201eConnecting Elements for Paragliding\u201c (V 2023.09.1)<\/li>\n<\/ul>\n<p><strong><br \/>\nTechnische Information<\/strong><\/p>\n<ul>\n<li>H\u00f6he: 80 mm<\/li>\n<li>Breite: 50 mm<\/li>\n<li>Schnapper\u00f6ffnung: 15 mm<\/li>\n<li>Belastbarkeit l\u00e4ngs: 23 kN<\/li>\n<li>Material: Aluminium<\/li>\n<li>Karabinertyp: Twistlock<\/li>\n<\/ul>\n<p>Mehr <a href=\"https:\/\/www.flugsau.ch\/edelrid-foras.html\" target=\"_blank\" rel=\"noopener noreferrer\">Infos<\/a><\/p>\n<p>Lieferfrist 1 &#8211; 2 Tage<\/p>\n","protected":false},"excerpt":{"rendered":"<h3>Ederid FORAS<\/h3>\n<div class=\"product attribute overview\">\n<div class=\"value\">\n<p>Die Materialien werden leichter, die Gurtb\u00e4nder schmaler. Der 51 Gramm leichte Alukarabiner f\u00fcr Gurten bis 25 Millimeter Breite \u00f6ffnet seitlich! Seine Bruchkraft betr\u00e4gt, u. a. dank H-Profil-Konstruktion 23 kN.<br \/>\nGewicht 51g<\/p>\n<\/div>\n<\/div>\n<div class=\"product-info-price\">\n<div class=\"price-box price-final_price\" data-role=\"priceBox\" data-product-id=\"976\" data-price-box=\"product-id-976\"><img loading=\"lazy\" decoding=\"async\" class=\"\" src=\"https:\/\/www.flugsau.ch\/media\/catalog\/product\/cache\/631341919460877e8e100ab05384d38c\/f\/o\/foras1.png\" alt=\"Edelrid FORAS\" width=\"217\" height=\"266\" \/><\/div>\n<\/div>\n<p>&nbsp;<\/p>\n<p><strong>Details\u00a0<\/strong><\/p>\n<p>Die Materialien werden leichter, die Gurtb\u00e4nder schmaler. Damit sie nicht verrutschen, m\u00fcssen immer schlankere Karabiner her. Diese haben jedoch den Nachteil, dass sie nicht weit genug \u00f6ffnen, um ein problemloses Einh\u00e4ngen der Gleitschirmtragegurte zu gew\u00e4hrleisten. Beim FORAS ist das anders. Der 51 Gramm leichte Alukarabiner f\u00fcr Gurte bis 25 Millimeter Breite \u00f6ffnet seitlich! Seine Bruchkraft betr\u00e4gt, u. a. dank H-Profil-Konstruktion 23 kN. Eine automatische Twist-Lock Verschlusssicherung garantiert bestm\u00f6gliches Handling, eine Chargennummer mit dem Herstellungsjahr eine einfache Kontrolle der maximalen Lebensdauer. Abgerundete Kanten sorgen beim FORAS f\u00fcr eine optimale Bandauflage. Der speziell f\u00fcr den Foras entwickelte\u00a0<a tabindex=\"0\" href=\"https:\/\/www.flugsau.ch\/foras-antitwist-strapkeeper.html\" target=\"_blank\" rel=\"noopener\"><strong>Antitwist (FS0027)<\/strong><\/a>\u00a0verhindert das Querstellen des Karabiners, durch ihn geh\u00f6ren verdrehte Karabiner und verrutschte B\u00e4nder der Vergangenheit an. Jedes einzelne St\u00fcck wird zudem maschinell st\u00fcckgepr\u00fcft, bevor es das Hause EDELRID verl\u00e4sst.<\/p>\n<p><strong><br \/>\nEigenschaften<\/strong><\/p>\n<ul>\n<li>Leichter Gleitschirmkarabiner optimal f\u00fcr moderne, schmale B\u00e4nder<\/li>\n<li>Twist-Lock Verschluss f\u00fcr bestm\u00f6gliches Handling<\/li>\n<li>H-Profil-Konstruktion sorgt f\u00fcr hohe Bruchkr\u00e4fte bei minimalem Gewicht<\/li>\n<li>Abgerundete Kanten f\u00fcr eine optimale Bandauflage<\/li>\n<li>Seitlich zu \u00f6ffnendes Gate erzeugt eine gro\u00dfe \u00d6ffnungsweite von 15 mm<\/li>\n<li>Maschinelle St\u00fcckpr\u00fcfung jedes Karabiners<\/li>\n<li>Entspricht dem PMA-Standard \u201eConnecting Elements for Paragliding\u201c (V 2023.09.1)<\/li>\n<\/ul>\n<p><strong><br \/>\nTechnische Information<\/strong><\/p>\n<ul>\n<li>H\u00f6he: 80 mm<\/li>\n<li>Breite: 50 mm<\/li>\n<li>Schnapper\u00f6ffnung: 15 mm<\/li>\n<li>Belastbarkeit l\u00e4ngs: 23 kN<\/li>\n<li>Material: Aluminium<\/li>\n<li>Karabinertyp: Twistlock<\/li>\n<\/ul>\n<p>Mehr <a href=\"https:\/\/www.flugsau.ch\/edelrid-foras.html\" target=\"_blank\" rel=\"noopener noreferrer\">Infos<\/a><\/p>\n<p>Lieferfrist 1 &#8211; 2 Tage<\/p>\n","protected":false},"featured_media":19209,"comment_status":"closed","ping_status":"closed","template":"","meta":[],"product_brand":[],"product_cat":[2078,402],"product_tag":[2079,410],"class_list":{"0":"post-19206","1":"product","2":"type-product","3":"status-publish","4":"has-post-thumbnail","6":"product_cat-gleitschirm-karabiner","7":"product_cat-gleitschirm-zubehoer","8":"product_tag-karabiner","9":"product_tag-zubehoer","10":"product_shipping_class-priority-2kg-de","12":"first","13":"instock","14":"shipping-taxable","15":"purchasable","16":"product-type-simple"},"yoast_head":"<!-- This site is optimized with the Yoast SEO Premium plugin v26.1 (Yoast SEO v27.3) - https:\/\/yoast.com\/product\/yoast-seo-premium-wordpress\/ -->\n<title>Edelrid FORAS | Gleitschirmschule Thun, Bern, Interlaken<\/title>\n<meta name=\"description\" content=\"Ederid FORAS ein leichte Alukarabiner Leichter Gleitschirmkarabiner optimal f\u00fcr moderne schmale B\u00e4nder. Twist-Lock Verschluss f\u00fcr bestm\u00f6gliches Handling\" \/>\n<meta name=\"robots\" content=\"index, follow, max-snippet:-1, max-image-preview:large, max-video-preview:-1\" \/>\n<link rel=\"canonical\" href=\"https:\/\/swissgliders.ch\/de\/produkt\/edelrid-foras\/\" \/>\n<meta property=\"og:locale\" content=\"de_DE\" \/>\n<meta property=\"og:type\" content=\"article\" \/>\n<meta property=\"og:title\" content=\"Edelrid FORAS\" \/>\n<meta property=\"og:description\" content=\"Ederid FORAS ein leichte Alukarabiner Leichter Gleitschirmkarabiner optimal f\u00fcr moderne schmale B\u00e4nder. Twist-Lock Verschluss f\u00fcr bestm\u00f6gliches Handling\" \/>\n<meta property=\"og:url\" content=\"https:\/\/swissgliders.ch\/de\/produkt\/edelrid-foras\/\" \/>\n<meta property=\"og:site_name\" content=\"Gleitschirmschule Thun, Bern, Interlaken\" \/>\n<meta property=\"article:publisher\" content=\"https:\/\/www.facebook.com\/swissgliders\" \/>\n<meta property=\"article:modified_time\" content=\"2025-04-19T16:03:43+00:00\" \/>\n<meta property=\"og:image\" content=\"https:\/\/swissgliders.ch\/wp-content\/uploads\/2025\/04\/Flugsau_Karabiner_Edelride-FORAS-1.png\" \/>\n\t<meta property=\"og:image:width\" content=\"783\" \/>\n\t<meta property=\"og:image:height\" content=\"960\" \/>\n\t<meta property=\"og:image:type\" content=\"image\/png\" \/>\n<meta name=\"twitter:card\" content=\"summary_large_image\" \/>\n<meta name=\"twitter:site\" content=\"@Swissgliders\" \/>\n<meta name=\"twitter:label1\" content=\"Preis\" \/>\n\t<meta name=\"twitter:data1\" content=\"&#067;&#072;&#070;&nbsp;29.00\" \/>\n\t<meta name=\"twitter:label2\" content=\"Verf\u00fcgbarkeit\" \/>\n\t<meta name=\"twitter:data2\" content=\"Auf Lager\" \/>\n<script type=\"application\/ld+json\" class=\"yoast-schema-graph\">{\"@context\":\"https:\\\/\\\/schema.org\",\"@graph\":[{\"@type\":\"WebPage\",\"@id\":\"https:\\\/\\\/swissgliders.ch\\\/de\\\/produkt\\\/edelrid-foras\\\/\",\"url\":\"https:\\\/\\\/swissgliders.ch\\\/de\\\/produkt\\\/edelrid-foras\\\/\",\"name\":\"Edelrid FORAS | Gleitschirmschule Thun, Bern, Interlaken\",\"isPartOf\":{\"@id\":\"https:\\\/\\\/swissgliders.ch\\\/de\\\/#website\"},\"primaryImageOfPage\":{\"@id\":\"https:\\\/\\\/swissgliders.ch\\\/de\\\/produkt\\\/edelrid-foras\\\/#primaryimage\"},\"image\":{\"@id\":\"https:\\\/\\\/swissgliders.ch\\\/de\\\/produkt\\\/edelrid-foras\\\/#primaryimage\"},\"thumbnailUrl\":\"https:\\\/\\\/swissgliders.ch\\\/wp-content\\\/uploads\\\/2025\\\/04\\\/Flugsau_Karabiner_Edelride-FORAS-1.png\",\"datePublished\":\"2025-04-19T15:22:23+00:00\",\"dateModified\":\"2025-04-19T16:03:43+00:00\",\"description\":\"Ederid FORAS ein leichte Alukarabiner Leichter Gleitschirmkarabiner optimal f\u00fcr moderne schmale B\u00e4nder. Twist-Lock Verschluss f\u00fcr bestm\u00f6gliches Handling\",\"breadcrumb\":{\"@id\":\"https:\\\/\\\/swissgliders.ch\\\/de\\\/produkt\\\/edelrid-foras\\\/#breadcrumb\"},\"inLanguage\":\"de\",\"potentialAction\":[{\"@type\":\"ReadAction\",\"target\":[\"https:\\\/\\\/swissgliders.ch\\\/de\\\/produkt\\\/edelrid-foras\\\/\"]}]},{\"@type\":\"ImageObject\",\"inLanguage\":\"de\",\"@id\":\"https:\\\/\\\/swissgliders.ch\\\/de\\\/produkt\\\/edelrid-foras\\\/#primaryimage\",\"url\":\"https:\\\/\\\/swissgliders.ch\\\/wp-content\\\/uploads\\\/2025\\\/04\\\/Flugsau_Karabiner_Edelride-FORAS-1.png\",\"contentUrl\":\"https:\\\/\\\/swissgliders.ch\\\/wp-content\\\/uploads\\\/2025\\\/04\\\/Flugsau_Karabiner_Edelride-FORAS-1.png\",\"width\":783,\"height\":960,\"caption\":\"Karabiner_Edelride\"},{\"@type\":\"BreadcrumbList\",\"@id\":\"https:\\\/\\\/swissgliders.ch\\\/de\\\/produkt\\\/edelrid-foras\\\/#breadcrumb\",\"itemListElement\":[{\"@type\":\"ListItem\",\"position\":1,\"name\":\"Startseite\",\"item\":\"https:\\\/\\\/swissgliders.ch\\\/de\\\/willkommen\\\/\"},{\"@type\":\"ListItem\",\"position\":2,\"name\":\"Gleitschirm Shop\",\"item\":\"https:\\\/\\\/swissgliders.ch\\\/de\\\/gleitschirm-shop\\\/\"},{\"@type\":\"ListItem\",\"position\":3,\"name\":\"Edelrid FORAS\"}]},{\"@type\":\"WebSite\",\"@id\":\"https:\\\/\\\/swissgliders.ch\\\/de\\\/#website\",\"url\":\"https:\\\/\\\/swissgliders.ch\\\/de\\\/\",\"name\":\"Gleitschirmschule Thun, Bern, Interlaken\",\"description\":\"Gleitschirmschule Thun, Bern, Interlaken\",\"publisher\":{\"@id\":\"https:\\\/\\\/swissgliders.ch\\\/de\\\/#organization\"},\"potentialAction\":[{\"@type\":\"SearchAction\",\"target\":{\"@type\":\"EntryPoint\",\"urlTemplate\":\"https:\\\/\\\/swissgliders.ch\\\/de\\\/?s={search_term_string}\"},\"query-input\":{\"@type\":\"PropertyValueSpecification\",\"valueRequired\":true,\"valueName\":\"search_term_string\"}}],\"inLanguage\":\"de\"},{\"@type\":\"Organization\",\"@id\":\"https:\\\/\\\/swissgliders.ch\\\/de\\\/#organization\",\"name\":\"Swissgliders Gleitschirmflugschule Thun\",\"url\":\"https:\\\/\\\/swissgliders.ch\\\/de\\\/\",\"logo\":{\"@type\":\"ImageObject\",\"inLanguage\":\"de\",\"@id\":\"https:\\\/\\\/swissgliders.ch\\\/de\\\/#\\\/schema\\\/logo\\\/image\\\/\",\"url\":\"https:\\\/\\\/swissgliders.ch\\\/wp-content\\\/uploads\\\/2019\\\/12\\\/swissgliders-logo-rgb-square-L-no-ch-01.png\",\"contentUrl\":\"https:\\\/\\\/swissgliders.ch\\\/wp-content\\\/uploads\\\/2019\\\/12\\\/swissgliders-logo-rgb-square-L-no-ch-01.png\",\"width\":2500,\"height\":2500,\"caption\":\"Swissgliders Gleitschirmflugschule Thun\"},\"image\":{\"@id\":\"https:\\\/\\\/swissgliders.ch\\\/de\\\/#\\\/schema\\\/logo\\\/image\\\/\"},\"sameAs\":[\"https:\\\/\\\/www.facebook.com\\\/swissgliders\",\"https:\\\/\\\/x.com\\\/Swissgliders\",\"https:\\\/\\\/www.instagram.com\\\/swissgliders\\\/\",\"https:\\\/\\\/www.youtube.com\\\/channel\\\/UCMCtGdepy9vBhrhX3V_oJOA\"],\"hasMerchantReturnPolicy\":{\"@type\":\"MerchantReturnPolicy\",\"merchantReturnLink\":\"https:\\\/\\\/swissgliders.ch\\\/de\\\/allgemeine-geschaftsbedingungen\\\/\"}}]}<\/script>\n<meta property=\"product:price:amount\" content=\"29.00\" \/>\n<meta property=\"product:price:currency\" content=\"CHF\" \/>\n<meta property=\"og:availability\" content=\"instock\" \/>\n<meta property=\"product:availability\" content=\"instock\" \/>\n<meta property=\"product:condition\" content=\"new\" \/>\n<!-- \/ Yoast SEO Premium plugin. -->","yoast_head_json":{"title":"Edelrid FORAS | Gleitschirmschule Thun, Bern, Interlaken","description":"Ederid FORAS ein leichte Alukarabiner Leichter Gleitschirmkarabiner optimal f\u00fcr moderne schmale B\u00e4nder. Twist-Lock Verschluss f\u00fcr bestm\u00f6gliches Handling","robots":{"index":"index","follow":"follow","max-snippet":"max-snippet:-1","max-image-preview":"max-image-preview:large","max-video-preview":"max-video-preview:-1"},"canonical":"https:\/\/swissgliders.ch\/de\/produkt\/edelrid-foras\/","og_locale":"de_DE","og_type":"article","og_title":"Edelrid FORAS","og_description":"Ederid FORAS ein leichte Alukarabiner Leichter Gleitschirmkarabiner optimal f\u00fcr moderne schmale B\u00e4nder. Twist-Lock Verschluss f\u00fcr bestm\u00f6gliches Handling","og_url":"https:\/\/swissgliders.ch\/de\/produkt\/edelrid-foras\/","og_site_name":"Gleitschirmschule Thun, Bern, Interlaken","article_publisher":"https:\/\/www.facebook.com\/swissgliders","article_modified_time":"2025-04-19T16:03:43+00:00","og_image":[{"width":783,"height":960,"url":"https:\/\/swissgliders.ch\/wp-content\/uploads\/2025\/04\/Flugsau_Karabiner_Edelride-FORAS-1.png","type":"image\/png"}],"twitter_card":"summary_large_image","twitter_site":"@Swissgliders","twitter_misc":{"Preis":"&#67;&#72;&#70;&nbsp;29.00","Verf\u00fcgbarkeit":"Auf Lager"},"schema":{"@context":"https:\/\/schema.org","@graph":[{"@type":"WebPage","@id":"https:\/\/swissgliders.ch\/de\/produkt\/edelrid-foras\/","url":"https:\/\/swissgliders.ch\/de\/produkt\/edelrid-foras\/","name":"Edelrid FORAS | Gleitschirmschule Thun, Bern, Interlaken","isPartOf":{"@id":"https:\/\/swissgliders.ch\/de\/#website"},"primaryImageOfPage":{"@id":"https:\/\/swissgliders.ch\/de\/produkt\/edelrid-foras\/#primaryimage"},"image":{"@id":"https:\/\/swissgliders.ch\/de\/produkt\/edelrid-foras\/#primaryimage"},"thumbnailUrl":"https:\/\/swissgliders.ch\/wp-content\/uploads\/2025\/04\/Flugsau_Karabiner_Edelride-FORAS-1.png","datePublished":"2025-04-19T15:22:23+00:00","dateModified":"2025-04-19T16:03:43+00:00","description":"Ederid FORAS ein leichte Alukarabiner Leichter Gleitschirmkarabiner optimal f\u00fcr moderne schmale B\u00e4nder. Twist-Lock Verschluss f\u00fcr bestm\u00f6gliches Handling","breadcrumb":{"@id":"https:\/\/swissgliders.ch\/de\/produkt\/edelrid-foras\/#breadcrumb"},"inLanguage":"de","potentialAction":[{"@type":"ReadAction","target":["https:\/\/swissgliders.ch\/de\/produkt\/edelrid-foras\/"]}]},{"@type":"ImageObject","inLanguage":"de","@id":"https:\/\/swissgliders.ch\/de\/produkt\/edelrid-foras\/#primaryimage","url":"https:\/\/swissgliders.ch\/wp-content\/uploads\/2025\/04\/Flugsau_Karabiner_Edelride-FORAS-1.png","contentUrl":"https:\/\/swissgliders.ch\/wp-content\/uploads\/2025\/04\/Flugsau_Karabiner_Edelride-FORAS-1.png","width":783,"height":960,"caption":"Karabiner_Edelride"},{"@type":"BreadcrumbList","@id":"https:\/\/swissgliders.ch\/de\/produkt\/edelrid-foras\/#breadcrumb","itemListElement":[{"@type":"ListItem","position":1,"name":"Startseite","item":"https:\/\/swissgliders.ch\/de\/willkommen\/"},{"@type":"ListItem","position":2,"name":"Gleitschirm Shop","item":"https:\/\/swissgliders.ch\/de\/gleitschirm-shop\/"},{"@type":"ListItem","position":3,"name":"Edelrid FORAS"}]},{"@type":"WebSite","@id":"https:\/\/swissgliders.ch\/de\/#website","url":"https:\/\/swissgliders.ch\/de\/","name":"Gleitschirmschule Thun, Bern, Interlaken","description":"Gleitschirmschule Thun, Bern, Interlaken","publisher":{"@id":"https:\/\/swissgliders.ch\/de\/#organization"},"potentialAction":[{"@type":"SearchAction","target":{"@type":"EntryPoint","urlTemplate":"https:\/\/swissgliders.ch\/de\/?s={search_term_string}"},"query-input":{"@type":"PropertyValueSpecification","valueRequired":true,"valueName":"search_term_string"}}],"inLanguage":"de"},{"@type":"Organization","@id":"https:\/\/swissgliders.ch\/de\/#organization","name":"Swissgliders Gleitschirmflugschule Thun","url":"https:\/\/swissgliders.ch\/de\/","logo":{"@type":"ImageObject","inLanguage":"de","@id":"https:\/\/swissgliders.ch\/de\/#\/schema\/logo\/image\/","url":"https:\/\/swissgliders.ch\/wp-content\/uploads\/2019\/12\/swissgliders-logo-rgb-square-L-no-ch-01.png","contentUrl":"https:\/\/swissgliders.ch\/wp-content\/uploads\/2019\/12\/swissgliders-logo-rgb-square-L-no-ch-01.png","width":2500,"height":2500,"caption":"Swissgliders Gleitschirmflugschule Thun"},"image":{"@id":"https:\/\/swissgliders.ch\/de\/#\/schema\/logo\/image\/"},"sameAs":["https:\/\/www.facebook.com\/swissgliders","https:\/\/x.com\/Swissgliders","https:\/\/www.instagram.com\/swissgliders\/","https:\/\/www.youtube.com\/channel\/UCMCtGdepy9vBhrhX3V_oJOA"],"hasMerchantReturnPolicy":{"@type":"MerchantReturnPolicy","merchantReturnLink":"https:\/\/swissgliders.ch\/de\/allgemeine-geschaftsbedingungen\/"}}]},"product_price_amount":"29.00","product_price_currency":"CHF","og_availability":"instock","product_availability":"instock","product_condition":"new"},"_links":{"self":[{"href":"https:\/\/swissgliders.ch\/de\/wp-json\/wp\/v2\/product\/19206","targetHints":{"allow":["GET"]}}],"collection":[{"href":"https:\/\/swissgliders.ch\/de\/wp-json\/wp\/v2\/product"}],"about":[{"href":"https:\/\/swissgliders.ch\/de\/wp-json\/wp\/v2\/types\/product"}],"replies":[{"embeddable":true,"href":"https:\/\/swissgliders.ch\/de\/wp-json\/wp\/v2\/comments?post=19206"}],"wp:featuredmedia":[{"embeddable":true,"href":"https:\/\/swissgliders.ch\/de\/wp-json\/wp\/v2\/media\/19209"}],"wp:attachment":[{"href":"https:\/\/swissgliders.ch\/de\/wp-json\/wp\/v2\/media?parent=19206"}],"wp:term":[{"taxonomy":"product_brand","embeddable":true,"href":"https:\/\/swissgliders.ch\/de\/wp-json\/wp\/v2\/product_brand?post=19206"},{"taxonomy":"product_cat","embeddable":true,"href":"https:\/\/swissgliders.ch\/de\/wp-json\/wp\/v2\/product_cat?post=19206"},{"taxonomy":"product_tag","embeddable":true,"href":"https:\/\/swissgliders.ch\/de\/wp-json\/wp\/v2\/product_tag?post=19206"}],"curies":[{"name":"wp","href":"https:\/\/api.w.org\/{rel}","templated":true}]}}