{"id":19257,"date":"2025-04-24T07:33:37","date_gmt":"2025-04-24T06:33:37","guid":{"rendered":"https:\/\/swissgliders.ch\/?post_type=product&#038;p=19257"},"modified":"2025-07-20T12:24:58","modified_gmt":"2025-07-20T11:24:58","slug":"supair-trek-2","status":"publish","type":"product","link":"https:\/\/swissgliders.ch\/de\/produkt\/supair-trek-2\/","title":{"rendered":"Supair Trek 2"},"content":{"rendered":"<h3 data-aos=\"fade-in\">Der TREK 2 Rucksack f\u00fcr Hike &amp; Fly\u00a0wurde speziell f\u00fcr leichte und kompakte Schirme entwickelt.<\/h3>\n<div data-aos=\"fade-in\"><img loading=\"lazy\" decoding=\"async\" class=\"\" src=\"https:\/\/supair.com\/wp-content\/uploads\/2022\/06\/trek2-90-sac-de-portage-supair-scaled.jpg\" width=\"251\" height=\"376\" \/><\/div>\n<p>&nbsp;<\/p>\n<p>Der TREK 2 ist ein robuster und ergonomischer Rucksack, der f\u00fcr das Wandern konzipiert wurde und aus robusten Materialien besteht (Benutzung ).<\/p>\n<p>&nbsp;<\/p>\n<h4>\u00dcber den Rucksack\u00a0\u00a0<strong>TREK 2<\/strong><\/h4>\n<p>Der TREK 2 Rucksack f\u00fcr Hike &amp; Fly\u00a0wurde speziell f\u00fcr leichte und kompakte Schirme entwickelt. Mit der Benutzung von robusten Materialien ist dieser Rucksack sowohl strapazierf\u00e4hig als auch ergonomisch.<\/p>\n<p>Der Roll-Top-Verschluss des TREK 2 ist sehr funktionell beim Wandern. Er erm\u00f6glicht es, die Oberseite des Rucksack mehr oder weniger aufzurollen und das Volumen anzupassen.<\/p>\n<p>Die Trageweise des TREK 2 25L und 30L ist sehr spezifisch. Die typische Gurtstruktur wie bei Trailrunning-Rucks\u00e4cken, erm\u00f6glicht es, den Rucksack auf dem oberen R\u00fccken zu tragen, um eine Einheit mit den dynamischen Bewegungen beim Gehen und Laufen zu bilden. Zwei Brustgurte vervollst\u00e4ndigen den guten Sitz des Rucksack auf den Schultern.<br \/>\nIn Verbindung mit den Kompressionsriemen ist das Tragen immer k\u00f6rpernah, stabil und ergonomisch.<\/p>\n<p>Die Trageweise des TREK 2 90L und 110L ist ergonomisch mit einem bequemen H\u00fcftgurt und Schultertr\u00e4gern, die f\u00fcr langes und sportliches Tragen geeignet sind.<\/p>\n<p>Der Zugang mit einer gro\u00dfen vertikalen Rei\u00dfverschluss erm\u00f6glicht eine breite \u00d6ffnung und ein einfaches Bef\u00fcllen der Rucksack , insbesondere der Positionierung des Schirms und des Gurtzeugs vor dem Schlie\u00dfen durch Komprimierung des Volumens.<\/p>\n<p>F\u00fcr die Fl\u00fcssigkeitszufuhr: Eine Trinkflaschentasche am rechten Schultergurt f\u00fcr den TREK 2 25L und 30L und am linken Schultergurt f\u00fcr den TREK 2 90L und 110L erm\u00f6glicht einen schnellen und einfachen Zugriff auf das Getr\u00e4nk.<\/p>\n<p><strong>Hinweis:<\/strong>\u00a0Der\u00a0<strong>TREK 130L<\/strong>\u00a0ist mit einem klassischen Rei\u00dfverschluss -Verschluss\u00a0<strong>ohne Roll-Top<\/strong>\u00a0ausgestattet!<\/p>\n<p>&nbsp;<\/p>\n<h4 class=\"titre_bloc\">Technische Daten<\/h4>\n<div class=\"conteneur_tableau\">\n<table>\n<thead>\n<tr>\n<th><\/th>\n<th>25 L<\/th>\n<th>30 L<\/th>\n<th>90 L<\/th>\n<th>110 L<\/th>\n<\/tr>\n<\/thead>\n<tbody>\n<tr>\n<td>Gewicht<\/td>\n<td>570g<\/td>\n<td>610g<\/td>\n<td>990g<\/td>\n<td>1100g<\/td>\n<\/tr>\n<\/tbody>\n<\/table>\n<\/div>\n<p>&nbsp;<\/p>\n<div class=\"selecteur_element\">\n<h4 class=\"titre_element as_h3\">Beschreibung 25L und 30L<\/h4>\n<div class=\"selecteur_icon\"><\/div>\n<\/div>\n<div class=\"contenu_element\">\n<div class=\"global_content\">\n<ul>\n<li>Rucksack mit Verschluss Typ Roll Top<\/li>\n<li>Gro\u00dfe vertikale \u00d6ffnung mit Rei\u00dfverschluss<\/li>\n<li>Brieftasche oben am Rucksack<\/li>\n<li>Rei\u00dfverschlusstasche am linken Tr\u00e4ger<\/li>\n<li>Trinkflaschentasche am rechten Schulterriemen<\/li>\n<li>Kompressionsriemen<\/li>\n<li>Tragegurt mit ergonomisch geformten, gesch\u00e4umten Schultergurten<\/li>\n<li>2 h\u00f6henverstellbare und repositionierbare Brustgurte<\/li>\n<li>Tragegriff oben am\u00a0R\u00fccken<\/li>\n<li>Trinkschlauchdurchf\u00fchrung oben am\u00a0 R\u00fcckens<\/li>\n<\/ul>\n<\/div>\n<\/div>\n<p>&nbsp;<\/p>\n<div class=\"selecteur_element\">\n<h4 class=\"titre_element as_h3\">Beschreibung 90L und 110L<\/h4>\n<div class=\"selecteur_icon\"><\/div>\n<\/div>\n<div class=\"contenu_element\">\n<div class=\"global_content\">\n<ul>\n<li>Rucksack mit Verschluss Typ Roll Top<\/li>\n<li>Gro\u00dfe vertikale \u00d6ffnung mit Rei\u00dfverschluss<\/li>\n<li>Brieftasche oben am Rucksack<\/li>\n<li>Rei\u00dfverschlusstasche am G\u00fcrtel<\/li>\n<li>Trinkflaschentasche am linken Schultergurt<\/li>\n<li>Kompressionsriemen<\/li>\n<li>Ergonomisch geformter, gesch\u00e4umter H\u00fcftgurt und Schultertr\u00e4ger<\/li>\n<li>Gurtband in der H\u00f6he verstellbar und verstellbarer Brustgurt<\/li>\n<li>Tragegriff oben am\u00a0R\u00fccken<\/li>\n<li>Trinkschlauchdurchf\u00fchrung oben am\u00a0 R\u00fcckens<\/li>\n<\/ul>\n<\/div>\n<\/div>\n<p>Mehr <a href=\"https:\/\/supair.com\/de\/produit\/sac-supair-trek-2\/\">Infos<\/a><\/p>\n<p>Falls dieser Artikel nicht an Lager ist, wird er f\u00fcr dich bestellt. Lieferfrist auf Anfrage.<\/p>\n","protected":false},"excerpt":{"rendered":"<h3 data-aos=\"fade-in\">Der TREK 2 Rucksack f\u00fcr Hike &amp; Fly\u00a0wurde speziell f\u00fcr leichte und kompakte Schirme entwickelt.<\/h3>\n<div data-aos=\"fade-in\"><img loading=\"lazy\" decoding=\"async\" class=\"\" src=\"https:\/\/supair.com\/wp-content\/uploads\/2022\/06\/trek2-90-sac-de-portage-supair-scaled.jpg\" width=\"251\" height=\"376\" \/><\/div>\n<p>&nbsp;<\/p>\n<p>Der TREK 2 ist ein robuster und ergonomischer Rucksack, der f\u00fcr das Wandern konzipiert wurde und aus robusten Materialien besteht (Benutzung ).<\/p>\n<p>&nbsp;<\/p>\n<h4>\u00dcber den Rucksack\u00a0\u00a0<strong>TREK 2<\/strong><\/h4>\n<p>Der TREK 2 Rucksack f\u00fcr Hike &amp; Fly\u00a0wurde speziell f\u00fcr leichte und kompakte Schirme entwickelt. Mit der Benutzung von robusten Materialien ist dieser Rucksack sowohl strapazierf\u00e4hig als auch ergonomisch.<\/p>\n<p>Der Roll-Top-Verschluss des TREK 2 ist sehr funktionell beim Wandern. Er erm\u00f6glicht es, die Oberseite des Rucksack mehr oder weniger aufzurollen und das Volumen anzupassen.<\/p>\n<p>Die Trageweise des TREK 2 25L und 30L ist sehr spezifisch. Die typische Gurtstruktur wie bei Trailrunning-Rucks\u00e4cken, erm\u00f6glicht es, den Rucksack auf dem oberen R\u00fccken zu tragen, um eine Einheit mit den dynamischen Bewegungen beim Gehen und Laufen zu bilden. Zwei Brustgurte vervollst\u00e4ndigen den guten Sitz des Rucksack auf den Schultern.<br \/>\nIn Verbindung mit den Kompressionsriemen ist das Tragen immer k\u00f6rpernah, stabil und ergonomisch.<\/p>\n<p>Die Trageweise des TREK 2 90L und 110L ist ergonomisch mit einem bequemen H\u00fcftgurt und Schultertr\u00e4gern, die f\u00fcr langes und sportliches Tragen geeignet sind.<\/p>\n<p>Der Zugang mit einer gro\u00dfen vertikalen Rei\u00dfverschluss erm\u00f6glicht eine breite \u00d6ffnung und ein einfaches Bef\u00fcllen der Rucksack , insbesondere der Positionierung des Schirms und des Gurtzeugs vor dem Schlie\u00dfen durch Komprimierung des Volumens.<\/p>\n<p>F\u00fcr die Fl\u00fcssigkeitszufuhr: Eine Trinkflaschentasche am rechten Schultergurt f\u00fcr den TREK 2 25L und 30L und am linken Schultergurt f\u00fcr den TREK 2 90L und 110L erm\u00f6glicht einen schnellen und einfachen Zugriff auf das Getr\u00e4nk.<\/p>\n<p><strong>Hinweis:<\/strong>\u00a0Der\u00a0<strong>TREK 130L<\/strong>\u00a0ist mit einem klassischen Rei\u00dfverschluss -Verschluss\u00a0<strong>ohne Roll-Top<\/strong>\u00a0ausgestattet!<\/p>\n<p>&nbsp;<\/p>\n<h4 class=\"titre_bloc\">Technische Daten<\/h4>\n<div class=\"conteneur_tableau\">\n<table>\n<thead>\n<tr>\n<th><\/th>\n<th>25 L<\/th>\n<th>30 L<\/th>\n<th>90 L<\/th>\n<th>110 L<\/th>\n<\/tr>\n<\/thead>\n<tbody>\n<tr>\n<td>Gewicht<\/td>\n<td>570g<\/td>\n<td>610g<\/td>\n<td>990g<\/td>\n<td>1100g<\/td>\n<\/tr>\n<\/tbody>\n<\/table>\n<\/div>\n<p>&nbsp;<\/p>\n<div class=\"selecteur_element\">\n<h4 class=\"titre_element as_h3\">Beschreibung 25L und 30L<\/h4>\n<div class=\"selecteur_icon\"><\/div>\n<\/div>\n<div class=\"contenu_element\">\n<div class=\"global_content\">\n<ul>\n<li>Rucksack mit Verschluss Typ Roll Top<\/li>\n<li>Gro\u00dfe vertikale \u00d6ffnung mit Rei\u00dfverschluss<\/li>\n<li>Brieftasche oben am Rucksack<\/li>\n<li>Rei\u00dfverschlusstasche am linken Tr\u00e4ger<\/li>\n<li>Trinkflaschentasche am rechten Schulterriemen<\/li>\n<li>Kompressionsriemen<\/li>\n<li>Tragegurt mit ergonomisch geformten, gesch\u00e4umten Schultergurten<\/li>\n<li>2 h\u00f6henverstellbare und repositionierbare Brustgurte<\/li>\n<li>Tragegriff oben am\u00a0R\u00fccken<\/li>\n<li>Trinkschlauchdurchf\u00fchrung oben am\u00a0 R\u00fcckens<\/li>\n<\/ul>\n<\/div>\n<\/div>\n<p>&nbsp;<\/p>\n<div class=\"selecteur_element\">\n<h4 class=\"titre_element as_h3\">Beschreibung 90L und 110L<\/h4>\n<div class=\"selecteur_icon\"><\/div>\n<\/div>\n<div class=\"contenu_element\">\n<div class=\"global_content\">\n<ul>\n<li>Rucksack mit Verschluss Typ Roll Top<\/li>\n<li>Gro\u00dfe vertikale \u00d6ffnung mit Rei\u00dfverschluss<\/li>\n<li>Brieftasche oben am Rucksack<\/li>\n<li>Rei\u00dfverschlusstasche am G\u00fcrtel<\/li>\n<li>Trinkflaschentasche am linken Schultergurt<\/li>\n<li>Kompressionsriemen<\/li>\n<li>Ergonomisch geformter, gesch\u00e4umter H\u00fcftgurt und Schultertr\u00e4ger<\/li>\n<li>Gurtband in der H\u00f6he verstellbar und verstellbarer Brustgurt<\/li>\n<li>Tragegriff oben am\u00a0R\u00fccken<\/li>\n<li>Trinkschlauchdurchf\u00fchrung oben am\u00a0 R\u00fcckens<\/li>\n<\/ul>\n<\/div>\n<\/div>\n<p>Mehr <a href=\"https:\/\/supair.com\/de\/produit\/sac-supair-trek-2\/\">Infos<\/a><\/p>\n<p>Falls dieser Artikel nicht an Lager ist, wird er f\u00fcr dich bestellt. Lieferfrist auf Anfrage.<\/p>\n","protected":false},"featured_media":19261,"comment_status":"closed","ping_status":"closed","template":"","meta":[],"product_brand":[],"product_cat":[2072],"product_tag":[2210,90],"class_list":{"0":"post-19257","1":"product","2":"type-product","3":"status-publish","4":"has-post-thumbnail","6":"product_cat-gleitschirm-rucksaecke","7":"product_tag-rucksack","8":"product_tag-verkaufsartikel","9":"product_shipping_class-priority-2kg-de","11":"first","12":"instock","13":"shipping-taxable","14":"purchasable","15":"product-type-variable"},"yoast_head":"<!-- This site is optimized with the Yoast SEO Premium plugin v26.1 (Yoast SEO v27.3) - https:\/\/yoast.com\/product\/yoast-seo-premium-wordpress\/ -->\n<title>Supair Trek 2 | Gleitschirmschule Thun, Bern, Interlaken<\/title>\n<meta name=\"description\" content=\"Der Supair TREK 2 Rucksack f\u00fcr Hike &amp; Fly\u00a0wurde speziell f\u00fcr leichte und kompakte Schirme entwickelt. Der TREK 2 ist ein robuster und ergonomischer Rucksack, der f\u00fcr das Wandern konzipiert wurde und aus robusten Materialien besteht (Benutzung ).\" \/>\n<meta name=\"robots\" content=\"index, follow, max-snippet:-1, max-image-preview:large, max-video-preview:-1\" \/>\n<link rel=\"canonical\" href=\"https:\/\/swissgliders.ch\/de\/produkt\/supair-trek-2\/\" \/>\n<meta property=\"og:locale\" content=\"de_DE\" \/>\n<meta property=\"og:type\" content=\"article\" \/>\n<meta property=\"og:title\" content=\"Supair Trek 2\" \/>\n<meta property=\"og:description\" content=\"Der Supair TREK 2 Rucksack f\u00fcr Hike &amp; Fly\u00a0wurde speziell f\u00fcr leichte und kompakte Schirme entwickelt. Der TREK 2 ist ein robuster und ergonomischer Rucksack, der f\u00fcr das Wandern konzipiert wurde und aus robusten Materialien besteht (Benutzung ).\" \/>\n<meta property=\"og:url\" content=\"https:\/\/swissgliders.ch\/de\/produkt\/supair-trek-2\/\" \/>\n<meta property=\"og:site_name\" content=\"Gleitschirmschule Thun, Bern, Interlaken\" \/>\n<meta property=\"article:publisher\" content=\"https:\/\/www.facebook.com\/swissgliders\" \/>\n<meta property=\"article:modified_time\" content=\"2025-07-20T11:24:58+00:00\" \/>\n<meta property=\"og:image\" content=\"https:\/\/swissgliders.ch\/wp-content\/uploads\/2025\/04\/Supair_Rucksack_Trek-2-1-scaled.png\" \/>\n\t<meta property=\"og:image:width\" content=\"1708\" \/>\n\t<meta property=\"og:image:height\" content=\"2560\" \/>\n\t<meta property=\"og:image:type\" content=\"image\/png\" \/>\n<meta name=\"twitter:card\" content=\"summary_large_image\" \/>\n<meta name=\"twitter:site\" content=\"@Swissgliders\" \/>\n<meta name=\"twitter:label1\" content=\"Verf\u00fcgbarkeit\" \/>\n\t<meta name=\"twitter:data1\" content=\"Auf Lager\" \/>\n<script type=\"application\/ld+json\" class=\"yoast-schema-graph\">{\"@context\":\"https:\\\/\\\/schema.org\",\"@graph\":[{\"@type\":\"WebPage\",\"@id\":\"https:\\\/\\\/swissgliders.ch\\\/de\\\/produkt\\\/supair-trek-2\\\/\",\"url\":\"https:\\\/\\\/swissgliders.ch\\\/de\\\/produkt\\\/supair-trek-2\\\/\",\"name\":\"Supair Trek 2 | Gleitschirmschule Thun, Bern, Interlaken\",\"isPartOf\":{\"@id\":\"https:\\\/\\\/swissgliders.ch\\\/de\\\/#website\"},\"primaryImageOfPage\":{\"@id\":\"https:\\\/\\\/swissgliders.ch\\\/de\\\/produkt\\\/supair-trek-2\\\/#primaryimage\"},\"image\":{\"@id\":\"https:\\\/\\\/swissgliders.ch\\\/de\\\/produkt\\\/supair-trek-2\\\/#primaryimage\"},\"thumbnailUrl\":\"https:\\\/\\\/swissgliders.ch\\\/wp-content\\\/uploads\\\/2025\\\/04\\\/Supair_Rucksack_Trek-2-1-scaled.png\",\"datePublished\":\"2025-04-24T06:33:37+00:00\",\"dateModified\":\"2025-07-20T11:24:58+00:00\",\"description\":\"Der Supair TREK 2 Rucksack f\u00fcr Hike & Fly\u00a0wurde speziell f\u00fcr leichte und kompakte Schirme entwickelt. Der TREK 2 ist ein robuster und ergonomischer Rucksack, der f\u00fcr das Wandern konzipiert wurde und aus robusten Materialien besteht (Benutzung ).\",\"breadcrumb\":{\"@id\":\"https:\\\/\\\/swissgliders.ch\\\/de\\\/produkt\\\/supair-trek-2\\\/#breadcrumb\"},\"inLanguage\":\"de\",\"potentialAction\":[{\"@type\":\"ReadAction\",\"target\":[\"https:\\\/\\\/swissgliders.ch\\\/de\\\/produkt\\\/supair-trek-2\\\/\"]}]},{\"@type\":\"ImageObject\",\"inLanguage\":\"de\",\"@id\":\"https:\\\/\\\/swissgliders.ch\\\/de\\\/produkt\\\/supair-trek-2\\\/#primaryimage\",\"url\":\"https:\\\/\\\/swissgliders.ch\\\/wp-content\\\/uploads\\\/2025\\\/04\\\/Supair_Rucksack_Trek-2-1-scaled.png\",\"contentUrl\":\"https:\\\/\\\/swissgliders.ch\\\/wp-content\\\/uploads\\\/2025\\\/04\\\/Supair_Rucksack_Trek-2-1-scaled.png\",\"width\":1708,\"height\":2560,\"caption\":\"Supair_Rucksack_Trek 2-1\"},{\"@type\":\"BreadcrumbList\",\"@id\":\"https:\\\/\\\/swissgliders.ch\\\/de\\\/produkt\\\/supair-trek-2\\\/#breadcrumb\",\"itemListElement\":[{\"@type\":\"ListItem\",\"position\":1,\"name\":\"Startseite\",\"item\":\"https:\\\/\\\/swissgliders.ch\\\/de\\\/willkommen\\\/\"},{\"@type\":\"ListItem\",\"position\":2,\"name\":\"Gleitschirm Shop\",\"item\":\"https:\\\/\\\/swissgliders.ch\\\/de\\\/gleitschirm-shop\\\/\"},{\"@type\":\"ListItem\",\"position\":3,\"name\":\"Supair Trek 2\"}]},{\"@type\":\"WebSite\",\"@id\":\"https:\\\/\\\/swissgliders.ch\\\/de\\\/#website\",\"url\":\"https:\\\/\\\/swissgliders.ch\\\/de\\\/\",\"name\":\"Gleitschirmschule Thun, Bern, Interlaken\",\"description\":\"Gleitschirmschule Thun, Bern, Interlaken\",\"publisher\":{\"@id\":\"https:\\\/\\\/swissgliders.ch\\\/de\\\/#organization\"},\"potentialAction\":[{\"@type\":\"SearchAction\",\"target\":{\"@type\":\"EntryPoint\",\"urlTemplate\":\"https:\\\/\\\/swissgliders.ch\\\/de\\\/?s={search_term_string}\"},\"query-input\":{\"@type\":\"PropertyValueSpecification\",\"valueRequired\":true,\"valueName\":\"search_term_string\"}}],\"inLanguage\":\"de\"},{\"@type\":\"Organization\",\"@id\":\"https:\\\/\\\/swissgliders.ch\\\/de\\\/#organization\",\"name\":\"Swissgliders Gleitschirmflugschule Thun\",\"url\":\"https:\\\/\\\/swissgliders.ch\\\/de\\\/\",\"logo\":{\"@type\":\"ImageObject\",\"inLanguage\":\"de\",\"@id\":\"https:\\\/\\\/swissgliders.ch\\\/de\\\/#\\\/schema\\\/logo\\\/image\\\/\",\"url\":\"https:\\\/\\\/swissgliders.ch\\\/wp-content\\\/uploads\\\/2019\\\/12\\\/swissgliders-logo-rgb-square-L-no-ch-01.png\",\"contentUrl\":\"https:\\\/\\\/swissgliders.ch\\\/wp-content\\\/uploads\\\/2019\\\/12\\\/swissgliders-logo-rgb-square-L-no-ch-01.png\",\"width\":2500,\"height\":2500,\"caption\":\"Swissgliders Gleitschirmflugschule Thun\"},\"image\":{\"@id\":\"https:\\\/\\\/swissgliders.ch\\\/de\\\/#\\\/schema\\\/logo\\\/image\\\/\"},\"sameAs\":[\"https:\\\/\\\/www.facebook.com\\\/swissgliders\",\"https:\\\/\\\/x.com\\\/Swissgliders\",\"https:\\\/\\\/www.instagram.com\\\/swissgliders\\\/\",\"https:\\\/\\\/www.youtube.com\\\/channel\\\/UCMCtGdepy9vBhrhX3V_oJOA\"],\"hasMerchantReturnPolicy\":{\"@type\":\"MerchantReturnPolicy\",\"merchantReturnLink\":\"https:\\\/\\\/swissgliders.ch\\\/de\\\/allgemeine-geschaftsbedingungen\\\/\"}}]}<\/script>\n<meta property=\"og:availability\" content=\"instock\" \/>\n<meta property=\"product:availability\" content=\"instock\" \/>\n<meta property=\"product:condition\" content=\"new\" \/>\n<!-- \/ Yoast SEO Premium plugin. -->","yoast_head_json":{"title":"Supair Trek 2 | Gleitschirmschule Thun, Bern, Interlaken","description":"Der Supair TREK 2 Rucksack f\u00fcr Hike & Fly\u00a0wurde speziell f\u00fcr leichte und kompakte Schirme entwickelt. Der TREK 2 ist ein robuster und ergonomischer Rucksack, der f\u00fcr das Wandern konzipiert wurde und aus robusten Materialien besteht (Benutzung ).","robots":{"index":"index","follow":"follow","max-snippet":"max-snippet:-1","max-image-preview":"max-image-preview:large","max-video-preview":"max-video-preview:-1"},"canonical":"https:\/\/swissgliders.ch\/de\/produkt\/supair-trek-2\/","og_locale":"de_DE","og_type":"article","og_title":"Supair Trek 2","og_description":"Der Supair TREK 2 Rucksack f\u00fcr Hike & Fly\u00a0wurde speziell f\u00fcr leichte und kompakte Schirme entwickelt. Der TREK 2 ist ein robuster und ergonomischer Rucksack, der f\u00fcr das Wandern konzipiert wurde und aus robusten Materialien besteht (Benutzung ).","og_url":"https:\/\/swissgliders.ch\/de\/produkt\/supair-trek-2\/","og_site_name":"Gleitschirmschule Thun, Bern, Interlaken","article_publisher":"https:\/\/www.facebook.com\/swissgliders","article_modified_time":"2025-07-20T11:24:58+00:00","og_image":[{"width":1708,"height":2560,"url":"https:\/\/swissgliders.ch\/wp-content\/uploads\/2025\/04\/Supair_Rucksack_Trek-2-1-scaled.png","type":"image\/png"}],"twitter_card":"summary_large_image","twitter_site":"@Swissgliders","twitter_misc":{"Verf\u00fcgbarkeit":"Auf Lager"},"schema":{"@context":"https:\/\/schema.org","@graph":[{"@type":"WebPage","@id":"https:\/\/swissgliders.ch\/de\/produkt\/supair-trek-2\/","url":"https:\/\/swissgliders.ch\/de\/produkt\/supair-trek-2\/","name":"Supair Trek 2 | Gleitschirmschule Thun, Bern, Interlaken","isPartOf":{"@id":"https:\/\/swissgliders.ch\/de\/#website"},"primaryImageOfPage":{"@id":"https:\/\/swissgliders.ch\/de\/produkt\/supair-trek-2\/#primaryimage"},"image":{"@id":"https:\/\/swissgliders.ch\/de\/produkt\/supair-trek-2\/#primaryimage"},"thumbnailUrl":"https:\/\/swissgliders.ch\/wp-content\/uploads\/2025\/04\/Supair_Rucksack_Trek-2-1-scaled.png","datePublished":"2025-04-24T06:33:37+00:00","dateModified":"2025-07-20T11:24:58+00:00","description":"Der Supair TREK 2 Rucksack f\u00fcr Hike & Fly\u00a0wurde speziell f\u00fcr leichte und kompakte Schirme entwickelt. Der TREK 2 ist ein robuster und ergonomischer Rucksack, der f\u00fcr das Wandern konzipiert wurde und aus robusten Materialien besteht (Benutzung ).","breadcrumb":{"@id":"https:\/\/swissgliders.ch\/de\/produkt\/supair-trek-2\/#breadcrumb"},"inLanguage":"de","potentialAction":[{"@type":"ReadAction","target":["https:\/\/swissgliders.ch\/de\/produkt\/supair-trek-2\/"]}]},{"@type":"ImageObject","inLanguage":"de","@id":"https:\/\/swissgliders.ch\/de\/produkt\/supair-trek-2\/#primaryimage","url":"https:\/\/swissgliders.ch\/wp-content\/uploads\/2025\/04\/Supair_Rucksack_Trek-2-1-scaled.png","contentUrl":"https:\/\/swissgliders.ch\/wp-content\/uploads\/2025\/04\/Supair_Rucksack_Trek-2-1-scaled.png","width":1708,"height":2560,"caption":"Supair_Rucksack_Trek 2-1"},{"@type":"BreadcrumbList","@id":"https:\/\/swissgliders.ch\/de\/produkt\/supair-trek-2\/#breadcrumb","itemListElement":[{"@type":"ListItem","position":1,"name":"Startseite","item":"https:\/\/swissgliders.ch\/de\/willkommen\/"},{"@type":"ListItem","position":2,"name":"Gleitschirm Shop","item":"https:\/\/swissgliders.ch\/de\/gleitschirm-shop\/"},{"@type":"ListItem","position":3,"name":"Supair Trek 2"}]},{"@type":"WebSite","@id":"https:\/\/swissgliders.ch\/de\/#website","url":"https:\/\/swissgliders.ch\/de\/","name":"Gleitschirmschule Thun, Bern, Interlaken","description":"Gleitschirmschule Thun, Bern, Interlaken","publisher":{"@id":"https:\/\/swissgliders.ch\/de\/#organization"},"potentialAction":[{"@type":"SearchAction","target":{"@type":"EntryPoint","urlTemplate":"https:\/\/swissgliders.ch\/de\/?s={search_term_string}"},"query-input":{"@type":"PropertyValueSpecification","valueRequired":true,"valueName":"search_term_string"}}],"inLanguage":"de"},{"@type":"Organization","@id":"https:\/\/swissgliders.ch\/de\/#organization","name":"Swissgliders Gleitschirmflugschule Thun","url":"https:\/\/swissgliders.ch\/de\/","logo":{"@type":"ImageObject","inLanguage":"de","@id":"https:\/\/swissgliders.ch\/de\/#\/schema\/logo\/image\/","url":"https:\/\/swissgliders.ch\/wp-content\/uploads\/2019\/12\/swissgliders-logo-rgb-square-L-no-ch-01.png","contentUrl":"https:\/\/swissgliders.ch\/wp-content\/uploads\/2019\/12\/swissgliders-logo-rgb-square-L-no-ch-01.png","width":2500,"height":2500,"caption":"Swissgliders Gleitschirmflugschule Thun"},"image":{"@id":"https:\/\/swissgliders.ch\/de\/#\/schema\/logo\/image\/"},"sameAs":["https:\/\/www.facebook.com\/swissgliders","https:\/\/x.com\/Swissgliders","https:\/\/www.instagram.com\/swissgliders\/","https:\/\/www.youtube.com\/channel\/UCMCtGdepy9vBhrhX3V_oJOA"],"hasMerchantReturnPolicy":{"@type":"MerchantReturnPolicy","merchantReturnLink":"https:\/\/swissgliders.ch\/de\/allgemeine-geschaftsbedingungen\/"}}]},"og_availability":"instock","product_availability":"instock","product_condition":"new"},"_links":{"self":[{"href":"https:\/\/swissgliders.ch\/de\/wp-json\/wp\/v2\/product\/19257","targetHints":{"allow":["GET"]}}],"collection":[{"href":"https:\/\/swissgliders.ch\/de\/wp-json\/wp\/v2\/product"}],"about":[{"href":"https:\/\/swissgliders.ch\/de\/wp-json\/wp\/v2\/types\/product"}],"replies":[{"embeddable":true,"href":"https:\/\/swissgliders.ch\/de\/wp-json\/wp\/v2\/comments?post=19257"}],"wp:featuredmedia":[{"embeddable":true,"href":"https:\/\/swissgliders.ch\/de\/wp-json\/wp\/v2\/media\/19261"}],"wp:attachment":[{"href":"https:\/\/swissgliders.ch\/de\/wp-json\/wp\/v2\/media?parent=19257"}],"wp:term":[{"taxonomy":"product_brand","embeddable":true,"href":"https:\/\/swissgliders.ch\/de\/wp-json\/wp\/v2\/product_brand?post=19257"},{"taxonomy":"product_cat","embeddable":true,"href":"https:\/\/swissgliders.ch\/de\/wp-json\/wp\/v2\/product_cat?post=19257"},{"taxonomy":"product_tag","embeddable":true,"href":"https:\/\/swissgliders.ch\/de\/wp-json\/wp\/v2\/product_tag?post=19257"}],"curies":[{"name":"wp","href":"https:\/\/api.w.org\/{rel}","templated":true}]}}