{"id":19281,"date":"2025-04-25T10:23:50","date_gmt":"2025-04-25T09:23:50","guid":{"rendered":"https:\/\/swissgliders.ch\/?post_type=product&#038;p=19281"},"modified":"2025-04-25T10:29:41","modified_gmt":"2025-04-25T09:29:41","slug":"skytraxx-winkelhalterung","status":"publish","type":"product","link":"https:\/\/swissgliders.ch\/de\/produkt\/skytraxx-winkelhalterung\/","title":{"rendered":"Skytraxx Winkelhalterung"},"content":{"rendered":"<h3 class=\"heading-2\">Halteb\u00fcgel Winkelhalterung<\/h3>\n<p><img loading=\"lazy\" decoding=\"async\" class=\"\" src=\"https:\/\/flyovershop.ch\/webshop\/shop\/ProdukteBilder\/119_gr.jpg\" width=\"262\" height=\"357\" \/><\/p>\n<p>Halteb\u00fcgel &#8211; Montageb\u00fcgel &#8211; Ger\u00e4teb\u00fcgel &#8211; flexibel<\/p>\n<div class=\"panel-heading\">\n<div class=\"panel-title\"><a class=\"in\" href=\"https:\/\/flyovershop.ch\/webshop\/pi.php\/SKYTRAXX\/Zubehoer\/Haltebuegel.html#tabs-119-1\" data-toggle=\"collapse\" data-parent=\"#accordion-1\">Beschreibung<\/a><\/div>\n<\/div>\n<div id=\"tabs-119-1\" class=\"panel-collapse collapse in\">\n<div class=\"panel-body\">\n<div id=\"beschreibung\" class=\"info_panel_accordion_tab_content\" data-update=\"beschreibung\">\n<p class=\"no_margin\">Den Halteb\u00fcgel, auch genannt Montageb\u00fcgel oder Ger\u00e4teb\u00fcgel fixiert man mit dem Velcroband am Brustgurt. Das Skytraxx befindet sich im VariocaseLight und lagert horizontal wie auf einem L\u00f6ffel auf dem auf dem Velcroteil des Halteb\u00fcgels.<\/p>\n<p>Nicht vergessen das Skytraxx mit einer Sicherungsleine (Lieferumfang) zu sichern.<\/p>\n<p>Es k\u00f6nnen beide VarioCase-Modelle verwendet werden, da beide an der Unterseite \u00fcber einen Velcro-Einsatz verf\u00fcgen.<\/p>\n<p class=\"no_margin\">Der Halteb\u00fcgel, in Deutschland heisst dieser Artikel &#8222;Gurtzeughalter mit biegbarer Versteifung f\u00fcr Skytraxx 2.0&#8220; kann auch beim Skytraxx 3.0 verwendet werden. Aufgrund des Gewichts und der breiteren Bauart des 3.0 empfehlen wir dies beim 3.0 nur bedingt, weil das Ger\u00e4t leicht links oder rechts abkippt. Eine M\u00f6glichkeit f\u00fcr eine optimale Befestigung w\u00e4re das CaseLight des 3.0 mit \u00e4usseren Klettfl\u00e4chen nachzur\u00fcsten und zwei Halteb\u00fcgel zu verwenden.<\/p>\n<\/div>\n<\/div>\n<\/div>\n<p>Mehr <a href=\"https:\/\/flyovershop.ch\/webshop\/pi.php\/SKYTRAXX\/Zubehoer\/Haltebuegel.html\" target=\"_blank\" rel=\"noopener noreferrer\">Infos<\/a><\/p>\n<p>Lieferfrist 1-2 Tage<\/p>\n","protected":false},"excerpt":{"rendered":"<h3 class=\"heading-2\">Halteb\u00fcgel Winkelhalterung<\/h3>\n<p><img loading=\"lazy\" decoding=\"async\" class=\"\" src=\"https:\/\/flyovershop.ch\/webshop\/shop\/ProdukteBilder\/119_gr.jpg\" width=\"262\" height=\"357\" \/><\/p>\n<p>Halteb\u00fcgel &#8211; Montageb\u00fcgel &#8211; Ger\u00e4teb\u00fcgel &#8211; flexibel<\/p>\n<div class=\"panel-heading\">\n<div class=\"panel-title\"><a class=\"in\" href=\"https:\/\/flyovershop.ch\/webshop\/pi.php\/SKYTRAXX\/Zubehoer\/Haltebuegel.html#tabs-119-1\" data-toggle=\"collapse\" data-parent=\"#accordion-1\">Beschreibung<\/a><\/div>\n<\/div>\n<div id=\"tabs-119-1\" class=\"panel-collapse collapse in\">\n<div class=\"panel-body\">\n<div id=\"beschreibung\" class=\"info_panel_accordion_tab_content\" data-update=\"beschreibung\">\n<p class=\"no_margin\">Den Halteb\u00fcgel, auch genannt Montageb\u00fcgel oder Ger\u00e4teb\u00fcgel fixiert man mit dem Velcroband am Brustgurt. Das Skytraxx befindet sich im VariocaseLight und lagert horizontal wie auf einem L\u00f6ffel auf dem auf dem Velcroteil des Halteb\u00fcgels.<\/p>\n<p>Nicht vergessen das Skytraxx mit einer Sicherungsleine (Lieferumfang) zu sichern.<\/p>\n<p>Es k\u00f6nnen beide VarioCase-Modelle verwendet werden, da beide an der Unterseite \u00fcber einen Velcro-Einsatz verf\u00fcgen.<\/p>\n<p class=\"no_margin\">Der Halteb\u00fcgel, in Deutschland heisst dieser Artikel &#8222;Gurtzeughalter mit biegbarer Versteifung f\u00fcr Skytraxx 2.0&#8220; kann auch beim Skytraxx 3.0 verwendet werden. Aufgrund des Gewichts und der breiteren Bauart des 3.0 empfehlen wir dies beim 3.0 nur bedingt, weil das Ger\u00e4t leicht links oder rechts abkippt. Eine M\u00f6glichkeit f\u00fcr eine optimale Befestigung w\u00e4re das CaseLight des 3.0 mit \u00e4usseren Klettfl\u00e4chen nachzur\u00fcsten und zwei Halteb\u00fcgel zu verwenden.<\/p>\n<\/div>\n<\/div>\n<\/div>\n<p>Mehr <a href=\"https:\/\/flyovershop.ch\/webshop\/pi.php\/SKYTRAXX\/Zubehoer\/Haltebuegel.html\" target=\"_blank\" rel=\"noopener noreferrer\">Infos<\/a><\/p>\n<p>Lieferfrist 1-2 Tage<\/p>\n","protected":false},"featured_media":19283,"comment_status":"closed","ping_status":"closed","template":"","meta":[],"product_brand":[],"product_cat":[402],"product_tag":[1545,410],"class_list":{"0":"post-19281","1":"product","2":"type-product","3":"status-publish","4":"has-post-thumbnail","6":"product_cat-gleitschirm-zubehoer","7":"product_tag-vario","8":"product_tag-zubehoer","9":"product_shipping_class-priority-2kg-de","11":"first","12":"instock","13":"shipping-taxable","14":"purchasable","15":"product-type-simple"},"yoast_head":"<!-- This site is optimized with the Yoast SEO Premium plugin v26.1 (Yoast SEO v27.3) - https:\/\/yoast.com\/product\/yoast-seo-premium-wordpress\/ -->\n<title>Skytraxx Winkelhalterung | Gleitschirmschule Thun, Bern, Interlaken<\/title>\n<meta name=\"description\" content=\"Skytraxx Winkelhalterung. Den Halteb\u00fcgel, auch genannt Montageb\u00fcgel oder Ger\u00e4teb\u00fcgel fixiert man mit dem Velcroband am Brustgurt. Das Skytraxx befindet sich im VariocaseLight und lagert horizontal wie auf einem L\u00f6ffel auf dem auf dem Velcroteil des Halteb\u00fcgels.\" \/>\n<meta name=\"robots\" content=\"index, follow, max-snippet:-1, max-image-preview:large, max-video-preview:-1\" \/>\n<link rel=\"canonical\" href=\"https:\/\/swissgliders.ch\/de\/produkt\/skytraxx-winkelhalterung\/\" \/>\n<meta property=\"og:locale\" content=\"de_DE\" \/>\n<meta property=\"og:type\" content=\"article\" \/>\n<meta property=\"og:title\" content=\"Skytraxx Winkelhalterung\" \/>\n<meta property=\"og:description\" content=\"Skytraxx Winkelhalterung. Den Halteb\u00fcgel, auch genannt Montageb\u00fcgel oder Ger\u00e4teb\u00fcgel fixiert man mit dem Velcroband am Brustgurt. Das Skytraxx befindet sich im VariocaseLight und lagert horizontal wie auf einem L\u00f6ffel auf dem auf dem Velcroteil des Halteb\u00fcgels.\" \/>\n<meta property=\"og:url\" content=\"https:\/\/swissgliders.ch\/de\/produkt\/skytraxx-winkelhalterung\/\" \/>\n<meta property=\"og:site_name\" content=\"Gleitschirmschule Thun, Bern, Interlaken\" \/>\n<meta property=\"article:publisher\" content=\"https:\/\/www.facebook.com\/swissgliders\" \/>\n<meta property=\"article:modified_time\" content=\"2025-04-25T09:29:41+00:00\" \/>\n<meta property=\"og:image\" content=\"https:\/\/swissgliders.ch\/wp-content\/uploads\/2025\/04\/Skytraxx_Zubehor_Winkelhalterung-1.jpg\" \/>\n\t<meta property=\"og:image:width\" content=\"440\" \/>\n\t<meta property=\"og:image:height\" content=\"600\" \/>\n\t<meta property=\"og:image:type\" content=\"image\/jpeg\" \/>\n<meta name=\"twitter:card\" content=\"summary_large_image\" \/>\n<meta name=\"twitter:site\" content=\"@Swissgliders\" \/>\n<meta name=\"twitter:label1\" content=\"Preis\" \/>\n\t<meta name=\"twitter:data1\" content=\"&#067;&#072;&#070;&nbsp;23.00\" \/>\n\t<meta name=\"twitter:label2\" content=\"Verf\u00fcgbarkeit\" \/>\n\t<meta name=\"twitter:data2\" content=\"Auf Lager\" \/>\n<script type=\"application\/ld+json\" class=\"yoast-schema-graph\">{\"@context\":\"https:\\\/\\\/schema.org\",\"@graph\":[{\"@type\":\"WebPage\",\"@id\":\"https:\\\/\\\/swissgliders.ch\\\/de\\\/produkt\\\/skytraxx-winkelhalterung\\\/\",\"url\":\"https:\\\/\\\/swissgliders.ch\\\/de\\\/produkt\\\/skytraxx-winkelhalterung\\\/\",\"name\":\"Skytraxx Winkelhalterung | Gleitschirmschule Thun, Bern, Interlaken\",\"isPartOf\":{\"@id\":\"https:\\\/\\\/swissgliders.ch\\\/de\\\/#website\"},\"primaryImageOfPage\":{\"@id\":\"https:\\\/\\\/swissgliders.ch\\\/de\\\/produkt\\\/skytraxx-winkelhalterung\\\/#primaryimage\"},\"image\":{\"@id\":\"https:\\\/\\\/swissgliders.ch\\\/de\\\/produkt\\\/skytraxx-winkelhalterung\\\/#primaryimage\"},\"thumbnailUrl\":\"https:\\\/\\\/swissgliders.ch\\\/wp-content\\\/uploads\\\/2025\\\/04\\\/Skytraxx_Zubehor_Winkelhalterung-1.jpg\",\"datePublished\":\"2025-04-25T09:23:50+00:00\",\"dateModified\":\"2025-04-25T09:29:41+00:00\",\"description\":\"Skytraxx Winkelhalterung. Den Halteb\u00fcgel, auch genannt Montageb\u00fcgel oder Ger\u00e4teb\u00fcgel fixiert man mit dem Velcroband am Brustgurt. Das Skytraxx befindet sich im VariocaseLight und lagert horizontal wie auf einem L\u00f6ffel auf dem auf dem Velcroteil des Halteb\u00fcgels.\",\"breadcrumb\":{\"@id\":\"https:\\\/\\\/swissgliders.ch\\\/de\\\/produkt\\\/skytraxx-winkelhalterung\\\/#breadcrumb\"},\"inLanguage\":\"de\",\"potentialAction\":[{\"@type\":\"ReadAction\",\"target\":[\"https:\\\/\\\/swissgliders.ch\\\/de\\\/produkt\\\/skytraxx-winkelhalterung\\\/\"]}]},{\"@type\":\"ImageObject\",\"inLanguage\":\"de\",\"@id\":\"https:\\\/\\\/swissgliders.ch\\\/de\\\/produkt\\\/skytraxx-winkelhalterung\\\/#primaryimage\",\"url\":\"https:\\\/\\\/swissgliders.ch\\\/wp-content\\\/uploads\\\/2025\\\/04\\\/Skytraxx_Zubehor_Winkelhalterung-1.jpg\",\"contentUrl\":\"https:\\\/\\\/swissgliders.ch\\\/wp-content\\\/uploads\\\/2025\\\/04\\\/Skytraxx_Zubehor_Winkelhalterung-1.jpg\",\"width\":440,\"height\":600,\"caption\":\"Skytraxx_Zubeh\u00f6r_Winkelhalterung-1\"},{\"@type\":\"BreadcrumbList\",\"@id\":\"https:\\\/\\\/swissgliders.ch\\\/de\\\/produkt\\\/skytraxx-winkelhalterung\\\/#breadcrumb\",\"itemListElement\":[{\"@type\":\"ListItem\",\"position\":1,\"name\":\"Startseite\",\"item\":\"https:\\\/\\\/swissgliders.ch\\\/de\\\/willkommen\\\/\"},{\"@type\":\"ListItem\",\"position\":2,\"name\":\"Gleitschirm Shop\",\"item\":\"https:\\\/\\\/swissgliders.ch\\\/de\\\/gleitschirm-shop\\\/\"},{\"@type\":\"ListItem\",\"position\":3,\"name\":\"Skytraxx Winkelhalterung\"}]},{\"@type\":\"WebSite\",\"@id\":\"https:\\\/\\\/swissgliders.ch\\\/de\\\/#website\",\"url\":\"https:\\\/\\\/swissgliders.ch\\\/de\\\/\",\"name\":\"Gleitschirmschule Thun, Bern, Interlaken\",\"description\":\"Gleitschirmschule Thun, Bern, Interlaken\",\"publisher\":{\"@id\":\"https:\\\/\\\/swissgliders.ch\\\/de\\\/#organization\"},\"potentialAction\":[{\"@type\":\"SearchAction\",\"target\":{\"@type\":\"EntryPoint\",\"urlTemplate\":\"https:\\\/\\\/swissgliders.ch\\\/de\\\/?s={search_term_string}\"},\"query-input\":{\"@type\":\"PropertyValueSpecification\",\"valueRequired\":true,\"valueName\":\"search_term_string\"}}],\"inLanguage\":\"de\"},{\"@type\":\"Organization\",\"@id\":\"https:\\\/\\\/swissgliders.ch\\\/de\\\/#organization\",\"name\":\"Swissgliders Gleitschirmflugschule Thun\",\"url\":\"https:\\\/\\\/swissgliders.ch\\\/de\\\/\",\"logo\":{\"@type\":\"ImageObject\",\"inLanguage\":\"de\",\"@id\":\"https:\\\/\\\/swissgliders.ch\\\/de\\\/#\\\/schema\\\/logo\\\/image\\\/\",\"url\":\"https:\\\/\\\/swissgliders.ch\\\/wp-content\\\/uploads\\\/2019\\\/12\\\/swissgliders-logo-rgb-square-L-no-ch-01.png\",\"contentUrl\":\"https:\\\/\\\/swissgliders.ch\\\/wp-content\\\/uploads\\\/2019\\\/12\\\/swissgliders-logo-rgb-square-L-no-ch-01.png\",\"width\":2500,\"height\":2500,\"caption\":\"Swissgliders Gleitschirmflugschule Thun\"},\"image\":{\"@id\":\"https:\\\/\\\/swissgliders.ch\\\/de\\\/#\\\/schema\\\/logo\\\/image\\\/\"},\"sameAs\":[\"https:\\\/\\\/www.facebook.com\\\/swissgliders\",\"https:\\\/\\\/x.com\\\/Swissgliders\",\"https:\\\/\\\/www.instagram.com\\\/swissgliders\\\/\",\"https:\\\/\\\/www.youtube.com\\\/channel\\\/UCMCtGdepy9vBhrhX3V_oJOA\"],\"hasMerchantReturnPolicy\":{\"@type\":\"MerchantReturnPolicy\",\"merchantReturnLink\":\"https:\\\/\\\/swissgliders.ch\\\/de\\\/allgemeine-geschaftsbedingungen\\\/\"}}]}<\/script>\n<meta property=\"product:price:amount\" content=\"23.00\" \/>\n<meta property=\"product:price:currency\" content=\"CHF\" \/>\n<meta property=\"og:availability\" content=\"instock\" \/>\n<meta property=\"product:availability\" content=\"instock\" \/>\n<meta property=\"product:condition\" content=\"new\" \/>\n<!-- \/ Yoast SEO Premium plugin. -->","yoast_head_json":{"title":"Skytraxx Winkelhalterung | Gleitschirmschule Thun, Bern, Interlaken","description":"Skytraxx Winkelhalterung. Den Halteb\u00fcgel, auch genannt Montageb\u00fcgel oder Ger\u00e4teb\u00fcgel fixiert man mit dem Velcroband am Brustgurt. Das Skytraxx befindet sich im VariocaseLight und lagert horizontal wie auf einem L\u00f6ffel auf dem auf dem Velcroteil des Halteb\u00fcgels.","robots":{"index":"index","follow":"follow","max-snippet":"max-snippet:-1","max-image-preview":"max-image-preview:large","max-video-preview":"max-video-preview:-1"},"canonical":"https:\/\/swissgliders.ch\/de\/produkt\/skytraxx-winkelhalterung\/","og_locale":"de_DE","og_type":"article","og_title":"Skytraxx Winkelhalterung","og_description":"Skytraxx Winkelhalterung. Den Halteb\u00fcgel, auch genannt Montageb\u00fcgel oder Ger\u00e4teb\u00fcgel fixiert man mit dem Velcroband am Brustgurt. Das Skytraxx befindet sich im VariocaseLight und lagert horizontal wie auf einem L\u00f6ffel auf dem auf dem Velcroteil des Halteb\u00fcgels.","og_url":"https:\/\/swissgliders.ch\/de\/produkt\/skytraxx-winkelhalterung\/","og_site_name":"Gleitschirmschule Thun, Bern, Interlaken","article_publisher":"https:\/\/www.facebook.com\/swissgliders","article_modified_time":"2025-04-25T09:29:41+00:00","og_image":[{"width":440,"height":600,"url":"https:\/\/swissgliders.ch\/wp-content\/uploads\/2025\/04\/Skytraxx_Zubehor_Winkelhalterung-1.jpg","type":"image\/jpeg"}],"twitter_card":"summary_large_image","twitter_site":"@Swissgliders","twitter_misc":{"Preis":"&#67;&#72;&#70;&nbsp;23.00","Verf\u00fcgbarkeit":"Auf Lager"},"schema":{"@context":"https:\/\/schema.org","@graph":[{"@type":"WebPage","@id":"https:\/\/swissgliders.ch\/de\/produkt\/skytraxx-winkelhalterung\/","url":"https:\/\/swissgliders.ch\/de\/produkt\/skytraxx-winkelhalterung\/","name":"Skytraxx Winkelhalterung | Gleitschirmschule Thun, Bern, Interlaken","isPartOf":{"@id":"https:\/\/swissgliders.ch\/de\/#website"},"primaryImageOfPage":{"@id":"https:\/\/swissgliders.ch\/de\/produkt\/skytraxx-winkelhalterung\/#primaryimage"},"image":{"@id":"https:\/\/swissgliders.ch\/de\/produkt\/skytraxx-winkelhalterung\/#primaryimage"},"thumbnailUrl":"https:\/\/swissgliders.ch\/wp-content\/uploads\/2025\/04\/Skytraxx_Zubehor_Winkelhalterung-1.jpg","datePublished":"2025-04-25T09:23:50+00:00","dateModified":"2025-04-25T09:29:41+00:00","description":"Skytraxx Winkelhalterung. Den Halteb\u00fcgel, auch genannt Montageb\u00fcgel oder Ger\u00e4teb\u00fcgel fixiert man mit dem Velcroband am Brustgurt. Das Skytraxx befindet sich im VariocaseLight und lagert horizontal wie auf einem L\u00f6ffel auf dem auf dem Velcroteil des Halteb\u00fcgels.","breadcrumb":{"@id":"https:\/\/swissgliders.ch\/de\/produkt\/skytraxx-winkelhalterung\/#breadcrumb"},"inLanguage":"de","potentialAction":[{"@type":"ReadAction","target":["https:\/\/swissgliders.ch\/de\/produkt\/skytraxx-winkelhalterung\/"]}]},{"@type":"ImageObject","inLanguage":"de","@id":"https:\/\/swissgliders.ch\/de\/produkt\/skytraxx-winkelhalterung\/#primaryimage","url":"https:\/\/swissgliders.ch\/wp-content\/uploads\/2025\/04\/Skytraxx_Zubehor_Winkelhalterung-1.jpg","contentUrl":"https:\/\/swissgliders.ch\/wp-content\/uploads\/2025\/04\/Skytraxx_Zubehor_Winkelhalterung-1.jpg","width":440,"height":600,"caption":"Skytraxx_Zubeh\u00f6r_Winkelhalterung-1"},{"@type":"BreadcrumbList","@id":"https:\/\/swissgliders.ch\/de\/produkt\/skytraxx-winkelhalterung\/#breadcrumb","itemListElement":[{"@type":"ListItem","position":1,"name":"Startseite","item":"https:\/\/swissgliders.ch\/de\/willkommen\/"},{"@type":"ListItem","position":2,"name":"Gleitschirm Shop","item":"https:\/\/swissgliders.ch\/de\/gleitschirm-shop\/"},{"@type":"ListItem","position":3,"name":"Skytraxx Winkelhalterung"}]},{"@type":"WebSite","@id":"https:\/\/swissgliders.ch\/de\/#website","url":"https:\/\/swissgliders.ch\/de\/","name":"Gleitschirmschule Thun, Bern, Interlaken","description":"Gleitschirmschule Thun, Bern, Interlaken","publisher":{"@id":"https:\/\/swissgliders.ch\/de\/#organization"},"potentialAction":[{"@type":"SearchAction","target":{"@type":"EntryPoint","urlTemplate":"https:\/\/swissgliders.ch\/de\/?s={search_term_string}"},"query-input":{"@type":"PropertyValueSpecification","valueRequired":true,"valueName":"search_term_string"}}],"inLanguage":"de"},{"@type":"Organization","@id":"https:\/\/swissgliders.ch\/de\/#organization","name":"Swissgliders Gleitschirmflugschule Thun","url":"https:\/\/swissgliders.ch\/de\/","logo":{"@type":"ImageObject","inLanguage":"de","@id":"https:\/\/swissgliders.ch\/de\/#\/schema\/logo\/image\/","url":"https:\/\/swissgliders.ch\/wp-content\/uploads\/2019\/12\/swissgliders-logo-rgb-square-L-no-ch-01.png","contentUrl":"https:\/\/swissgliders.ch\/wp-content\/uploads\/2019\/12\/swissgliders-logo-rgb-square-L-no-ch-01.png","width":2500,"height":2500,"caption":"Swissgliders Gleitschirmflugschule Thun"},"image":{"@id":"https:\/\/swissgliders.ch\/de\/#\/schema\/logo\/image\/"},"sameAs":["https:\/\/www.facebook.com\/swissgliders","https:\/\/x.com\/Swissgliders","https:\/\/www.instagram.com\/swissgliders\/","https:\/\/www.youtube.com\/channel\/UCMCtGdepy9vBhrhX3V_oJOA"],"hasMerchantReturnPolicy":{"@type":"MerchantReturnPolicy","merchantReturnLink":"https:\/\/swissgliders.ch\/de\/allgemeine-geschaftsbedingungen\/"}}]},"product_price_amount":"23.00","product_price_currency":"CHF","og_availability":"instock","product_availability":"instock","product_condition":"new"},"_links":{"self":[{"href":"https:\/\/swissgliders.ch\/de\/wp-json\/wp\/v2\/product\/19281","targetHints":{"allow":["GET"]}}],"collection":[{"href":"https:\/\/swissgliders.ch\/de\/wp-json\/wp\/v2\/product"}],"about":[{"href":"https:\/\/swissgliders.ch\/de\/wp-json\/wp\/v2\/types\/product"}],"replies":[{"embeddable":true,"href":"https:\/\/swissgliders.ch\/de\/wp-json\/wp\/v2\/comments?post=19281"}],"wp:featuredmedia":[{"embeddable":true,"href":"https:\/\/swissgliders.ch\/de\/wp-json\/wp\/v2\/media\/19283"}],"wp:attachment":[{"href":"https:\/\/swissgliders.ch\/de\/wp-json\/wp\/v2\/media?parent=19281"}],"wp:term":[{"taxonomy":"product_brand","embeddable":true,"href":"https:\/\/swissgliders.ch\/de\/wp-json\/wp\/v2\/product_brand?post=19281"},{"taxonomy":"product_cat","embeddable":true,"href":"https:\/\/swissgliders.ch\/de\/wp-json\/wp\/v2\/product_cat?post=19281"},{"taxonomy":"product_tag","embeddable":true,"href":"https:\/\/swissgliders.ch\/de\/wp-json\/wp\/v2\/product_tag?post=19281"}],"curies":[{"name":"wp","href":"https:\/\/api.w.org\/{rel}","templated":true}]}}