{"id":19453,"date":"2025-05-09T16:25:40","date_gmt":"2025-05-09T15:25:40","guid":{"rendered":"https:\/\/swissgliders.ch\/?post_type=product&#038;p=19453"},"modified":"2025-11-14T10:16:21","modified_gmt":"2025-11-14T09:16:21","slug":"naviter-oudie-n-mit-fanet-und-flarm","status":"publish","type":"product","link":"https:\/\/swissgliders.ch\/de\/produkt\/naviter-oudie-n-mit-fanet-und-flarm\/","title":{"rendered":"Naviter Oudie N mit Fanet+und Flarm"},"content":{"rendered":"<div>\n<div class=\"wp-block-column is-layout-flow wp-block-column-is-layout-flow\">\n<figure class=\"wp-block-image size-large\"><img loading=\"lazy\" decoding=\"async\" class=\"\" src=\"https:\/\/shop.highadventure.ch\/media\/2848\/catalog\/Naviter-Oudie-N-Fanet-8.jpg\" width=\"577\" height=\"611\" \/><\/figure>\n<\/div>\n<div class=\"wp-block-column is-layout-flow wp-block-column-is-layout-flow\">\n<p>Wir freuen uns, euch mitteilen zu k\u00f6nnen, dass das Oudie N mit integriertem Fanet+ Transceiver f\u00fcr Gleitschirmflieger ab sofort bestellt werden kann! Variometer und Universal-Flug-Navigationsinstrument mit Fanet+ &amp; Flarm. Das ultimative Flug- und Navigationsinstrument der Spitzenklasse! Seine beeindruckende Hardware-Ausstattung und intelligenten Funktionen machen das Oudie N zur ersten Wahl f\u00fcr anspruchsvolle Piloten.<\/p>\n<p>Die Liste der Anforderungen an den Nachfolger des bew\u00e4hrten Oudie 5 war lang und anspruchsvoll. Die Software, die auf dem\u00a0<strong>Oudie N<\/strong>\u00a0ist v\u00f6llig neu. Das Betriebssystem wurde umgestellt auf\u00a0<strong>Android<\/strong>. Die nahtlose WLAN-, Bluetooth- und LTE\/4G-Kompatibilit\u00e4t bietet dem Oudie 5 unvergleichliche Vorteile. Wir wollten auch ein\u00a0<strong>integrierte Fanet+-Antenne<\/strong> die sich w\u00e4hrend des Starts nicht in den Leinen verheddern w\u00fcrden.<\/p>\n<div class=\"wp-block-columns is-layout-flex wp-container-core-columns-is-layout-9d6595d7 wp-block-columns-is-layout-flex\">\n<div class=\"wp-block-column is-layout-flow wp-block-column-is-layout-flow\">\n<h3 id=\"features-and-benefits\" class=\"wp-block-heading\"><strong> <br class=\"avia-permanent-lb\" \/><br class=\"avia-permanent-lb\" \/>Funktionen und Vorteile<\/strong><\/h3>\n<ul class=\"wp-block-list\">\n<li>Kristallklares,\u00a0<strong>auch bei Sonnenlicht lesbares<\/strong>\u00a0Display.<\/li>\n<li><strong>Au\u00dfergew\u00f6hnliche Akkukapazit\u00e4t<\/strong>\u00a0selbst bei voller Helligkeit.<\/li>\n<li><strong>Pr\u00e4zise<\/strong>\u00a0und reaktionsschnelles Vario.<\/li>\n<li><strong>Fanet+<\/strong>\u00a0f\u00fcr mehr Sicherheit und Bewusstsein<\/li>\n<li><strong>Einfach zu bedienende<\/strong>\u00a0SeeYou Navigator Software.<\/li>\n<li>Wifi, Bluetooth und 4G\/LTE\u00a0<strong>Verbindungsm\u00f6glichkeiten<\/strong>.<\/li>\n<li><strong>Optimieren Sie<\/strong>\u00a0\u00dcberlandflug- und Wettbewerbsaufgaben bis zur Perfektion.<\/li>\n<li><strong>QR-Codes scannen<\/strong>\u00a0anstatt Aufgaben manuell einzugeben.<\/li>\n<li>Keine Internetverbindung? Kein Problem mit den\u00a0<strong>Offline-Karten<\/strong>.<\/li>\n<li><strong>Laden Sie Ihr Smartphone<\/strong>\u00a0nach der Landung von Oudie N.<\/li>\n<li>Kostenloses 1-Jahres-Jahres Abo von\u00a0<a href=\"https:\/\/naviter.com\/de\/?page_id=9279\">SeeYou(Cloud)<\/a>\u00a0f\u00fcr eine nahtlose Integration<\/li>\n<\/ul>\n<\/div>\n<\/div>\n<h3 class=\"wp-block-heading\"><strong> <br class=\"avia-permanent-lb\" \/><br class=\"avia-permanent-lb\" \/>Elektronische Auff\u00e4lligkeit mit Fanet+ Version<\/strong><\/h3>\n<p>Oudie N Fanet+ enth\u00e4lt ein Modul, das die elektronische Auff\u00e4lligkeit auf dem Gleitschirmmarkt einf\u00fchrt. Ger\u00e4te mit Flarm werden f\u00fcr andere Flugzeuge, die mit Flarm ausger\u00fcstet sind, sichtbar (auffallend). Segelflugzeuge, Cessnas und andere Flugzeuge der allgemeinen Luftfahrt &#8211; einschlie\u00dflich Hubschrauber und Drohnen -, die mit Flarm ausgestattet sind, k\u00f6nnen mit dieser Technologie Ihre Flugbahn sehen und ausweichen. Lesen Sie mehr \u00fcber diese spannende Technologie\u00a0<a href=\"https:\/\/naviter.com\/de\/2023\/03\/fanet-flarm-and-ogn-explained\/\">hier<\/a>.<\/p>\n<div class=\"wp-block-getwid-video-popup has-image has-animation-zoom-in has-foreground-0 getwid-init\">\n<p>&nbsp;<\/p>\n<div class=\"wp-block-getwid-video-popup__wrapper\">\n<div class='avia-iframe-wrap'><iframe loading=\"lazy\" title=\"Oudie N (Free Flight)\" width=\"1500\" height=\"844\" src=\"https:\/\/www.youtube.com\/embed\/8e-xRYuoWAg?feature=oembed\" frameborder=\"0\" allow=\"accelerometer; autoplay; clipboard-write; encrypted-media; gyroscope; picture-in-picture; web-share\" referrerpolicy=\"strict-origin-when-cross-origin\" allowfullscreen><\/iframe><\/div>\n<div class=\"wp-block-getwid-video-popup__button is-style-default\">\n<div class=\"wp-block-getwid-video-popup__icon\">\n<hr \/>\n<p><br class=\"avia-permanent-lb\" \/>Das k\u00f6nnte dir auch gefallen <a href=\"https:\/\/swissgliders.ch\/de\/produkt\/oudie-n\/\">Naviter Oudie N\u00a0<\/a><\/div>\n<\/div>\n<\/div>\n<\/div>\n<\/div>\n<\/div>\n<div>\n<img loading=\"lazy\" decoding=\"async\" class=\"\" src=\"https:\/\/shop.highadventure.ch\/media\/2843\/catalog\/Naviter-Oudie-N-Fanet-1.jpg\" width=\"385\" height=\"408\" \/><\/div>\n<p><br class=\"avia-permanent-lb\" \/><br class=\"avia-permanent-lb\" \/>Mehr <a href=\"https:\/\/naviter.com\/de\/2023\/04\/oudie-n-with-fanet\/\" target=\"_blank\" rel=\"noopener\">Infos<\/a><\/p>\n<p>Falls dieser Artikel nicht an Lager ist, wird er f\u00fcr dich bestellt. Lieferfrist auf Anfrage.<\/p>\n<p>&nbsp;<\/p>\n","protected":false},"excerpt":{"rendered":"<div>\n<div class=\"wp-block-column is-layout-flow wp-block-column-is-layout-flow\">\n<figure class=\"wp-block-image size-large\"><img loading=\"lazy\" decoding=\"async\" class=\"\" src=\"https:\/\/shop.highadventure.ch\/media\/2848\/catalog\/Naviter-Oudie-N-Fanet-8.jpg\" width=\"577\" height=\"611\" \/><\/figure>\n<\/div>\n<div class=\"wp-block-column is-layout-flow wp-block-column-is-layout-flow\">\n<p>Wir freuen uns, euch mitteilen zu k\u00f6nnen, dass das Oudie N mit integriertem Fanet+ Transceiver f\u00fcr Gleitschirmflieger ab sofort bestellt werden kann! Variometer und Universal-Flug-Navigationsinstrument mit Fanet+ &amp; Flarm. Das ultimative Flug- und Navigationsinstrument der Spitzenklasse! Seine beeindruckende Hardware-Ausstattung und intelligenten Funktionen machen das Oudie N zur ersten Wahl f\u00fcr anspruchsvolle Piloten.<\/p>\n<p>Die Liste der Anforderungen an den Nachfolger des bew\u00e4hrten Oudie 5 war lang und anspruchsvoll. Die Software, die auf dem\u00a0<strong>Oudie N<\/strong>\u00a0ist v\u00f6llig neu. Das Betriebssystem wurde umgestellt auf\u00a0<strong>Android<\/strong>. Die nahtlose WLAN-, Bluetooth- und LTE\/4G-Kompatibilit\u00e4t bietet dem Oudie 5 unvergleichliche Vorteile. Wir wollten auch ein\u00a0<strong>integrierte Fanet+-Antenne<\/strong> die sich w\u00e4hrend des Starts nicht in den Leinen verheddern w\u00fcrden.<\/p>\n<div class=\"wp-block-columns is-layout-flex wp-container-core-columns-is-layout-9d6595d7 wp-block-columns-is-layout-flex\">\n<div class=\"wp-block-column is-layout-flow wp-block-column-is-layout-flow\">\n<h3 id=\"features-and-benefits\" class=\"wp-block-heading\"><strong> <br class=\"avia-permanent-lb\" \/><br class=\"avia-permanent-lb\" \/>Funktionen und Vorteile<\/strong><\/h3>\n<ul class=\"wp-block-list\">\n<li>Kristallklares,\u00a0<strong>auch bei Sonnenlicht lesbares<\/strong>\u00a0Display.<\/li>\n<li><strong>Au\u00dfergew\u00f6hnliche Akkukapazit\u00e4t<\/strong>\u00a0selbst bei voller Helligkeit.<\/li>\n<li><strong>Pr\u00e4zise<\/strong>\u00a0und reaktionsschnelles Vario.<\/li>\n<li><strong>Fanet+<\/strong>\u00a0f\u00fcr mehr Sicherheit und Bewusstsein<\/li>\n<li><strong>Einfach zu bedienende<\/strong>\u00a0SeeYou Navigator Software.<\/li>\n<li>Wifi, Bluetooth und 4G\/LTE\u00a0<strong>Verbindungsm\u00f6glichkeiten<\/strong>.<\/li>\n<li><strong>Optimieren Sie<\/strong>\u00a0\u00dcberlandflug- und Wettbewerbsaufgaben bis zur Perfektion.<\/li>\n<li><strong>QR-Codes scannen<\/strong>\u00a0anstatt Aufgaben manuell einzugeben.<\/li>\n<li>Keine Internetverbindung? Kein Problem mit den\u00a0<strong>Offline-Karten<\/strong>.<\/li>\n<li><strong>Laden Sie Ihr Smartphone<\/strong>\u00a0nach der Landung von Oudie N.<\/li>\n<li>Kostenloses 1-Jahres-Jahres Abo von\u00a0<a href=\"https:\/\/naviter.com\/de\/?page_id=9279\">SeeYou(Cloud)<\/a>\u00a0f\u00fcr eine nahtlose Integration<\/li>\n<\/ul>\n<\/div>\n<\/div>\n<h3 class=\"wp-block-heading\"><strong> <br class=\"avia-permanent-lb\" \/><br class=\"avia-permanent-lb\" \/>Elektronische Auff\u00e4lligkeit mit Fanet+ Version<\/strong><\/h3>\n<p>Oudie N Fanet+ enth\u00e4lt ein Modul, das die elektronische Auff\u00e4lligkeit auf dem Gleitschirmmarkt einf\u00fchrt. Ger\u00e4te mit Flarm werden f\u00fcr andere Flugzeuge, die mit Flarm ausger\u00fcstet sind, sichtbar (auffallend). Segelflugzeuge, Cessnas und andere Flugzeuge der allgemeinen Luftfahrt &#8211; einschlie\u00dflich Hubschrauber und Drohnen -, die mit Flarm ausgestattet sind, k\u00f6nnen mit dieser Technologie Ihre Flugbahn sehen und ausweichen. Lesen Sie mehr \u00fcber diese spannende Technologie\u00a0<a href=\"https:\/\/naviter.com\/de\/2023\/03\/fanet-flarm-and-ogn-explained\/\">hier<\/a>.<\/p>\n<div class=\"wp-block-getwid-video-popup has-image has-animation-zoom-in has-foreground-0 getwid-init\">\n<p>&nbsp;<\/p>\n<div class=\"wp-block-getwid-video-popup__wrapper\">\n<p>https:\/\/youtu.be\/8e-xRYuoWAg<\/p>\n<div class=\"wp-block-getwid-video-popup__button is-style-default\">\n<div class=\"wp-block-getwid-video-popup__icon\">\n<hr \/>\n<p><br class=\"avia-permanent-lb\" \/>Das k\u00f6nnte dir auch gefallen <a href=\"https:\/\/swissgliders.ch\/de\/produkt\/oudie-n\/\">Naviter Oudie N\u00a0<\/a><\/div>\n<\/div>\n<\/div>\n<\/div>\n<\/div>\n<\/div>\n<div>\n<img loading=\"lazy\" decoding=\"async\" class=\"\" src=\"https:\/\/shop.highadventure.ch\/media\/2843\/catalog\/Naviter-Oudie-N-Fanet-1.jpg\" width=\"385\" height=\"408\" \/><\/div>\n<p><br class=\"avia-permanent-lb\" \/><br class=\"avia-permanent-lb\" \/>Mehr <a href=\"https:\/\/naviter.com\/de\/2023\/04\/oudie-n-with-fanet\/\" target=\"_blank\" rel=\"noopener\">Infos<\/a><\/p>\n<p>Falls dieser Artikel nicht an Lager ist, wird er f\u00fcr dich bestellt. Lieferfrist auf Anfrage.<\/p>\n<p>&nbsp;<\/p>\n","protected":false},"featured_media":19455,"comment_status":"closed","ping_status":"closed","template":"","meta":[],"product_brand":[2686],"product_cat":[2113,402],"product_tag":[1545,410],"class_list":{"0":"post-19453","1":"product","2":"type-product","3":"status-publish","4":"has-post-thumbnail","6":"product_brand-naviter","7":"product_cat-gleitschirm-varios","8":"product_cat-gleitschirm-zubehoer","9":"product_tag-vario","10":"product_tag-zubehoer","11":"product_shipping_class-priority-2kg-de","13":"first","14":"instock","15":"sale","16":"shipping-taxable","17":"purchasable","18":"product-type-simple"},"yoast_head":"<!-- This site is optimized with the Yoast SEO Premium plugin v26.1 (Yoast SEO v27.3) - https:\/\/yoast.com\/product\/yoast-seo-premium-wordpress\/ -->\n<title>Naviter Oudie N mit Fanet+und Flarm<\/title>\n<meta name=\"description\" content=\"Naviter Oudie N mit Fanet+ Variometer und Universal-Flug-Navigationsinstrument mit Fanet+ &amp; Flarm. Das ultimative Flug- und Navigationsinstrument der Spitzenklasse! Seine beeindruckende Hardware-Ausstattung und intelligenten Funktionen machen das Oudie N zur ersten Wahl f\u00fcr anspruchsvolle Piloten.\" \/>\n<meta name=\"robots\" content=\"index, follow, max-snippet:-1, max-image-preview:large, max-video-preview:-1\" \/>\n<link rel=\"canonical\" href=\"https:\/\/swissgliders.ch\/de\/produkt\/naviter-oudie-n-mit-fanet-und-flarm\/\" \/>\n<meta property=\"og:locale\" content=\"de_DE\" \/>\n<meta property=\"og:type\" content=\"article\" \/>\n<meta property=\"og:title\" content=\"Naviter Oudie N mit Fanet+und Flarm\" \/>\n<meta property=\"og:description\" content=\"Naviter Oudie N mit Fanet+ Variometer und Universal-Flug-Navigationsinstrument mit Fanet+ &amp; Flarm. Das ultimative Flug- und Navigationsinstrument der Spitzenklasse! Seine beeindruckende Hardware-Ausstattung und intelligenten Funktionen machen das Oudie N zur ersten Wahl f\u00fcr anspruchsvolle Piloten.\" \/>\n<meta property=\"og:url\" content=\"https:\/\/swissgliders.ch\/de\/produkt\/naviter-oudie-n-mit-fanet-und-flarm\/\" \/>\n<meta property=\"og:site_name\" content=\"Gleitschirmschule Thun, Bern, Interlaken\" \/>\n<meta property=\"article:publisher\" content=\"https:\/\/www.facebook.com\/swissgliders\" \/>\n<meta property=\"article:modified_time\" content=\"2025-11-14T09:16:21+00:00\" \/>\n<meta property=\"og:image\" content=\"https:\/\/swissgliders.ch\/wp-content\/uploads\/2025\/05\/Naviter_Vario_Oudie-N-mit-Fanet-1.jpg\" \/>\n\t<meta property=\"og:image:width\" content=\"1800\" \/>\n\t<meta property=\"og:image:height\" content=\"1906\" \/>\n\t<meta property=\"og:image:type\" content=\"image\/jpeg\" \/>\n<meta name=\"twitter:card\" content=\"summary_large_image\" \/>\n<meta name=\"twitter:site\" content=\"@Swissgliders\" \/>\n<meta name=\"twitter:label1\" content=\"Preis\" \/>\n\t<meta name=\"twitter:data1\" content=\"&#067;&#072;&#070;&nbsp;1&#039;007.00\" \/>\n\t<meta name=\"twitter:label2\" content=\"Verf\u00fcgbarkeit\" \/>\n\t<meta name=\"twitter:data2\" content=\"Auf Lager\" \/>\n<script type=\"application\/ld+json\" class=\"yoast-schema-graph\">{\"@context\":\"https:\\\/\\\/schema.org\",\"@graph\":[{\"@type\":\"WebPage\",\"@id\":\"https:\\\/\\\/swissgliders.ch\\\/de\\\/produkt\\\/naviter-oudie-n-mit-fanet-und-flarm\\\/\",\"url\":\"https:\\\/\\\/swissgliders.ch\\\/de\\\/produkt\\\/naviter-oudie-n-mit-fanet-und-flarm\\\/\",\"name\":\"Naviter Oudie N mit Fanet+und Flarm\",\"isPartOf\":{\"@id\":\"https:\\\/\\\/swissgliders.ch\\\/de\\\/#website\"},\"primaryImageOfPage\":{\"@id\":\"https:\\\/\\\/swissgliders.ch\\\/de\\\/produkt\\\/naviter-oudie-n-mit-fanet-und-flarm\\\/#primaryimage\"},\"image\":{\"@id\":\"https:\\\/\\\/swissgliders.ch\\\/de\\\/produkt\\\/naviter-oudie-n-mit-fanet-und-flarm\\\/#primaryimage\"},\"thumbnailUrl\":\"https:\\\/\\\/swissgliders.ch\\\/wp-content\\\/uploads\\\/2025\\\/05\\\/Naviter_Vario_Oudie-N-mit-Fanet-1.jpg\",\"datePublished\":\"2025-05-09T15:25:40+00:00\",\"dateModified\":\"2025-11-14T09:16:21+00:00\",\"description\":\"Naviter Oudie N mit Fanet+ Variometer und Universal-Flug-Navigationsinstrument mit Fanet+ & Flarm. Das ultimative Flug- und Navigationsinstrument der Spitzenklasse! Seine beeindruckende Hardware-Ausstattung und intelligenten Funktionen machen das Oudie N zur ersten Wahl f\u00fcr anspruchsvolle Piloten.\",\"breadcrumb\":{\"@id\":\"https:\\\/\\\/swissgliders.ch\\\/de\\\/produkt\\\/naviter-oudie-n-mit-fanet-und-flarm\\\/#breadcrumb\"},\"inLanguage\":\"de\",\"potentialAction\":[{\"@type\":\"ReadAction\",\"target\":[\"https:\\\/\\\/swissgliders.ch\\\/de\\\/produkt\\\/naviter-oudie-n-mit-fanet-und-flarm\\\/\"]}]},{\"@type\":\"ImageObject\",\"inLanguage\":\"de\",\"@id\":\"https:\\\/\\\/swissgliders.ch\\\/de\\\/produkt\\\/naviter-oudie-n-mit-fanet-und-flarm\\\/#primaryimage\",\"url\":\"https:\\\/\\\/swissgliders.ch\\\/wp-content\\\/uploads\\\/2025\\\/05\\\/Naviter_Vario_Oudie-N-mit-Fanet-1.jpg\",\"contentUrl\":\"https:\\\/\\\/swissgliders.ch\\\/wp-content\\\/uploads\\\/2025\\\/05\\\/Naviter_Vario_Oudie-N-mit-Fanet-1.jpg\",\"width\":1800,\"height\":1906,\"caption\":\"Naviter_Vario_Oudie N mit Fanet+-1\"},{\"@type\":\"BreadcrumbList\",\"@id\":\"https:\\\/\\\/swissgliders.ch\\\/de\\\/produkt\\\/naviter-oudie-n-mit-fanet-und-flarm\\\/#breadcrumb\",\"itemListElement\":[{\"@type\":\"ListItem\",\"position\":1,\"name\":\"Startseite\",\"item\":\"https:\\\/\\\/swissgliders.ch\\\/de\\\/willkommen\\\/\"},{\"@type\":\"ListItem\",\"position\":2,\"name\":\"Gleitschirm Shop\",\"item\":\"https:\\\/\\\/swissgliders.ch\\\/de\\\/gleitschirm-shop\\\/\"},{\"@type\":\"ListItem\",\"position\":3,\"name\":\"Naviter Oudie N mit Fanet+und Flarm\"}]},{\"@type\":\"WebSite\",\"@id\":\"https:\\\/\\\/swissgliders.ch\\\/de\\\/#website\",\"url\":\"https:\\\/\\\/swissgliders.ch\\\/de\\\/\",\"name\":\"Gleitschirmschule Thun, Bern, Interlaken\",\"description\":\"Gleitschirmschule Thun, Bern, Interlaken\",\"publisher\":{\"@id\":\"https:\\\/\\\/swissgliders.ch\\\/de\\\/#organization\"},\"potentialAction\":[{\"@type\":\"SearchAction\",\"target\":{\"@type\":\"EntryPoint\",\"urlTemplate\":\"https:\\\/\\\/swissgliders.ch\\\/de\\\/?s={search_term_string}\"},\"query-input\":{\"@type\":\"PropertyValueSpecification\",\"valueRequired\":true,\"valueName\":\"search_term_string\"}}],\"inLanguage\":\"de\"},{\"@type\":\"Organization\",\"@id\":\"https:\\\/\\\/swissgliders.ch\\\/de\\\/#organization\",\"name\":\"Swissgliders Gleitschirmflugschule Thun\",\"url\":\"https:\\\/\\\/swissgliders.ch\\\/de\\\/\",\"logo\":{\"@type\":\"ImageObject\",\"inLanguage\":\"de\",\"@id\":\"https:\\\/\\\/swissgliders.ch\\\/de\\\/#\\\/schema\\\/logo\\\/image\\\/\",\"url\":\"https:\\\/\\\/swissgliders.ch\\\/wp-content\\\/uploads\\\/2019\\\/12\\\/swissgliders-logo-rgb-square-L-no-ch-01.png\",\"contentUrl\":\"https:\\\/\\\/swissgliders.ch\\\/wp-content\\\/uploads\\\/2019\\\/12\\\/swissgliders-logo-rgb-square-L-no-ch-01.png\",\"width\":2500,\"height\":2500,\"caption\":\"Swissgliders Gleitschirmflugschule Thun\"},\"image\":{\"@id\":\"https:\\\/\\\/swissgliders.ch\\\/de\\\/#\\\/schema\\\/logo\\\/image\\\/\"},\"sameAs\":[\"https:\\\/\\\/www.facebook.com\\\/swissgliders\",\"https:\\\/\\\/x.com\\\/Swissgliders\",\"https:\\\/\\\/www.instagram.com\\\/swissgliders\\\/\",\"https:\\\/\\\/www.youtube.com\\\/channel\\\/UCMCtGdepy9vBhrhX3V_oJOA\"],\"hasMerchantReturnPolicy\":{\"@type\":\"MerchantReturnPolicy\",\"merchantReturnLink\":\"https:\\\/\\\/swissgliders.ch\\\/de\\\/allgemeine-geschaftsbedingungen\\\/\"}}]}<\/script>\n<meta property=\"product:price:amount\" content=\"1007.00\" \/>\n<meta property=\"product:price:currency\" content=\"CHF\" \/>\n<meta property=\"og:availability\" content=\"instock\" \/>\n<meta property=\"product:availability\" content=\"instock\" \/>\n<meta property=\"product:condition\" content=\"new\" \/>\n<!-- \/ Yoast SEO Premium plugin. -->","yoast_head_json":{"title":"Naviter Oudie N mit Fanet+und Flarm","description":"Naviter Oudie N mit Fanet+ Variometer und Universal-Flug-Navigationsinstrument mit Fanet+ & Flarm. Das ultimative Flug- und Navigationsinstrument der Spitzenklasse! Seine beeindruckende Hardware-Ausstattung und intelligenten Funktionen machen das Oudie N zur ersten Wahl f\u00fcr anspruchsvolle Piloten.","robots":{"index":"index","follow":"follow","max-snippet":"max-snippet:-1","max-image-preview":"max-image-preview:large","max-video-preview":"max-video-preview:-1"},"canonical":"https:\/\/swissgliders.ch\/de\/produkt\/naviter-oudie-n-mit-fanet-und-flarm\/","og_locale":"de_DE","og_type":"article","og_title":"Naviter Oudie N mit Fanet+und Flarm","og_description":"Naviter Oudie N mit Fanet+ Variometer und Universal-Flug-Navigationsinstrument mit Fanet+ & Flarm. Das ultimative Flug- und Navigationsinstrument der Spitzenklasse! Seine beeindruckende Hardware-Ausstattung und intelligenten Funktionen machen das Oudie N zur ersten Wahl f\u00fcr anspruchsvolle Piloten.","og_url":"https:\/\/swissgliders.ch\/de\/produkt\/naviter-oudie-n-mit-fanet-und-flarm\/","og_site_name":"Gleitschirmschule Thun, Bern, Interlaken","article_publisher":"https:\/\/www.facebook.com\/swissgliders","article_modified_time":"2025-11-14T09:16:21+00:00","og_image":[{"width":1800,"height":1906,"url":"https:\/\/swissgliders.ch\/wp-content\/uploads\/2025\/05\/Naviter_Vario_Oudie-N-mit-Fanet-1.jpg","type":"image\/jpeg"}],"twitter_card":"summary_large_image","twitter_site":"@Swissgliders","twitter_misc":{"Preis":"&#67;&#72;&#70;&nbsp;1'007.00","Verf\u00fcgbarkeit":"Auf Lager"},"schema":{"@context":"https:\/\/schema.org","@graph":[{"@type":"WebPage","@id":"https:\/\/swissgliders.ch\/de\/produkt\/naviter-oudie-n-mit-fanet-und-flarm\/","url":"https:\/\/swissgliders.ch\/de\/produkt\/naviter-oudie-n-mit-fanet-und-flarm\/","name":"Naviter Oudie N mit Fanet+und Flarm","isPartOf":{"@id":"https:\/\/swissgliders.ch\/de\/#website"},"primaryImageOfPage":{"@id":"https:\/\/swissgliders.ch\/de\/produkt\/naviter-oudie-n-mit-fanet-und-flarm\/#primaryimage"},"image":{"@id":"https:\/\/swissgliders.ch\/de\/produkt\/naviter-oudie-n-mit-fanet-und-flarm\/#primaryimage"},"thumbnailUrl":"https:\/\/swissgliders.ch\/wp-content\/uploads\/2025\/05\/Naviter_Vario_Oudie-N-mit-Fanet-1.jpg","datePublished":"2025-05-09T15:25:40+00:00","dateModified":"2025-11-14T09:16:21+00:00","description":"Naviter Oudie N mit Fanet+ Variometer und Universal-Flug-Navigationsinstrument mit Fanet+ & Flarm. Das ultimative Flug- und Navigationsinstrument der Spitzenklasse! Seine beeindruckende Hardware-Ausstattung und intelligenten Funktionen machen das Oudie N zur ersten Wahl f\u00fcr anspruchsvolle Piloten.","breadcrumb":{"@id":"https:\/\/swissgliders.ch\/de\/produkt\/naviter-oudie-n-mit-fanet-und-flarm\/#breadcrumb"},"inLanguage":"de","potentialAction":[{"@type":"ReadAction","target":["https:\/\/swissgliders.ch\/de\/produkt\/naviter-oudie-n-mit-fanet-und-flarm\/"]}]},{"@type":"ImageObject","inLanguage":"de","@id":"https:\/\/swissgliders.ch\/de\/produkt\/naviter-oudie-n-mit-fanet-und-flarm\/#primaryimage","url":"https:\/\/swissgliders.ch\/wp-content\/uploads\/2025\/05\/Naviter_Vario_Oudie-N-mit-Fanet-1.jpg","contentUrl":"https:\/\/swissgliders.ch\/wp-content\/uploads\/2025\/05\/Naviter_Vario_Oudie-N-mit-Fanet-1.jpg","width":1800,"height":1906,"caption":"Naviter_Vario_Oudie N mit Fanet+-1"},{"@type":"BreadcrumbList","@id":"https:\/\/swissgliders.ch\/de\/produkt\/naviter-oudie-n-mit-fanet-und-flarm\/#breadcrumb","itemListElement":[{"@type":"ListItem","position":1,"name":"Startseite","item":"https:\/\/swissgliders.ch\/de\/willkommen\/"},{"@type":"ListItem","position":2,"name":"Gleitschirm Shop","item":"https:\/\/swissgliders.ch\/de\/gleitschirm-shop\/"},{"@type":"ListItem","position":3,"name":"Naviter Oudie N mit Fanet+und Flarm"}]},{"@type":"WebSite","@id":"https:\/\/swissgliders.ch\/de\/#website","url":"https:\/\/swissgliders.ch\/de\/","name":"Gleitschirmschule Thun, Bern, Interlaken","description":"Gleitschirmschule Thun, Bern, Interlaken","publisher":{"@id":"https:\/\/swissgliders.ch\/de\/#organization"},"potentialAction":[{"@type":"SearchAction","target":{"@type":"EntryPoint","urlTemplate":"https:\/\/swissgliders.ch\/de\/?s={search_term_string}"},"query-input":{"@type":"PropertyValueSpecification","valueRequired":true,"valueName":"search_term_string"}}],"inLanguage":"de"},{"@type":"Organization","@id":"https:\/\/swissgliders.ch\/de\/#organization","name":"Swissgliders Gleitschirmflugschule Thun","url":"https:\/\/swissgliders.ch\/de\/","logo":{"@type":"ImageObject","inLanguage":"de","@id":"https:\/\/swissgliders.ch\/de\/#\/schema\/logo\/image\/","url":"https:\/\/swissgliders.ch\/wp-content\/uploads\/2019\/12\/swissgliders-logo-rgb-square-L-no-ch-01.png","contentUrl":"https:\/\/swissgliders.ch\/wp-content\/uploads\/2019\/12\/swissgliders-logo-rgb-square-L-no-ch-01.png","width":2500,"height":2500,"caption":"Swissgliders Gleitschirmflugschule Thun"},"image":{"@id":"https:\/\/swissgliders.ch\/de\/#\/schema\/logo\/image\/"},"sameAs":["https:\/\/www.facebook.com\/swissgliders","https:\/\/x.com\/Swissgliders","https:\/\/www.instagram.com\/swissgliders\/","https:\/\/www.youtube.com\/channel\/UCMCtGdepy9vBhrhX3V_oJOA"],"hasMerchantReturnPolicy":{"@type":"MerchantReturnPolicy","merchantReturnLink":"https:\/\/swissgliders.ch\/de\/allgemeine-geschaftsbedingungen\/"}}]},"product_price_amount":"1007.00","product_price_currency":"CHF","og_availability":"instock","product_availability":"instock","product_condition":"new"},"_links":{"self":[{"href":"https:\/\/swissgliders.ch\/de\/wp-json\/wp\/v2\/product\/19453","targetHints":{"allow":["GET"]}}],"collection":[{"href":"https:\/\/swissgliders.ch\/de\/wp-json\/wp\/v2\/product"}],"about":[{"href":"https:\/\/swissgliders.ch\/de\/wp-json\/wp\/v2\/types\/product"}],"replies":[{"embeddable":true,"href":"https:\/\/swissgliders.ch\/de\/wp-json\/wp\/v2\/comments?post=19453"}],"wp:featuredmedia":[{"embeddable":true,"href":"https:\/\/swissgliders.ch\/de\/wp-json\/wp\/v2\/media\/19455"}],"wp:attachment":[{"href":"https:\/\/swissgliders.ch\/de\/wp-json\/wp\/v2\/media?parent=19453"}],"wp:term":[{"taxonomy":"product_brand","embeddable":true,"href":"https:\/\/swissgliders.ch\/de\/wp-json\/wp\/v2\/product_brand?post=19453"},{"taxonomy":"product_cat","embeddable":true,"href":"https:\/\/swissgliders.ch\/de\/wp-json\/wp\/v2\/product_cat?post=19453"},{"taxonomy":"product_tag","embeddable":true,"href":"https:\/\/swissgliders.ch\/de\/wp-json\/wp\/v2\/product_tag?post=19453"}],"curies":[{"name":"wp","href":"https:\/\/api.w.org\/{rel}","templated":true}]}}