{"id":19611,"date":"2025-05-22T07:43:08","date_gmt":"2025-05-22T06:43:08","guid":{"rendered":"https:\/\/swissgliders.ch\/?post_type=product&#038;p=19611"},"modified":"2025-06-28T19:42:59","modified_gmt":"2025-06-28T18:42:59","slug":"gin-yeti-race","status":"publish","type":"product","link":"https:\/\/swissgliders.ch\/de\/produkt\/gin-yeti-race\/","title":{"rendered":"Gin Yeti Race"},"content":{"rendered":"<div class=\"et_pb_module et_pb_text et_pb_text_0 et_pb_bg_layout_light et_pb_text_align_left\">\n<div class=\"et_pb_module et_pb_text et_pb_text_0 et_pb_bg_layout_light et_pb_text_align_left\">\n<div class=\"et_pb_text_inner\">\n<div class=\"et_pb_module et_pb_text et_pb_text_2 et_pb_text_align_left et_pb_bg_layout_light et_had_animation\">\n<div class=\"blockRenderer\">\n<h3 class=\"blockRenderer\">Yeti Race &#8211; Ultralight cocoon &#8211; ULTRALEICHT UND DENNOCH ULTRA-ROBUST<\/h3>\n<\/div>\n<div class=\"blockRenderer\">\n<div class=\"specs-table-2nd-row\">\n<div class=\"blockRenderer\">\n<div>\n<p><img loading=\"lazy\" decoding=\"async\" class=\"\" src=\"https:\/\/static.gingliders.com\/\/img\/yeti-race\/yeti-race-gallery-3.webp\" width=\"612\" height=\"417\" \/><\/p>\n<p>Das Yeti Race ist ein voll ausgestattetes ultraleichtes Cocoon-Gurtzeug, das sich gleicherma\u00dfen f\u00fcr das allt\u00e4gliche Fliegen, Hike \u201an\u2018 Fly oder sogar Vol Biv&#8216; eignet.<\/p>\n<p>Dank unseres exklusiven neuen Extreema-Gewebes bietet das Gurtzeug eine in der Kategorie der ultraleichten Cocoon-Gurtzeuge noch nie dagewesene Haltbarkeit.<\/p>\n<h4><strong><span style=\"color: #e03838;\">Technische Daten<\/p>\n<p><\/span><\/strong><\/h4>\n<div class=\"relative overflow-x-auto\">\n<table class=\"g-table-striped w-full text-xs sm:text-sm text-left border-b\">\n<thead class=\"font-condensed text-grey-7 uppercase bg-white border-t border-grey-2 px-2 py-1 lg:px-4 lg:py-2\">\n<tr>\n<th class=\"px-2 py-1 lg:px-4 lg:py-2\" scope=\"col\">Gr\u00f6ssen<\/th>\n<th scope=\"col\">XS<\/th>\n<th scope=\"col\">S<\/th>\n<th scope=\"col\">M<\/th>\n<th scope=\"col\">L<\/th>\n<th scope=\"col\">XL<\/th>\n<\/tr>\n<\/thead>\n<tbody>\n<tr>\n<th class=\"px-2 py-1 lg:px-4 lg:py-2 text-grey-9 whitespace-nowrap\" scope=\"row\">Gr\u00f6sse des Piloten (cm)<\/th>\n<td>&lt;165<\/td>\n<td>165-175<\/td>\n<td>170-180<\/td>\n<td>180-190<\/td>\n<td>190-200<\/td>\n<\/tr>\n<tr>\n<th class=\"px-2 py-1 lg:px-4 lg:py-2 text-grey-9 whitespace-nowrap\" scope=\"row\">Gewicht (kg)<\/th>\n<td>1.80<\/td>\n<td>1.90<\/td>\n<td>1.95<\/td>\n<td>2.05<\/td>\n<td>2.15<\/td>\n<\/tr>\n<tr>\n<th class=\"px-2 py-1 lg:px-4 lg:py-2 text-grey-9 whitespace-nowrap\" scope=\"row\">Volume of rescue container (L)<\/th>\n<td>3.4<\/td>\n<td>3.75<\/td>\n<td>3.75<\/td>\n<td>4.1<\/td>\n<td>4.1<\/td>\n<\/tr>\n<tr>\n<th class=\"px-2 py-1 lg:px-4 lg:py-2 text-grey-9 whitespace-nowrap\" scope=\"row\">Certification<\/th>\n<td>EN+LTF+CE<\/td>\n<td>EN+LTF+CE<\/td>\n<td>EN+LTF+CE<\/td>\n<td>EN+LTF+CE<\/td>\n<td>EN+LTF+CE<\/td>\n<\/tr>\n<\/tbody>\n<\/table>\n<\/div>\n<\/div>\n<\/div>\n<\/div>\n<\/div>\n<h4><strong><br \/>\n<span style=\"color: #e03838;\">Technische Details<\/span><\/strong><\/h4>\n<ul>\n<li>Neues ultraleichtes, ultra-robustes Extreema-Gewebe<\/li>\n<li>Funk- und Trinkrucksackf\u00fchrung<\/li>\n<li>4mm Bainbridge-Gewebe f\u00fcr die Grundstruktur<\/li>\n<li>Stabile, sitzplattenlose ABS-Geometrie mit Trimmsystem<\/li>\n<li>Neuer 3-stufiger ultraleichter Beschleuniger<\/li>\n<li>Fu\u00dfplatte aus Kohlefaser<\/li>\n<li>Anti-Vergess-System<\/li>\n<li>Untersitz-Rettungscontainer f\u00fcr Standard- und Ultraleicht-Rettung<\/li>\n<li>Aufblasbarer Schutz (mit Pumpbag oder Mundst\u00fcck)<\/li>\n<li>Aerodynamisch optimierter Aerokon f\u00fcr maximale Leistung<\/li>\n<li>Vereinfachte Einh\u00e4ngepunkte f\u00fcr einfaches Handling<\/li>\n<\/ul>\n<p><strong>\u00a0<\/strong><\/p>\n<h4><span style=\"color: #e03838;\"><strong>Gr\u00f6\u00dfentabelle<br \/>\n<\/strong><\/span><br \/>\n<strong><br \/>\n<img loading=\"lazy\" decoding=\"async\" class=\"\" src=\"https:\/\/static.gingliders.com\/img\/yeti-race\/yeti-race-size-chart.jpg\" width=\"644\" height=\"242\" \/><\/strong><\/h4>\n<p>&nbsp;<\/p>\n<h4><span style=\"color: #e03838;\">Art der Praxis<br \/>\n<\/span><br \/>\n<img decoding=\"async\" src=\"https:\/\/static.gingliders.com\/img\/yeti-race\/yeti-race-type-practice.jpg\" \/><\/h4>\n<h4><span style=\"color: #e03838;\"><strong>Merkmale<\/strong><\/span><\/h4>\n<h4><img loading=\"lazy\" decoding=\"async\" class=\"\" src=\"https:\/\/static.gingliders.com\/img\/yeti-race\/yeti-race-characteristics.jpg\" width=\"460\" height=\"364\" \/><\/h4>\n<h4><span style=\"color: #e03838;\"><strong>Komponenten<\/strong><\/span><\/h4>\n<p>&nbsp;<\/p>\n<p><img loading=\"lazy\" decoding=\"async\" class=\"\" src=\"https:\/\/static.gingliders.com\/img\/yeti-race\/yeti-race-harness-components.jpg\" width=\"1280\" height=\"888\" \/><\/p>\n<\/div>\n<\/div>\n<\/div>\n<p>&nbsp;<\/p>\n<h4 class=\"et_pb_text_inner\"><span style=\"color: #e03838;\"><strong>Lieferumfang<\/strong><\/span><\/h4>\n<p>&nbsp;<\/p>\n<p><img loading=\"lazy\" decoding=\"async\" class=\"\" src=\"https:\/\/static.gingliders.com\/img\/yeti-race\/yeti-race-included.webp\" alt=\"Yeti race\" width=\"701\" height=\"185\" \/><\/p>\n<p class=\"font-condensed font-bold text-lg md:text-xl lg:text-2xl uppercase pt-4 text-grey-3 tracking-slight\"><strong><br \/>\nAchtung<\/strong><\/p>\n<p class=\"measure lg:measure-wide lg:leading-6 font-body font-normal text-md md:text-lg lg:text-xl normal-case\"><em>Die Automatikkarabiner aus Aluminium haben eine begrenzte Lebensdauer: Nach sp\u00e4testens 5 Jahren bzw. max. 500 Flugstunden m\u00fcssen sie getauscht werden. Sie sollten nicht als Hauptkarabiner zwischen Tandemspreizen und Tandemschirm-Tragegurten zum Einsatz kommen. Auch zur Verbindung des Rettungssystems d\u00fcrfen sie nicht verwendet werden.<\/em><\/p>\n<p>Mehr<a href=\"https:\/\/www.gingliders.com\/de\/harnesses\/yeti-race\/\" target=\"_blank\" rel=\"noopener noreferrer\"> Infos<\/a><\/p>\n<p>Falls dieser Artikel nicht an Lager ist, wird er f\u00fcr dich bestellt. Lieferfrist auf Anfrage.<\/p>\n<\/div>\n","protected":false},"excerpt":{"rendered":"<div class=\"et_pb_module et_pb_text et_pb_text_0 et_pb_bg_layout_light et_pb_text_align_left\">\n<div class=\"et_pb_text_inner\">\n<div class=\"et_pb_module et_pb_text et_pb_text_2 et_pb_text_align_left et_pb_bg_layout_light et_had_animation\">\n<div class=\"blockRenderer\">\n<h3 class=\"blockRenderer\">Yeti Race &#8211; Ultralight cocoon &#8211; ULTRALEICHT UND DENNOCH ULTRA-ROBUST<\/h3>\n<\/div>\n<div class=\"blockRenderer\">\n<div class=\"specs-table-2nd-row\">\n<div class=\"blockRenderer\">\n<div>\n<p><img loading=\"lazy\" decoding=\"async\" class=\"\" src=\"https:\/\/static.gingliders.com\/\/img\/yeti-race\/yeti-race-gallery-3.webp\" width=\"612\" height=\"417\" \/><\/p>\n<p>Das Yeti Race ist ein voll ausgestattetes ultraleichtes Cocoon-Gurtzeug, das sich gleicherma\u00dfen f\u00fcr das allt\u00e4gliche Fliegen, Hike \u201an\u2018 Fly oder sogar Vol Biv&#8216; eignet.<\/p>\n<p>Dank unseres exklusiven neuen Extreema-Gewebes bietet das Gurtzeug eine in der Kategorie der ultraleichten Cocoon-Gurtzeuge noch nie dagewesene Haltbarkeit.<\/p>\n<h4><strong><span style=\"color: #e03838;\">Technische Daten<\/p>\n<p><\/span><\/strong><\/h4>\n<div class=\"relative overflow-x-auto\">\n<table class=\"g-table-striped w-full text-xs sm:text-sm text-left border-b\">\n<thead class=\"font-condensed text-grey-7 uppercase bg-white border-t border-grey-2 px-2 py-1 lg:px-4 lg:py-2\">\n<tr>\n<th class=\"px-2 py-1 lg:px-4 lg:py-2\" scope=\"col\">Gr\u00f6ssen<\/th>\n<th scope=\"col\">XS<\/th>\n<th scope=\"col\">S<\/th>\n<th scope=\"col\">M<\/th>\n<th scope=\"col\">L<\/th>\n<th scope=\"col\">XL<\/th>\n<\/tr>\n<\/thead>\n<tbody>\n<tr>\n<th class=\"px-2 py-1 lg:px-4 lg:py-2 text-grey-9 whitespace-nowrap\" scope=\"row\">Gr\u00f6sse des Piloten (cm)<\/th>\n<td>&lt;165<\/td>\n<td>165-175<\/td>\n<td>170-180<\/td>\n<td>180-190<\/td>\n<td>190-200<\/td>\n<\/tr>\n<tr>\n<th class=\"px-2 py-1 lg:px-4 lg:py-2 text-grey-9 whitespace-nowrap\" scope=\"row\">Gewicht (kg)<\/th>\n<td>1.80<\/td>\n<td>1.90<\/td>\n<td>1.95<\/td>\n<td>2.05<\/td>\n<td>2.15<\/td>\n<\/tr>\n<tr>\n<th class=\"px-2 py-1 lg:px-4 lg:py-2 text-grey-9 whitespace-nowrap\" scope=\"row\">Volume of rescue container (L)<\/th>\n<td>3.4<\/td>\n<td>3.75<\/td>\n<td>3.75<\/td>\n<td>4.1<\/td>\n<td>4.1<\/td>\n<\/tr>\n<tr>\n<th class=\"px-2 py-1 lg:px-4 lg:py-2 text-grey-9 whitespace-nowrap\" scope=\"row\">Certification<\/th>\n<td>EN+LTF+CE<\/td>\n<td>EN+LTF+CE<\/td>\n<td>EN+LTF+CE<\/td>\n<td>EN+LTF+CE<\/td>\n<td>EN+LTF+CE<\/td>\n<\/tr>\n<\/tbody>\n<\/table>\n<\/div>\n<\/div>\n<\/div>\n<\/div>\n<\/div>\n<h4><strong><br \/>\n<span style=\"color: #e03838;\">Technische Details<\/span><\/strong><\/h4>\n<ul>\n<li>Neues ultraleichtes, ultra-robustes Extreema-Gewebe<\/li>\n<li>Funk- und Trinkrucksackf\u00fchrung<\/li>\n<li>4mm Bainbridge-Gewebe f\u00fcr die Grundstruktur<\/li>\n<li>Stabile, sitzplattenlose ABS-Geometrie mit Trimmsystem<\/li>\n<li>Neuer 3-stufiger ultraleichter Beschleuniger<\/li>\n<li>Fu\u00dfplatte aus Kohlefaser<\/li>\n<li>Anti-Vergess-System<\/li>\n<li>Untersitz-Rettungscontainer f\u00fcr Standard- und Ultraleicht-Rettung<\/li>\n<li>Aufblasbarer Schutz (mit Pumpbag oder Mundst\u00fcck)<\/li>\n<li>Aerodynamisch optimierter Aerokon f\u00fcr maximale Leistung<\/li>\n<li>Vereinfachte Einh\u00e4ngepunkte f\u00fcr einfaches Handling<\/li>\n<\/ul>\n<p><strong>\u00a0<\/strong><\/p>\n<h4><span style=\"color: #e03838;\"><strong>Gr\u00f6\u00dfentabelle<br \/>\n<\/strong><\/span><br \/>\n<strong><br \/>\n<img loading=\"lazy\" decoding=\"async\" class=\"\" src=\"https:\/\/static.gingliders.com\/img\/yeti-race\/yeti-race-size-chart.jpg\" width=\"644\" height=\"242\" \/><\/strong><\/h4>\n<p>&nbsp;<\/p>\n<h4><span style=\"color: #e03838;\">Art der Praxis<br \/>\n<\/span><br \/>\n<img decoding=\"async\" src=\"https:\/\/static.gingliders.com\/img\/yeti-race\/yeti-race-type-practice.jpg\" \/><\/h4>\n<h4><span style=\"color: #e03838;\"><strong>Merkmale<\/strong><\/span><\/h4>\n<h4><img loading=\"lazy\" decoding=\"async\" class=\"\" src=\"https:\/\/static.gingliders.com\/img\/yeti-race\/yeti-race-characteristics.jpg\" width=\"460\" height=\"364\" \/><\/h4>\n<h4><span style=\"color: #e03838;\"><strong>Komponenten<\/strong><\/span><\/h4>\n<p>&nbsp;<\/p>\n<p><img loading=\"lazy\" decoding=\"async\" class=\"\" src=\"https:\/\/static.gingliders.com\/img\/yeti-race\/yeti-race-harness-components.jpg\" width=\"1280\" height=\"888\" \/><\/p>\n<\/div>\n<\/div>\n<\/div>\n<p>&nbsp;<\/p>\n<h4 class=\"et_pb_text_inner\"><span style=\"color: #e03838;\"><strong>Lieferumfang<\/strong><\/span><\/h4>\n<p>&nbsp;<\/p>\n<p><img loading=\"lazy\" decoding=\"async\" class=\"\" src=\"https:\/\/static.gingliders.com\/img\/yeti-race\/yeti-race-included.webp\" alt=\"Yeti race\" width=\"701\" height=\"185\" \/><\/p>\n<p class=\"font-condensed font-bold text-lg md:text-xl lg:text-2xl uppercase pt-4 text-grey-3 tracking-slight\"><strong><br \/>\nAchtung<\/strong><\/p>\n<p class=\"measure lg:measure-wide lg:leading-6 font-body font-normal text-md md:text-lg lg:text-xl normal-case\"><em>Die Automatikkarabiner aus Aluminium haben eine begrenzte Lebensdauer: Nach sp\u00e4testens 5 Jahren bzw. max. 500 Flugstunden m\u00fcssen sie getauscht werden. Sie sollten nicht als Hauptkarabiner zwischen Tandemspreizen und Tandemschirm-Tragegurten zum Einsatz kommen. Auch zur Verbindung des Rettungssystems d\u00fcrfen sie nicht verwendet werden.<\/em><\/p>\n<p>Mehr<a href=\"https:\/\/www.gingliders.com\/de\/harnesses\/yeti-race\/\" target=\"_blank\" rel=\"noopener noreferrer\"> Infos<\/a><\/p>\n<p>Falls dieser Artikel nicht an Lager ist, wird er f\u00fcr dich bestellt. Lieferfrist auf Anfrage.<\/p>\n","protected":false},"featured_media":19614,"comment_status":"closed","ping_status":"closed","template":"","meta":[],"product_brand":[],"product_cat":[1041,1026],"product_tag":[999,1965,90],"class_list":{"0":"post-19611","1":"product","2":"type-product","3":"status-publish","4":"has-post-thumbnail","6":"product_cat-gleitschirm-liegegurtzeuge","7":"product_cat-leichte-gleitschirmgurtzeuge","8":"product_tag-liegegurtzeug","9":"product_tag-ultraleichtgurtzeug","10":"product_tag-verkaufsartikel","11":"product_shipping_class-priority-10kg-de","13":"first","14":"instock","15":"sale","16":"shipping-taxable","17":"purchasable","18":"product-type-variable"},"yoast_head":"<!-- This site is optimized with the Yoast SEO Premium plugin v26.1 (Yoast SEO v27.3) - https:\/\/yoast.com\/product\/yoast-seo-premium-wordpress\/ -->\n<title>Gin Yeti Race | Gleitschirmschule Thun, Bern, Interlaken<\/title>\n<meta name=\"description\" content=\"Gin Liegegurtzeug Yeti Race - Ultralight cocoon - ULTRALEICHT UND DENNOCH ULTRA-ROBUST. Das Yeti Race ist ein voll ausgestattetes ultraleichtes Cocoon-Gurtzeug, das sich gleicherma\u00dfen f\u00fcr das allt\u00e4gliche Fliegen, Hike \u201an\u2018 Fly oder sogar Vol Biv&#039; eignet. Dank unseres exklusiven neuen Extreema-Gewebes bietet das Gurtzeug eine in der Kategorie der ultraleichten Cocoon-Gurtzeuge noch nie dagewesene Haltbarkeit.\" \/>\n<meta name=\"robots\" content=\"index, follow, max-snippet:-1, max-image-preview:large, max-video-preview:-1\" \/>\n<link rel=\"canonical\" href=\"https:\/\/swissgliders.ch\/de\/produkt\/gin-yeti-race\/\" \/>\n<meta property=\"og:locale\" content=\"de_DE\" \/>\n<meta property=\"og:type\" content=\"article\" \/>\n<meta property=\"og:title\" content=\"Gin Yeti Race\" \/>\n<meta property=\"og:description\" content=\"Gin Liegegurtzeug Yeti Race - Ultralight cocoon - ULTRALEICHT UND DENNOCH ULTRA-ROBUST. Das Yeti Race ist ein voll ausgestattetes ultraleichtes Cocoon-Gurtzeug, das sich gleicherma\u00dfen f\u00fcr das allt\u00e4gliche Fliegen, Hike \u201an\u2018 Fly oder sogar Vol Biv&#039; eignet. Dank unseres exklusiven neuen Extreema-Gewebes bietet das Gurtzeug eine in der Kategorie der ultraleichten Cocoon-Gurtzeuge noch nie dagewesene Haltbarkeit.\" \/>\n<meta property=\"og:url\" content=\"https:\/\/swissgliders.ch\/de\/produkt\/gin-yeti-race\/\" \/>\n<meta property=\"og:site_name\" content=\"Gleitschirmschule Thun, Bern, Interlaken\" \/>\n<meta property=\"article:publisher\" content=\"https:\/\/www.facebook.com\/swissgliders\" \/>\n<meta property=\"article:modified_time\" content=\"2025-06-28T18:42:59+00:00\" \/>\n<meta property=\"og:image\" content=\"https:\/\/swissgliders.ch\/wp-content\/uploads\/2025\/05\/Gin_Gurtzeug_Yeti-Race-1.jpg\" \/>\n\t<meta property=\"og:image:width\" content=\"891\" \/>\n\t<meta property=\"og:image:height\" content=\"1024\" \/>\n\t<meta property=\"og:image:type\" content=\"image\/jpeg\" \/>\n<meta name=\"twitter:card\" content=\"summary_large_image\" \/>\n<meta name=\"twitter:site\" content=\"@Swissgliders\" \/>\n<meta name=\"twitter:label1\" content=\"Verf\u00fcgbarkeit\" \/>\n\t<meta name=\"twitter:data1\" content=\"Auf Lager\" \/>\n<script type=\"application\/ld+json\" class=\"yoast-schema-graph\">{\"@context\":\"https:\\\/\\\/schema.org\",\"@graph\":[{\"@type\":\"WebPage\",\"@id\":\"https:\\\/\\\/swissgliders.ch\\\/de\\\/produkt\\\/gin-yeti-race\\\/\",\"url\":\"https:\\\/\\\/swissgliders.ch\\\/de\\\/produkt\\\/gin-yeti-race\\\/\",\"name\":\"Gin Yeti Race | Gleitschirmschule Thun, Bern, Interlaken\",\"isPartOf\":{\"@id\":\"https:\\\/\\\/swissgliders.ch\\\/de\\\/#website\"},\"primaryImageOfPage\":{\"@id\":\"https:\\\/\\\/swissgliders.ch\\\/de\\\/produkt\\\/gin-yeti-race\\\/#primaryimage\"},\"image\":{\"@id\":\"https:\\\/\\\/swissgliders.ch\\\/de\\\/produkt\\\/gin-yeti-race\\\/#primaryimage\"},\"thumbnailUrl\":\"https:\\\/\\\/swissgliders.ch\\\/wp-content\\\/uploads\\\/2025\\\/05\\\/Gin_Gurtzeug_Yeti-Race-1.jpg\",\"datePublished\":\"2025-05-22T06:43:08+00:00\",\"dateModified\":\"2025-06-28T18:42:59+00:00\",\"description\":\"Gin Liegegurtzeug Yeti Race - Ultralight cocoon - ULTRALEICHT UND DENNOCH ULTRA-ROBUST. Das Yeti Race ist ein voll ausgestattetes ultraleichtes Cocoon-Gurtzeug, das sich gleicherma\u00dfen f\u00fcr das allt\u00e4gliche Fliegen, Hike \u201an\u2018 Fly oder sogar Vol Biv' eignet. Dank unseres exklusiven neuen Extreema-Gewebes bietet das Gurtzeug eine in der Kategorie der ultraleichten Cocoon-Gurtzeuge noch nie dagewesene Haltbarkeit.\",\"breadcrumb\":{\"@id\":\"https:\\\/\\\/swissgliders.ch\\\/de\\\/produkt\\\/gin-yeti-race\\\/#breadcrumb\"},\"inLanguage\":\"de\",\"potentialAction\":[{\"@type\":\"ReadAction\",\"target\":[\"https:\\\/\\\/swissgliders.ch\\\/de\\\/produkt\\\/gin-yeti-race\\\/\"]}]},{\"@type\":\"ImageObject\",\"inLanguage\":\"de\",\"@id\":\"https:\\\/\\\/swissgliders.ch\\\/de\\\/produkt\\\/gin-yeti-race\\\/#primaryimage\",\"url\":\"https:\\\/\\\/swissgliders.ch\\\/wp-content\\\/uploads\\\/2025\\\/05\\\/Gin_Gurtzeug_Yeti-Race-1.jpg\",\"contentUrl\":\"https:\\\/\\\/swissgliders.ch\\\/wp-content\\\/uploads\\\/2025\\\/05\\\/Gin_Gurtzeug_Yeti-Race-1.jpg\",\"width\":891,\"height\":1024,\"caption\":\"Gin_Liegegurtzeug_Yeti Race-1\"},{\"@type\":\"BreadcrumbList\",\"@id\":\"https:\\\/\\\/swissgliders.ch\\\/de\\\/produkt\\\/gin-yeti-race\\\/#breadcrumb\",\"itemListElement\":[{\"@type\":\"ListItem\",\"position\":1,\"name\":\"Startseite\",\"item\":\"https:\\\/\\\/swissgliders.ch\\\/de\\\/willkommen\\\/\"},{\"@type\":\"ListItem\",\"position\":2,\"name\":\"Gleitschirm Shop\",\"item\":\"https:\\\/\\\/swissgliders.ch\\\/de\\\/gleitschirm-shop\\\/\"},{\"@type\":\"ListItem\",\"position\":3,\"name\":\"Gin Yeti Race\"}]},{\"@type\":\"WebSite\",\"@id\":\"https:\\\/\\\/swissgliders.ch\\\/de\\\/#website\",\"url\":\"https:\\\/\\\/swissgliders.ch\\\/de\\\/\",\"name\":\"Gleitschirmschule Thun, Bern, Interlaken\",\"description\":\"Gleitschirmschule Thun, Bern, Interlaken\",\"publisher\":{\"@id\":\"https:\\\/\\\/swissgliders.ch\\\/de\\\/#organization\"},\"potentialAction\":[{\"@type\":\"SearchAction\",\"target\":{\"@type\":\"EntryPoint\",\"urlTemplate\":\"https:\\\/\\\/swissgliders.ch\\\/de\\\/?s={search_term_string}\"},\"query-input\":{\"@type\":\"PropertyValueSpecification\",\"valueRequired\":true,\"valueName\":\"search_term_string\"}}],\"inLanguage\":\"de\"},{\"@type\":\"Organization\",\"@id\":\"https:\\\/\\\/swissgliders.ch\\\/de\\\/#organization\",\"name\":\"Swissgliders Gleitschirmflugschule Thun\",\"url\":\"https:\\\/\\\/swissgliders.ch\\\/de\\\/\",\"logo\":{\"@type\":\"ImageObject\",\"inLanguage\":\"de\",\"@id\":\"https:\\\/\\\/swissgliders.ch\\\/de\\\/#\\\/schema\\\/logo\\\/image\\\/\",\"url\":\"https:\\\/\\\/swissgliders.ch\\\/wp-content\\\/uploads\\\/2019\\\/12\\\/swissgliders-logo-rgb-square-L-no-ch-01.png\",\"contentUrl\":\"https:\\\/\\\/swissgliders.ch\\\/wp-content\\\/uploads\\\/2019\\\/12\\\/swissgliders-logo-rgb-square-L-no-ch-01.png\",\"width\":2500,\"height\":2500,\"caption\":\"Swissgliders Gleitschirmflugschule Thun\"},\"image\":{\"@id\":\"https:\\\/\\\/swissgliders.ch\\\/de\\\/#\\\/schema\\\/logo\\\/image\\\/\"},\"sameAs\":[\"https:\\\/\\\/www.facebook.com\\\/swissgliders\",\"https:\\\/\\\/x.com\\\/Swissgliders\",\"https:\\\/\\\/www.instagram.com\\\/swissgliders\\\/\",\"https:\\\/\\\/www.youtube.com\\\/channel\\\/UCMCtGdepy9vBhrhX3V_oJOA\"],\"hasMerchantReturnPolicy\":{\"@type\":\"MerchantReturnPolicy\",\"merchantReturnLink\":\"https:\\\/\\\/swissgliders.ch\\\/de\\\/allgemeine-geschaftsbedingungen\\\/\"}}]}<\/script>\n<meta property=\"og:availability\" content=\"instock\" \/>\n<meta property=\"product:availability\" content=\"instock\" \/>\n<meta property=\"product:condition\" content=\"new\" \/>\n<!-- \/ Yoast SEO Premium plugin. -->","yoast_head_json":{"title":"Gin Yeti Race | Gleitschirmschule Thun, Bern, Interlaken","description":"Gin Liegegurtzeug Yeti Race - Ultralight cocoon - ULTRALEICHT UND DENNOCH ULTRA-ROBUST. Das Yeti Race ist ein voll ausgestattetes ultraleichtes Cocoon-Gurtzeug, das sich gleicherma\u00dfen f\u00fcr das allt\u00e4gliche Fliegen, Hike \u201an\u2018 Fly oder sogar Vol Biv' eignet. Dank unseres exklusiven neuen Extreema-Gewebes bietet das Gurtzeug eine in der Kategorie der ultraleichten Cocoon-Gurtzeuge noch nie dagewesene Haltbarkeit.","robots":{"index":"index","follow":"follow","max-snippet":"max-snippet:-1","max-image-preview":"max-image-preview:large","max-video-preview":"max-video-preview:-1"},"canonical":"https:\/\/swissgliders.ch\/de\/produkt\/gin-yeti-race\/","og_locale":"de_DE","og_type":"article","og_title":"Gin Yeti Race","og_description":"Gin Liegegurtzeug Yeti Race - Ultralight cocoon - ULTRALEICHT UND DENNOCH ULTRA-ROBUST. Das Yeti Race ist ein voll ausgestattetes ultraleichtes Cocoon-Gurtzeug, das sich gleicherma\u00dfen f\u00fcr das allt\u00e4gliche Fliegen, Hike \u201an\u2018 Fly oder sogar Vol Biv' eignet. Dank unseres exklusiven neuen Extreema-Gewebes bietet das Gurtzeug eine in der Kategorie der ultraleichten Cocoon-Gurtzeuge noch nie dagewesene Haltbarkeit.","og_url":"https:\/\/swissgliders.ch\/de\/produkt\/gin-yeti-race\/","og_site_name":"Gleitschirmschule Thun, Bern, Interlaken","article_publisher":"https:\/\/www.facebook.com\/swissgliders","article_modified_time":"2025-06-28T18:42:59+00:00","og_image":[{"width":891,"height":1024,"url":"https:\/\/swissgliders.ch\/wp-content\/uploads\/2025\/05\/Gin_Gurtzeug_Yeti-Race-1.jpg","type":"image\/jpeg"}],"twitter_card":"summary_large_image","twitter_site":"@Swissgliders","twitter_misc":{"Verf\u00fcgbarkeit":"Auf Lager"},"schema":{"@context":"https:\/\/schema.org","@graph":[{"@type":"WebPage","@id":"https:\/\/swissgliders.ch\/de\/produkt\/gin-yeti-race\/","url":"https:\/\/swissgliders.ch\/de\/produkt\/gin-yeti-race\/","name":"Gin Yeti Race | Gleitschirmschule Thun, Bern, Interlaken","isPartOf":{"@id":"https:\/\/swissgliders.ch\/de\/#website"},"primaryImageOfPage":{"@id":"https:\/\/swissgliders.ch\/de\/produkt\/gin-yeti-race\/#primaryimage"},"image":{"@id":"https:\/\/swissgliders.ch\/de\/produkt\/gin-yeti-race\/#primaryimage"},"thumbnailUrl":"https:\/\/swissgliders.ch\/wp-content\/uploads\/2025\/05\/Gin_Gurtzeug_Yeti-Race-1.jpg","datePublished":"2025-05-22T06:43:08+00:00","dateModified":"2025-06-28T18:42:59+00:00","description":"Gin Liegegurtzeug Yeti Race - Ultralight cocoon - ULTRALEICHT UND DENNOCH ULTRA-ROBUST. Das Yeti Race ist ein voll ausgestattetes ultraleichtes Cocoon-Gurtzeug, das sich gleicherma\u00dfen f\u00fcr das allt\u00e4gliche Fliegen, Hike \u201an\u2018 Fly oder sogar Vol Biv' eignet. Dank unseres exklusiven neuen Extreema-Gewebes bietet das Gurtzeug eine in der Kategorie der ultraleichten Cocoon-Gurtzeuge noch nie dagewesene Haltbarkeit.","breadcrumb":{"@id":"https:\/\/swissgliders.ch\/de\/produkt\/gin-yeti-race\/#breadcrumb"},"inLanguage":"de","potentialAction":[{"@type":"ReadAction","target":["https:\/\/swissgliders.ch\/de\/produkt\/gin-yeti-race\/"]}]},{"@type":"ImageObject","inLanguage":"de","@id":"https:\/\/swissgliders.ch\/de\/produkt\/gin-yeti-race\/#primaryimage","url":"https:\/\/swissgliders.ch\/wp-content\/uploads\/2025\/05\/Gin_Gurtzeug_Yeti-Race-1.jpg","contentUrl":"https:\/\/swissgliders.ch\/wp-content\/uploads\/2025\/05\/Gin_Gurtzeug_Yeti-Race-1.jpg","width":891,"height":1024,"caption":"Gin_Liegegurtzeug_Yeti Race-1"},{"@type":"BreadcrumbList","@id":"https:\/\/swissgliders.ch\/de\/produkt\/gin-yeti-race\/#breadcrumb","itemListElement":[{"@type":"ListItem","position":1,"name":"Startseite","item":"https:\/\/swissgliders.ch\/de\/willkommen\/"},{"@type":"ListItem","position":2,"name":"Gleitschirm Shop","item":"https:\/\/swissgliders.ch\/de\/gleitschirm-shop\/"},{"@type":"ListItem","position":3,"name":"Gin Yeti Race"}]},{"@type":"WebSite","@id":"https:\/\/swissgliders.ch\/de\/#website","url":"https:\/\/swissgliders.ch\/de\/","name":"Gleitschirmschule Thun, Bern, Interlaken","description":"Gleitschirmschule Thun, Bern, Interlaken","publisher":{"@id":"https:\/\/swissgliders.ch\/de\/#organization"},"potentialAction":[{"@type":"SearchAction","target":{"@type":"EntryPoint","urlTemplate":"https:\/\/swissgliders.ch\/de\/?s={search_term_string}"},"query-input":{"@type":"PropertyValueSpecification","valueRequired":true,"valueName":"search_term_string"}}],"inLanguage":"de"},{"@type":"Organization","@id":"https:\/\/swissgliders.ch\/de\/#organization","name":"Swissgliders Gleitschirmflugschule Thun","url":"https:\/\/swissgliders.ch\/de\/","logo":{"@type":"ImageObject","inLanguage":"de","@id":"https:\/\/swissgliders.ch\/de\/#\/schema\/logo\/image\/","url":"https:\/\/swissgliders.ch\/wp-content\/uploads\/2019\/12\/swissgliders-logo-rgb-square-L-no-ch-01.png","contentUrl":"https:\/\/swissgliders.ch\/wp-content\/uploads\/2019\/12\/swissgliders-logo-rgb-square-L-no-ch-01.png","width":2500,"height":2500,"caption":"Swissgliders Gleitschirmflugschule Thun"},"image":{"@id":"https:\/\/swissgliders.ch\/de\/#\/schema\/logo\/image\/"},"sameAs":["https:\/\/www.facebook.com\/swissgliders","https:\/\/x.com\/Swissgliders","https:\/\/www.instagram.com\/swissgliders\/","https:\/\/www.youtube.com\/channel\/UCMCtGdepy9vBhrhX3V_oJOA"],"hasMerchantReturnPolicy":{"@type":"MerchantReturnPolicy","merchantReturnLink":"https:\/\/swissgliders.ch\/de\/allgemeine-geschaftsbedingungen\/"}}]},"og_availability":"instock","product_availability":"instock","product_condition":"new"},"_links":{"self":[{"href":"https:\/\/swissgliders.ch\/de\/wp-json\/wp\/v2\/product\/19611","targetHints":{"allow":["GET"]}}],"collection":[{"href":"https:\/\/swissgliders.ch\/de\/wp-json\/wp\/v2\/product"}],"about":[{"href":"https:\/\/swissgliders.ch\/de\/wp-json\/wp\/v2\/types\/product"}],"replies":[{"embeddable":true,"href":"https:\/\/swissgliders.ch\/de\/wp-json\/wp\/v2\/comments?post=19611"}],"wp:featuredmedia":[{"embeddable":true,"href":"https:\/\/swissgliders.ch\/de\/wp-json\/wp\/v2\/media\/19614"}],"wp:attachment":[{"href":"https:\/\/swissgliders.ch\/de\/wp-json\/wp\/v2\/media?parent=19611"}],"wp:term":[{"taxonomy":"product_brand","embeddable":true,"href":"https:\/\/swissgliders.ch\/de\/wp-json\/wp\/v2\/product_brand?post=19611"},{"taxonomy":"product_cat","embeddable":true,"href":"https:\/\/swissgliders.ch\/de\/wp-json\/wp\/v2\/product_cat?post=19611"},{"taxonomy":"product_tag","embeddable":true,"href":"https:\/\/swissgliders.ch\/de\/wp-json\/wp\/v2\/product_tag?post=19611"}],"curies":[{"name":"wp","href":"https:\/\/api.w.org\/{rel}","templated":true}]}}