{"id":19738,"date":"2025-05-30T10:07:16","date_gmt":"2025-05-30T09:07:16","guid":{"rendered":"https:\/\/swissgliders.ch\/?post_type=product&#038;p=19738"},"modified":"2026-03-12T09:16:47","modified_gmt":"2026-03-12T08:16:47","slug":"neo-push-up","status":"publish","type":"product","link":"https:\/\/swissgliders.ch\/de\/produkt\/neo-push-up\/","title":{"rendered":"Neo Push Up"},"content":{"rendered":"<div class=\"et_pb_module et_pb_text et_pb_text_0 et_pb_bg_layout_light et_pb_text_align_left\">\n<div class=\"et_pb_text_inner\">\n<h3 class=\"col-lg-6 pt16 pb16 o_colored_level\"><\/h3>\n<p><img loading=\"lazy\" decoding=\"async\" class=\"\" src=\"https:\/\/www.neo-paragliders.fr\/web\/image\/product.product\/13825\/image_1024\/%5BNEOHPG11-XS%5D%20Push%20Up%20%28XS%29?unique=8d2943e\" alt=\"Push Up\" width=\"786\" height=\"519\" \/><\/p>\n<div class=\"col-lg-6 pt16 pb16 o_colored_level\">\n<div class=\"pt16 pb16 o_colored_level col-lg-6\">\n<h4>ULTRALEICHTES SITZBRETT-GURTZEUG<\/h4>\n<h6>PERFEKT F\u00dcRS HIKE &amp;\u00a0FLY<\/h6>\n<\/div>\n<div class=\"pt16 pb16 o_colored_level col-lg-5 offset-lg-1\">\n<p>Push Up ist das leichteste Gurtzeug mit Sitzbrett auf dem Markt.<\/p>\n<p>Push Up ist auch das kompakteste Gurtzeug mit Sitzbrett auf dem Markt.\u200b<\/p>\n<\/div>\n<\/div>\n<div class=\"col-lg-6 pt16 pb16 o_colored_level\">\n<p>&nbsp;<\/p>\n<h4>MAXIMALE SICHERHEIT<br \/>\nWENIG GEWICHT<\/h4>\n<p><span class=\"h5-fs\">Das Push Up bietet dir das beste Sicherheitspaket bei minimalem Gewicht \u2013 ideal f\u00fcrs Hike&amp;Fly:<\/span><\/p>\n<ul>\n<li><span class=\"h5-fs\">Frontcontainer f\u00fcr den Rettungsschirm<\/span><\/li>\n<li><span class=\"h5-fs\">Zwei Koroyd-Protektoren<\/span><\/li>\n<li><span class=\"h5-fs\">Dyneema\u00ae-Gewebe und -Gurte<\/span><\/li>\n<li><span class=\"h5-fs\">Automatikverschl\u00fcsse AustriAlpin Cobra<\/span><\/li>\n<li><span class=\"h5-fs\">NEO AustriAlpin Rocket Karabiner <br class=\"avia-permanent-lb\" \/><br class=\"avia-permanent-lb\" \/><\/span><\/li>\n<\/ul>\n<p><img loading=\"lazy\" decoding=\"async\" class=\"\" src=\"https:\/\/www.neo-paragliders.fr\/web\/image\/58026-2da01f8b\/neo-pushup-22.svg\" width=\"437\" height=\"291\" \/><\/p>\n<section class=\"s_text_block o_colored_level undefined pb0 pt40\" data-snippet=\"s_text_block\" data-name=\"Technical data - Heading\">\n<div class=\"s_allow_columns container\">\n<h4><\/h4>\n<h4>KLASSIK-ABS<\/h4>\n<p><span class=\"h5-fs\">Eine klassische ABS-Geometrie erm\u00f6glicht es dir, den Thermikflug pr\u00e4ziser zu zentrieren und sorgt gleichzeitig f\u00fcr mehr Stabilit\u00e4t.<\/span><\/p>\n<p><span class=\"h5-fs\">Sie erlaubt beschleunigtes Fliegen ohne Tendenz zu Rollen oder Instabilit\u00e4t.<\/span><\/p>\n<p><span class=\"h5-fs\">Ein klassisches ABS-System bewahrt die Anfangsenergie beim Einleiten der Kurve und erleichtert so die effiziente Nutzung der Thermik. Es ist einfach, den Kurvenradius w\u00e4hrend des Kreisens anzupassen.<\/span><\/p>\n<p><span class=\"h5-fs\">Turbulenzen in der Thermik wirken sich auf eine klassische ABS-Geometrie weniger stark aus als auf Beinschlaufen-Systeme \u2013 man wird seltener zur\u00fcck in den Geradeausflug gezwungen oder gar aus der Thermik gedr\u00fcckt.<\/span><\/p>\n<p><span class=\"h5-fs\">Dank der klassischen ABS-Geometrie und des Sitzbretts ist das Push Up auch f\u00fcr Piloten direkt nach der Ausbildung sehr gut geeignet, da die gewohnten Flugr\u00fcckmeldungen beibehalten werden.<\/span><\/p>\n<p><img loading=\"lazy\" decoding=\"async\" class=\"\" src=\"https:\/\/www.neo-paragliders.fr\/web\/image\/58057-60a896ea\/neo-pushuptechnical.png?access_token=03003f05-9b60-4a3e-ae73-3e92443aef17\" width=\"230\" height=\"443\" \/><\/p>\n<p>&nbsp;<\/p>\n<h4>DIE NEO-SITZSCHALE<\/h4>\n<h6>3D-vorgeformte Sitzschale<\/h6>\n<p>Das Push Up ist ein Sitzgurtzeug mit Sitzbrett, aber ganz anders als herk\u00f6mmliche Modelle. Es hat eine echte Sitzschale \u2013 das ist DAS Markenzeichen der NEO-Gurtzeuge.<\/p>\n<p>Was bedeutet das f\u00fcr ein Sitzgurtzeug? Das Sitzbrett ist vollst\u00e4ndig in die Sitzfl\u00e4che integriert. Es gibt keine Trennung zwischen Sitzbrett und R\u00fcckenlehne. Der Komfort und die Unterst\u00fctzung sind von unten bis oben durchgehend und gleichm\u00e4\u00dfig.<\/p>\n<p>Das NEO-Sitzschalen-Konzept steht f\u00fcr einzigartigen Komfort und pr\u00e4zises Handling. Es ist das unverwechselbare Erkennungsmerkmal aller NEO- Gurtzeuge.<\/p>\n<p><span class=\"h5-fs\"><img loading=\"lazy\" decoding=\"async\" class=\"\" src=\"https:\/\/www.neo-paragliders.fr\/web\/image\/58056-b64ac247\/neo-pushuptechnical2.svg?access_token=db955bdf-9fdf-4378-a889-64bb69f492f8\" width=\"519\" height=\"309\" \/><\/span><\/p>\n<p>&nbsp;<\/p>\n<h4>EINFACH REINRUTSCHEN<\/h4>\n<h6>KOMFORTABEL AUFZIEHEN<\/h6>\n<p><span class=\"h5-fs\">Der \u00dcbergang in die Sitzposition nach dem Start erfolgt m\u00fchelos. Die Beingurte sind mit 3D-Mesh gepolstert \u2013 f\u00fcr mehr Komfort beim Start, beim Groundhandling, beim Aufziehen und beim Soaren.<\/span><\/p>\n<p><img loading=\"lazy\" decoding=\"async\" class=\"\" src=\"https:\/\/www.neo-paragliders.fr\/web\/image\/57338-1971ad9c\/neo-pushup-24.jpg\" width=\"247\" height=\"371\" \/><\/p>\n<p>&nbsp;<\/p>\n<h4>ABNEHMBARER FRONTCONTAINER<\/h4>\n<p><span class=\"h5-fs\">Um das Packma\u00df im Rucksacks zu optimieren und dir gleichzeitig die Freiheit zu lassen, beim Hike&amp;Fly oder beim Soaring mit oder ohne Rettung zu fliegen, haben wir uns beim Push-Up f\u00fcr ein abnehmbares Rettungssystem entschieden.<\/span><\/p>\n<p><span class=\"h5-fs\">So kannst du deinen Rettungsschirm auch mit anderen Gurtzeugen wie dem String, String Pack oder Stay-Up verwenden \u2013 ein Rettungsschirm f\u00fcr mehrere Gurtzeuge: vielseitig und unkompliziert!<\/span><\/p>\n<p>Und schlie\u00dflich dient der Rettungscontainer auch als Cockpit, f\u00fcr dein Instrumente.<\/p>\n<p><span class=\"h5-fs\"><img loading=\"lazy\" decoding=\"async\" class=\"\" src=\"https:\/\/www.neo-paragliders.fr\/web\/image\/58059-9e3e290f\/neo-pushup-21.webp\" width=\"357\" height=\"405\" \/><\/span><\/p>\n<p>&nbsp;<\/p>\n<h4>GR\u00d6SSENTABELLE<br \/>\n<span class=\"h5-fs\"><br \/>\n<img loading=\"lazy\" decoding=\"async\" class=\"\" src=\"https:\/\/www.neo-paragliders.fr\/web\/image\/67713-4af9c2ee\/pushup_sizechart.webp?access_token=4755522d-26c2-418f-8637-484cd8014e74\" width=\"879\" height=\"535\" \/><\/span><\/h4>\n<\/div>\n<\/section>\n<section class=\"s_showcase o_colored_level undefined pt0 pb40\" data-vcss=\"002\" data-snippet=\"s_showcase\" data-name=\"Technical Data - Stay Up\">\n<div class=\"container\">\n<div class=\"row no-gutters s_col_no_resize s_col_no_bgcolor s_nb_column_fixed\">\n<div class=\"col-lg\">\n<div class=\"row\">\n<div class=\"o_colored_level pt0 pb8 col-lg-11 offset-lg-1\" data-name=\"Block\">\n<p>&nbsp;<\/p>\n<\/div>\n<\/div>\n<\/div>\n<\/div>\n<\/div>\n<\/section>\n<p>&nbsp;<\/p>\n<\/div>\n<\/div>\n<\/div>\n<p>Mehr <a href=\"https:\/\/www.neo-paragliders.fr\/de\/shop\/push-up-6991\" target=\"_blank\" rel=\"noopener noreferrer\">Infos<\/a><\/p>\n<p>Falls dieser Artikel nicht an Lager ist, wird er f\u00fcr dich bestellt. Lieferfrist auf Anfrage.<\/p>\n","protected":false},"excerpt":{"rendered":"<div class=\"et_pb_module et_pb_text et_pb_text_0 et_pb_bg_layout_light et_pb_text_align_left\">\n<div class=\"et_pb_text_inner\">\n<h3 class=\"col-lg-6 pt16 pb16 o_colored_level\"><\/h3>\n<p><img loading=\"lazy\" decoding=\"async\" class=\"\" src=\"https:\/\/www.neo-paragliders.fr\/web\/image\/product.product\/13825\/image_1024\/%5BNEOHPG11-XS%5D%20Push%20Up%20%28XS%29?unique=8d2943e\" alt=\"Push Up\" width=\"786\" height=\"519\" \/><\/p>\n<div class=\"col-lg-6 pt16 pb16 o_colored_level\">\n<div class=\"pt16 pb16 o_colored_level col-lg-6\">\n<h4>ULTRALEICHTES SITZBRETT-GURTZEUG<\/h4>\n<h6>PERFEKT F\u00dcRS HIKE &amp;\u00a0FLY<\/h6>\n<\/div>\n<div class=\"pt16 pb16 o_colored_level col-lg-5 offset-lg-1\">\n<p>Push Up ist das leichteste Gurtzeug mit Sitzbrett auf dem Markt.<\/p>\n<p>Push Up ist auch das kompakteste Gurtzeug mit Sitzbrett auf dem Markt.\u200b<\/p>\n<\/div>\n<\/div>\n<div class=\"col-lg-6 pt16 pb16 o_colored_level\">\n<p>&nbsp;<\/p>\n<h4>MAXIMALE SICHERHEIT<br \/>\nWENIG GEWICHT<\/h4>\n<p><span class=\"h5-fs\">Das Push Up bietet dir das beste Sicherheitspaket bei minimalem Gewicht \u2013 ideal f\u00fcrs Hike&amp;Fly:<\/span><\/p>\n<ul>\n<li><span class=\"h5-fs\">Frontcontainer f\u00fcr den Rettungsschirm<\/span><\/li>\n<li><span class=\"h5-fs\">Zwei Koroyd-Protektoren<\/span><\/li>\n<li><span class=\"h5-fs\">Dyneema\u00ae-Gewebe und -Gurte<\/span><\/li>\n<li><span class=\"h5-fs\">Automatikverschl\u00fcsse AustriAlpin Cobra<\/span><\/li>\n<li><span class=\"h5-fs\">NEO AustriAlpin Rocket Karabiner <br class=\"avia-permanent-lb\" \/><br class=\"avia-permanent-lb\" \/><\/span><\/li>\n<\/ul>\n<p><img loading=\"lazy\" decoding=\"async\" class=\"\" src=\"https:\/\/www.neo-paragliders.fr\/web\/image\/58026-2da01f8b\/neo-pushup-22.svg\" width=\"437\" height=\"291\" \/><\/p>\n<section class=\"s_text_block o_colored_level undefined pb0 pt40\" data-snippet=\"s_text_block\" data-name=\"Technical data - Heading\">\n<div class=\"s_allow_columns container\">\n<h4><\/h4>\n<h4>KLASSIK-ABS<\/h4>\n<p><span class=\"h5-fs\">Eine klassische ABS-Geometrie erm\u00f6glicht es dir, den Thermikflug pr\u00e4ziser zu zentrieren und sorgt gleichzeitig f\u00fcr mehr Stabilit\u00e4t.<\/span><\/p>\n<p><span class=\"h5-fs\">Sie erlaubt beschleunigtes Fliegen ohne Tendenz zu Rollen oder Instabilit\u00e4t.<\/span><\/p>\n<p><span class=\"h5-fs\">Ein klassisches ABS-System bewahrt die Anfangsenergie beim Einleiten der Kurve und erleichtert so die effiziente Nutzung der Thermik. Es ist einfach, den Kurvenradius w\u00e4hrend des Kreisens anzupassen.<\/span><\/p>\n<p><span class=\"h5-fs\">Turbulenzen in der Thermik wirken sich auf eine klassische ABS-Geometrie weniger stark aus als auf Beinschlaufen-Systeme \u2013 man wird seltener zur\u00fcck in den Geradeausflug gezwungen oder gar aus der Thermik gedr\u00fcckt.<\/span><\/p>\n<p><span class=\"h5-fs\">Dank der klassischen ABS-Geometrie und des Sitzbretts ist das Push Up auch f\u00fcr Piloten direkt nach der Ausbildung sehr gut geeignet, da die gewohnten Flugr\u00fcckmeldungen beibehalten werden.<\/span><\/p>\n<p><img loading=\"lazy\" decoding=\"async\" class=\"\" src=\"https:\/\/www.neo-paragliders.fr\/web\/image\/58057-60a896ea\/neo-pushuptechnical.png?access_token=03003f05-9b60-4a3e-ae73-3e92443aef17\" width=\"230\" height=\"443\" \/><\/p>\n<p>&nbsp;<\/p>\n<h4>DIE NEO-SITZSCHALE<\/h4>\n<h6>3D-vorgeformte Sitzschale<\/h6>\n<p>Das Push Up ist ein Sitzgurtzeug mit Sitzbrett, aber ganz anders als herk\u00f6mmliche Modelle. Es hat eine echte Sitzschale \u2013 das ist DAS Markenzeichen der NEO-Gurtzeuge.<\/p>\n<p>Was bedeutet das f\u00fcr ein Sitzgurtzeug? Das Sitzbrett ist vollst\u00e4ndig in die Sitzfl\u00e4che integriert. Es gibt keine Trennung zwischen Sitzbrett und R\u00fcckenlehne. Der Komfort und die Unterst\u00fctzung sind von unten bis oben durchgehend und gleichm\u00e4\u00dfig.<\/p>\n<p>Das NEO-Sitzschalen-Konzept steht f\u00fcr einzigartigen Komfort und pr\u00e4zises Handling. Es ist das unverwechselbare Erkennungsmerkmal aller NEO- Gurtzeuge.<\/p>\n<p><span class=\"h5-fs\"><img loading=\"lazy\" decoding=\"async\" class=\"\" src=\"https:\/\/www.neo-paragliders.fr\/web\/image\/58056-b64ac247\/neo-pushuptechnical2.svg?access_token=db955bdf-9fdf-4378-a889-64bb69f492f8\" width=\"519\" height=\"309\" \/><\/span><\/p>\n<p>&nbsp;<\/p>\n<h4>EINFACH REINRUTSCHEN<\/h4>\n<h6>KOMFORTABEL AUFZIEHEN<\/h6>\n<p><span class=\"h5-fs\">Der \u00dcbergang in die Sitzposition nach dem Start erfolgt m\u00fchelos. Die Beingurte sind mit 3D-Mesh gepolstert \u2013 f\u00fcr mehr Komfort beim Start, beim Groundhandling, beim Aufziehen und beim Soaren.<\/span><\/p>\n<p><img loading=\"lazy\" decoding=\"async\" class=\"\" src=\"https:\/\/www.neo-paragliders.fr\/web\/image\/57338-1971ad9c\/neo-pushup-24.jpg\" width=\"247\" height=\"371\" \/><\/p>\n<p>&nbsp;<\/p>\n<h4>ABNEHMBARER FRONTCONTAINER<\/h4>\n<p><span class=\"h5-fs\">Um das Packma\u00df im Rucksacks zu optimieren und dir gleichzeitig die Freiheit zu lassen, beim Hike&amp;Fly oder beim Soaring mit oder ohne Rettung zu fliegen, haben wir uns beim Push-Up f\u00fcr ein abnehmbares Rettungssystem entschieden.<\/span><\/p>\n<p><span class=\"h5-fs\">So kannst du deinen Rettungsschirm auch mit anderen Gurtzeugen wie dem String, String Pack oder Stay-Up verwenden \u2013 ein Rettungsschirm f\u00fcr mehrere Gurtzeuge: vielseitig und unkompliziert!<\/span><\/p>\n<p>Und schlie\u00dflich dient der Rettungscontainer auch als Cockpit, f\u00fcr dein Instrumente.<\/p>\n<p><span class=\"h5-fs\"><img loading=\"lazy\" decoding=\"async\" class=\"\" src=\"https:\/\/www.neo-paragliders.fr\/web\/image\/58059-9e3e290f\/neo-pushup-21.webp\" width=\"357\" height=\"405\" \/><\/span><\/p>\n<p>&nbsp;<\/p>\n<h4>GR\u00d6SSENTABELLE<br \/>\n<span class=\"h5-fs\"><br \/>\n<img loading=\"lazy\" decoding=\"async\" class=\"\" src=\"https:\/\/www.neo-paragliders.fr\/web\/image\/67713-4af9c2ee\/pushup_sizechart.webp?access_token=4755522d-26c2-418f-8637-484cd8014e74\" width=\"879\" height=\"535\" \/><\/span><\/h4>\n<\/div>\n<\/section>\n<section class=\"s_showcase o_colored_level undefined pt0 pb40\" data-vcss=\"002\" data-snippet=\"s_showcase\" data-name=\"Technical Data - Stay Up\">\n<div class=\"container\">\n<div class=\"row no-gutters s_col_no_resize s_col_no_bgcolor s_nb_column_fixed\">\n<div class=\"col-lg\">\n<div class=\"row\">\n<div class=\"o_colored_level pt0 pb8 col-lg-11 offset-lg-1\" data-name=\"Block\">\n<p>&nbsp;<\/p>\n<\/div>\n<\/div>\n<\/div>\n<\/div>\n<\/div>\n<\/section>\n<p>&nbsp;<\/p>\n<\/div>\n<\/div>\n<\/div>\n<p>Mehr <a href=\"https:\/\/www.neo-paragliders.fr\/de\/shop\/push-up-6991\" target=\"_blank\" rel=\"noopener noreferrer\">Infos<\/a><\/p>\n<p>Falls dieser Artikel nicht an Lager ist, wird er f\u00fcr dich bestellt. Lieferfrist auf Anfrage.<\/p>\n","protected":false},"featured_media":19742,"comment_status":"closed","ping_status":"closed","template":"","meta":[],"product_brand":[],"product_cat":[1026],"product_tag":[1040,1000,1965,90],"class_list":{"0":"post-19738","1":"product","2":"type-product","3":"status-publish","4":"has-post-thumbnail","6":"product_cat-leichte-gleitschirmgurtzeuge","7":"product_tag-leichtgurtzeug","8":"product_tag-sitzgurtzeug","9":"product_tag-ultraleichtgurtzeug","10":"product_tag-verkaufsartikel","11":"product_shipping_class-priority-10kg-de","13":"first","14":"instock","15":"sale","16":"shipping-taxable","17":"purchasable","18":"product-type-variable"},"yoast_head":"<!-- This site is optimized with the Yoast SEO Premium plugin v26.1 (Yoast SEO v27.3) - https:\/\/yoast.com\/product\/yoast-seo-premium-wordpress\/ -->\n<title>Neo Push Up | Gleitschirmschule Thun, Bern, Interlaken<\/title>\n<meta name=\"description\" content=\"Neo Push Up ULTRALEICHTES SITZBRETT-GURTZEUGPERFEKT F\u00dcRS HIKE &amp;\u00a0FLY. Push Up ist das leichteste Gurtzeug mit Sitzbrett auf dem Markt.Push Up ist auch das kompakteste Gurtzeug mit Sitzbrett auf dem Markt.\u200b\" \/>\n<meta name=\"robots\" content=\"index, follow, max-snippet:-1, max-image-preview:large, max-video-preview:-1\" \/>\n<link rel=\"canonical\" href=\"https:\/\/swissgliders.ch\/de\/produkt\/neo-push-up\/\" \/>\n<meta property=\"og:locale\" content=\"de_DE\" \/>\n<meta property=\"og:type\" content=\"article\" \/>\n<meta property=\"og:title\" content=\"Neo Push Up\" \/>\n<meta property=\"og:description\" content=\"Neo Push Up ULTRALEICHTES SITZBRETT-GURTZEUGPERFEKT F\u00dcRS HIKE &amp;\u00a0FLY. Push Up ist das leichteste Gurtzeug mit Sitzbrett auf dem Markt.Push Up ist auch das kompakteste Gurtzeug mit Sitzbrett auf dem Markt.\u200b\" \/>\n<meta property=\"og:url\" content=\"https:\/\/swissgliders.ch\/de\/produkt\/neo-push-up\/\" \/>\n<meta property=\"og:site_name\" content=\"Gleitschirmschule Thun, Bern, Interlaken\" \/>\n<meta property=\"article:publisher\" content=\"https:\/\/www.facebook.com\/swissgliders\" \/>\n<meta property=\"article:modified_time\" content=\"2026-03-12T08:16:47+00:00\" \/>\n<meta property=\"og:image\" content=\"https:\/\/swissgliders.ch\/wp-content\/uploads\/2025\/05\/Neo_Leichtsitzgurtzeug_Push-Up-1.jpg\" \/>\n\t<meta property=\"og:image:width\" content=\"590\" \/>\n\t<meta property=\"og:image:height\" content=\"581\" \/>\n\t<meta property=\"og:image:type\" content=\"image\/jpeg\" \/>\n<meta name=\"twitter:card\" content=\"summary_large_image\" \/>\n<meta name=\"twitter:site\" content=\"@Swissgliders\" \/>\n<meta name=\"twitter:label1\" content=\"Verf\u00fcgbarkeit\" \/>\n\t<meta name=\"twitter:data1\" content=\"Auf Lager\" \/>\n<script type=\"application\/ld+json\" class=\"yoast-schema-graph\">{\"@context\":\"https:\\\/\\\/schema.org\",\"@graph\":[{\"@type\":\"WebPage\",\"@id\":\"https:\\\/\\\/swissgliders.ch\\\/de\\\/produkt\\\/neo-push-up\\\/\",\"url\":\"https:\\\/\\\/swissgliders.ch\\\/de\\\/produkt\\\/neo-push-up\\\/\",\"name\":\"Neo Push Up | Gleitschirmschule Thun, Bern, Interlaken\",\"isPartOf\":{\"@id\":\"https:\\\/\\\/swissgliders.ch\\\/de\\\/#website\"},\"primaryImageOfPage\":{\"@id\":\"https:\\\/\\\/swissgliders.ch\\\/de\\\/produkt\\\/neo-push-up\\\/#primaryimage\"},\"image\":{\"@id\":\"https:\\\/\\\/swissgliders.ch\\\/de\\\/produkt\\\/neo-push-up\\\/#primaryimage\"},\"thumbnailUrl\":\"https:\\\/\\\/swissgliders.ch\\\/wp-content\\\/uploads\\\/2025\\\/05\\\/Neo_Leichtsitzgurtzeug_Push-Up-1.jpg\",\"datePublished\":\"2025-05-30T09:07:16+00:00\",\"dateModified\":\"2026-03-12T08:16:47+00:00\",\"description\":\"Neo Push Up ULTRALEICHTES SITZBRETT-GURTZEUGPERFEKT F\u00dcRS HIKE &\u00a0FLY. Push Up ist das leichteste Gurtzeug mit Sitzbrett auf dem Markt.Push Up ist auch das kompakteste Gurtzeug mit Sitzbrett auf dem Markt.\u200b\",\"breadcrumb\":{\"@id\":\"https:\\\/\\\/swissgliders.ch\\\/de\\\/produkt\\\/neo-push-up\\\/#breadcrumb\"},\"inLanguage\":\"de\",\"potentialAction\":[{\"@type\":\"ReadAction\",\"target\":[\"https:\\\/\\\/swissgliders.ch\\\/de\\\/produkt\\\/neo-push-up\\\/\"]}]},{\"@type\":\"ImageObject\",\"inLanguage\":\"de\",\"@id\":\"https:\\\/\\\/swissgliders.ch\\\/de\\\/produkt\\\/neo-push-up\\\/#primaryimage\",\"url\":\"https:\\\/\\\/swissgliders.ch\\\/wp-content\\\/uploads\\\/2025\\\/05\\\/Neo_Leichtsitzgurtzeug_Push-Up-1.jpg\",\"contentUrl\":\"https:\\\/\\\/swissgliders.ch\\\/wp-content\\\/uploads\\\/2025\\\/05\\\/Neo_Leichtsitzgurtzeug_Push-Up-1.jpg\",\"width\":590,\"height\":581,\"caption\":\"Neo_Leichtsitzgurtzeug_Push\"},{\"@type\":\"BreadcrumbList\",\"@id\":\"https:\\\/\\\/swissgliders.ch\\\/de\\\/produkt\\\/neo-push-up\\\/#breadcrumb\",\"itemListElement\":[{\"@type\":\"ListItem\",\"position\":1,\"name\":\"Startseite\",\"item\":\"https:\\\/\\\/swissgliders.ch\\\/de\\\/willkommen\\\/\"},{\"@type\":\"ListItem\",\"position\":2,\"name\":\"Gleitschirm Shop\",\"item\":\"https:\\\/\\\/swissgliders.ch\\\/de\\\/gleitschirm-shop\\\/\"},{\"@type\":\"ListItem\",\"position\":3,\"name\":\"Neo Push Up\"}]},{\"@type\":\"WebSite\",\"@id\":\"https:\\\/\\\/swissgliders.ch\\\/de\\\/#website\",\"url\":\"https:\\\/\\\/swissgliders.ch\\\/de\\\/\",\"name\":\"Gleitschirmschule Thun, Bern, Interlaken\",\"description\":\"Gleitschirmschule Thun, Bern, Interlaken\",\"publisher\":{\"@id\":\"https:\\\/\\\/swissgliders.ch\\\/de\\\/#organization\"},\"potentialAction\":[{\"@type\":\"SearchAction\",\"target\":{\"@type\":\"EntryPoint\",\"urlTemplate\":\"https:\\\/\\\/swissgliders.ch\\\/de\\\/?s={search_term_string}\"},\"query-input\":{\"@type\":\"PropertyValueSpecification\",\"valueRequired\":true,\"valueName\":\"search_term_string\"}}],\"inLanguage\":\"de\"},{\"@type\":\"Organization\",\"@id\":\"https:\\\/\\\/swissgliders.ch\\\/de\\\/#organization\",\"name\":\"Swissgliders Gleitschirmflugschule Thun\",\"url\":\"https:\\\/\\\/swissgliders.ch\\\/de\\\/\",\"logo\":{\"@type\":\"ImageObject\",\"inLanguage\":\"de\",\"@id\":\"https:\\\/\\\/swissgliders.ch\\\/de\\\/#\\\/schema\\\/logo\\\/image\\\/\",\"url\":\"https:\\\/\\\/swissgliders.ch\\\/wp-content\\\/uploads\\\/2019\\\/12\\\/swissgliders-logo-rgb-square-L-no-ch-01.png\",\"contentUrl\":\"https:\\\/\\\/swissgliders.ch\\\/wp-content\\\/uploads\\\/2019\\\/12\\\/swissgliders-logo-rgb-square-L-no-ch-01.png\",\"width\":2500,\"height\":2500,\"caption\":\"Swissgliders Gleitschirmflugschule Thun\"},\"image\":{\"@id\":\"https:\\\/\\\/swissgliders.ch\\\/de\\\/#\\\/schema\\\/logo\\\/image\\\/\"},\"sameAs\":[\"https:\\\/\\\/www.facebook.com\\\/swissgliders\",\"https:\\\/\\\/x.com\\\/Swissgliders\",\"https:\\\/\\\/www.instagram.com\\\/swissgliders\\\/\",\"https:\\\/\\\/www.youtube.com\\\/channel\\\/UCMCtGdepy9vBhrhX3V_oJOA\"],\"hasMerchantReturnPolicy\":{\"@type\":\"MerchantReturnPolicy\",\"merchantReturnLink\":\"https:\\\/\\\/swissgliders.ch\\\/de\\\/allgemeine-geschaftsbedingungen\\\/\"}}]}<\/script>\n<meta property=\"og:availability\" content=\"instock\" \/>\n<meta property=\"product:availability\" content=\"instock\" \/>\n<meta property=\"product:condition\" content=\"new\" \/>\n<!-- \/ Yoast SEO Premium plugin. -->","yoast_head_json":{"title":"Neo Push Up | Gleitschirmschule Thun, Bern, Interlaken","description":"Neo Push Up ULTRALEICHTES SITZBRETT-GURTZEUGPERFEKT F\u00dcRS HIKE &\u00a0FLY. Push Up ist das leichteste Gurtzeug mit Sitzbrett auf dem Markt.Push Up ist auch das kompakteste Gurtzeug mit Sitzbrett auf dem Markt.\u200b","robots":{"index":"index","follow":"follow","max-snippet":"max-snippet:-1","max-image-preview":"max-image-preview:large","max-video-preview":"max-video-preview:-1"},"canonical":"https:\/\/swissgliders.ch\/de\/produkt\/neo-push-up\/","og_locale":"de_DE","og_type":"article","og_title":"Neo Push Up","og_description":"Neo Push Up ULTRALEICHTES SITZBRETT-GURTZEUGPERFEKT F\u00dcRS HIKE &\u00a0FLY. Push Up ist das leichteste Gurtzeug mit Sitzbrett auf dem Markt.Push Up ist auch das kompakteste Gurtzeug mit Sitzbrett auf dem Markt.\u200b","og_url":"https:\/\/swissgliders.ch\/de\/produkt\/neo-push-up\/","og_site_name":"Gleitschirmschule Thun, Bern, Interlaken","article_publisher":"https:\/\/www.facebook.com\/swissgliders","article_modified_time":"2026-03-12T08:16:47+00:00","og_image":[{"width":590,"height":581,"url":"https:\/\/swissgliders.ch\/wp-content\/uploads\/2025\/05\/Neo_Leichtsitzgurtzeug_Push-Up-1.jpg","type":"image\/jpeg"}],"twitter_card":"summary_large_image","twitter_site":"@Swissgliders","twitter_misc":{"Verf\u00fcgbarkeit":"Auf Lager"},"schema":{"@context":"https:\/\/schema.org","@graph":[{"@type":"WebPage","@id":"https:\/\/swissgliders.ch\/de\/produkt\/neo-push-up\/","url":"https:\/\/swissgliders.ch\/de\/produkt\/neo-push-up\/","name":"Neo Push Up | Gleitschirmschule Thun, Bern, Interlaken","isPartOf":{"@id":"https:\/\/swissgliders.ch\/de\/#website"},"primaryImageOfPage":{"@id":"https:\/\/swissgliders.ch\/de\/produkt\/neo-push-up\/#primaryimage"},"image":{"@id":"https:\/\/swissgliders.ch\/de\/produkt\/neo-push-up\/#primaryimage"},"thumbnailUrl":"https:\/\/swissgliders.ch\/wp-content\/uploads\/2025\/05\/Neo_Leichtsitzgurtzeug_Push-Up-1.jpg","datePublished":"2025-05-30T09:07:16+00:00","dateModified":"2026-03-12T08:16:47+00:00","description":"Neo Push Up ULTRALEICHTES SITZBRETT-GURTZEUGPERFEKT F\u00dcRS HIKE &\u00a0FLY. Push Up ist das leichteste Gurtzeug mit Sitzbrett auf dem Markt.Push Up ist auch das kompakteste Gurtzeug mit Sitzbrett auf dem Markt.\u200b","breadcrumb":{"@id":"https:\/\/swissgliders.ch\/de\/produkt\/neo-push-up\/#breadcrumb"},"inLanguage":"de","potentialAction":[{"@type":"ReadAction","target":["https:\/\/swissgliders.ch\/de\/produkt\/neo-push-up\/"]}]},{"@type":"ImageObject","inLanguage":"de","@id":"https:\/\/swissgliders.ch\/de\/produkt\/neo-push-up\/#primaryimage","url":"https:\/\/swissgliders.ch\/wp-content\/uploads\/2025\/05\/Neo_Leichtsitzgurtzeug_Push-Up-1.jpg","contentUrl":"https:\/\/swissgliders.ch\/wp-content\/uploads\/2025\/05\/Neo_Leichtsitzgurtzeug_Push-Up-1.jpg","width":590,"height":581,"caption":"Neo_Leichtsitzgurtzeug_Push"},{"@type":"BreadcrumbList","@id":"https:\/\/swissgliders.ch\/de\/produkt\/neo-push-up\/#breadcrumb","itemListElement":[{"@type":"ListItem","position":1,"name":"Startseite","item":"https:\/\/swissgliders.ch\/de\/willkommen\/"},{"@type":"ListItem","position":2,"name":"Gleitschirm Shop","item":"https:\/\/swissgliders.ch\/de\/gleitschirm-shop\/"},{"@type":"ListItem","position":3,"name":"Neo Push Up"}]},{"@type":"WebSite","@id":"https:\/\/swissgliders.ch\/de\/#website","url":"https:\/\/swissgliders.ch\/de\/","name":"Gleitschirmschule Thun, Bern, Interlaken","description":"Gleitschirmschule Thun, Bern, Interlaken","publisher":{"@id":"https:\/\/swissgliders.ch\/de\/#organization"},"potentialAction":[{"@type":"SearchAction","target":{"@type":"EntryPoint","urlTemplate":"https:\/\/swissgliders.ch\/de\/?s={search_term_string}"},"query-input":{"@type":"PropertyValueSpecification","valueRequired":true,"valueName":"search_term_string"}}],"inLanguage":"de"},{"@type":"Organization","@id":"https:\/\/swissgliders.ch\/de\/#organization","name":"Swissgliders Gleitschirmflugschule Thun","url":"https:\/\/swissgliders.ch\/de\/","logo":{"@type":"ImageObject","inLanguage":"de","@id":"https:\/\/swissgliders.ch\/de\/#\/schema\/logo\/image\/","url":"https:\/\/swissgliders.ch\/wp-content\/uploads\/2019\/12\/swissgliders-logo-rgb-square-L-no-ch-01.png","contentUrl":"https:\/\/swissgliders.ch\/wp-content\/uploads\/2019\/12\/swissgliders-logo-rgb-square-L-no-ch-01.png","width":2500,"height":2500,"caption":"Swissgliders Gleitschirmflugschule Thun"},"image":{"@id":"https:\/\/swissgliders.ch\/de\/#\/schema\/logo\/image\/"},"sameAs":["https:\/\/www.facebook.com\/swissgliders","https:\/\/x.com\/Swissgliders","https:\/\/www.instagram.com\/swissgliders\/","https:\/\/www.youtube.com\/channel\/UCMCtGdepy9vBhrhX3V_oJOA"],"hasMerchantReturnPolicy":{"@type":"MerchantReturnPolicy","merchantReturnLink":"https:\/\/swissgliders.ch\/de\/allgemeine-geschaftsbedingungen\/"}}]},"og_availability":"instock","product_availability":"instock","product_condition":"new"},"_links":{"self":[{"href":"https:\/\/swissgliders.ch\/de\/wp-json\/wp\/v2\/product\/19738","targetHints":{"allow":["GET"]}}],"collection":[{"href":"https:\/\/swissgliders.ch\/de\/wp-json\/wp\/v2\/product"}],"about":[{"href":"https:\/\/swissgliders.ch\/de\/wp-json\/wp\/v2\/types\/product"}],"replies":[{"embeddable":true,"href":"https:\/\/swissgliders.ch\/de\/wp-json\/wp\/v2\/comments?post=19738"}],"wp:featuredmedia":[{"embeddable":true,"href":"https:\/\/swissgliders.ch\/de\/wp-json\/wp\/v2\/media\/19742"}],"wp:attachment":[{"href":"https:\/\/swissgliders.ch\/de\/wp-json\/wp\/v2\/media?parent=19738"}],"wp:term":[{"taxonomy":"product_brand","embeddable":true,"href":"https:\/\/swissgliders.ch\/de\/wp-json\/wp\/v2\/product_brand?post=19738"},{"taxonomy":"product_cat","embeddable":true,"href":"https:\/\/swissgliders.ch\/de\/wp-json\/wp\/v2\/product_cat?post=19738"},{"taxonomy":"product_tag","embeddable":true,"href":"https:\/\/swissgliders.ch\/de\/wp-json\/wp\/v2\/product_tag?post=19738"}],"curies":[{"name":"wp","href":"https:\/\/api.w.org\/{rel}","templated":true}]}}