{"id":20319,"date":"2025-07-23T21:49:20","date_gmt":"2025-07-23T20:49:20","guid":{"rendered":"https:\/\/swissgliders.ch\/?post_type=product&#038;p=20319"},"modified":"2026-01-30T14:01:57","modified_gmt":"2026-01-30T13:01:57","slug":"xc-tracer-maxx-iii","status":"publish","type":"product","link":"https:\/\/swissgliders.ch\/de\/produkt\/xc-tracer-maxx-iii\/","title":{"rendered":"XC Tracer Maxx III"},"content":{"rendered":"<p style=\"font-weight: 400;\">Ob Anf\u00e4nger oder Profi \u2013 mit dem XC Tracer Maxx III fliegst du intuitiver denn je. Denn was das Vario mit Piepst\u00f6nen anzeigt und das was du f\u00fchlst, stimmt perfekt \u00fcberein.\u00a0So findest und zentrierst du Thermik deutlich einfacher und schneller als mit einem herk\u00f6mmlichen Variometer. Dank der \u00fcbersichtlichen Darstellung der Topographie erkennst du jederzeit pr\u00e4zise, wo du dich im Gel\u00e4nde befindest, geeignete Landem\u00f6glichkeiten in Reichweite liegen und wie Gel\u00e4ndeformen die Thermikentwicklung sowie Talwinde beeinflussen. Damit fliegst du nicht nur sicherer, sondern auch taktisch kl\u00fcger.<\/p>\n<p><img loading=\"lazy\" decoding=\"async\" class=\"\" src=\"https:\/\/static.wixstatic.com\/media\/aaa092_a7e3768d590943c381eda6561fb66cd4~mv2.jpg\/v1\/crop\/x_0,y_99,w_1530,h_1023\/fill\/w_755,h_505,al_c,q_85,usm_0.66_1.00_0.01,enc_avif,quality_auto\/XC%20Tracer%20Maxx_edited_edited.jpg\" alt=\"Produktbild XC Tracer Maxx III\" width=\"534\" height=\"357\" \/><\/p>\n<ul style=\"font-weight: 400;\">\n<li>Hochaufl\u00f6sendes MIP LCD, 800&#215;600 Pixel, 80x60mm, perfekt ablesbar<\/li>\n<li>Geh\u00e4rtetes und spiegelfreies Glas f\u00fcr LCD Abdeckung<\/li>\n<li>Gr\u00f6sse: 101x81x18mm<\/li>\n<li>Gewicht 158g \/ 171g (mit Silicon Schutzh\u00fclle)<\/li>\n<li>60h Batterielaufzeit<\/li>\n<li>Einfachste Bedienung mit mitgelieferter Fernbedienung f\u00fcr Befestigung am Tragegurt<\/li>\n<li>Anzeige von Topographie, verschiedene Zoom Stufen<\/li>\n<li>Verz\u00f6gerungsfreies Anzeigen von Steigen\/Sinken<\/li>\n<li>ADS-L, FANET, FLARM, integrierte Antenne<\/li>\n<li>ADS-L und FANET Anzeige von Position und H\u00f6he von Buddies<\/li>\n<li>Open Source Hindernisdatenbank<\/li>\n<li>Daten\u00fcbertragung \u00fcber BLE auf Handy\/Tablet\/E-Reader<\/li>\n<li>IGC und KML Logger, von der FAI f\u00fcr Wettbewerbe zugelassen<\/li>\n<li>Viele kompatible Apps f\u00fcr Android\/iOS<\/li>\n<li>Frei konfigurierbare Toneinstellungen\/Tonsimulator auf <a href=\"http:\/\/xctracer.com\/\">xctracer.com<\/a><\/li>\n<li>Accelerometer\/Kompass\/Gyro\/Baro\/GPS\/BLE\/ADS-L\/FANET\/FLARM<\/li>\n<li>GPS Modul mit gleichzeitigem Empfang von GPS, Glonass und Galileo<\/li>\n<li>Firmware-Updates mit Webapp <a href=\"https:\/\/my.xctracer.online\/\">https:\/\/my.xctracer.online\/<\/a> direkt vom Smartphone via BLE<\/li>\n<li>CE &amp; FCC Zertifizierung (In Arbeit)<\/li>\n<li>Swiss Made<\/li>\n<\/ul>\n<p style=\"font-weight: 400;\">XC Tracer Maxx III wird komplett mit Transport Case, Silicon Schutzh\u00fclle, USB-Kabel und Fernbedienung f\u00fcr Befestigung am Tragegurt geliefert.<\/p>\n<div><a href=\"https:\/\/www.xctracer.com\/f%C3%BCrerkl%C3%A4rvideos\" target=\"_blank\" rel=\"noopener\">Erkl\u00e4rvideos<\/a><\/div>\n<div><\/div>\n<div>Downloads und Bedienungsanleitungen: <a href=\"https:\/\/www.xctracer.com\/downloads\">https:\/\/www.xctracer.com\/downloads<\/a><\/div>\n<div><\/div>\n<div>Bedienungsanleitung: <a href=\"https:\/\/xctracer.online\/downloads\/User%20Manual%20XC%20Tracer%20Maxx%20III%20R01%20DE.pdf\">User Manual XC Tracer Maxx III Rev. 02 DE<\/a><\/div>\n<p>&nbsp;<\/p>\n<p><em>Liebe Kundin, lieber Kunde<\/em><br \/>\n<em>Falls ihr euch f\u00fcr ein XC Tracer Maxx III entscheiden solltet, w\u00e4ren wir euch sehr dankbar, falls ihr uns nach eurem ersten und hoffentlich tollem Flug mit dem XC Tracer Maxx III ein Testimonial zukommen lassen k\u00f6nntet, welches wir f\u00fcr Werbezwecke einsetzen k\u00f6nnten. Auch vom Hersteller XC Tracer selbst. Das w\u00e4re super! Vielen lieben Dank!<\/em><\/p>\n<p>Mehr <a href=\"https:\/\/www.xctracer.com\/xc-tracer-maxx-iii\" target=\"_blank\" rel=\"noopener noreferrer\">Infos<\/a><\/p>\n<p>Lieferfrist 1-2 Tage &#8211;<strong> ab Lager lieferbar<\/strong><\/p>\n","protected":false},"excerpt":{"rendered":"<p style=\"font-weight: 400;\">Ob Anf\u00e4nger oder Profi \u2013 mit dem XC Tracer Maxx III fliegst du intuitiver denn je. Denn was das Vario mit Piepst\u00f6nen anzeigt und das was du f\u00fchlst, stimmt perfekt \u00fcberein.\u00a0So findest und zentrierst du Thermik deutlich einfacher und schneller als mit einem herk\u00f6mmlichen Variometer. Dank der \u00fcbersichtlichen Darstellung der Topographie erkennst du jederzeit pr\u00e4zise, wo du dich im Gel\u00e4nde befindest, geeignete Landem\u00f6glichkeiten in Reichweite liegen und wie Gel\u00e4ndeformen die Thermikentwicklung sowie Talwinde beeinflussen. Damit fliegst du nicht nur sicherer, sondern auch taktisch kl\u00fcger.<\/p>\n<p><img loading=\"lazy\" decoding=\"async\" class=\"\" src=\"https:\/\/static.wixstatic.com\/media\/aaa092_a7e3768d590943c381eda6561fb66cd4~mv2.jpg\/v1\/crop\/x_0,y_99,w_1530,h_1023\/fill\/w_755,h_505,al_c,q_85,usm_0.66_1.00_0.01,enc_avif,quality_auto\/XC%20Tracer%20Maxx_edited_edited.jpg\" alt=\"Produktbild XC Tracer Maxx III\" width=\"534\" height=\"357\" \/><\/p>\n<ul style=\"font-weight: 400;\">\n<li>Hochaufl\u00f6sendes MIP LCD, 800&#215;600 Pixel, 80x60mm, perfekt ablesbar<\/li>\n<li>Geh\u00e4rtetes und spiegelfreies Glas f\u00fcr LCD Abdeckung<\/li>\n<li>Gr\u00f6sse: 101x81x18mm<\/li>\n<li>Gewicht 158g \/ 171g (mit Silicon Schutzh\u00fclle)<\/li>\n<li>60h Batterielaufzeit<\/li>\n<li>Einfachste Bedienung mit mitgelieferter Fernbedienung f\u00fcr Befestigung am Tragegurt<\/li>\n<li>Anzeige von Topographie, verschiedene Zoom Stufen<\/li>\n<li>Verz\u00f6gerungsfreies Anzeigen von Steigen\/Sinken<\/li>\n<li>ADS-L, FANET, FLARM, integrierte Antenne<\/li>\n<li>ADS-L und FANET Anzeige von Position und H\u00f6he von Buddies<\/li>\n<li>Open Source Hindernisdatenbank<\/li>\n<li>Daten\u00fcbertragung \u00fcber BLE auf Handy\/Tablet\/E-Reader<\/li>\n<li>IGC und KML Logger, von der FAI f\u00fcr Wettbewerbe zugelassen<\/li>\n<li>Viele kompatible Apps f\u00fcr Android\/iOS<\/li>\n<li>Frei konfigurierbare Toneinstellungen\/Tonsimulator auf <a href=\"http:\/\/xctracer.com\/\">xctracer.com<\/a><\/li>\n<li>Accelerometer\/Kompass\/Gyro\/Baro\/GPS\/BLE\/ADS-L\/FANET\/FLARM<\/li>\n<li>GPS Modul mit gleichzeitigem Empfang von GPS, Glonass und Galileo<\/li>\n<li>Firmware-Updates mit Webapp <a href=\"https:\/\/my.xctracer.online\/\">https:\/\/my.xctracer.online\/<\/a> direkt vom Smartphone via BLE<\/li>\n<li>CE &amp; FCC Zertifizierung (In Arbeit)<\/li>\n<li>Swiss Made<\/li>\n<\/ul>\n<p style=\"font-weight: 400;\">XC Tracer Maxx III wird komplett mit Transport Case, Silicon Schutzh\u00fclle, USB-Kabel und Fernbedienung f\u00fcr Befestigung am Tragegurt geliefert.<\/p>\n<div><a href=\"https:\/\/www.xctracer.com\/f%C3%BCrerkl%C3%A4rvideos\" target=\"_blank\" rel=\"noopener\">Erkl\u00e4rvideos<\/a><\/div>\n<div><\/div>\n<div>Downloads und Bedienungsanleitungen: <a href=\"https:\/\/www.xctracer.com\/downloads\">https:\/\/www.xctracer.com\/downloads<\/a><\/div>\n<div><\/div>\n<div>Bedienungsanleitung: <a href=\"https:\/\/xctracer.online\/downloads\/User%20Manual%20XC%20Tracer%20Maxx%20III%20R01%20DE.pdf\">User Manual XC Tracer Maxx III Rev. 02 DE<\/a><\/div>\n<p>&nbsp;<\/p>\n<p><em>Liebe Kundin, lieber Kunde<\/em><br \/>\n<em>Falls ihr euch f\u00fcr ein XC Tracer Maxx III entscheiden solltet, w\u00e4ren wir euch sehr dankbar, falls ihr uns nach eurem ersten und hoffentlich tollem Flug mit dem XC Tracer Maxx III ein Testimonial zukommen lassen k\u00f6nntet, welches wir f\u00fcr Werbezwecke einsetzen k\u00f6nnten. Auch vom Hersteller XC Tracer selbst. Das w\u00e4re super! Vielen lieben Dank!<\/em><\/p>\n<p>Mehr <a href=\"https:\/\/www.xctracer.com\/xc-tracer-maxx-iii\" target=\"_blank\" rel=\"noopener noreferrer\">Infos<\/a><\/p>\n<p>Lieferfrist 1-2 Tage &#8211;<strong> ab Lager lieferbar<\/strong><\/p>\n","protected":false},"featured_media":20320,"comment_status":"closed","ping_status":"closed","template":"","meta":[],"product_brand":[2742],"product_cat":[2113,402],"product_tag":[1545,410],"class_list":{"0":"post-20319","1":"product","2":"type-product","3":"status-publish","4":"has-post-thumbnail","6":"product_brand-xc-tracer","7":"product_cat-gleitschirm-varios","8":"product_cat-gleitschirm-zubehoer","9":"product_tag-vario","10":"product_tag-zubehoer","11":"product_shipping_class-priority-2kg-de","13":"first","14":"instock","15":"shipping-taxable","16":"purchasable","17":"product-type-simple"},"yoast_head":"<!-- This site is optimized with the Yoast SEO Premium plugin v26.1 (Yoast SEO v27.3) - https:\/\/yoast.com\/product\/yoast-seo-premium-wordpress\/ -->\n<title>XC Tracer Maxx III | Gleitschirmschule Thun, Bern, Interlaken<\/title>\n<meta name=\"description\" content=\"Ob Anf\u00e4nger oder Pro \u2013 mit dem XC Tracer Maxx III fliegst du so intuitiv wie nie zuvor. Denn was das Vario mit Piepst\u00f6nen anzeigt und das was du f\u00fchlst, stimmen perfekt \u00fcberein.\u00a0Dank verz\u00f6gerungsfreiem Anzeigen von Steigen \/ Sinken ist das Finden und Zentrieren von Thermik mit einem Maxx III viel einfacher als mit einem herk\u00f6mmlichen Variometer.\" \/>\n<meta name=\"robots\" content=\"index, follow, max-snippet:-1, max-image-preview:large, max-video-preview:-1\" \/>\n<link rel=\"canonical\" href=\"https:\/\/swissgliders.ch\/de\/produkt\/xc-tracer-maxx-iii\/\" \/>\n<meta property=\"og:locale\" content=\"de_DE\" \/>\n<meta property=\"og:type\" content=\"article\" \/>\n<meta property=\"og:title\" content=\"XC Tracer Maxx III\" \/>\n<meta property=\"og:description\" content=\"Ob Anf\u00e4nger oder Pro \u2013 mit dem XC Tracer Maxx III fliegst du so intuitiv wie nie zuvor. Denn was das Vario mit Piepst\u00f6nen anzeigt und das was du f\u00fchlst, stimmen perfekt \u00fcberein.\u00a0Dank verz\u00f6gerungsfreiem Anzeigen von Steigen \/ Sinken ist das Finden und Zentrieren von Thermik mit einem Maxx III viel einfacher als mit einem herk\u00f6mmlichen Variometer.\" \/>\n<meta property=\"og:url\" content=\"https:\/\/swissgliders.ch\/de\/produkt\/xc-tracer-maxx-iii\/\" \/>\n<meta property=\"og:site_name\" content=\"Gleitschirmschule Thun, Bern, Interlaken\" \/>\n<meta property=\"article:publisher\" content=\"https:\/\/www.facebook.com\/swissgliders\" \/>\n<meta property=\"article:modified_time\" content=\"2026-01-30T13:01:57+00:00\" \/>\n<meta name=\"twitter:card\" content=\"summary_large_image\" \/>\n<meta name=\"twitter:site\" content=\"@Swissgliders\" \/>\n<meta name=\"twitter:label1\" content=\"Preis\" \/>\n\t<meta name=\"twitter:data1\" content=\"&#067;&#072;&#070;&nbsp;819.00\" \/>\n\t<meta name=\"twitter:label2\" content=\"Verf\u00fcgbarkeit\" \/>\n\t<meta name=\"twitter:data2\" content=\"Auf Lager\" \/>\n<script type=\"application\/ld+json\" class=\"yoast-schema-graph\">{\"@context\":\"https:\\\/\\\/schema.org\",\"@graph\":[{\"@type\":\"WebPage\",\"@id\":\"https:\\\/\\\/swissgliders.ch\\\/de\\\/produkt\\\/xc-tracer-maxx-iii\\\/\",\"url\":\"https:\\\/\\\/swissgliders.ch\\\/de\\\/produkt\\\/xc-tracer-maxx-iii\\\/\",\"name\":\"XC Tracer Maxx III | Gleitschirmschule Thun, Bern, Interlaken\",\"isPartOf\":{\"@id\":\"https:\\\/\\\/swissgliders.ch\\\/de\\\/#website\"},\"primaryImageOfPage\":{\"@id\":\"https:\\\/\\\/swissgliders.ch\\\/de\\\/produkt\\\/xc-tracer-maxx-iii\\\/#primaryimage\"},\"image\":{\"@id\":\"https:\\\/\\\/swissgliders.ch\\\/de\\\/produkt\\\/xc-tracer-maxx-iii\\\/#primaryimage\"},\"thumbnailUrl\":\"https:\\\/\\\/swissgliders.ch\\\/wp-content\\\/uploads\\\/2025\\\/07\\\/XC-Tracer-Maxx_edited_edited.avif\",\"datePublished\":\"2025-07-23T20:49:20+00:00\",\"dateModified\":\"2026-01-30T13:01:57+00:00\",\"description\":\"Ob Anf\u00e4nger oder Pro \u2013 mit dem XC Tracer Maxx III fliegst du so intuitiv wie nie zuvor. Denn was das Vario mit Piepst\u00f6nen anzeigt und das was du f\u00fchlst, stimmen perfekt \u00fcberein.\u00a0Dank verz\u00f6gerungsfreiem Anzeigen von Steigen \\\/ Sinken ist das Finden und Zentrieren von Thermik mit einem Maxx III viel einfacher als mit einem herk\u00f6mmlichen Variometer.\",\"breadcrumb\":{\"@id\":\"https:\\\/\\\/swissgliders.ch\\\/de\\\/produkt\\\/xc-tracer-maxx-iii\\\/#breadcrumb\"},\"inLanguage\":\"de\",\"potentialAction\":[{\"@type\":\"ReadAction\",\"target\":[\"https:\\\/\\\/swissgliders.ch\\\/de\\\/produkt\\\/xc-tracer-maxx-iii\\\/\"]}]},{\"@type\":\"ImageObject\",\"inLanguage\":\"de\",\"@id\":\"https:\\\/\\\/swissgliders.ch\\\/de\\\/produkt\\\/xc-tracer-maxx-iii\\\/#primaryimage\",\"url\":\"https:\\\/\\\/swissgliders.ch\\\/wp-content\\\/uploads\\\/2025\\\/07\\\/XC-Tracer-Maxx_edited_edited.avif\",\"contentUrl\":\"https:\\\/\\\/swissgliders.ch\\\/wp-content\\\/uploads\\\/2025\\\/07\\\/XC-Tracer-Maxx_edited_edited.avif\",\"width\":1510,\"height\":1010,\"caption\":\"xc-tracer-maxx-III\"},{\"@type\":\"BreadcrumbList\",\"@id\":\"https:\\\/\\\/swissgliders.ch\\\/de\\\/produkt\\\/xc-tracer-maxx-iii\\\/#breadcrumb\",\"itemListElement\":[{\"@type\":\"ListItem\",\"position\":1,\"name\":\"Startseite\",\"item\":\"https:\\\/\\\/swissgliders.ch\\\/de\\\/willkommen\\\/\"},{\"@type\":\"ListItem\",\"position\":2,\"name\":\"Gleitschirm Shop\",\"item\":\"https:\\\/\\\/swissgliders.ch\\\/de\\\/gleitschirm-shop\\\/\"},{\"@type\":\"ListItem\",\"position\":3,\"name\":\"XC Tracer Maxx III\"}]},{\"@type\":\"WebSite\",\"@id\":\"https:\\\/\\\/swissgliders.ch\\\/de\\\/#website\",\"url\":\"https:\\\/\\\/swissgliders.ch\\\/de\\\/\",\"name\":\"Gleitschirmschule Thun, Bern, Interlaken\",\"description\":\"Gleitschirmschule Thun, Bern, Interlaken\",\"publisher\":{\"@id\":\"https:\\\/\\\/swissgliders.ch\\\/de\\\/#organization\"},\"potentialAction\":[{\"@type\":\"SearchAction\",\"target\":{\"@type\":\"EntryPoint\",\"urlTemplate\":\"https:\\\/\\\/swissgliders.ch\\\/de\\\/?s={search_term_string}\"},\"query-input\":{\"@type\":\"PropertyValueSpecification\",\"valueRequired\":true,\"valueName\":\"search_term_string\"}}],\"inLanguage\":\"de\"},{\"@type\":\"Organization\",\"@id\":\"https:\\\/\\\/swissgliders.ch\\\/de\\\/#organization\",\"name\":\"Swissgliders Gleitschirmflugschule Thun\",\"url\":\"https:\\\/\\\/swissgliders.ch\\\/de\\\/\",\"logo\":{\"@type\":\"ImageObject\",\"inLanguage\":\"de\",\"@id\":\"https:\\\/\\\/swissgliders.ch\\\/de\\\/#\\\/schema\\\/logo\\\/image\\\/\",\"url\":\"https:\\\/\\\/swissgliders.ch\\\/wp-content\\\/uploads\\\/2019\\\/12\\\/swissgliders-logo-rgb-square-L-no-ch-01.png\",\"contentUrl\":\"https:\\\/\\\/swissgliders.ch\\\/wp-content\\\/uploads\\\/2019\\\/12\\\/swissgliders-logo-rgb-square-L-no-ch-01.png\",\"width\":2500,\"height\":2500,\"caption\":\"Swissgliders Gleitschirmflugschule Thun\"},\"image\":{\"@id\":\"https:\\\/\\\/swissgliders.ch\\\/de\\\/#\\\/schema\\\/logo\\\/image\\\/\"},\"sameAs\":[\"https:\\\/\\\/www.facebook.com\\\/swissgliders\",\"https:\\\/\\\/x.com\\\/Swissgliders\",\"https:\\\/\\\/www.instagram.com\\\/swissgliders\\\/\",\"https:\\\/\\\/www.youtube.com\\\/channel\\\/UCMCtGdepy9vBhrhX3V_oJOA\"],\"hasMerchantReturnPolicy\":{\"@type\":\"MerchantReturnPolicy\",\"merchantReturnLink\":\"https:\\\/\\\/swissgliders.ch\\\/de\\\/allgemeine-geschaftsbedingungen\\\/\"}}]}<\/script>\n<meta property=\"product:price:amount\" content=\"819.00\" \/>\n<meta property=\"product:price:currency\" content=\"CHF\" \/>\n<meta property=\"og:availability\" content=\"instock\" \/>\n<meta property=\"product:availability\" content=\"instock\" \/>\n<meta property=\"product:condition\" content=\"new\" \/>\n<!-- \/ Yoast SEO Premium plugin. -->","yoast_head_json":{"title":"XC Tracer Maxx III | Gleitschirmschule Thun, Bern, Interlaken","description":"Ob Anf\u00e4nger oder Pro \u2013 mit dem XC Tracer Maxx III fliegst du so intuitiv wie nie zuvor. Denn was das Vario mit Piepst\u00f6nen anzeigt und das was du f\u00fchlst, stimmen perfekt \u00fcberein.\u00a0Dank verz\u00f6gerungsfreiem Anzeigen von Steigen \/ Sinken ist das Finden und Zentrieren von Thermik mit einem Maxx III viel einfacher als mit einem herk\u00f6mmlichen Variometer.","robots":{"index":"index","follow":"follow","max-snippet":"max-snippet:-1","max-image-preview":"max-image-preview:large","max-video-preview":"max-video-preview:-1"},"canonical":"https:\/\/swissgliders.ch\/de\/produkt\/xc-tracer-maxx-iii\/","og_locale":"de_DE","og_type":"article","og_title":"XC Tracer Maxx III","og_description":"Ob Anf\u00e4nger oder Pro \u2013 mit dem XC Tracer Maxx III fliegst du so intuitiv wie nie zuvor. Denn was das Vario mit Piepst\u00f6nen anzeigt und das was du f\u00fchlst, stimmen perfekt \u00fcberein.\u00a0Dank verz\u00f6gerungsfreiem Anzeigen von Steigen \/ Sinken ist das Finden und Zentrieren von Thermik mit einem Maxx III viel einfacher als mit einem herk\u00f6mmlichen Variometer.","og_url":"https:\/\/swissgliders.ch\/de\/produkt\/xc-tracer-maxx-iii\/","og_site_name":"Gleitschirmschule Thun, Bern, Interlaken","article_publisher":"https:\/\/www.facebook.com\/swissgliders","article_modified_time":"2026-01-30T13:01:57+00:00","twitter_card":"summary_large_image","twitter_site":"@Swissgliders","twitter_misc":{"Preis":"&#67;&#72;&#70;&nbsp;819.00","Verf\u00fcgbarkeit":"Auf Lager"},"schema":{"@context":"https:\/\/schema.org","@graph":[{"@type":"WebPage","@id":"https:\/\/swissgliders.ch\/de\/produkt\/xc-tracer-maxx-iii\/","url":"https:\/\/swissgliders.ch\/de\/produkt\/xc-tracer-maxx-iii\/","name":"XC Tracer Maxx III | Gleitschirmschule Thun, Bern, Interlaken","isPartOf":{"@id":"https:\/\/swissgliders.ch\/de\/#website"},"primaryImageOfPage":{"@id":"https:\/\/swissgliders.ch\/de\/produkt\/xc-tracer-maxx-iii\/#primaryimage"},"image":{"@id":"https:\/\/swissgliders.ch\/de\/produkt\/xc-tracer-maxx-iii\/#primaryimage"},"thumbnailUrl":"https:\/\/swissgliders.ch\/wp-content\/uploads\/2025\/07\/XC-Tracer-Maxx_edited_edited.avif","datePublished":"2025-07-23T20:49:20+00:00","dateModified":"2026-01-30T13:01:57+00:00","description":"Ob Anf\u00e4nger oder Pro \u2013 mit dem XC Tracer Maxx III fliegst du so intuitiv wie nie zuvor. Denn was das Vario mit Piepst\u00f6nen anzeigt und das was du f\u00fchlst, stimmen perfekt \u00fcberein.\u00a0Dank verz\u00f6gerungsfreiem Anzeigen von Steigen \/ Sinken ist das Finden und Zentrieren von Thermik mit einem Maxx III viel einfacher als mit einem herk\u00f6mmlichen Variometer.","breadcrumb":{"@id":"https:\/\/swissgliders.ch\/de\/produkt\/xc-tracer-maxx-iii\/#breadcrumb"},"inLanguage":"de","potentialAction":[{"@type":"ReadAction","target":["https:\/\/swissgliders.ch\/de\/produkt\/xc-tracer-maxx-iii\/"]}]},{"@type":"ImageObject","inLanguage":"de","@id":"https:\/\/swissgliders.ch\/de\/produkt\/xc-tracer-maxx-iii\/#primaryimage","url":"https:\/\/swissgliders.ch\/wp-content\/uploads\/2025\/07\/XC-Tracer-Maxx_edited_edited.avif","contentUrl":"https:\/\/swissgliders.ch\/wp-content\/uploads\/2025\/07\/XC-Tracer-Maxx_edited_edited.avif","width":1510,"height":1010,"caption":"xc-tracer-maxx-III"},{"@type":"BreadcrumbList","@id":"https:\/\/swissgliders.ch\/de\/produkt\/xc-tracer-maxx-iii\/#breadcrumb","itemListElement":[{"@type":"ListItem","position":1,"name":"Startseite","item":"https:\/\/swissgliders.ch\/de\/willkommen\/"},{"@type":"ListItem","position":2,"name":"Gleitschirm Shop","item":"https:\/\/swissgliders.ch\/de\/gleitschirm-shop\/"},{"@type":"ListItem","position":3,"name":"XC Tracer Maxx III"}]},{"@type":"WebSite","@id":"https:\/\/swissgliders.ch\/de\/#website","url":"https:\/\/swissgliders.ch\/de\/","name":"Gleitschirmschule Thun, Bern, Interlaken","description":"Gleitschirmschule Thun, Bern, Interlaken","publisher":{"@id":"https:\/\/swissgliders.ch\/de\/#organization"},"potentialAction":[{"@type":"SearchAction","target":{"@type":"EntryPoint","urlTemplate":"https:\/\/swissgliders.ch\/de\/?s={search_term_string}"},"query-input":{"@type":"PropertyValueSpecification","valueRequired":true,"valueName":"search_term_string"}}],"inLanguage":"de"},{"@type":"Organization","@id":"https:\/\/swissgliders.ch\/de\/#organization","name":"Swissgliders Gleitschirmflugschule Thun","url":"https:\/\/swissgliders.ch\/de\/","logo":{"@type":"ImageObject","inLanguage":"de","@id":"https:\/\/swissgliders.ch\/de\/#\/schema\/logo\/image\/","url":"https:\/\/swissgliders.ch\/wp-content\/uploads\/2019\/12\/swissgliders-logo-rgb-square-L-no-ch-01.png","contentUrl":"https:\/\/swissgliders.ch\/wp-content\/uploads\/2019\/12\/swissgliders-logo-rgb-square-L-no-ch-01.png","width":2500,"height":2500,"caption":"Swissgliders Gleitschirmflugschule Thun"},"image":{"@id":"https:\/\/swissgliders.ch\/de\/#\/schema\/logo\/image\/"},"sameAs":["https:\/\/www.facebook.com\/swissgliders","https:\/\/x.com\/Swissgliders","https:\/\/www.instagram.com\/swissgliders\/","https:\/\/www.youtube.com\/channel\/UCMCtGdepy9vBhrhX3V_oJOA"],"hasMerchantReturnPolicy":{"@type":"MerchantReturnPolicy","merchantReturnLink":"https:\/\/swissgliders.ch\/de\/allgemeine-geschaftsbedingungen\/"}}]},"product_price_amount":"819.00","product_price_currency":"CHF","og_availability":"instock","product_availability":"instock","product_condition":"new"},"_links":{"self":[{"href":"https:\/\/swissgliders.ch\/de\/wp-json\/wp\/v2\/product\/20319","targetHints":{"allow":["GET"]}}],"collection":[{"href":"https:\/\/swissgliders.ch\/de\/wp-json\/wp\/v2\/product"}],"about":[{"href":"https:\/\/swissgliders.ch\/de\/wp-json\/wp\/v2\/types\/product"}],"replies":[{"embeddable":true,"href":"https:\/\/swissgliders.ch\/de\/wp-json\/wp\/v2\/comments?post=20319"}],"wp:featuredmedia":[{"embeddable":true,"href":"https:\/\/swissgliders.ch\/de\/wp-json\/wp\/v2\/media\/20320"}],"wp:attachment":[{"href":"https:\/\/swissgliders.ch\/de\/wp-json\/wp\/v2\/media?parent=20319"}],"wp:term":[{"taxonomy":"product_brand","embeddable":true,"href":"https:\/\/swissgliders.ch\/de\/wp-json\/wp\/v2\/product_brand?post=20319"},{"taxonomy":"product_cat","embeddable":true,"href":"https:\/\/swissgliders.ch\/de\/wp-json\/wp\/v2\/product_cat?post=20319"},{"taxonomy":"product_tag","embeddable":true,"href":"https:\/\/swissgliders.ch\/de\/wp-json\/wp\/v2\/product_tag?post=20319"}],"curies":[{"name":"wp","href":"https:\/\/api.w.org\/{rel}","templated":true}]}}