{"id":20741,"date":"2025-09-08T15:41:52","date_gmt":"2025-09-08T14:41:52","guid":{"rendered":"https:\/\/swissgliders.ch\/?post_type=product&#038;p=20741"},"modified":"2025-11-06T14:45:19","modified_gmt":"2025-11-06T13:45:19","slug":"sky-paragliders-skylighter-4","status":"publish","type":"product","link":"https:\/\/swissgliders.ch\/de\/produkt\/sky-paragliders-skylighter-4\/","title":{"rendered":"Sky Paragliders Skylighter 4"},"content":{"rendered":"<h4 class=\"et_pb_module_header\" style=\"text-align: left;\"><span style=\"text-align: left;\"> <br class=\"avia-permanent-lb\" \/>Das SKYLIGHTER 4 ist die neueste Generation unseres Gurtzeugs f\u00fcr Streckenfl\u00fcge, Walk &amp; Fly und das Reisen.<br class=\"avia-permanent-lb\" \/><br class=\"avia-permanent-lb\" \/><\/span><\/h4>\n<div class=\"et_pb_blurb_description\">\n<p><img loading=\"lazy\" decoding=\"async\" class=\"\" src=\"https:\/\/sky-cz.com\/data\/filecache\/aa\/@1920x0\/DSC0039dfinal2.jpg\" width=\"742\" height=\"494\" \/><br class=\"avia-permanent-lb\" \/><br class=\"avia-permanent-lb\" \/><\/p>\n<p>Wir haben unser leichtes XC-Liegegurtzeug einer \u00dcberarbeitung unterzogen, damit die Piloten den Flug \u00fcber die Landschaften noch besser genie\u00dfen k\u00f6nnen. Beim Design des SKYLIGHTER 4 haben wir sorgf\u00e4ltig auf ihre Bed\u00fcrfnisse und ihr Feedback geh\u00f6rt. <br class=\"avia-permanent-lb\" \/><br class=\"avia-permanent-lb\" \/><br class=\"avia-permanent-lb\" \/><\/p>\n<p>Das\u00a0<strong>SKYLIGHTER 4<\/strong>\u00a0ist eine Evolution der SKYLIGHTER-Serie mit zahlreichen Weiterentwicklungen: Das neue Gurtsystem nutzt 12 mm schmales ultraleichtes Gewebe f\u00fcr erh\u00f6hte Sicherheit und mehr Komfort und die ver\u00e4nderte Geometrie verleiht dem Gurtzeug mehr Stabilit\u00e4t.<\/p>\n<p>Als H\u00e4ngematten-Gurtzeug konzipiert, verf\u00fcgt das\u00a0<strong>SKYLIGHTER 4<\/strong>\u00a0\u00fcber einen Schaumstoff-R\u00fcckenprotektor und auf Pilotenwunsch \u00fcber zus\u00e4tzlichen Stauraum.<\/p>\n<p>Das\u00a0<strong>SKYLIGHTER 4<\/strong>\u00a0ist in den Gr\u00f6\u00dfen M, L und XL verf\u00fcgbar.<\/p>\n<p><strong> <br class=\"avia-permanent-lb\" \/>Haupteigenschaften:<\/strong><\/p>\n<ul>\n<li>neues Gurtsystem mit ultraleichten 12 mm-Gurtb\u00e4ndern f\u00fcr verbesserte Sicherheit und mehr Komfort<\/li>\n<li>ver\u00e4nderte Geometrie f\u00fcr h\u00f6here Flugstabilit\u00e4t<\/li>\n<li>kleiner Stauraum unter dem Sitz, vergr\u00f6\u00dfertes R\u00fcckenfach mit zus\u00e4tzlichen Taschen, zwei Seitenf\u00e4cher und zus\u00e4tzlichem Stauraum im integrierten Cockpit<\/li>\n<li>Schaumstoff-R\u00fcckenprotektor<\/li>\n<li>abnehmbarer Beinsack (erlaubt es, den Gurt mit 3 unterschiedlich langen Beins\u00e4cken zu kombinieren)<\/li>\n<li>Reservecontainer unter den Oberschenkeln \u2013 an der Unterseite des Gurtzeugs und im Schwerpunkt<\/li>\n<li>leichte Einstellbarkeit im Flug<\/li>\n<li>einfache Ausl\u00f6sung des Rettungsschirms<\/li>\n<li>neue aufblasbare R\u00fcckenverkleidung<\/li>\n<li>integriertes Cockpit mit abnehmbarem Instrumentenfach und Sonnenschutz<\/li>\n<li>Fu\u00dfst\u00fctze aus Carbon<\/li>\n<li>standardm\u00e4\u00dfig mit Edelrid Foras-Karabinern ausgestattet<\/li>\n<li>kugelgelagerte Ronstan-Beschleunigerrollen<\/li>\n<li>geringes Gewicht (nur 3,2 kg in Gr. L \u2013 flugfertig!)<\/li>\n<li>vollst\u00e4ndig EN\/LTF-mustergepr\u00fcft \u2013 als erstes Gurtzeug nach dem neu \u00fcberarbeiteten Standard EN 1651:2018<\/li>\n<\/ul>\n<p>&nbsp;<\/p>\n<p><img loading=\"lazy\" decoding=\"async\" class=\"\" src=\"https:\/\/sky-cz.com\/data\/filecache\/6b\/@1920x0\/P1200720_1.jpg\" width=\"810\" height=\"540\" \/><\/p>\n<p>&nbsp;<\/p>\n<p><strong>Technische Daten:<\/strong><\/p>\n<table class=\"table table--fullWidth table--striped\">\n<tbody>\n<tr>\n<td><strong>SKYLIGHTER 3<\/strong><\/td>\n<td><b>M<\/b><\/td>\n<td><b>L<\/b><\/td>\n<td><strong>XL<\/strong><\/td>\n<\/tr>\n<tr>\n<td>Pilotengr\u00f6\u00dfe \u00a0(cm)<\/td>\n<td>160-180<\/td>\n<td>175-190<\/td>\n<td>190-200<\/td>\n<td><\/td>\n<td><\/td>\n<\/tr>\n<tr>\n<td>Breite Brustgurt (cm)<\/td>\n<td>40-46<\/td>\n<td>43-49<\/td>\n<td>46-52<\/td>\n<\/tr>\n<tr>\n<td>Gurtgewicht* (kg)<\/td>\n<td>3,0<\/td>\n<td>3,2<\/td>\n<td>3,4<\/td>\n<td><\/td>\n<td><\/td>\n<\/tr>\n<tr>\n<td>Test<\/td>\n<td>EN \/ LTF<\/td>\n<td>EN \/ LTF<\/td>\n<td>EN \/ LTF<\/td>\n<\/tr>\n<\/tbody>\n<\/table>\n<p>* \u00a0<em>Gewicht inklusive R\u00fcckenprotektor, Speed-System, Haupt-Karabiner und Instrumentenhalter.<\/em><\/p>\n<p>&nbsp;<\/p>\n<p><strong>Lieferumfang:<\/strong><\/p>\n<ul>\n<li>Cockpit<\/li>\n<li>ultraleichts mehrstufiges Speedsystem<\/li>\n<li>Hauptkarabiner<\/li>\n<li>integrierte Dyneema-Verbindungsleine f\u00fcr den Retter<\/li>\n<\/ul>\n<p>&nbsp;<\/p>\n<p>Mehr <a href=\"https:\/\/sky-cz.com\/de\/skylighter4\">Infos<\/a><br \/>\nFalls dieser Artikel nicht an Lager ist, wird er f\u00fcr dich bestellt. Lieferfrist auf Anfrage.<\/p>\n<\/div>\n","protected":false},"excerpt":{"rendered":"<h4 class=\"et_pb_module_header\" style=\"text-align: left;\"><span style=\"text-align: left;\"><br class=\"avia-permanent-lb\" \/>Das SKYLIGHTER 4 ist die neueste Generation unseres Gurtzeugs f\u00fcr Streckenfl\u00fcge, Walk &amp; Fly und das Reisen.<br class=\"avia-permanent-lb\" \/><br class=\"avia-permanent-lb\" \/><\/span><\/h4>\n<div class=\"et_pb_blurb_description\">\n<p><img loading=\"lazy\" decoding=\"async\" class=\"\" src=\"https:\/\/sky-cz.com\/data\/filecache\/aa\/@1920x0\/DSC0039dfinal2.jpg\" width=\"742\" height=\"494\" \/><br class=\"avia-permanent-lb\" \/><br class=\"avia-permanent-lb\" \/><\/p>\n<p>Wir haben unser leichtes XC-Liegegurtzeug einer \u00dcberarbeitung unterzogen, damit die Piloten den Flug \u00fcber die Landschaften noch besser genie\u00dfen k\u00f6nnen. Beim Design des SKYLIGHTER 4 haben wir sorgf\u00e4ltig auf ihre Bed\u00fcrfnisse und ihr Feedback geh\u00f6rt. <br class=\"avia-permanent-lb\" \/><br class=\"avia-permanent-lb\" \/><br class=\"avia-permanent-lb\" \/><\/p>\n<p>Das\u00a0<strong>SKYLIGHTER 4<\/strong>\u00a0ist eine Evolution der SKYLIGHTER-Serie mit zahlreichen Weiterentwicklungen: Das neue Gurtsystem nutzt 12 mm schmales ultraleichtes Gewebe f\u00fcr erh\u00f6hte Sicherheit und mehr Komfort und die ver\u00e4nderte Geometrie verleiht dem Gurtzeug mehr Stabilit\u00e4t.<\/p>\n<p>Als H\u00e4ngematten-Gurtzeug konzipiert, verf\u00fcgt das\u00a0<strong>SKYLIGHTER 4<\/strong>\u00a0\u00fcber einen Schaumstoff-R\u00fcckenprotektor und auf Pilotenwunsch \u00fcber zus\u00e4tzlichen Stauraum.<\/p>\n<p>Das\u00a0<strong>SKYLIGHTER 4<\/strong>\u00a0ist in den Gr\u00f6\u00dfen M, L und XL verf\u00fcgbar.<\/p>\n<p><strong> <br class=\"avia-permanent-lb\" \/>Haupteigenschaften:<\/strong><\/p>\n<ul>\n<li>neues Gurtsystem mit ultraleichten 12 mm-Gurtb\u00e4ndern f\u00fcr verbesserte Sicherheit und mehr Komfort<\/li>\n<li>ver\u00e4nderte Geometrie f\u00fcr h\u00f6here Flugstabilit\u00e4t<\/li>\n<li>kleiner Stauraum unter dem Sitz, vergr\u00f6\u00dfertes R\u00fcckenfach mit zus\u00e4tzlichen Taschen, zwei Seitenf\u00e4cher und zus\u00e4tzlichem Stauraum im integrierten Cockpit<\/li>\n<li>Schaumstoff-R\u00fcckenprotektor<\/li>\n<li>abnehmbarer Beinsack (erlaubt es, den Gurt mit 3 unterschiedlich langen Beins\u00e4cken zu kombinieren)<\/li>\n<li>Reservecontainer unter den Oberschenkeln \u2013 an der Unterseite des Gurtzeugs und im Schwerpunkt<\/li>\n<li>leichte Einstellbarkeit im Flug<\/li>\n<li>einfache Ausl\u00f6sung des Rettungsschirms<\/li>\n<li>neue aufblasbare R\u00fcckenverkleidung<\/li>\n<li>integriertes Cockpit mit abnehmbarem Instrumentenfach und Sonnenschutz<\/li>\n<li>Fu\u00dfst\u00fctze aus Carbon<\/li>\n<li>standardm\u00e4\u00dfig mit Edelrid Foras-Karabinern ausgestattet<\/li>\n<li>kugelgelagerte Ronstan-Beschleunigerrollen<\/li>\n<li>geringes Gewicht (nur 3,2 kg in Gr. L \u2013 flugfertig!)<\/li>\n<li>vollst\u00e4ndig EN\/LTF-mustergepr\u00fcft \u2013 als erstes Gurtzeug nach dem neu \u00fcberarbeiteten Standard EN 1651:2018<\/li>\n<\/ul>\n<p>&nbsp;<\/p>\n<p><img loading=\"lazy\" decoding=\"async\" class=\"\" src=\"https:\/\/sky-cz.com\/data\/filecache\/6b\/@1920x0\/P1200720_1.jpg\" width=\"810\" height=\"540\" \/><\/p>\n<p>&nbsp;<\/p>\n<p><strong>Technische Daten:<\/strong><\/p>\n<table class=\"table table--fullWidth table--striped\">\n<tbody>\n<tr>\n<td><strong>SKYLIGHTER 3<\/strong><\/td>\n<td><b>M<\/b><\/td>\n<td><b>L<\/b><\/td>\n<td><strong>XL<\/strong><\/td>\n<\/tr>\n<tr>\n<td>Pilotengr\u00f6\u00dfe \u00a0(cm)<\/td>\n<td>160-180<\/td>\n<td>175-190<\/td>\n<td>190-200<\/td>\n<td><\/td>\n<td><\/td>\n<\/tr>\n<tr>\n<td>Breite Brustgurt (cm)<\/td>\n<td>40-46<\/td>\n<td>43-49<\/td>\n<td>46-52<\/td>\n<\/tr>\n<tr>\n<td>Gurtgewicht* (kg)<\/td>\n<td>3,0<\/td>\n<td>3,2<\/td>\n<td>3,4<\/td>\n<td><\/td>\n<td><\/td>\n<\/tr>\n<tr>\n<td>Test<\/td>\n<td>EN \/ LTF<\/td>\n<td>EN \/ LTF<\/td>\n<td>EN \/ LTF<\/td>\n<\/tr>\n<\/tbody>\n<\/table>\n<p>* \u00a0<em>Gewicht inklusive R\u00fcckenprotektor, Speed-System, Haupt-Karabiner und Instrumentenhalter.<\/em><\/p>\n<p>&nbsp;<\/p>\n<p><strong>Lieferumfang:<\/strong><\/p>\n<ul>\n<li>Cockpit<\/li>\n<li>ultraleichts mehrstufiges Speedsystem<\/li>\n<li>Hauptkarabiner<\/li>\n<li>integrierte Dyneema-Verbindungsleine f\u00fcr den Retter<\/li>\n<\/ul>\n<p>&nbsp;<\/p>\n<p>Mehr <a href=\"https:\/\/sky-cz.com\/de\/skylighter4\">Infos<\/a><br \/>\nFalls dieser Artikel nicht an Lager ist, wird er f\u00fcr dich bestellt. Lieferfrist auf Anfrage.<\/p>\n<\/div>\n","protected":false},"featured_media":20744,"comment_status":"closed","ping_status":"closed","template":"","meta":[],"product_brand":[2609],"product_cat":[1041],"product_tag":[999,90],"class_list":{"0":"post-20741","1":"product","2":"type-product","3":"status-publish","4":"has-post-thumbnail","6":"product_brand-sky-paragliders","7":"product_cat-gleitschirm-liegegurtzeuge","8":"product_tag-liegegurtzeug","9":"product_tag-verkaufsartikel","10":"product_shipping_class-priority-10kg-de","12":"first","13":"instock","14":"shipping-taxable","15":"purchasable","16":"product-type-variable"},"yoast_head":"<!-- This site is optimized with the Yoast SEO Premium plugin v26.1 (Yoast SEO v27.3) - https:\/\/yoast.com\/product\/yoast-seo-premium-wordpress\/ -->\n<title>Sky Paragliders Skylighter 4 | Gleitschirmschule Thun, Bern, Interlaken<\/title>\n<meta name=\"description\" content=\"Das SKYLIGHTER 4 ist die neueste Generation unseres Liegegurtzeugs f\u00fcr Streckenfl\u00fcge, Walk &amp; Fly und das Reisen. Wir haben unser leichtes XC-Liegegurtzeug einer \u00dcberarbeitung unterzogen, damit die Piloten den Flug \u00fcber die Landschaften noch besser genie\u00dfen k\u00f6nnen. Beim Design des SKYLIGHTER 4 haben wir sorgf\u00e4ltig auf ihre Bed\u00fcrfnisse und ihr Feedback geh\u00f6rt.\" \/>\n<meta name=\"robots\" content=\"index, follow, max-snippet:-1, max-image-preview:large, max-video-preview:-1\" \/>\n<link rel=\"canonical\" href=\"https:\/\/swissgliders.ch\/de\/produkt\/sky-paragliders-skylighter-4\/\" \/>\n<meta property=\"og:locale\" content=\"de_DE\" \/>\n<meta property=\"og:type\" content=\"article\" \/>\n<meta property=\"og:title\" content=\"Sky Paragliders Skylighter 4\" \/>\n<meta property=\"og:description\" content=\"Das SKYLIGHTER 4 ist die neueste Generation unseres Liegegurtzeugs f\u00fcr Streckenfl\u00fcge, Walk &amp; Fly und das Reisen. Wir haben unser leichtes XC-Liegegurtzeug einer \u00dcberarbeitung unterzogen, damit die Piloten den Flug \u00fcber die Landschaften noch besser genie\u00dfen k\u00f6nnen. Beim Design des SKYLIGHTER 4 haben wir sorgf\u00e4ltig auf ihre Bed\u00fcrfnisse und ihr Feedback geh\u00f6rt.\" \/>\n<meta property=\"og:url\" content=\"https:\/\/swissgliders.ch\/de\/produkt\/sky-paragliders-skylighter-4\/\" \/>\n<meta property=\"og:site_name\" content=\"Gleitschirmschule Thun, Bern, Interlaken\" \/>\n<meta property=\"article:publisher\" content=\"https:\/\/www.facebook.com\/swissgliders\" \/>\n<meta property=\"article:modified_time\" content=\"2025-11-06T13:45:19+00:00\" \/>\n<meta property=\"og:image\" content=\"https:\/\/swissgliders.ch\/wp-content\/uploads\/2025\/09\/Sky-Paragliders_Liegegurtzeug_Skylighter-4-1.jpg\" \/>\n\t<meta property=\"og:image:width\" content=\"1920\" \/>\n\t<meta property=\"og:image:height\" content=\"1280\" \/>\n\t<meta property=\"og:image:type\" content=\"image\/jpeg\" \/>\n<meta name=\"twitter:card\" content=\"summary_large_image\" \/>\n<meta name=\"twitter:site\" content=\"@Swissgliders\" \/>\n<meta name=\"twitter:label1\" content=\"Verf\u00fcgbarkeit\" \/>\n\t<meta name=\"twitter:data1\" content=\"Auf Lager\" \/>\n<script type=\"application\/ld+json\" class=\"yoast-schema-graph\">{\"@context\":\"https:\\\/\\\/schema.org\",\"@graph\":[{\"@type\":\"WebPage\",\"@id\":\"https:\\\/\\\/swissgliders.ch\\\/de\\\/produkt\\\/sky-paragliders-skylighter-4\\\/\",\"url\":\"https:\\\/\\\/swissgliders.ch\\\/de\\\/produkt\\\/sky-paragliders-skylighter-4\\\/\",\"name\":\"Sky Paragliders Skylighter 4 | Gleitschirmschule Thun, Bern, Interlaken\",\"isPartOf\":{\"@id\":\"https:\\\/\\\/swissgliders.ch\\\/de\\\/#website\"},\"primaryImageOfPage\":{\"@id\":\"https:\\\/\\\/swissgliders.ch\\\/de\\\/produkt\\\/sky-paragliders-skylighter-4\\\/#primaryimage\"},\"image\":{\"@id\":\"https:\\\/\\\/swissgliders.ch\\\/de\\\/produkt\\\/sky-paragliders-skylighter-4\\\/#primaryimage\"},\"thumbnailUrl\":\"https:\\\/\\\/swissgliders.ch\\\/wp-content\\\/uploads\\\/2025\\\/09\\\/Sky-Paragliders_Liegegurtzeug_Skylighter-4-1.jpg\",\"datePublished\":\"2025-09-08T14:41:52+00:00\",\"dateModified\":\"2025-11-06T13:45:19+00:00\",\"description\":\"Das SKYLIGHTER 4 ist die neueste Generation unseres Liegegurtzeugs f\u00fcr Streckenfl\u00fcge, Walk & Fly und das Reisen. Wir haben unser leichtes XC-Liegegurtzeug einer \u00dcberarbeitung unterzogen, damit die Piloten den Flug \u00fcber die Landschaften noch besser genie\u00dfen k\u00f6nnen. Beim Design des SKYLIGHTER 4 haben wir sorgf\u00e4ltig auf ihre Bed\u00fcrfnisse und ihr Feedback geh\u00f6rt.\",\"breadcrumb\":{\"@id\":\"https:\\\/\\\/swissgliders.ch\\\/de\\\/produkt\\\/sky-paragliders-skylighter-4\\\/#breadcrumb\"},\"inLanguage\":\"de\",\"potentialAction\":[{\"@type\":\"ReadAction\",\"target\":[\"https:\\\/\\\/swissgliders.ch\\\/de\\\/produkt\\\/sky-paragliders-skylighter-4\\\/\"]}]},{\"@type\":\"ImageObject\",\"inLanguage\":\"de\",\"@id\":\"https:\\\/\\\/swissgliders.ch\\\/de\\\/produkt\\\/sky-paragliders-skylighter-4\\\/#primaryimage\",\"url\":\"https:\\\/\\\/swissgliders.ch\\\/wp-content\\\/uploads\\\/2025\\\/09\\\/Sky-Paragliders_Liegegurtzeug_Skylighter-4-1.jpg\",\"contentUrl\":\"https:\\\/\\\/swissgliders.ch\\\/wp-content\\\/uploads\\\/2025\\\/09\\\/Sky-Paragliders_Liegegurtzeug_Skylighter-4-1.jpg\",\"width\":1920,\"height\":1280,\"caption\":\"Sky Paragliders_Liegegurtzeug_Skylighter 4-1\"},{\"@type\":\"BreadcrumbList\",\"@id\":\"https:\\\/\\\/swissgliders.ch\\\/de\\\/produkt\\\/sky-paragliders-skylighter-4\\\/#breadcrumb\",\"itemListElement\":[{\"@type\":\"ListItem\",\"position\":1,\"name\":\"Startseite\",\"item\":\"https:\\\/\\\/swissgliders.ch\\\/de\\\/willkommen\\\/\"},{\"@type\":\"ListItem\",\"position\":2,\"name\":\"Gleitschirm Shop\",\"item\":\"https:\\\/\\\/swissgliders.ch\\\/de\\\/gleitschirm-shop\\\/\"},{\"@type\":\"ListItem\",\"position\":3,\"name\":\"Sky Paragliders Skylighter 4\"}]},{\"@type\":\"WebSite\",\"@id\":\"https:\\\/\\\/swissgliders.ch\\\/de\\\/#website\",\"url\":\"https:\\\/\\\/swissgliders.ch\\\/de\\\/\",\"name\":\"Gleitschirmschule Thun, Bern, Interlaken\",\"description\":\"Gleitschirmschule Thun, Bern, Interlaken\",\"publisher\":{\"@id\":\"https:\\\/\\\/swissgliders.ch\\\/de\\\/#organization\"},\"potentialAction\":[{\"@type\":\"SearchAction\",\"target\":{\"@type\":\"EntryPoint\",\"urlTemplate\":\"https:\\\/\\\/swissgliders.ch\\\/de\\\/?s={search_term_string}\"},\"query-input\":{\"@type\":\"PropertyValueSpecification\",\"valueRequired\":true,\"valueName\":\"search_term_string\"}}],\"inLanguage\":\"de\"},{\"@type\":\"Organization\",\"@id\":\"https:\\\/\\\/swissgliders.ch\\\/de\\\/#organization\",\"name\":\"Swissgliders Gleitschirmflugschule Thun\",\"url\":\"https:\\\/\\\/swissgliders.ch\\\/de\\\/\",\"logo\":{\"@type\":\"ImageObject\",\"inLanguage\":\"de\",\"@id\":\"https:\\\/\\\/swissgliders.ch\\\/de\\\/#\\\/schema\\\/logo\\\/image\\\/\",\"url\":\"https:\\\/\\\/swissgliders.ch\\\/wp-content\\\/uploads\\\/2019\\\/12\\\/swissgliders-logo-rgb-square-L-no-ch-01.png\",\"contentUrl\":\"https:\\\/\\\/swissgliders.ch\\\/wp-content\\\/uploads\\\/2019\\\/12\\\/swissgliders-logo-rgb-square-L-no-ch-01.png\",\"width\":2500,\"height\":2500,\"caption\":\"Swissgliders Gleitschirmflugschule Thun\"},\"image\":{\"@id\":\"https:\\\/\\\/swissgliders.ch\\\/de\\\/#\\\/schema\\\/logo\\\/image\\\/\"},\"sameAs\":[\"https:\\\/\\\/www.facebook.com\\\/swissgliders\",\"https:\\\/\\\/x.com\\\/Swissgliders\",\"https:\\\/\\\/www.instagram.com\\\/swissgliders\\\/\",\"https:\\\/\\\/www.youtube.com\\\/channel\\\/UCMCtGdepy9vBhrhX3V_oJOA\"],\"hasMerchantReturnPolicy\":{\"@type\":\"MerchantReturnPolicy\",\"merchantReturnLink\":\"https:\\\/\\\/swissgliders.ch\\\/de\\\/allgemeine-geschaftsbedingungen\\\/\"}}]}<\/script>\n<meta property=\"og:availability\" content=\"instock\" \/>\n<meta property=\"product:availability\" content=\"instock\" \/>\n<meta property=\"product:condition\" content=\"new\" \/>\n<!-- \/ Yoast SEO Premium plugin. -->","yoast_head_json":{"title":"Sky Paragliders Skylighter 4 | Gleitschirmschule Thun, Bern, Interlaken","description":"Das SKYLIGHTER 4 ist die neueste Generation unseres Liegegurtzeugs f\u00fcr Streckenfl\u00fcge, Walk & Fly und das Reisen. Wir haben unser leichtes XC-Liegegurtzeug einer \u00dcberarbeitung unterzogen, damit die Piloten den Flug \u00fcber die Landschaften noch besser genie\u00dfen k\u00f6nnen. Beim Design des SKYLIGHTER 4 haben wir sorgf\u00e4ltig auf ihre Bed\u00fcrfnisse und ihr Feedback geh\u00f6rt.","robots":{"index":"index","follow":"follow","max-snippet":"max-snippet:-1","max-image-preview":"max-image-preview:large","max-video-preview":"max-video-preview:-1"},"canonical":"https:\/\/swissgliders.ch\/de\/produkt\/sky-paragliders-skylighter-4\/","og_locale":"de_DE","og_type":"article","og_title":"Sky Paragliders Skylighter 4","og_description":"Das SKYLIGHTER 4 ist die neueste Generation unseres Liegegurtzeugs f\u00fcr Streckenfl\u00fcge, Walk & Fly und das Reisen. Wir haben unser leichtes XC-Liegegurtzeug einer \u00dcberarbeitung unterzogen, damit die Piloten den Flug \u00fcber die Landschaften noch besser genie\u00dfen k\u00f6nnen. Beim Design des SKYLIGHTER 4 haben wir sorgf\u00e4ltig auf ihre Bed\u00fcrfnisse und ihr Feedback geh\u00f6rt.","og_url":"https:\/\/swissgliders.ch\/de\/produkt\/sky-paragliders-skylighter-4\/","og_site_name":"Gleitschirmschule Thun, Bern, Interlaken","article_publisher":"https:\/\/www.facebook.com\/swissgliders","article_modified_time":"2025-11-06T13:45:19+00:00","og_image":[{"width":1920,"height":1280,"url":"https:\/\/swissgliders.ch\/wp-content\/uploads\/2025\/09\/Sky-Paragliders_Liegegurtzeug_Skylighter-4-1.jpg","type":"image\/jpeg"}],"twitter_card":"summary_large_image","twitter_site":"@Swissgliders","twitter_misc":{"Verf\u00fcgbarkeit":"Auf Lager"},"schema":{"@context":"https:\/\/schema.org","@graph":[{"@type":"WebPage","@id":"https:\/\/swissgliders.ch\/de\/produkt\/sky-paragliders-skylighter-4\/","url":"https:\/\/swissgliders.ch\/de\/produkt\/sky-paragliders-skylighter-4\/","name":"Sky Paragliders Skylighter 4 | Gleitschirmschule Thun, Bern, Interlaken","isPartOf":{"@id":"https:\/\/swissgliders.ch\/de\/#website"},"primaryImageOfPage":{"@id":"https:\/\/swissgliders.ch\/de\/produkt\/sky-paragliders-skylighter-4\/#primaryimage"},"image":{"@id":"https:\/\/swissgliders.ch\/de\/produkt\/sky-paragliders-skylighter-4\/#primaryimage"},"thumbnailUrl":"https:\/\/swissgliders.ch\/wp-content\/uploads\/2025\/09\/Sky-Paragliders_Liegegurtzeug_Skylighter-4-1.jpg","datePublished":"2025-09-08T14:41:52+00:00","dateModified":"2025-11-06T13:45:19+00:00","description":"Das SKYLIGHTER 4 ist die neueste Generation unseres Liegegurtzeugs f\u00fcr Streckenfl\u00fcge, Walk & Fly und das Reisen. Wir haben unser leichtes XC-Liegegurtzeug einer \u00dcberarbeitung unterzogen, damit die Piloten den Flug \u00fcber die Landschaften noch besser genie\u00dfen k\u00f6nnen. Beim Design des SKYLIGHTER 4 haben wir sorgf\u00e4ltig auf ihre Bed\u00fcrfnisse und ihr Feedback geh\u00f6rt.","breadcrumb":{"@id":"https:\/\/swissgliders.ch\/de\/produkt\/sky-paragliders-skylighter-4\/#breadcrumb"},"inLanguage":"de","potentialAction":[{"@type":"ReadAction","target":["https:\/\/swissgliders.ch\/de\/produkt\/sky-paragliders-skylighter-4\/"]}]},{"@type":"ImageObject","inLanguage":"de","@id":"https:\/\/swissgliders.ch\/de\/produkt\/sky-paragliders-skylighter-4\/#primaryimage","url":"https:\/\/swissgliders.ch\/wp-content\/uploads\/2025\/09\/Sky-Paragliders_Liegegurtzeug_Skylighter-4-1.jpg","contentUrl":"https:\/\/swissgliders.ch\/wp-content\/uploads\/2025\/09\/Sky-Paragliders_Liegegurtzeug_Skylighter-4-1.jpg","width":1920,"height":1280,"caption":"Sky Paragliders_Liegegurtzeug_Skylighter 4-1"},{"@type":"BreadcrumbList","@id":"https:\/\/swissgliders.ch\/de\/produkt\/sky-paragliders-skylighter-4\/#breadcrumb","itemListElement":[{"@type":"ListItem","position":1,"name":"Startseite","item":"https:\/\/swissgliders.ch\/de\/willkommen\/"},{"@type":"ListItem","position":2,"name":"Gleitschirm Shop","item":"https:\/\/swissgliders.ch\/de\/gleitschirm-shop\/"},{"@type":"ListItem","position":3,"name":"Sky Paragliders Skylighter 4"}]},{"@type":"WebSite","@id":"https:\/\/swissgliders.ch\/de\/#website","url":"https:\/\/swissgliders.ch\/de\/","name":"Gleitschirmschule Thun, Bern, Interlaken","description":"Gleitschirmschule Thun, Bern, Interlaken","publisher":{"@id":"https:\/\/swissgliders.ch\/de\/#organization"},"potentialAction":[{"@type":"SearchAction","target":{"@type":"EntryPoint","urlTemplate":"https:\/\/swissgliders.ch\/de\/?s={search_term_string}"},"query-input":{"@type":"PropertyValueSpecification","valueRequired":true,"valueName":"search_term_string"}}],"inLanguage":"de"},{"@type":"Organization","@id":"https:\/\/swissgliders.ch\/de\/#organization","name":"Swissgliders Gleitschirmflugschule Thun","url":"https:\/\/swissgliders.ch\/de\/","logo":{"@type":"ImageObject","inLanguage":"de","@id":"https:\/\/swissgliders.ch\/de\/#\/schema\/logo\/image\/","url":"https:\/\/swissgliders.ch\/wp-content\/uploads\/2019\/12\/swissgliders-logo-rgb-square-L-no-ch-01.png","contentUrl":"https:\/\/swissgliders.ch\/wp-content\/uploads\/2019\/12\/swissgliders-logo-rgb-square-L-no-ch-01.png","width":2500,"height":2500,"caption":"Swissgliders Gleitschirmflugschule Thun"},"image":{"@id":"https:\/\/swissgliders.ch\/de\/#\/schema\/logo\/image\/"},"sameAs":["https:\/\/www.facebook.com\/swissgliders","https:\/\/x.com\/Swissgliders","https:\/\/www.instagram.com\/swissgliders\/","https:\/\/www.youtube.com\/channel\/UCMCtGdepy9vBhrhX3V_oJOA"],"hasMerchantReturnPolicy":{"@type":"MerchantReturnPolicy","merchantReturnLink":"https:\/\/swissgliders.ch\/de\/allgemeine-geschaftsbedingungen\/"}}]},"og_availability":"instock","product_availability":"instock","product_condition":"new"},"_links":{"self":[{"href":"https:\/\/swissgliders.ch\/de\/wp-json\/wp\/v2\/product\/20741","targetHints":{"allow":["GET"]}}],"collection":[{"href":"https:\/\/swissgliders.ch\/de\/wp-json\/wp\/v2\/product"}],"about":[{"href":"https:\/\/swissgliders.ch\/de\/wp-json\/wp\/v2\/types\/product"}],"replies":[{"embeddable":true,"href":"https:\/\/swissgliders.ch\/de\/wp-json\/wp\/v2\/comments?post=20741"}],"wp:featuredmedia":[{"embeddable":true,"href":"https:\/\/swissgliders.ch\/de\/wp-json\/wp\/v2\/media\/20744"}],"wp:attachment":[{"href":"https:\/\/swissgliders.ch\/de\/wp-json\/wp\/v2\/media?parent=20741"}],"wp:term":[{"taxonomy":"product_brand","embeddable":true,"href":"https:\/\/swissgliders.ch\/de\/wp-json\/wp\/v2\/product_brand?post=20741"},{"taxonomy":"product_cat","embeddable":true,"href":"https:\/\/swissgliders.ch\/de\/wp-json\/wp\/v2\/product_cat?post=20741"},{"taxonomy":"product_tag","embeddable":true,"href":"https:\/\/swissgliders.ch\/de\/wp-json\/wp\/v2\/product_tag?post=20741"}],"curies":[{"name":"wp","href":"https:\/\/api.w.org\/{rel}","templated":true}]}}