{"id":20881,"date":"2025-09-25T09:04:59","date_gmt":"2025-09-25T08:04:59","guid":{"rendered":"https:\/\/swissgliders.ch\/?post_type=product&#038;p=20881"},"modified":"2025-09-25T09:31:47","modified_gmt":"2025-09-25T08:31:47","slug":"niviuk-frontcontainer-kase-p","status":"publish","type":"product","link":"https:\/\/swissgliders.ch\/de\/produkt\/niviuk-frontcontainer-kase-p\/","title":{"rendered":"Niviuk Frontcontainer Kase P"},"content":{"rendered":"<div class=\"et_pb_module et_pb_text et_pb_text_1 et_pb_text_align_left et_pb_bg_layout_light\">\n<div class=\"et_pb_text_inner\">\n<div class=\"et_pb_module et_pb_text et_pb_text_0 et_pb_text_align_left et_pb_bg_layout_light\">\n<h3 class=\"titol titol_generic aos-init aos-animate\" style=\"text-align: left;\" data-aos=\"fade-in\">Kase P &#8211; Rettungscontainer\u00a0 &#8222;Deine Sicherheit ist das Wichtigste&#8220;.<\/h3>\n<p style=\"text-align: left;\"><img loading=\"lazy\" decoding=\"async\" class=\"\" src=\"https:\/\/www.gleitschirm-direkt.de\/out\/pictures\/master\/product\/1\/biblioteca_items_1923_kase_p_niviuk_paragliders_p1_w_959_h_637.jpeg\" alt=\"Niviuk Frontcontainer Kase P \" width=\"520\" height=\"345\" \/><\/p>\n<\/div>\n<\/div>\n<\/div>\n<div class=\"et_pb_blurb_description\" style=\"text-align: left;\">\n<div class=\"et_pb_all_tabs\">\n<section id=\"product_detail\" class=\"container py-2 oe_website_sale \" data-view-track=\"0\">\n<div class=\"row\">\n<div id=\"product_details\" class=\"col-md-6 col-xl-4\">\n<form action=\"https:\/\/fly.neoatelier.fr\/de\/shop\/cart\/update\" method=\"POST\">\n<div class=\"js_product js_main_product\"><\/div>\n<\/form>\n<\/div>\n<\/div>\n<\/section>\n<div id=\"product_full_description\" class=\"oe_structure oe_empty mt16\">\n<section class=\"s_text_image o_colored_level pb64 pt88\" data-snippet=\"s_image_text\" data-name=\"Product Description - text\">\n<div class=\"container\">\n<div class=\"row align-items-start\">\n<div class=\"pt16 o_colored_level col-lg-5 offset-lg-1 pb0\">\n<div class=\"col-lg-6 pt16 pb16 o_colored_level\">\n<p>&nbsp;<\/p>\n<p>Mit dem neuen Kase P kannst du deinen Rettungsschirm hervorragend mit deinem restlichen Flugequipment verbinden.<\/p>\n<p>Es eignet sich perfekt, um den<strong>\u00a0<\/strong><a href=\"https:\/\/niviuk.com\/octagon-2\" target=\"_blank\" rel=\"noopener\"><strong>Octagon 2<\/strong><\/a><strong>\u00a0<\/strong>mit dem\u00a0<a href=\"https:\/\/swissgliders.ch\/de\/produkt\/niviuk-roamer-p\/\" target=\"_blank\" rel=\"noopener\"><strong>Roamer 2 P<\/strong><\/a>\u00a0zu kombinieren, kann aber auch mit anderen Gurtzeugen und Rettern verwendet werden.<\/p>\n<p><strong> <br class=\"avia-permanent-lb\" \/>Produktdetail<\/strong><\/p>\n<p>\u2713 Frontcontainer, ideal f\u00fcr den\u00a0<a href=\"https:\/\/niviuk.com\/octagon-2\" target=\"_blank\" rel=\"noopener\"><strong>Octagon 2<\/strong><\/a>\u00a0und die kleinste Gr\u00f6\u00dfe des\u00a0<strong><a href=\"https:\/\/niviuk.com\/cires\" target=\"_blank\" rel=\"noopener\">Cires<\/a><\/strong>*<br \/>\n\u2713 Verschiedene Schnallen zum Verbinden mit dem Gurtzeug<br \/>\n\u2713 Verstellbare Gurt<br \/>\n\u2713 Gut erreichbarer Ausl\u00f6segriff<br \/>\n\u2713 Verstellbarer Klettverschluss an der R\u00fcckseite, um den Kase P am Gurtzeug zu befestigen<br \/>\n\u2713 Multifunktional: auf dem Klettband an der Oberseite k\u00f6nnen Fluginstrumente angebracht werden und das Kase P damit auch als Cockpit genutzt werden<br \/>\n\u2713 Rote und gr\u00fcne Schlaufen (links &amp; rechts)<br \/>\n\u2713 Leichtes und hochqualitatives Produkt aus der P Serie<\/p>\n<p><em>*Bitte beachten: \u00dcberpr\u00fcfe mit dem Datenblatt, welche Gr\u00f6\u00dfe mit welchem\u00a0<a href=\"https:\/\/niviuk.com\/octagon-2\" target=\"_blank\" rel=\"noopener\"><strong>Octagon 2<\/strong><\/a>\u00a0oder\u00a0<strong><a href=\"https:\/\/niviuk.com\/cires\" target=\"_blank\" rel=\"noopener\">Cires<\/a>\u00a0<\/strong>Retter kompatibel ist. <br class=\"avia-permanent-lb\" \/><br class=\"avia-permanent-lb\" \/><\/em> <br class=\"avia-permanent-lb\" \/><strong>Datenblatt<\/strong><\/p>\n<table border=\"0\" cellspacing=\"1\" cellpadding=\"2\">\n<tbody>\n<tr>\n<td><strong>Gr\u00f6\u00dfen<\/strong><\/td>\n<td>S<\/td>\n<td>M<\/td>\n<td>L<\/td>\n<\/tr>\n<tr>\n<td><strong>Gewicht<\/strong><\/td>\n<td>230 g<\/td>\n<td>238 g<\/td>\n<td>259 g<\/td>\n<\/tr>\n<tr>\n<td><strong>Volumen<\/strong><\/td>\n<td>3 &#8211; 3,5 L<\/td>\n<td>4 &#8211; 5 L<\/td>\n<td>6 &#8211; 7 L<\/td>\n<\/tr>\n<tr>\n<td><strong>Kompatibilit\u00e4t\u00a0<\/strong><\/td>\n<td>Octagon 2 80<br \/>\nOctagon 2 100<\/td>\n<td>Octagon 2 120<\/td>\n<td>Octagon 2 140<br \/>\nCires 110<\/td>\n<\/tr>\n<\/tbody>\n<\/table>\n<\/div>\n<\/div>\n<\/div>\n<\/div>\n<\/section>\n<\/div>\n<\/div>\n<\/div>\n<p style=\"text-align: left;\">Mehr <a href=\"https:\/\/niviuk.com\/de\/kase-p-rettungscontainer\" target=\"_blank\" rel=\"noopener noreferrer\">Infos<\/a><\/p>\n<p style=\"text-align: left;\">Falls dieser Artikel nicht an Lager ist, wird er f\u00fcr dich bestellt. Lieferfrist auf Anfrage.<\/p>\n","protected":false},"excerpt":{"rendered":"<div class=\"et_pb_module et_pb_text et_pb_text_1 et_pb_text_align_left et_pb_bg_layout_light\">\n<div class=\"et_pb_text_inner\">\n<div class=\"et_pb_module et_pb_text et_pb_text_0 et_pb_text_align_left et_pb_bg_layout_light\">\n<h3 class=\"titol titol_generic aos-init aos-animate\" style=\"text-align: left;\" data-aos=\"fade-in\">Kase P &#8211; Rettungscontainer\u00a0 &#8222;Deine Sicherheit ist das Wichtigste&#8220;.<\/h3>\n<p style=\"text-align: left;\"><img loading=\"lazy\" decoding=\"async\" class=\"\" src=\"https:\/\/www.gleitschirm-direkt.de\/out\/pictures\/master\/product\/1\/biblioteca_items_1923_kase_p_niviuk_paragliders_p1_w_959_h_637.jpeg\" alt=\"Niviuk Frontcontainer Kase P \" width=\"520\" height=\"345\" \/><\/p>\n<\/div>\n<\/div>\n<\/div>\n<div class=\"et_pb_blurb_description\" style=\"text-align: left;\">\n<div class=\"et_pb_all_tabs\">\n<section id=\"product_detail\" class=\"container py-2 oe_website_sale \" data-view-track=\"0\">\n<div class=\"row\">\n<div id=\"product_details\" class=\"col-md-6 col-xl-4\">\n<form action=\"https:\/\/fly.neoatelier.fr\/de\/shop\/cart\/update\" method=\"POST\">\n<div class=\"js_product js_main_product\"><\/div>\n<\/form>\n<\/div>\n<\/div>\n<\/section>\n<div id=\"product_full_description\" class=\"oe_structure oe_empty mt16\">\n<section class=\"s_text_image o_colored_level pb64 pt88\" data-snippet=\"s_image_text\" data-name=\"Product Description - text\">\n<div class=\"container\">\n<div class=\"row align-items-start\">\n<div class=\"pt16 o_colored_level col-lg-5 offset-lg-1 pb0\">\n<div class=\"col-lg-6 pt16 pb16 o_colored_level\">\n<p>&nbsp;<\/p>\n<p>Mit dem neuen Kase P kannst du deinen Rettungsschirm hervorragend mit deinem restlichen Flugequipment verbinden.<\/p>\n<p>Es eignet sich perfekt, um den<strong>\u00a0<\/strong><a href=\"https:\/\/niviuk.com\/octagon-2\" target=\"_blank\" rel=\"noopener\"><strong>Octagon 2<\/strong><\/a><strong>\u00a0<\/strong>mit dem\u00a0<a href=\"https:\/\/swissgliders.ch\/de\/produkt\/niviuk-roamer-p\/\" target=\"_blank\" rel=\"noopener\"><strong>Roamer 2 P<\/strong><\/a>\u00a0zu kombinieren, kann aber auch mit anderen Gurtzeugen und Rettern verwendet werden.<\/p>\n<p><strong> <br class=\"avia-permanent-lb\" \/>Produktdetail<\/strong><\/p>\n<p>\u2713 Frontcontainer, ideal f\u00fcr den\u00a0<a href=\"https:\/\/niviuk.com\/octagon-2\" target=\"_blank\" rel=\"noopener\"><strong>Octagon 2<\/strong><\/a>\u00a0und die kleinste Gr\u00f6\u00dfe des\u00a0<strong><a href=\"https:\/\/niviuk.com\/cires\" target=\"_blank\" rel=\"noopener\">Cires<\/a><\/strong>*<br \/>\n\u2713 Verschiedene Schnallen zum Verbinden mit dem Gurtzeug<br \/>\n\u2713 Verstellbare Gurt<br \/>\n\u2713 Gut erreichbarer Ausl\u00f6segriff<br \/>\n\u2713 Verstellbarer Klettverschluss an der R\u00fcckseite, um den Kase P am Gurtzeug zu befestigen<br \/>\n\u2713 Multifunktional: auf dem Klettband an der Oberseite k\u00f6nnen Fluginstrumente angebracht werden und das Kase P damit auch als Cockpit genutzt werden<br \/>\n\u2713 Rote und gr\u00fcne Schlaufen (links &amp; rechts)<br \/>\n\u2713 Leichtes und hochqualitatives Produkt aus der P Serie<\/p>\n<p><em>*Bitte beachten: \u00dcberpr\u00fcfe mit dem Datenblatt, welche Gr\u00f6\u00dfe mit welchem\u00a0<a href=\"https:\/\/niviuk.com\/octagon-2\" target=\"_blank\" rel=\"noopener\"><strong>Octagon 2<\/strong><\/a>\u00a0oder\u00a0<strong><a href=\"https:\/\/niviuk.com\/cires\" target=\"_blank\" rel=\"noopener\">Cires<\/a>\u00a0<\/strong>Retter kompatibel ist. <br class=\"avia-permanent-lb\" \/><br class=\"avia-permanent-lb\" \/><\/em> <br class=\"avia-permanent-lb\" \/><strong>Datenblatt<\/strong><\/p>\n<table border=\"0\" cellspacing=\"1\" cellpadding=\"2\">\n<tbody>\n<tr>\n<td><strong>Gr\u00f6\u00dfen<\/strong><\/td>\n<td>S<\/td>\n<td>M<\/td>\n<td>L<\/td>\n<\/tr>\n<tr>\n<td><strong>Gewicht<\/strong><\/td>\n<td>230 g<\/td>\n<td>238 g<\/td>\n<td>259 g<\/td>\n<\/tr>\n<tr>\n<td><strong>Volumen<\/strong><\/td>\n<td>3 &#8211; 3,5 L<\/td>\n<td>4 &#8211; 5 L<\/td>\n<td>6 &#8211; 7 L<\/td>\n<\/tr>\n<tr>\n<td><strong>Kompatibilit\u00e4t\u00a0<\/strong><\/td>\n<td>Octagon 2 80<br \/>\nOctagon 2 100<\/td>\n<td>Octagon 2 120<\/td>\n<td>Octagon 2 140<br \/>\nCires 110<\/td>\n<\/tr>\n<\/tbody>\n<\/table>\n<\/div>\n<\/div>\n<\/div>\n<\/div>\n<\/section>\n<\/div>\n<\/div>\n<\/div>\n<p style=\"text-align: left;\">Mehr <a href=\"https:\/\/niviuk.com\/de\/kase-p-rettungscontainer\" target=\"_blank\" rel=\"noopener noreferrer\">Infos<\/a><\/p>\n<p style=\"text-align: left;\">Falls dieser Artikel nicht an Lager ist, wird er f\u00fcr dich bestellt. Lieferfrist auf Anfrage.<\/p>\n","protected":false},"featured_media":20884,"comment_status":"closed","ping_status":"closed","template":"","meta":[],"product_brand":[2602],"product_cat":[2082,402],"product_tag":[2083,410],"class_list":{"0":"post-20881","1":"product","2":"type-product","3":"status-publish","4":"has-post-thumbnail","6":"product_brand-niviuk","7":"product_cat-gleitschirm-rettungs-frontcontainer","8":"product_cat-gleitschirm-zubehoer","9":"product_tag-frontcontainer","10":"product_tag-zubehoer","11":"product_shipping_class-priority-2kg-de","13":"first","14":"instock","15":"sale","16":"shipping-taxable","17":"purchasable","18":"product-type-variable"},"yoast_head":"<!-- This site is optimized with the Yoast SEO Premium plugin v26.1 (Yoast SEO v27.3) - https:\/\/yoast.com\/product\/yoast-seo-premium-wordpress\/ -->\n<title>Niviuk Frontcontainer Kase P | Gleitschirmschule Thun, Bern, Interlaken<\/title>\n<meta name=\"description\" content=\"Niviuk Frontcontainer \/ Rettungscontainer - Kase P &quot;Deine Sicherheit ist das Wichtigste&quot;. Mit dem neuen Kase P kannst du deinen Rettungsschirm hervorragend mit deinem restlichen Flugequipment verbinden.\" \/>\n<meta name=\"robots\" content=\"index, follow, max-snippet:-1, max-image-preview:large, max-video-preview:-1\" \/>\n<link rel=\"canonical\" href=\"https:\/\/swissgliders.ch\/de\/produkt\/niviuk-frontcontainer-kase-p\/\" \/>\n<meta property=\"og:locale\" content=\"de_DE\" \/>\n<meta property=\"og:type\" content=\"article\" \/>\n<meta property=\"og:title\" content=\"Niviuk Frontcontainer Kase P\" \/>\n<meta property=\"og:description\" content=\"Niviuk Frontcontainer \/ Rettungscontainer - Kase P &quot;Deine Sicherheit ist das Wichtigste&quot;. Mit dem neuen Kase P kannst du deinen Rettungsschirm hervorragend mit deinem restlichen Flugequipment verbinden.\" \/>\n<meta property=\"og:url\" content=\"https:\/\/swissgliders.ch\/de\/produkt\/niviuk-frontcontainer-kase-p\/\" \/>\n<meta property=\"og:site_name\" content=\"Gleitschirmschule Thun, Bern, Interlaken\" \/>\n<meta property=\"article:publisher\" content=\"https:\/\/www.facebook.com\/swissgliders\" \/>\n<meta property=\"article:modified_time\" content=\"2025-09-25T08:31:47+00:00\" \/>\n<meta property=\"og:image\" content=\"https:\/\/swissgliders.ch\/wp-content\/uploads\/2025\/09\/Niviuk_Frontconatiner_Kase-P-1.jpeg\" \/>\n\t<meta property=\"og:image:width\" content=\"959\" \/>\n\t<meta property=\"og:image:height\" content=\"637\" \/>\n\t<meta property=\"og:image:type\" content=\"image\/jpeg\" \/>\n<meta name=\"twitter:card\" content=\"summary_large_image\" \/>\n<meta name=\"twitter:site\" content=\"@Swissgliders\" \/>\n<meta name=\"twitter:label1\" content=\"Verf\u00fcgbarkeit\" \/>\n\t<meta name=\"twitter:data1\" content=\"Auf Lager\" \/>\n<script type=\"application\/ld+json\" class=\"yoast-schema-graph\">{\"@context\":\"https:\\\/\\\/schema.org\",\"@graph\":[{\"@type\":\"WebPage\",\"@id\":\"https:\\\/\\\/swissgliders.ch\\\/de\\\/produkt\\\/niviuk-frontcontainer-kase-p\\\/\",\"url\":\"https:\\\/\\\/swissgliders.ch\\\/de\\\/produkt\\\/niviuk-frontcontainer-kase-p\\\/\",\"name\":\"Niviuk Frontcontainer Kase P | Gleitschirmschule Thun, Bern, Interlaken\",\"isPartOf\":{\"@id\":\"https:\\\/\\\/swissgliders.ch\\\/de\\\/#website\"},\"primaryImageOfPage\":{\"@id\":\"https:\\\/\\\/swissgliders.ch\\\/de\\\/produkt\\\/niviuk-frontcontainer-kase-p\\\/#primaryimage\"},\"image\":{\"@id\":\"https:\\\/\\\/swissgliders.ch\\\/de\\\/produkt\\\/niviuk-frontcontainer-kase-p\\\/#primaryimage\"},\"thumbnailUrl\":\"https:\\\/\\\/swissgliders.ch\\\/wp-content\\\/uploads\\\/2025\\\/09\\\/Niviuk_Frontconatiner_Kase-P-1.jpeg\",\"datePublished\":\"2025-09-25T08:04:59+00:00\",\"dateModified\":\"2025-09-25T08:31:47+00:00\",\"description\":\"Niviuk Frontcontainer \\\/ Rettungscontainer - Kase P \\\"Deine Sicherheit ist das Wichtigste\\\". Mit dem neuen Kase P kannst du deinen Rettungsschirm hervorragend mit deinem restlichen Flugequipment verbinden.\",\"breadcrumb\":{\"@id\":\"https:\\\/\\\/swissgliders.ch\\\/de\\\/produkt\\\/niviuk-frontcontainer-kase-p\\\/#breadcrumb\"},\"inLanguage\":\"de\",\"potentialAction\":[{\"@type\":\"ReadAction\",\"target\":[\"https:\\\/\\\/swissgliders.ch\\\/de\\\/produkt\\\/niviuk-frontcontainer-kase-p\\\/\"]}]},{\"@type\":\"ImageObject\",\"inLanguage\":\"de\",\"@id\":\"https:\\\/\\\/swissgliders.ch\\\/de\\\/produkt\\\/niviuk-frontcontainer-kase-p\\\/#primaryimage\",\"url\":\"https:\\\/\\\/swissgliders.ch\\\/wp-content\\\/uploads\\\/2025\\\/09\\\/Niviuk_Frontconatiner_Kase-P-1.jpeg\",\"contentUrl\":\"https:\\\/\\\/swissgliders.ch\\\/wp-content\\\/uploads\\\/2025\\\/09\\\/Niviuk_Frontconatiner_Kase-P-1.jpeg\",\"width\":959,\"height\":637,\"caption\":\"Niviuk_Frontconatiner_Kase P-1\"},{\"@type\":\"BreadcrumbList\",\"@id\":\"https:\\\/\\\/swissgliders.ch\\\/de\\\/produkt\\\/niviuk-frontcontainer-kase-p\\\/#breadcrumb\",\"itemListElement\":[{\"@type\":\"ListItem\",\"position\":1,\"name\":\"Startseite\",\"item\":\"https:\\\/\\\/swissgliders.ch\\\/de\\\/willkommen\\\/\"},{\"@type\":\"ListItem\",\"position\":2,\"name\":\"Gleitschirm Shop\",\"item\":\"https:\\\/\\\/swissgliders.ch\\\/de\\\/gleitschirm-shop\\\/\"},{\"@type\":\"ListItem\",\"position\":3,\"name\":\"Niviuk Frontcontainer Kase P\"}]},{\"@type\":\"WebSite\",\"@id\":\"https:\\\/\\\/swissgliders.ch\\\/de\\\/#website\",\"url\":\"https:\\\/\\\/swissgliders.ch\\\/de\\\/\",\"name\":\"Gleitschirmschule Thun, Bern, Interlaken\",\"description\":\"Gleitschirmschule Thun, Bern, Interlaken\",\"publisher\":{\"@id\":\"https:\\\/\\\/swissgliders.ch\\\/de\\\/#organization\"},\"potentialAction\":[{\"@type\":\"SearchAction\",\"target\":{\"@type\":\"EntryPoint\",\"urlTemplate\":\"https:\\\/\\\/swissgliders.ch\\\/de\\\/?s={search_term_string}\"},\"query-input\":{\"@type\":\"PropertyValueSpecification\",\"valueRequired\":true,\"valueName\":\"search_term_string\"}}],\"inLanguage\":\"de\"},{\"@type\":\"Organization\",\"@id\":\"https:\\\/\\\/swissgliders.ch\\\/de\\\/#organization\",\"name\":\"Swissgliders Gleitschirmflugschule Thun\",\"url\":\"https:\\\/\\\/swissgliders.ch\\\/de\\\/\",\"logo\":{\"@type\":\"ImageObject\",\"inLanguage\":\"de\",\"@id\":\"https:\\\/\\\/swissgliders.ch\\\/de\\\/#\\\/schema\\\/logo\\\/image\\\/\",\"url\":\"https:\\\/\\\/swissgliders.ch\\\/wp-content\\\/uploads\\\/2019\\\/12\\\/swissgliders-logo-rgb-square-L-no-ch-01.png\",\"contentUrl\":\"https:\\\/\\\/swissgliders.ch\\\/wp-content\\\/uploads\\\/2019\\\/12\\\/swissgliders-logo-rgb-square-L-no-ch-01.png\",\"width\":2500,\"height\":2500,\"caption\":\"Swissgliders Gleitschirmflugschule Thun\"},\"image\":{\"@id\":\"https:\\\/\\\/swissgliders.ch\\\/de\\\/#\\\/schema\\\/logo\\\/image\\\/\"},\"sameAs\":[\"https:\\\/\\\/www.facebook.com\\\/swissgliders\",\"https:\\\/\\\/x.com\\\/Swissgliders\",\"https:\\\/\\\/www.instagram.com\\\/swissgliders\\\/\",\"https:\\\/\\\/www.youtube.com\\\/channel\\\/UCMCtGdepy9vBhrhX3V_oJOA\"],\"hasMerchantReturnPolicy\":{\"@type\":\"MerchantReturnPolicy\",\"merchantReturnLink\":\"https:\\\/\\\/swissgliders.ch\\\/de\\\/allgemeine-geschaftsbedingungen\\\/\"}}]}<\/script>\n<meta property=\"og:availability\" content=\"instock\" \/>\n<meta property=\"product:availability\" content=\"instock\" \/>\n<meta property=\"product:condition\" content=\"new\" \/>\n<!-- \/ Yoast SEO Premium plugin. -->","yoast_head_json":{"title":"Niviuk Frontcontainer Kase P | Gleitschirmschule Thun, Bern, Interlaken","description":"Niviuk Frontcontainer \/ Rettungscontainer - Kase P \"Deine Sicherheit ist das Wichtigste\". Mit dem neuen Kase P kannst du deinen Rettungsschirm hervorragend mit deinem restlichen Flugequipment verbinden.","robots":{"index":"index","follow":"follow","max-snippet":"max-snippet:-1","max-image-preview":"max-image-preview:large","max-video-preview":"max-video-preview:-1"},"canonical":"https:\/\/swissgliders.ch\/de\/produkt\/niviuk-frontcontainer-kase-p\/","og_locale":"de_DE","og_type":"article","og_title":"Niviuk Frontcontainer Kase P","og_description":"Niviuk Frontcontainer \/ Rettungscontainer - Kase P \"Deine Sicherheit ist das Wichtigste\". Mit dem neuen Kase P kannst du deinen Rettungsschirm hervorragend mit deinem restlichen Flugequipment verbinden.","og_url":"https:\/\/swissgliders.ch\/de\/produkt\/niviuk-frontcontainer-kase-p\/","og_site_name":"Gleitschirmschule Thun, Bern, Interlaken","article_publisher":"https:\/\/www.facebook.com\/swissgliders","article_modified_time":"2025-09-25T08:31:47+00:00","og_image":[{"width":959,"height":637,"url":"https:\/\/swissgliders.ch\/wp-content\/uploads\/2025\/09\/Niviuk_Frontconatiner_Kase-P-1.jpeg","type":"image\/jpeg"}],"twitter_card":"summary_large_image","twitter_site":"@Swissgliders","twitter_misc":{"Verf\u00fcgbarkeit":"Auf Lager"},"schema":{"@context":"https:\/\/schema.org","@graph":[{"@type":"WebPage","@id":"https:\/\/swissgliders.ch\/de\/produkt\/niviuk-frontcontainer-kase-p\/","url":"https:\/\/swissgliders.ch\/de\/produkt\/niviuk-frontcontainer-kase-p\/","name":"Niviuk Frontcontainer Kase P | Gleitschirmschule Thun, Bern, Interlaken","isPartOf":{"@id":"https:\/\/swissgliders.ch\/de\/#website"},"primaryImageOfPage":{"@id":"https:\/\/swissgliders.ch\/de\/produkt\/niviuk-frontcontainer-kase-p\/#primaryimage"},"image":{"@id":"https:\/\/swissgliders.ch\/de\/produkt\/niviuk-frontcontainer-kase-p\/#primaryimage"},"thumbnailUrl":"https:\/\/swissgliders.ch\/wp-content\/uploads\/2025\/09\/Niviuk_Frontconatiner_Kase-P-1.jpeg","datePublished":"2025-09-25T08:04:59+00:00","dateModified":"2025-09-25T08:31:47+00:00","description":"Niviuk Frontcontainer \/ Rettungscontainer - Kase P \"Deine Sicherheit ist das Wichtigste\". Mit dem neuen Kase P kannst du deinen Rettungsschirm hervorragend mit deinem restlichen Flugequipment verbinden.","breadcrumb":{"@id":"https:\/\/swissgliders.ch\/de\/produkt\/niviuk-frontcontainer-kase-p\/#breadcrumb"},"inLanguage":"de","potentialAction":[{"@type":"ReadAction","target":["https:\/\/swissgliders.ch\/de\/produkt\/niviuk-frontcontainer-kase-p\/"]}]},{"@type":"ImageObject","inLanguage":"de","@id":"https:\/\/swissgliders.ch\/de\/produkt\/niviuk-frontcontainer-kase-p\/#primaryimage","url":"https:\/\/swissgliders.ch\/wp-content\/uploads\/2025\/09\/Niviuk_Frontconatiner_Kase-P-1.jpeg","contentUrl":"https:\/\/swissgliders.ch\/wp-content\/uploads\/2025\/09\/Niviuk_Frontconatiner_Kase-P-1.jpeg","width":959,"height":637,"caption":"Niviuk_Frontconatiner_Kase P-1"},{"@type":"BreadcrumbList","@id":"https:\/\/swissgliders.ch\/de\/produkt\/niviuk-frontcontainer-kase-p\/#breadcrumb","itemListElement":[{"@type":"ListItem","position":1,"name":"Startseite","item":"https:\/\/swissgliders.ch\/de\/willkommen\/"},{"@type":"ListItem","position":2,"name":"Gleitschirm Shop","item":"https:\/\/swissgliders.ch\/de\/gleitschirm-shop\/"},{"@type":"ListItem","position":3,"name":"Niviuk Frontcontainer Kase P"}]},{"@type":"WebSite","@id":"https:\/\/swissgliders.ch\/de\/#website","url":"https:\/\/swissgliders.ch\/de\/","name":"Gleitschirmschule Thun, Bern, Interlaken","description":"Gleitschirmschule Thun, Bern, Interlaken","publisher":{"@id":"https:\/\/swissgliders.ch\/de\/#organization"},"potentialAction":[{"@type":"SearchAction","target":{"@type":"EntryPoint","urlTemplate":"https:\/\/swissgliders.ch\/de\/?s={search_term_string}"},"query-input":{"@type":"PropertyValueSpecification","valueRequired":true,"valueName":"search_term_string"}}],"inLanguage":"de"},{"@type":"Organization","@id":"https:\/\/swissgliders.ch\/de\/#organization","name":"Swissgliders Gleitschirmflugschule Thun","url":"https:\/\/swissgliders.ch\/de\/","logo":{"@type":"ImageObject","inLanguage":"de","@id":"https:\/\/swissgliders.ch\/de\/#\/schema\/logo\/image\/","url":"https:\/\/swissgliders.ch\/wp-content\/uploads\/2019\/12\/swissgliders-logo-rgb-square-L-no-ch-01.png","contentUrl":"https:\/\/swissgliders.ch\/wp-content\/uploads\/2019\/12\/swissgliders-logo-rgb-square-L-no-ch-01.png","width":2500,"height":2500,"caption":"Swissgliders Gleitschirmflugschule Thun"},"image":{"@id":"https:\/\/swissgliders.ch\/de\/#\/schema\/logo\/image\/"},"sameAs":["https:\/\/www.facebook.com\/swissgliders","https:\/\/x.com\/Swissgliders","https:\/\/www.instagram.com\/swissgliders\/","https:\/\/www.youtube.com\/channel\/UCMCtGdepy9vBhrhX3V_oJOA"],"hasMerchantReturnPolicy":{"@type":"MerchantReturnPolicy","merchantReturnLink":"https:\/\/swissgliders.ch\/de\/allgemeine-geschaftsbedingungen\/"}}]},"og_availability":"instock","product_availability":"instock","product_condition":"new"},"_links":{"self":[{"href":"https:\/\/swissgliders.ch\/de\/wp-json\/wp\/v2\/product\/20881","targetHints":{"allow":["GET"]}}],"collection":[{"href":"https:\/\/swissgliders.ch\/de\/wp-json\/wp\/v2\/product"}],"about":[{"href":"https:\/\/swissgliders.ch\/de\/wp-json\/wp\/v2\/types\/product"}],"replies":[{"embeddable":true,"href":"https:\/\/swissgliders.ch\/de\/wp-json\/wp\/v2\/comments?post=20881"}],"wp:featuredmedia":[{"embeddable":true,"href":"https:\/\/swissgliders.ch\/de\/wp-json\/wp\/v2\/media\/20884"}],"wp:attachment":[{"href":"https:\/\/swissgliders.ch\/de\/wp-json\/wp\/v2\/media?parent=20881"}],"wp:term":[{"taxonomy":"product_brand","embeddable":true,"href":"https:\/\/swissgliders.ch\/de\/wp-json\/wp\/v2\/product_brand?post=20881"},{"taxonomy":"product_cat","embeddable":true,"href":"https:\/\/swissgliders.ch\/de\/wp-json\/wp\/v2\/product_cat?post=20881"},{"taxonomy":"product_tag","embeddable":true,"href":"https:\/\/swissgliders.ch\/de\/wp-json\/wp\/v2\/product_tag?post=20881"}],"curies":[{"name":"wp","href":"https:\/\/api.w.org\/{rel}","templated":true}]}}