{"id":21403,"date":"2025-11-06T14:25:19","date_gmt":"2025-11-06T13:25:19","guid":{"rendered":"https:\/\/swissgliders.ch\/?post_type=product&#038;p=21403"},"modified":"2025-11-06T14:57:50","modified_gmt":"2025-11-06T13:57:50","slug":"sky-paragliders-gii-52","status":"publish","type":"product","link":"https:\/\/swissgliders.ch\/de\/produkt\/sky-paragliders-gii-52\/","title":{"rendered":"Sky Paragliders GII 52"},"content":{"rendered":"<h4 class=\"et_pb_module_header\" style=\"text-align: left;\"><span style=\"text-align: left;\"> <br class=\"avia-permanent-lb\" \/>Die Gii 5-Serie zeigt einmal mehr ihre Vielseitigkeit! Diese fehlerlose Konfiguration \u00f6ffnet den Weg in die Welt des Akrofliegens \u2013<strong>\u00a0Gii 52<\/strong>!<br class=\"avia-permanent-lb\" \/><br class=\"avia-permanent-lb\" \/><\/span><\/h4>\n<div class=\"et_pb_blurb_description\">\n<p><img loading=\"lazy\" decoding=\"async\" class=\"\" src=\"https:\/\/sky-cz.com\/data\/filecache\/52\/@1920x0\/CAC66FBF-D158-49FF-8E14-43A86E02E6EF_1.jpeg\" width=\"649\" height=\"432\" \/><br class=\"avia-permanent-lb\" \/><br class=\"avia-permanent-lb\" \/><\/p>\n<p>Sind Sie neu im Akro-Universum? Das<strong>\u00a0Gii 52<\/strong>\u00a0Gurtzeug ist gekommen, um Sie durch die ersten Schritte zu geleiten. Mit dem\u00a0<strong>Gii 52\u00a0<\/strong>sind viele Tricks wie Mac Twist, Helico oder Infinity m\u00f6glich. Dennoch ist es wichtig, sich f\u00fcr seine Akro-Fortschritte Zeit zu nehmen. Das\u00a0<strong>Gii 52<\/strong>\u00a0wurde entwickelt um Akro-Einsteiger zu unterst\u00fctzen. F\u00fcr die ersten Tricks braucht man nicht unbedingt einen Akroschirm \u2013 aber es w\u00e4re hilfreich, zwei Retter, ein stabiles Sitzbrett und Stahl-Karabiner zu haben. Das\u00a0<strong>Gii 52\u00a0<\/strong>bietet all dies und mehr f\u00fcr einen sicheren Start!<\/p>\n<p>Das \u00fcberarbeitete 4S-Gurtsystem des originalen Gii 5 garantiert hohen Komfort und erleichtert es, ins sowie aus dem Gurtzeug zu kommen: Heben Sie Ihre Knie zur Einnahme einer sitzenden Position und vor der Landung strecken Sie einfach die Beine aus.<\/p>\n<p>Erh\u00f6hte Rollstabilit\u00e4t im Flug wird durch ein schm\u00e4leres verst\u00e4rktes Sitzbrett und eine ver\u00e4nderte ABS-Geometrie erreicht, um die Gewichtsverlagerung zu erleichtern \u2013\u00a0die Basis von jeglichem aktiven Fliegen und ein Muss im Akrobereich.<\/p>\n<p>Sein neues Design erlaubt das Verstauen von zwei Rettungsschirmen und gibt Seelenruhe vom gem\u00fctlichen Genussflug bis hin zu ersten Akro-Tricks oder einem Sicherheitstraining.<\/p>\n<p>Das\u00a0<strong>Gii 52<\/strong>\u00a0ist auch beim R\u00fcckenschutz universell und nimmt wahlweise einen Schaumprotektor oder die\u00a0<a href=\"http:\/\/sky-cz.com\/de\/sky-blowbag\" data-internal-additional-parameters=\"\">Sky Blow Bag<\/a>\u00a0auf, was Packma\u00df und Gewicht reduziert. F\u00fcr Sicherheitstrainings (\u00fcber Wasser) raten wir jedoch vom Gebrauch der Sky Blow Bag ab.<\/p>\n<p>Das\u00a0<strong>Gii 52\u00a0<\/strong>bietet aber auch allmeines Zubeh\u00f6r wie gro\u00dfe Seitenf\u00e4cher auf beiden Seiten, eine entfernbare Funkger\u00e4te-Tasche am linken Schultergurt und Platz f\u00fcr einen Camelbak am R\u00fccken. Diese kleinen Dinge verbessern die vielseitige Nutzbarkeit des Gii 52, dass damit nicht nur als Akro-Gurtzeug, sondern auch als Alltagsgurt mit extra Sicherheit dienen kann.<\/p>\n<p>&nbsp;<\/p>\n<p><strong>Haupteigenschaften:<\/strong><\/p>\n<ul>\n<li>zwei Retter-Container<\/li>\n<li>verst\u00e4rktes Sitzbrett f\u00fcr h\u00f6here G-Lasten<\/li>\n<li>Edelstahl-Karabiner<\/li>\n<li>\u00fcberarbeitetes Sky Safety Strap System (4S) f\u00fcr verbesserten Komfort und Anwenderfreundlichkeit<\/li>\n<li>kompatibel mit Schaumstoff-Protektor oder Sky Blow Bag<\/li>\n<li>leichte Gurtverstellung im Flug<\/li>\n<li>innovatives Safe-T-Schnallensystem mit Verbindung zum linken Beingurt verhindert gef\u00e4hrliche Fehler<\/li>\n<li>verbesserte Flugstabilit\u00e4t dank schm\u00e4lerem Sitzbrett und neuer ABS-Geometrie<\/li>\n<li>entfernbare Funkger\u00e4te-Tasche<\/li>\n<li>haltbare Materialien <br class=\"avia-permanent-lb\" \/><br class=\"avia-permanent-lb\" \/><br class=\"avia-permanent-lb\" \/><img loading=\"lazy\" decoding=\"async\" class=\"\" src=\"https:\/\/sky-cz.com\/data\/filecache\/99\/@1920x0\/DSF8752.jpeg\" width=\"602\" height=\"401\" \/> <br class=\"avia-permanent-lb\" \/><br class=\"avia-permanent-lb\" \/><br class=\"avia-permanent-lb\" \/><br class=\"avia-permanent-lb\" \/><\/li>\n<\/ul>\n<p><strong>Technische Daten<\/strong><\/p>\n<table class=\"table table--fullWidth table--striped table--bordered\">\n<tbody>\n<tr>\n<td><strong>Gii 52<\/strong><\/td>\n<td><strong>M<\/strong><\/td>\n<td><strong>L<\/strong><\/td>\n<\/tr>\n<tr>\n<td>Pilotengr\u00f6\u00dfe \u00a0(cm)<\/td>\n<td>160-185<\/td>\n<td>175-200<\/td>\n<\/tr>\n<tr>\n<td>Sitzbrett-Breite (cm)<\/td>\n<td>33<\/td>\n<td>35<\/td>\n<\/tr>\n<tr>\n<td>Sitzbrett-Tiefe (cm)<\/td>\n<td>37<\/td>\n<td>39<\/td>\n<\/tr>\n<tr>\n<td>H\u00f6he Karabineraufh\u00e4ngung (cm)<\/td>\n<td>45<\/td>\n<td>48<\/td>\n<\/tr>\n<tr>\n<td>Breite Brustgurt (cm)<\/td>\n<td>40-46<\/td>\n<td>43-49<\/td>\n<\/tr>\n<tr>\n<td>Gurtgewicht\u00a0des Sitzes mit Schaumstoffschutz* \u00a0(kg)<\/td>\n<td>4,55<\/td>\n<td>4,70<\/td>\n<\/tr>\n<tr>\n<td>Gewicht des Sitzes mit aufblasbarem Protektor * (kg)<\/td>\n<td>4,25<\/td>\n<td>4,40<\/td>\n<\/tr>\n<tr>\n<td>Test<\/td>\n<td colspan=\"2\" rowspan=\"1\">EN \/ NfL<\/td>\n<\/tr>\n<\/tbody>\n<\/table>\n<p><em>* Das Gesamtgewicht umfasst (Gurtzeug, Sitzplatte, Karabbiner, Speed system, Rettungsgriffe und V Verbindungsleine) <br class=\"avia-permanent-lb\" \/><br class=\"avia-permanent-lb\" \/><\/em><\/p>\n<p><strong> <br class=\"avia-permanent-lb\" \/><img loading=\"lazy\" decoding=\"async\" class=\"\" src=\"https:\/\/sky-cz.com\/data\/filecache\/ed\/@1920x0\/DSF8958.jpeg\" width=\"299\" height=\"449\" \/><br class=\"avia-permanent-lb\" \/><br class=\"avia-permanent-lb\" \/><br class=\"avia-permanent-lb\" \/>Lieferumfang:<\/strong><\/p>\n<ul>\n<li>V-Verbindungsleine f\u00fcr den Rettungsschirm<\/li>\n<li>Rettergriffe<\/li>\n<li>Edelstahl-Karabiner<\/li>\n<li>Speed system<\/li>\n<li>Set f\u00fcr Rettereinbau mit Ersatzteilen<\/li>\n<li>entfernbare Funkger\u00e4te-Tasche<\/li>\n<\/ul>\n<p>&nbsp;<\/p>\n<p>Mehr <a href=\"https:\/\/sky-cz.com\/de\/gii-52--1\" target=\"_blank\" rel=\"noopener\">Infos<\/a><\/p>\n<p>Falls dieser Artikel nicht an Lager ist, wird er f\u00fcr dich bestellt. Lieferfrist auf Anfrage.<\/p>\n<\/div>\n","protected":false},"excerpt":{"rendered":"<h4 class=\"et_pb_module_header\" style=\"text-align: left;\"><span style=\"text-align: left;\"><br class=\"avia-permanent-lb\" \/>Die Gii 5-Serie zeigt einmal mehr ihre Vielseitigkeit! Diese fehlerlose Konfiguration \u00f6ffnet den Weg in die Welt des Akrofliegens \u2013<strong>\u00a0Gii 52<\/strong>!<br class=\"avia-permanent-lb\" \/><br class=\"avia-permanent-lb\" \/><\/span><\/h4>\n<div class=\"et_pb_blurb_description\">\n<p><img loading=\"lazy\" decoding=\"async\" class=\"\" src=\"https:\/\/sky-cz.com\/data\/filecache\/52\/@1920x0\/CAC66FBF-D158-49FF-8E14-43A86E02E6EF_1.jpeg\" width=\"649\" height=\"432\" \/><br class=\"avia-permanent-lb\" \/><br class=\"avia-permanent-lb\" \/><\/p>\n<p>Sind Sie neu im Akro-Universum? Das<strong>\u00a0Gii 52<\/strong>\u00a0Gurtzeug ist gekommen, um Sie durch die ersten Schritte zu geleiten. Mit dem\u00a0<strong>Gii 52\u00a0<\/strong>sind viele Tricks wie Mac Twist, Helico oder Infinity m\u00f6glich. Dennoch ist es wichtig, sich f\u00fcr seine Akro-Fortschritte Zeit zu nehmen. Das\u00a0<strong>Gii 52<\/strong>\u00a0wurde entwickelt um Akro-Einsteiger zu unterst\u00fctzen. F\u00fcr die ersten Tricks braucht man nicht unbedingt einen Akroschirm \u2013 aber es w\u00e4re hilfreich, zwei Retter, ein stabiles Sitzbrett und Stahl-Karabiner zu haben. Das\u00a0<strong>Gii 52\u00a0<\/strong>bietet all dies und mehr f\u00fcr einen sicheren Start!<\/p>\n<p>Das \u00fcberarbeitete 4S-Gurtsystem des originalen Gii 5 garantiert hohen Komfort und erleichtert es, ins sowie aus dem Gurtzeug zu kommen: Heben Sie Ihre Knie zur Einnahme einer sitzenden Position und vor der Landung strecken Sie einfach die Beine aus.<\/p>\n<p>Erh\u00f6hte Rollstabilit\u00e4t im Flug wird durch ein schm\u00e4leres verst\u00e4rktes Sitzbrett und eine ver\u00e4nderte ABS-Geometrie erreicht, um die Gewichtsverlagerung zu erleichtern \u2013\u00a0die Basis von jeglichem aktiven Fliegen und ein Muss im Akrobereich.<\/p>\n<p>Sein neues Design erlaubt das Verstauen von zwei Rettungsschirmen und gibt Seelenruhe vom gem\u00fctlichen Genussflug bis hin zu ersten Akro-Tricks oder einem Sicherheitstraining.<\/p>\n<p>Das\u00a0<strong>Gii 52<\/strong>\u00a0ist auch beim R\u00fcckenschutz universell und nimmt wahlweise einen Schaumprotektor oder die\u00a0<a href=\"http:\/\/sky-cz.com\/de\/sky-blowbag\" data-internal-additional-parameters=\"\">Sky Blow Bag<\/a>\u00a0auf, was Packma\u00df und Gewicht reduziert. F\u00fcr Sicherheitstrainings (\u00fcber Wasser) raten wir jedoch vom Gebrauch der Sky Blow Bag ab.<\/p>\n<p>Das\u00a0<strong>Gii 52\u00a0<\/strong>bietet aber auch allmeines Zubeh\u00f6r wie gro\u00dfe Seitenf\u00e4cher auf beiden Seiten, eine entfernbare Funkger\u00e4te-Tasche am linken Schultergurt und Platz f\u00fcr einen Camelbak am R\u00fccken. Diese kleinen Dinge verbessern die vielseitige Nutzbarkeit des Gii 52, dass damit nicht nur als Akro-Gurtzeug, sondern auch als Alltagsgurt mit extra Sicherheit dienen kann.<\/p>\n<p>&nbsp;<\/p>\n<p><strong>Haupteigenschaften:<\/strong><\/p>\n<ul>\n<li>zwei Retter-Container<\/li>\n<li>verst\u00e4rktes Sitzbrett f\u00fcr h\u00f6here G-Lasten<\/li>\n<li>Edelstahl-Karabiner<\/li>\n<li>\u00fcberarbeitetes Sky Safety Strap System (4S) f\u00fcr verbesserten Komfort und Anwenderfreundlichkeit<\/li>\n<li>kompatibel mit Schaumstoff-Protektor oder Sky Blow Bag<\/li>\n<li>leichte Gurtverstellung im Flug<\/li>\n<li>innovatives Safe-T-Schnallensystem mit Verbindung zum linken Beingurt verhindert gef\u00e4hrliche Fehler<\/li>\n<li>verbesserte Flugstabilit\u00e4t dank schm\u00e4lerem Sitzbrett und neuer ABS-Geometrie<\/li>\n<li>entfernbare Funkger\u00e4te-Tasche<\/li>\n<li>haltbare Materialien <br class=\"avia-permanent-lb\" \/><br class=\"avia-permanent-lb\" \/><br class=\"avia-permanent-lb\" \/><img loading=\"lazy\" decoding=\"async\" class=\"\" src=\"https:\/\/sky-cz.com\/data\/filecache\/99\/@1920x0\/DSF8752.jpeg\" width=\"602\" height=\"401\" \/> <br class=\"avia-permanent-lb\" \/><br class=\"avia-permanent-lb\" \/><br class=\"avia-permanent-lb\" \/><br class=\"avia-permanent-lb\" \/><\/li>\n<\/ul>\n<p><strong>Technische Daten<\/strong><\/p>\n<table class=\"table table--fullWidth table--striped table--bordered\">\n<tbody>\n<tr>\n<td><strong>Gii 52<\/strong><\/td>\n<td><strong>M<\/strong><\/td>\n<td><strong>L<\/strong><\/td>\n<\/tr>\n<tr>\n<td>Pilotengr\u00f6\u00dfe \u00a0(cm)<\/td>\n<td>160-185<\/td>\n<td>175-200<\/td>\n<\/tr>\n<tr>\n<td>Sitzbrett-Breite (cm)<\/td>\n<td>33<\/td>\n<td>35<\/td>\n<\/tr>\n<tr>\n<td>Sitzbrett-Tiefe (cm)<\/td>\n<td>37<\/td>\n<td>39<\/td>\n<\/tr>\n<tr>\n<td>H\u00f6he Karabineraufh\u00e4ngung (cm)<\/td>\n<td>45<\/td>\n<td>48<\/td>\n<\/tr>\n<tr>\n<td>Breite Brustgurt (cm)<\/td>\n<td>40-46<\/td>\n<td>43-49<\/td>\n<\/tr>\n<tr>\n<td>Gurtgewicht\u00a0des Sitzes mit Schaumstoffschutz* \u00a0(kg)<\/td>\n<td>4,55<\/td>\n<td>4,70<\/td>\n<\/tr>\n<tr>\n<td>Gewicht des Sitzes mit aufblasbarem Protektor * (kg)<\/td>\n<td>4,25<\/td>\n<td>4,40<\/td>\n<\/tr>\n<tr>\n<td>Test<\/td>\n<td colspan=\"2\" rowspan=\"1\">EN \/ NfL<\/td>\n<\/tr>\n<\/tbody>\n<\/table>\n<p><em>* Das Gesamtgewicht umfasst (Gurtzeug, Sitzplatte, Karabbiner, Speed system, Rettungsgriffe und V Verbindungsleine) <br class=\"avia-permanent-lb\" \/><br class=\"avia-permanent-lb\" \/><\/em><\/p>\n<p><strong> <br class=\"avia-permanent-lb\" \/><img loading=\"lazy\" decoding=\"async\" class=\"\" src=\"https:\/\/sky-cz.com\/data\/filecache\/ed\/@1920x0\/DSF8958.jpeg\" width=\"299\" height=\"449\" \/><br class=\"avia-permanent-lb\" \/><br class=\"avia-permanent-lb\" \/><br class=\"avia-permanent-lb\" \/>Lieferumfang:<\/strong><\/p>\n<ul>\n<li>V-Verbindungsleine f\u00fcr den Rettungsschirm<\/li>\n<li>Rettergriffe<\/li>\n<li>Edelstahl-Karabiner<\/li>\n<li>Speed system<\/li>\n<li>Set f\u00fcr Rettereinbau mit Ersatzteilen<\/li>\n<li>entfernbare Funkger\u00e4te-Tasche<\/li>\n<\/ul>\n<p>&nbsp;<\/p>\n<p>Mehr <a href=\"https:\/\/sky-cz.com\/de\/gii-52--1\" target=\"_blank\" rel=\"noopener\">Infos<\/a><\/p>\n<p>Falls dieser Artikel nicht an Lager ist, wird er f\u00fcr dich bestellt. Lieferfrist auf Anfrage.<\/p>\n<\/div>\n","protected":false},"featured_media":21406,"comment_status":"closed","ping_status":"closed","template":"","meta":[],"product_brand":[2609],"product_cat":[937],"product_tag":[2677,1000,90],"class_list":{"0":"post-21403","1":"product","2":"type-product","3":"status-publish","4":"has-post-thumbnail","6":"product_brand-sky-paragliders","7":"product_cat-gleitschirm-sitzgurtzeuge","8":"product_tag-akro","9":"product_tag-sitzgurtzeug","10":"product_tag-verkaufsartikel","11":"product_shipping_class-priority-10kg-de","13":"first","14":"instock","15":"sale","16":"shipping-taxable","17":"purchasable","18":"product-type-variable"},"yoast_head":"<!-- This site is optimized with the Yoast SEO Premium plugin v26.1 (Yoast SEO v27.3) - https:\/\/yoast.com\/product\/yoast-seo-premium-wordpress\/ -->\n<title>Sky Paragliders GII 52 | Gleitschirmschule Thun, Bern, Interlaken<\/title>\n<meta name=\"description\" content=\"Die Gii 5-Serie zeigt einmal mehr ihre Vielseitigkeit! Diese fehlerlose Konfiguration \u00f6ffnet den Weg in die Welt des Akrofliegens \u2013 Gii 52! von Sky Paragliders\" \/>\n<meta name=\"robots\" content=\"index, follow, max-snippet:-1, max-image-preview:large, max-video-preview:-1\" \/>\n<link rel=\"canonical\" href=\"https:\/\/swissgliders.ch\/de\/produkt\/sky-paragliders-gii-52\/\" \/>\n<meta property=\"og:locale\" content=\"de_DE\" \/>\n<meta property=\"og:type\" content=\"article\" \/>\n<meta property=\"og:title\" content=\"Sky Paragliders GII 52\" \/>\n<meta property=\"og:description\" content=\"Die Gii 5-Serie zeigt einmal mehr ihre Vielseitigkeit! Diese fehlerlose Konfiguration \u00f6ffnet den Weg in die Welt des Akrofliegens \u2013 Gii 52! von Sky Paragliders\" \/>\n<meta property=\"og:url\" content=\"https:\/\/swissgliders.ch\/de\/produkt\/sky-paragliders-gii-52\/\" \/>\n<meta property=\"og:site_name\" content=\"Gleitschirmschule Thun, Bern, Interlaken\" \/>\n<meta property=\"article:publisher\" content=\"https:\/\/www.facebook.com\/swissgliders\" \/>\n<meta property=\"article:modified_time\" content=\"2025-11-06T13:57:50+00:00\" \/>\n<meta property=\"og:image\" content=\"https:\/\/swissgliders.ch\/wp-content\/uploads\/2025\/11\/Sky-paragliders_Gurtzeug_Gii-52-1.jpeg\" \/>\n\t<meta property=\"og:image:width\" content=\"1920\" \/>\n\t<meta property=\"og:image:height\" content=\"1280\" \/>\n\t<meta property=\"og:image:type\" content=\"image\/jpeg\" \/>\n<meta name=\"twitter:card\" content=\"summary_large_image\" \/>\n<meta name=\"twitter:site\" content=\"@Swissgliders\" \/>\n<meta name=\"twitter:label1\" content=\"Verf\u00fcgbarkeit\" \/>\n\t<meta name=\"twitter:data1\" content=\"Auf Lager\" \/>\n<script type=\"application\/ld+json\" class=\"yoast-schema-graph\">{\"@context\":\"https:\\\/\\\/schema.org\",\"@graph\":[{\"@type\":\"WebPage\",\"@id\":\"https:\\\/\\\/swissgliders.ch\\\/de\\\/produkt\\\/sky-paragliders-gii-52\\\/\",\"url\":\"https:\\\/\\\/swissgliders.ch\\\/de\\\/produkt\\\/sky-paragliders-gii-52\\\/\",\"name\":\"Sky Paragliders GII 52 | Gleitschirmschule Thun, Bern, Interlaken\",\"isPartOf\":{\"@id\":\"https:\\\/\\\/swissgliders.ch\\\/de\\\/#website\"},\"primaryImageOfPage\":{\"@id\":\"https:\\\/\\\/swissgliders.ch\\\/de\\\/produkt\\\/sky-paragliders-gii-52\\\/#primaryimage\"},\"image\":{\"@id\":\"https:\\\/\\\/swissgliders.ch\\\/de\\\/produkt\\\/sky-paragliders-gii-52\\\/#primaryimage\"},\"thumbnailUrl\":\"https:\\\/\\\/swissgliders.ch\\\/wp-content\\\/uploads\\\/2025\\\/11\\\/Sky-paragliders_Gurtzeug_Gii-52-1.jpeg\",\"datePublished\":\"2025-11-06T13:25:19+00:00\",\"dateModified\":\"2025-11-06T13:57:50+00:00\",\"description\":\"Die Gii 5-Serie zeigt einmal mehr ihre Vielseitigkeit! Diese fehlerlose Konfiguration \u00f6ffnet den Weg in die Welt des Akrofliegens \u2013 Gii 52! von Sky Paragliders\",\"breadcrumb\":{\"@id\":\"https:\\\/\\\/swissgliders.ch\\\/de\\\/produkt\\\/sky-paragliders-gii-52\\\/#breadcrumb\"},\"inLanguage\":\"de\",\"potentialAction\":[{\"@type\":\"ReadAction\",\"target\":[\"https:\\\/\\\/swissgliders.ch\\\/de\\\/produkt\\\/sky-paragliders-gii-52\\\/\"]}]},{\"@type\":\"ImageObject\",\"inLanguage\":\"de\",\"@id\":\"https:\\\/\\\/swissgliders.ch\\\/de\\\/produkt\\\/sky-paragliders-gii-52\\\/#primaryimage\",\"url\":\"https:\\\/\\\/swissgliders.ch\\\/wp-content\\\/uploads\\\/2025\\\/11\\\/Sky-paragliders_Gurtzeug_Gii-52-1.jpeg\",\"contentUrl\":\"https:\\\/\\\/swissgliders.ch\\\/wp-content\\\/uploads\\\/2025\\\/11\\\/Sky-paragliders_Gurtzeug_Gii-52-1.jpeg\",\"width\":1920,\"height\":1280,\"caption\":\"Sky paragliders_Gurtzeug_Gii 52-1\"},{\"@type\":\"BreadcrumbList\",\"@id\":\"https:\\\/\\\/swissgliders.ch\\\/de\\\/produkt\\\/sky-paragliders-gii-52\\\/#breadcrumb\",\"itemListElement\":[{\"@type\":\"ListItem\",\"position\":1,\"name\":\"Startseite\",\"item\":\"https:\\\/\\\/swissgliders.ch\\\/de\\\/willkommen\\\/\"},{\"@type\":\"ListItem\",\"position\":2,\"name\":\"Gleitschirm Shop\",\"item\":\"https:\\\/\\\/swissgliders.ch\\\/de\\\/gleitschirm-shop\\\/\"},{\"@type\":\"ListItem\",\"position\":3,\"name\":\"Sky Paragliders GII 52\"}]},{\"@type\":\"WebSite\",\"@id\":\"https:\\\/\\\/swissgliders.ch\\\/de\\\/#website\",\"url\":\"https:\\\/\\\/swissgliders.ch\\\/de\\\/\",\"name\":\"Gleitschirmschule Thun, Bern, Interlaken\",\"description\":\"Gleitschirmschule Thun, Bern, Interlaken\",\"publisher\":{\"@id\":\"https:\\\/\\\/swissgliders.ch\\\/de\\\/#organization\"},\"potentialAction\":[{\"@type\":\"SearchAction\",\"target\":{\"@type\":\"EntryPoint\",\"urlTemplate\":\"https:\\\/\\\/swissgliders.ch\\\/de\\\/?s={search_term_string}\"},\"query-input\":{\"@type\":\"PropertyValueSpecification\",\"valueRequired\":true,\"valueName\":\"search_term_string\"}}],\"inLanguage\":\"de\"},{\"@type\":\"Organization\",\"@id\":\"https:\\\/\\\/swissgliders.ch\\\/de\\\/#organization\",\"name\":\"Swissgliders Gleitschirmflugschule Thun\",\"url\":\"https:\\\/\\\/swissgliders.ch\\\/de\\\/\",\"logo\":{\"@type\":\"ImageObject\",\"inLanguage\":\"de\",\"@id\":\"https:\\\/\\\/swissgliders.ch\\\/de\\\/#\\\/schema\\\/logo\\\/image\\\/\",\"url\":\"https:\\\/\\\/swissgliders.ch\\\/wp-content\\\/uploads\\\/2019\\\/12\\\/swissgliders-logo-rgb-square-L-no-ch-01.png\",\"contentUrl\":\"https:\\\/\\\/swissgliders.ch\\\/wp-content\\\/uploads\\\/2019\\\/12\\\/swissgliders-logo-rgb-square-L-no-ch-01.png\",\"width\":2500,\"height\":2500,\"caption\":\"Swissgliders Gleitschirmflugschule Thun\"},\"image\":{\"@id\":\"https:\\\/\\\/swissgliders.ch\\\/de\\\/#\\\/schema\\\/logo\\\/image\\\/\"},\"sameAs\":[\"https:\\\/\\\/www.facebook.com\\\/swissgliders\",\"https:\\\/\\\/x.com\\\/Swissgliders\",\"https:\\\/\\\/www.instagram.com\\\/swissgliders\\\/\",\"https:\\\/\\\/www.youtube.com\\\/channel\\\/UCMCtGdepy9vBhrhX3V_oJOA\"],\"hasMerchantReturnPolicy\":{\"@type\":\"MerchantReturnPolicy\",\"merchantReturnLink\":\"https:\\\/\\\/swissgliders.ch\\\/de\\\/allgemeine-geschaftsbedingungen\\\/\"}}]}<\/script>\n<meta property=\"og:availability\" content=\"instock\" \/>\n<meta property=\"product:availability\" content=\"instock\" \/>\n<meta property=\"product:condition\" content=\"new\" \/>\n<!-- \/ Yoast SEO Premium plugin. -->","yoast_head_json":{"title":"Sky Paragliders GII 52 | Gleitschirmschule Thun, Bern, Interlaken","description":"Die Gii 5-Serie zeigt einmal mehr ihre Vielseitigkeit! Diese fehlerlose Konfiguration \u00f6ffnet den Weg in die Welt des Akrofliegens \u2013 Gii 52! von Sky Paragliders","robots":{"index":"index","follow":"follow","max-snippet":"max-snippet:-1","max-image-preview":"max-image-preview:large","max-video-preview":"max-video-preview:-1"},"canonical":"https:\/\/swissgliders.ch\/de\/produkt\/sky-paragliders-gii-52\/","og_locale":"de_DE","og_type":"article","og_title":"Sky Paragliders GII 52","og_description":"Die Gii 5-Serie zeigt einmal mehr ihre Vielseitigkeit! Diese fehlerlose Konfiguration \u00f6ffnet den Weg in die Welt des Akrofliegens \u2013 Gii 52! von Sky Paragliders","og_url":"https:\/\/swissgliders.ch\/de\/produkt\/sky-paragliders-gii-52\/","og_site_name":"Gleitschirmschule Thun, Bern, Interlaken","article_publisher":"https:\/\/www.facebook.com\/swissgliders","article_modified_time":"2025-11-06T13:57:50+00:00","og_image":[{"width":1920,"height":1280,"url":"https:\/\/swissgliders.ch\/wp-content\/uploads\/2025\/11\/Sky-paragliders_Gurtzeug_Gii-52-1.jpeg","type":"image\/jpeg"}],"twitter_card":"summary_large_image","twitter_site":"@Swissgliders","twitter_misc":{"Verf\u00fcgbarkeit":"Auf Lager"},"schema":{"@context":"https:\/\/schema.org","@graph":[{"@type":"WebPage","@id":"https:\/\/swissgliders.ch\/de\/produkt\/sky-paragliders-gii-52\/","url":"https:\/\/swissgliders.ch\/de\/produkt\/sky-paragliders-gii-52\/","name":"Sky Paragliders GII 52 | Gleitschirmschule Thun, Bern, Interlaken","isPartOf":{"@id":"https:\/\/swissgliders.ch\/de\/#website"},"primaryImageOfPage":{"@id":"https:\/\/swissgliders.ch\/de\/produkt\/sky-paragliders-gii-52\/#primaryimage"},"image":{"@id":"https:\/\/swissgliders.ch\/de\/produkt\/sky-paragliders-gii-52\/#primaryimage"},"thumbnailUrl":"https:\/\/swissgliders.ch\/wp-content\/uploads\/2025\/11\/Sky-paragliders_Gurtzeug_Gii-52-1.jpeg","datePublished":"2025-11-06T13:25:19+00:00","dateModified":"2025-11-06T13:57:50+00:00","description":"Die Gii 5-Serie zeigt einmal mehr ihre Vielseitigkeit! Diese fehlerlose Konfiguration \u00f6ffnet den Weg in die Welt des Akrofliegens \u2013 Gii 52! von Sky Paragliders","breadcrumb":{"@id":"https:\/\/swissgliders.ch\/de\/produkt\/sky-paragliders-gii-52\/#breadcrumb"},"inLanguage":"de","potentialAction":[{"@type":"ReadAction","target":["https:\/\/swissgliders.ch\/de\/produkt\/sky-paragliders-gii-52\/"]}]},{"@type":"ImageObject","inLanguage":"de","@id":"https:\/\/swissgliders.ch\/de\/produkt\/sky-paragliders-gii-52\/#primaryimage","url":"https:\/\/swissgliders.ch\/wp-content\/uploads\/2025\/11\/Sky-paragliders_Gurtzeug_Gii-52-1.jpeg","contentUrl":"https:\/\/swissgliders.ch\/wp-content\/uploads\/2025\/11\/Sky-paragliders_Gurtzeug_Gii-52-1.jpeg","width":1920,"height":1280,"caption":"Sky paragliders_Gurtzeug_Gii 52-1"},{"@type":"BreadcrumbList","@id":"https:\/\/swissgliders.ch\/de\/produkt\/sky-paragliders-gii-52\/#breadcrumb","itemListElement":[{"@type":"ListItem","position":1,"name":"Startseite","item":"https:\/\/swissgliders.ch\/de\/willkommen\/"},{"@type":"ListItem","position":2,"name":"Gleitschirm Shop","item":"https:\/\/swissgliders.ch\/de\/gleitschirm-shop\/"},{"@type":"ListItem","position":3,"name":"Sky Paragliders GII 52"}]},{"@type":"WebSite","@id":"https:\/\/swissgliders.ch\/de\/#website","url":"https:\/\/swissgliders.ch\/de\/","name":"Gleitschirmschule Thun, Bern, Interlaken","description":"Gleitschirmschule Thun, Bern, Interlaken","publisher":{"@id":"https:\/\/swissgliders.ch\/de\/#organization"},"potentialAction":[{"@type":"SearchAction","target":{"@type":"EntryPoint","urlTemplate":"https:\/\/swissgliders.ch\/de\/?s={search_term_string}"},"query-input":{"@type":"PropertyValueSpecification","valueRequired":true,"valueName":"search_term_string"}}],"inLanguage":"de"},{"@type":"Organization","@id":"https:\/\/swissgliders.ch\/de\/#organization","name":"Swissgliders Gleitschirmflugschule Thun","url":"https:\/\/swissgliders.ch\/de\/","logo":{"@type":"ImageObject","inLanguage":"de","@id":"https:\/\/swissgliders.ch\/de\/#\/schema\/logo\/image\/","url":"https:\/\/swissgliders.ch\/wp-content\/uploads\/2019\/12\/swissgliders-logo-rgb-square-L-no-ch-01.png","contentUrl":"https:\/\/swissgliders.ch\/wp-content\/uploads\/2019\/12\/swissgliders-logo-rgb-square-L-no-ch-01.png","width":2500,"height":2500,"caption":"Swissgliders Gleitschirmflugschule Thun"},"image":{"@id":"https:\/\/swissgliders.ch\/de\/#\/schema\/logo\/image\/"},"sameAs":["https:\/\/www.facebook.com\/swissgliders","https:\/\/x.com\/Swissgliders","https:\/\/www.instagram.com\/swissgliders\/","https:\/\/www.youtube.com\/channel\/UCMCtGdepy9vBhrhX3V_oJOA"],"hasMerchantReturnPolicy":{"@type":"MerchantReturnPolicy","merchantReturnLink":"https:\/\/swissgliders.ch\/de\/allgemeine-geschaftsbedingungen\/"}}]},"og_availability":"instock","product_availability":"instock","product_condition":"new"},"_links":{"self":[{"href":"https:\/\/swissgliders.ch\/de\/wp-json\/wp\/v2\/product\/21403","targetHints":{"allow":["GET"]}}],"collection":[{"href":"https:\/\/swissgliders.ch\/de\/wp-json\/wp\/v2\/product"}],"about":[{"href":"https:\/\/swissgliders.ch\/de\/wp-json\/wp\/v2\/types\/product"}],"replies":[{"embeddable":true,"href":"https:\/\/swissgliders.ch\/de\/wp-json\/wp\/v2\/comments?post=21403"}],"wp:featuredmedia":[{"embeddable":true,"href":"https:\/\/swissgliders.ch\/de\/wp-json\/wp\/v2\/media\/21406"}],"wp:attachment":[{"href":"https:\/\/swissgliders.ch\/de\/wp-json\/wp\/v2\/media?parent=21403"}],"wp:term":[{"taxonomy":"product_brand","embeddable":true,"href":"https:\/\/swissgliders.ch\/de\/wp-json\/wp\/v2\/product_brand?post=21403"},{"taxonomy":"product_cat","embeddable":true,"href":"https:\/\/swissgliders.ch\/de\/wp-json\/wp\/v2\/product_cat?post=21403"},{"taxonomy":"product_tag","embeddable":true,"href":"https:\/\/swissgliders.ch\/de\/wp-json\/wp\/v2\/product_tag?post=21403"}],"curies":[{"name":"wp","href":"https:\/\/api.w.org\/{rel}","templated":true}]}}