{"id":21434,"date":"2025-11-06T15:02:54","date_gmt":"2025-11-06T14:02:54","guid":{"rendered":"https:\/\/swissgliders.ch\/?post_type=product&#038;p=21434"},"modified":"2025-11-06T15:24:27","modified_gmt":"2025-11-06T14:24:27","slug":"sky-paragliders-crux","status":"publish","type":"product","link":"https:\/\/swissgliders.ch\/de\/produkt\/sky-paragliders-crux\/","title":{"rendered":"Sky Paragliders Crux"},"content":{"rendered":"<h4 class=\"et_pb_module_header\" style=\"text-align: left;\"><span style=\"text-align: left;\"> <br class=\"avia-permanent-lb\" \/>Das\u00a0<strong>CRUX<\/strong>\u00a0wurde f\u00fcr die ultimative Funktionalit\u00e4t am Berg entwickelt. Kein Auspacken, Wenden und Neupacken auf steilen oder rutschigen Startpl\u00e4tzen mehr. <br class=\"avia-permanent-lb\" \/><br class=\"avia-permanent-lb\" \/><\/span><\/h4>\n<h4 class=\"et_pb_module_header\" style=\"text-align: left;\"><span style=\"text-align: left;\">Das Konzept ist in einen vollwertigen leichten Bergrucksack integriert \u2013 f\u00fcr den Alpinisten, der Klettern, Bergsteigen und Hike &amp; Fly liebt.<br class=\"avia-permanent-lb\" \/><br class=\"avia-permanent-lb\" \/><\/span><\/h4>\n<div class=\"et_pb_blurb_description\">\n<p><img loading=\"lazy\" decoding=\"async\" class=\"\" src=\"https:\/\/sky-cz.com\/data\/filecache\/39\/@1920x0\/DSC_2998-kopie-2_1_1.jpg\" width=\"695\" height=\"465\" \/><br class=\"avia-permanent-lb\" \/><br class=\"avia-permanent-lb\" \/>Ein v\u00f6llig neuartiger Denkansatz, der Einsatz von speziellen leichten Materialien sowie intensive Entwicklungs- und Testarbeit in den Bergen der slowakischen Tatra machten aus dem einzigartigen Konzept ein Gurtzeug: das\u00a0<strong>CRUX.<\/strong><\/p>\n<p>Auf den Punkt gebracht erm\u00f6glicht das\u00a0<strong>CRUX<\/strong>\u00a0einen einfachen und direkten Zugriff auf das Gurtzeug aus dem Bodenteil des Rucksacks, w\u00e4hrend der Rucksackinhalt an seinem Platz bleiben kann.<\/p>\n<p>Trotz geringen Gewichts und minimalistischem Design bietet das\u00a0<strong>CRUX<\/strong>\u00a0einen guten Komfort im Flug, indem es die Schulter- und Beckengurte des Rucksacks verwendet. Der Gurt kann auch beim Klettern und am Seil verwendet werden.<\/p>\n<p>Der Rucksack wurde als echter Kletterpartner entwickelt: leicht, anatomisch geformt, stabil und sowohl von oben als auch seitlich komprimierbar. Das Volumen von 56 Litern bietet ausreichenden Platz f\u00fcr die Flugausr\u00fcstung. Dabei wurden zahleiche Funktionen integriert, die man nur von h\u00f6chstklassigen reinen Kletterrucks\u00e4cken erwarten w\u00fcrde.<\/p>\n<p>Das Gesamtgewicht von Gurtzeug und Rucksack betr\u00e4gt lediglich 1,250 Gramm*.<\/p>\n<p>Es ist m\u00f6glich, auf Wunsch den Gurt und den Rucksack unabh\u00e4ngig von einander zu verwenden.<\/p>\n<p>* Gewicht in Gr\u00f6\u00dfe M ohne Karabiner<\/p>\n<h4><strong> <br class=\"avia-permanent-lb\" \/>Haupteigenschaften:<\/strong><\/h4>\n<p><strong> <br class=\"avia-permanent-lb\" \/>Gurtzeug:<\/strong><\/p>\n<ul>\n<li>separater Zugang zu Gurtzeug und Rucksackinhalt<\/li>\n<li>geringes Gewicht<\/li>\n<li>durchg\u00e4ngige Webkonstruktion aus Dyneema<\/li>\n<li>hoher Flugkomfort<\/li>\n<li>farblich gekennzeichnete Aufh\u00e4ngungspunkte<\/li>\n<\/ul>\n<p>&nbsp;<\/p>\n<p><strong>Rucksack:<\/strong><\/p>\n<ul>\n<li>56 Liter Volumen<\/li>\n<li>geringes Gewicht trotz hoher Haltbarkeit<\/li>\n<li>elastische Seitentaschen<\/li>\n<li>zahlreiche Stauf\u00e4cher<\/li>\n<li>rollverschluss erlaubt die Einstellung des Volumens<\/li>\n<li>kompressionsb\u00e4nder<\/li>\n<li>entfernbarer H\u00fcftgurt<\/li>\n<li>interne Fixierb\u00e4nder<\/li>\n<li>au\u00dfenliegende Zubeh\u00f6rschlaufen<\/li>\n<\/ul>\n<p>Das\u00a0<strong>CRUX<\/strong>\u00a0ist in den drei Gr\u00f6\u00dfen M, L und XL verf\u00fcgbar.<\/p>\n<p>F\u00fcr optimalen Komfort ist die richtige Gr\u00f6\u00dfenwahl wesentlich. Das\u00a0<strong>CRUX<\/strong>\u00a0ist nicht einstellbar, weshalb eine Anprobe vor Kauf\/Bestellung unbedingt empfohlen wird. Bitte kontaktieren Sie dazu Ihren Sky-H\u00e4ndler.<\/p>\n<p><br class=\"avia-permanent-lb\" \/><img loading=\"lazy\" decoding=\"async\" class=\"\" src=\"https:\/\/sky-cz.com\/data\/filecache\/b1\/@1920x0\/DSC_2892-kopie_1_1.jpg\" width=\"565\" height=\"378\" \/><\/p>\n<h4><strong> <br class=\"avia-permanent-lb\" \/><br class=\"avia-permanent-lb\" \/>Technische Daten <br class=\"avia-permanent-lb\" \/><br class=\"avia-permanent-lb\" \/><\/strong><\/h4>\n<table class=\"table table--fullWidth table--striped\">\n<tbody>\n<tr>\n<td><strong>CRUX<\/strong><\/td>\n<td><b>M<\/b><\/td>\n<td><b>L<\/b><\/td>\n<td><strong>XL<\/strong><\/td>\n<\/tr>\n<tr>\n<td>Pilotengr\u00f6\u00dfe \u00a0(cm)<\/td>\n<td>160-180<\/td>\n<td>175-190<\/td>\n<td>185-200<\/td>\n<\/tr>\n<tr>\n<td>H\u00f6he Karabineraufh\u00e4ngung (cm)<\/td>\n<td>45<\/td>\n<td>48<\/td>\n<td>51<\/td>\n<\/tr>\n<tr>\n<td>Breite Brustgurt (cm)<\/td>\n<td>43<\/td>\n<td>45<\/td>\n<td>48<\/td>\n<\/tr>\n<tr>\n<td>Gurtgewicht (kg)*<\/td>\n<td>1,25<\/td>\n<td>1,27<\/td>\n<td>1,33<\/td>\n<\/tr>\n<tr>\n<td>Test<\/td>\n<td>EN \/ LTF<\/td>\n<td>EN \/ LTF<\/td>\n<td>EN \/ LTF<\/td>\n<\/tr>\n<\/tbody>\n<\/table>\n<p><em>* Gesamtgewicht von Gurt und Rucksack ohne Karabiner.<\/em><\/p>\n<p><strong><br class=\"avia-permanent-lb\" \/><img loading=\"lazy\" decoding=\"async\" class=\"\" src=\"https:\/\/sky-cz.com\/data\/filecache\/c0\/@1920x0\/65260627-4E4E-4882-B3EF-26DAEC839B7B.jpeg\" width=\"707\" height=\"471\" \/><br class=\"avia-permanent-lb\" \/><br class=\"avia-permanent-lb\" \/><br class=\"avia-permanent-lb\" \/>Lieferumfang:<\/strong><\/p>\n<ul>\n<li>grivel Leichtkarabiner<\/li>\n<li>zus\u00e4tzliche Schultergurte, um das Gurtzeug auch ohne Rucksack verwenden zu k\u00f6nnen<strong>Light speed system kit\u00a0ist nicht im Lieferumfang enthalten.<\/strong><\/li>\n<\/ul>\n<p>&nbsp;<\/p>\n<p>Mehr <a href=\"https:\/\/sky-cz.com\/de\/crux\" target=\"_blank\" rel=\"noopener\">Infos<\/a><\/p>\n<p>Falls dieser Artikel nicht an Lager ist, wird er f\u00fcr dich bestellt. Lieferfrist auf Anfrage.<\/p>\n<\/div>\n","protected":false},"excerpt":{"rendered":"<h4 class=\"et_pb_module_header\" style=\"text-align: left;\"><span style=\"text-align: left;\"><br class=\"avia-permanent-lb\" \/>Das\u00a0<strong>CRUX<\/strong>\u00a0wurde f\u00fcr die ultimative Funktionalit\u00e4t am Berg entwickelt. Kein Auspacken, Wenden und Neupacken auf steilen oder rutschigen Startpl\u00e4tzen mehr. <br class=\"avia-permanent-lb\" \/><br class=\"avia-permanent-lb\" \/><\/span><\/h4>\n<h4 class=\"et_pb_module_header\" style=\"text-align: left;\"><span style=\"text-align: left;\">Das Konzept ist in einen vollwertigen leichten Bergrucksack integriert \u2013 f\u00fcr den Alpinisten, der Klettern, Bergsteigen und Hike &amp; Fly liebt.<br class=\"avia-permanent-lb\" \/><br class=\"avia-permanent-lb\" \/><\/span><\/h4>\n<div class=\"et_pb_blurb_description\">\n<p><img loading=\"lazy\" decoding=\"async\" class=\"\" src=\"https:\/\/sky-cz.com\/data\/filecache\/39\/@1920x0\/DSC_2998-kopie-2_1_1.jpg\" width=\"695\" height=\"465\" \/><br class=\"avia-permanent-lb\" \/><br class=\"avia-permanent-lb\" \/>Ein v\u00f6llig neuartiger Denkansatz, der Einsatz von speziellen leichten Materialien sowie intensive Entwicklungs- und Testarbeit in den Bergen der slowakischen Tatra machten aus dem einzigartigen Konzept ein Gurtzeug: das\u00a0<strong>CRUX.<\/strong><\/p>\n<p>Auf den Punkt gebracht erm\u00f6glicht das\u00a0<strong>CRUX<\/strong>\u00a0einen einfachen und direkten Zugriff auf das Gurtzeug aus dem Bodenteil des Rucksacks, w\u00e4hrend der Rucksackinhalt an seinem Platz bleiben kann.<\/p>\n<p>Trotz geringen Gewichts und minimalistischem Design bietet das\u00a0<strong>CRUX<\/strong>\u00a0einen guten Komfort im Flug, indem es die Schulter- und Beckengurte des Rucksacks verwendet. Der Gurt kann auch beim Klettern und am Seil verwendet werden.<\/p>\n<p>Der Rucksack wurde als echter Kletterpartner entwickelt: leicht, anatomisch geformt, stabil und sowohl von oben als auch seitlich komprimierbar. Das Volumen von 56 Litern bietet ausreichenden Platz f\u00fcr die Flugausr\u00fcstung. Dabei wurden zahleiche Funktionen integriert, die man nur von h\u00f6chstklassigen reinen Kletterrucks\u00e4cken erwarten w\u00fcrde.<\/p>\n<p>Das Gesamtgewicht von Gurtzeug und Rucksack betr\u00e4gt lediglich 1,250 Gramm*.<\/p>\n<p>Es ist m\u00f6glich, auf Wunsch den Gurt und den Rucksack unabh\u00e4ngig von einander zu verwenden.<\/p>\n<p>* Gewicht in Gr\u00f6\u00dfe M ohne Karabiner<\/p>\n<h4><strong> <br class=\"avia-permanent-lb\" \/>Haupteigenschaften:<\/strong><\/h4>\n<p><strong> <br class=\"avia-permanent-lb\" \/>Gurtzeug:<\/strong><\/p>\n<ul>\n<li>separater Zugang zu Gurtzeug und Rucksackinhalt<\/li>\n<li>geringes Gewicht<\/li>\n<li>durchg\u00e4ngige Webkonstruktion aus Dyneema<\/li>\n<li>hoher Flugkomfort<\/li>\n<li>farblich gekennzeichnete Aufh\u00e4ngungspunkte<\/li>\n<\/ul>\n<p>&nbsp;<\/p>\n<p><strong>Rucksack:<\/strong><\/p>\n<ul>\n<li>56 Liter Volumen<\/li>\n<li>geringes Gewicht trotz hoher Haltbarkeit<\/li>\n<li>elastische Seitentaschen<\/li>\n<li>zahlreiche Stauf\u00e4cher<\/li>\n<li>rollverschluss erlaubt die Einstellung des Volumens<\/li>\n<li>kompressionsb\u00e4nder<\/li>\n<li>entfernbarer H\u00fcftgurt<\/li>\n<li>interne Fixierb\u00e4nder<\/li>\n<li>au\u00dfenliegende Zubeh\u00f6rschlaufen<\/li>\n<\/ul>\n<p>Das\u00a0<strong>CRUX<\/strong>\u00a0ist in den drei Gr\u00f6\u00dfen M, L und XL verf\u00fcgbar.<\/p>\n<p>F\u00fcr optimalen Komfort ist die richtige Gr\u00f6\u00dfenwahl wesentlich. Das\u00a0<strong>CRUX<\/strong>\u00a0ist nicht einstellbar, weshalb eine Anprobe vor Kauf\/Bestellung unbedingt empfohlen wird. Bitte kontaktieren Sie dazu Ihren Sky-H\u00e4ndler.<\/p>\n<p><br class=\"avia-permanent-lb\" \/><img loading=\"lazy\" decoding=\"async\" class=\"\" src=\"https:\/\/sky-cz.com\/data\/filecache\/b1\/@1920x0\/DSC_2892-kopie_1_1.jpg\" width=\"565\" height=\"378\" \/><\/p>\n<h4><strong> <br class=\"avia-permanent-lb\" \/><br class=\"avia-permanent-lb\" \/>Technische Daten <br class=\"avia-permanent-lb\" \/><br class=\"avia-permanent-lb\" \/><\/strong><\/h4>\n<table class=\"table table--fullWidth table--striped\">\n<tbody>\n<tr>\n<td><strong>CRUX<\/strong><\/td>\n<td><b>M<\/b><\/td>\n<td><b>L<\/b><\/td>\n<td><strong>XL<\/strong><\/td>\n<\/tr>\n<tr>\n<td>Pilotengr\u00f6\u00dfe \u00a0(cm)<\/td>\n<td>160-180<\/td>\n<td>175-190<\/td>\n<td>185-200<\/td>\n<\/tr>\n<tr>\n<td>H\u00f6he Karabineraufh\u00e4ngung (cm)<\/td>\n<td>45<\/td>\n<td>48<\/td>\n<td>51<\/td>\n<\/tr>\n<tr>\n<td>Breite Brustgurt (cm)<\/td>\n<td>43<\/td>\n<td>45<\/td>\n<td>48<\/td>\n<\/tr>\n<tr>\n<td>Gurtgewicht (kg)*<\/td>\n<td>1,25<\/td>\n<td>1,27<\/td>\n<td>1,33<\/td>\n<\/tr>\n<tr>\n<td>Test<\/td>\n<td>EN \/ LTF<\/td>\n<td>EN \/ LTF<\/td>\n<td>EN \/ LTF<\/td>\n<\/tr>\n<\/tbody>\n<\/table>\n<p><em>* Gesamtgewicht von Gurt und Rucksack ohne Karabiner.<\/em><\/p>\n<p><strong><br class=\"avia-permanent-lb\" \/><img loading=\"lazy\" decoding=\"async\" class=\"\" src=\"https:\/\/sky-cz.com\/data\/filecache\/c0\/@1920x0\/65260627-4E4E-4882-B3EF-26DAEC839B7B.jpeg\" width=\"707\" height=\"471\" \/><br class=\"avia-permanent-lb\" \/><br class=\"avia-permanent-lb\" \/><br class=\"avia-permanent-lb\" \/>Lieferumfang:<\/strong><\/p>\n<ul>\n<li>grivel Leichtkarabiner<\/li>\n<li>zus\u00e4tzliche Schultergurte, um das Gurtzeug auch ohne Rucksack verwenden zu k\u00f6nnen<strong>Light speed system kit\u00a0ist nicht im Lieferumfang enthalten.<\/strong><\/li>\n<\/ul>\n<p>&nbsp;<\/p>\n<p>Mehr <a href=\"https:\/\/sky-cz.com\/de\/crux\" target=\"_blank\" rel=\"noopener\">Infos<\/a><\/p>\n<p>Falls dieser Artikel nicht an Lager ist, wird er f\u00fcr dich bestellt. Lieferfrist auf Anfrage.<\/p>\n<\/div>\n","protected":false},"featured_media":21437,"comment_status":"closed","ping_status":"closed","template":"","meta":[],"product_brand":[2609],"product_cat":[1026],"product_tag":[1040,1965,90],"class_list":{"0":"post-21434","1":"product","2":"type-product","3":"status-publish","4":"has-post-thumbnail","6":"product_brand-sky-paragliders","7":"product_cat-leichte-gleitschirmgurtzeuge","8":"product_tag-leichtgurtzeug","9":"product_tag-ultraleichtgurtzeug","10":"product_tag-verkaufsartikel","11":"product_shipping_class-priority-10kg-de","13":"first","14":"instock","15":"shipping-taxable","16":"purchasable","17":"product-type-variable"},"yoast_head":"<!-- This site is optimized with the Yoast SEO Premium plugin v26.1 (Yoast SEO v27.3) - https:\/\/yoast.com\/product\/yoast-seo-premium-wordpress\/ -->\n<title>Sky Paragliders Crux | Gleitschirmschule Thun, Bern, Interlaken<\/title>\n<meta name=\"description\" content=\"Crux ultraleichtes Berggurtzeug von Sky Paragliders f\u00fcr Hike &amp; Fly. Das\u00a0CRUX\u00a0wurde f\u00fcr die ultimative Funktionalit\u00e4t am Berg entwickelt. Kein Auspacken, Wenden und Neupacken auf steilen oder rutschigen Startpl\u00e4tzen mehr. Das Konzept ist in einen vollwertigen leichten Bergrucksack integriert \u2013 f\u00fcr den Alpinisten, der Klettern, Bergsteigen und Hike &amp; Fly liebt.\" \/>\n<meta name=\"robots\" content=\"index, follow, max-snippet:-1, max-image-preview:large, max-video-preview:-1\" \/>\n<link rel=\"canonical\" href=\"https:\/\/swissgliders.ch\/de\/produkt\/sky-paragliders-crux\/\" \/>\n<meta property=\"og:locale\" content=\"de_DE\" \/>\n<meta property=\"og:type\" content=\"article\" \/>\n<meta property=\"og:title\" content=\"Sky Paragliders Crux\" \/>\n<meta property=\"og:description\" content=\"Crux ultraleichtes Berggurtzeug von Sky Paragliders f\u00fcr Hike &amp; Fly. Das\u00a0CRUX\u00a0wurde f\u00fcr die ultimative Funktionalit\u00e4t am Berg entwickelt. Kein Auspacken, Wenden und Neupacken auf steilen oder rutschigen Startpl\u00e4tzen mehr. Das Konzept ist in einen vollwertigen leichten Bergrucksack integriert \u2013 f\u00fcr den Alpinisten, der Klettern, Bergsteigen und Hike &amp; Fly liebt.\" \/>\n<meta property=\"og:url\" content=\"https:\/\/swissgliders.ch\/de\/produkt\/sky-paragliders-crux\/\" \/>\n<meta property=\"og:site_name\" content=\"Gleitschirmschule Thun, Bern, Interlaken\" \/>\n<meta property=\"article:publisher\" content=\"https:\/\/www.facebook.com\/swissgliders\" \/>\n<meta property=\"article:modified_time\" content=\"2025-11-06T14:24:27+00:00\" \/>\n<meta property=\"og:image\" content=\"https:\/\/swissgliders.ch\/wp-content\/uploads\/2025\/11\/Sky-Paragliders_Ultraleichtgurtzeug_Crux-1.jpg\" \/>\n\t<meta property=\"og:image:width\" content=\"1920\" \/>\n\t<meta property=\"og:image:height\" content=\"1282\" \/>\n\t<meta property=\"og:image:type\" content=\"image\/jpeg\" \/>\n<meta name=\"twitter:card\" content=\"summary_large_image\" \/>\n<meta name=\"twitter:site\" content=\"@Swissgliders\" \/>\n<meta name=\"twitter:label1\" content=\"Verf\u00fcgbarkeit\" \/>\n\t<meta name=\"twitter:data1\" content=\"Auf Lager\" \/>\n<script type=\"application\/ld+json\" class=\"yoast-schema-graph\">{\"@context\":\"https:\\\/\\\/schema.org\",\"@graph\":[{\"@type\":\"WebPage\",\"@id\":\"https:\\\/\\\/swissgliders.ch\\\/de\\\/produkt\\\/sky-paragliders-crux\\\/\",\"url\":\"https:\\\/\\\/swissgliders.ch\\\/de\\\/produkt\\\/sky-paragliders-crux\\\/\",\"name\":\"Sky Paragliders Crux | Gleitschirmschule Thun, Bern, Interlaken\",\"isPartOf\":{\"@id\":\"https:\\\/\\\/swissgliders.ch\\\/de\\\/#website\"},\"primaryImageOfPage\":{\"@id\":\"https:\\\/\\\/swissgliders.ch\\\/de\\\/produkt\\\/sky-paragliders-crux\\\/#primaryimage\"},\"image\":{\"@id\":\"https:\\\/\\\/swissgliders.ch\\\/de\\\/produkt\\\/sky-paragliders-crux\\\/#primaryimage\"},\"thumbnailUrl\":\"https:\\\/\\\/swissgliders.ch\\\/wp-content\\\/uploads\\\/2025\\\/11\\\/Sky-Paragliders_Ultraleichtgurtzeug_Crux-1.jpg\",\"datePublished\":\"2025-11-06T14:02:54+00:00\",\"dateModified\":\"2025-11-06T14:24:27+00:00\",\"description\":\"Crux ultraleichtes Berggurtzeug von Sky Paragliders f\u00fcr Hike & Fly. Das\u00a0CRUX\u00a0wurde f\u00fcr die ultimative Funktionalit\u00e4t am Berg entwickelt. Kein Auspacken, Wenden und Neupacken auf steilen oder rutschigen Startpl\u00e4tzen mehr. Das Konzept ist in einen vollwertigen leichten Bergrucksack integriert \u2013 f\u00fcr den Alpinisten, der Klettern, Bergsteigen und Hike & Fly liebt.\",\"breadcrumb\":{\"@id\":\"https:\\\/\\\/swissgliders.ch\\\/de\\\/produkt\\\/sky-paragliders-crux\\\/#breadcrumb\"},\"inLanguage\":\"de\",\"potentialAction\":[{\"@type\":\"ReadAction\",\"target\":[\"https:\\\/\\\/swissgliders.ch\\\/de\\\/produkt\\\/sky-paragliders-crux\\\/\"]}]},{\"@type\":\"ImageObject\",\"inLanguage\":\"de\",\"@id\":\"https:\\\/\\\/swissgliders.ch\\\/de\\\/produkt\\\/sky-paragliders-crux\\\/#primaryimage\",\"url\":\"https:\\\/\\\/swissgliders.ch\\\/wp-content\\\/uploads\\\/2025\\\/11\\\/Sky-Paragliders_Ultraleichtgurtzeug_Crux-1.jpg\",\"contentUrl\":\"https:\\\/\\\/swissgliders.ch\\\/wp-content\\\/uploads\\\/2025\\\/11\\\/Sky-Paragliders_Ultraleichtgurtzeug_Crux-1.jpg\",\"width\":1920,\"height\":1282,\"caption\":\"Sky Paragliders_Ultraleichtgurtzeug_Crux-1\"},{\"@type\":\"BreadcrumbList\",\"@id\":\"https:\\\/\\\/swissgliders.ch\\\/de\\\/produkt\\\/sky-paragliders-crux\\\/#breadcrumb\",\"itemListElement\":[{\"@type\":\"ListItem\",\"position\":1,\"name\":\"Startseite\",\"item\":\"https:\\\/\\\/swissgliders.ch\\\/de\\\/willkommen\\\/\"},{\"@type\":\"ListItem\",\"position\":2,\"name\":\"Gleitschirm Shop\",\"item\":\"https:\\\/\\\/swissgliders.ch\\\/de\\\/gleitschirm-shop\\\/\"},{\"@type\":\"ListItem\",\"position\":3,\"name\":\"Sky Paragliders Crux\"}]},{\"@type\":\"WebSite\",\"@id\":\"https:\\\/\\\/swissgliders.ch\\\/de\\\/#website\",\"url\":\"https:\\\/\\\/swissgliders.ch\\\/de\\\/\",\"name\":\"Gleitschirmschule Thun, Bern, Interlaken\",\"description\":\"Gleitschirmschule Thun, Bern, Interlaken\",\"publisher\":{\"@id\":\"https:\\\/\\\/swissgliders.ch\\\/de\\\/#organization\"},\"potentialAction\":[{\"@type\":\"SearchAction\",\"target\":{\"@type\":\"EntryPoint\",\"urlTemplate\":\"https:\\\/\\\/swissgliders.ch\\\/de\\\/?s={search_term_string}\"},\"query-input\":{\"@type\":\"PropertyValueSpecification\",\"valueRequired\":true,\"valueName\":\"search_term_string\"}}],\"inLanguage\":\"de\"},{\"@type\":\"Organization\",\"@id\":\"https:\\\/\\\/swissgliders.ch\\\/de\\\/#organization\",\"name\":\"Swissgliders Gleitschirmflugschule Thun\",\"url\":\"https:\\\/\\\/swissgliders.ch\\\/de\\\/\",\"logo\":{\"@type\":\"ImageObject\",\"inLanguage\":\"de\",\"@id\":\"https:\\\/\\\/swissgliders.ch\\\/de\\\/#\\\/schema\\\/logo\\\/image\\\/\",\"url\":\"https:\\\/\\\/swissgliders.ch\\\/wp-content\\\/uploads\\\/2019\\\/12\\\/swissgliders-logo-rgb-square-L-no-ch-01.png\",\"contentUrl\":\"https:\\\/\\\/swissgliders.ch\\\/wp-content\\\/uploads\\\/2019\\\/12\\\/swissgliders-logo-rgb-square-L-no-ch-01.png\",\"width\":2500,\"height\":2500,\"caption\":\"Swissgliders Gleitschirmflugschule Thun\"},\"image\":{\"@id\":\"https:\\\/\\\/swissgliders.ch\\\/de\\\/#\\\/schema\\\/logo\\\/image\\\/\"},\"sameAs\":[\"https:\\\/\\\/www.facebook.com\\\/swissgliders\",\"https:\\\/\\\/x.com\\\/Swissgliders\",\"https:\\\/\\\/www.instagram.com\\\/swissgliders\\\/\",\"https:\\\/\\\/www.youtube.com\\\/channel\\\/UCMCtGdepy9vBhrhX3V_oJOA\"],\"hasMerchantReturnPolicy\":{\"@type\":\"MerchantReturnPolicy\",\"merchantReturnLink\":\"https:\\\/\\\/swissgliders.ch\\\/de\\\/allgemeine-geschaftsbedingungen\\\/\"}}]}<\/script>\n<meta property=\"og:availability\" content=\"instock\" \/>\n<meta property=\"product:availability\" content=\"instock\" \/>\n<meta property=\"product:condition\" content=\"new\" \/>\n<!-- \/ Yoast SEO Premium plugin. -->","yoast_head_json":{"title":"Sky Paragliders Crux | Gleitschirmschule Thun, Bern, Interlaken","description":"Crux ultraleichtes Berggurtzeug von Sky Paragliders f\u00fcr Hike & Fly. Das\u00a0CRUX\u00a0wurde f\u00fcr die ultimative Funktionalit\u00e4t am Berg entwickelt. Kein Auspacken, Wenden und Neupacken auf steilen oder rutschigen Startpl\u00e4tzen mehr. Das Konzept ist in einen vollwertigen leichten Bergrucksack integriert \u2013 f\u00fcr den Alpinisten, der Klettern, Bergsteigen und Hike & Fly liebt.","robots":{"index":"index","follow":"follow","max-snippet":"max-snippet:-1","max-image-preview":"max-image-preview:large","max-video-preview":"max-video-preview:-1"},"canonical":"https:\/\/swissgliders.ch\/de\/produkt\/sky-paragliders-crux\/","og_locale":"de_DE","og_type":"article","og_title":"Sky Paragliders Crux","og_description":"Crux ultraleichtes Berggurtzeug von Sky Paragliders f\u00fcr Hike & Fly. Das\u00a0CRUX\u00a0wurde f\u00fcr die ultimative Funktionalit\u00e4t am Berg entwickelt. Kein Auspacken, Wenden und Neupacken auf steilen oder rutschigen Startpl\u00e4tzen mehr. Das Konzept ist in einen vollwertigen leichten Bergrucksack integriert \u2013 f\u00fcr den Alpinisten, der Klettern, Bergsteigen und Hike & Fly liebt.","og_url":"https:\/\/swissgliders.ch\/de\/produkt\/sky-paragliders-crux\/","og_site_name":"Gleitschirmschule Thun, Bern, Interlaken","article_publisher":"https:\/\/www.facebook.com\/swissgliders","article_modified_time":"2025-11-06T14:24:27+00:00","og_image":[{"width":1920,"height":1282,"url":"https:\/\/swissgliders.ch\/wp-content\/uploads\/2025\/11\/Sky-Paragliders_Ultraleichtgurtzeug_Crux-1.jpg","type":"image\/jpeg"}],"twitter_card":"summary_large_image","twitter_site":"@Swissgliders","twitter_misc":{"Verf\u00fcgbarkeit":"Auf Lager"},"schema":{"@context":"https:\/\/schema.org","@graph":[{"@type":"WebPage","@id":"https:\/\/swissgliders.ch\/de\/produkt\/sky-paragliders-crux\/","url":"https:\/\/swissgliders.ch\/de\/produkt\/sky-paragliders-crux\/","name":"Sky Paragliders Crux | Gleitschirmschule Thun, Bern, Interlaken","isPartOf":{"@id":"https:\/\/swissgliders.ch\/de\/#website"},"primaryImageOfPage":{"@id":"https:\/\/swissgliders.ch\/de\/produkt\/sky-paragliders-crux\/#primaryimage"},"image":{"@id":"https:\/\/swissgliders.ch\/de\/produkt\/sky-paragliders-crux\/#primaryimage"},"thumbnailUrl":"https:\/\/swissgliders.ch\/wp-content\/uploads\/2025\/11\/Sky-Paragliders_Ultraleichtgurtzeug_Crux-1.jpg","datePublished":"2025-11-06T14:02:54+00:00","dateModified":"2025-11-06T14:24:27+00:00","description":"Crux ultraleichtes Berggurtzeug von Sky Paragliders f\u00fcr Hike & Fly. Das\u00a0CRUX\u00a0wurde f\u00fcr die ultimative Funktionalit\u00e4t am Berg entwickelt. Kein Auspacken, Wenden und Neupacken auf steilen oder rutschigen Startpl\u00e4tzen mehr. Das Konzept ist in einen vollwertigen leichten Bergrucksack integriert \u2013 f\u00fcr den Alpinisten, der Klettern, Bergsteigen und Hike & Fly liebt.","breadcrumb":{"@id":"https:\/\/swissgliders.ch\/de\/produkt\/sky-paragliders-crux\/#breadcrumb"},"inLanguage":"de","potentialAction":[{"@type":"ReadAction","target":["https:\/\/swissgliders.ch\/de\/produkt\/sky-paragliders-crux\/"]}]},{"@type":"ImageObject","inLanguage":"de","@id":"https:\/\/swissgliders.ch\/de\/produkt\/sky-paragliders-crux\/#primaryimage","url":"https:\/\/swissgliders.ch\/wp-content\/uploads\/2025\/11\/Sky-Paragliders_Ultraleichtgurtzeug_Crux-1.jpg","contentUrl":"https:\/\/swissgliders.ch\/wp-content\/uploads\/2025\/11\/Sky-Paragliders_Ultraleichtgurtzeug_Crux-1.jpg","width":1920,"height":1282,"caption":"Sky Paragliders_Ultraleichtgurtzeug_Crux-1"},{"@type":"BreadcrumbList","@id":"https:\/\/swissgliders.ch\/de\/produkt\/sky-paragliders-crux\/#breadcrumb","itemListElement":[{"@type":"ListItem","position":1,"name":"Startseite","item":"https:\/\/swissgliders.ch\/de\/willkommen\/"},{"@type":"ListItem","position":2,"name":"Gleitschirm Shop","item":"https:\/\/swissgliders.ch\/de\/gleitschirm-shop\/"},{"@type":"ListItem","position":3,"name":"Sky Paragliders Crux"}]},{"@type":"WebSite","@id":"https:\/\/swissgliders.ch\/de\/#website","url":"https:\/\/swissgliders.ch\/de\/","name":"Gleitschirmschule Thun, Bern, Interlaken","description":"Gleitschirmschule Thun, Bern, Interlaken","publisher":{"@id":"https:\/\/swissgliders.ch\/de\/#organization"},"potentialAction":[{"@type":"SearchAction","target":{"@type":"EntryPoint","urlTemplate":"https:\/\/swissgliders.ch\/de\/?s={search_term_string}"},"query-input":{"@type":"PropertyValueSpecification","valueRequired":true,"valueName":"search_term_string"}}],"inLanguage":"de"},{"@type":"Organization","@id":"https:\/\/swissgliders.ch\/de\/#organization","name":"Swissgliders Gleitschirmflugschule Thun","url":"https:\/\/swissgliders.ch\/de\/","logo":{"@type":"ImageObject","inLanguage":"de","@id":"https:\/\/swissgliders.ch\/de\/#\/schema\/logo\/image\/","url":"https:\/\/swissgliders.ch\/wp-content\/uploads\/2019\/12\/swissgliders-logo-rgb-square-L-no-ch-01.png","contentUrl":"https:\/\/swissgliders.ch\/wp-content\/uploads\/2019\/12\/swissgliders-logo-rgb-square-L-no-ch-01.png","width":2500,"height":2500,"caption":"Swissgliders Gleitschirmflugschule Thun"},"image":{"@id":"https:\/\/swissgliders.ch\/de\/#\/schema\/logo\/image\/"},"sameAs":["https:\/\/www.facebook.com\/swissgliders","https:\/\/x.com\/Swissgliders","https:\/\/www.instagram.com\/swissgliders\/","https:\/\/www.youtube.com\/channel\/UCMCtGdepy9vBhrhX3V_oJOA"],"hasMerchantReturnPolicy":{"@type":"MerchantReturnPolicy","merchantReturnLink":"https:\/\/swissgliders.ch\/de\/allgemeine-geschaftsbedingungen\/"}}]},"og_availability":"instock","product_availability":"instock","product_condition":"new"},"_links":{"self":[{"href":"https:\/\/swissgliders.ch\/de\/wp-json\/wp\/v2\/product\/21434","targetHints":{"allow":["GET"]}}],"collection":[{"href":"https:\/\/swissgliders.ch\/de\/wp-json\/wp\/v2\/product"}],"about":[{"href":"https:\/\/swissgliders.ch\/de\/wp-json\/wp\/v2\/types\/product"}],"replies":[{"embeddable":true,"href":"https:\/\/swissgliders.ch\/de\/wp-json\/wp\/v2\/comments?post=21434"}],"wp:featuredmedia":[{"embeddable":true,"href":"https:\/\/swissgliders.ch\/de\/wp-json\/wp\/v2\/media\/21437"}],"wp:attachment":[{"href":"https:\/\/swissgliders.ch\/de\/wp-json\/wp\/v2\/media?parent=21434"}],"wp:term":[{"taxonomy":"product_brand","embeddable":true,"href":"https:\/\/swissgliders.ch\/de\/wp-json\/wp\/v2\/product_brand?post=21434"},{"taxonomy":"product_cat","embeddable":true,"href":"https:\/\/swissgliders.ch\/de\/wp-json\/wp\/v2\/product_cat?post=21434"},{"taxonomy":"product_tag","embeddable":true,"href":"https:\/\/swissgliders.ch\/de\/wp-json\/wp\/v2\/product_tag?post=21434"}],"curies":[{"name":"wp","href":"https:\/\/api.w.org\/{rel}","templated":true}]}}