{"id":21496,"date":"2025-11-07T11:00:06","date_gmt":"2025-11-07T10:00:06","guid":{"rendered":"https:\/\/swissgliders.ch\/?post_type=product&#038;p=21496"},"modified":"2025-11-07T11:29:42","modified_gmt":"2025-11-07T10:29:42","slug":"sky-paragliders-pax-evo-passagier","status":"publish","type":"product","link":"https:\/\/swissgliders.ch\/de\/produkt\/sky-paragliders-pax-evo-passagier\/","title":{"rendered":"Sky Paragliders Pax Evo (Passagier)"},"content":{"rendered":"<div class=\"grid__item two-thirds lap--two-thirds palm--one-whole\">\n<div class=\"gridInner row--product-top__text\"><\/div>\n<\/div>\n<div class=\"et_pb_blurb_description\">\n<h3><strong> <br class=\"avia-permanent-lb\" \/>PAX evo<\/strong>\u00a0vermittelt Ihrem Passagier ein Komfortgef\u00fchl, welches ein wichtiger Faktor f\u00fcr einen gro\u00dfartigen Tandemflug ist!<\/h3>\n<p><br class=\"avia-permanent-lb\" \/><img loading=\"lazy\" decoding=\"async\" class=\"\" src=\"https:\/\/sky-cz.com\/data\/filecache\/00\/@1920x0\/D51DB0BE-C8D0-4B53-AD2D-010EC9C6A4EF.jpeg\" width=\"771\" height=\"514\" \/><br class=\"avia-permanent-lb\" \/><br class=\"avia-permanent-lb\" \/><br class=\"avia-permanent-lb\" \/><\/p>\n<p>Das\u00a0<strong>PAX evo<\/strong>\u00a0wurde von unseren Tandem-Profis intensiv entwickelt und getestet, um f\u00fcr die Passagiere m\u00f6glichst bequem zu sein. Einfach im Gebrauch, leicht zum Hineinrutschen und Herauskommen, sicher und einstellbar. Es gibt auch eine M\u00f6glichkeit, es f\u00fcr Ihre Werbung zu bedrucken.<\/p>\n<p>Das Verschlie\u00dfen mittels 2-Schnallen-Systems vereinfacht Ihren Vorflugcheck und unterst\u00fctzt einen einfachen Startlauf.<\/p>\n<p>Einmal in der Luft angekommen ist der \u00dcbergang von der laufenden in die sitzende Position extrem einfach. Zwei Griffe an den Gurtseiten erleichtern das Hineinrutschen ins Gurtzeug.<\/p>\n<p>Der aus haltbaren Materialien hergestellte Airbag mit hohem Volumen bietet hervorragenden Schutz, und kombiniert Komfort, Sicherheit und geringes Packma\u00df. Zwei demontierbare Gleitplatten befinden sich im Lieferumfang des<strong>\u00a0PAX evo<\/strong>. Sie sind sehr haltbar und waschbar &#8211; denn wir wissen, was \u201estarker Gebrauch\u201c bedeutet. Wenn es wichtig ist, dass Sie in der Luft gesehen werden, k\u00f6nnen wir die Gleitplatten (gegen Aufpreis) auch mit Ihren Grafiken bedrucken.<\/p>\n<p>Eine Universalgr\u00f6\u00dfe ist ein Muss f\u00fcr gewerbliche Tandempiloten. Damit ist Einstellbarkeit der logische n\u00e4chste Schritt. Schulter und R\u00fccken k\u00f6nnen \u00fcber Einstellgurte f\u00fcr bestm\u00f6glichen Passagierkomfort eingestellt werden. Auch die R\u00fcckenh\u00f6he kann beim<strong>\u00a0PAX evo<\/strong>\u00a0im Bereich von 10 Zentimetern verstellt werden &#8211; der betreffende Gurt befindet sich hinter einem Zipper unter dem Sitz.<\/p>\n<p>Das\u00a0<strong>PAX evo<\/strong>\u00a0ist die perfekte Erg\u00e4nzung zum Pilotengurtzeug\u00a0<a href=\"https:\/\/swissgliders.ch\/de\/produkt\/sky-paragliders-twin-2-evo-pilot\/\">TWIN 2<\/a>!<\/p>\n<p><strong><br class=\"avia-permanent-lb\" \/><img loading=\"lazy\" decoding=\"async\" class=\"\" src=\"https:\/\/sky-cz.com\/data\/filecache\/75\/@1920x0\/A82B8ABD-E936-4624-93FE-C7572AA0F0A5.jpeg\" width=\"749\" height=\"499\" \/><br class=\"avia-permanent-lb\" \/><\/strong><br class=\"avia-permanent-lb\" \/><em>Das k\u00f6nnte dir auch gefallen das Sitzgurtzeug f\u00fcr Tandempiloten <\/em><a href=\"https:\/\/swissgliders.ch\/de\/produkt\/sky-paragliders-twin-2-evo-pilot\/\">Twin 2 Evo\u00a0<\/a>\u00a0<strong><br class=\"avia-permanent-lb\" \/><br class=\"avia-permanent-lb\" \/><br class=\"avia-permanent-lb\" \/>Haupteigenschaften:<\/strong><\/p>\n<ul>\n<li>einfaches, sicheres und schnelles 2-Schnallen-System<\/li>\n<li>Passagiergriffe f\u00fcr einfacheres Hineinrutschen ins Gurtzeug<\/li>\n<li>hohes Airbagvolumen f\u00fcr maximale Sicherheit<\/li>\n<li>Universalgr\u00f6\u00dfe<\/li>\n<li>einstellbare L\u00e4nge der R\u00fcckenst\u00fctze<\/li>\n<li>zwei entfernbare Gleitplatten mit Werbem\u00f6glichkeit <br class=\"avia-permanent-lb\" \/><br class=\"avia-permanent-lb\" \/><br class=\"avia-permanent-lb\" \/><\/li>\n<\/ul>\n<p><img loading=\"lazy\" decoding=\"async\" class=\"\" src=\"https:\/\/sky-cz.com\/data\/filecache\/51\/@1920x0\/0277ADF0-8CD4-4947-9D8C-95ED12F795A7.jpeg\" width=\"698\" height=\"465\" \/><br class=\"avia-permanent-lb\" \/><br class=\"avia-permanent-lb\" \/><br class=\"avia-permanent-lb\" \/><strong>Technische Daten<\/strong><\/p>\n<table>\n<tbody>\n<tr>\n<td><strong>PAX evo<\/strong><\/td>\n<td><\/td>\n<td><\/td>\n<td><\/td>\n<\/tr>\n<tr>\n<td>Passagier H\u00f6he (cm)<\/td>\n<td><\/td>\n<td>150 &#8211; 200<\/td>\n<td><\/td>\n<td><\/td>\n<\/tr>\n<tr>\n<td>Brettbreite (cm)<\/td>\n<td><\/td>\n<td>37<\/td>\n<td><\/td>\n<td><\/td>\n<\/tr>\n<tr>\n<td>Geschirr Gewicht (kg) *<\/td>\n<td><\/td>\n<td>2,9<\/td>\n<td><\/td>\n<td><\/td>\n<\/tr>\n<tr>\n<td>Zertifizierung<\/td>\n<td><\/td>\n<td>EN\/LTF<\/td>\n<td><\/td>\n<td><\/td>\n<\/tr>\n<\/tbody>\n<\/table>\n<p><em>* Gesamtgewicht bereit zu fliegen<\/em><\/p>\n<p>&nbsp;<\/p>\n<p><strong>Paket beinhaltet:<\/strong><\/p>\n<ul>\n<li>Gurtzeug<\/li>\n<li>zwei austauschbare Gleitplatten<\/li>\n<li>Hauptkarabiner<\/li>\n<\/ul>\n<p><br class=\"avia-permanent-lb\" \/><br class=\"avia-permanent-lb\" \/>Mehr <a href=\"https:\/\/sky-cz.com\/de\/de-pax-evo\" target=\"_blank\" rel=\"noopener\">Infos<\/a><\/p>\n<p>Falls dieser Artikel nicht an Lager ist, wird er f\u00fcr dich bestellt. Lieferfrist auf Anfrage.<\/p>\n<\/div>\n","protected":false},"excerpt":{"rendered":"<div class=\"grid__item two-thirds lap--two-thirds palm--one-whole\">\n<div class=\"gridInner row--product-top__text\"><\/div>\n<\/div>\n<div class=\"et_pb_blurb_description\">\n<h3><strong> <br class=\"avia-permanent-lb\" \/>PAX evo<\/strong>\u00a0vermittelt Ihrem Passagier ein Komfortgef\u00fchl, welches ein wichtiger Faktor f\u00fcr einen gro\u00dfartigen Tandemflug ist!<\/h3>\n<p><br class=\"avia-permanent-lb\" \/><img loading=\"lazy\" decoding=\"async\" class=\"\" src=\"https:\/\/sky-cz.com\/data\/filecache\/00\/@1920x0\/D51DB0BE-C8D0-4B53-AD2D-010EC9C6A4EF.jpeg\" width=\"771\" height=\"514\" \/><br class=\"avia-permanent-lb\" \/><br class=\"avia-permanent-lb\" \/><br class=\"avia-permanent-lb\" \/><\/p>\n<p>Das\u00a0<strong>PAX evo<\/strong>\u00a0wurde von unseren Tandem-Profis intensiv entwickelt und getestet, um f\u00fcr die Passagiere m\u00f6glichst bequem zu sein. Einfach im Gebrauch, leicht zum Hineinrutschen und Herauskommen, sicher und einstellbar. Es gibt auch eine M\u00f6glichkeit, es f\u00fcr Ihre Werbung zu bedrucken.<\/p>\n<p>Das Verschlie\u00dfen mittels 2-Schnallen-Systems vereinfacht Ihren Vorflugcheck und unterst\u00fctzt einen einfachen Startlauf.<\/p>\n<p>Einmal in der Luft angekommen ist der \u00dcbergang von der laufenden in die sitzende Position extrem einfach. Zwei Griffe an den Gurtseiten erleichtern das Hineinrutschen ins Gurtzeug.<\/p>\n<p>Der aus haltbaren Materialien hergestellte Airbag mit hohem Volumen bietet hervorragenden Schutz, und kombiniert Komfort, Sicherheit und geringes Packma\u00df. Zwei demontierbare Gleitplatten befinden sich im Lieferumfang des<strong>\u00a0PAX evo<\/strong>. Sie sind sehr haltbar und waschbar &#8211; denn wir wissen, was \u201estarker Gebrauch\u201c bedeutet. Wenn es wichtig ist, dass Sie in der Luft gesehen werden, k\u00f6nnen wir die Gleitplatten (gegen Aufpreis) auch mit Ihren Grafiken bedrucken.<\/p>\n<p>Eine Universalgr\u00f6\u00dfe ist ein Muss f\u00fcr gewerbliche Tandempiloten. Damit ist Einstellbarkeit der logische n\u00e4chste Schritt. Schulter und R\u00fccken k\u00f6nnen \u00fcber Einstellgurte f\u00fcr bestm\u00f6glichen Passagierkomfort eingestellt werden. Auch die R\u00fcckenh\u00f6he kann beim<strong>\u00a0PAX evo<\/strong>\u00a0im Bereich von 10 Zentimetern verstellt werden &#8211; der betreffende Gurt befindet sich hinter einem Zipper unter dem Sitz.<\/p>\n<p>Das\u00a0<strong>PAX evo<\/strong>\u00a0ist die perfekte Erg\u00e4nzung zum Pilotengurtzeug\u00a0<a href=\"https:\/\/swissgliders.ch\/de\/produkt\/sky-paragliders-twin-2-evo-pilot\/\">TWIN 2<\/a>!<\/p>\n<p><strong><br class=\"avia-permanent-lb\" \/><img loading=\"lazy\" decoding=\"async\" class=\"\" src=\"https:\/\/sky-cz.com\/data\/filecache\/75\/@1920x0\/A82B8ABD-E936-4624-93FE-C7572AA0F0A5.jpeg\" width=\"749\" height=\"499\" \/><br class=\"avia-permanent-lb\" \/><\/strong><br class=\"avia-permanent-lb\" \/><em>Das k\u00f6nnte dir auch gefallen das Sitzgurtzeug f\u00fcr Tandempiloten <\/em><a href=\"https:\/\/swissgliders.ch\/de\/produkt\/sky-paragliders-twin-2-evo-pilot\/\">Twin 2 Evo\u00a0<\/a>\u00a0<strong><br class=\"avia-permanent-lb\" \/><br class=\"avia-permanent-lb\" \/><br class=\"avia-permanent-lb\" \/>Haupteigenschaften:<\/strong><\/p>\n<ul>\n<li>einfaches, sicheres und schnelles 2-Schnallen-System<\/li>\n<li>Passagiergriffe f\u00fcr einfacheres Hineinrutschen ins Gurtzeug<\/li>\n<li>hohes Airbagvolumen f\u00fcr maximale Sicherheit<\/li>\n<li>Universalgr\u00f6\u00dfe<\/li>\n<li>einstellbare L\u00e4nge der R\u00fcckenst\u00fctze<\/li>\n<li>zwei entfernbare Gleitplatten mit Werbem\u00f6glichkeit <br class=\"avia-permanent-lb\" \/><br class=\"avia-permanent-lb\" \/><br class=\"avia-permanent-lb\" \/><\/li>\n<\/ul>\n<p><img loading=\"lazy\" decoding=\"async\" class=\"\" src=\"https:\/\/sky-cz.com\/data\/filecache\/51\/@1920x0\/0277ADF0-8CD4-4947-9D8C-95ED12F795A7.jpeg\" width=\"698\" height=\"465\" \/><br class=\"avia-permanent-lb\" \/><br class=\"avia-permanent-lb\" \/><br class=\"avia-permanent-lb\" \/><strong>Technische Daten<\/strong><\/p>\n<table>\n<tbody>\n<tr>\n<td><strong>PAX evo<\/strong><\/td>\n<td><\/td>\n<td><\/td>\n<td><\/td>\n<\/tr>\n<tr>\n<td>Passagier H\u00f6he (cm)<\/td>\n<td><\/td>\n<td>150 &#8211; 200<\/td>\n<td><\/td>\n<td><\/td>\n<\/tr>\n<tr>\n<td>Brettbreite (cm)<\/td>\n<td><\/td>\n<td>37<\/td>\n<td><\/td>\n<td><\/td>\n<\/tr>\n<tr>\n<td>Geschirr Gewicht (kg) *<\/td>\n<td><\/td>\n<td>2,9<\/td>\n<td><\/td>\n<td><\/td>\n<\/tr>\n<tr>\n<td>Zertifizierung<\/td>\n<td><\/td>\n<td>EN\/LTF<\/td>\n<td><\/td>\n<td><\/td>\n<\/tr>\n<\/tbody>\n<\/table>\n<p><em>* Gesamtgewicht bereit zu fliegen<\/em><\/p>\n<p>&nbsp;<\/p>\n<p><strong>Paket beinhaltet:<\/strong><\/p>\n<ul>\n<li>Gurtzeug<\/li>\n<li>zwei austauschbare Gleitplatten<\/li>\n<li>Hauptkarabiner<\/li>\n<\/ul>\n<p><br class=\"avia-permanent-lb\" \/><br class=\"avia-permanent-lb\" \/>Mehr <a href=\"https:\/\/sky-cz.com\/de\/de-pax-evo\" target=\"_blank\" rel=\"noopener\">Infos<\/a><\/p>\n<p>Falls dieser Artikel nicht an Lager ist, wird er f\u00fcr dich bestellt. Lieferfrist auf Anfrage.<\/p>\n<\/div>\n","protected":false},"featured_media":21499,"comment_status":"closed","ping_status":"closed","template":"","meta":[],"product_brand":[2609],"product_cat":[937],"product_tag":[1000,2608,90],"class_list":{"0":"post-21496","1":"product","2":"type-product","3":"status-publish","4":"has-post-thumbnail","6":"product_brand-sky-paragliders","7":"product_cat-gleitschirm-sitzgurtzeuge","8":"product_tag-sitzgurtzeug","9":"product_tag-tandem","10":"product_tag-verkaufsartikel","11":"product_shipping_class-priority-10kg-de","13":"first","14":"instock","15":"shipping-taxable","16":"purchasable","17":"product-type-simple"},"yoast_head":"<!-- This site is optimized with the Yoast SEO Premium plugin v26.1 (Yoast SEO v27.3) - https:\/\/yoast.com\/product\/yoast-seo-premium-wordpress\/ -->\n<title>Sky Paragliders Pax Evo (Passagier) | Gleitschirmschule Thun, Bern, Interlaken<\/title>\n<meta name=\"description\" content=\"Pax Evo von Sky Paragliders vermittelt deinem Passagier ein Komfortgef\u00fchl, welches ein wichtiger Faktor f\u00fcr einen grossartigen Tandemflug ist! Das PAX evo wurde von unseren Tandem-Profis intensiv entwickelt und getestet, um f\u00fcr die Passagiere m\u00f6glichst bequem zu sein. Einfach im Gebrauch, leicht zum Hineinrutschen und Herauskommen, sicher und einstellbar. Es gibt auch eine M\u00f6glichkeit, es f\u00fcr Ihre Werbung zu bedrucken.\" \/>\n<meta name=\"robots\" content=\"index, follow, max-snippet:-1, max-image-preview:large, max-video-preview:-1\" \/>\n<link rel=\"canonical\" href=\"https:\/\/swissgliders.ch\/de\/produkt\/sky-paragliders-pax-evo-passagier\/\" \/>\n<meta property=\"og:locale\" content=\"de_DE\" \/>\n<meta property=\"og:type\" content=\"article\" \/>\n<meta property=\"og:title\" content=\"Sky Paragliders Pax Evo (Passagier)\" \/>\n<meta property=\"og:description\" content=\"Pax Evo von Sky Paragliders vermittelt deinem Passagier ein Komfortgef\u00fchl, welches ein wichtiger Faktor f\u00fcr einen grossartigen Tandemflug ist! Das PAX evo wurde von unseren Tandem-Profis intensiv entwickelt und getestet, um f\u00fcr die Passagiere m\u00f6glichst bequem zu sein. Einfach im Gebrauch, leicht zum Hineinrutschen und Herauskommen, sicher und einstellbar. Es gibt auch eine M\u00f6glichkeit, es f\u00fcr Ihre Werbung zu bedrucken.\" \/>\n<meta property=\"og:url\" content=\"https:\/\/swissgliders.ch\/de\/produkt\/sky-paragliders-pax-evo-passagier\/\" \/>\n<meta property=\"og:site_name\" content=\"Gleitschirmschule Thun, Bern, Interlaken\" \/>\n<meta property=\"article:publisher\" content=\"https:\/\/www.facebook.com\/swissgliders\" \/>\n<meta property=\"article:modified_time\" content=\"2025-11-07T10:29:42+00:00\" \/>\n<meta property=\"og:image\" content=\"https:\/\/swissgliders.ch\/wp-content\/uploads\/2025\/11\/Sky-Paragliders_Tandempiloten_Passagier_Sitzgurtzeug_Pax-Evo-1.jpeg\" \/>\n\t<meta property=\"og:image:width\" content=\"1920\" \/>\n\t<meta property=\"og:image:height\" content=\"1280\" \/>\n\t<meta property=\"og:image:type\" content=\"image\/jpeg\" \/>\n<meta name=\"twitter:card\" content=\"summary_large_image\" \/>\n<meta name=\"twitter:site\" content=\"@Swissgliders\" \/>\n<meta name=\"twitter:label1\" content=\"Preis\" \/>\n\t<meta name=\"twitter:data1\" content=\"&#067;&#072;&#070;&nbsp;840.00\" \/>\n\t<meta name=\"twitter:label2\" content=\"Verf\u00fcgbarkeit\" \/>\n\t<meta name=\"twitter:data2\" content=\"Auf Lager\" \/>\n<script type=\"application\/ld+json\" class=\"yoast-schema-graph\">{\"@context\":\"https:\\\/\\\/schema.org\",\"@graph\":[{\"@type\":\"WebPage\",\"@id\":\"https:\\\/\\\/swissgliders.ch\\\/de\\\/produkt\\\/sky-paragliders-pax-evo-passagier\\\/\",\"url\":\"https:\\\/\\\/swissgliders.ch\\\/de\\\/produkt\\\/sky-paragliders-pax-evo-passagier\\\/\",\"name\":\"Sky Paragliders Pax Evo (Passagier) | Gleitschirmschule Thun, Bern, Interlaken\",\"isPartOf\":{\"@id\":\"https:\\\/\\\/swissgliders.ch\\\/de\\\/#website\"},\"primaryImageOfPage\":{\"@id\":\"https:\\\/\\\/swissgliders.ch\\\/de\\\/produkt\\\/sky-paragliders-pax-evo-passagier\\\/#primaryimage\"},\"image\":{\"@id\":\"https:\\\/\\\/swissgliders.ch\\\/de\\\/produkt\\\/sky-paragliders-pax-evo-passagier\\\/#primaryimage\"},\"thumbnailUrl\":\"https:\\\/\\\/swissgliders.ch\\\/wp-content\\\/uploads\\\/2025\\\/11\\\/Sky-Paragliders_Tandempiloten_Passagier_Sitzgurtzeug_Pax-Evo-1.jpeg\",\"datePublished\":\"2025-11-07T10:00:06+00:00\",\"dateModified\":\"2025-11-07T10:29:42+00:00\",\"description\":\"Pax Evo von Sky Paragliders vermittelt deinem Passagier ein Komfortgef\u00fchl, welches ein wichtiger Faktor f\u00fcr einen grossartigen Tandemflug ist! Das PAX evo wurde von unseren Tandem-Profis intensiv entwickelt und getestet, um f\u00fcr die Passagiere m\u00f6glichst bequem zu sein. Einfach im Gebrauch, leicht zum Hineinrutschen und Herauskommen, sicher und einstellbar. Es gibt auch eine M\u00f6glichkeit, es f\u00fcr Ihre Werbung zu bedrucken.\",\"breadcrumb\":{\"@id\":\"https:\\\/\\\/swissgliders.ch\\\/de\\\/produkt\\\/sky-paragliders-pax-evo-passagier\\\/#breadcrumb\"},\"inLanguage\":\"de\",\"potentialAction\":[{\"@type\":\"ReadAction\",\"target\":[\"https:\\\/\\\/swissgliders.ch\\\/de\\\/produkt\\\/sky-paragliders-pax-evo-passagier\\\/\"]}]},{\"@type\":\"ImageObject\",\"inLanguage\":\"de\",\"@id\":\"https:\\\/\\\/swissgliders.ch\\\/de\\\/produkt\\\/sky-paragliders-pax-evo-passagier\\\/#primaryimage\",\"url\":\"https:\\\/\\\/swissgliders.ch\\\/wp-content\\\/uploads\\\/2025\\\/11\\\/Sky-Paragliders_Tandempiloten_Passagier_Sitzgurtzeug_Pax-Evo-1.jpeg\",\"contentUrl\":\"https:\\\/\\\/swissgliders.ch\\\/wp-content\\\/uploads\\\/2025\\\/11\\\/Sky-Paragliders_Tandempiloten_Passagier_Sitzgurtzeug_Pax-Evo-1.jpeg\",\"width\":1920,\"height\":1280,\"caption\":\"Sky Paragliders_Tandempiloten_Passagier_Sitzgurtzeug_Pax Evo-1\"},{\"@type\":\"BreadcrumbList\",\"@id\":\"https:\\\/\\\/swissgliders.ch\\\/de\\\/produkt\\\/sky-paragliders-pax-evo-passagier\\\/#breadcrumb\",\"itemListElement\":[{\"@type\":\"ListItem\",\"position\":1,\"name\":\"Startseite\",\"item\":\"https:\\\/\\\/swissgliders.ch\\\/de\\\/willkommen\\\/\"},{\"@type\":\"ListItem\",\"position\":2,\"name\":\"Gleitschirm Shop\",\"item\":\"https:\\\/\\\/swissgliders.ch\\\/de\\\/gleitschirm-shop\\\/\"},{\"@type\":\"ListItem\",\"position\":3,\"name\":\"Sky Paragliders Pax Evo (Passagier)\"}]},{\"@type\":\"WebSite\",\"@id\":\"https:\\\/\\\/swissgliders.ch\\\/de\\\/#website\",\"url\":\"https:\\\/\\\/swissgliders.ch\\\/de\\\/\",\"name\":\"Gleitschirmschule Thun, Bern, Interlaken\",\"description\":\"Gleitschirmschule Thun, Bern, Interlaken\",\"publisher\":{\"@id\":\"https:\\\/\\\/swissgliders.ch\\\/de\\\/#organization\"},\"potentialAction\":[{\"@type\":\"SearchAction\",\"target\":{\"@type\":\"EntryPoint\",\"urlTemplate\":\"https:\\\/\\\/swissgliders.ch\\\/de\\\/?s={search_term_string}\"},\"query-input\":{\"@type\":\"PropertyValueSpecification\",\"valueRequired\":true,\"valueName\":\"search_term_string\"}}],\"inLanguage\":\"de\"},{\"@type\":\"Organization\",\"@id\":\"https:\\\/\\\/swissgliders.ch\\\/de\\\/#organization\",\"name\":\"Swissgliders Gleitschirmflugschule Thun\",\"url\":\"https:\\\/\\\/swissgliders.ch\\\/de\\\/\",\"logo\":{\"@type\":\"ImageObject\",\"inLanguage\":\"de\",\"@id\":\"https:\\\/\\\/swissgliders.ch\\\/de\\\/#\\\/schema\\\/logo\\\/image\\\/\",\"url\":\"https:\\\/\\\/swissgliders.ch\\\/wp-content\\\/uploads\\\/2019\\\/12\\\/swissgliders-logo-rgb-square-L-no-ch-01.png\",\"contentUrl\":\"https:\\\/\\\/swissgliders.ch\\\/wp-content\\\/uploads\\\/2019\\\/12\\\/swissgliders-logo-rgb-square-L-no-ch-01.png\",\"width\":2500,\"height\":2500,\"caption\":\"Swissgliders Gleitschirmflugschule Thun\"},\"image\":{\"@id\":\"https:\\\/\\\/swissgliders.ch\\\/de\\\/#\\\/schema\\\/logo\\\/image\\\/\"},\"sameAs\":[\"https:\\\/\\\/www.facebook.com\\\/swissgliders\",\"https:\\\/\\\/x.com\\\/Swissgliders\",\"https:\\\/\\\/www.instagram.com\\\/swissgliders\\\/\",\"https:\\\/\\\/www.youtube.com\\\/channel\\\/UCMCtGdepy9vBhrhX3V_oJOA\"],\"hasMerchantReturnPolicy\":{\"@type\":\"MerchantReturnPolicy\",\"merchantReturnLink\":\"https:\\\/\\\/swissgliders.ch\\\/de\\\/allgemeine-geschaftsbedingungen\\\/\"}}]}<\/script>\n<meta property=\"product:price:amount\" content=\"840.00\" \/>\n<meta property=\"product:price:currency\" content=\"CHF\" \/>\n<meta property=\"og:availability\" content=\"instock\" \/>\n<meta property=\"product:availability\" content=\"instock\" \/>\n<meta property=\"product:condition\" content=\"new\" \/>\n<!-- \/ Yoast SEO Premium plugin. -->","yoast_head_json":{"title":"Sky Paragliders Pax Evo (Passagier) | Gleitschirmschule Thun, Bern, Interlaken","description":"Pax Evo von Sky Paragliders vermittelt deinem Passagier ein Komfortgef\u00fchl, welches ein wichtiger Faktor f\u00fcr einen grossartigen Tandemflug ist! Das PAX evo wurde von unseren Tandem-Profis intensiv entwickelt und getestet, um f\u00fcr die Passagiere m\u00f6glichst bequem zu sein. Einfach im Gebrauch, leicht zum Hineinrutschen und Herauskommen, sicher und einstellbar. Es gibt auch eine M\u00f6glichkeit, es f\u00fcr Ihre Werbung zu bedrucken.","robots":{"index":"index","follow":"follow","max-snippet":"max-snippet:-1","max-image-preview":"max-image-preview:large","max-video-preview":"max-video-preview:-1"},"canonical":"https:\/\/swissgliders.ch\/de\/produkt\/sky-paragliders-pax-evo-passagier\/","og_locale":"de_DE","og_type":"article","og_title":"Sky Paragliders Pax Evo (Passagier)","og_description":"Pax Evo von Sky Paragliders vermittelt deinem Passagier ein Komfortgef\u00fchl, welches ein wichtiger Faktor f\u00fcr einen grossartigen Tandemflug ist! Das PAX evo wurde von unseren Tandem-Profis intensiv entwickelt und getestet, um f\u00fcr die Passagiere m\u00f6glichst bequem zu sein. Einfach im Gebrauch, leicht zum Hineinrutschen und Herauskommen, sicher und einstellbar. Es gibt auch eine M\u00f6glichkeit, es f\u00fcr Ihre Werbung zu bedrucken.","og_url":"https:\/\/swissgliders.ch\/de\/produkt\/sky-paragliders-pax-evo-passagier\/","og_site_name":"Gleitschirmschule Thun, Bern, Interlaken","article_publisher":"https:\/\/www.facebook.com\/swissgliders","article_modified_time":"2025-11-07T10:29:42+00:00","og_image":[{"width":1920,"height":1280,"url":"https:\/\/swissgliders.ch\/wp-content\/uploads\/2025\/11\/Sky-Paragliders_Tandempiloten_Passagier_Sitzgurtzeug_Pax-Evo-1.jpeg","type":"image\/jpeg"}],"twitter_card":"summary_large_image","twitter_site":"@Swissgliders","twitter_misc":{"Preis":"&#67;&#72;&#70;&nbsp;840.00","Verf\u00fcgbarkeit":"Auf Lager"},"schema":{"@context":"https:\/\/schema.org","@graph":[{"@type":"WebPage","@id":"https:\/\/swissgliders.ch\/de\/produkt\/sky-paragliders-pax-evo-passagier\/","url":"https:\/\/swissgliders.ch\/de\/produkt\/sky-paragliders-pax-evo-passagier\/","name":"Sky Paragliders Pax Evo (Passagier) | Gleitschirmschule Thun, Bern, Interlaken","isPartOf":{"@id":"https:\/\/swissgliders.ch\/de\/#website"},"primaryImageOfPage":{"@id":"https:\/\/swissgliders.ch\/de\/produkt\/sky-paragliders-pax-evo-passagier\/#primaryimage"},"image":{"@id":"https:\/\/swissgliders.ch\/de\/produkt\/sky-paragliders-pax-evo-passagier\/#primaryimage"},"thumbnailUrl":"https:\/\/swissgliders.ch\/wp-content\/uploads\/2025\/11\/Sky-Paragliders_Tandempiloten_Passagier_Sitzgurtzeug_Pax-Evo-1.jpeg","datePublished":"2025-11-07T10:00:06+00:00","dateModified":"2025-11-07T10:29:42+00:00","description":"Pax Evo von Sky Paragliders vermittelt deinem Passagier ein Komfortgef\u00fchl, welches ein wichtiger Faktor f\u00fcr einen grossartigen Tandemflug ist! Das PAX evo wurde von unseren Tandem-Profis intensiv entwickelt und getestet, um f\u00fcr die Passagiere m\u00f6glichst bequem zu sein. Einfach im Gebrauch, leicht zum Hineinrutschen und Herauskommen, sicher und einstellbar. Es gibt auch eine M\u00f6glichkeit, es f\u00fcr Ihre Werbung zu bedrucken.","breadcrumb":{"@id":"https:\/\/swissgliders.ch\/de\/produkt\/sky-paragliders-pax-evo-passagier\/#breadcrumb"},"inLanguage":"de","potentialAction":[{"@type":"ReadAction","target":["https:\/\/swissgliders.ch\/de\/produkt\/sky-paragliders-pax-evo-passagier\/"]}]},{"@type":"ImageObject","inLanguage":"de","@id":"https:\/\/swissgliders.ch\/de\/produkt\/sky-paragliders-pax-evo-passagier\/#primaryimage","url":"https:\/\/swissgliders.ch\/wp-content\/uploads\/2025\/11\/Sky-Paragliders_Tandempiloten_Passagier_Sitzgurtzeug_Pax-Evo-1.jpeg","contentUrl":"https:\/\/swissgliders.ch\/wp-content\/uploads\/2025\/11\/Sky-Paragliders_Tandempiloten_Passagier_Sitzgurtzeug_Pax-Evo-1.jpeg","width":1920,"height":1280,"caption":"Sky Paragliders_Tandempiloten_Passagier_Sitzgurtzeug_Pax Evo-1"},{"@type":"BreadcrumbList","@id":"https:\/\/swissgliders.ch\/de\/produkt\/sky-paragliders-pax-evo-passagier\/#breadcrumb","itemListElement":[{"@type":"ListItem","position":1,"name":"Startseite","item":"https:\/\/swissgliders.ch\/de\/willkommen\/"},{"@type":"ListItem","position":2,"name":"Gleitschirm Shop","item":"https:\/\/swissgliders.ch\/de\/gleitschirm-shop\/"},{"@type":"ListItem","position":3,"name":"Sky Paragliders Pax Evo (Passagier)"}]},{"@type":"WebSite","@id":"https:\/\/swissgliders.ch\/de\/#website","url":"https:\/\/swissgliders.ch\/de\/","name":"Gleitschirmschule Thun, Bern, Interlaken","description":"Gleitschirmschule Thun, Bern, Interlaken","publisher":{"@id":"https:\/\/swissgliders.ch\/de\/#organization"},"potentialAction":[{"@type":"SearchAction","target":{"@type":"EntryPoint","urlTemplate":"https:\/\/swissgliders.ch\/de\/?s={search_term_string}"},"query-input":{"@type":"PropertyValueSpecification","valueRequired":true,"valueName":"search_term_string"}}],"inLanguage":"de"},{"@type":"Organization","@id":"https:\/\/swissgliders.ch\/de\/#organization","name":"Swissgliders Gleitschirmflugschule Thun","url":"https:\/\/swissgliders.ch\/de\/","logo":{"@type":"ImageObject","inLanguage":"de","@id":"https:\/\/swissgliders.ch\/de\/#\/schema\/logo\/image\/","url":"https:\/\/swissgliders.ch\/wp-content\/uploads\/2019\/12\/swissgliders-logo-rgb-square-L-no-ch-01.png","contentUrl":"https:\/\/swissgliders.ch\/wp-content\/uploads\/2019\/12\/swissgliders-logo-rgb-square-L-no-ch-01.png","width":2500,"height":2500,"caption":"Swissgliders Gleitschirmflugschule Thun"},"image":{"@id":"https:\/\/swissgliders.ch\/de\/#\/schema\/logo\/image\/"},"sameAs":["https:\/\/www.facebook.com\/swissgliders","https:\/\/x.com\/Swissgliders","https:\/\/www.instagram.com\/swissgliders\/","https:\/\/www.youtube.com\/channel\/UCMCtGdepy9vBhrhX3V_oJOA"],"hasMerchantReturnPolicy":{"@type":"MerchantReturnPolicy","merchantReturnLink":"https:\/\/swissgliders.ch\/de\/allgemeine-geschaftsbedingungen\/"}}]},"product_price_amount":"840.00","product_price_currency":"CHF","og_availability":"instock","product_availability":"instock","product_condition":"new"},"_links":{"self":[{"href":"https:\/\/swissgliders.ch\/de\/wp-json\/wp\/v2\/product\/21496","targetHints":{"allow":["GET"]}}],"collection":[{"href":"https:\/\/swissgliders.ch\/de\/wp-json\/wp\/v2\/product"}],"about":[{"href":"https:\/\/swissgliders.ch\/de\/wp-json\/wp\/v2\/types\/product"}],"replies":[{"embeddable":true,"href":"https:\/\/swissgliders.ch\/de\/wp-json\/wp\/v2\/comments?post=21496"}],"wp:featuredmedia":[{"embeddable":true,"href":"https:\/\/swissgliders.ch\/de\/wp-json\/wp\/v2\/media\/21499"}],"wp:attachment":[{"href":"https:\/\/swissgliders.ch\/de\/wp-json\/wp\/v2\/media?parent=21496"}],"wp:term":[{"taxonomy":"product_brand","embeddable":true,"href":"https:\/\/swissgliders.ch\/de\/wp-json\/wp\/v2\/product_brand?post=21496"},{"taxonomy":"product_cat","embeddable":true,"href":"https:\/\/swissgliders.ch\/de\/wp-json\/wp\/v2\/product_cat?post=21496"},{"taxonomy":"product_tag","embeddable":true,"href":"https:\/\/swissgliders.ch\/de\/wp-json\/wp\/v2\/product_tag?post=21496"}],"curies":[{"name":"wp","href":"https:\/\/api.w.org\/{rel}","templated":true}]}}