{"id":21545,"date":"2025-11-07T12:09:58","date_gmt":"2025-11-07T11:09:58","guid":{"rendered":"https:\/\/swissgliders.ch\/?post_type=product&#038;p=21545"},"modified":"2025-11-07T12:26:14","modified_gmt":"2025-11-07T11:26:14","slug":"mcc-aviation-gemela","status":"publish","type":"product","link":"https:\/\/swissgliders.ch\/de\/produkt\/mcc-aviation-gemela\/","title":{"rendered":"MCC Aviation Gemela"},"content":{"rendered":"<div class=\"grid__item two-thirds lap--two-thirds palm--one-whole\"><\/div>\n<div class=\"et_pb_blurb_description\">\n<h3><br class=\"avia-permanent-lb\" \/>Das GEMELA wurde sowohl f\u00fcr Profi- wie auch Amateur-Tandempiloten entworfen; es ist gleichzeitig leicht (1.65 kg), komfortabel und einfach einzustellen<\/h3>\n<p>&nbsp;<\/p>\n<p><img loading=\"lazy\" decoding=\"async\" class=\"\" src=\"https:\/\/mccaviation.ch\/wp-content\/uploads\/2021\/02\/GEMELA.jpg\" width=\"620\" height=\"620\" \/><\/p>\n<div class=\"et_pb_row et_pb_row_1\">\n<div class=\"et_pb_column et_pb_column_4_4 et_pb_column_1 et_pb_css_mix_blend_mode_passthrough et-last-child\">\n<div class=\"et_pb_module et_pb_text et_pb_text_1 et_pb_text_align_left et_pb_bg_layout_light\">\n<div class=\"et_pb_text_inner\"><\/div>\n<\/div>\n<div class=\"et_pb_module dsm_text_rotator dsm_text_rotator_0 et_pb_bg_layout_light\">\n<div class=\"et_pb_module_inner\">\n<p class=\"dsm-rotate-text-main et_pb_module_header\">\n<\/div>\n<\/div>\n<div class=\"et_pb_module et_pb_text et_pb_text_2 et_pb_text_align_left et_pb_bg_layout_light\"><\/div>\n<\/div>\n<\/div>\n<div class=\"et_pb_row et_pb_row_2\">\n<div class=\"et_pb_column et_pb_column_1_3 et_pb_column_2 et_pb_css_mix_blend_mode_passthrough\">\n<div class=\"et_pb_module et_pb_accordion et_pb_accordion_0\">\n<div class=\"et_pb_toggle et_pb_module et_pb_accordion_item et_pb_accordion_item_0 et_pb_toggle_open\"><\/div>\n<\/div>\n<\/div>\n<\/div>\n<div class=\"et_pb_toggle_content clearfix\">\n<p class=\"et_pb_toggle_title\"><strong>Leichtigkeit und Komfort<\/strong><\/p>\n<div class=\"et_pb_toggle_content clearfix\">\n<p>Auch wenn das\u00a0<strong>GEMELA<\/strong>\u00a0inkl. Karabiner nur 1.65 kg wiegt, ist es dennoch robust konstruiert und bietet einen hohen Sitzkomfort mit guter R\u00fcckenabst\u00fctzung und gepolsterten Beinschlaufen.<\/p>\n<p>Das GEMELA verf\u00fcgt \u00fcber ein grosses R\u00fcckenfach, um viel Material zu verstauen.<\/p>\n<\/div>\n<\/div>\n<div class=\"et_pb_toggle_content clearfix\">\n<p>&nbsp;<\/p>\n<p class=\"et_pb_toggle_title\"><strong>Optimaler Rettungsschirmeinbau<\/strong><\/p>\n<div class=\"et_pb_toggle_content clearfix\">\n<p>Das Retterfach befindet sich im R\u00fcckenbereich des Gurtzeugs. Die V-Leine des Retters f\u00fchrt von den Spreizen auf beiden Seiten des Gurtzeugs zum Retterfach und ist \u00fcber die gesamte L\u00e4nge gesch\u00fctzt.<\/p>\n<p>Das Gurtsysten 3S (Safety Strap System) umh\u00fcllt den Piloten mit durchlaufenden Gurtb\u00e4ndern und garantiert dadurch eine optimale Belastbarkeit.<\/p>\n<\/div>\n<p><br class=\"avia-permanent-lb\" \/><img loading=\"lazy\" decoding=\"async\" class=\"\" src=\"https:\/\/mccaviation.ch\/wp-content\/uploads\/2021\/02\/GEMELA_2-1.jpg\" alt=\"undefined\" width=\"542\" height=\"362\" \/><\/p>\n<\/div>\n<div class=\"et_pb_module et_pb_text et_pb_text_5 et_pb_text_align_left et_pb_text_align_center-phone et_pb_bg_layout_light\">\n<div class=\"et_pb_text_inner\">\n<p><strong> <br class=\"avia-permanent-lb\" \/><br class=\"avia-permanent-lb\" \/>Technische Daten<br class=\"avia-permanent-lb\" \/><\/strong><\/p>\n<\/div>\n<\/div>\n<div class=\"et_pb_module et_pb_text et_pb_text_6 et_pb_text_align_left et_pb_bg_layout_light\">\n<div class=\"et_pb_text_inner\">\n<div class=\"et_pb_module et_pb_text et_pb_text_6 et_pb_text_align_left et_pb_bg_layout_light\">\n<div class=\"et_pb_text_inner\">\n<table>\n<tbody>\n<tr>\n<th>GEMELA<\/th>\n<th><\/th>\n<th>M<\/th>\n<th>L<\/th>\n<\/tr>\n<tr>\n<th>Pilotengr\u00f6sse<\/th>\n<td>cm<\/td>\n<td>160 \u2013 180<\/td>\n<td>175 \u2013 195<\/td>\n<\/tr>\n<tr>\n<th>Breite Brustgurt<\/th>\n<td>cm<\/td>\n<td>38 \u2013 48<\/td>\n<td>38 \u2013 48<\/td>\n<\/tr>\n<tr>\n<th>Gewicht Gurtzeug<\/th>\n<td>kg<\/td>\n<td>1.65<\/td>\n<td>1.75<\/td>\n<\/tr>\n<tr>\n<th>Zulassung<\/th>\n<td><\/td>\n<td colspan=\"2\" align=\"center\">EN \/ LTF<\/td>\n<\/tr>\n<\/tbody>\n<\/table>\n<\/div>\n<\/div>\n<\/div>\n<\/div>\n<p><br class=\"avia-permanent-lb\" \/><br class=\"avia-permanent-lb\" \/><\/p>\n<div class=\"et_pb_module et_pb_text et_pb_text_8 et_pb_text_align_left et_pb_bg_layout_light\">\n<div class=\"et_pb_text_inner\">\n<p><strong>Lieferumfang<\/strong><\/p>\n<\/div>\n<\/div>\n<div class=\"et_pb_module dsm_masonry_gallery dsm_masonry_gallery_1\">\n<div class=\"et_pb_module_inner\">\n<div class=\"dsm-gallery grid dsm_masonry_zoom_hover\" data-lightbox=\"true\" data-horizontalorder=\"true\">\n<div class=\"gutter-sizer\"><\/div>\n<div class=\"grid-item\">\n<div class=\"et_pb_image_wrap\">\n<div class=\"grid-item\">\n<div class=\"et_pb_image_wrap\"><img loading=\"lazy\" decoding=\"async\" class=\"\" src=\"https:\/\/mccaviation.ch\/wp-content\/uploads\/2021\/02\/edelrid_foras_25mm.jpg\" width=\"231\" height=\"231\" \/><img loading=\"lazy\" decoding=\"async\" class=\"\" src=\"https:\/\/mccaviation.ch\/wp-content\/uploads\/2021\/02\/edelrid_foras_25mm_2.jpg\" width=\"251\" height=\"251\" \/><\/div>\n<\/div>\n<\/div>\n<\/div>\n<\/div>\n<\/div>\n<\/div>\n<p><br class=\"avia-permanent-lb\" \/><br class=\"avia-permanent-lb\" \/>Mehr <a href=\"https:\/\/mccaviation.ch\/de\/gurtzeuge\/gemela\/\" target=\"_blank\" rel=\"noopener\">Infos<\/a><\/p>\n<p>Falls dieser Artikel nicht an Lager ist, wird er f\u00fcr dich bestellt. Lieferfrist auf Anfrage.<\/p>\n<\/div>\n","protected":false},"excerpt":{"rendered":"<div class=\"grid__item two-thirds lap--two-thirds palm--one-whole\"><\/div>\n<div class=\"et_pb_blurb_description\">\n<h3><br class=\"avia-permanent-lb\" \/>Das GEMELA wurde sowohl f\u00fcr Profi- wie auch Amateur-Tandempiloten entworfen; es ist gleichzeitig leicht (1.65 kg), komfortabel und einfach einzustellen<\/h3>\n<p>&nbsp;<\/p>\n<p><img loading=\"lazy\" decoding=\"async\" class=\"\" src=\"https:\/\/mccaviation.ch\/wp-content\/uploads\/2021\/02\/GEMELA.jpg\" width=\"620\" height=\"620\" \/><\/p>\n<div class=\"et_pb_row et_pb_row_1\">\n<div class=\"et_pb_column et_pb_column_4_4 et_pb_column_1 et_pb_css_mix_blend_mode_passthrough et-last-child\">\n<div class=\"et_pb_module et_pb_text et_pb_text_1 et_pb_text_align_left et_pb_bg_layout_light\">\n<div class=\"et_pb_text_inner\"><\/div>\n<\/div>\n<div class=\"et_pb_module dsm_text_rotator dsm_text_rotator_0 et_pb_bg_layout_light\">\n<div class=\"et_pb_module_inner\">\n<p class=\"dsm-rotate-text-main et_pb_module_header\">\n<\/div>\n<\/div>\n<div class=\"et_pb_module et_pb_text et_pb_text_2 et_pb_text_align_left et_pb_bg_layout_light\"><\/div>\n<\/div>\n<\/div>\n<div class=\"et_pb_row et_pb_row_2\">\n<div class=\"et_pb_column et_pb_column_1_3 et_pb_column_2 et_pb_css_mix_blend_mode_passthrough\">\n<div class=\"et_pb_module et_pb_accordion et_pb_accordion_0\">\n<div class=\"et_pb_toggle et_pb_module et_pb_accordion_item et_pb_accordion_item_0 et_pb_toggle_open\"><\/div>\n<\/div>\n<\/div>\n<\/div>\n<div class=\"et_pb_toggle_content clearfix\">\n<p class=\"et_pb_toggle_title\"><strong>Leichtigkeit und Komfort<\/strong><\/p>\n<div class=\"et_pb_toggle_content clearfix\">\n<p>Auch wenn das\u00a0<strong>GEMELA<\/strong>\u00a0inkl. Karabiner nur 1.65 kg wiegt, ist es dennoch robust konstruiert und bietet einen hohen Sitzkomfort mit guter R\u00fcckenabst\u00fctzung und gepolsterten Beinschlaufen.<\/p>\n<p>Das GEMELA verf\u00fcgt \u00fcber ein grosses R\u00fcckenfach, um viel Material zu verstauen.<\/p>\n<\/div>\n<\/div>\n<div class=\"et_pb_toggle_content clearfix\">\n<p>&nbsp;<\/p>\n<p class=\"et_pb_toggle_title\"><strong>Optimaler Rettungsschirmeinbau<\/strong><\/p>\n<div class=\"et_pb_toggle_content clearfix\">\n<p>Das Retterfach befindet sich im R\u00fcckenbereich des Gurtzeugs. Die V-Leine des Retters f\u00fchrt von den Spreizen auf beiden Seiten des Gurtzeugs zum Retterfach und ist \u00fcber die gesamte L\u00e4nge gesch\u00fctzt.<\/p>\n<p>Das Gurtsysten 3S (Safety Strap System) umh\u00fcllt den Piloten mit durchlaufenden Gurtb\u00e4ndern und garantiert dadurch eine optimale Belastbarkeit.<\/p>\n<\/div>\n<p><br class=\"avia-permanent-lb\" \/><img loading=\"lazy\" decoding=\"async\" class=\"\" src=\"https:\/\/mccaviation.ch\/wp-content\/uploads\/2021\/02\/GEMELA_2-1.jpg\" alt=\"undefined\" width=\"542\" height=\"362\" \/><\/p>\n<\/div>\n<div class=\"et_pb_module et_pb_text et_pb_text_5 et_pb_text_align_left et_pb_text_align_center-phone et_pb_bg_layout_light\">\n<div class=\"et_pb_text_inner\">\n<p><strong> <br class=\"avia-permanent-lb\" \/><br class=\"avia-permanent-lb\" \/>Technische Daten<br class=\"avia-permanent-lb\" \/><\/strong><\/p>\n<\/div>\n<\/div>\n<div class=\"et_pb_module et_pb_text et_pb_text_6 et_pb_text_align_left et_pb_bg_layout_light\">\n<div class=\"et_pb_text_inner\">\n<div class=\"et_pb_module et_pb_text et_pb_text_6 et_pb_text_align_left et_pb_bg_layout_light\">\n<div class=\"et_pb_text_inner\">\n<table>\n<tbody>\n<tr>\n<th>GEMELA<\/th>\n<th><\/th>\n<th>M<\/th>\n<th>L<\/th>\n<\/tr>\n<tr>\n<th>Pilotengr\u00f6sse<\/th>\n<td>cm<\/td>\n<td>160 \u2013 180<\/td>\n<td>175 \u2013 195<\/td>\n<\/tr>\n<tr>\n<th>Breite Brustgurt<\/th>\n<td>cm<\/td>\n<td>38 \u2013 48<\/td>\n<td>38 \u2013 48<\/td>\n<\/tr>\n<tr>\n<th>Gewicht Gurtzeug<\/th>\n<td>kg<\/td>\n<td>1.65<\/td>\n<td>1.75<\/td>\n<\/tr>\n<tr>\n<th>Zulassung<\/th>\n<td><\/td>\n<td colspan=\"2\" align=\"center\">EN \/ LTF<\/td>\n<\/tr>\n<\/tbody>\n<\/table>\n<\/div>\n<\/div>\n<\/div>\n<\/div>\n<p><br class=\"avia-permanent-lb\" \/><br class=\"avia-permanent-lb\" \/><\/p>\n<div class=\"et_pb_module et_pb_text et_pb_text_8 et_pb_text_align_left et_pb_bg_layout_light\">\n<div class=\"et_pb_text_inner\">\n<p><strong>Lieferumfang<\/strong><\/p>\n<\/div>\n<\/div>\n<div class=\"et_pb_module dsm_masonry_gallery dsm_masonry_gallery_1\">\n<div class=\"et_pb_module_inner\">\n<div class=\"dsm-gallery grid dsm_masonry_zoom_hover\" data-lightbox=\"true\" data-horizontalorder=\"true\">\n<div class=\"gutter-sizer\"><\/div>\n<div class=\"grid-item\">\n<div class=\"et_pb_image_wrap\">\n<div class=\"grid-item\">\n<div class=\"et_pb_image_wrap\"><img loading=\"lazy\" decoding=\"async\" class=\"\" src=\"https:\/\/mccaviation.ch\/wp-content\/uploads\/2021\/02\/edelrid_foras_25mm.jpg\" width=\"231\" height=\"231\" \/><img loading=\"lazy\" decoding=\"async\" class=\"\" src=\"https:\/\/mccaviation.ch\/wp-content\/uploads\/2021\/02\/edelrid_foras_25mm_2.jpg\" width=\"251\" height=\"251\" \/><\/div>\n<\/div>\n<\/div>\n<\/div>\n<\/div>\n<\/div>\n<\/div>\n<p><br class=\"avia-permanent-lb\" \/><br class=\"avia-permanent-lb\" \/>Mehr <a href=\"https:\/\/mccaviation.ch\/de\/gurtzeuge\/gemela\/\" target=\"_blank\" rel=\"noopener\">Infos<\/a><\/p>\n<p>Falls dieser Artikel nicht an Lager ist, wird er f\u00fcr dich bestellt. Lieferfrist auf Anfrage.<\/p>\n<\/div>\n","protected":false},"featured_media":21548,"comment_status":"closed","ping_status":"closed","template":"","meta":[],"product_brand":[2678],"product_cat":[1026],"product_tag":[1040,2608,90],"class_list":{"0":"post-21545","1":"product","2":"type-product","3":"status-publish","4":"has-post-thumbnail","6":"product_brand-mcc-aviation","7":"product_cat-leichte-gleitschirmgurtzeuge","8":"product_tag-leichtgurtzeug","9":"product_tag-tandem","10":"product_tag-verkaufsartikel","11":"product_shipping_class-priority-10kg-de","13":"first","14":"instock","15":"shipping-taxable","16":"purchasable","17":"product-type-variable"},"yoast_head":"<!-- This site is optimized with the Yoast SEO Premium plugin v26.1 (Yoast SEO v27.3) - https:\/\/yoast.com\/product\/yoast-seo-premium-wordpress\/ -->\n<title>MCC Aviation Gemela | Gleitschirmschule Thun, Bern, Interlaken<\/title>\n<meta name=\"description\" content=\"Das Leichtgurtzeug Gemela von MCC Aviation wurde sowohl f\u00fcr Profi- wie auch Amateur-Tandempiloten entworfen; es ist gleichzeitig leicht (1.65 kg), komfortabel und einfach einzustellen. Leichtigkeit und KomfortAuch wenn das GEMELA inkl. Karabiner nur 1.65 kg wiegt, ist es dennoch robust konstruiert und bietet einen hohen Sitzkomfort mit guter R\u00fcckenabst\u00fctzung und gepolsterten Beinschlaufen.Das GEMELA verf\u00fcgt \u00fcber ein grosses R\u00fcckenfach, um viel Material zu verstauen.\" \/>\n<meta name=\"robots\" content=\"index, follow, max-snippet:-1, max-image-preview:large, max-video-preview:-1\" \/>\n<link rel=\"canonical\" href=\"https:\/\/swissgliders.ch\/de\/produkt\/mcc-aviation-gemela\/\" \/>\n<meta property=\"og:locale\" content=\"de_DE\" \/>\n<meta property=\"og:type\" content=\"article\" \/>\n<meta property=\"og:title\" content=\"MCC Aviation Gemela\" \/>\n<meta property=\"og:description\" content=\"Das Leichtgurtzeug Gemela von MCC Aviation wurde sowohl f\u00fcr Profi- wie auch Amateur-Tandempiloten entworfen; es ist gleichzeitig leicht (1.65 kg), komfortabel und einfach einzustellen. Leichtigkeit und KomfortAuch wenn das GEMELA inkl. Karabiner nur 1.65 kg wiegt, ist es dennoch robust konstruiert und bietet einen hohen Sitzkomfort mit guter R\u00fcckenabst\u00fctzung und gepolsterten Beinschlaufen.Das GEMELA verf\u00fcgt \u00fcber ein grosses R\u00fcckenfach, um viel Material zu verstauen.\" \/>\n<meta property=\"og:url\" content=\"https:\/\/swissgliders.ch\/de\/produkt\/mcc-aviation-gemela\/\" \/>\n<meta property=\"og:site_name\" content=\"Gleitschirmschule Thun, Bern, Interlaken\" \/>\n<meta property=\"article:publisher\" content=\"https:\/\/www.facebook.com\/swissgliders\" \/>\n<meta property=\"article:modified_time\" content=\"2025-11-07T11:26:14+00:00\" \/>\n<meta property=\"og:image\" content=\"https:\/\/swissgliders.ch\/wp-content\/uploads\/2025\/11\/MCC-Aviation_Tandempiloten_Leichtgurtzeug_Gemela-1.jpg\" \/>\n\t<meta property=\"og:image:width\" content=\"1000\" \/>\n\t<meta property=\"og:image:height\" content=\"1000\" \/>\n\t<meta property=\"og:image:type\" content=\"image\/jpeg\" \/>\n<meta name=\"twitter:card\" content=\"summary_large_image\" \/>\n<meta name=\"twitter:site\" content=\"@Swissgliders\" \/>\n<meta name=\"twitter:label1\" content=\"Verf\u00fcgbarkeit\" \/>\n\t<meta name=\"twitter:data1\" content=\"Auf Lager\" \/>\n<script type=\"application\/ld+json\" class=\"yoast-schema-graph\">{\"@context\":\"https:\\\/\\\/schema.org\",\"@graph\":[{\"@type\":\"WebPage\",\"@id\":\"https:\\\/\\\/swissgliders.ch\\\/de\\\/produkt\\\/mcc-aviation-gemela\\\/\",\"url\":\"https:\\\/\\\/swissgliders.ch\\\/de\\\/produkt\\\/mcc-aviation-gemela\\\/\",\"name\":\"MCC Aviation Gemela | Gleitschirmschule Thun, Bern, Interlaken\",\"isPartOf\":{\"@id\":\"https:\\\/\\\/swissgliders.ch\\\/de\\\/#website\"},\"primaryImageOfPage\":{\"@id\":\"https:\\\/\\\/swissgliders.ch\\\/de\\\/produkt\\\/mcc-aviation-gemela\\\/#primaryimage\"},\"image\":{\"@id\":\"https:\\\/\\\/swissgliders.ch\\\/de\\\/produkt\\\/mcc-aviation-gemela\\\/#primaryimage\"},\"thumbnailUrl\":\"https:\\\/\\\/swissgliders.ch\\\/wp-content\\\/uploads\\\/2025\\\/11\\\/MCC-Aviation_Tandempiloten_Leichtgurtzeug_Gemela-1.jpg\",\"datePublished\":\"2025-11-07T11:09:58+00:00\",\"dateModified\":\"2025-11-07T11:26:14+00:00\",\"description\":\"Das Leichtgurtzeug Gemela von MCC Aviation wurde sowohl f\u00fcr Profi- wie auch Amateur-Tandempiloten entworfen; es ist gleichzeitig leicht (1.65 kg), komfortabel und einfach einzustellen. Leichtigkeit und KomfortAuch wenn das GEMELA inkl. Karabiner nur 1.65 kg wiegt, ist es dennoch robust konstruiert und bietet einen hohen Sitzkomfort mit guter R\u00fcckenabst\u00fctzung und gepolsterten Beinschlaufen.Das GEMELA verf\u00fcgt \u00fcber ein grosses R\u00fcckenfach, um viel Material zu verstauen.\",\"breadcrumb\":{\"@id\":\"https:\\\/\\\/swissgliders.ch\\\/de\\\/produkt\\\/mcc-aviation-gemela\\\/#breadcrumb\"},\"inLanguage\":\"de\",\"potentialAction\":[{\"@type\":\"ReadAction\",\"target\":[\"https:\\\/\\\/swissgliders.ch\\\/de\\\/produkt\\\/mcc-aviation-gemela\\\/\"]}]},{\"@type\":\"ImageObject\",\"inLanguage\":\"de\",\"@id\":\"https:\\\/\\\/swissgliders.ch\\\/de\\\/produkt\\\/mcc-aviation-gemela\\\/#primaryimage\",\"url\":\"https:\\\/\\\/swissgliders.ch\\\/wp-content\\\/uploads\\\/2025\\\/11\\\/MCC-Aviation_Tandempiloten_Leichtgurtzeug_Gemela-1.jpg\",\"contentUrl\":\"https:\\\/\\\/swissgliders.ch\\\/wp-content\\\/uploads\\\/2025\\\/11\\\/MCC-Aviation_Tandempiloten_Leichtgurtzeug_Gemela-1.jpg\",\"width\":1000,\"height\":1000,\"caption\":\"MCC Aviation_Tandempiloten_Leichtgurtzeug_Gemela-1\"},{\"@type\":\"BreadcrumbList\",\"@id\":\"https:\\\/\\\/swissgliders.ch\\\/de\\\/produkt\\\/mcc-aviation-gemela\\\/#breadcrumb\",\"itemListElement\":[{\"@type\":\"ListItem\",\"position\":1,\"name\":\"Startseite\",\"item\":\"https:\\\/\\\/swissgliders.ch\\\/de\\\/willkommen\\\/\"},{\"@type\":\"ListItem\",\"position\":2,\"name\":\"Gleitschirm Shop\",\"item\":\"https:\\\/\\\/swissgliders.ch\\\/de\\\/gleitschirm-shop\\\/\"},{\"@type\":\"ListItem\",\"position\":3,\"name\":\"MCC Aviation Gemela\"}]},{\"@type\":\"WebSite\",\"@id\":\"https:\\\/\\\/swissgliders.ch\\\/de\\\/#website\",\"url\":\"https:\\\/\\\/swissgliders.ch\\\/de\\\/\",\"name\":\"Gleitschirmschule Thun, Bern, Interlaken\",\"description\":\"Gleitschirmschule Thun, Bern, Interlaken\",\"publisher\":{\"@id\":\"https:\\\/\\\/swissgliders.ch\\\/de\\\/#organization\"},\"potentialAction\":[{\"@type\":\"SearchAction\",\"target\":{\"@type\":\"EntryPoint\",\"urlTemplate\":\"https:\\\/\\\/swissgliders.ch\\\/de\\\/?s={search_term_string}\"},\"query-input\":{\"@type\":\"PropertyValueSpecification\",\"valueRequired\":true,\"valueName\":\"search_term_string\"}}],\"inLanguage\":\"de\"},{\"@type\":\"Organization\",\"@id\":\"https:\\\/\\\/swissgliders.ch\\\/de\\\/#organization\",\"name\":\"Swissgliders Gleitschirmflugschule Thun\",\"url\":\"https:\\\/\\\/swissgliders.ch\\\/de\\\/\",\"logo\":{\"@type\":\"ImageObject\",\"inLanguage\":\"de\",\"@id\":\"https:\\\/\\\/swissgliders.ch\\\/de\\\/#\\\/schema\\\/logo\\\/image\\\/\",\"url\":\"https:\\\/\\\/swissgliders.ch\\\/wp-content\\\/uploads\\\/2019\\\/12\\\/swissgliders-logo-rgb-square-L-no-ch-01.png\",\"contentUrl\":\"https:\\\/\\\/swissgliders.ch\\\/wp-content\\\/uploads\\\/2019\\\/12\\\/swissgliders-logo-rgb-square-L-no-ch-01.png\",\"width\":2500,\"height\":2500,\"caption\":\"Swissgliders Gleitschirmflugschule Thun\"},\"image\":{\"@id\":\"https:\\\/\\\/swissgliders.ch\\\/de\\\/#\\\/schema\\\/logo\\\/image\\\/\"},\"sameAs\":[\"https:\\\/\\\/www.facebook.com\\\/swissgliders\",\"https:\\\/\\\/x.com\\\/Swissgliders\",\"https:\\\/\\\/www.instagram.com\\\/swissgliders\\\/\",\"https:\\\/\\\/www.youtube.com\\\/channel\\\/UCMCtGdepy9vBhrhX3V_oJOA\"],\"hasMerchantReturnPolicy\":{\"@type\":\"MerchantReturnPolicy\",\"merchantReturnLink\":\"https:\\\/\\\/swissgliders.ch\\\/de\\\/allgemeine-geschaftsbedingungen\\\/\"}}]}<\/script>\n<meta property=\"og:availability\" content=\"instock\" \/>\n<meta property=\"product:availability\" content=\"instock\" \/>\n<meta property=\"product:condition\" content=\"new\" \/>\n<!-- \/ Yoast SEO Premium plugin. -->","yoast_head_json":{"title":"MCC Aviation Gemela | Gleitschirmschule Thun, Bern, Interlaken","description":"Das Leichtgurtzeug Gemela von MCC Aviation wurde sowohl f\u00fcr Profi- wie auch Amateur-Tandempiloten entworfen; es ist gleichzeitig leicht (1.65 kg), komfortabel und einfach einzustellen. Leichtigkeit und KomfortAuch wenn das GEMELA inkl. Karabiner nur 1.65 kg wiegt, ist es dennoch robust konstruiert und bietet einen hohen Sitzkomfort mit guter R\u00fcckenabst\u00fctzung und gepolsterten Beinschlaufen.Das GEMELA verf\u00fcgt \u00fcber ein grosses R\u00fcckenfach, um viel Material zu verstauen.","robots":{"index":"index","follow":"follow","max-snippet":"max-snippet:-1","max-image-preview":"max-image-preview:large","max-video-preview":"max-video-preview:-1"},"canonical":"https:\/\/swissgliders.ch\/de\/produkt\/mcc-aviation-gemela\/","og_locale":"de_DE","og_type":"article","og_title":"MCC Aviation Gemela","og_description":"Das Leichtgurtzeug Gemela von MCC Aviation wurde sowohl f\u00fcr Profi- wie auch Amateur-Tandempiloten entworfen; es ist gleichzeitig leicht (1.65 kg), komfortabel und einfach einzustellen. Leichtigkeit und KomfortAuch wenn das GEMELA inkl. Karabiner nur 1.65 kg wiegt, ist es dennoch robust konstruiert und bietet einen hohen Sitzkomfort mit guter R\u00fcckenabst\u00fctzung und gepolsterten Beinschlaufen.Das GEMELA verf\u00fcgt \u00fcber ein grosses R\u00fcckenfach, um viel Material zu verstauen.","og_url":"https:\/\/swissgliders.ch\/de\/produkt\/mcc-aviation-gemela\/","og_site_name":"Gleitschirmschule Thun, Bern, Interlaken","article_publisher":"https:\/\/www.facebook.com\/swissgliders","article_modified_time":"2025-11-07T11:26:14+00:00","og_image":[{"width":1000,"height":1000,"url":"https:\/\/swissgliders.ch\/wp-content\/uploads\/2025\/11\/MCC-Aviation_Tandempiloten_Leichtgurtzeug_Gemela-1.jpg","type":"image\/jpeg"}],"twitter_card":"summary_large_image","twitter_site":"@Swissgliders","twitter_misc":{"Verf\u00fcgbarkeit":"Auf Lager"},"schema":{"@context":"https:\/\/schema.org","@graph":[{"@type":"WebPage","@id":"https:\/\/swissgliders.ch\/de\/produkt\/mcc-aviation-gemela\/","url":"https:\/\/swissgliders.ch\/de\/produkt\/mcc-aviation-gemela\/","name":"MCC Aviation Gemela | Gleitschirmschule Thun, Bern, Interlaken","isPartOf":{"@id":"https:\/\/swissgliders.ch\/de\/#website"},"primaryImageOfPage":{"@id":"https:\/\/swissgliders.ch\/de\/produkt\/mcc-aviation-gemela\/#primaryimage"},"image":{"@id":"https:\/\/swissgliders.ch\/de\/produkt\/mcc-aviation-gemela\/#primaryimage"},"thumbnailUrl":"https:\/\/swissgliders.ch\/wp-content\/uploads\/2025\/11\/MCC-Aviation_Tandempiloten_Leichtgurtzeug_Gemela-1.jpg","datePublished":"2025-11-07T11:09:58+00:00","dateModified":"2025-11-07T11:26:14+00:00","description":"Das Leichtgurtzeug Gemela von MCC Aviation wurde sowohl f\u00fcr Profi- wie auch Amateur-Tandempiloten entworfen; es ist gleichzeitig leicht (1.65 kg), komfortabel und einfach einzustellen. Leichtigkeit und KomfortAuch wenn das GEMELA inkl. Karabiner nur 1.65 kg wiegt, ist es dennoch robust konstruiert und bietet einen hohen Sitzkomfort mit guter R\u00fcckenabst\u00fctzung und gepolsterten Beinschlaufen.Das GEMELA verf\u00fcgt \u00fcber ein grosses R\u00fcckenfach, um viel Material zu verstauen.","breadcrumb":{"@id":"https:\/\/swissgliders.ch\/de\/produkt\/mcc-aviation-gemela\/#breadcrumb"},"inLanguage":"de","potentialAction":[{"@type":"ReadAction","target":["https:\/\/swissgliders.ch\/de\/produkt\/mcc-aviation-gemela\/"]}]},{"@type":"ImageObject","inLanguage":"de","@id":"https:\/\/swissgliders.ch\/de\/produkt\/mcc-aviation-gemela\/#primaryimage","url":"https:\/\/swissgliders.ch\/wp-content\/uploads\/2025\/11\/MCC-Aviation_Tandempiloten_Leichtgurtzeug_Gemela-1.jpg","contentUrl":"https:\/\/swissgliders.ch\/wp-content\/uploads\/2025\/11\/MCC-Aviation_Tandempiloten_Leichtgurtzeug_Gemela-1.jpg","width":1000,"height":1000,"caption":"MCC Aviation_Tandempiloten_Leichtgurtzeug_Gemela-1"},{"@type":"BreadcrumbList","@id":"https:\/\/swissgliders.ch\/de\/produkt\/mcc-aviation-gemela\/#breadcrumb","itemListElement":[{"@type":"ListItem","position":1,"name":"Startseite","item":"https:\/\/swissgliders.ch\/de\/willkommen\/"},{"@type":"ListItem","position":2,"name":"Gleitschirm Shop","item":"https:\/\/swissgliders.ch\/de\/gleitschirm-shop\/"},{"@type":"ListItem","position":3,"name":"MCC Aviation Gemela"}]},{"@type":"WebSite","@id":"https:\/\/swissgliders.ch\/de\/#website","url":"https:\/\/swissgliders.ch\/de\/","name":"Gleitschirmschule Thun, Bern, Interlaken","description":"Gleitschirmschule Thun, Bern, Interlaken","publisher":{"@id":"https:\/\/swissgliders.ch\/de\/#organization"},"potentialAction":[{"@type":"SearchAction","target":{"@type":"EntryPoint","urlTemplate":"https:\/\/swissgliders.ch\/de\/?s={search_term_string}"},"query-input":{"@type":"PropertyValueSpecification","valueRequired":true,"valueName":"search_term_string"}}],"inLanguage":"de"},{"@type":"Organization","@id":"https:\/\/swissgliders.ch\/de\/#organization","name":"Swissgliders Gleitschirmflugschule Thun","url":"https:\/\/swissgliders.ch\/de\/","logo":{"@type":"ImageObject","inLanguage":"de","@id":"https:\/\/swissgliders.ch\/de\/#\/schema\/logo\/image\/","url":"https:\/\/swissgliders.ch\/wp-content\/uploads\/2019\/12\/swissgliders-logo-rgb-square-L-no-ch-01.png","contentUrl":"https:\/\/swissgliders.ch\/wp-content\/uploads\/2019\/12\/swissgliders-logo-rgb-square-L-no-ch-01.png","width":2500,"height":2500,"caption":"Swissgliders Gleitschirmflugschule Thun"},"image":{"@id":"https:\/\/swissgliders.ch\/de\/#\/schema\/logo\/image\/"},"sameAs":["https:\/\/www.facebook.com\/swissgliders","https:\/\/x.com\/Swissgliders","https:\/\/www.instagram.com\/swissgliders\/","https:\/\/www.youtube.com\/channel\/UCMCtGdepy9vBhrhX3V_oJOA"],"hasMerchantReturnPolicy":{"@type":"MerchantReturnPolicy","merchantReturnLink":"https:\/\/swissgliders.ch\/de\/allgemeine-geschaftsbedingungen\/"}}]},"og_availability":"instock","product_availability":"instock","product_condition":"new"},"_links":{"self":[{"href":"https:\/\/swissgliders.ch\/de\/wp-json\/wp\/v2\/product\/21545","targetHints":{"allow":["GET"]}}],"collection":[{"href":"https:\/\/swissgliders.ch\/de\/wp-json\/wp\/v2\/product"}],"about":[{"href":"https:\/\/swissgliders.ch\/de\/wp-json\/wp\/v2\/types\/product"}],"replies":[{"embeddable":true,"href":"https:\/\/swissgliders.ch\/de\/wp-json\/wp\/v2\/comments?post=21545"}],"wp:featuredmedia":[{"embeddable":true,"href":"https:\/\/swissgliders.ch\/de\/wp-json\/wp\/v2\/media\/21548"}],"wp:attachment":[{"href":"https:\/\/swissgliders.ch\/de\/wp-json\/wp\/v2\/media?parent=21545"}],"wp:term":[{"taxonomy":"product_brand","embeddable":true,"href":"https:\/\/swissgliders.ch\/de\/wp-json\/wp\/v2\/product_brand?post=21545"},{"taxonomy":"product_cat","embeddable":true,"href":"https:\/\/swissgliders.ch\/de\/wp-json\/wp\/v2\/product_cat?post=21545"},{"taxonomy":"product_tag","embeddable":true,"href":"https:\/\/swissgliders.ch\/de\/wp-json\/wp\/v2\/product_tag?post=21545"}],"curies":[{"name":"wp","href":"https:\/\/api.w.org\/{rel}","templated":true}]}}