{"id":21639,"date":"2025-11-12T10:10:10","date_gmt":"2025-11-12T09:10:10","guid":{"rendered":"https:\/\/swissgliders.ch\/?post_type=product&#038;p=21639"},"modified":"2025-11-12T10:27:55","modified_gmt":"2025-11-12T09:27:55","slug":"ozone-concerto-ultralite","status":"publish","type":"product","link":"https:\/\/swissgliders.ch\/de\/produkt\/ozone-concerto-ultralite\/","title":{"rendered":"Ozone Concerto Ultralite"},"content":{"rendered":"<h3 class=\"titleH1\"><br class=\"avia-permanent-lb\" \/>Concerto Ultralite<\/h3>\n<p><img loading=\"lazy\" decoding=\"async\" class=\"\" src=\"https:\/\/cdn.sanity.io\/images\/lbhlofgm\/production\/003155194e17e52a9d5c69deab3e6f439c43723c-2000x2441.png\" width=\"365\" height=\"446\" \/><\/p>\n<p>Minimalistischer, ultraleichter Zellenpacksack<\/p>\n<p>Der Concerto Ultralite ist f\u00fcr Piloten gedacht, die das effiziente Packen des Concerto Light zu sch\u00e4tzen wissen und so viel Gewicht wie m\u00f6glich einsparen m\u00f6chten. Mit nur 100 g ist er etwas schmaler geschnitten als der Concerto Light und passt somit noch besser in den Trail Race S Rucksack.<\/p>\n<p><strong>Merkmale:<\/strong><\/p>\n<ul>\n<li style=\"list-style-type: none;\">\n<ul>\n<li>Leichte 15 mm Clips innen<\/li>\n<li>Leichter Rei\u00dfverschluss<\/li>\n<li>Materialien: Skytex 27<\/li>\n<\/ul>\n<\/li>\n<\/ul>\n<h4><br class=\"avia-permanent-lb\" \/>Spezifikationen <br class=\"avia-permanent-lb\" \/><br class=\"avia-permanent-lb\" \/><\/h4>\n<div class=\"container\">\n<div class=\"specsTable\">\n<div class=\"\">\n<div class=\"desktop\">\n<div class=\"specs-table-wrapper\">\n<table>\n<thead>\n<tr>\n<th>Gr\u00f6\u00dfe<\/th>\n<th>230<\/th>\n<th>255<\/th>\n<\/tr>\n<\/thead>\n<tbody>\n<tr class=\"\">\n<td>Gewicht (g)*<\/td>\n<td>90<\/td>\n<td>100<\/td>\n<\/tr>\n<tr class=\"\">\n<td>L\u00e4nge (cm)<\/td>\n<td>230<\/td>\n<td>255<\/td>\n<\/tr>\n<tr class=\"\">\n<td>Breite (cm)<\/td>\n<td>37<\/td>\n<td>37<\/td>\n<\/tr>\n<tr class=\"\">\n<td>Kompatibilit\u00e4t**<\/td>\n<td>Zeolite, Zeolite GT, Lyght, XS to MS Alpina, Swift XS to S<\/td>\n<td>Zeolite, Zeolite GT, Lyght MS bis L \u2013 Alpina, Swift S bis ML\/L<\/td>\n<\/tr>\n<\/tbody>\n<\/table>\n<\/div>\n<\/div>\n<\/div>\n<\/div>\n<\/div>\n<p><em>* Weight may vary up to 5g per size due to slight variations in the manufacturing of the fabric used.<\/em><br \/>\n<em>** Messe bei anderen Schirmen die maximale Fl\u00fcgeltiefe, um die geeignete Gr\u00f6\u00dfe herauszufinden.<\/em><\/p>\n<p><br class=\"avia-permanent-lb\" \/>Mehr <a href=\"https:\/\/flyozone.com\/paragliders\/de\/products\/accessories\/concerto-ultralite\" target=\"_blank\" rel=\"noopener noreferrer\">Info<\/a><\/p>\n<p>Falls dieser Artikel nicht an Lager ist, wird er f\u00fcr dich bestellt. Lieferfrist auf Anfrage.<\/p>\n","protected":false},"excerpt":{"rendered":"<h3 class=\"titleH1\"><br class=\"avia-permanent-lb\" \/>Concerto Compress Ultralite<\/h3>\n<p><img loading=\"lazy\" decoding=\"async\" class=\"\" src=\"https:\/\/cdn.sanity.io\/images\/lbhlofgm\/production\/003155194e17e52a9d5c69deab3e6f439c43723c-2000x2441.png\" width=\"365\" height=\"446\" \/><\/p>\n<p>Minimalistischer, ultraleichter Zellenpacksack<\/p>\n<p>Der Concerto Ultralite ist f\u00fcr Piloten gedacht, die das effiziente Packen des Concerto Light zu sch\u00e4tzen wissen und so viel Gewicht wie m\u00f6glich einsparen m\u00f6chten. Mit nur 100 g ist er etwas schmaler geschnitten als der Concerto Light und passt somit noch besser in den Trail Race S Rucksack.<\/p>\n<p><strong>Merkmale:<\/strong><\/p>\n<ul>\n<li style=\"list-style-type: none;\">\n<ul>\n<li>Leichte 15 mm Clips innen<\/li>\n<li>Leichter Rei\u00dfverschluss<\/li>\n<li>Materialien: Skytex 27<\/li>\n<\/ul>\n<\/li>\n<\/ul>\n<h4><br class=\"avia-permanent-lb\" \/>Spezifikationen <br class=\"avia-permanent-lb\" \/><br class=\"avia-permanent-lb\" \/><\/h4>\n<div class=\"container\">\n<div class=\"specsTable\">\n<div class=\"\">\n<div class=\"desktop\">\n<div class=\"specs-table-wrapper\">\n<table>\n<thead>\n<tr>\n<th>Gr\u00f6\u00dfe<\/th>\n<th>230<\/th>\n<th>255<\/th>\n<\/tr>\n<\/thead>\n<tbody>\n<tr class=\"\">\n<td>Gewicht (g)*<\/td>\n<td>90<\/td>\n<td>100<\/td>\n<\/tr>\n<tr class=\"\">\n<td>L\u00e4nge (cm)<\/td>\n<td>230<\/td>\n<td>255<\/td>\n<\/tr>\n<tr class=\"\">\n<td>Breite (cm)<\/td>\n<td>37<\/td>\n<td>37<\/td>\n<\/tr>\n<tr class=\"\">\n<td>Kompatibilit\u00e4t**<\/td>\n<td>Zeolite, Zeolite GT, Lyght, XS to MS Alpina, Swift XS to S<\/td>\n<td>Zeolite, Zeolite GT, Lyght MS bis L \u2013 Alpina, Swift S bis ML\/L<\/td>\n<\/tr>\n<\/tbody>\n<\/table>\n<\/div>\n<\/div>\n<\/div>\n<\/div>\n<\/div>\n<p><em>* Weight may vary up to 5g per size due to slight variations in the manufacturing of the fabric used.<\/em><br \/>\n<em>** Messe bei anderen Schirmen die maximale Fl\u00fcgeltiefe, um die geeignete Gr\u00f6\u00dfe herauszufinden.<\/em><\/p>\n<p><br class=\"avia-permanent-lb\" \/>Mehr <a href=\"https:\/\/flyozone.com\/paragliders\/de\/products\/accessories\/concerto-ultralite\" target=\"_blank\" rel=\"noopener noreferrer\">Info<\/a><\/p>\n<p>Falls dieser Artikel nicht an Lager ist, wird er f\u00fcr dich bestellt. Lieferfrist auf Anfrage.<\/p>\n","protected":false},"featured_media":21642,"comment_status":"closed","ping_status":"closed","template":"","meta":[],"product_brand":[2597],"product_cat":[2076],"product_tag":[2077,90],"class_list":{"0":"post-21639","1":"product","2":"type-product","3":"status-publish","4":"has-post-thumbnail","6":"product_brand-ozone","7":"product_cat-gleitschirm-packsaecke","8":"product_tag-packsack","9":"product_tag-verkaufsartikel","10":"product_shipping_class-priority-2kg-de","12":"first","13":"instock","14":"shipping-taxable","15":"purchasable","16":"product-type-variable"},"yoast_head":"<!-- This site is optimized with the Yoast SEO Premium plugin v26.1 (Yoast SEO v27.3) - https:\/\/yoast.com\/product\/yoast-seo-premium-wordpress\/ -->\n<title>Ozone Concerto Ultralite | Gleitschirmschule Thun, Bern, Interlaken<\/title>\n<meta name=\"description\" content=\"Ozone Concerto Compress Ultralite ist ein minimalistischer ultraleichter Zellenpacksack. Der Concerto Ultralite ist f\u00fcr Piloten gedacht, die das effiziente Packen des Concerto Light zu sch\u00e4tzen wissen und so viel Gewicht wie m\u00f6glich einsparen m\u00f6chten. Mit nur 100 g ist er etwas schmaler geschnitten als der Concerto Light und passt somit noch besser in den Trail Race S Rucksack.\" \/>\n<meta name=\"robots\" content=\"index, follow, max-snippet:-1, max-image-preview:large, max-video-preview:-1\" \/>\n<link rel=\"canonical\" href=\"https:\/\/swissgliders.ch\/de\/produkt\/ozone-concerto-ultralite\/\" \/>\n<meta property=\"og:locale\" content=\"de_DE\" \/>\n<meta property=\"og:type\" content=\"article\" \/>\n<meta property=\"og:title\" content=\"Ozone Concerto Ultralite\" \/>\n<meta property=\"og:description\" content=\"Ozone Concerto Compress Ultralite ist ein minimalistischer ultraleichter Zellenpacksack. Der Concerto Ultralite ist f\u00fcr Piloten gedacht, die das effiziente Packen des Concerto Light zu sch\u00e4tzen wissen und so viel Gewicht wie m\u00f6glich einsparen m\u00f6chten. Mit nur 100 g ist er etwas schmaler geschnitten als der Concerto Light und passt somit noch besser in den Trail Race S Rucksack.\" \/>\n<meta property=\"og:url\" content=\"https:\/\/swissgliders.ch\/de\/produkt\/ozone-concerto-ultralite\/\" \/>\n<meta property=\"og:site_name\" content=\"Gleitschirmschule Thun, Bern, Interlaken\" \/>\n<meta property=\"article:publisher\" content=\"https:\/\/www.facebook.com\/swissgliders\" \/>\n<meta property=\"article:modified_time\" content=\"2025-11-12T09:27:55+00:00\" \/>\n<meta property=\"og:image\" content=\"https:\/\/swissgliders.ch\/wp-content\/uploads\/2025\/11\/Ozone_Packsack_Concerto-Ultralite-1.png\" \/>\n\t<meta property=\"og:image:width\" content=\"2000\" \/>\n\t<meta property=\"og:image:height\" content=\"2441\" \/>\n\t<meta property=\"og:image:type\" content=\"image\/png\" \/>\n<meta name=\"twitter:card\" content=\"summary_large_image\" \/>\n<meta name=\"twitter:site\" content=\"@Swissgliders\" \/>\n<meta name=\"twitter:label1\" content=\"Verf\u00fcgbarkeit\" \/>\n\t<meta name=\"twitter:data1\" content=\"Auf Lager\" \/>\n<script type=\"application\/ld+json\" class=\"yoast-schema-graph\">{\"@context\":\"https:\\\/\\\/schema.org\",\"@graph\":[{\"@type\":\"WebPage\",\"@id\":\"https:\\\/\\\/swissgliders.ch\\\/de\\\/produkt\\\/ozone-concerto-ultralite\\\/\",\"url\":\"https:\\\/\\\/swissgliders.ch\\\/de\\\/produkt\\\/ozone-concerto-ultralite\\\/\",\"name\":\"Ozone Concerto Ultralite | Gleitschirmschule Thun, Bern, Interlaken\",\"isPartOf\":{\"@id\":\"https:\\\/\\\/swissgliders.ch\\\/de\\\/#website\"},\"primaryImageOfPage\":{\"@id\":\"https:\\\/\\\/swissgliders.ch\\\/de\\\/produkt\\\/ozone-concerto-ultralite\\\/#primaryimage\"},\"image\":{\"@id\":\"https:\\\/\\\/swissgliders.ch\\\/de\\\/produkt\\\/ozone-concerto-ultralite\\\/#primaryimage\"},\"thumbnailUrl\":\"https:\\\/\\\/swissgliders.ch\\\/wp-content\\\/uploads\\\/2025\\\/11\\\/Ozone_Packsack_Concerto-Ultralite-1.png\",\"datePublished\":\"2025-11-12T09:10:10+00:00\",\"dateModified\":\"2025-11-12T09:27:55+00:00\",\"description\":\"Ozone Concerto Compress Ultralite ist ein minimalistischer ultraleichter Zellenpacksack. Der Concerto Ultralite ist f\u00fcr Piloten gedacht, die das effiziente Packen des Concerto Light zu sch\u00e4tzen wissen und so viel Gewicht wie m\u00f6glich einsparen m\u00f6chten. Mit nur 100 g ist er etwas schmaler geschnitten als der Concerto Light und passt somit noch besser in den Trail Race S Rucksack.\",\"breadcrumb\":{\"@id\":\"https:\\\/\\\/swissgliders.ch\\\/de\\\/produkt\\\/ozone-concerto-ultralite\\\/#breadcrumb\"},\"inLanguage\":\"de\",\"potentialAction\":[{\"@type\":\"ReadAction\",\"target\":[\"https:\\\/\\\/swissgliders.ch\\\/de\\\/produkt\\\/ozone-concerto-ultralite\\\/\"]}]},{\"@type\":\"ImageObject\",\"inLanguage\":\"de\",\"@id\":\"https:\\\/\\\/swissgliders.ch\\\/de\\\/produkt\\\/ozone-concerto-ultralite\\\/#primaryimage\",\"url\":\"https:\\\/\\\/swissgliders.ch\\\/wp-content\\\/uploads\\\/2025\\\/11\\\/Ozone_Packsack_Concerto-Ultralite-1.png\",\"contentUrl\":\"https:\\\/\\\/swissgliders.ch\\\/wp-content\\\/uploads\\\/2025\\\/11\\\/Ozone_Packsack_Concerto-Ultralite-1.png\",\"width\":2000,\"height\":2441,\"caption\":\"Ozone_Packsack_Concerto Ultralite-1\"},{\"@type\":\"BreadcrumbList\",\"@id\":\"https:\\\/\\\/swissgliders.ch\\\/de\\\/produkt\\\/ozone-concerto-ultralite\\\/#breadcrumb\",\"itemListElement\":[{\"@type\":\"ListItem\",\"position\":1,\"name\":\"Startseite\",\"item\":\"https:\\\/\\\/swissgliders.ch\\\/de\\\/willkommen\\\/\"},{\"@type\":\"ListItem\",\"position\":2,\"name\":\"Gleitschirm Shop\",\"item\":\"https:\\\/\\\/swissgliders.ch\\\/de\\\/gleitschirm-shop\\\/\"},{\"@type\":\"ListItem\",\"position\":3,\"name\":\"Ozone Concerto Ultralite\"}]},{\"@type\":\"WebSite\",\"@id\":\"https:\\\/\\\/swissgliders.ch\\\/de\\\/#website\",\"url\":\"https:\\\/\\\/swissgliders.ch\\\/de\\\/\",\"name\":\"Gleitschirmschule Thun, Bern, Interlaken\",\"description\":\"Gleitschirmschule Thun, Bern, Interlaken\",\"publisher\":{\"@id\":\"https:\\\/\\\/swissgliders.ch\\\/de\\\/#organization\"},\"potentialAction\":[{\"@type\":\"SearchAction\",\"target\":{\"@type\":\"EntryPoint\",\"urlTemplate\":\"https:\\\/\\\/swissgliders.ch\\\/de\\\/?s={search_term_string}\"},\"query-input\":{\"@type\":\"PropertyValueSpecification\",\"valueRequired\":true,\"valueName\":\"search_term_string\"}}],\"inLanguage\":\"de\"},{\"@type\":\"Organization\",\"@id\":\"https:\\\/\\\/swissgliders.ch\\\/de\\\/#organization\",\"name\":\"Swissgliders Gleitschirmflugschule Thun\",\"url\":\"https:\\\/\\\/swissgliders.ch\\\/de\\\/\",\"logo\":{\"@type\":\"ImageObject\",\"inLanguage\":\"de\",\"@id\":\"https:\\\/\\\/swissgliders.ch\\\/de\\\/#\\\/schema\\\/logo\\\/image\\\/\",\"url\":\"https:\\\/\\\/swissgliders.ch\\\/wp-content\\\/uploads\\\/2019\\\/12\\\/swissgliders-logo-rgb-square-L-no-ch-01.png\",\"contentUrl\":\"https:\\\/\\\/swissgliders.ch\\\/wp-content\\\/uploads\\\/2019\\\/12\\\/swissgliders-logo-rgb-square-L-no-ch-01.png\",\"width\":2500,\"height\":2500,\"caption\":\"Swissgliders Gleitschirmflugschule Thun\"},\"image\":{\"@id\":\"https:\\\/\\\/swissgliders.ch\\\/de\\\/#\\\/schema\\\/logo\\\/image\\\/\"},\"sameAs\":[\"https:\\\/\\\/www.facebook.com\\\/swissgliders\",\"https:\\\/\\\/x.com\\\/Swissgliders\",\"https:\\\/\\\/www.instagram.com\\\/swissgliders\\\/\",\"https:\\\/\\\/www.youtube.com\\\/channel\\\/UCMCtGdepy9vBhrhX3V_oJOA\"],\"hasMerchantReturnPolicy\":{\"@type\":\"MerchantReturnPolicy\",\"merchantReturnLink\":\"https:\\\/\\\/swissgliders.ch\\\/de\\\/allgemeine-geschaftsbedingungen\\\/\"}}]}<\/script>\n<meta property=\"og:availability\" content=\"instock\" \/>\n<meta property=\"product:availability\" content=\"instock\" \/>\n<meta property=\"product:condition\" content=\"new\" \/>\n<!-- \/ Yoast SEO Premium plugin. -->","yoast_head_json":{"title":"Ozone Concerto Ultralite | Gleitschirmschule Thun, Bern, Interlaken","description":"Ozone Concerto Compress Ultralite ist ein minimalistischer ultraleichter Zellenpacksack. Der Concerto Ultralite ist f\u00fcr Piloten gedacht, die das effiziente Packen des Concerto Light zu sch\u00e4tzen wissen und so viel Gewicht wie m\u00f6glich einsparen m\u00f6chten. Mit nur 100 g ist er etwas schmaler geschnitten als der Concerto Light und passt somit noch besser in den Trail Race S Rucksack.","robots":{"index":"index","follow":"follow","max-snippet":"max-snippet:-1","max-image-preview":"max-image-preview:large","max-video-preview":"max-video-preview:-1"},"canonical":"https:\/\/swissgliders.ch\/de\/produkt\/ozone-concerto-ultralite\/","og_locale":"de_DE","og_type":"article","og_title":"Ozone Concerto Ultralite","og_description":"Ozone Concerto Compress Ultralite ist ein minimalistischer ultraleichter Zellenpacksack. Der Concerto Ultralite ist f\u00fcr Piloten gedacht, die das effiziente Packen des Concerto Light zu sch\u00e4tzen wissen und so viel Gewicht wie m\u00f6glich einsparen m\u00f6chten. Mit nur 100 g ist er etwas schmaler geschnitten als der Concerto Light und passt somit noch besser in den Trail Race S Rucksack.","og_url":"https:\/\/swissgliders.ch\/de\/produkt\/ozone-concerto-ultralite\/","og_site_name":"Gleitschirmschule Thun, Bern, Interlaken","article_publisher":"https:\/\/www.facebook.com\/swissgliders","article_modified_time":"2025-11-12T09:27:55+00:00","og_image":[{"width":2000,"height":2441,"url":"https:\/\/swissgliders.ch\/wp-content\/uploads\/2025\/11\/Ozone_Packsack_Concerto-Ultralite-1.png","type":"image\/png"}],"twitter_card":"summary_large_image","twitter_site":"@Swissgliders","twitter_misc":{"Verf\u00fcgbarkeit":"Auf Lager"},"schema":{"@context":"https:\/\/schema.org","@graph":[{"@type":"WebPage","@id":"https:\/\/swissgliders.ch\/de\/produkt\/ozone-concerto-ultralite\/","url":"https:\/\/swissgliders.ch\/de\/produkt\/ozone-concerto-ultralite\/","name":"Ozone Concerto Ultralite | Gleitschirmschule Thun, Bern, Interlaken","isPartOf":{"@id":"https:\/\/swissgliders.ch\/de\/#website"},"primaryImageOfPage":{"@id":"https:\/\/swissgliders.ch\/de\/produkt\/ozone-concerto-ultralite\/#primaryimage"},"image":{"@id":"https:\/\/swissgliders.ch\/de\/produkt\/ozone-concerto-ultralite\/#primaryimage"},"thumbnailUrl":"https:\/\/swissgliders.ch\/wp-content\/uploads\/2025\/11\/Ozone_Packsack_Concerto-Ultralite-1.png","datePublished":"2025-11-12T09:10:10+00:00","dateModified":"2025-11-12T09:27:55+00:00","description":"Ozone Concerto Compress Ultralite ist ein minimalistischer ultraleichter Zellenpacksack. Der Concerto Ultralite ist f\u00fcr Piloten gedacht, die das effiziente Packen des Concerto Light zu sch\u00e4tzen wissen und so viel Gewicht wie m\u00f6glich einsparen m\u00f6chten. Mit nur 100 g ist er etwas schmaler geschnitten als der Concerto Light und passt somit noch besser in den Trail Race S Rucksack.","breadcrumb":{"@id":"https:\/\/swissgliders.ch\/de\/produkt\/ozone-concerto-ultralite\/#breadcrumb"},"inLanguage":"de","potentialAction":[{"@type":"ReadAction","target":["https:\/\/swissgliders.ch\/de\/produkt\/ozone-concerto-ultralite\/"]}]},{"@type":"ImageObject","inLanguage":"de","@id":"https:\/\/swissgliders.ch\/de\/produkt\/ozone-concerto-ultralite\/#primaryimage","url":"https:\/\/swissgliders.ch\/wp-content\/uploads\/2025\/11\/Ozone_Packsack_Concerto-Ultralite-1.png","contentUrl":"https:\/\/swissgliders.ch\/wp-content\/uploads\/2025\/11\/Ozone_Packsack_Concerto-Ultralite-1.png","width":2000,"height":2441,"caption":"Ozone_Packsack_Concerto Ultralite-1"},{"@type":"BreadcrumbList","@id":"https:\/\/swissgliders.ch\/de\/produkt\/ozone-concerto-ultralite\/#breadcrumb","itemListElement":[{"@type":"ListItem","position":1,"name":"Startseite","item":"https:\/\/swissgliders.ch\/de\/willkommen\/"},{"@type":"ListItem","position":2,"name":"Gleitschirm Shop","item":"https:\/\/swissgliders.ch\/de\/gleitschirm-shop\/"},{"@type":"ListItem","position":3,"name":"Ozone Concerto Ultralite"}]},{"@type":"WebSite","@id":"https:\/\/swissgliders.ch\/de\/#website","url":"https:\/\/swissgliders.ch\/de\/","name":"Gleitschirmschule Thun, Bern, Interlaken","description":"Gleitschirmschule Thun, Bern, Interlaken","publisher":{"@id":"https:\/\/swissgliders.ch\/de\/#organization"},"potentialAction":[{"@type":"SearchAction","target":{"@type":"EntryPoint","urlTemplate":"https:\/\/swissgliders.ch\/de\/?s={search_term_string}"},"query-input":{"@type":"PropertyValueSpecification","valueRequired":true,"valueName":"search_term_string"}}],"inLanguage":"de"},{"@type":"Organization","@id":"https:\/\/swissgliders.ch\/de\/#organization","name":"Swissgliders Gleitschirmflugschule Thun","url":"https:\/\/swissgliders.ch\/de\/","logo":{"@type":"ImageObject","inLanguage":"de","@id":"https:\/\/swissgliders.ch\/de\/#\/schema\/logo\/image\/","url":"https:\/\/swissgliders.ch\/wp-content\/uploads\/2019\/12\/swissgliders-logo-rgb-square-L-no-ch-01.png","contentUrl":"https:\/\/swissgliders.ch\/wp-content\/uploads\/2019\/12\/swissgliders-logo-rgb-square-L-no-ch-01.png","width":2500,"height":2500,"caption":"Swissgliders Gleitschirmflugschule Thun"},"image":{"@id":"https:\/\/swissgliders.ch\/de\/#\/schema\/logo\/image\/"},"sameAs":["https:\/\/www.facebook.com\/swissgliders","https:\/\/x.com\/Swissgliders","https:\/\/www.instagram.com\/swissgliders\/","https:\/\/www.youtube.com\/channel\/UCMCtGdepy9vBhrhX3V_oJOA"],"hasMerchantReturnPolicy":{"@type":"MerchantReturnPolicy","merchantReturnLink":"https:\/\/swissgliders.ch\/de\/allgemeine-geschaftsbedingungen\/"}}]},"og_availability":"instock","product_availability":"instock","product_condition":"new"},"_links":{"self":[{"href":"https:\/\/swissgliders.ch\/de\/wp-json\/wp\/v2\/product\/21639","targetHints":{"allow":["GET"]}}],"collection":[{"href":"https:\/\/swissgliders.ch\/de\/wp-json\/wp\/v2\/product"}],"about":[{"href":"https:\/\/swissgliders.ch\/de\/wp-json\/wp\/v2\/types\/product"}],"replies":[{"embeddable":true,"href":"https:\/\/swissgliders.ch\/de\/wp-json\/wp\/v2\/comments?post=21639"}],"wp:featuredmedia":[{"embeddable":true,"href":"https:\/\/swissgliders.ch\/de\/wp-json\/wp\/v2\/media\/21642"}],"wp:attachment":[{"href":"https:\/\/swissgliders.ch\/de\/wp-json\/wp\/v2\/media?parent=21639"}],"wp:term":[{"taxonomy":"product_brand","embeddable":true,"href":"https:\/\/swissgliders.ch\/de\/wp-json\/wp\/v2\/product_brand?post=21639"},{"taxonomy":"product_cat","embeddable":true,"href":"https:\/\/swissgliders.ch\/de\/wp-json\/wp\/v2\/product_cat?post=21639"},{"taxonomy":"product_tag","embeddable":true,"href":"https:\/\/swissgliders.ch\/de\/wp-json\/wp\/v2\/product_tag?post=21639"}],"curies":[{"name":"wp","href":"https:\/\/api.w.org\/{rel}","templated":true}]}}