{"id":21652,"date":"2025-11-12T10:28:46","date_gmt":"2025-11-12T09:28:46","guid":{"rendered":"https:\/\/swissgliders.ch\/?post_type=product&#038;p=21652"},"modified":"2025-11-12T10:43:25","modified_gmt":"2025-11-12T09:43:25","slug":"ozone-compress-ultralite","status":"publish","type":"product","link":"https:\/\/swissgliders.ch\/de\/produkt\/ozone-compress-ultralite\/","title":{"rendered":"Ozone Compress Ultralite"},"content":{"rendered":"<h3 class=\"titleH1\"><br class=\"avia-permanent-lb\" \/>Compress Ultralite<\/h3>\n<p><img loading=\"lazy\" decoding=\"async\" class=\"\" src=\"https:\/\/cdn.sanity.io\/images\/lbhlofgm\/production\/7e4f361e54ae1574442f04f5bd89ec7326ffa478-2000x2441.png\" width=\"311\" height=\"379\" \/> <br class=\"avia-permanent-lb\" \/><br class=\"avia-permanent-lb\" \/><\/p>\n<p>Minimalistischer, ultraleichter Kompressionspacksack<\/p>\n<p>Der Compress Ultralite wurde f\u00fcr Piloten konzipiert, die ihren Ultraleicht-Gleitschirm f\u00fcr ihre Abenteuer so kompakt wie nur m\u00f6glich packen wollen. Mit unter 40 g in beiden verf\u00fcgbaren Gr\u00f6\u00dfen ist er die wohl leichteste Option, um deinen Schirm f\u00fcr den n\u00e4chsten Traillauf oder ein Bergprojekt zu packen.<\/p>\n<p><strong>Merkmale:<\/strong><\/p>\n<ul>\n<li>Rolltop mit 15 mm Clip<\/li>\n<li>Materialien: Skytex 27 <br class=\"avia-permanent-lb\" \/><br class=\"avia-permanent-lb\" \/><br class=\"avia-permanent-lb\" \/><\/li>\n<\/ul>\n<h4>Spezifikationen <br class=\"avia-permanent-lb\" \/><br class=\"avia-permanent-lb\" \/><\/h4>\n<div class=\"container\">\n<div class=\"specsTable\">\n<div class=\"\">\n<div class=\"desktop\">\n<div class=\"specs-table-wrapper\">\n<table>\n<thead>\n<tr>\n<th>Gr\u00f6\u00dfe<\/th>\n<th>S<\/th>\n<th>M<\/th>\n<\/tr>\n<\/thead>\n<tbody>\n<tr class=\"\">\n<td>Gewicht (g)*<\/td>\n<td>38<\/td>\n<td>39<\/td>\n<\/tr>\n<tr class=\"\">\n<td>Dimensions (cm)<\/td>\n<td>43 x 29 x 15<\/td>\n<td>45 x 33 x 15<\/td>\n<\/tr>\n<tr class=\"\">\n<td>Kompatibilit\u00e4t**<\/td>\n<td>Ultralite 13 bis 19, alle XXLite-Gr\u00f6\u00dfen<\/td>\n<td>Ultralite 19 bis 25<\/td>\n<\/tr>\n<\/tbody>\n<\/table>\n<\/div>\n<\/div>\n<\/div>\n<\/div>\n<\/div>\n<p><em>* Aufgrund von leichten Abweichungen bei der Tuchherstellung kann das Gewicht je nach Gr\u00f6\u00dfe um bis zu 5 g variieren.<\/em><br \/>\n<em>**Frage deinen H\u00e4ndler nach der Kompatibilit\u00e4t mit anderen Gleitschirmen.<\/em><\/p>\n<p><br class=\"avia-permanent-lb\" \/><br class=\"avia-permanent-lb\" \/>Mehr <a href=\"https:\/\/flyozone.com\/paragliders\/de\/products\/accessories\/compress-ultralite\" target=\"_blank\" rel=\"noopener noreferrer\">Info<\/a><\/p>\n<p>Falls dieser Artikel nicht an Lager ist, wird er f\u00fcr dich bestellt. Lieferfrist auf Anfrage.<\/p>\n","protected":false},"excerpt":{"rendered":"<h3 class=\"titleH1\"><br class=\"avia-permanent-lb\" \/>Compress Ultralite<\/h3>\n<p><img loading=\"lazy\" decoding=\"async\" class=\"\" src=\"https:\/\/cdn.sanity.io\/images\/lbhlofgm\/production\/7e4f361e54ae1574442f04f5bd89ec7326ffa478-2000x2441.png\" width=\"311\" height=\"379\" \/> <br class=\"avia-permanent-lb\" \/><br class=\"avia-permanent-lb\" \/><\/p>\n<p>Minimalistischer, ultraleichter Kompressionspacksack<\/p>\n<p>Der Compress Ultralite wurde f\u00fcr Piloten konzipiert, die ihren Ultraleicht-Gleitschirm f\u00fcr ihre Abenteuer so kompakt wie nur m\u00f6glich packen wollen. Mit unter 40 g in beiden verf\u00fcgbaren Gr\u00f6\u00dfen ist er die wohl leichteste Option, um deinen Schirm f\u00fcr den n\u00e4chsten Traillauf oder ein Bergprojekt zu packen.<\/p>\n<p><strong>Merkmale:<\/strong><\/p>\n<ul>\n<li>Rolltop mit 15 mm Clip<\/li>\n<li>Materialien: Skytex 27 <br class=\"avia-permanent-lb\" \/><br class=\"avia-permanent-lb\" \/><br class=\"avia-permanent-lb\" \/><\/li>\n<\/ul>\n<h4>Spezifikationen <br class=\"avia-permanent-lb\" \/><br class=\"avia-permanent-lb\" \/><\/h4>\n<div class=\"container\">\n<div class=\"specsTable\">\n<div class=\"\">\n<div class=\"desktop\">\n<div class=\"specs-table-wrapper\">\n<table>\n<thead>\n<tr>\n<th>Gr\u00f6\u00dfe<\/th>\n<th>S<\/th>\n<th>M<\/th>\n<\/tr>\n<\/thead>\n<tbody>\n<tr class=\"\">\n<td>Gewicht (g)*<\/td>\n<td>38<\/td>\n<td>39<\/td>\n<\/tr>\n<tr class=\"\">\n<td>Dimensions (cm)<\/td>\n<td>43 x 29 x 15<\/td>\n<td>45 x 33 x 15<\/td>\n<\/tr>\n<tr class=\"\">\n<td>Kompatibilit\u00e4t**<\/td>\n<td>Ultralite 13 bis 19, alle XXLite-Gr\u00f6\u00dfen<\/td>\n<td>Ultralite 19 bis 25<\/td>\n<\/tr>\n<\/tbody>\n<\/table>\n<\/div>\n<\/div>\n<\/div>\n<\/div>\n<\/div>\n<p><em>* Aufgrund von leichten Abweichungen bei der Tuchherstellung kann das Gewicht je nach Gr\u00f6\u00dfe um bis zu 5 g variieren.<\/em><br \/>\n<em>**Frage deinen H\u00e4ndler nach der Kompatibilit\u00e4t mit anderen Gleitschirmen.<\/em><\/p>\n<p><br class=\"avia-permanent-lb\" \/><br class=\"avia-permanent-lb\" \/>Mehr <a href=\"https:\/\/flyozone.com\/paragliders\/de\/products\/accessories\/compress-ultralite\" target=\"_blank\" rel=\"noopener noreferrer\">Info<\/a><\/p>\n<p>Falls dieser Artikel nicht an Lager ist, wird er f\u00fcr dich bestellt. Lieferfrist auf Anfrage.<\/p>\n","protected":false},"featured_media":21655,"comment_status":"closed","ping_status":"closed","template":"","meta":[],"product_brand":[2597],"product_cat":[2076],"product_tag":[2077,90],"class_list":{"0":"post-21652","1":"product","2":"type-product","3":"status-publish","4":"has-post-thumbnail","6":"product_brand-ozone","7":"product_cat-gleitschirm-packsaecke","8":"product_tag-packsack","9":"product_tag-verkaufsartikel","10":"product_shipping_class-priority-2kg-de","12":"first","13":"instock","14":"shipping-taxable","15":"purchasable","16":"product-type-variable"},"yoast_head":"<!-- This site is optimized with the Yoast SEO Premium plugin v26.1 (Yoast SEO v27.3) - https:\/\/yoast.com\/product\/yoast-seo-premium-wordpress\/ -->\n<title>Ozone Compress Ultralite | Gleitschirmschule Thun, Bern, Interlaken<\/title>\n<meta name=\"description\" content=\"Ozone Compress Ultralite ist ein minimalistischer, ultraleichter Kompressionspacksack. Der Compress Ultralite wurde f\u00fcr Piloten konzipiert, die ihren Ultraleicht-Gleitschirm f\u00fcr ihre Abenteuer so kompakt wie nur m\u00f6glich packen wollen. Mit unter 40 g in beiden verf\u00fcgbaren Gr\u00f6\u00dfen ist er die wohl leichteste Option, um deinen Schirm f\u00fcr den n\u00e4chsten Traillauf oder ein Bergprojekt zu packen.\" \/>\n<meta name=\"robots\" content=\"index, follow, max-snippet:-1, max-image-preview:large, max-video-preview:-1\" \/>\n<link rel=\"canonical\" href=\"https:\/\/swissgliders.ch\/de\/produkt\/ozone-compress-ultralite\/\" \/>\n<meta property=\"og:locale\" content=\"de_DE\" \/>\n<meta property=\"og:type\" content=\"article\" \/>\n<meta property=\"og:title\" content=\"Ozone Compress Ultralite\" \/>\n<meta property=\"og:description\" content=\"Ozone Compress Ultralite ist ein minimalistischer, ultraleichter Kompressionspacksack. Der Compress Ultralite wurde f\u00fcr Piloten konzipiert, die ihren Ultraleicht-Gleitschirm f\u00fcr ihre Abenteuer so kompakt wie nur m\u00f6glich packen wollen. Mit unter 40 g in beiden verf\u00fcgbaren Gr\u00f6\u00dfen ist er die wohl leichteste Option, um deinen Schirm f\u00fcr den n\u00e4chsten Traillauf oder ein Bergprojekt zu packen.\" \/>\n<meta property=\"og:url\" content=\"https:\/\/swissgliders.ch\/de\/produkt\/ozone-compress-ultralite\/\" \/>\n<meta property=\"og:site_name\" content=\"Gleitschirmschule Thun, Bern, Interlaken\" \/>\n<meta property=\"article:publisher\" content=\"https:\/\/www.facebook.com\/swissgliders\" \/>\n<meta property=\"article:modified_time\" content=\"2025-11-12T09:43:25+00:00\" \/>\n<meta property=\"og:image\" content=\"https:\/\/swissgliders.ch\/wp-content\/uploads\/2025\/11\/Ozone_Packsack_Compress-Ultralite-1.png\" \/>\n\t<meta property=\"og:image:width\" content=\"2000\" \/>\n\t<meta property=\"og:image:height\" content=\"2441\" \/>\n\t<meta property=\"og:image:type\" content=\"image\/png\" \/>\n<meta name=\"twitter:card\" content=\"summary_large_image\" \/>\n<meta name=\"twitter:site\" content=\"@Swissgliders\" \/>\n<meta name=\"twitter:label1\" content=\"Verf\u00fcgbarkeit\" \/>\n\t<meta name=\"twitter:data1\" content=\"Auf Lager\" \/>\n<script type=\"application\/ld+json\" class=\"yoast-schema-graph\">{\"@context\":\"https:\\\/\\\/schema.org\",\"@graph\":[{\"@type\":\"WebPage\",\"@id\":\"https:\\\/\\\/swissgliders.ch\\\/de\\\/produkt\\\/ozone-compress-ultralite\\\/\",\"url\":\"https:\\\/\\\/swissgliders.ch\\\/de\\\/produkt\\\/ozone-compress-ultralite\\\/\",\"name\":\"Ozone Compress Ultralite | Gleitschirmschule Thun, Bern, Interlaken\",\"isPartOf\":{\"@id\":\"https:\\\/\\\/swissgliders.ch\\\/de\\\/#website\"},\"primaryImageOfPage\":{\"@id\":\"https:\\\/\\\/swissgliders.ch\\\/de\\\/produkt\\\/ozone-compress-ultralite\\\/#primaryimage\"},\"image\":{\"@id\":\"https:\\\/\\\/swissgliders.ch\\\/de\\\/produkt\\\/ozone-compress-ultralite\\\/#primaryimage\"},\"thumbnailUrl\":\"https:\\\/\\\/swissgliders.ch\\\/wp-content\\\/uploads\\\/2025\\\/11\\\/Ozone_Packsack_Compress-Ultralite-1.png\",\"datePublished\":\"2025-11-12T09:28:46+00:00\",\"dateModified\":\"2025-11-12T09:43:25+00:00\",\"description\":\"Ozone Compress Ultralite ist ein minimalistischer, ultraleichter Kompressionspacksack. Der Compress Ultralite wurde f\u00fcr Piloten konzipiert, die ihren Ultraleicht-Gleitschirm f\u00fcr ihre Abenteuer so kompakt wie nur m\u00f6glich packen wollen. Mit unter 40 g in beiden verf\u00fcgbaren Gr\u00f6\u00dfen ist er die wohl leichteste Option, um deinen Schirm f\u00fcr den n\u00e4chsten Traillauf oder ein Bergprojekt zu packen.\",\"breadcrumb\":{\"@id\":\"https:\\\/\\\/swissgliders.ch\\\/de\\\/produkt\\\/ozone-compress-ultralite\\\/#breadcrumb\"},\"inLanguage\":\"de\",\"potentialAction\":[{\"@type\":\"ReadAction\",\"target\":[\"https:\\\/\\\/swissgliders.ch\\\/de\\\/produkt\\\/ozone-compress-ultralite\\\/\"]}]},{\"@type\":\"ImageObject\",\"inLanguage\":\"de\",\"@id\":\"https:\\\/\\\/swissgliders.ch\\\/de\\\/produkt\\\/ozone-compress-ultralite\\\/#primaryimage\",\"url\":\"https:\\\/\\\/swissgliders.ch\\\/wp-content\\\/uploads\\\/2025\\\/11\\\/Ozone_Packsack_Compress-Ultralite-1.png\",\"contentUrl\":\"https:\\\/\\\/swissgliders.ch\\\/wp-content\\\/uploads\\\/2025\\\/11\\\/Ozone_Packsack_Compress-Ultralite-1.png\",\"width\":2000,\"height\":2441,\"caption\":\"Ozone_Packsack_Compress\"},{\"@type\":\"BreadcrumbList\",\"@id\":\"https:\\\/\\\/swissgliders.ch\\\/de\\\/produkt\\\/ozone-compress-ultralite\\\/#breadcrumb\",\"itemListElement\":[{\"@type\":\"ListItem\",\"position\":1,\"name\":\"Startseite\",\"item\":\"https:\\\/\\\/swissgliders.ch\\\/de\\\/willkommen\\\/\"},{\"@type\":\"ListItem\",\"position\":2,\"name\":\"Gleitschirm Shop\",\"item\":\"https:\\\/\\\/swissgliders.ch\\\/de\\\/gleitschirm-shop\\\/\"},{\"@type\":\"ListItem\",\"position\":3,\"name\":\"Ozone Compress Ultralite\"}]},{\"@type\":\"WebSite\",\"@id\":\"https:\\\/\\\/swissgliders.ch\\\/de\\\/#website\",\"url\":\"https:\\\/\\\/swissgliders.ch\\\/de\\\/\",\"name\":\"Gleitschirmschule Thun, Bern, Interlaken\",\"description\":\"Gleitschirmschule Thun, Bern, Interlaken\",\"publisher\":{\"@id\":\"https:\\\/\\\/swissgliders.ch\\\/de\\\/#organization\"},\"potentialAction\":[{\"@type\":\"SearchAction\",\"target\":{\"@type\":\"EntryPoint\",\"urlTemplate\":\"https:\\\/\\\/swissgliders.ch\\\/de\\\/?s={search_term_string}\"},\"query-input\":{\"@type\":\"PropertyValueSpecification\",\"valueRequired\":true,\"valueName\":\"search_term_string\"}}],\"inLanguage\":\"de\"},{\"@type\":\"Organization\",\"@id\":\"https:\\\/\\\/swissgliders.ch\\\/de\\\/#organization\",\"name\":\"Swissgliders Gleitschirmflugschule Thun\",\"url\":\"https:\\\/\\\/swissgliders.ch\\\/de\\\/\",\"logo\":{\"@type\":\"ImageObject\",\"inLanguage\":\"de\",\"@id\":\"https:\\\/\\\/swissgliders.ch\\\/de\\\/#\\\/schema\\\/logo\\\/image\\\/\",\"url\":\"https:\\\/\\\/swissgliders.ch\\\/wp-content\\\/uploads\\\/2019\\\/12\\\/swissgliders-logo-rgb-square-L-no-ch-01.png\",\"contentUrl\":\"https:\\\/\\\/swissgliders.ch\\\/wp-content\\\/uploads\\\/2019\\\/12\\\/swissgliders-logo-rgb-square-L-no-ch-01.png\",\"width\":2500,\"height\":2500,\"caption\":\"Swissgliders Gleitschirmflugschule Thun\"},\"image\":{\"@id\":\"https:\\\/\\\/swissgliders.ch\\\/de\\\/#\\\/schema\\\/logo\\\/image\\\/\"},\"sameAs\":[\"https:\\\/\\\/www.facebook.com\\\/swissgliders\",\"https:\\\/\\\/x.com\\\/Swissgliders\",\"https:\\\/\\\/www.instagram.com\\\/swissgliders\\\/\",\"https:\\\/\\\/www.youtube.com\\\/channel\\\/UCMCtGdepy9vBhrhX3V_oJOA\"],\"hasMerchantReturnPolicy\":{\"@type\":\"MerchantReturnPolicy\",\"merchantReturnLink\":\"https:\\\/\\\/swissgliders.ch\\\/de\\\/allgemeine-geschaftsbedingungen\\\/\"}}]}<\/script>\n<meta property=\"og:availability\" content=\"instock\" \/>\n<meta property=\"product:availability\" content=\"instock\" \/>\n<meta property=\"product:condition\" content=\"new\" \/>\n<!-- \/ Yoast SEO Premium plugin. -->","yoast_head_json":{"title":"Ozone Compress Ultralite | Gleitschirmschule Thun, Bern, Interlaken","description":"Ozone Compress Ultralite ist ein minimalistischer, ultraleichter Kompressionspacksack. Der Compress Ultralite wurde f\u00fcr Piloten konzipiert, die ihren Ultraleicht-Gleitschirm f\u00fcr ihre Abenteuer so kompakt wie nur m\u00f6glich packen wollen. Mit unter 40 g in beiden verf\u00fcgbaren Gr\u00f6\u00dfen ist er die wohl leichteste Option, um deinen Schirm f\u00fcr den n\u00e4chsten Traillauf oder ein Bergprojekt zu packen.","robots":{"index":"index","follow":"follow","max-snippet":"max-snippet:-1","max-image-preview":"max-image-preview:large","max-video-preview":"max-video-preview:-1"},"canonical":"https:\/\/swissgliders.ch\/de\/produkt\/ozone-compress-ultralite\/","og_locale":"de_DE","og_type":"article","og_title":"Ozone Compress Ultralite","og_description":"Ozone Compress Ultralite ist ein minimalistischer, ultraleichter Kompressionspacksack. Der Compress Ultralite wurde f\u00fcr Piloten konzipiert, die ihren Ultraleicht-Gleitschirm f\u00fcr ihre Abenteuer so kompakt wie nur m\u00f6glich packen wollen. Mit unter 40 g in beiden verf\u00fcgbaren Gr\u00f6\u00dfen ist er die wohl leichteste Option, um deinen Schirm f\u00fcr den n\u00e4chsten Traillauf oder ein Bergprojekt zu packen.","og_url":"https:\/\/swissgliders.ch\/de\/produkt\/ozone-compress-ultralite\/","og_site_name":"Gleitschirmschule Thun, Bern, Interlaken","article_publisher":"https:\/\/www.facebook.com\/swissgliders","article_modified_time":"2025-11-12T09:43:25+00:00","og_image":[{"width":2000,"height":2441,"url":"https:\/\/swissgliders.ch\/wp-content\/uploads\/2025\/11\/Ozone_Packsack_Compress-Ultralite-1.png","type":"image\/png"}],"twitter_card":"summary_large_image","twitter_site":"@Swissgliders","twitter_misc":{"Verf\u00fcgbarkeit":"Auf Lager"},"schema":{"@context":"https:\/\/schema.org","@graph":[{"@type":"WebPage","@id":"https:\/\/swissgliders.ch\/de\/produkt\/ozone-compress-ultralite\/","url":"https:\/\/swissgliders.ch\/de\/produkt\/ozone-compress-ultralite\/","name":"Ozone Compress Ultralite | Gleitschirmschule Thun, Bern, Interlaken","isPartOf":{"@id":"https:\/\/swissgliders.ch\/de\/#website"},"primaryImageOfPage":{"@id":"https:\/\/swissgliders.ch\/de\/produkt\/ozone-compress-ultralite\/#primaryimage"},"image":{"@id":"https:\/\/swissgliders.ch\/de\/produkt\/ozone-compress-ultralite\/#primaryimage"},"thumbnailUrl":"https:\/\/swissgliders.ch\/wp-content\/uploads\/2025\/11\/Ozone_Packsack_Compress-Ultralite-1.png","datePublished":"2025-11-12T09:28:46+00:00","dateModified":"2025-11-12T09:43:25+00:00","description":"Ozone Compress Ultralite ist ein minimalistischer, ultraleichter Kompressionspacksack. Der Compress Ultralite wurde f\u00fcr Piloten konzipiert, die ihren Ultraleicht-Gleitschirm f\u00fcr ihre Abenteuer so kompakt wie nur m\u00f6glich packen wollen. Mit unter 40 g in beiden verf\u00fcgbaren Gr\u00f6\u00dfen ist er die wohl leichteste Option, um deinen Schirm f\u00fcr den n\u00e4chsten Traillauf oder ein Bergprojekt zu packen.","breadcrumb":{"@id":"https:\/\/swissgliders.ch\/de\/produkt\/ozone-compress-ultralite\/#breadcrumb"},"inLanguage":"de","potentialAction":[{"@type":"ReadAction","target":["https:\/\/swissgliders.ch\/de\/produkt\/ozone-compress-ultralite\/"]}]},{"@type":"ImageObject","inLanguage":"de","@id":"https:\/\/swissgliders.ch\/de\/produkt\/ozone-compress-ultralite\/#primaryimage","url":"https:\/\/swissgliders.ch\/wp-content\/uploads\/2025\/11\/Ozone_Packsack_Compress-Ultralite-1.png","contentUrl":"https:\/\/swissgliders.ch\/wp-content\/uploads\/2025\/11\/Ozone_Packsack_Compress-Ultralite-1.png","width":2000,"height":2441,"caption":"Ozone_Packsack_Compress"},{"@type":"BreadcrumbList","@id":"https:\/\/swissgliders.ch\/de\/produkt\/ozone-compress-ultralite\/#breadcrumb","itemListElement":[{"@type":"ListItem","position":1,"name":"Startseite","item":"https:\/\/swissgliders.ch\/de\/willkommen\/"},{"@type":"ListItem","position":2,"name":"Gleitschirm Shop","item":"https:\/\/swissgliders.ch\/de\/gleitschirm-shop\/"},{"@type":"ListItem","position":3,"name":"Ozone Compress Ultralite"}]},{"@type":"WebSite","@id":"https:\/\/swissgliders.ch\/de\/#website","url":"https:\/\/swissgliders.ch\/de\/","name":"Gleitschirmschule Thun, Bern, Interlaken","description":"Gleitschirmschule Thun, Bern, Interlaken","publisher":{"@id":"https:\/\/swissgliders.ch\/de\/#organization"},"potentialAction":[{"@type":"SearchAction","target":{"@type":"EntryPoint","urlTemplate":"https:\/\/swissgliders.ch\/de\/?s={search_term_string}"},"query-input":{"@type":"PropertyValueSpecification","valueRequired":true,"valueName":"search_term_string"}}],"inLanguage":"de"},{"@type":"Organization","@id":"https:\/\/swissgliders.ch\/de\/#organization","name":"Swissgliders Gleitschirmflugschule Thun","url":"https:\/\/swissgliders.ch\/de\/","logo":{"@type":"ImageObject","inLanguage":"de","@id":"https:\/\/swissgliders.ch\/de\/#\/schema\/logo\/image\/","url":"https:\/\/swissgliders.ch\/wp-content\/uploads\/2019\/12\/swissgliders-logo-rgb-square-L-no-ch-01.png","contentUrl":"https:\/\/swissgliders.ch\/wp-content\/uploads\/2019\/12\/swissgliders-logo-rgb-square-L-no-ch-01.png","width":2500,"height":2500,"caption":"Swissgliders Gleitschirmflugschule Thun"},"image":{"@id":"https:\/\/swissgliders.ch\/de\/#\/schema\/logo\/image\/"},"sameAs":["https:\/\/www.facebook.com\/swissgliders","https:\/\/x.com\/Swissgliders","https:\/\/www.instagram.com\/swissgliders\/","https:\/\/www.youtube.com\/channel\/UCMCtGdepy9vBhrhX3V_oJOA"],"hasMerchantReturnPolicy":{"@type":"MerchantReturnPolicy","merchantReturnLink":"https:\/\/swissgliders.ch\/de\/allgemeine-geschaftsbedingungen\/"}}]},"og_availability":"instock","product_availability":"instock","product_condition":"new"},"_links":{"self":[{"href":"https:\/\/swissgliders.ch\/de\/wp-json\/wp\/v2\/product\/21652","targetHints":{"allow":["GET"]}}],"collection":[{"href":"https:\/\/swissgliders.ch\/de\/wp-json\/wp\/v2\/product"}],"about":[{"href":"https:\/\/swissgliders.ch\/de\/wp-json\/wp\/v2\/types\/product"}],"replies":[{"embeddable":true,"href":"https:\/\/swissgliders.ch\/de\/wp-json\/wp\/v2\/comments?post=21652"}],"wp:featuredmedia":[{"embeddable":true,"href":"https:\/\/swissgliders.ch\/de\/wp-json\/wp\/v2\/media\/21655"}],"wp:attachment":[{"href":"https:\/\/swissgliders.ch\/de\/wp-json\/wp\/v2\/media?parent=21652"}],"wp:term":[{"taxonomy":"product_brand","embeddable":true,"href":"https:\/\/swissgliders.ch\/de\/wp-json\/wp\/v2\/product_brand?post=21652"},{"taxonomy":"product_cat","embeddable":true,"href":"https:\/\/swissgliders.ch\/de\/wp-json\/wp\/v2\/product_cat?post=21652"},{"taxonomy":"product_tag","embeddable":true,"href":"https:\/\/swissgliders.ch\/de\/wp-json\/wp\/v2\/product_tag?post=21652"}],"curies":[{"name":"wp","href":"https:\/\/api.w.org\/{rel}","templated":true}]}}